{"id":6796,"date":"2025-09-12T14:04:26","date_gmt":"2025-09-12T14:04:26","guid":{"rendered":"https:\/\/allwintheme.com\/?post_type=product&#038;p=6796"},"modified":"2025-09-12T14:10:55","modified_gmt":"2025-09-12T14:10:55","slug":"kadence-cloud-pattern-hub","status":"publish","type":"product","link":"https:\/\/allwintheme.com\/es\/producto\/kadence-cloud-pattern-hub\/","title":{"rendered":"Kadence Cloud - Su centro de patrones para un dise\u00f1o sin fisuras"},"content":{"rendered":"<div data-elementor-type=\"wp-post\" data-elementor-id=\"6796\" class=\"elementor elementor-6796\" data-elementor-settings=\"{&quot;element_pack_global_tooltip_width&quot;:{&quot;unit&quot;:&quot;px&quot;,&quot;size&quot;:&quot;&quot;,&quot;sizes&quot;:[]},&quot;element_pack_global_tooltip_width_tablet&quot;:{&quot;unit&quot;:&quot;px&quot;,&quot;size&quot;:&quot;&quot;,&quot;sizes&quot;:[]},&quot;element_pack_global_tooltip_width_mobile&quot;:{&quot;unit&quot;:&quot;px&quot;,&quot;size&quot;:&quot;&quot;,&quot;sizes&quot;:[]},&quot;element_pack_global_tooltip_padding&quot;:{&quot;unit&quot;:&quot;px&quot;,&quot;top&quot;:&quot;&quot;,&quot;right&quot;:&quot;&quot;,&quot;bottom&quot;:&quot;&quot;,&quot;left&quot;:&quot;&quot;,&quot;isLinked&quot;:true},&quot;element_pack_global_tooltip_padding_tablet&quot;:{&quot;unit&quot;:&quot;px&quot;,&quot;top&quot;:&quot;&quot;,&quot;right&quot;:&quot;&quot;,&quot;bottom&quot;:&quot;&quot;,&quot;left&quot;:&quot;&quot;,&quot;isLinked&quot;:true},&quot;element_pack_global_tooltip_padding_mobile&quot;:{&quot;unit&quot;:&quot;px&quot;,&quot;top&quot;:&quot;&quot;,&quot;right&quot;:&quot;&quot;,&quot;bottom&quot;:&quot;&quot;,&quot;left&quot;:&quot;&quot;,&quot;isLinked&quot;:true},&quot;element_pack_global_tooltip_border_radius&quot;:{&quot;unit&quot;:&quot;px&quot;,&quot;top&quot;:&quot;&quot;,&quot;right&quot;:&quot;&quot;,&quot;bottom&quot;:&quot;&quot;,&quot;left&quot;:&quot;&quot;,&quot;isLinked&quot;:true},&quot;element_pack_global_tooltip_border_radius_tablet&quot;:{&quot;unit&quot;:&quot;px&quot;,&quot;top&quot;:&quot;&quot;,&quot;right&quot;:&quot;&quot;,&quot;bottom&quot;:&quot;&quot;,&quot;left&quot;:&quot;&quot;,&quot;isLinked&quot;:true},&quot;element_pack_global_tooltip_border_radius_mobile&quot;:{&quot;unit&quot;:&quot;px&quot;,&quot;top&quot;:&quot;&quot;,&quot;right&quot;:&quot;&quot;,&quot;bottom&quot;:&quot;&quot;,&quot;left&quot;:&quot;&quot;,&quot;isLinked&quot;:true}}\" data-elementor-post-type=\"product\">\n\t\t\t\t<div class=\"elementor-element elementor-element-93aa4a8 e-con-full e-flex e-con e-parent\" data-id=\"93aa4a8\" data-element_type=\"container\" data-e-type=\"container\">\n\t\t\t\t<div class=\"elementor-element elementor-element-2c3f760 miaoshu elementor-widget elementor-widget-wd_text_block\" data-id=\"2c3f760\" data-element_type=\"widget\" data-e-type=\"widget\" data-widget_type=\"wd_text_block.default\">\n\t\t\t\t<div class=\"elementor-widget-container\">\n\t\t\t\t\t\t\t<div class=\"wd-text-block reset-last-child text-left\">\n\t\t\t\n\t\t\t<h2>Kadence Cloud - Su centro de patrones para un dise\u00f1o sin fisuras<\/h2>\n<p>Mejore su flujo de trabajo de dise\u00f1o web con <strong>Nube Kadence<\/strong>un potente centro de patrones que le permite almacenar, gestionar y desplegar sus elementos de dise\u00f1o favoritos en cualquier sitio web con facilidad. No requiere codificaci\u00f3n ni servidores especializados, sino una forma sencilla y eficaz de crear y compartir tu biblioteca de dise\u00f1os.<\/p>\n\n<h3>\u00bfPor qu\u00e9 Kadence Cloud?<\/h3>\n<p>Kadence Cloud le permite alojar su propia biblioteca de contenido reutilizable, haci\u00e9ndola accesible con un solo clic. Tanto si es dise\u00f1ador web, desarrollador o agencia, Kadence Cloud agiliza el proceso de creaci\u00f3n y organizaci\u00f3n de elementos de dise\u00f1o, ahorr\u00e1ndole tiempo y esfuerzo a la vez que garantiza la coherencia en todos sus proyectos.<\/p>\n\n<h3>C\u00f3mo funciona: Tres sencillos pasos<\/h3>\n<ol>\n    <li><strong>Construye tu biblioteca:<\/strong> Instale Kadence Cloud en un sitio de acceso p\u00fablico, como un subdominio o su propio dominio. Cree contenido como lo har\u00eda normalmente, utilizando sus herramientas preferidas.<\/li>\n    <li><strong>Conecte su biblioteca:<\/strong> Con Kadence Blocks instalado, a\u00f1ada una nueva conexi\u00f3n introduciendo la URL y la clave de acceso de su Pattern Hub a trav\u00e9s del bot\u00f3n de la biblioteca de dise\u00f1os.<\/li>\n    <li><strong>Inserte su contenido:<\/strong> Acceda a su biblioteca en cualquier momento, navegue por sus dise\u00f1os guardados e ins\u00e9rtelos en cualquier sitio web con un solo clic.<\/li>\n<\/ol>\n\n<h3>Caracter\u00edsticas principales de Kadence Cloud<\/h3>\n<p>Kadence Cloud simplifica la gesti\u00f3n de contenidos y el control de acceso, todo ello alojado en su propio servidor. Explore sus s\u00f3lidas funciones:<\/p>\n\n<h4>Gesti\u00f3n de contenidos<\/h4>\n<ul>\n    <li><strong>Organ\u00edcese con facilidad:<\/strong> Almacena y gestiona tus elementos de dise\u00f1o en la nube, con capturas de pantalla autogeneradas para previsualizaciones r\u00e1pidas.<\/li>\n    <li><strong>Organizaci\u00f3n flexible:<\/strong> Agrupe los contenidos por colecciones o categor\u00edas y defina t\u00e9rminos de b\u00fasqueda para facilitar la navegaci\u00f3n.<\/li>\n    <li><strong>Actualizaciones sin esfuerzo:<\/strong> A\u00f1ada nuevos elementos a su biblioteca en cualquier momento, manteniendo sus activos de dise\u00f1o actualizados.<\/li>\n<\/ul>\n\n<h4>Control de acceso<\/h4>\n<ul>\n    <li><strong>Teclas de acceso personalizadas:<\/strong> Genera claves de acceso \u00fanicas para cada usuario, garantizando un acceso personalizado a tu Pattern Hub.<\/li>\n    <li><strong>Permisos granulares:<\/strong> Asigne colecciones espec\u00edficas a claves individuales y establezca tasas de resincronizaci\u00f3n forzada para actualizaciones sin interrupciones.<\/li>\n    <li><strong>Gesti\u00f3n segura:<\/strong> Revoca el acceso o a\u00f1ade notas a las claves para un mejor seguimiento y control.<\/li>\n<\/ul>\n\n<h3>Perfecto para<\/h3>\n<p>Kadence Cloud es ideal para:<\/p>\n<ul>\n    <li>Dise\u00f1adores y desarrolladores web que buscan una biblioteca de dise\u00f1o centralizada<\/li>\n    <li>Agencias que gestionan sitios web de varios clientes<\/li>\n    <li>Equipos creativos que buscan agilizar los flujos de trabajo y mantener la coherencia del dise\u00f1o<\/li>\n<\/ul>\n\n<h3>Introducci\u00f3n a Kadence Cloud<\/h3>\n<p>Tome el control de su proceso de dise\u00f1o con Kadence Cloud. Cree, conecte y despliegue su contenido sin esfuerzo y d\u00e9 vida a su visi\u00f3n creativa en cualquier sitio web. <a href=\"#\">Obtenga Kadence Cloud ahora<\/a> \u00a1y revolucione su flujo de trabajo de dise\u00f1o web!<\/p>\n\t\t\t\t\t<\/div>\n\t\t\t\t\t\t<\/div>\n\t\t\t\t<\/div>\n\t\t\t\t<\/div>\n\t\t\t\t<\/div>","protected":false},"excerpt":{"rendered":"<p>Kadence Cloud - Su centro de patrones para un dise\u00f1o sin fisuras Mejore su flujo de trabajo de dise\u00f1o web con Kadence Cloud, un potente centro de patrones.<\/p>","protected":false},"featured_media":6798,"comment_status":"open","ping_status":"closed","template":"","meta":{"_acf_changed":false},"product_brand":[],"product_cat":[49],"product_tag":[],"class_list":{"0":"post-6796","1":"product","2":"type-product","3":"status-publish","4":"has-post-thumbnail","6":"product_cat-plugins","8":"first","9":"instock","10":"sale","11":"downloadable","12":"shipping-taxable","13":"purchasable","14":"product-type-simple"},"acf":[],"yoast_head":"<!-- This site is optimized with the Yoast SEO Premium plugin v25.6 (Yoast SEO v27.1.1) - https:\/\/yoast.com\/product\/yoast-seo-premium-wordpress\/ -->\n<title>Kadence Cloud - Your Pattern Hub for Seamless Design - AllWin Theme \u2013 Free WordPress Themes Download<\/title>\n<meta name=\"description\" content=\"Elevate your web design workflow with Kadence Cloud, a powerful Pattern Hub that lets you store, manage, and deploy your favorite design elements across any website with ease.\" \/>\n<meta name=\"robots\" content=\"index, follow, max-snippet:-1, max-image-preview:large, max-video-preview:-1\" \/>\n<link rel=\"canonical\" href=\"https:\/\/allwintheme.com\/es\/producto\/kadence-cloud-pattern-hub\/\" \/>\n<meta property=\"og:locale\" content=\"es_ES\" \/>\n<meta property=\"og:type\" content=\"article\" \/>\n<meta property=\"og:title\" content=\"Kadence Cloud - Your Pattern Hub for Seamless Design\" \/>\n<meta property=\"og:description\" content=\"Elevate your web design workflow with Kadence Cloud, a powerful Pattern Hub that lets you store, manage, and deploy your favorite design elements across any website with ease.\" \/>\n<meta property=\"og:url\" content=\"https:\/\/allwintheme.com\/es\/producto\/kadence-cloud-pattern-hub\/\" \/>\n<meta property=\"og:site_name\" content=\"AllWin Theme \u2013 Free WordPress Themes Download\" \/>\n<meta property=\"article:modified_time\" content=\"2025-09-12T14:10:55+00:00\" \/>\n<meta property=\"og:image\" content=\"https:\/\/allwintheme.com\/wp-content\/uploads\/2025\/09\/Kadence-Cloud-Pattern-Hub.png\" \/>\n\t<meta property=\"og:image:width\" content=\"590\" \/>\n\t<meta property=\"og:image:height\" content=\"300\" \/>\n\t<meta property=\"og:image:type\" content=\"image\/png\" \/>\n<meta name=\"twitter:card\" content=\"summary_large_image\" \/>\n<meta name=\"twitter:label1\" content=\"Tiempo estimado de lectura\" \/>\n\t<meta name=\"twitter:data1\" content=\"3 minutos\" \/>\n<script type=\"application\/ld+json\" class=\"yoast-schema-graph\">{\"@context\":\"https:\/\/schema.org\",\"@graph\":[{\"@type\":\"WebPage\",\"@id\":\"https:\/\/allwintheme.com\/product\/kadence-cloud-pattern-hub\/\",\"url\":\"https:\/\/allwintheme.com\/product\/kadence-cloud-pattern-hub\/\",\"name\":\"Kadence Cloud - Your Pattern Hub for Seamless Design - AllWin Theme \u2013 Free WordPress Themes Download\",\"isPartOf\":{\"@id\":\"https:\/\/allwintheme.com\/#website\"},\"primaryImageOfPage\":{\"@id\":\"https:\/\/allwintheme.com\/product\/kadence-cloud-pattern-hub\/#primaryimage\"},\"image\":{\"@id\":\"https:\/\/allwintheme.com\/product\/kadence-cloud-pattern-hub\/#primaryimage\"},\"thumbnailUrl\":\"https:\/\/allwintheme.com\/wp-content\/uploads\/2025\/09\/Kadence-Cloud-Pattern-Hub.png\",\"datePublished\":\"2025-09-12T14:04:26+00:00\",\"dateModified\":\"2025-09-12T14:10:55+00:00\",\"description\":\"Elevate your web design workflow with Kadence Cloud, a powerful Pattern Hub that lets you store, manage, and deploy your favorite design elements across any website with ease.\",\"breadcrumb\":{\"@id\":\"https:\/\/allwintheme.com\/product\/kadence-cloud-pattern-hub\/#breadcrumb\"},\"inLanguage\":\"es-CL\",\"potentialAction\":[{\"@type\":\"ReadAction\",\"target\":[\"https:\/\/allwintheme.com\/product\/kadence-cloud-pattern-hub\/\"]}]},{\"@type\":\"ImageObject\",\"inLanguage\":\"es-CL\",\"@id\":\"https:\/\/allwintheme.com\/product\/kadence-cloud-pattern-hub\/#primaryimage\",\"url\":\"https:\/\/allwintheme.com\/wp-content\/uploads\/2025\/09\/Kadence-Cloud-Pattern-Hub.png\",\"contentUrl\":\"https:\/\/allwintheme.com\/wp-content\/uploads\/2025\/09\/Kadence-Cloud-Pattern-Hub.png\",\"width\":590,\"height\":300,\"caption\":\"Kadence Cloud (Pattern Hub)\"},{\"@type\":\"BreadcrumbList\",\"@id\":\"https:\/\/allwintheme.com\/product\/kadence-cloud-pattern-hub\/#breadcrumb\",\"itemListElement\":[{\"@type\":\"ListItem\",\"position\":1,\"name\":\"Home\",\"item\":\"https:\/\/allwintheme.com\/\"},{\"@type\":\"ListItem\",\"position\":2,\"name\":\"Shop\",\"item\":\"https:\/\/allwintheme.com\/shop\/\"},{\"@type\":\"ListItem\",\"position\":3,\"name\":\"Kadence Cloud &#8211; Your Pattern Hub for Seamless Design\"}]},{\"@type\":\"WebSite\",\"@id\":\"https:\/\/allwintheme.com\/#website\",\"url\":\"https:\/\/allwintheme.com\/\",\"name\":\"Allwintheme\",\"description\":\"Download free WordPress themes for every niche. Blogs, business, eCommerce, portfolio, restaurant and more. All themes are GPL licensed and mobile-ready.\",\"potentialAction\":[{\"@type\":\"SearchAction\",\"target\":{\"@type\":\"EntryPoint\",\"urlTemplate\":\"https:\/\/allwintheme.com\/?s={search_term_string}\"},\"query-input\":{\"@type\":\"PropertyValueSpecification\",\"valueRequired\":true,\"valueName\":\"search_term_string\"}}],\"inLanguage\":\"es-CL\"}]}<\/script>\n<!-- \/ Yoast SEO Premium plugin. -->","yoast_head_json":{"title":"Kadence Cloud - Your Pattern Hub for Seamless Design - AllWin Theme \u2013 Free WordPress Themes Download","description":"Mejore su flujo de trabajo de dise\u00f1o web con Kadence Cloud, un potente centro de patrones que le permite almacenar, gestionar y desplegar sus elementos de dise\u00f1o favoritos en cualquier sitio web con facilidad.","robots":{"index":"index","follow":"follow","max-snippet":"max-snippet:-1","max-image-preview":"max-image-preview:large","max-video-preview":"max-video-preview:-1"},"canonical":"https:\/\/allwintheme.com\/es\/producto\/kadence-cloud-pattern-hub\/","og_locale":"es_ES","og_type":"article","og_title":"Kadence Cloud - Your Pattern Hub for Seamless Design","og_description":"Elevate your web design workflow with Kadence Cloud, a powerful Pattern Hub that lets you store, manage, and deploy your favorite design elements across any website with ease.","og_url":"https:\/\/allwintheme.com\/es\/producto\/kadence-cloud-pattern-hub\/","og_site_name":"AllWin Theme \u2013 Free WordPress Themes Download","article_modified_time":"2025-09-12T14:10:55+00:00","og_image":[{"width":590,"height":300,"url":"https:\/\/allwintheme.com\/wp-content\/uploads\/2025\/09\/Kadence-Cloud-Pattern-Hub.png","type":"image\/png"}],"twitter_card":"summary_large_image","twitter_misc":{"Tiempo estimado de lectura":"3 minutos"},"schema":{"@context":"https:\/\/schema.org","@graph":[{"@type":"WebPage","@id":"https:\/\/allwintheme.com\/product\/kadence-cloud-pattern-hub\/","url":"https:\/\/allwintheme.com\/product\/kadence-cloud-pattern-hub\/","name":"Kadence Cloud - Your Pattern Hub for Seamless Design - AllWin Theme \u2013 Free WordPress Themes Download","isPartOf":{"@id":"https:\/\/allwintheme.com\/#website"},"primaryImageOfPage":{"@id":"https:\/\/allwintheme.com\/product\/kadence-cloud-pattern-hub\/#primaryimage"},"image":{"@id":"https:\/\/allwintheme.com\/product\/kadence-cloud-pattern-hub\/#primaryimage"},"thumbnailUrl":"https:\/\/allwintheme.com\/wp-content\/uploads\/2025\/09\/Kadence-Cloud-Pattern-Hub.png","datePublished":"2025-09-12T14:04:26+00:00","dateModified":"2025-09-12T14:10:55+00:00","description":"Mejore su flujo de trabajo de dise\u00f1o web con Kadence Cloud, un potente centro de patrones que le permite almacenar, gestionar y desplegar sus elementos de dise\u00f1o favoritos en cualquier sitio web con facilidad.","breadcrumb":{"@id":"https:\/\/allwintheme.com\/product\/kadence-cloud-pattern-hub\/#breadcrumb"},"inLanguage":"es-CL","potentialAction":[{"@type":"ReadAction","target":["https:\/\/allwintheme.com\/product\/kadence-cloud-pattern-hub\/"]}]},{"@type":"ImageObject","inLanguage":"es-CL","@id":"https:\/\/allwintheme.com\/product\/kadence-cloud-pattern-hub\/#primaryimage","url":"https:\/\/allwintheme.com\/wp-content\/uploads\/2025\/09\/Kadence-Cloud-Pattern-Hub.png","contentUrl":"https:\/\/allwintheme.com\/wp-content\/uploads\/2025\/09\/Kadence-Cloud-Pattern-Hub.png","width":590,"height":300,"caption":"Kadence Cloud (Pattern Hub)"},{"@type":"BreadcrumbList","@id":"https:\/\/allwintheme.com\/product\/kadence-cloud-pattern-hub\/#breadcrumb","itemListElement":[{"@type":"ListItem","position":1,"name":"Home","item":"https:\/\/allwintheme.com\/"},{"@type":"ListItem","position":2,"name":"Shop","item":"https:\/\/allwintheme.com\/shop\/"},{"@type":"ListItem","position":3,"name":"Kadence Cloud &#8211; Your Pattern Hub for Seamless Design"}]},{"@type":"WebSite","@id":"https:\/\/allwintheme.com\/#website","url":"https:\/\/allwintheme.com\/","name":"Allwintheme","description":"Descarga gratis temas de WordPress para todos los nichos. Blogs, negocios, comercio electr\u00f3nico, portafolio, restaurante y m\u00e1s. Todos los temas tienen licencia GPL y est\u00e1n preparados para dispositivos m\u00f3viles.","potentialAction":[{"@type":"SearchAction","target":{"@type":"EntryPoint","urlTemplate":"https:\/\/allwintheme.com\/?s={search_term_string}"},"query-input":{"@type":"PropertyValueSpecification","valueRequired":true,"valueName":"search_term_string"}}],"inLanguage":"es-CL"}]}},"_links":{"self":[{"href":"https:\/\/allwintheme.com\/es\/wp-json\/wp\/v2\/product\/6796","targetHints":{"allow":["GET"]}}],"collection":[{"href":"https:\/\/allwintheme.com\/es\/wp-json\/wp\/v2\/product"}],"about":[{"href":"https:\/\/allwintheme.com\/es\/wp-json\/wp\/v2\/types\/product"}],"replies":[{"embeddable":true,"href":"https:\/\/allwintheme.com\/es\/wp-json\/wp\/v2\/comments?post=6796"}],"version-history":[{"count":0,"href":"https:\/\/allwintheme.com\/es\/wp-json\/wp\/v2\/product\/6796\/revisions"}],"wp:featuredmedia":[{"embeddable":true,"href":"https:\/\/allwintheme.com\/es\/wp-json\/wp\/v2\/media\/6798"}],"wp:attachment":[{"href":"https:\/\/allwintheme.com\/es\/wp-json\/wp\/v2\/media?parent=6796"}],"wp:term":[{"taxonomy":"product_brand","embeddable":true,"href":"https:\/\/allwintheme.com\/es\/wp-json\/wp\/v2\/product_brand?post=6796"},{"taxonomy":"product_cat","embeddable":true,"href":"https:\/\/allwintheme.com\/es\/wp-json\/wp\/v2\/product_cat?post=6796"},{"taxonomy":"product_tag","embeddable":true,"href":"https:\/\/allwintheme.com\/es\/wp-json\/wp\/v2\/product_tag?post=6796"}],"curies":[{"name":"wp","href":"https:\/\/api.w.org\/{rel}","templated":true}]}}