{"id":6925,"date":"2025-09-14T13:45:47","date_gmt":"2025-09-14T13:45:47","guid":{"rendered":"https:\/\/allwintheme.com\/?post_type=product&#038;p=6925"},"modified":"2025-09-14T13:53:48","modified_gmt":"2025-09-14T13:53:48","slug":"ibid-multi-vendor-auctions-woocommerce-theme","status":"publish","type":"product","link":"https:\/\/allwintheme.com\/es\/producto\/ibid-multi-vendor-auctions-woocommerce-theme\/","title":{"rendered":"iBid - Multi Vendedor Subastas WooCommerce Tema"},"content":{"rendered":"<div data-elementor-type=\"wp-post\" data-elementor-id=\"6925\" class=\"elementor elementor-6925\" data-elementor-settings=\"{&quot;element_pack_global_tooltip_width&quot;:{&quot;unit&quot;:&quot;px&quot;,&quot;size&quot;:&quot;&quot;,&quot;sizes&quot;:[]},&quot;element_pack_global_tooltip_width_tablet&quot;:{&quot;unit&quot;:&quot;px&quot;,&quot;size&quot;:&quot;&quot;,&quot;sizes&quot;:[]},&quot;element_pack_global_tooltip_width_mobile&quot;:{&quot;unit&quot;:&quot;px&quot;,&quot;size&quot;:&quot;&quot;,&quot;sizes&quot;:[]},&quot;element_pack_global_tooltip_padding&quot;:{&quot;unit&quot;:&quot;px&quot;,&quot;top&quot;:&quot;&quot;,&quot;right&quot;:&quot;&quot;,&quot;bottom&quot;:&quot;&quot;,&quot;left&quot;:&quot;&quot;,&quot;isLinked&quot;:true},&quot;element_pack_global_tooltip_padding_tablet&quot;:{&quot;unit&quot;:&quot;px&quot;,&quot;top&quot;:&quot;&quot;,&quot;right&quot;:&quot;&quot;,&quot;bottom&quot;:&quot;&quot;,&quot;left&quot;:&quot;&quot;,&quot;isLinked&quot;:true},&quot;element_pack_global_tooltip_padding_mobile&quot;:{&quot;unit&quot;:&quot;px&quot;,&quot;top&quot;:&quot;&quot;,&quot;right&quot;:&quot;&quot;,&quot;bottom&quot;:&quot;&quot;,&quot;left&quot;:&quot;&quot;,&quot;isLinked&quot;:true},&quot;element_pack_global_tooltip_border_radius&quot;:{&quot;unit&quot;:&quot;px&quot;,&quot;top&quot;:&quot;&quot;,&quot;right&quot;:&quot;&quot;,&quot;bottom&quot;:&quot;&quot;,&quot;left&quot;:&quot;&quot;,&quot;isLinked&quot;:true},&quot;element_pack_global_tooltip_border_radius_tablet&quot;:{&quot;unit&quot;:&quot;px&quot;,&quot;top&quot;:&quot;&quot;,&quot;right&quot;:&quot;&quot;,&quot;bottom&quot;:&quot;&quot;,&quot;left&quot;:&quot;&quot;,&quot;isLinked&quot;:true},&quot;element_pack_global_tooltip_border_radius_mobile&quot;:{&quot;unit&quot;:&quot;px&quot;,&quot;top&quot;:&quot;&quot;,&quot;right&quot;:&quot;&quot;,&quot;bottom&quot;:&quot;&quot;,&quot;left&quot;:&quot;&quot;,&quot;isLinked&quot;:true}}\" data-elementor-post-type=\"product\">\n\t\t\t\t<div class=\"elementor-element elementor-element-93aa4a8 e-con-full e-flex e-con e-parent\" data-id=\"93aa4a8\" data-element_type=\"container\" data-e-type=\"container\">\n\t\t\t\t<div class=\"elementor-element elementor-element-2c3f760 miaoshu elementor-widget elementor-widget-wd_text_block\" data-id=\"2c3f760\" data-element_type=\"widget\" data-e-type=\"widget\" data-widget_type=\"wd_text_block.default\">\n\t\t\t\t<div class=\"elementor-widget-container\">\n\t\t\t\t\t\t\t<div class=\"wd-text-block reset-last-child text-left\">\n\t\t\t\n\t\t\t<h2>iBid - Multi Vendedor Subastas WooCommerce Tema<\/h2>\n<p>En <strong>iBid WooCommerce Tema<\/strong> es una soluci\u00f3n completa para crear potentes mercados de subastas en l\u00ednea y de m\u00faltiples vendedores. Dise\u00f1ado con la flexibilidad y el rendimiento en mente, iBid le permite construir sitios web donde los vendedores pueden listar art\u00edculos para subasta o venta, y los clientes pueden f\u00e1cilmente pujar o comprar productos.<\/p>\n\n<h3>Perfecto para sitios web de subastas y mercados<\/h3>\n<p>Tanto si est\u00e1 creando un sitio de subastas especializado como un mercado de comercio electr\u00f3nico a gran escala, iBid le ofrece todas las herramientas que necesita. Soporta tanto <strong>proveedor \u00fanico<\/strong> y <strong>varios proveedores<\/strong> lo que lo hace adecuado para:<\/p>\n<ul>\n  <li>Subastas de electr\u00f3nica y gadgets<\/li>\n  <li>Mercados de arte y coleccionismo<\/li>\n  <li>Plataformas de pujas de moda y accesorios<\/li>\n  <li>Tiendas generales de comercio electr\u00f3nico con opciones de subasta<\/li>\n<\/ul>\n\n<h3>Caracter\u00edsticas principales:<\/h3>\n<ul>\n  <li>Funcionalidad de subasta integrada con WooCommerce<\/li>\n  <li>Compatibilidad con varios proveedores (Dokan, WCFM, WC Vendors)<\/li>\n  <li>P\u00e1ginas personalizadas de productos y proveedores<\/li>\n  <li>Totalmente adaptable y optimizado para m\u00f3viles<\/li>\n  <li>F\u00e1cil personalizaci\u00f3n con Elementor<\/li>\n<\/ul>\n\n<h3>\u00bfPor qu\u00e9 elegir iBid?<\/h3>\n<p>A diferencia de los temas tradicionales de WooCommerce, iBid se centra en <strong>caracter\u00edsticas listas para subasta<\/strong> que facilitan la creaci\u00f3n de sistemas de pujas, la gesti\u00f3n de vendedores y el funcionamiento de un mercado en l\u00ednea din\u00e1mico. Su moderno dise\u00f1o y sus potentes integraciones garantizan que su sitio sea profesional, escalable y f\u00e1cil de usar.<\/p>\n\n<p>Con iBid, puede crear una plataforma de subastas en l\u00ednea o mercado en poco tiempo, combinando el poder de WooCommerce con la flexibilidad de m\u00faltiples proveedores.<\/p>\n\t\t\t\t\t<\/div>\n\t\t\t\t\t\t<\/div>\n\t\t\t\t<\/div>\n\t\t\t\t<\/div>\n\t\t\t\t<\/div>","protected":false},"excerpt":{"rendered":"<p>iBid \u2013 Multi Vendor Auctions WooCommerce Theme The iBid WooCommerce Theme is a complete solution for creating powerful online auction<\/p>","protected":false},"featured_media":6809,"comment_status":"open","ping_status":"closed","template":"","meta":{"_acf_changed":false},"product_brand":[],"product_cat":[48],"product_tag":[],"class_list":{"0":"post-6925","1":"product","2":"type-product","3":"status-publish","4":"has-post-thumbnail","6":"product_cat-themes","8":"first","9":"instock","10":"sale","11":"downloadable","12":"shipping-taxable","13":"purchasable","14":"product-type-simple"},"acf":[],"yoast_head":"<!-- This site is optimized with the Yoast SEO Premium plugin v25.6 (Yoast SEO v27.1.1) - https:\/\/yoast.com\/product\/yoast-seo-premium-wordpress\/ -->\n<title>iBid \u2013 Multi Vendor Auctions WooCommerce Theme - AllWin Theme \u2013 Free WordPress Themes Download<\/title>\n<meta name=\"description\" content=\"Launch your own auction marketplace with iBid, a WooCommerce theme built for multi-vendor bidding, eCommerce, and online stores.\" \/>\n<meta name=\"robots\" content=\"index, follow, max-snippet:-1, max-image-preview:large, max-video-preview:-1\" \/>\n<link rel=\"canonical\" href=\"https:\/\/allwintheme.com\/es\/producto\/ibid-multi-vendor-auctions-woocommerce-theme\/\" \/>\n<meta property=\"og:locale\" content=\"es_ES\" \/>\n<meta property=\"og:type\" content=\"article\" \/>\n<meta property=\"og:title\" content=\"iBid \u2013 Multi Vendor Auctions WooCommerce Theme\" \/>\n<meta property=\"og:description\" content=\"Launch your own auction marketplace with iBid, a WooCommerce theme built for multi-vendor bidding, eCommerce, and online stores.\" \/>\n<meta property=\"og:url\" content=\"https:\/\/allwintheme.com\/es\/producto\/ibid-multi-vendor-auctions-woocommerce-theme\/\" \/>\n<meta property=\"og:site_name\" content=\"AllWin Theme \u2013 Free WordPress Themes Download\" \/>\n<meta property=\"article:modified_time\" content=\"2025-09-14T13:53:48+00:00\" \/>\n<meta property=\"og:image\" content=\"https:\/\/allwintheme.com\/wp-content\/uploads\/2025\/09\/06t6m3cl.png\" \/>\n\t<meta property=\"og:image:width\" content=\"590\" \/>\n\t<meta property=\"og:image:height\" content=\"300\" \/>\n\t<meta property=\"og:image:type\" content=\"image\/png\" \/>\n<meta name=\"twitter:card\" content=\"summary_large_image\" \/>\n<meta name=\"twitter:label1\" content=\"Tiempo estimado de lectura\" \/>\n\t<meta name=\"twitter:data1\" content=\"2 minutos\" \/>\n<script type=\"application\/ld+json\" class=\"yoast-schema-graph\">{\"@context\":\"https:\/\/schema.org\",\"@graph\":[{\"@type\":\"WebPage\",\"@id\":\"https:\/\/allwintheme.com\/product\/ibid-multi-vendor-auctions-woocommerce-theme\/\",\"url\":\"https:\/\/allwintheme.com\/product\/ibid-multi-vendor-auctions-woocommerce-theme\/\",\"name\":\"iBid \u2013 Multi Vendor Auctions WooCommerce Theme - AllWin Theme \u2013 Free WordPress Themes Download\",\"isPartOf\":{\"@id\":\"https:\/\/allwintheme.com\/#website\"},\"primaryImageOfPage\":{\"@id\":\"https:\/\/allwintheme.com\/product\/ibid-multi-vendor-auctions-woocommerce-theme\/#primaryimage\"},\"image\":{\"@id\":\"https:\/\/allwintheme.com\/product\/ibid-multi-vendor-auctions-woocommerce-theme\/#primaryimage\"},\"thumbnailUrl\":\"https:\/\/allwintheme.com\/wp-content\/uploads\/2025\/09\/06t6m3cl.png\",\"datePublished\":\"2025-09-14T13:45:47+00:00\",\"dateModified\":\"2025-09-14T13:53:48+00:00\",\"description\":\"Launch your own auction marketplace with iBid, a WooCommerce theme built for multi-vendor bidding, eCommerce, and online stores.\",\"breadcrumb\":{\"@id\":\"https:\/\/allwintheme.com\/product\/ibid-multi-vendor-auctions-woocommerce-theme\/#breadcrumb\"},\"inLanguage\":\"es-CL\",\"potentialAction\":[{\"@type\":\"ReadAction\",\"target\":[\"https:\/\/allwintheme.com\/product\/ibid-multi-vendor-auctions-woocommerce-theme\/\"]}]},{\"@type\":\"ImageObject\",\"inLanguage\":\"es-CL\",\"@id\":\"https:\/\/allwintheme.com\/product\/ibid-multi-vendor-auctions-woocommerce-theme\/#primaryimage\",\"url\":\"https:\/\/allwintheme.com\/wp-content\/uploads\/2025\/09\/06t6m3cl.png\",\"contentUrl\":\"https:\/\/allwintheme.com\/wp-content\/uploads\/2025\/09\/06t6m3cl.png\",\"width\":590,\"height\":300,\"caption\":\"iBid Multi Vendor Auctions WooCommerce Theme\"},{\"@type\":\"BreadcrumbList\",\"@id\":\"https:\/\/allwintheme.com\/product\/ibid-multi-vendor-auctions-woocommerce-theme\/#breadcrumb\",\"itemListElement\":[{\"@type\":\"ListItem\",\"position\":1,\"name\":\"Home\",\"item\":\"https:\/\/allwintheme.com\/\"},{\"@type\":\"ListItem\",\"position\":2,\"name\":\"Shop\",\"item\":\"https:\/\/allwintheme.com\/shop\/\"},{\"@type\":\"ListItem\",\"position\":3,\"name\":\"iBid \u2013 Multi Vendor Auctions WooCommerce Theme\"}]},{\"@type\":\"WebSite\",\"@id\":\"https:\/\/allwintheme.com\/#website\",\"url\":\"https:\/\/allwintheme.com\/\",\"name\":\"Allwintheme\",\"description\":\"Download free WordPress themes for every niche. Blogs, business, eCommerce, portfolio, restaurant and more. All themes are GPL licensed and mobile-ready.\",\"potentialAction\":[{\"@type\":\"SearchAction\",\"target\":{\"@type\":\"EntryPoint\",\"urlTemplate\":\"https:\/\/allwintheme.com\/?s={search_term_string}\"},\"query-input\":{\"@type\":\"PropertyValueSpecification\",\"valueRequired\":true,\"valueName\":\"search_term_string\"}}],\"inLanguage\":\"es-CL\"}]}<\/script>\n<!-- \/ Yoast SEO Premium plugin. -->","yoast_head_json":{"title":"iBid \u2013 Multi Vendor Auctions WooCommerce Theme - AllWin Theme \u2013 Free WordPress Themes Download","description":"Lanza tu propio mercado de subastas con iBid, un tema de WooCommerce creado para pujas multiproveedor, comercio electr\u00f3nico y tiendas online.","robots":{"index":"index","follow":"follow","max-snippet":"max-snippet:-1","max-image-preview":"max-image-preview:large","max-video-preview":"max-video-preview:-1"},"canonical":"https:\/\/allwintheme.com\/es\/producto\/ibid-multi-vendor-auctions-woocommerce-theme\/","og_locale":"es_ES","og_type":"article","og_title":"iBid \u2013 Multi Vendor Auctions WooCommerce Theme","og_description":"Launch your own auction marketplace with iBid, a WooCommerce theme built for multi-vendor bidding, eCommerce, and online stores.","og_url":"https:\/\/allwintheme.com\/es\/producto\/ibid-multi-vendor-auctions-woocommerce-theme\/","og_site_name":"AllWin Theme \u2013 Free WordPress Themes Download","article_modified_time":"2025-09-14T13:53:48+00:00","og_image":[{"width":590,"height":300,"url":"https:\/\/allwintheme.com\/wp-content\/uploads\/2025\/09\/06t6m3cl.png","type":"image\/png"}],"twitter_card":"summary_large_image","twitter_misc":{"Tiempo estimado de lectura":"2 minutos"},"schema":{"@context":"https:\/\/schema.org","@graph":[{"@type":"WebPage","@id":"https:\/\/allwintheme.com\/product\/ibid-multi-vendor-auctions-woocommerce-theme\/","url":"https:\/\/allwintheme.com\/product\/ibid-multi-vendor-auctions-woocommerce-theme\/","name":"iBid \u2013 Multi Vendor Auctions WooCommerce Theme - AllWin Theme \u2013 Free WordPress Themes Download","isPartOf":{"@id":"https:\/\/allwintheme.com\/#website"},"primaryImageOfPage":{"@id":"https:\/\/allwintheme.com\/product\/ibid-multi-vendor-auctions-woocommerce-theme\/#primaryimage"},"image":{"@id":"https:\/\/allwintheme.com\/product\/ibid-multi-vendor-auctions-woocommerce-theme\/#primaryimage"},"thumbnailUrl":"https:\/\/allwintheme.com\/wp-content\/uploads\/2025\/09\/06t6m3cl.png","datePublished":"2025-09-14T13:45:47+00:00","dateModified":"2025-09-14T13:53:48+00:00","description":"Lanza tu propio mercado de subastas con iBid, un tema de WooCommerce creado para pujas multiproveedor, comercio electr\u00f3nico y tiendas online.","breadcrumb":{"@id":"https:\/\/allwintheme.com\/product\/ibid-multi-vendor-auctions-woocommerce-theme\/#breadcrumb"},"inLanguage":"es-CL","potentialAction":[{"@type":"ReadAction","target":["https:\/\/allwintheme.com\/product\/ibid-multi-vendor-auctions-woocommerce-theme\/"]}]},{"@type":"ImageObject","inLanguage":"es-CL","@id":"https:\/\/allwintheme.com\/product\/ibid-multi-vendor-auctions-woocommerce-theme\/#primaryimage","url":"https:\/\/allwintheme.com\/wp-content\/uploads\/2025\/09\/06t6m3cl.png","contentUrl":"https:\/\/allwintheme.com\/wp-content\/uploads\/2025\/09\/06t6m3cl.png","width":590,"height":300,"caption":"iBid Multi Vendor Auctions WooCommerce Theme"},{"@type":"BreadcrumbList","@id":"https:\/\/allwintheme.com\/product\/ibid-multi-vendor-auctions-woocommerce-theme\/#breadcrumb","itemListElement":[{"@type":"ListItem","position":1,"name":"Home","item":"https:\/\/allwintheme.com\/"},{"@type":"ListItem","position":2,"name":"Shop","item":"https:\/\/allwintheme.com\/shop\/"},{"@type":"ListItem","position":3,"name":"iBid \u2013 Multi Vendor Auctions WooCommerce Theme"}]},{"@type":"WebSite","@id":"https:\/\/allwintheme.com\/#website","url":"https:\/\/allwintheme.com\/","name":"Allwintheme","description":"Descarga gratis temas de WordPress para todos los nichos. Blogs, negocios, comercio electr\u00f3nico, portafolio, restaurante y m\u00e1s. Todos los temas tienen licencia GPL y est\u00e1n preparados para dispositivos m\u00f3viles.","potentialAction":[{"@type":"SearchAction","target":{"@type":"EntryPoint","urlTemplate":"https:\/\/allwintheme.com\/?s={search_term_string}"},"query-input":{"@type":"PropertyValueSpecification","valueRequired":true,"valueName":"search_term_string"}}],"inLanguage":"es-CL"}]}},"_links":{"self":[{"href":"https:\/\/allwintheme.com\/es\/wp-json\/wp\/v2\/product\/6925","targetHints":{"allow":["GET"]}}],"collection":[{"href":"https:\/\/allwintheme.com\/es\/wp-json\/wp\/v2\/product"}],"about":[{"href":"https:\/\/allwintheme.com\/es\/wp-json\/wp\/v2\/types\/product"}],"replies":[{"embeddable":true,"href":"https:\/\/allwintheme.com\/es\/wp-json\/wp\/v2\/comments?post=6925"}],"version-history":[{"count":0,"href":"https:\/\/allwintheme.com\/es\/wp-json\/wp\/v2\/product\/6925\/revisions"}],"wp:featuredmedia":[{"embeddable":true,"href":"https:\/\/allwintheme.com\/es\/wp-json\/wp\/v2\/media\/6809"}],"wp:attachment":[{"href":"https:\/\/allwintheme.com\/es\/wp-json\/wp\/v2\/media?parent=6925"}],"wp:term":[{"taxonomy":"product_brand","embeddable":true,"href":"https:\/\/allwintheme.com\/es\/wp-json\/wp\/v2\/product_brand?post=6925"},{"taxonomy":"product_cat","embeddable":true,"href":"https:\/\/allwintheme.com\/es\/wp-json\/wp\/v2\/product_cat?post=6925"},{"taxonomy":"product_tag","embeddable":true,"href":"https:\/\/allwintheme.com\/es\/wp-json\/wp\/v2\/product_tag?post=6925"}],"curies":[{"name":"wp","href":"https:\/\/api.w.org\/{rel}","templated":true}]}}