{"id":7222,"date":"2025-09-15T13:22:28","date_gmt":"2025-09-15T13:22:28","guid":{"rendered":"https:\/\/allwintheme.com\/?post_type=product&#038;p=7222"},"modified":"2025-09-15T13:28:54","modified_gmt":"2025-09-15T13:28:54","slug":"petroleum-oil-gas-company-responsive-wordpress-theme","status":"publish","type":"product","link":"https:\/\/allwintheme.com\/es\/producto\/petroleum-oil-gas-company-responsive-wordpress-theme\/","title":{"rendered":"Petroleum - Oil &amp; Gas Company Responsive WordPress Theme"},"content":{"rendered":"<div data-elementor-type=\"wp-post\" data-elementor-id=\"7222\" class=\"elementor elementor-7222\" data-elementor-settings=\"{&quot;element_pack_global_tooltip_width&quot;:{&quot;unit&quot;:&quot;px&quot;,&quot;size&quot;:&quot;&quot;,&quot;sizes&quot;:[]},&quot;element_pack_global_tooltip_width_tablet&quot;:{&quot;unit&quot;:&quot;px&quot;,&quot;size&quot;:&quot;&quot;,&quot;sizes&quot;:[]},&quot;element_pack_global_tooltip_width_mobile&quot;:{&quot;unit&quot;:&quot;px&quot;,&quot;size&quot;:&quot;&quot;,&quot;sizes&quot;:[]},&quot;element_pack_global_tooltip_padding&quot;:{&quot;unit&quot;:&quot;px&quot;,&quot;top&quot;:&quot;&quot;,&quot;right&quot;:&quot;&quot;,&quot;bottom&quot;:&quot;&quot;,&quot;left&quot;:&quot;&quot;,&quot;isLinked&quot;:true},&quot;element_pack_global_tooltip_padding_tablet&quot;:{&quot;unit&quot;:&quot;px&quot;,&quot;top&quot;:&quot;&quot;,&quot;right&quot;:&quot;&quot;,&quot;bottom&quot;:&quot;&quot;,&quot;left&quot;:&quot;&quot;,&quot;isLinked&quot;:true},&quot;element_pack_global_tooltip_padding_mobile&quot;:{&quot;unit&quot;:&quot;px&quot;,&quot;top&quot;:&quot;&quot;,&quot;right&quot;:&quot;&quot;,&quot;bottom&quot;:&quot;&quot;,&quot;left&quot;:&quot;&quot;,&quot;isLinked&quot;:true},&quot;element_pack_global_tooltip_border_radius&quot;:{&quot;unit&quot;:&quot;px&quot;,&quot;top&quot;:&quot;&quot;,&quot;right&quot;:&quot;&quot;,&quot;bottom&quot;:&quot;&quot;,&quot;left&quot;:&quot;&quot;,&quot;isLinked&quot;:true},&quot;element_pack_global_tooltip_border_radius_tablet&quot;:{&quot;unit&quot;:&quot;px&quot;,&quot;top&quot;:&quot;&quot;,&quot;right&quot;:&quot;&quot;,&quot;bottom&quot;:&quot;&quot;,&quot;left&quot;:&quot;&quot;,&quot;isLinked&quot;:true},&quot;element_pack_global_tooltip_border_radius_mobile&quot;:{&quot;unit&quot;:&quot;px&quot;,&quot;top&quot;:&quot;&quot;,&quot;right&quot;:&quot;&quot;,&quot;bottom&quot;:&quot;&quot;,&quot;left&quot;:&quot;&quot;,&quot;isLinked&quot;:true}}\" data-elementor-post-type=\"product\">\n\t\t\t\t<div class=\"elementor-element elementor-element-93aa4a8 e-con-full e-flex e-con e-parent\" data-id=\"93aa4a8\" data-element_type=\"container\" data-e-type=\"container\">\n\t\t\t\t<div class=\"elementor-element elementor-element-2c3f760 miaoshu elementor-widget elementor-widget-wd_text_block\" data-id=\"2c3f760\" data-element_type=\"widget\" data-e-type=\"widget\" data-widget_type=\"wd_text_block.default\">\n\t\t\t\t<div class=\"elementor-widget-container\">\n\t\t\t\t\t\t\t<div class=\"wd-text-block reset-last-child text-left\">\n\t\t\t\n\t\t\t<h2>Acerca de Petroleum &amp; Gas WordPress Theme<\/h2>\n<p>Petroleum &amp; Gas WordPress Theme est\u00e1 dise\u00f1ado para satisfacer las necesidades de las empresas que trabajan en los sectores de la energ\u00eda, el petr\u00f3leo y el gas. Creado teniendo en cuenta la capacidad de respuesta, garantiza que su sitio web tenga un aspecto profesional y funcione a la perfecci\u00f3n en todos los dispositivos. Tanto si eres un proveedor global de energ\u00eda, un operador regional o una startup que explora nuevas oportunidades, este tema te proporciona las herramientas para mostrar tu experiencia, fortalecer tu marca y conectar con tus clientes de forma m\u00e1s efectiva.<\/p>\n\n<h2>Por qu\u00e9 elegir este tema<\/h2>\n<p>Las empresas energ\u00e9ticas y petroleras se enfrentan a retos \u00fanicos a la hora de comunicar sus servicios y capacidades. Petroleum &amp; Gas WordPress Theme est\u00e1 dise\u00f1ado para resaltar exactamente lo que hace que su empresa destaque. Desde la exploraci\u00f3n y perforaci\u00f3n hasta la producci\u00f3n, procesamiento y distribuci\u00f3n, el tema le permite presentar cada etapa de sus operaciones de una manera limpia y estructurada. El dise\u00f1o intuitivo y personalizable le permite contar su historia con claridad y generar confianza con clientes y socios.<\/p>\n\n<h2>Presentaci\u00f3n de servicios y proyectos<\/h2>\n<p>Una de las caracter\u00edsticas m\u00e1s potentes del tema son sus secciones dedicadas a Servicios y Proyectos. Estas secciones est\u00e1n dise\u00f1adas para que sus visitantes comprendan claramente qu\u00e9 ofrece y c\u00f3mo obtiene resultados. Por ejemplo, puede describir servicios de exploraci\u00f3n y perforaci\u00f3n, operaciones de transporte y almacenamiento, y actividades de refinado y transformaci\u00f3n. Tambi\u00e9n puede presentar proyectos concretos para demostrar su experiencia, sus indicadores de rendimiento y su compromiso con las normas del sector. Al combinar texto informativo con im\u00e1genes profesionales, sus servicios y proyectos resultan accesibles y atractivos para los clientes potenciales.<\/p>\n\n<h2>Comunicaci\u00f3n profesional y marca<\/h2>\n<p>La comunicaci\u00f3n eficaz es clave en el sector del petr\u00f3leo y el gas, donde los clientes exigen fiabilidad y profesionalidad. Con este tema es f\u00e1cil destacar los valores, objetivos y logros de tu empresa. Con dise\u00f1os cuidadosamente elaborados, puedes mostrar certificaciones, normas de seguridad e iniciativas de sostenibilidad que son importantes para crear credibilidad a largo plazo. El dise\u00f1o garantiza la coherencia de su identidad de marca al tiempo que ofrece flexibilidad para la personalizaci\u00f3n, de modo que su sitio web represente realmente qui\u00e9n es usted como empresa.<\/p>\n\n<h2>Gesti\u00f3n y automatizaci\u00f3n de procesos<\/h2>\n<p>M\u00e1s all\u00e1 de la presentaci\u00f3n de su empresa, el tema tambi\u00e9n reconoce el creciente papel de la automatizaci\u00f3n y la gesti\u00f3n de procesos en el sector energ\u00e9tico. Los visitantes podr\u00e1n conocer sus conocimientos t\u00e9cnicos, soluciones innovadoras y capacidades avanzadas en la gesti\u00f3n de procesos, desde las operaciones de campo hasta la log\u00edstica y el refino. Mediante la integraci\u00f3n de contenidos sobre tecnolog\u00eda e innovaci\u00f3n, puede posicionar a su empresa como una empresa con visi\u00f3n de futuro y preparada para satisfacer las cambiantes demandas del sector.<\/p>\n\n<h2>Blog y marketing de contenidos<\/h2>\n<p>La funci\u00f3n de blog integrada ofrece a su empresa una plataforma para compartir informaci\u00f3n sobre el sector, actualizaciones de la empresa y contenido de liderazgo intelectual. Mantener un blog activo le ayuda a atraer suscriptores, mejorar la visibilidad en los motores de b\u00fasqueda y establecer relaciones m\u00e1s s\u00f3lidas con su p\u00fablico. Puede publicar art\u00edculos sobre nuevos proyectos, avances en tecnolog\u00eda energ\u00e9tica, tendencias del mercado e iniciativas de sostenibilidad. Esto no s\u00f3lo refuerza la presencia en l\u00ednea de su empresa, sino que tambi\u00e9n demuestra experiencia y transparencia.<\/p>\n\n<h2>Dise\u00f1o adaptable y f\u00e1cil de usar<\/h2>\n<p>En el mundo digital actual, sus clientes esperan un acceso fluido a la informaci\u00f3n, tanto si est\u00e1n en la oficina como si se desplazan. El tema de WordPress Petroleum &amp; Gas es totalmente responsive y se adapta a diferentes tama\u00f1os de pantalla sin perder claridad ni funcionalidad. La navegaci\u00f3n f\u00e1cil de usar garantiza que los visitantes puedan encontrar la informaci\u00f3n r\u00e1pidamente, reduciendo la fricci\u00f3n y mejorando la experiencia general del usuario. Con un rendimiento optimizado y una codificaci\u00f3n limpia, el sitio se carga r\u00e1pidamente y funciona sin problemas en todos los navegadores y dispositivos.<\/p>\n\n<h2>Opciones de personalizaci\u00f3n<\/h2>\n<p>No hay dos empresas energ\u00e9ticas iguales, y su sitio web debe reflejar esa singularidad. El tema ofrece amplias opciones de personalizaci\u00f3n, que permiten ajustar dise\u00f1os, esquemas de color, tipograf\u00eda y bloques de contenido. Tanto si quieres mantener un aspecto corporativo conservador como adoptar un dise\u00f1o m\u00e1s moderno e innovador, puedes adaptar el tema a tu marca. El proceso de personalizaci\u00f3n es sencillo, lo que le permite realizar cambios sin necesidad de conocimientos t\u00e9cnicos avanzados.<\/p>\n\n<h2>Integraci\u00f3n con herramientas esenciales<\/h2>\n<p>Las empresas modernas dependen de una serie de herramientas para funcionar con eficacia, y este tema se ha creado pensando en la compatibilidad. Se integra a la perfecci\u00f3n con los plugins de WordPress m\u00e1s populares para SEO, formularios de contacto, an\u00e1lisis y seguridad. Esto significa que puede mejorar la funcionalidad de su sitio sin comprometer el rendimiento. Ya se trate de captar clientes potenciales, hacer un seguimiento del tr\u00e1fico del sitio web o garantizar la seguridad de los datos, el tema es compatible con las herramientas que necesitas para tener una presencia en l\u00ednea profesional.<\/p>\n\n<h2>Generar confianza en el cliente<\/h2>\n<p>En sectores como el del petr\u00f3leo y el gas, la confianza lo es todo. Los clientes quieren tener la seguridad de que trabajan con un socio fiable capaz de ofrecer resultados constantes. El tema le permite destacar testimonios de clientes, estudios de casos y m\u00e9tricas de rendimiento probadas. Al presentar pruebas de su trayectoria y demostrar su capacidad para superar retos complejos, crear\u00e1 una base m\u00e1s s\u00f3lida para generar confianza y conseguir nuevas oportunidades de negocio.<\/p>\n\n<h2>Sostenibilidad y perspectivas de futuro<\/h2>\n<p>El sector energ\u00e9tico est\u00e1 experimentando una transformaci\u00f3n significativa, con un \u00e9nfasis creciente en la sostenibilidad y la innovaci\u00f3n. El tema de WordPress Petroleum &amp; Gas le ofrece el espacio necesario para mostrar las iniciativas de su empresa en materia de energ\u00edas renovables, responsabilidad medioambiental y gesti\u00f3n eficiente de los recursos. Destacar estos esfuerzos no s\u00f3lo satisface las expectativas del cliente, sino que tambi\u00e9n posiciona a su empresa como un l\u00edder con visi\u00f3n de futuro comprometido con la configuraci\u00f3n del futuro de la energ\u00eda.<\/p>\n\n<h2>Conclusi\u00f3n<\/h2>\n<p>Petroleum &amp; Gas WordPress Theme es m\u00e1s que una plantilla de sitio web: es una soluci\u00f3n completa para presentar su empresa de forma profesional y convincente. Desde la presentaci\u00f3n de servicios y proyectos hasta la comunicaci\u00f3n de valores y experiencia, le proporciona las herramientas necesarias para captar clientes y reforzar su presencia en Internet. Con un dise\u00f1o adaptable, opciones de personalizaci\u00f3n e integraci\u00f3n con herramientas esenciales, se ha creado para adaptarse a las necesidades \u00fanicas de su empresa, al tiempo que apoya el crecimiento en un sector competitivo. Si su negocio est\u00e1 listo para elevar su presencia digital y conectar m\u00e1s eficazmente con los clientes, el tema de WordPress Petroleum &amp; Gas es la soluci\u00f3n que ha estado buscando.<\/p>\n\t\t\t\t\t<\/div>\n\t\t\t\t\t\t<\/div>\n\t\t\t\t<\/div>\n\t\t\t\t<\/div>\n\t\t\t\t<\/div>","protected":false},"excerpt":{"rendered":"<p>Acerca del tema de WordPress Petroleum &amp; Gas El tema de WordPress Petroleum &amp; Gas est\u00e1 dise\u00f1ado para satisfacer las necesidades de<\/p>","protected":false},"featured_media":7223,"comment_status":"open","ping_status":"closed","template":"","meta":{"_acf_changed":false},"product_brand":[],"product_cat":[48],"product_tag":[],"class_list":{"0":"post-7222","1":"product","2":"type-product","3":"status-publish","4":"has-post-thumbnail","6":"product_cat-themes","8":"first","9":"instock","10":"sale","11":"downloadable","12":"shipping-taxable","13":"purchasable","14":"product-type-simple"},"acf":[],"yoast_head":"<!-- This site is optimized with the Yoast SEO Premium plugin v25.6 (Yoast SEO v27.1.1) - https:\/\/yoast.com\/product\/yoast-seo-premium-wordpress\/ -->\n<title>Petroleum \u2013 Oil &amp; Gas Company Responsive WordPress Theme - AllWin Theme \u2013 Free WordPress Themes Download<\/title>\n<meta name=\"description\" content=\"A responsive WordPress theme tailored for oil and gas companies to showcase services, projects, and industry expertise.\" \/>\n<meta name=\"robots\" content=\"index, follow, max-snippet:-1, max-image-preview:large, max-video-preview:-1\" \/>\n<link rel=\"canonical\" href=\"https:\/\/allwintheme.com\/es\/producto\/petroleum-oil-gas-company-responsive-wordpress-theme\/\" \/>\n<meta property=\"og:locale\" content=\"es_ES\" \/>\n<meta property=\"og:type\" content=\"article\" \/>\n<meta property=\"og:title\" content=\"Petroleum \u2013 Oil &amp; Gas Company Responsive WordPress Theme\" \/>\n<meta property=\"og:description\" content=\"A responsive WordPress theme tailored for oil and gas companies to showcase services, projects, and industry expertise.\" \/>\n<meta property=\"og:url\" content=\"https:\/\/allwintheme.com\/es\/producto\/petroleum-oil-gas-company-responsive-wordpress-theme\/\" \/>\n<meta property=\"og:site_name\" content=\"AllWin Theme \u2013 Free WordPress Themes Download\" \/>\n<meta property=\"article:modified_time\" content=\"2025-09-15T13:28:54+00:00\" \/>\n<meta property=\"og:image\" content=\"https:\/\/allwintheme.com\/wp-content\/uploads\/2025\/09\/f15jyb9a.png\" \/>\n\t<meta property=\"og:image:width\" content=\"768\" \/>\n\t<meta property=\"og:image:height\" content=\"480\" \/>\n\t<meta property=\"og:image:type\" content=\"image\/png\" \/>\n<meta name=\"twitter:card\" content=\"summary_large_image\" \/>\n<meta name=\"twitter:label1\" content=\"Tiempo estimado de lectura\" \/>\n\t<meta name=\"twitter:data1\" content=\"6 minutos\" \/>\n<script type=\"application\/ld+json\" class=\"yoast-schema-graph\">{\"@context\":\"https:\/\/schema.org\",\"@graph\":[{\"@type\":\"WebPage\",\"@id\":\"https:\/\/allwintheme.com\/product\/petroleum-oil-gas-company-responsive-wordpress-theme\/\",\"url\":\"https:\/\/allwintheme.com\/product\/petroleum-oil-gas-company-responsive-wordpress-theme\/\",\"name\":\"Petroleum \u2013 Oil & Gas Company Responsive WordPress Theme - AllWin Theme \u2013 Free WordPress Themes Download\",\"isPartOf\":{\"@id\":\"https:\/\/allwintheme.com\/#website\"},\"primaryImageOfPage\":{\"@id\":\"https:\/\/allwintheme.com\/product\/petroleum-oil-gas-company-responsive-wordpress-theme\/#primaryimage\"},\"image\":{\"@id\":\"https:\/\/allwintheme.com\/product\/petroleum-oil-gas-company-responsive-wordpress-theme\/#primaryimage\"},\"thumbnailUrl\":\"https:\/\/allwintheme.com\/wp-content\/uploads\/2025\/09\/f15jyb9a.png\",\"datePublished\":\"2025-09-15T13:22:28+00:00\",\"dateModified\":\"2025-09-15T13:28:54+00:00\",\"description\":\"A responsive WordPress theme tailored for oil and gas companies to showcase services, projects, and industry expertise.\",\"breadcrumb\":{\"@id\":\"https:\/\/allwintheme.com\/product\/petroleum-oil-gas-company-responsive-wordpress-theme\/#breadcrumb\"},\"inLanguage\":\"es-CL\",\"potentialAction\":[{\"@type\":\"ReadAction\",\"target\":[\"https:\/\/allwintheme.com\/product\/petroleum-oil-gas-company-responsive-wordpress-theme\/\"]}]},{\"@type\":\"ImageObject\",\"inLanguage\":\"es-CL\",\"@id\":\"https:\/\/allwintheme.com\/product\/petroleum-oil-gas-company-responsive-wordpress-theme\/#primaryimage\",\"url\":\"https:\/\/allwintheme.com\/wp-content\/uploads\/2025\/09\/f15jyb9a.png\",\"contentUrl\":\"https:\/\/allwintheme.com\/wp-content\/uploads\/2025\/09\/f15jyb9a.png\",\"width\":768,\"height\":480,\"caption\":\"Petroleum \u2013 Oil & Gas Company Responsive WordPress Theme\"},{\"@type\":\"BreadcrumbList\",\"@id\":\"https:\/\/allwintheme.com\/product\/petroleum-oil-gas-company-responsive-wordpress-theme\/#breadcrumb\",\"itemListElement\":[{\"@type\":\"ListItem\",\"position\":1,\"name\":\"Home\",\"item\":\"https:\/\/allwintheme.com\/\"},{\"@type\":\"ListItem\",\"position\":2,\"name\":\"Shop\",\"item\":\"https:\/\/allwintheme.com\/shop\/\"},{\"@type\":\"ListItem\",\"position\":3,\"name\":\"Petroleum \u2013 Oil &#038; Gas Company Responsive WordPress Theme\"}]},{\"@type\":\"WebSite\",\"@id\":\"https:\/\/allwintheme.com\/#website\",\"url\":\"https:\/\/allwintheme.com\/\",\"name\":\"Allwintheme\",\"description\":\"Download free WordPress themes for every niche. Blogs, business, eCommerce, portfolio, restaurant and more. All themes are GPL licensed and mobile-ready.\",\"potentialAction\":[{\"@type\":\"SearchAction\",\"target\":{\"@type\":\"EntryPoint\",\"urlTemplate\":\"https:\/\/allwintheme.com\/?s={search_term_string}\"},\"query-input\":{\"@type\":\"PropertyValueSpecification\",\"valueRequired\":true,\"valueName\":\"search_term_string\"}}],\"inLanguage\":\"es-CL\"}]}<\/script>\n<!-- \/ Yoast SEO Premium plugin. -->","yoast_head_json":{"title":"Petroleum \u2013 Oil & Gas Company Responsive WordPress Theme - AllWin Theme \u2013 Free WordPress Themes Download","description":"Un tema de WordPress con capacidad de respuesta adaptado a las empresas de petr\u00f3leo y gas para mostrar servicios, proyectos y experiencia en el sector.","robots":{"index":"index","follow":"follow","max-snippet":"max-snippet:-1","max-image-preview":"max-image-preview:large","max-video-preview":"max-video-preview:-1"},"canonical":"https:\/\/allwintheme.com\/es\/producto\/petroleum-oil-gas-company-responsive-wordpress-theme\/","og_locale":"es_ES","og_type":"article","og_title":"Petroleum \u2013 Oil & Gas Company Responsive WordPress Theme","og_description":"A responsive WordPress theme tailored for oil and gas companies to showcase services, projects, and industry expertise.","og_url":"https:\/\/allwintheme.com\/es\/producto\/petroleum-oil-gas-company-responsive-wordpress-theme\/","og_site_name":"AllWin Theme \u2013 Free WordPress Themes Download","article_modified_time":"2025-09-15T13:28:54+00:00","og_image":[{"width":768,"height":480,"url":"https:\/\/allwintheme.com\/wp-content\/uploads\/2025\/09\/f15jyb9a.png","type":"image\/png"}],"twitter_card":"summary_large_image","twitter_misc":{"Tiempo estimado de lectura":"6 minutos"},"schema":{"@context":"https:\/\/schema.org","@graph":[{"@type":"WebPage","@id":"https:\/\/allwintheme.com\/product\/petroleum-oil-gas-company-responsive-wordpress-theme\/","url":"https:\/\/allwintheme.com\/product\/petroleum-oil-gas-company-responsive-wordpress-theme\/","name":"Petroleum \u2013 Oil & Gas Company Responsive WordPress Theme - AllWin Theme \u2013 Free WordPress Themes Download","isPartOf":{"@id":"https:\/\/allwintheme.com\/#website"},"primaryImageOfPage":{"@id":"https:\/\/allwintheme.com\/product\/petroleum-oil-gas-company-responsive-wordpress-theme\/#primaryimage"},"image":{"@id":"https:\/\/allwintheme.com\/product\/petroleum-oil-gas-company-responsive-wordpress-theme\/#primaryimage"},"thumbnailUrl":"https:\/\/allwintheme.com\/wp-content\/uploads\/2025\/09\/f15jyb9a.png","datePublished":"2025-09-15T13:22:28+00:00","dateModified":"2025-09-15T13:28:54+00:00","description":"Un tema de WordPress con capacidad de respuesta adaptado a las empresas de petr\u00f3leo y gas para mostrar servicios, proyectos y experiencia en el sector.","breadcrumb":{"@id":"https:\/\/allwintheme.com\/product\/petroleum-oil-gas-company-responsive-wordpress-theme\/#breadcrumb"},"inLanguage":"es-CL","potentialAction":[{"@type":"ReadAction","target":["https:\/\/allwintheme.com\/product\/petroleum-oil-gas-company-responsive-wordpress-theme\/"]}]},{"@type":"ImageObject","inLanguage":"es-CL","@id":"https:\/\/allwintheme.com\/product\/petroleum-oil-gas-company-responsive-wordpress-theme\/#primaryimage","url":"https:\/\/allwintheme.com\/wp-content\/uploads\/2025\/09\/f15jyb9a.png","contentUrl":"https:\/\/allwintheme.com\/wp-content\/uploads\/2025\/09\/f15jyb9a.png","width":768,"height":480,"caption":"Petroleum \u2013 Oil & Gas Company Responsive WordPress Theme"},{"@type":"BreadcrumbList","@id":"https:\/\/allwintheme.com\/product\/petroleum-oil-gas-company-responsive-wordpress-theme\/#breadcrumb","itemListElement":[{"@type":"ListItem","position":1,"name":"Home","item":"https:\/\/allwintheme.com\/"},{"@type":"ListItem","position":2,"name":"Shop","item":"https:\/\/allwintheme.com\/shop\/"},{"@type":"ListItem","position":3,"name":"Petroleum \u2013 Oil &#038; Gas Company Responsive WordPress Theme"}]},{"@type":"WebSite","@id":"https:\/\/allwintheme.com\/#website","url":"https:\/\/allwintheme.com\/","name":"Allwintheme","description":"Descarga gratis temas de WordPress para todos los nichos. Blogs, negocios, comercio electr\u00f3nico, portafolio, restaurante y m\u00e1s. Todos los temas tienen licencia GPL y est\u00e1n preparados para dispositivos m\u00f3viles.","potentialAction":[{"@type":"SearchAction","target":{"@type":"EntryPoint","urlTemplate":"https:\/\/allwintheme.com\/?s={search_term_string}"},"query-input":{"@type":"PropertyValueSpecification","valueRequired":true,"valueName":"search_term_string"}}],"inLanguage":"es-CL"}]}},"_links":{"self":[{"href":"https:\/\/allwintheme.com\/es\/wp-json\/wp\/v2\/product\/7222","targetHints":{"allow":["GET"]}}],"collection":[{"href":"https:\/\/allwintheme.com\/es\/wp-json\/wp\/v2\/product"}],"about":[{"href":"https:\/\/allwintheme.com\/es\/wp-json\/wp\/v2\/types\/product"}],"replies":[{"embeddable":true,"href":"https:\/\/allwintheme.com\/es\/wp-json\/wp\/v2\/comments?post=7222"}],"version-history":[{"count":0,"href":"https:\/\/allwintheme.com\/es\/wp-json\/wp\/v2\/product\/7222\/revisions"}],"wp:featuredmedia":[{"embeddable":true,"href":"https:\/\/allwintheme.com\/es\/wp-json\/wp\/v2\/media\/7223"}],"wp:attachment":[{"href":"https:\/\/allwintheme.com\/es\/wp-json\/wp\/v2\/media?parent=7222"}],"wp:term":[{"taxonomy":"product_brand","embeddable":true,"href":"https:\/\/allwintheme.com\/es\/wp-json\/wp\/v2\/product_brand?post=7222"},{"taxonomy":"product_cat","embeddable":true,"href":"https:\/\/allwintheme.com\/es\/wp-json\/wp\/v2\/product_cat?post=7222"},{"taxonomy":"product_tag","embeddable":true,"href":"https:\/\/allwintheme.com\/es\/wp-json\/wp\/v2\/product_tag?post=7222"}],"curies":[{"name":"wp","href":"https:\/\/api.w.org\/{rel}","templated":true}]}}