{"id":7231,"date":"2025-09-16T01:04:08","date_gmt":"2025-09-16T01:04:08","guid":{"rendered":"https:\/\/allwintheme.com\/?post_type=product&#038;p=7231"},"modified":"2025-09-17T13:08:07","modified_gmt":"2025-09-17T13:08:07","slug":"grance-perfume-fragancia-elementor-plantilla","status":"publish","type":"product","link":"https:\/\/allwintheme.com\/es\/producto\/grance-perfume-fragancia-elementor-plantilla\/","title":{"rendered":"Grance - Perfume &amp; Fragrance Elementor Template Kit"},"content":{"rendered":"<div data-elementor-type=\"wp-post\" data-elementor-id=\"7231\" class=\"elementor elementor-7231\" data-elementor-settings=\"{&quot;element_pack_global_tooltip_width&quot;:{&quot;unit&quot;:&quot;px&quot;,&quot;size&quot;:&quot;&quot;,&quot;sizes&quot;:[]},&quot;element_pack_global_tooltip_width_tablet&quot;:{&quot;unit&quot;:&quot;px&quot;,&quot;size&quot;:&quot;&quot;,&quot;sizes&quot;:[]},&quot;element_pack_global_tooltip_width_mobile&quot;:{&quot;unit&quot;:&quot;px&quot;,&quot;size&quot;:&quot;&quot;,&quot;sizes&quot;:[]},&quot;element_pack_global_tooltip_padding&quot;:{&quot;unit&quot;:&quot;px&quot;,&quot;top&quot;:&quot;&quot;,&quot;right&quot;:&quot;&quot;,&quot;bottom&quot;:&quot;&quot;,&quot;left&quot;:&quot;&quot;,&quot;isLinked&quot;:true},&quot;element_pack_global_tooltip_padding_tablet&quot;:{&quot;unit&quot;:&quot;px&quot;,&quot;top&quot;:&quot;&quot;,&quot;right&quot;:&quot;&quot;,&quot;bottom&quot;:&quot;&quot;,&quot;left&quot;:&quot;&quot;,&quot;isLinked&quot;:true},&quot;element_pack_global_tooltip_padding_mobile&quot;:{&quot;unit&quot;:&quot;px&quot;,&quot;top&quot;:&quot;&quot;,&quot;right&quot;:&quot;&quot;,&quot;bottom&quot;:&quot;&quot;,&quot;left&quot;:&quot;&quot;,&quot;isLinked&quot;:true},&quot;element_pack_global_tooltip_border_radius&quot;:{&quot;unit&quot;:&quot;px&quot;,&quot;top&quot;:&quot;&quot;,&quot;right&quot;:&quot;&quot;,&quot;bottom&quot;:&quot;&quot;,&quot;left&quot;:&quot;&quot;,&quot;isLinked&quot;:true},&quot;element_pack_global_tooltip_border_radius_tablet&quot;:{&quot;unit&quot;:&quot;px&quot;,&quot;top&quot;:&quot;&quot;,&quot;right&quot;:&quot;&quot;,&quot;bottom&quot;:&quot;&quot;,&quot;left&quot;:&quot;&quot;,&quot;isLinked&quot;:true},&quot;element_pack_global_tooltip_border_radius_mobile&quot;:{&quot;unit&quot;:&quot;px&quot;,&quot;top&quot;:&quot;&quot;,&quot;right&quot;:&quot;&quot;,&quot;bottom&quot;:&quot;&quot;,&quot;left&quot;:&quot;&quot;,&quot;isLinked&quot;:true}}\" data-elementor-post-type=\"product\">\n\t\t\t\t<div class=\"elementor-element elementor-element-93aa4a8 e-con-full e-flex e-con e-parent\" data-id=\"93aa4a8\" data-element_type=\"container\" data-e-type=\"container\">\n\t\t\t\t<div class=\"elementor-element elementor-element-2c3f760 miaoshu elementor-widget elementor-widget-wd_text_block\" data-id=\"2c3f760\" data-element_type=\"widget\" data-e-type=\"widget\" data-widget_type=\"wd_text_block.default\">\n\t\t\t\t<div class=\"elementor-widget-container\">\n\t\t\t\t\t\t\t<div class=\"wd-text-block reset-last-child text-left\">\n\t\t\t\n\t\t\t<h2>Grance: Tu kit de plantillas Elementor definitivo para sitios web de fragancias<\/h2>\n<p>Grance es un kit de plantillas Elementor con un bonito dise\u00f1o hecho a medida para crear sitios web profesionales de colonias, fragancias y productos relacionados. Ya sea para mostrar perfumes, colecciones o la historia de una marca, Grance ofrece una soluci\u00f3n fluida y visualmente atractiva para dar vida a tu visi\u00f3n. Construido con elementos gratuitos, este kit de plantillas le asegura que puede empezar sin costes adicionales, por lo que es perfecto para empresas o creativos que buscan establecer una presencia en l\u00ednea.<\/p>\n\n<h3>Explora una variedad de p\u00e1ginas<\/h3>\n<p>Grance viene con un conjunto diverso de p\u00e1ginas predise\u00f1adas para satisfacer todas las necesidades de su sitio web, incluyendo:<\/p>\n<ul>\n  <li><strong>Inicio<\/strong>: Una p\u00e1gina de inicio cautivadora para dar la bienvenida a sus visitantes.<\/li>\n  <li><strong>Qui\u00e9nes somos<\/strong>: Comparta la historia y la misi\u00f3n de su marca.<\/li>\n  <li><strong>Perfume<\/strong>: Destaca tus aromas caracter\u00edsticos.<\/li>\n  <li><strong>Colecci\u00f3n<\/strong>: Muestre su gama de productos con estilo.<\/li>\n  <li><strong>Preguntas frecuentes<\/strong>: Responder a las preguntas habituales de los clientes.<\/li>\n  <li><strong>Blog y Blog individual<\/strong>: Comparta consejos, historias o actualizaciones sobre fragancias.<\/li>\n  <li><strong>Galer\u00eda<\/strong>: Muestre im\u00e1genes impactantes de sus productos.<\/li>\n  <li><strong>404<\/strong>: Una p\u00e1gina de error personalizada para una navegaci\u00f3n fluida.<\/li>\n  <li><strong>Contacte con nosotros<\/strong>: Facilite a los clientes el contacto con usted.<\/li>\n<\/ul>\n\n<h3>Facilidad y flexibilidad<\/h3>\n<p>Grance est\u00e1 dise\u00f1ado para funcionar a la perfecci\u00f3n con Elementor, garantizando una experiencia f\u00e1cil de usar. Sin necesidad de plugins premium, puedes personalizar cada p\u00e1gina sin esfuerzo utilizando herramientas gratuitas como ElementsKit Lite, Jeg Elementor Kit y Metform. El kit tambi\u00e9n incluye una plantilla de encabezado, pie de p\u00e1gina y bloques para crear una imagen de marca coherente en todo el sitio.<\/p>\n\n<h3>Fuentes que realzan su dise\u00f1o<\/h3>\n<p>El kit de plantillas utiliza fuentes elegantes y modernas para realzar la est\u00e9tica de su sitio web:<\/p>\n<ul>\n  <li><strong>Montserrat<\/strong>: En negrita y con estilo para los t\u00edtulos.<\/li>\n  <li><strong>Open Sans<\/strong>: Limpio y legible para el cuerpo del texto.<\/li>\n  <li><strong>Roboto<\/strong>: Vers\u00e1til y profesional para un aspecto pulido.<\/li>\n<\/ul>\n\n<h3>C\u00f3mo empezar con Grance<\/h3>\n<p>Configurar su sitio web con Grance es muy sencillo. Siga estos pasos para dar vida a su sitio web de fragancias:<\/p>\n<ol>\n  <li>Instale y active el <strong>Envato Elementos<\/strong> en el men\u00fa Plugins de WordPress.<\/li>\n  <li>Descargue el archivo del kit de plantillas de Grance (no lo descomprima).<\/li>\n  <li>Vaya a <strong>Elementos &gt; Kits instalados<\/strong> en WordPress y, a continuaci\u00f3n, haga clic en el bot\u00f3n <strong>Cargar kit de plantillas<\/strong> . Como alternativa, conecte su suscripci\u00f3n a Envato Elements para realizar importaciones autom\u00e1ticas.<\/li>\n  <li>Instale los plugins necesarios haciendo clic en el banner naranja de la parte superior de la p\u00e1gina Kits instalados.<\/li>\n  <li>Importe el <strong>Estilos de kits globales<\/strong> y, a continuaci\u00f3n, las plantillas individuales, de una en una. \u00c9stas se guardar\u00e1n en <strong>Plantillas &gt; Plantillas guardadas<\/strong> en Elementor.<\/li>\n  <li>Cree una nueva p\u00e1gina, seleccione <strong>Editar con Elementor<\/strong>y elija <strong>Elementor ancho completo<\/strong> en la configuraci\u00f3n de la p\u00e1gina para ocultar el t\u00edtulo de la p\u00e1gina.<\/li>\n  <li>Acceder a la <strong>Mis plantillas<\/strong> a trav\u00e9s del icono de la carpeta gris en Elementor e importar la p\u00e1gina que desea personalizar.<\/li>\n<\/ol>\n\n<h3>Importaci\u00f3n de formularios personalizados de Metform<\/h3>\n<p>Para a\u00f1adir formularios personalizados a su sitio web, siga estos pasos:<\/p>\n<ol>\n  <li>Importe la plantilla Metform.<\/li>\n  <li>Edite la p\u00e1gina que contiene el formulario en Elementor.<\/li>\n  <li>Seleccione el widget Metform en la columna deseada y, a continuaci\u00f3n, haga clic en <strong>Editar formulario<\/strong>.<\/li>\n  <li>Elija <strong>Nuevo<\/strong>deje seleccionada la opci\u00f3n en blanco y pulse el bot\u00f3n <strong>Editar formulario<\/strong> bot\u00f3n.<\/li>\n  <li>Haga clic en el bot\u00f3n <strong>A\u00f1adir plantilla<\/strong> bot\u00f3n gris de la carpeta, vaya a la <strong>Mis plantillas<\/strong> y seleccione la plantilla Metform importada.<\/li>\n  <li>Haga clic en <strong>Inserte<\/strong> y luego <strong>Actualizaci\u00f3n<\/strong> para finalizar el formulario.<\/li>\n<\/ol>\n\n<h3>Notas importantes<\/h3>\n<p>Grance incluye im\u00e1genes de demostraci\u00f3n de Envato Elements. Para utilizar estas im\u00e1genes en tu sitio web, deber\u00e1s obtener la licencia de Envato Elements o sustituirlas por tus propios elementos visuales. Esto garantiza que tu sitio web sea totalmente compatible y personalizado con tu marca.<\/p>\n\n<h3>\u00bfPor qu\u00e9 elegir Grance?<\/h3>\n<p>Grance es la elecci\u00f3n perfecta para cualquiera que desee crear un sitio web de fragancias profesional, elegante y totalmente personalizable. Con sus vers\u00e1tiles plantillas de p\u00e1gina, su compatibilidad gratuita con plugins y su sencillo proceso de configuraci\u00f3n, Grance te permite crear una presencia en l\u00ednea impresionante sin complicaciones. Empieza hoy mismo y deja que brille la esencia de tu marca.<\/p>\n\t\t\t\t\t<\/div>\n\t\t\t\t\t\t<\/div>\n\t\t\t\t<\/div>\n\t\t\t\t<\/div>\n\t\t\t\t<\/div>","protected":false},"excerpt":{"rendered":"<p>Grance: Your Ultimate Elementor Template Kit for Fragrance Websites Grance is a beautifully designed Elementor template kit tailored for creating<\/p>","protected":false},"featured_media":7221,"comment_status":"open","ping_status":"closed","template":"","meta":{"_acf_changed":false},"product_brand":[],"product_cat":[50],"product_tag":[],"class_list":{"0":"post-7231","1":"product","2":"type-product","3":"status-publish","4":"has-post-thumbnail","6":"product_cat-template-kits","8":"first","9":"instock","10":"sale","11":"downloadable","12":"shipping-taxable","13":"purchasable","14":"product-type-simple"},"acf":[],"yoast_head":"<!-- This site is optimized with the Yoast SEO Premium plugin v25.6 (Yoast SEO v27.4) - https:\/\/yoast.com\/product\/yoast-seo-premium-wordpress\/ -->\n<title>Grance - Perfume &amp; Fragrance Elementor Template Kit - AllWin Theme \u2013 Free WordPress Themes Download<\/title>\n<meta name=\"description\" content=\"Discover Grance, a free Elementor Template Kit for creating stunning websites for perfumes, colognes, and fragrance products. Easy to use and customize.\" \/>\n<meta name=\"robots\" content=\"index, follow, max-snippet:-1, max-image-preview:large, max-video-preview:-1\" \/>\n<link rel=\"canonical\" href=\"https:\/\/allwintheme.com\/es\/producto\/grance-perfume-fragancia-elementor-plantilla\/\" \/>\n<meta property=\"og:locale\" content=\"es_ES\" \/>\n<meta property=\"og:type\" content=\"article\" \/>\n<meta property=\"og:title\" content=\"Grance - Perfume &amp; Fragrance Elementor Template Kit\" \/>\n<meta property=\"og:description\" content=\"Discover Grance, a free Elementor Template Kit for creating stunning websites for perfumes, colognes, and fragrance products. Easy to use and customize.\" \/>\n<meta property=\"og:url\" content=\"https:\/\/allwintheme.com\/es\/producto\/grance-perfume-fragancia-elementor-plantilla\/\" \/>\n<meta property=\"og:site_name\" content=\"AllWin Theme \u2013 Free WordPress Themes Download\" \/>\n<meta property=\"article:modified_time\" content=\"2025-09-17T13:08:07+00:00\" \/>\n<meta property=\"og:image\" content=\"https:\/\/allwintheme.com\/wp-content\/uploads\/2025\/09\/z11gnt6d.png\" \/>\n\t<meta property=\"og:image:width\" content=\"768\" \/>\n\t<meta property=\"og:image:height\" content=\"512\" \/>\n\t<meta property=\"og:image:type\" content=\"image\/png\" \/>\n<meta name=\"twitter:card\" content=\"summary_large_image\" \/>\n<meta name=\"twitter:label1\" content=\"Tiempo estimado de lectura\" \/>\n\t<meta name=\"twitter:data1\" content=\"4 minutos\" \/>\n<script type=\"application\/ld+json\" class=\"yoast-schema-graph\">{\"@context\":\"https:\\\/\\\/schema.org\",\"@graph\":[{\"@type\":\"WebPage\",\"@id\":\"https:\\\/\\\/allwintheme.com\\\/product\\\/grance-perfume-fragrance-elementor-template\\\/\",\"url\":\"https:\\\/\\\/allwintheme.com\\\/product\\\/grance-perfume-fragrance-elementor-template\\\/\",\"name\":\"Grance - Perfume & Fragrance Elementor Template Kit - AllWin Theme \u2013 Free WordPress Themes Download\",\"isPartOf\":{\"@id\":\"https:\\\/\\\/allwintheme.com\\\/#website\"},\"primaryImageOfPage\":{\"@id\":\"https:\\\/\\\/allwintheme.com\\\/product\\\/grance-perfume-fragrance-elementor-template\\\/#primaryimage\"},\"image\":{\"@id\":\"https:\\\/\\\/allwintheme.com\\\/product\\\/grance-perfume-fragrance-elementor-template\\\/#primaryimage\"},\"thumbnailUrl\":\"https:\\\/\\\/allwintheme.com\\\/wp-content\\\/uploads\\\/2025\\\/09\\\/z11gnt6d.png\",\"datePublished\":\"2025-09-16T01:04:08+00:00\",\"dateModified\":\"2025-09-17T13:08:07+00:00\",\"description\":\"Discover Grance, a free Elementor Template Kit for creating stunning websites for perfumes, colognes, and fragrance products. Easy to use and customize.\",\"breadcrumb\":{\"@id\":\"https:\\\/\\\/allwintheme.com\\\/product\\\/grance-perfume-fragrance-elementor-template\\\/#breadcrumb\"},\"inLanguage\":\"es-CL\",\"potentialAction\":[{\"@type\":\"ReadAction\",\"target\":[\"https:\\\/\\\/allwintheme.com\\\/product\\\/grance-perfume-fragrance-elementor-template\\\/\"]}]},{\"@type\":\"ImageObject\",\"inLanguage\":\"es-CL\",\"@id\":\"https:\\\/\\\/allwintheme.com\\\/product\\\/grance-perfume-fragrance-elementor-template\\\/#primaryimage\",\"url\":\"https:\\\/\\\/allwintheme.com\\\/wp-content\\\/uploads\\\/2025\\\/09\\\/z11gnt6d.png\",\"contentUrl\":\"https:\\\/\\\/allwintheme.com\\\/wp-content\\\/uploads\\\/2025\\\/09\\\/z11gnt6d.png\",\"width\":768,\"height\":512,\"caption\":\"Grance \u2013 Perfume & Fragrance Elementor Template\"},{\"@type\":\"BreadcrumbList\",\"@id\":\"https:\\\/\\\/allwintheme.com\\\/product\\\/grance-perfume-fragrance-elementor-template\\\/#breadcrumb\",\"itemListElement\":[{\"@type\":\"ListItem\",\"position\":1,\"name\":\"Home\",\"item\":\"https:\\\/\\\/allwintheme.com\\\/\"},{\"@type\":\"ListItem\",\"position\":2,\"name\":\"Shop\",\"item\":\"https:\\\/\\\/allwintheme.com\\\/shop\\\/\"},{\"@type\":\"ListItem\",\"position\":3,\"name\":\"Grance &#8211; Perfume &#038; Fragrance Elementor Template Kit\"}]},{\"@type\":\"WebSite\",\"@id\":\"https:\\\/\\\/allwintheme.com\\\/#website\",\"url\":\"https:\\\/\\\/allwintheme.com\\\/\",\"name\":\"Allwintheme\",\"description\":\"Download free WordPress themes for every niche. Blogs, business, eCommerce, portfolio, restaurant and more. All themes are GPL licensed and mobile-ready.\",\"potentialAction\":[{\"@type\":\"SearchAction\",\"target\":{\"@type\":\"EntryPoint\",\"urlTemplate\":\"https:\\\/\\\/allwintheme.com\\\/?s={search_term_string}\"},\"query-input\":{\"@type\":\"PropertyValueSpecification\",\"valueRequired\":true,\"valueName\":\"search_term_string\"}}],\"inLanguage\":\"es-CL\"}]}<\/script>\n<!-- \/ Yoast SEO Premium plugin. -->","yoast_head_json":{"title":"Grance - Perfume &amp; Fragrance Elementor Template Kit - AllWin Theme - Free WordPress Themes Download","description":"Descubra Grance, un kit de plantillas Elementor gratuito para crear impresionantes sitios web para perfumes, colonias y productos de fragancia. F\u00e1cil de usar y personalizar.","robots":{"index":"index","follow":"follow","max-snippet":"max-snippet:-1","max-image-preview":"max-image-preview:large","max-video-preview":"max-video-preview:-1"},"canonical":"https:\/\/allwintheme.com\/es\/producto\/grance-perfume-fragancia-elementor-plantilla\/","og_locale":"es_ES","og_type":"article","og_title":"Grance - Perfume & Fragrance Elementor Template Kit","og_description":"Discover Grance, a free Elementor Template Kit for creating stunning websites for perfumes, colognes, and fragrance products. Easy to use and customize.","og_url":"https:\/\/allwintheme.com\/es\/producto\/grance-perfume-fragancia-elementor-plantilla\/","og_site_name":"AllWin Theme \u2013 Free WordPress Themes Download","article_modified_time":"2025-09-17T13:08:07+00:00","og_image":[{"width":768,"height":512,"url":"https:\/\/allwintheme.com\/wp-content\/uploads\/2025\/09\/z11gnt6d.png","type":"image\/png"}],"twitter_card":"summary_large_image","twitter_misc":{"Tiempo estimado de lectura":"4 minutos"},"schema":{"@context":"https:\/\/schema.org","@graph":[{"@type":"WebPage","@id":"https:\/\/allwintheme.com\/product\/grance-perfume-fragrance-elementor-template\/","url":"https:\/\/allwintheme.com\/product\/grance-perfume-fragrance-elementor-template\/","name":"Grance - Perfume &amp; Fragrance Elementor Template Kit - AllWin Theme - Free WordPress Themes Download","isPartOf":{"@id":"https:\/\/allwintheme.com\/#website"},"primaryImageOfPage":{"@id":"https:\/\/allwintheme.com\/product\/grance-perfume-fragrance-elementor-template\/#primaryimage"},"image":{"@id":"https:\/\/allwintheme.com\/product\/grance-perfume-fragrance-elementor-template\/#primaryimage"},"thumbnailUrl":"https:\/\/allwintheme.com\/wp-content\/uploads\/2025\/09\/z11gnt6d.png","datePublished":"2025-09-16T01:04:08+00:00","dateModified":"2025-09-17T13:08:07+00:00","description":"Descubra Grance, un kit de plantillas Elementor gratuito para crear impresionantes sitios web para perfumes, colonias y productos de fragancia. F\u00e1cil de usar y personalizar.","breadcrumb":{"@id":"https:\/\/allwintheme.com\/product\/grance-perfume-fragrance-elementor-template\/#breadcrumb"},"inLanguage":"es-CL","potentialAction":[{"@type":"ReadAction","target":["https:\/\/allwintheme.com\/product\/grance-perfume-fragrance-elementor-template\/"]}]},{"@type":"ImageObject","inLanguage":"es-CL","@id":"https:\/\/allwintheme.com\/product\/grance-perfume-fragrance-elementor-template\/#primaryimage","url":"https:\/\/allwintheme.com\/wp-content\/uploads\/2025\/09\/z11gnt6d.png","contentUrl":"https:\/\/allwintheme.com\/wp-content\/uploads\/2025\/09\/z11gnt6d.png","width":768,"height":512,"caption":"Grance \u2013 Perfume & Fragrance Elementor Template"},{"@type":"BreadcrumbList","@id":"https:\/\/allwintheme.com\/product\/grance-perfume-fragrance-elementor-template\/#breadcrumb","itemListElement":[{"@type":"ListItem","position":1,"name":"Home","item":"https:\/\/allwintheme.com\/"},{"@type":"ListItem","position":2,"name":"Shop","item":"https:\/\/allwintheme.com\/shop\/"},{"@type":"ListItem","position":3,"name":"Grance &#8211; Perfume &#038; Fragrance Elementor Template Kit"}]},{"@type":"WebSite","@id":"https:\/\/allwintheme.com\/#website","url":"https:\/\/allwintheme.com\/","name":"Allwintheme","description":"Descarga gratis temas de WordPress para todos los nichos. Blogs, negocios, comercio electr\u00f3nico, portafolio, restaurante y m\u00e1s. Todos los temas tienen licencia GPL y est\u00e1n preparados para dispositivos m\u00f3viles.","potentialAction":[{"@type":"SearchAction","target":{"@type":"EntryPoint","urlTemplate":"https:\/\/allwintheme.com\/?s={search_term_string}"},"query-input":{"@type":"PropertyValueSpecification","valueRequired":true,"valueName":"search_term_string"}}],"inLanguage":"es-CL"}]}},"_links":{"self":[{"href":"https:\/\/allwintheme.com\/es\/wp-json\/wp\/v2\/product\/7231","targetHints":{"allow":["GET"]}}],"collection":[{"href":"https:\/\/allwintheme.com\/es\/wp-json\/wp\/v2\/product"}],"about":[{"href":"https:\/\/allwintheme.com\/es\/wp-json\/wp\/v2\/types\/product"}],"replies":[{"embeddable":true,"href":"https:\/\/allwintheme.com\/es\/wp-json\/wp\/v2\/comments?post=7231"}],"version-history":[{"count":0,"href":"https:\/\/allwintheme.com\/es\/wp-json\/wp\/v2\/product\/7231\/revisions"}],"wp:featuredmedia":[{"embeddable":true,"href":"https:\/\/allwintheme.com\/es\/wp-json\/wp\/v2\/media\/7221"}],"wp:attachment":[{"href":"https:\/\/allwintheme.com\/es\/wp-json\/wp\/v2\/media?parent=7231"}],"wp:term":[{"taxonomy":"product_brand","embeddable":true,"href":"https:\/\/allwintheme.com\/es\/wp-json\/wp\/v2\/product_brand?post=7231"},{"taxonomy":"product_cat","embeddable":true,"href":"https:\/\/allwintheme.com\/es\/wp-json\/wp\/v2\/product_cat?post=7231"},{"taxonomy":"product_tag","embeddable":true,"href":"https:\/\/allwintheme.com\/es\/wp-json\/wp\/v2\/product_tag?post=7231"}],"curies":[{"name":"wp","href":"https:\/\/api.w.org\/{rel}","templated":true}]}}