{"id":7240,"date":"2025-09-16T01:34:36","date_gmt":"2025-09-16T01:34:36","guid":{"rendered":"https:\/\/allwintheme.com\/?post_type=product&#038;p=7240"},"modified":"2025-09-17T13:06:21","modified_gmt":"2025-09-17T13:06:21","slug":"colonia-perfume-fragancia-elementor-plantilla","status":"publish","type":"product","link":"https:\/\/allwintheme.com\/es\/producto\/colonia-perfume-fragancia-elementor-plantilla\/","title":{"rendered":"Cologne: Perfume &amp; Fragrance Elementor Template Kit"},"content":{"rendered":"<div data-elementor-type=\"wp-post\" data-elementor-id=\"7240\" class=\"elementor elementor-7240\" data-elementor-settings=\"{&quot;element_pack_global_tooltip_width&quot;:{&quot;unit&quot;:&quot;px&quot;,&quot;size&quot;:&quot;&quot;,&quot;sizes&quot;:[]},&quot;element_pack_global_tooltip_width_tablet&quot;:{&quot;unit&quot;:&quot;px&quot;,&quot;size&quot;:&quot;&quot;,&quot;sizes&quot;:[]},&quot;element_pack_global_tooltip_width_mobile&quot;:{&quot;unit&quot;:&quot;px&quot;,&quot;size&quot;:&quot;&quot;,&quot;sizes&quot;:[]},&quot;element_pack_global_tooltip_padding&quot;:{&quot;unit&quot;:&quot;px&quot;,&quot;top&quot;:&quot;&quot;,&quot;right&quot;:&quot;&quot;,&quot;bottom&quot;:&quot;&quot;,&quot;left&quot;:&quot;&quot;,&quot;isLinked&quot;:true},&quot;element_pack_global_tooltip_padding_tablet&quot;:{&quot;unit&quot;:&quot;px&quot;,&quot;top&quot;:&quot;&quot;,&quot;right&quot;:&quot;&quot;,&quot;bottom&quot;:&quot;&quot;,&quot;left&quot;:&quot;&quot;,&quot;isLinked&quot;:true},&quot;element_pack_global_tooltip_padding_mobile&quot;:{&quot;unit&quot;:&quot;px&quot;,&quot;top&quot;:&quot;&quot;,&quot;right&quot;:&quot;&quot;,&quot;bottom&quot;:&quot;&quot;,&quot;left&quot;:&quot;&quot;,&quot;isLinked&quot;:true},&quot;element_pack_global_tooltip_border_radius&quot;:{&quot;unit&quot;:&quot;px&quot;,&quot;top&quot;:&quot;&quot;,&quot;right&quot;:&quot;&quot;,&quot;bottom&quot;:&quot;&quot;,&quot;left&quot;:&quot;&quot;,&quot;isLinked&quot;:true},&quot;element_pack_global_tooltip_border_radius_tablet&quot;:{&quot;unit&quot;:&quot;px&quot;,&quot;top&quot;:&quot;&quot;,&quot;right&quot;:&quot;&quot;,&quot;bottom&quot;:&quot;&quot;,&quot;left&quot;:&quot;&quot;,&quot;isLinked&quot;:true},&quot;element_pack_global_tooltip_border_radius_mobile&quot;:{&quot;unit&quot;:&quot;px&quot;,&quot;top&quot;:&quot;&quot;,&quot;right&quot;:&quot;&quot;,&quot;bottom&quot;:&quot;&quot;,&quot;left&quot;:&quot;&quot;,&quot;isLinked&quot;:true}}\" data-elementor-post-type=\"product\">\n\t\t\t\t<div class=\"elementor-element elementor-element-93aa4a8 e-con-full e-flex e-con e-parent\" data-id=\"93aa4a8\" data-element_type=\"container\" data-e-type=\"container\">\n\t\t\t\t<div class=\"elementor-element elementor-element-2c3f760 miaoshu elementor-widget elementor-widget-wd_text_block\" data-id=\"2c3f760\" data-element_type=\"widget\" data-e-type=\"widget\" data-widget_type=\"wd_text_block.default\">\n\t\t\t\t<div class=\"elementor-widget-container\">\n\t\t\t\t\t\t\t<div class=\"wd-text-block reset-last-child text-left\">\n\t\t\t\n\t\t\t<h2>Colonia: Cree un sitio web de fragancias cautivador con Elementor<\/h2>\n<p>Cologne es un vers\u00e1til kit de plantillas Elementor dise\u00f1ado espec\u00edficamente para sitios web de perfumes, fragancias y colonias. Perfecta para mostrar tus productos o tu marca, Cologne combina elegancia y funcionalidad para crear una experiencia online perfecta. Construido con elementos gratuitos, este kit de plantilla le permite crear un sitio web profesional sin costes adicionales, por lo que es ideal para empresas, artesanos o entusiastas de las fragancias.<\/p>\n\n<h3>Plantillas de p\u00e1gina completas<\/h3>\n<p>Colonia ofrece una amplia gama de p\u00e1ginas bellamente dise\u00f1adas para satisfacer todas las necesidades de su sitio web, incluyendo:<\/p>\n<ul>\n  <li><strong>Inicio<\/strong>: Una p\u00e1gina de inicio impactante para atraer a su p\u00fablico.<\/li>\n  <li><strong>Qui\u00e9nes somos<\/strong>: Cuente la historia \u00fanica de su marca.<\/li>\n  <li><strong>Perfume<\/strong>: Muestre sus aromas caracter\u00edsticos con estilo.<\/li>\n  <li><strong>Colecci\u00f3n<\/strong>: Muestre su gama de productos en un dise\u00f1o elegante.<\/li>\n  <li><strong>Preguntas frecuentes<\/strong>: Atienda las preguntas de los clientes con facilidad.<\/li>\n  <li><strong>Blog y Blog individual<\/strong>: Comparta ideas, consejos o noticias sobre fragancias.<\/li>\n  <li><strong>Galer\u00eda<\/strong>: Destaque sus productos con im\u00e1genes impactantes.<\/li>\n  <li><strong>404<\/strong>: Una p\u00e1gina de error personalizada para una navegaci\u00f3n fluida.<\/li>\n  <li><strong>Contacte con nosotros<\/strong>: Facilite la conexi\u00f3n de los visitantes.<\/li>\n<\/ul>\n\n<h3>Personalizaci\u00f3n perfecta con Elementor<\/h3>\n<p>Dise\u00f1ado para su uso con Elementor, Colonia garantiza una experiencia f\u00e1cil de usar sin necesidad de plugins premium. Se integra a la perfecci\u00f3n con herramientas gratuitas como <strong>ElementsKit Lite<\/strong>, <strong>Kit Jeg Elementor<\/strong>y <strong>Metform<\/strong>. El kit tambi\u00e9n incluye un <strong>Plantilla de encabezado, pie de p\u00e1gina y bloques<\/strong> para mantener un dise\u00f1o coherente en todo el sitio.<\/p>\n\n<h3>Tipograf\u00eda elegante<\/h3>\n<p>Colonia utiliza fuentes modernas y sofisticadas para realzar la est\u00e9tica de su sitio web:<\/p>\n<ul>\n  <li><strong>Montserrat<\/strong>: Atrevidos y elegantes para t\u00edtulos impactantes.<\/li>\n  <li><strong>Open Sans<\/strong>: Limpio y accesible para el cuerpo del texto.<\/li>\n  <li><strong>Roboto<\/strong>: Profesional y vers\u00e1til para un aspecto pulido.<\/li>\n<\/ul>\n\n<h3>C\u00f3mo instalar Colonia<\/h3>\n<p>Empezar con Colonia es r\u00e1pido y sencillo. Siga estos pasos para crear su sitio web de fragancias:<\/p>\n<ol>\n  <li>Instale y active el <strong>Envato Elementos<\/strong> en el men\u00fa Plugins de WordPress.<\/li>\n  <li>Descargue el archivo del kit de plantillas de Colonia (no lo descomprima).<\/li>\n  <li>Ir a <strong>Elementos &gt; Kits instalados<\/strong> en WordPress y haga clic en el bot\u00f3n <strong>Cargar kit de plantillas<\/strong> . Como alternativa, conecte su suscripci\u00f3n a Envato Elements para realizar importaciones autom\u00e1ticas.<\/li>\n  <li>Instale los plugins necesarios a trav\u00e9s del banner naranja situado en la parte superior de la p\u00e1gina Kits instalados.<\/li>\n  <li>Importe el <strong>Estilos de kits globales<\/strong> y, a continuaci\u00f3n, importe las plantillas una a una. \u00c9stas se almacenar\u00e1n en <strong>Plantillas &gt; Plantillas guardadas<\/strong> en Elementor.<\/li>\n  <li>Cree una nueva p\u00e1gina, seleccione <strong>Editar con Elementor<\/strong>y elija <strong>Elementor ancho completo<\/strong> en la configuraci\u00f3n de la p\u00e1gina para ocultar el t\u00edtulo de la p\u00e1gina.<\/li>\n  <li>Haga clic en el icono de carpeta gris en Elementor para acceder a la carpeta <strong>Mis plantillas<\/strong> e importe la p\u00e1gina que desea personalizar.<\/li>\n<\/ol>\n\n<h3>A\u00f1adir formularios personalizados Metform<\/h3>\n<p>Para incorporar formularios personalizados, siga estos sencillos pasos:<\/p>\n<ol>\n  <li>Importe la plantilla Metform.<\/li>\n  <li>Edita la p\u00e1gina con el formulario en Elementor.<\/li>\n  <li>Seleccione el widget Metform en la columna deseada y haga clic en <strong>Editar formulario<\/strong>.<\/li>\n  <li>Elija <strong>Nuevo<\/strong>deje seleccionada la opci\u00f3n en blanco y pulse el bot\u00f3n <strong>Editar formulario<\/strong> bot\u00f3n.<\/li>\n  <li>Haga clic en el bot\u00f3n <strong>A\u00f1adir plantilla<\/strong> bot\u00f3n gris de la carpeta, navegue hasta el <strong>Mis plantillas<\/strong> y seleccione la plantilla Metform importada.<\/li>\n  <li>Haga clic en <strong>Inserte<\/strong> y luego <strong>Actualizaci\u00f3n<\/strong> para completar la configuraci\u00f3n del formulario.<\/li>\n<\/ol>\n\n<h3>Licencia de im\u00e1genes<\/h3>\n<p>Colonia incluye im\u00e1genes de demostraci\u00f3n de Envato Elements. Para utilizar estas im\u00e1genes en su sitio web, tendr\u00e1 que obtener la licencia de Envato Elements o sustituirlas por sus propias im\u00e1genes para personalizar su sitio y garantizar el cumplimiento.<\/p>\n\n<h3>\u00bfPor qu\u00e9 Colonia?<\/h3>\n<p>Colonia es la soluci\u00f3n ideal para crear un sitio web de fragancias profesional y visualmente impactante. Con sus diversas plantillas de p\u00e1gina, su compatibilidad con plugins gratuitos y su sencillo proceso de configuraci\u00f3n, Colonia facilita la creaci\u00f3n de un sitio web que refleje la esencia de su marca. Empiece hoy mismo a crear su presencia en Internet con Colonia.<\/p>\n\t\t\t\t\t<\/div>\n\t\t\t\t\t\t<\/div>\n\t\t\t\t<\/div>\n\t\t\t\t<\/div>\n\t\t\t\t<\/div>","protected":false},"excerpt":{"rendered":"<p>Cologne: Craft a Captivating Fragrance Website with Elementor Cologne is a versatile Elementor template kit designed specifically for perfume, fragrance,<\/p>","protected":false},"featured_media":7220,"comment_status":"open","ping_status":"closed","template":"","meta":{"_acf_changed":false},"product_brand":[],"product_cat":[50],"product_tag":[],"class_list":{"0":"post-7240","1":"product","2":"type-product","3":"status-publish","4":"has-post-thumbnail","6":"product_cat-template-kits","8":"first","9":"instock","10":"sale","11":"downloadable","12":"shipping-taxable","13":"purchasable","14":"product-type-simple"},"acf":[],"yoast_head":"<!-- This site is optimized with the Yoast SEO Premium plugin v25.6 (Yoast SEO v27.1.1) - https:\/\/yoast.com\/product\/yoast-seo-premium-wordpress\/ -->\n<title>Cologne: Perfume &amp; Fragrance Elementor Template Kit - AllWin Theme \u2013 Free WordPress Themes Download<\/title>\n<meta name=\"description\" content=\"Build a stunning perfume website with Cologne, an Elementor template kit. Includes Home, About, Collection, Blog, and more. Free elements, easy to customize.\" \/>\n<meta name=\"robots\" content=\"index, follow, max-snippet:-1, max-image-preview:large, max-video-preview:-1\" \/>\n<link rel=\"canonical\" href=\"https:\/\/allwintheme.com\/es\/producto\/colonia-perfume-fragancia-elementor-plantilla\/\" \/>\n<meta property=\"og:locale\" content=\"es_ES\" \/>\n<meta property=\"og:type\" content=\"article\" \/>\n<meta property=\"og:title\" content=\"Cologne: Perfume &amp; Fragrance Elementor Template Kit\" \/>\n<meta property=\"og:description\" content=\"Build a stunning perfume website with Cologne, an Elementor template kit. Includes Home, About, Collection, Blog, and more. Free elements, easy to customize.\" \/>\n<meta property=\"og:url\" content=\"https:\/\/allwintheme.com\/es\/producto\/colonia-perfume-fragancia-elementor-plantilla\/\" \/>\n<meta property=\"og:site_name\" content=\"AllWin Theme \u2013 Free WordPress Themes Download\" \/>\n<meta property=\"article:modified_time\" content=\"2025-09-17T13:06:21+00:00\" \/>\n<meta property=\"og:image\" content=\"https:\/\/allwintheme.com\/wp-content\/uploads\/2025\/09\/oeqp0w9l.png\" \/>\n\t<meta property=\"og:image:width\" content=\"768\" \/>\n\t<meta property=\"og:image:height\" content=\"421\" \/>\n\t<meta property=\"og:image:type\" content=\"image\/png\" \/>\n<meta name=\"twitter:card\" content=\"summary_large_image\" \/>\n<meta name=\"twitter:label1\" content=\"Tiempo estimado de lectura\" \/>\n\t<meta name=\"twitter:data1\" content=\"4 minutos\" \/>\n<script type=\"application\/ld+json\" class=\"yoast-schema-graph\">{\"@context\":\"https:\/\/schema.org\",\"@graph\":[{\"@type\":\"WebPage\",\"@id\":\"https:\/\/allwintheme.com\/product\/cologne-perfume-fragrance-elementor-template\/\",\"url\":\"https:\/\/allwintheme.com\/product\/cologne-perfume-fragrance-elementor-template\/\",\"name\":\"Cologne: Perfume & Fragrance Elementor Template Kit - AllWin Theme \u2013 Free WordPress Themes Download\",\"isPartOf\":{\"@id\":\"https:\/\/allwintheme.com\/#website\"},\"primaryImageOfPage\":{\"@id\":\"https:\/\/allwintheme.com\/product\/cologne-perfume-fragrance-elementor-template\/#primaryimage\"},\"image\":{\"@id\":\"https:\/\/allwintheme.com\/product\/cologne-perfume-fragrance-elementor-template\/#primaryimage\"},\"thumbnailUrl\":\"https:\/\/allwintheme.com\/wp-content\/uploads\/2025\/09\/oeqp0w9l.png\",\"datePublished\":\"2025-09-16T01:34:36+00:00\",\"dateModified\":\"2025-09-17T13:06:21+00:00\",\"description\":\"Build a stunning perfume website with Cologne, an Elementor template kit. Includes Home, About, Collection, Blog, and more. Free elements, easy to customize.\",\"breadcrumb\":{\"@id\":\"https:\/\/allwintheme.com\/product\/cologne-perfume-fragrance-elementor-template\/#breadcrumb\"},\"inLanguage\":\"es-CL\",\"potentialAction\":[{\"@type\":\"ReadAction\",\"target\":[\"https:\/\/allwintheme.com\/product\/cologne-perfume-fragrance-elementor-template\/\"]}]},{\"@type\":\"ImageObject\",\"inLanguage\":\"es-CL\",\"@id\":\"https:\/\/allwintheme.com\/product\/cologne-perfume-fragrance-elementor-template\/#primaryimage\",\"url\":\"https:\/\/allwintheme.com\/wp-content\/uploads\/2025\/09\/oeqp0w9l.png\",\"contentUrl\":\"https:\/\/allwintheme.com\/wp-content\/uploads\/2025\/09\/oeqp0w9l.png\",\"width\":768,\"height\":421,\"caption\":\"Cologne \u2013 Perfume & Fragrance Elementor Template\"},{\"@type\":\"BreadcrumbList\",\"@id\":\"https:\/\/allwintheme.com\/product\/cologne-perfume-fragrance-elementor-template\/#breadcrumb\",\"itemListElement\":[{\"@type\":\"ListItem\",\"position\":1,\"name\":\"Home\",\"item\":\"https:\/\/allwintheme.com\/\"},{\"@type\":\"ListItem\",\"position\":2,\"name\":\"Shop\",\"item\":\"https:\/\/allwintheme.com\/shop\/\"},{\"@type\":\"ListItem\",\"position\":3,\"name\":\"Cologne: Perfume &#038; Fragrance Elementor Template Kit\"}]},{\"@type\":\"WebSite\",\"@id\":\"https:\/\/allwintheme.com\/#website\",\"url\":\"https:\/\/allwintheme.com\/\",\"name\":\"Allwintheme\",\"description\":\"Download free WordPress themes for every niche. Blogs, business, eCommerce, portfolio, restaurant and more. All themes are GPL licensed and mobile-ready.\",\"potentialAction\":[{\"@type\":\"SearchAction\",\"target\":{\"@type\":\"EntryPoint\",\"urlTemplate\":\"https:\/\/allwintheme.com\/?s={search_term_string}\"},\"query-input\":{\"@type\":\"PropertyValueSpecification\",\"valueRequired\":true,\"valueName\":\"search_term_string\"}}],\"inLanguage\":\"es-CL\"}]}<\/script>\n<!-- \/ Yoast SEO Premium plugin. -->","yoast_head_json":{"title":"Cologne: Perfume & Fragrance Elementor Template Kit - AllWin Theme \u2013 Free WordPress Themes Download","description":"Construye un impresionante sitio web de perfumes con Cologne, un kit de plantillas Elementor. Incluye Inicio, Acerca de, Colecci\u00f3n, Blog y m\u00e1s. Elementos gratuitos, f\u00e1ciles de personalizar.","robots":{"index":"index","follow":"follow","max-snippet":"max-snippet:-1","max-image-preview":"max-image-preview:large","max-video-preview":"max-video-preview:-1"},"canonical":"https:\/\/allwintheme.com\/es\/producto\/colonia-perfume-fragancia-elementor-plantilla\/","og_locale":"es_ES","og_type":"article","og_title":"Cologne: Perfume & Fragrance Elementor Template Kit","og_description":"Build a stunning perfume website with Cologne, an Elementor template kit. Includes Home, About, Collection, Blog, and more. Free elements, easy to customize.","og_url":"https:\/\/allwintheme.com\/es\/producto\/colonia-perfume-fragancia-elementor-plantilla\/","og_site_name":"AllWin Theme \u2013 Free WordPress Themes Download","article_modified_time":"2025-09-17T13:06:21+00:00","og_image":[{"width":768,"height":421,"url":"https:\/\/allwintheme.com\/wp-content\/uploads\/2025\/09\/oeqp0w9l.png","type":"image\/png"}],"twitter_card":"summary_large_image","twitter_misc":{"Tiempo estimado de lectura":"4 minutos"},"schema":{"@context":"https:\/\/schema.org","@graph":[{"@type":"WebPage","@id":"https:\/\/allwintheme.com\/product\/cologne-perfume-fragrance-elementor-template\/","url":"https:\/\/allwintheme.com\/product\/cologne-perfume-fragrance-elementor-template\/","name":"Cologne: Perfume & Fragrance Elementor Template Kit - AllWin Theme \u2013 Free WordPress Themes Download","isPartOf":{"@id":"https:\/\/allwintheme.com\/#website"},"primaryImageOfPage":{"@id":"https:\/\/allwintheme.com\/product\/cologne-perfume-fragrance-elementor-template\/#primaryimage"},"image":{"@id":"https:\/\/allwintheme.com\/product\/cologne-perfume-fragrance-elementor-template\/#primaryimage"},"thumbnailUrl":"https:\/\/allwintheme.com\/wp-content\/uploads\/2025\/09\/oeqp0w9l.png","datePublished":"2025-09-16T01:34:36+00:00","dateModified":"2025-09-17T13:06:21+00:00","description":"Construye un impresionante sitio web de perfumes con Cologne, un kit de plantillas Elementor. Incluye Inicio, Acerca de, Colecci\u00f3n, Blog y m\u00e1s. Elementos gratuitos, f\u00e1ciles de personalizar.","breadcrumb":{"@id":"https:\/\/allwintheme.com\/product\/cologne-perfume-fragrance-elementor-template\/#breadcrumb"},"inLanguage":"es-CL","potentialAction":[{"@type":"ReadAction","target":["https:\/\/allwintheme.com\/product\/cologne-perfume-fragrance-elementor-template\/"]}]},{"@type":"ImageObject","inLanguage":"es-CL","@id":"https:\/\/allwintheme.com\/product\/cologne-perfume-fragrance-elementor-template\/#primaryimage","url":"https:\/\/allwintheme.com\/wp-content\/uploads\/2025\/09\/oeqp0w9l.png","contentUrl":"https:\/\/allwintheme.com\/wp-content\/uploads\/2025\/09\/oeqp0w9l.png","width":768,"height":421,"caption":"Cologne \u2013 Perfume & Fragrance Elementor Template"},{"@type":"BreadcrumbList","@id":"https:\/\/allwintheme.com\/product\/cologne-perfume-fragrance-elementor-template\/#breadcrumb","itemListElement":[{"@type":"ListItem","position":1,"name":"Home","item":"https:\/\/allwintheme.com\/"},{"@type":"ListItem","position":2,"name":"Shop","item":"https:\/\/allwintheme.com\/shop\/"},{"@type":"ListItem","position":3,"name":"Cologne: Perfume &#038; Fragrance Elementor Template Kit"}]},{"@type":"WebSite","@id":"https:\/\/allwintheme.com\/#website","url":"https:\/\/allwintheme.com\/","name":"Allwintheme","description":"Descarga gratis temas de WordPress para todos los nichos. Blogs, negocios, comercio electr\u00f3nico, portafolio, restaurante y m\u00e1s. Todos los temas tienen licencia GPL y est\u00e1n preparados para dispositivos m\u00f3viles.","potentialAction":[{"@type":"SearchAction","target":{"@type":"EntryPoint","urlTemplate":"https:\/\/allwintheme.com\/?s={search_term_string}"},"query-input":{"@type":"PropertyValueSpecification","valueRequired":true,"valueName":"search_term_string"}}],"inLanguage":"es-CL"}]}},"_links":{"self":[{"href":"https:\/\/allwintheme.com\/es\/wp-json\/wp\/v2\/product\/7240","targetHints":{"allow":["GET"]}}],"collection":[{"href":"https:\/\/allwintheme.com\/es\/wp-json\/wp\/v2\/product"}],"about":[{"href":"https:\/\/allwintheme.com\/es\/wp-json\/wp\/v2\/types\/product"}],"replies":[{"embeddable":true,"href":"https:\/\/allwintheme.com\/es\/wp-json\/wp\/v2\/comments?post=7240"}],"version-history":[{"count":0,"href":"https:\/\/allwintheme.com\/es\/wp-json\/wp\/v2\/product\/7240\/revisions"}],"wp:featuredmedia":[{"embeddable":true,"href":"https:\/\/allwintheme.com\/es\/wp-json\/wp\/v2\/media\/7220"}],"wp:attachment":[{"href":"https:\/\/allwintheme.com\/es\/wp-json\/wp\/v2\/media?parent=7240"}],"wp:term":[{"taxonomy":"product_brand","embeddable":true,"href":"https:\/\/allwintheme.com\/es\/wp-json\/wp\/v2\/product_brand?post=7240"},{"taxonomy":"product_cat","embeddable":true,"href":"https:\/\/allwintheme.com\/es\/wp-json\/wp\/v2\/product_cat?post=7240"},{"taxonomy":"product_tag","embeddable":true,"href":"https:\/\/allwintheme.com\/es\/wp-json\/wp\/v2\/product_tag?post=7240"}],"curies":[{"name":"wp","href":"https:\/\/api.w.org\/{rel}","templated":true}]}}