{"id":7241,"date":"2025-09-16T01:35:04","date_gmt":"2025-09-16T01:35:04","guid":{"rendered":"https:\/\/allwintheme.com\/?post_type=product&#038;p=7241"},"modified":"2025-09-17T13:04:38","modified_gmt":"2025-09-17T13:04:38","slug":"elixir-perfumista-plantilla-elementor","status":"publish","type":"product","link":"https:\/\/allwintheme.com\/es\/producto\/elixir-perfumista-plantilla-elementor\/","title":{"rendered":"Elixir: Perfume Maker Elementor Template Kit"},"content":{"rendered":"<div data-elementor-type=\"wp-post\" data-elementor-id=\"7241\" class=\"elementor elementor-7241\" data-elementor-settings=\"{&quot;element_pack_global_tooltip_width&quot;:{&quot;unit&quot;:&quot;px&quot;,&quot;size&quot;:&quot;&quot;,&quot;sizes&quot;:[]},&quot;element_pack_global_tooltip_width_tablet&quot;:{&quot;unit&quot;:&quot;px&quot;,&quot;size&quot;:&quot;&quot;,&quot;sizes&quot;:[]},&quot;element_pack_global_tooltip_width_mobile&quot;:{&quot;unit&quot;:&quot;px&quot;,&quot;size&quot;:&quot;&quot;,&quot;sizes&quot;:[]},&quot;element_pack_global_tooltip_padding&quot;:{&quot;unit&quot;:&quot;px&quot;,&quot;top&quot;:&quot;&quot;,&quot;right&quot;:&quot;&quot;,&quot;bottom&quot;:&quot;&quot;,&quot;left&quot;:&quot;&quot;,&quot;isLinked&quot;:true},&quot;element_pack_global_tooltip_padding_tablet&quot;:{&quot;unit&quot;:&quot;px&quot;,&quot;top&quot;:&quot;&quot;,&quot;right&quot;:&quot;&quot;,&quot;bottom&quot;:&quot;&quot;,&quot;left&quot;:&quot;&quot;,&quot;isLinked&quot;:true},&quot;element_pack_global_tooltip_padding_mobile&quot;:{&quot;unit&quot;:&quot;px&quot;,&quot;top&quot;:&quot;&quot;,&quot;right&quot;:&quot;&quot;,&quot;bottom&quot;:&quot;&quot;,&quot;left&quot;:&quot;&quot;,&quot;isLinked&quot;:true},&quot;element_pack_global_tooltip_border_radius&quot;:{&quot;unit&quot;:&quot;px&quot;,&quot;top&quot;:&quot;&quot;,&quot;right&quot;:&quot;&quot;,&quot;bottom&quot;:&quot;&quot;,&quot;left&quot;:&quot;&quot;,&quot;isLinked&quot;:true},&quot;element_pack_global_tooltip_border_radius_tablet&quot;:{&quot;unit&quot;:&quot;px&quot;,&quot;top&quot;:&quot;&quot;,&quot;right&quot;:&quot;&quot;,&quot;bottom&quot;:&quot;&quot;,&quot;left&quot;:&quot;&quot;,&quot;isLinked&quot;:true},&quot;element_pack_global_tooltip_border_radius_mobile&quot;:{&quot;unit&quot;:&quot;px&quot;,&quot;top&quot;:&quot;&quot;,&quot;right&quot;:&quot;&quot;,&quot;bottom&quot;:&quot;&quot;,&quot;left&quot;:&quot;&quot;,&quot;isLinked&quot;:true}}\" data-elementor-post-type=\"product\">\n\t\t\t\t<div class=\"elementor-element elementor-element-93aa4a8 e-con-full e-flex e-con e-parent\" data-id=\"93aa4a8\" data-element_type=\"container\" data-e-type=\"container\">\n\t\t\t\t<div class=\"elementor-element elementor-element-2c3f760 miaoshu elementor-widget elementor-widget-wd_text_block\" data-id=\"2c3f760\" data-element_type=\"widget\" data-e-type=\"widget\" data-widget_type=\"wd_text_block.default\">\n\t\t\t\t<div class=\"elementor-widget-container\">\n\t\t\t\t\t\t\t<div class=\"wd-text-block reset-last-child text-left\">\n\t\t\t\n\t\t\t<h2>Elixir: Cree un impresionante sitio web de perfumer\u00eda con Elementor<\/h2>\n<p>Elixir es un bonito kit de plantillas Elementor dise\u00f1ado para perfumistas, marcas de fragancias y creadores de esencias artesanales. Perfecta para mostrar tus creaciones \u00fanicas, Elixir combina elegancia y funcionalidad para ofrecer una presencia online profesional. Construido con elementos gratuitos, este kit de plantillas garantiza que puedas crear un sitio web cautivador sin costes adicionales, por lo que es ideal para peque\u00f1as empresas, artesanos o entusiastas de las fragancias.<\/p>\n\n<h3>Plantillas de p\u00e1gina vers\u00e1tiles<\/h3>\n<p>Elixir proporciona una amplia selecci\u00f3n de p\u00e1ginas predise\u00f1adas para cubrir todos los aspectos de su sitio web de fragancias, entre los que se incluyen:<\/p>\n<ul>\n  <li><strong>Inicio<\/strong>: Una p\u00e1gina de inicio visualmente atractiva para atraer a los visitantes.<\/li>\n  <li><strong>Qui\u00e9nes somos<\/strong>: Comparte la historia que hay detr\u00e1s de tu oficio y tu marca.<\/li>\n  <li><strong>Perfume<\/strong>: Resalte sus aromas caracter\u00edsticos con elegancia.<\/li>\n  <li><strong>Colecci\u00f3n<\/strong>: Muestre su l\u00ednea de fragancias en un dise\u00f1o elegante.<\/li>\n  <li><strong>Preguntas frecuentes<\/strong>: Responder a las preguntas de los clientes con claridad.<\/li>\n  <li><strong>Blog y Blog individual<\/strong>: Comparta historias, consejos o actualizaciones sobre fragancias.<\/li>\n  <li><strong>Galer\u00eda<\/strong>: Muestre impresionantes im\u00e1genes de sus productos.<\/li>\n  <li><strong>404<\/strong>: Una p\u00e1gina de error personalizada para una navegaci\u00f3n fluida.<\/li>\n  <li><strong>Contacte con nosotros<\/strong>: Facilite a los clientes la conexi\u00f3n con usted.<\/li>\n<\/ul>\n\n<h3>Personalizaci\u00f3n sin esfuerzo con Elementor<\/h3>\n<p>Elixir est\u00e1 dise\u00f1ado para funcionar a la perfecci\u00f3n con Elementor, ofreciendo una experiencia f\u00e1cil de usar sin necesidad de plugins premium. Se integra con herramientas gratuitas como <strong>ElementsKit Lite<\/strong>, <strong>Kit Jeg Elementor<\/strong>y <strong>Metform<\/strong>. El kit tambi\u00e9n incluye un <strong>Plantilla de encabezado, pie de p\u00e1gina y bloques<\/strong> para garantizar un dise\u00f1o coherente y pulido en todo el sitio.<\/p>\n\n<h3>Tipograf\u00eda refinada<\/h3>\n<p>Elixir incorpora fuentes modernas y sofisticadas para elevar la est\u00e9tica de su sitio web:<\/p>\n<ul>\n  <li><strong>Montserrat<\/strong>: Audaz y elegante para t\u00edtulos llamativos.<\/li>\n  <li><strong>Open Sans<\/strong>: Limpio y accesible para el cuerpo del texto.<\/li>\n  <li><strong>Roboto<\/strong>: Vers\u00e1til y profesional para un look refinado.<\/li>\n<\/ul>\n\n<h3>C\u00f3mo configurar Elixir<\/h3>\n<p>Construir su sitio web con Elixir es sencillo e intuitivo. Siga estos pasos para empezar:<\/p>\n<ol>\n  <li>Instale y active el <strong>Envato Elementos<\/strong> en el men\u00fa Plugins de WordPress.<\/li>\n  <li>Descargue el archivo del kit de plantillas Elixir (no lo descomprima).<\/li>\n  <li>Vaya a <strong>Elementos &gt; Kits instalados<\/strong> en WordPress y haga clic en el bot\u00f3n <strong>Cargar kit de plantillas<\/strong> . Como alternativa, conecte su suscripci\u00f3n a Envato Elements para realizar importaciones autom\u00e1ticas.<\/li>\n  <li>Instale los plugins necesarios a trav\u00e9s del banner naranja situado en la parte superior de la p\u00e1gina Kits instalados.<\/li>\n  <li>Importe el <strong>Estilos de kits globales<\/strong> y, a continuaci\u00f3n, importe las plantillas de una en una. \u00c9stas se guardar\u00e1n en <strong>Plantillas &gt; Plantillas guardadas<\/strong> en Elementor.<\/li>\n  <li>Cree una nueva p\u00e1gina, seleccione <strong>Editar con Elementor<\/strong>y elija <strong>Elementor ancho completo<\/strong> en la configuraci\u00f3n de la p\u00e1gina para ocultar el t\u00edtulo de la p\u00e1gina.<\/li>\n  <li>Haga clic en el icono de carpeta gris en Elementor para acceder a la carpeta <strong>Mis plantillas<\/strong> e importe la p\u00e1gina que desea personalizar.<\/li>\n<\/ol>\n\n<h3>A\u00f1adir formularios personalizados Metform<\/h3>\n<p>Para incluir formularios personalizados en su sitio web, siga estos pasos:<\/p>\n<ol>\n  <li>Importe la plantilla Metform.<\/li>\n  <li>Edite la p\u00e1gina que contiene el formulario en Elementor.<\/li>\n  <li>Seleccione el widget Metform en la columna deseada y haga clic en <strong>Editar formulario<\/strong>.<\/li>\n  <li>Elija <strong>Nuevo<\/strong>deje seleccionada la opci\u00f3n en blanco y pulse el bot\u00f3n <strong>Editar formulario<\/strong> bot\u00f3n.<\/li>\n  <li>Haga clic en el bot\u00f3n <strong>A\u00f1adir plantilla<\/strong> bot\u00f3n gris de la carpeta, vaya a la <strong>Mis plantillas<\/strong> y seleccione la plantilla Metform importada.<\/li>\n  <li>Haga clic en <strong>Inserte<\/strong> y luego <strong>Actualizaci\u00f3n<\/strong> para finalizar la configuraci\u00f3n del formulario.<\/li>\n<\/ol>\n\n<h3>Licencia de im\u00e1genes<\/h3>\n<p>Elixir incluye im\u00e1genes de demostraci\u00f3n de Envato Elements. Para utilizar estas im\u00e1genes en su sitio web, tendr\u00e1 que obtener una licencia de Envato Elements o sustituirlas por sus propios elementos visuales para personalizar su sitio y garantizar el cumplimiento.<\/p>\n\n<h3>\u00bfPor qu\u00e9 elegir Elixir?<\/h3>\n<p>Elixir es la elecci\u00f3n perfecta para fabricantes de perfumes y marcas de fragancias que buscan crear un sitio web profesional y visualmente impresionante. Con sus diversas plantillas de p\u00e1gina, su compatibilidad con plugins gratuitos y su proceso de configuraci\u00f3n f\u00e1cil de seguir, Elixir le permite crear una presencia en l\u00ednea que refleja el arte de sus fragancias. Empiece hoy mismo a crear su sitio web de fragancias con Elixir.<\/p>\n\t\t\t\t\t<\/div>\n\t\t\t\t\t\t<\/div>\n\t\t\t\t<\/div>\n\t\t\t\t<\/div>\n\t\t\t\t<\/div>","protected":false},"excerpt":{"rendered":"<p>Elixir: Create a Stunning Perfume Maker Website with Elementor Elixir is a beautifully crafted Elementor template kit designed for perfume<\/p>","protected":false},"featured_media":7219,"comment_status":"open","ping_status":"closed","template":"","meta":{"_acf_changed":false},"product_brand":[],"product_cat":[50],"product_tag":[],"class_list":{"0":"post-7241","1":"product","2":"type-product","3":"status-publish","4":"has-post-thumbnail","6":"product_cat-template-kits","8":"first","9":"instock","10":"sale","11":"downloadable","12":"shipping-taxable","13":"purchasable","14":"product-type-simple"},"acf":[],"yoast_head":"<!-- This site is optimized with the Yoast SEO Premium plugin v25.6 (Yoast SEO v27.1.1) - https:\/\/yoast.com\/product\/yoast-seo-premium-wordpress\/ -->\n<title>Elixir: Perfume Maker Elementor Template Kit - AllWin Theme \u2013 Free WordPress Themes Download<\/title>\n<meta name=\"description\" content=\"Craft a captivating perfume website with Elixir, an Elementor template kit. Features Home, About, Collection, Blog, and more. Free elements, fully customizable.\" \/>\n<meta name=\"robots\" content=\"index, follow, max-snippet:-1, max-image-preview:large, max-video-preview:-1\" \/>\n<link rel=\"canonical\" href=\"https:\/\/allwintheme.com\/es\/producto\/elixir-perfumista-plantilla-elementor\/\" \/>\n<meta property=\"og:locale\" content=\"es_ES\" \/>\n<meta property=\"og:type\" content=\"article\" \/>\n<meta property=\"og:title\" content=\"Elixir: Perfume Maker Elementor Template Kit\" \/>\n<meta property=\"og:description\" content=\"Craft a captivating perfume website with Elixir, an Elementor template kit. Features Home, About, Collection, Blog, and more. Free elements, fully customizable.\" \/>\n<meta property=\"og:url\" content=\"https:\/\/allwintheme.com\/es\/producto\/elixir-perfumista-plantilla-elementor\/\" \/>\n<meta property=\"og:site_name\" content=\"AllWin Theme \u2013 Free WordPress Themes Download\" \/>\n<meta property=\"article:modified_time\" content=\"2025-09-17T13:04:38+00:00\" \/>\n<meta property=\"og:image\" content=\"https:\/\/allwintheme.com\/wp-content\/uploads\/2025\/09\/pdsxfjrf.png\" \/>\n\t<meta property=\"og:image:width\" content=\"768\" \/>\n\t<meta property=\"og:image:height\" content=\"463\" \/>\n\t<meta property=\"og:image:type\" content=\"image\/png\" \/>\n<meta name=\"twitter:card\" content=\"summary_large_image\" \/>\n<meta name=\"twitter:label1\" content=\"Tiempo estimado de lectura\" \/>\n\t<meta name=\"twitter:data1\" content=\"4 minutos\" \/>\n<script type=\"application\/ld+json\" class=\"yoast-schema-graph\">{\"@context\":\"https:\/\/schema.org\",\"@graph\":[{\"@type\":\"WebPage\",\"@id\":\"https:\/\/allwintheme.com\/product\/elixir-perfume-maker-elementor-template\/\",\"url\":\"https:\/\/allwintheme.com\/product\/elixir-perfume-maker-elementor-template\/\",\"name\":\"Elixir: Perfume Maker Elementor Template Kit - AllWin Theme \u2013 Free WordPress Themes Download\",\"isPartOf\":{\"@id\":\"https:\/\/allwintheme.com\/#website\"},\"primaryImageOfPage\":{\"@id\":\"https:\/\/allwintheme.com\/product\/elixir-perfume-maker-elementor-template\/#primaryimage\"},\"image\":{\"@id\":\"https:\/\/allwintheme.com\/product\/elixir-perfume-maker-elementor-template\/#primaryimage\"},\"thumbnailUrl\":\"https:\/\/allwintheme.com\/wp-content\/uploads\/2025\/09\/pdsxfjrf.png\",\"datePublished\":\"2025-09-16T01:35:04+00:00\",\"dateModified\":\"2025-09-17T13:04:38+00:00\",\"description\":\"Craft a captivating perfume website with Elixir, an Elementor template kit. Features Home, About, Collection, Blog, and more. Free elements, fully customizable.\",\"breadcrumb\":{\"@id\":\"https:\/\/allwintheme.com\/product\/elixir-perfume-maker-elementor-template\/#breadcrumb\"},\"inLanguage\":\"es-CL\",\"potentialAction\":[{\"@type\":\"ReadAction\",\"target\":[\"https:\/\/allwintheme.com\/product\/elixir-perfume-maker-elementor-template\/\"]}]},{\"@type\":\"ImageObject\",\"inLanguage\":\"es-CL\",\"@id\":\"https:\/\/allwintheme.com\/product\/elixir-perfume-maker-elementor-template\/#primaryimage\",\"url\":\"https:\/\/allwintheme.com\/wp-content\/uploads\/2025\/09\/pdsxfjrf.png\",\"contentUrl\":\"https:\/\/allwintheme.com\/wp-content\/uploads\/2025\/09\/pdsxfjrf.png\",\"width\":768,\"height\":463,\"caption\":\"Elixir \u2013 Perfume Maker Elementor Template\"},{\"@type\":\"BreadcrumbList\",\"@id\":\"https:\/\/allwintheme.com\/product\/elixir-perfume-maker-elementor-template\/#breadcrumb\",\"itemListElement\":[{\"@type\":\"ListItem\",\"position\":1,\"name\":\"Home\",\"item\":\"https:\/\/allwintheme.com\/\"},{\"@type\":\"ListItem\",\"position\":2,\"name\":\"Shop\",\"item\":\"https:\/\/allwintheme.com\/shop\/\"},{\"@type\":\"ListItem\",\"position\":3,\"name\":\"Elixir: Perfume Maker Elementor Template Kit\"}]},{\"@type\":\"WebSite\",\"@id\":\"https:\/\/allwintheme.com\/#website\",\"url\":\"https:\/\/allwintheme.com\/\",\"name\":\"Allwintheme\",\"description\":\"Download free WordPress themes for every niche. Blogs, business, eCommerce, portfolio, restaurant and more. All themes are GPL licensed and mobile-ready.\",\"potentialAction\":[{\"@type\":\"SearchAction\",\"target\":{\"@type\":\"EntryPoint\",\"urlTemplate\":\"https:\/\/allwintheme.com\/?s={search_term_string}\"},\"query-input\":{\"@type\":\"PropertyValueSpecification\",\"valueRequired\":true,\"valueName\":\"search_term_string\"}}],\"inLanguage\":\"es-CL\"}]}<\/script>\n<!-- \/ Yoast SEO Premium plugin. -->","yoast_head_json":{"title":"Elixir: Perfume Maker Elementor Template Kit - AllWin Theme \u2013 Free WordPress Themes Download","description":"Crea un sitio web de perfumes cautivador con Elixir, un kit de plantillas Elementor. Incluye Inicio, Acerca de, Colecci\u00f3n, Blog y m\u00e1s. Elementos gratuitos, totalmente personalizables.","robots":{"index":"index","follow":"follow","max-snippet":"max-snippet:-1","max-image-preview":"max-image-preview:large","max-video-preview":"max-video-preview:-1"},"canonical":"https:\/\/allwintheme.com\/es\/producto\/elixir-perfumista-plantilla-elementor\/","og_locale":"es_ES","og_type":"article","og_title":"Elixir: Perfume Maker Elementor Template Kit","og_description":"Craft a captivating perfume website with Elixir, an Elementor template kit. Features Home, About, Collection, Blog, and more. Free elements, fully customizable.","og_url":"https:\/\/allwintheme.com\/es\/producto\/elixir-perfumista-plantilla-elementor\/","og_site_name":"AllWin Theme \u2013 Free WordPress Themes Download","article_modified_time":"2025-09-17T13:04:38+00:00","og_image":[{"width":768,"height":463,"url":"https:\/\/allwintheme.com\/wp-content\/uploads\/2025\/09\/pdsxfjrf.png","type":"image\/png"}],"twitter_card":"summary_large_image","twitter_misc":{"Tiempo estimado de lectura":"4 minutos"},"schema":{"@context":"https:\/\/schema.org","@graph":[{"@type":"WebPage","@id":"https:\/\/allwintheme.com\/product\/elixir-perfume-maker-elementor-template\/","url":"https:\/\/allwintheme.com\/product\/elixir-perfume-maker-elementor-template\/","name":"Elixir: Perfume Maker Elementor Template Kit - AllWin Theme \u2013 Free WordPress Themes Download","isPartOf":{"@id":"https:\/\/allwintheme.com\/#website"},"primaryImageOfPage":{"@id":"https:\/\/allwintheme.com\/product\/elixir-perfume-maker-elementor-template\/#primaryimage"},"image":{"@id":"https:\/\/allwintheme.com\/product\/elixir-perfume-maker-elementor-template\/#primaryimage"},"thumbnailUrl":"https:\/\/allwintheme.com\/wp-content\/uploads\/2025\/09\/pdsxfjrf.png","datePublished":"2025-09-16T01:35:04+00:00","dateModified":"2025-09-17T13:04:38+00:00","description":"Crea un sitio web de perfumes cautivador con Elixir, un kit de plantillas Elementor. Incluye Inicio, Acerca de, Colecci\u00f3n, Blog y m\u00e1s. Elementos gratuitos, totalmente personalizables.","breadcrumb":{"@id":"https:\/\/allwintheme.com\/product\/elixir-perfume-maker-elementor-template\/#breadcrumb"},"inLanguage":"es-CL","potentialAction":[{"@type":"ReadAction","target":["https:\/\/allwintheme.com\/product\/elixir-perfume-maker-elementor-template\/"]}]},{"@type":"ImageObject","inLanguage":"es-CL","@id":"https:\/\/allwintheme.com\/product\/elixir-perfume-maker-elementor-template\/#primaryimage","url":"https:\/\/allwintheme.com\/wp-content\/uploads\/2025\/09\/pdsxfjrf.png","contentUrl":"https:\/\/allwintheme.com\/wp-content\/uploads\/2025\/09\/pdsxfjrf.png","width":768,"height":463,"caption":"Elixir \u2013 Perfume Maker Elementor Template"},{"@type":"BreadcrumbList","@id":"https:\/\/allwintheme.com\/product\/elixir-perfume-maker-elementor-template\/#breadcrumb","itemListElement":[{"@type":"ListItem","position":1,"name":"Home","item":"https:\/\/allwintheme.com\/"},{"@type":"ListItem","position":2,"name":"Shop","item":"https:\/\/allwintheme.com\/shop\/"},{"@type":"ListItem","position":3,"name":"Elixir: Perfume Maker Elementor Template Kit"}]},{"@type":"WebSite","@id":"https:\/\/allwintheme.com\/#website","url":"https:\/\/allwintheme.com\/","name":"Allwintheme","description":"Descarga gratis temas de WordPress para todos los nichos. Blogs, negocios, comercio electr\u00f3nico, portafolio, restaurante y m\u00e1s. Todos los temas tienen licencia GPL y est\u00e1n preparados para dispositivos m\u00f3viles.","potentialAction":[{"@type":"SearchAction","target":{"@type":"EntryPoint","urlTemplate":"https:\/\/allwintheme.com\/?s={search_term_string}"},"query-input":{"@type":"PropertyValueSpecification","valueRequired":true,"valueName":"search_term_string"}}],"inLanguage":"es-CL"}]}},"_links":{"self":[{"href":"https:\/\/allwintheme.com\/es\/wp-json\/wp\/v2\/product\/7241","targetHints":{"allow":["GET"]}}],"collection":[{"href":"https:\/\/allwintheme.com\/es\/wp-json\/wp\/v2\/product"}],"about":[{"href":"https:\/\/allwintheme.com\/es\/wp-json\/wp\/v2\/types\/product"}],"replies":[{"embeddable":true,"href":"https:\/\/allwintheme.com\/es\/wp-json\/wp\/v2\/comments?post=7241"}],"version-history":[{"count":0,"href":"https:\/\/allwintheme.com\/es\/wp-json\/wp\/v2\/product\/7241\/revisions"}],"wp:featuredmedia":[{"embeddable":true,"href":"https:\/\/allwintheme.com\/es\/wp-json\/wp\/v2\/media\/7219"}],"wp:attachment":[{"href":"https:\/\/allwintheme.com\/es\/wp-json\/wp\/v2\/media?parent=7241"}],"wp:term":[{"taxonomy":"product_brand","embeddable":true,"href":"https:\/\/allwintheme.com\/es\/wp-json\/wp\/v2\/product_brand?post=7241"},{"taxonomy":"product_cat","embeddable":true,"href":"https:\/\/allwintheme.com\/es\/wp-json\/wp\/v2\/product_cat?post=7241"},{"taxonomy":"product_tag","embeddable":true,"href":"https:\/\/allwintheme.com\/es\/wp-json\/wp\/v2\/product_tag?post=7241"}],"curies":[{"name":"wp","href":"https:\/\/api.w.org\/{rel}","templated":true}]}}