{"id":7242,"date":"2025-09-16T01:35:05","date_gmt":"2025-09-16T01:35:05","guid":{"rendered":"https:\/\/allwintheme.com\/?post_type=product&#038;p=7242"},"modified":"2025-09-17T13:03:13","modified_gmt":"2025-09-17T13:03:13","slug":"cosmecos-cosmetics-perfumes-wordpress-theme","status":"publish","type":"product","link":"https:\/\/allwintheme.com\/es\/producto\/cosmecos-cosmetics-perfumes-wordpress-theme\/","title":{"rendered":"Cosmecos: Cosm\u00e9ticos y Perfumes WordPress Tema"},"content":{"rendered":"<div data-elementor-type=\"wp-post\" data-elementor-id=\"7242\" class=\"elementor elementor-7242\" data-elementor-settings=\"{&quot;element_pack_global_tooltip_width&quot;:{&quot;unit&quot;:&quot;px&quot;,&quot;size&quot;:&quot;&quot;,&quot;sizes&quot;:[]},&quot;element_pack_global_tooltip_width_tablet&quot;:{&quot;unit&quot;:&quot;px&quot;,&quot;size&quot;:&quot;&quot;,&quot;sizes&quot;:[]},&quot;element_pack_global_tooltip_width_mobile&quot;:{&quot;unit&quot;:&quot;px&quot;,&quot;size&quot;:&quot;&quot;,&quot;sizes&quot;:[]},&quot;element_pack_global_tooltip_padding&quot;:{&quot;unit&quot;:&quot;px&quot;,&quot;top&quot;:&quot;&quot;,&quot;right&quot;:&quot;&quot;,&quot;bottom&quot;:&quot;&quot;,&quot;left&quot;:&quot;&quot;,&quot;isLinked&quot;:true},&quot;element_pack_global_tooltip_padding_tablet&quot;:{&quot;unit&quot;:&quot;px&quot;,&quot;top&quot;:&quot;&quot;,&quot;right&quot;:&quot;&quot;,&quot;bottom&quot;:&quot;&quot;,&quot;left&quot;:&quot;&quot;,&quot;isLinked&quot;:true},&quot;element_pack_global_tooltip_padding_mobile&quot;:{&quot;unit&quot;:&quot;px&quot;,&quot;top&quot;:&quot;&quot;,&quot;right&quot;:&quot;&quot;,&quot;bottom&quot;:&quot;&quot;,&quot;left&quot;:&quot;&quot;,&quot;isLinked&quot;:true},&quot;element_pack_global_tooltip_border_radius&quot;:{&quot;unit&quot;:&quot;px&quot;,&quot;top&quot;:&quot;&quot;,&quot;right&quot;:&quot;&quot;,&quot;bottom&quot;:&quot;&quot;,&quot;left&quot;:&quot;&quot;,&quot;isLinked&quot;:true},&quot;element_pack_global_tooltip_border_radius_tablet&quot;:{&quot;unit&quot;:&quot;px&quot;,&quot;top&quot;:&quot;&quot;,&quot;right&quot;:&quot;&quot;,&quot;bottom&quot;:&quot;&quot;,&quot;left&quot;:&quot;&quot;,&quot;isLinked&quot;:true},&quot;element_pack_global_tooltip_border_radius_mobile&quot;:{&quot;unit&quot;:&quot;px&quot;,&quot;top&quot;:&quot;&quot;,&quot;right&quot;:&quot;&quot;,&quot;bottom&quot;:&quot;&quot;,&quot;left&quot;:&quot;&quot;,&quot;isLinked&quot;:true}}\" data-elementor-post-type=\"product\">\n\t\t\t\t<div class=\"elementor-element elementor-element-93aa4a8 e-con-full e-flex e-con e-parent\" data-id=\"93aa4a8\" data-element_type=\"container\" data-e-type=\"container\">\n\t\t\t\t<div class=\"elementor-element elementor-element-2c3f760 miaoshu elementor-widget elementor-widget-wd_text_block\" data-id=\"2c3f760\" data-element_type=\"widget\" data-e-type=\"widget\" data-widget_type=\"wd_text_block.default\">\n\t\t\t\t<div class=\"elementor-widget-container\">\n\t\t\t\t\t\t\t<div class=\"wd-text-block reset-last-child text-left\">\n\t\t\t\n\t\t\t<h2>Cosmecos: Eleve su marca de belleza en Internet<\/h2>\n<p>Cosmecos es un tema premium de WordPress creado para negocios de cosm\u00e9tica, perfumer\u00eda y belleza. Dise\u00f1ado para crear una presencia en l\u00ednea cautivadora, combina elegancia con funcionalidad, por lo que es la elecci\u00f3n perfecta para los minoristas de belleza, marcas de cuidado de la piel y tiendas de cosm\u00e9ticos org\u00e1nicos. Gracias a la perfecta integraci\u00f3n con WooCommerce, Cosmecos le permite vender productos sin esfuerzo a la vez que muestra el estilo \u00fanico de su marca.<\/p>\n\n<h3>P\u00e1ginas vers\u00e1tiles para un sitio web completo<\/h3>\n<p>Cosmecos ofrece un amplio conjunto de p\u00e1ginas para satisfacer todas las necesidades de su empresa, entre las que se incluyen:<\/p>\n<ul>\n  <li><strong>Inicio<\/strong>: Una p\u00e1gina de inicio visualmente impactante para atraer a los visitantes.<\/li>\n  <li><strong>Qui\u00e9nes somos<\/strong>: Comparta la historia y los valores de su marca.<\/li>\n  <li><strong>Tienda<\/strong>: Muestra tus cosm\u00e9ticos y perfumes con WooCommerce.<\/li>\n  <li><strong>Colecci\u00f3n<\/strong>: Destaque las l\u00edneas de productos curados con elegancia.<\/li>\n  <li><strong>Preguntas frecuentes<\/strong>: Responder a las preguntas de los clientes de forma clara y concisa.<\/li>\n  <li><strong>Blog y Blog individual<\/strong>: Comparte consejos de belleza, tendencias o actualizaciones de la marca.<\/li>\n  <li><strong>Galer\u00eda<\/strong>: Muestre sus productos con im\u00e1genes de alta calidad.<\/li>\n  <li><strong>404<\/strong>: Una p\u00e1gina de error personalizada para una navegaci\u00f3n fluida.<\/li>\n  <li><strong>Contacte con nosotros<\/strong>: Facilitar la conexi\u00f3n de los clientes.<\/li>\n<\/ul>\n\n<h3>Caracter\u00edsticas principales para empresas de belleza<\/h3>\n<p>Cosmecos est\u00e1 repleto de funciones para que su tienda en l\u00ednea prospere:<\/p>\n<ul>\n  <li><strong>Integraci\u00f3n con WooCommerce<\/strong>: Configure y gestione su tienda online sin esfuerzo.<\/li>\n  <li><strong>Dise\u00f1o adaptable<\/strong>: Se ve impecable en ordenadores de sobremesa, tabletas y m\u00f3viles.<\/li>\n  <li><strong>Dise\u00f1os personalizables<\/strong>: Adapta el tema a la est\u00e9tica de tu marca.<\/li>\n  <li><strong>Productos<\/strong>: Destaque los cosm\u00e9ticos y perfumes con dise\u00f1os sorprendentes.<\/li>\n  <li><strong>SEO-Friendly<\/strong>: Optimizado para mejorar su posicionamiento en los motores de b\u00fasqueda.<\/li>\n  <li><strong>Carga r\u00e1pida<\/strong>: Garantiza una experiencia de usuario fluida y atractiva.<\/li>\n  <li><strong>Navegaci\u00f3n f\u00e1cil<\/strong>: Simplifica la navegaci\u00f3n a sus clientes.<\/li>\n  <li><strong>Apoyo integral<\/strong>: Incluye documentaci\u00f3n y asistencia para facilitar la configuraci\u00f3n.<\/li>\n<\/ul>\n\n<h3>Tipograf\u00eda y dise\u00f1o<\/h3>\n<p>Cosmecos utiliza fuentes modernas y elegantes para realzar el atractivo visual de su sitio web:<\/p>\n<ul>\n  <li><strong>Montserrat<\/strong>: Atrevidos y elegantes para t\u00edtulos llamativos.<\/li>\n  <li><strong>Open Sans<\/strong>: Limpio y legible para el contenido del cuerpo.<\/li>\n  <li><strong>Roboto<\/strong>: Profesional y vers\u00e1til para un aspecto pulido.<\/li>\n<\/ul>\n\n<h3>F\u00e1cil configuraci\u00f3n con Elementor y WooCommerce<\/h3>\n<p>Cosmecos est\u00e1 dise\u00f1ado para ser f\u00e1cil de usar, integr\u00e1ndose perfectamente con Elementor para la personalizaci\u00f3n de arrastrar y soltar y WooCommerce para una s\u00f3lida funcionalidad de comercio electr\u00f3nico. Tanto si est\u00e1 lanzando una nueva l\u00ednea de belleza como si est\u00e1 actualizando una tienda existente, Cosmecos ofrece una interfaz f\u00e1cil de usar para poner en marcha su sitio r\u00e1pidamente.<\/p>\n<ol>\n  <li>Instale el tema Cosmecos a trav\u00e9s de WordPress.<\/li>\n  <li>Active los plugins necesarios como Elementor y WooCommerce.<\/li>\n  <li>Importa plantillas predise\u00f1adas para personalizarlas con Elementor.<\/li>\n  <li>Configure su tienda WooCommerce y a\u00f1ada productos.<\/li>\n  <li>Personalice fuentes, colores y dise\u00f1os para reflejar su marca.<\/li>\n<\/ol>\n\n<h3>Licencia de im\u00e1genes<\/h3>\n<p>Cosmecos incluye im\u00e1genes de demostraci\u00f3n de Envato Elements. Para utilizar estas im\u00e1genes, deber\u00e1 obtener una licencia de Envato Elements o sustituirlas por sus propios elementos visuales para garantizar el cumplimiento y la alineaci\u00f3n con la identidad de su marca.<\/p>\n\n<h3>\u00bfPor qu\u00e9 elegir Cosmecos?<\/h3>\n<p>Cosmecos es el tema de WordPress definitivo para negocios de belleza y perfumer\u00eda que buscan destacar en Internet. Con su dise\u00f1o elegante, potentes funciones de comercio electr\u00f3nico y opciones de personalizaci\u00f3n flexibles, es perfecto para crear un sitio web profesional que cautive a los clientes e impulse las ventas. \u00a1Lance su tienda de cosm\u00e9ticos o perfumes hoy mismo con Cosmecos!<\/p>[](https:\/\/themeforest.net\/item\/cosmecos-cosmetics-perfumes-wordpress-theme\/30294022)[](https:\/\/themeshopbd.com\/product\/cosmecos-cosmetics-perfumes-woocommerce-theme\/)\n\t\t\t\t\t<\/div>\n\t\t\t\t\t\t<\/div>\n\t\t\t\t<\/div>\n\t\t\t\t<\/div>\n\t\t\t\t<\/div>","protected":false},"excerpt":{"rendered":"<p>Cosmecos: Elevate Your Beauty Brand Online Cosmecos is a premium WordPress theme crafted for cosmetics, perfumes, and beauty businesses. Designed<\/p>","protected":false},"featured_media":7218,"comment_status":"open","ping_status":"closed","template":"","meta":{"_acf_changed":false},"product_brand":[],"product_cat":[50],"product_tag":[],"class_list":{"0":"post-7242","1":"product","2":"type-product","3":"status-publish","4":"has-post-thumbnail","6":"product_cat-template-kits","8":"first","9":"instock","10":"sale","11":"downloadable","12":"shipping-taxable","13":"purchasable","14":"product-type-simple"},"acf":[],"yoast_head":"<!-- This site is optimized with the Yoast SEO Premium plugin v25.6 (Yoast SEO v27.4) - https:\/\/yoast.com\/product\/yoast-seo-premium-wordpress\/ -->\n<title>Cosmecos: Cosmetics &amp; Perfumes WordPress Theme - AllWin Theme \u2013 Free WordPress Themes Download<\/title>\n<meta name=\"description\" content=\"Launch a stunning cosmetics &amp; perfume store with Cosmecos WordPress Theme. WooCommerce-ready, responsive, and customizable for beauty brands.\" \/>\n<meta name=\"robots\" content=\"index, follow, max-snippet:-1, max-image-preview:large, max-video-preview:-1\" \/>\n<link rel=\"canonical\" href=\"https:\/\/allwintheme.com\/es\/producto\/cosmecos-cosmetics-perfumes-wordpress-theme\/\" \/>\n<meta property=\"og:locale\" content=\"es_ES\" \/>\n<meta property=\"og:type\" content=\"article\" \/>\n<meta property=\"og:title\" content=\"Cosmecos: Cosmetics &amp; Perfumes WordPress Theme\" \/>\n<meta property=\"og:description\" content=\"Launch a stunning cosmetics &amp; perfume store with Cosmecos WordPress Theme. WooCommerce-ready, responsive, and customizable for beauty brands.\" \/>\n<meta property=\"og:url\" content=\"https:\/\/allwintheme.com\/es\/producto\/cosmecos-cosmetics-perfumes-wordpress-theme\/\" \/>\n<meta property=\"og:site_name\" content=\"AllWin Theme \u2013 Free WordPress Themes Download\" \/>\n<meta property=\"article:modified_time\" content=\"2025-09-17T13:03:13+00:00\" \/>\n<meta property=\"og:image\" content=\"https:\/\/allwintheme.com\/wp-content\/uploads\/2025\/09\/sf9sa5na.png\" \/>\n\t<meta property=\"og:image:width\" content=\"590\" \/>\n\t<meta property=\"og:image:height\" content=\"300\" \/>\n\t<meta property=\"og:image:type\" content=\"image\/png\" \/>\n<meta name=\"twitter:card\" content=\"summary_large_image\" \/>\n<meta name=\"twitter:label1\" content=\"Tiempo estimado de lectura\" \/>\n\t<meta name=\"twitter:data1\" content=\"3 minutos\" \/>\n<script type=\"application\/ld+json\" class=\"yoast-schema-graph\">{\"@context\":\"https:\\\/\\\/schema.org\",\"@graph\":[{\"@type\":\"WebPage\",\"@id\":\"https:\\\/\\\/allwintheme.com\\\/product\\\/cosmecos-cosmetics-perfumes-wordpress-theme\\\/\",\"url\":\"https:\\\/\\\/allwintheme.com\\\/product\\\/cosmecos-cosmetics-perfumes-wordpress-theme\\\/\",\"name\":\"Cosmecos: Cosmetics & Perfumes WordPress Theme - AllWin Theme \u2013 Free WordPress Themes Download\",\"isPartOf\":{\"@id\":\"https:\\\/\\\/allwintheme.com\\\/#website\"},\"primaryImageOfPage\":{\"@id\":\"https:\\\/\\\/allwintheme.com\\\/product\\\/cosmecos-cosmetics-perfumes-wordpress-theme\\\/#primaryimage\"},\"image\":{\"@id\":\"https:\\\/\\\/allwintheme.com\\\/product\\\/cosmecos-cosmetics-perfumes-wordpress-theme\\\/#primaryimage\"},\"thumbnailUrl\":\"https:\\\/\\\/allwintheme.com\\\/wp-content\\\/uploads\\\/2025\\\/09\\\/sf9sa5na.png\",\"datePublished\":\"2025-09-16T01:35:05+00:00\",\"dateModified\":\"2025-09-17T13:03:13+00:00\",\"description\":\"Launch a stunning cosmetics & perfume store with Cosmecos WordPress Theme. WooCommerce-ready, responsive, and customizable for beauty brands.\",\"breadcrumb\":{\"@id\":\"https:\\\/\\\/allwintheme.com\\\/product\\\/cosmecos-cosmetics-perfumes-wordpress-theme\\\/#breadcrumb\"},\"inLanguage\":\"es-CL\",\"potentialAction\":[{\"@type\":\"ReadAction\",\"target\":[\"https:\\\/\\\/allwintheme.com\\\/product\\\/cosmecos-cosmetics-perfumes-wordpress-theme\\\/\"]}]},{\"@type\":\"ImageObject\",\"inLanguage\":\"es-CL\",\"@id\":\"https:\\\/\\\/allwintheme.com\\\/product\\\/cosmecos-cosmetics-perfumes-wordpress-theme\\\/#primaryimage\",\"url\":\"https:\\\/\\\/allwintheme.com\\\/wp-content\\\/uploads\\\/2025\\\/09\\\/sf9sa5na.png\",\"contentUrl\":\"https:\\\/\\\/allwintheme.com\\\/wp-content\\\/uploads\\\/2025\\\/09\\\/sf9sa5na.png\",\"width\":590,\"height\":300,\"caption\":\"Cosmecos | Cosmetics & Perfumes WordPress Theme\"},{\"@type\":\"BreadcrumbList\",\"@id\":\"https:\\\/\\\/allwintheme.com\\\/product\\\/cosmecos-cosmetics-perfumes-wordpress-theme\\\/#breadcrumb\",\"itemListElement\":[{\"@type\":\"ListItem\",\"position\":1,\"name\":\"Home\",\"item\":\"https:\\\/\\\/allwintheme.com\\\/\"},{\"@type\":\"ListItem\",\"position\":2,\"name\":\"Shop\",\"item\":\"https:\\\/\\\/allwintheme.com\\\/shop\\\/\"},{\"@type\":\"ListItem\",\"position\":3,\"name\":\"Cosmecos: Cosmetics &#038; Perfumes WordPress Theme\"}]},{\"@type\":\"WebSite\",\"@id\":\"https:\\\/\\\/allwintheme.com\\\/#website\",\"url\":\"https:\\\/\\\/allwintheme.com\\\/\",\"name\":\"Allwintheme\",\"description\":\"Download free WordPress themes for every niche. Blogs, business, eCommerce, portfolio, restaurant and more. All themes are GPL licensed and mobile-ready.\",\"potentialAction\":[{\"@type\":\"SearchAction\",\"target\":{\"@type\":\"EntryPoint\",\"urlTemplate\":\"https:\\\/\\\/allwintheme.com\\\/?s={search_term_string}\"},\"query-input\":{\"@type\":\"PropertyValueSpecification\",\"valueRequired\":true,\"valueName\":\"search_term_string\"}}],\"inLanguage\":\"es-CL\"}]}<\/script>\n<!-- \/ Yoast SEO Premium plugin. -->","yoast_head_json":{"title":"Cosmecos: Cosmetics & Perfumes WordPress Theme - AllWin Theme \u2013 Free WordPress Themes Download","description":"Lanza una impresionante tienda de cosm\u00e9ticos y perfumes con Cosmecos WordPress Theme. Preparado para WooCommerce, responsive y personalizable para marcas de belleza.","robots":{"index":"index","follow":"follow","max-snippet":"max-snippet:-1","max-image-preview":"max-image-preview:large","max-video-preview":"max-video-preview:-1"},"canonical":"https:\/\/allwintheme.com\/es\/producto\/cosmecos-cosmetics-perfumes-wordpress-theme\/","og_locale":"es_ES","og_type":"article","og_title":"Cosmecos: Cosmetics & Perfumes WordPress Theme","og_description":"Launch a stunning cosmetics & perfume store with Cosmecos WordPress Theme. WooCommerce-ready, responsive, and customizable for beauty brands.","og_url":"https:\/\/allwintheme.com\/es\/producto\/cosmecos-cosmetics-perfumes-wordpress-theme\/","og_site_name":"AllWin Theme \u2013 Free WordPress Themes Download","article_modified_time":"2025-09-17T13:03:13+00:00","og_image":[{"width":590,"height":300,"url":"https:\/\/allwintheme.com\/wp-content\/uploads\/2025\/09\/sf9sa5na.png","type":"image\/png"}],"twitter_card":"summary_large_image","twitter_misc":{"Tiempo estimado de lectura":"3 minutos"},"schema":{"@context":"https:\/\/schema.org","@graph":[{"@type":"WebPage","@id":"https:\/\/allwintheme.com\/product\/cosmecos-cosmetics-perfumes-wordpress-theme\/","url":"https:\/\/allwintheme.com\/product\/cosmecos-cosmetics-perfumes-wordpress-theme\/","name":"Cosmecos: Cosmetics & Perfumes WordPress Theme - AllWin Theme \u2013 Free WordPress Themes Download","isPartOf":{"@id":"https:\/\/allwintheme.com\/#website"},"primaryImageOfPage":{"@id":"https:\/\/allwintheme.com\/product\/cosmecos-cosmetics-perfumes-wordpress-theme\/#primaryimage"},"image":{"@id":"https:\/\/allwintheme.com\/product\/cosmecos-cosmetics-perfumes-wordpress-theme\/#primaryimage"},"thumbnailUrl":"https:\/\/allwintheme.com\/wp-content\/uploads\/2025\/09\/sf9sa5na.png","datePublished":"2025-09-16T01:35:05+00:00","dateModified":"2025-09-17T13:03:13+00:00","description":"Lanza una impresionante tienda de cosm\u00e9ticos y perfumes con Cosmecos WordPress Theme. Preparado para WooCommerce, responsive y personalizable para marcas de belleza.","breadcrumb":{"@id":"https:\/\/allwintheme.com\/product\/cosmecos-cosmetics-perfumes-wordpress-theme\/#breadcrumb"},"inLanguage":"es-CL","potentialAction":[{"@type":"ReadAction","target":["https:\/\/allwintheme.com\/product\/cosmecos-cosmetics-perfumes-wordpress-theme\/"]}]},{"@type":"ImageObject","inLanguage":"es-CL","@id":"https:\/\/allwintheme.com\/product\/cosmecos-cosmetics-perfumes-wordpress-theme\/#primaryimage","url":"https:\/\/allwintheme.com\/wp-content\/uploads\/2025\/09\/sf9sa5na.png","contentUrl":"https:\/\/allwintheme.com\/wp-content\/uploads\/2025\/09\/sf9sa5na.png","width":590,"height":300,"caption":"Cosmecos | Cosmetics & Perfumes WordPress Theme"},{"@type":"BreadcrumbList","@id":"https:\/\/allwintheme.com\/product\/cosmecos-cosmetics-perfumes-wordpress-theme\/#breadcrumb","itemListElement":[{"@type":"ListItem","position":1,"name":"Home","item":"https:\/\/allwintheme.com\/"},{"@type":"ListItem","position":2,"name":"Shop","item":"https:\/\/allwintheme.com\/shop\/"},{"@type":"ListItem","position":3,"name":"Cosmecos: Cosmetics &#038; Perfumes WordPress Theme"}]},{"@type":"WebSite","@id":"https:\/\/allwintheme.com\/#website","url":"https:\/\/allwintheme.com\/","name":"Allwintheme","description":"Descarga gratis temas de WordPress para todos los nichos. Blogs, negocios, comercio electr\u00f3nico, portafolio, restaurante y m\u00e1s. Todos los temas tienen licencia GPL y est\u00e1n preparados para dispositivos m\u00f3viles.","potentialAction":[{"@type":"SearchAction","target":{"@type":"EntryPoint","urlTemplate":"https:\/\/allwintheme.com\/?s={search_term_string}"},"query-input":{"@type":"PropertyValueSpecification","valueRequired":true,"valueName":"search_term_string"}}],"inLanguage":"es-CL"}]}},"_links":{"self":[{"href":"https:\/\/allwintheme.com\/es\/wp-json\/wp\/v2\/product\/7242","targetHints":{"allow":["GET"]}}],"collection":[{"href":"https:\/\/allwintheme.com\/es\/wp-json\/wp\/v2\/product"}],"about":[{"href":"https:\/\/allwintheme.com\/es\/wp-json\/wp\/v2\/types\/product"}],"replies":[{"embeddable":true,"href":"https:\/\/allwintheme.com\/es\/wp-json\/wp\/v2\/comments?post=7242"}],"version-history":[{"count":0,"href":"https:\/\/allwintheme.com\/es\/wp-json\/wp\/v2\/product\/7242\/revisions"}],"wp:featuredmedia":[{"embeddable":true,"href":"https:\/\/allwintheme.com\/es\/wp-json\/wp\/v2\/media\/7218"}],"wp:attachment":[{"href":"https:\/\/allwintheme.com\/es\/wp-json\/wp\/v2\/media?parent=7242"}],"wp:term":[{"taxonomy":"product_brand","embeddable":true,"href":"https:\/\/allwintheme.com\/es\/wp-json\/wp\/v2\/product_brand?post=7242"},{"taxonomy":"product_cat","embeddable":true,"href":"https:\/\/allwintheme.com\/es\/wp-json\/wp\/v2\/product_cat?post=7242"},{"taxonomy":"product_tag","embeddable":true,"href":"https:\/\/allwintheme.com\/es\/wp-json\/wp\/v2\/product_tag?post=7242"}],"curies":[{"name":"wp","href":"https:\/\/api.w.org\/{rel}","templated":true}]}}