{"id":7243,"date":"2025-09-16T01:35:07","date_gmt":"2025-09-16T01:35:07","guid":{"rendered":"https:\/\/allwintheme.com\/?post_type=product&#038;p=7243"},"modified":"2025-09-17T13:00:45","modified_gmt":"2025-09-17T13:00:45","slug":"biovogue-perfumes-y-cosmeticos-woocommerce-theme","status":"publish","type":"product","link":"https:\/\/allwintheme.com\/es\/producto\/biovogue-perfumes-y-cosmeticos-woocommerce-theme\/","title":{"rendered":"Biovogue: Perfumes y Cosm\u00e9ticos WooCommerce Tema"},"content":{"rendered":"<div data-elementor-type=\"wp-post\" data-elementor-id=\"7243\" class=\"elementor elementor-7243\" data-elementor-settings=\"{&quot;element_pack_global_tooltip_width&quot;:{&quot;unit&quot;:&quot;px&quot;,&quot;size&quot;:&quot;&quot;,&quot;sizes&quot;:[]},&quot;element_pack_global_tooltip_width_tablet&quot;:{&quot;unit&quot;:&quot;px&quot;,&quot;size&quot;:&quot;&quot;,&quot;sizes&quot;:[]},&quot;element_pack_global_tooltip_width_mobile&quot;:{&quot;unit&quot;:&quot;px&quot;,&quot;size&quot;:&quot;&quot;,&quot;sizes&quot;:[]},&quot;element_pack_global_tooltip_padding&quot;:{&quot;unit&quot;:&quot;px&quot;,&quot;top&quot;:&quot;&quot;,&quot;right&quot;:&quot;&quot;,&quot;bottom&quot;:&quot;&quot;,&quot;left&quot;:&quot;&quot;,&quot;isLinked&quot;:true},&quot;element_pack_global_tooltip_padding_tablet&quot;:{&quot;unit&quot;:&quot;px&quot;,&quot;top&quot;:&quot;&quot;,&quot;right&quot;:&quot;&quot;,&quot;bottom&quot;:&quot;&quot;,&quot;left&quot;:&quot;&quot;,&quot;isLinked&quot;:true},&quot;element_pack_global_tooltip_padding_mobile&quot;:{&quot;unit&quot;:&quot;px&quot;,&quot;top&quot;:&quot;&quot;,&quot;right&quot;:&quot;&quot;,&quot;bottom&quot;:&quot;&quot;,&quot;left&quot;:&quot;&quot;,&quot;isLinked&quot;:true},&quot;element_pack_global_tooltip_border_radius&quot;:{&quot;unit&quot;:&quot;px&quot;,&quot;top&quot;:&quot;&quot;,&quot;right&quot;:&quot;&quot;,&quot;bottom&quot;:&quot;&quot;,&quot;left&quot;:&quot;&quot;,&quot;isLinked&quot;:true},&quot;element_pack_global_tooltip_border_radius_tablet&quot;:{&quot;unit&quot;:&quot;px&quot;,&quot;top&quot;:&quot;&quot;,&quot;right&quot;:&quot;&quot;,&quot;bottom&quot;:&quot;&quot;,&quot;left&quot;:&quot;&quot;,&quot;isLinked&quot;:true},&quot;element_pack_global_tooltip_border_radius_mobile&quot;:{&quot;unit&quot;:&quot;px&quot;,&quot;top&quot;:&quot;&quot;,&quot;right&quot;:&quot;&quot;,&quot;bottom&quot;:&quot;&quot;,&quot;left&quot;:&quot;&quot;,&quot;isLinked&quot;:true}}\" data-elementor-post-type=\"product\">\n\t\t\t\t<div class=\"elementor-element elementor-element-93aa4a8 e-con-full e-flex e-con e-parent\" data-id=\"93aa4a8\" data-element_type=\"container\" data-e-type=\"container\">\n\t\t\t\t<div class=\"elementor-element elementor-element-2c3f760 miaoshu elementor-widget elementor-widget-wd_text_block\" data-id=\"2c3f760\" data-element_type=\"widget\" data-e-type=\"widget\" data-widget_type=\"wd_text_block.default\">\n\t\t\t\t<div class=\"elementor-widget-container\">\n\t\t\t\t\t\t\t<div class=\"wd-text-block reset-last-child text-left\">\n\t\t\t\n\t\t\t<h2>Biovogue: Eleve su tienda online de perfumes y cosm\u00e9ticos<\/h2>\n<p>Biovogue es un tema WooCommerce WordPress premium dise\u00f1ado espec\u00edficamente para negocios de perfumes, cosm\u00e9ticos y productos de belleza. Ideal para mostrar fragancias, l\u00edneas de cuidado de la piel y colecciones de maquillaje, Biovogue combina una est\u00e9tica moderna con una potente funcionalidad de comercio electr\u00f3nico para ayudarte a crear una tienda online profesional. Con integraci\u00f3n total con WooCommerce y compatibilidad con Elementor, este tema facilita la gesti\u00f3n de tu tienda, atrae clientes y aumenta las ventas sin complicaciones de codificaci\u00f3n.<\/p>\n\n<h3>P\u00e1ginas esenciales para su sitio web de belleza<\/h3>\n<p>Biovogue incluye un conjunto completo de p\u00e1ginas pre-construidas para construir un sitio web totalmente funcional, tales como:<\/p>\n<ul>\n  <li><strong>Inicio<\/strong>: Una p\u00e1gina de inicio llamativa para mostrar sus \u00faltimos productos y promociones.<\/li>\n  <li><strong>Qui\u00e9nes somos<\/strong>: Presente la historia de su marca, sus valores y su experiencia en belleza y fragancias.<\/li>\n  <li><strong>Tienda<\/strong>: Una p\u00e1gina de tienda din\u00e1mica impulsado por WooCommerce para navegar por los cosm\u00e9ticos y perfumes.<\/li>\n  <li><strong>Colecci\u00f3n<\/strong>: Organice y muestre sus colecciones de productos con elegantes dise\u00f1os.<\/li>\n  <li><strong>Preguntas frecuentes<\/strong>: Ofrezca respuestas r\u00e1pidas a preguntas habituales sobre sus productos.<\/li>\n  <li><strong>Blog y Blog individual<\/strong>: Comparte consejos de belleza, tendencias de fragancias y opiniones del sector.<\/li>\n  <li><strong>Galer\u00eda<\/strong>: Presente im\u00e1genes de alta calidad de sus perfumes y cosm\u00e9ticos.<\/li>\n  <li><strong>404<\/strong>: Una p\u00e1gina de error con estilo para mantener a los usuarios atentos aunque se encuentren con un obst\u00e1culo.<\/li>\n  <li><strong>Contacte con nosotros<\/strong>: Simplifique las consultas de los clientes con un formulario de contacto intuitivo.<\/li>\n<\/ul>\n\n<h3>Potentes funciones para el \u00e9xito del comercio electr\u00f3nico<\/h3>\n<p>Biovogue est\u00e1 equipado con todo lo necesario para gestionar una pr\u00f3spera tienda de belleza en l\u00ednea:<\/p>\n<ul>\n  <li><strong>Preparado para WooCommerce<\/strong>: Gestione sin problemas el inventario, procese los pedidos y gestione los pagos.<\/li>\n  <li><strong>Dise\u00f1o adaptable<\/strong>: Garantiza que su sitio se vea perfecto en todos los dispositivos, desde ordenadores de sobremesa hasta m\u00f3viles.<\/li>\n  <li><strong>Integraci\u00f3n con Elementor<\/strong>: Constructor de arrastrar y soltar para personalizar sin esfuerzo dise\u00f1os y p\u00e1ginas.<\/li>\n  <li><strong>Vitrinas de productos<\/strong>: Sorprendentes cuadr\u00edculas, deslizadores y carruseles para destacar sus fragancias y cosm\u00e9ticos.<\/li>\n  <li><strong>Optimizado para SEO<\/strong>: Herramientas integradas para mejorar la visibilidad de su sitio y atraer m\u00e1s tr\u00e1fico.<\/li>\n  <li><strong>Rendimiento r\u00e1pido<\/strong>: C\u00f3digo ligero para tiempos de carga r\u00e1pidos y una mejor experiencia de usuario.<\/li>\n  <li><strong>M\u00faltiples dise\u00f1os<\/strong>: Elija entre varios estilos de p\u00e1gina de tienda y de producto para adaptarlos a su marca.<\/li>\n  <li><strong>Soporte para plugins<\/strong>: Compatible con complementos populares como WPML para sitios multiling\u00fces.<\/li>\n<\/ul>\n\n<h3>Tipograf\u00eda sofisticada<\/h3>\n<p>Biovogue utiliza fuentes contempor\u00e1neas para dar a su sitio web un aire refinado y lujoso:<\/p>\n<ul>\n  <li><strong>Montserrat<\/strong>: Negrita y moderno para t\u00edtulos y encabezamientos convincentes.<\/li>\n  <li><strong>Open Sans<\/strong>: Limpio y f\u00e1cil de leer para el cuerpo del texto y las descripciones.<\/li>\n  <li><strong>Roboto<\/strong>: Vers\u00e1til y profesional para un aspecto general elegante.<\/li>\n<\/ul>\n\n<h3>Configuraci\u00f3n sencilla con WooCommerce y Elementor<\/h3>\n<p>Poner en marcha su sitio Biovogue es sencillo y r\u00e1pido. A continuaci\u00f3n le explicamos c\u00f3mo configurarlo:<\/p>\n<ol>\n  <li>Instale el tema Biovogue a trav\u00e9s de su panel de control de WordPress.<\/li>\n  <li>Activa los plugins WooCommerce y Elementor para el comercio electr\u00f3nico y la creaci\u00f3n de p\u00e1ginas.<\/li>\n  <li>Importe contenido de demostraci\u00f3n y plantillas para empezar al instante.<\/li>\n  <li>Configura los ajustes de tu tienda, a\u00f1ade productos y personal\u00edzala con el editor visual de Elementor.<\/li>\n  <li>Adapte los colores, tipos de letra y dise\u00f1o a la identidad de su marca.<\/li>\n<\/ol>\n\n<h3>Licencia de im\u00e1genes<\/h3>\n<p>Biovogue incluye im\u00e1genes de demostraci\u00f3n de Envato Elements. Para utilizarlas en su sitio en vivo, obtenga una licencia de Envato Elements o intercambie sus propias im\u00e1genes para darles un toque personalizado y cumplir todas las normas.<\/p>\n\n<h3>\u00bfPor qu\u00e9 elegir Biovogue?<\/h3>\n<p>Biovogue es el tema de WooCommerce ideal para tiendas de perfumes y cosm\u00e9ticos que buscan una combinaci\u00f3n de estilo, funcionalidad y facilidad. Su dise\u00f1o responsivo, sus s\u00f3lidas herramientas de comercio electr\u00f3nico y sus flexibles opciones de personalizaci\u00f3n lo hacen perfecto para crear una presencia en l\u00ednea atractiva que cautive a los entusiastas de la belleza y aumente las conversiones. Transforme su visi\u00f3n en un escaparate digital de \u00e9xito con Biovogue hoy mismo.<\/p>\n\t\t\t\t\t<\/div>\n\t\t\t\t\t\t<\/div>\n\t\t\t\t<\/div>\n\t\t\t\t<\/div>\n\t\t\t\t<\/div>","protected":false},"excerpt":{"rendered":"<p>Biovogue: Elevate Your Perfumes and Cosmetics Online Store Biovogue is a premium WooCommerce WordPress theme designed specifically for perfumes, cosmetics,<\/p>","protected":false},"featured_media":7217,"comment_status":"open","ping_status":"closed","template":"","meta":{"_acf_changed":false},"product_brand":[],"product_cat":[48],"product_tag":[],"class_list":{"0":"post-7243","1":"product","2":"type-product","3":"status-publish","4":"has-post-thumbnail","6":"product_cat-themes","8":"first","9":"instock","10":"sale","11":"downloadable","12":"shipping-taxable","13":"purchasable","14":"product-type-simple"},"acf":[],"yoast_head":"<!-- This site is optimized with the Yoast SEO Premium plugin v25.6 (Yoast SEO v27.1.1) - https:\/\/yoast.com\/product\/yoast-seo-premium-wordpress\/ -->\n<title>Biovogue: Perfumes and Cosmetics WooCommerce Theme - AllWin Theme \u2013 Free WordPress Themes Download<\/title>\n<meta name=\"description\" content=\"Launch your beauty brand with Biovogue, a WooCommerce WordPress theme for perfumes and cosmetics. Responsive, Elementor-compatible, and fully customizable for online stores.\" \/>\n<meta name=\"robots\" content=\"index, follow, max-snippet:-1, max-image-preview:large, max-video-preview:-1\" \/>\n<link rel=\"canonical\" href=\"https:\/\/allwintheme.com\/es\/producto\/biovogue-perfumes-y-cosmeticos-woocommerce-theme\/\" \/>\n<meta property=\"og:locale\" content=\"es_ES\" \/>\n<meta property=\"og:type\" content=\"article\" \/>\n<meta property=\"og:title\" content=\"Biovogue: Perfumes and Cosmetics WooCommerce Theme\" \/>\n<meta property=\"og:description\" content=\"Launch your beauty brand with Biovogue, a WooCommerce WordPress theme for perfumes and cosmetics. Responsive, Elementor-compatible, and fully customizable for online stores.\" \/>\n<meta property=\"og:url\" content=\"https:\/\/allwintheme.com\/es\/producto\/biovogue-perfumes-y-cosmeticos-woocommerce-theme\/\" \/>\n<meta property=\"og:site_name\" content=\"AllWin Theme \u2013 Free WordPress Themes Download\" \/>\n<meta property=\"article:modified_time\" content=\"2025-09-17T13:00:45+00:00\" \/>\n<meta property=\"og:image\" content=\"https:\/\/allwintheme.com\/wp-content\/uploads\/2025\/09\/nhapfw3j.png\" \/>\n\t<meta property=\"og:image:width\" content=\"768\" \/>\n\t<meta property=\"og:image:height\" content=\"479\" \/>\n\t<meta property=\"og:image:type\" content=\"image\/png\" \/>\n<meta name=\"twitter:card\" content=\"summary_large_image\" \/>\n<meta name=\"twitter:label1\" content=\"Tiempo estimado de lectura\" \/>\n\t<meta name=\"twitter:data1\" content=\"4 minutos\" \/>\n<script type=\"application\/ld+json\" class=\"yoast-schema-graph\">{\"@context\":\"https:\/\/schema.org\",\"@graph\":[{\"@type\":\"WebPage\",\"@id\":\"https:\/\/allwintheme.com\/product\/biovogue-perfumes-and-cosmetics-woocommerce-theme\/\",\"url\":\"https:\/\/allwintheme.com\/product\/biovogue-perfumes-and-cosmetics-woocommerce-theme\/\",\"name\":\"Biovogue: Perfumes and Cosmetics WooCommerce Theme - AllWin Theme \u2013 Free WordPress Themes Download\",\"isPartOf\":{\"@id\":\"https:\/\/allwintheme.com\/#website\"},\"primaryImageOfPage\":{\"@id\":\"https:\/\/allwintheme.com\/product\/biovogue-perfumes-and-cosmetics-woocommerce-theme\/#primaryimage\"},\"image\":{\"@id\":\"https:\/\/allwintheme.com\/product\/biovogue-perfumes-and-cosmetics-woocommerce-theme\/#primaryimage\"},\"thumbnailUrl\":\"https:\/\/allwintheme.com\/wp-content\/uploads\/2025\/09\/nhapfw3j.png\",\"datePublished\":\"2025-09-16T01:35:07+00:00\",\"dateModified\":\"2025-09-17T13:00:45+00:00\",\"description\":\"Launch your beauty brand with Biovogue, a WooCommerce WordPress theme for perfumes and cosmetics. Responsive, Elementor-compatible, and fully customizable for online stores.\",\"breadcrumb\":{\"@id\":\"https:\/\/allwintheme.com\/product\/biovogue-perfumes-and-cosmetics-woocommerce-theme\/#breadcrumb\"},\"inLanguage\":\"es-CL\",\"potentialAction\":[{\"@type\":\"ReadAction\",\"target\":[\"https:\/\/allwintheme.com\/product\/biovogue-perfumes-and-cosmetics-woocommerce-theme\/\"]}]},{\"@type\":\"ImageObject\",\"inLanguage\":\"es-CL\",\"@id\":\"https:\/\/allwintheme.com\/product\/biovogue-perfumes-and-cosmetics-woocommerce-theme\/#primaryimage\",\"url\":\"https:\/\/allwintheme.com\/wp-content\/uploads\/2025\/09\/nhapfw3j.png\",\"contentUrl\":\"https:\/\/allwintheme.com\/wp-content\/uploads\/2025\/09\/nhapfw3j.png\",\"width\":768,\"height\":479,\"caption\":\"Biovogue Perfumes and Cosmetics WooCommerce Theme\"},{\"@type\":\"BreadcrumbList\",\"@id\":\"https:\/\/allwintheme.com\/product\/biovogue-perfumes-and-cosmetics-woocommerce-theme\/#breadcrumb\",\"itemListElement\":[{\"@type\":\"ListItem\",\"position\":1,\"name\":\"Home\",\"item\":\"https:\/\/allwintheme.com\/\"},{\"@type\":\"ListItem\",\"position\":2,\"name\":\"Shop\",\"item\":\"https:\/\/allwintheme.com\/shop\/\"},{\"@type\":\"ListItem\",\"position\":3,\"name\":\"Biovogue: Perfumes and Cosmetics WooCommerce Theme\"}]},{\"@type\":\"WebSite\",\"@id\":\"https:\/\/allwintheme.com\/#website\",\"url\":\"https:\/\/allwintheme.com\/\",\"name\":\"Allwintheme\",\"description\":\"Download free WordPress themes for every niche. Blogs, business, eCommerce, portfolio, restaurant and more. All themes are GPL licensed and mobile-ready.\",\"potentialAction\":[{\"@type\":\"SearchAction\",\"target\":{\"@type\":\"EntryPoint\",\"urlTemplate\":\"https:\/\/allwintheme.com\/?s={search_term_string}\"},\"query-input\":{\"@type\":\"PropertyValueSpecification\",\"valueRequired\":true,\"valueName\":\"search_term_string\"}}],\"inLanguage\":\"es-CL\"}]}<\/script>\n<!-- \/ Yoast SEO Premium plugin. -->","yoast_head_json":{"title":"Biovogue: Perfumes and Cosmetics WooCommerce Theme - AllWin Theme \u2013 Free WordPress Themes Download","description":"Lanza tu marca de belleza con Biovogue, un tema WooCommerce WordPress para perfumes y cosm\u00e9ticos. Responsive, compatible con Elementor y totalmente personalizable para tiendas online.","robots":{"index":"index","follow":"follow","max-snippet":"max-snippet:-1","max-image-preview":"max-image-preview:large","max-video-preview":"max-video-preview:-1"},"canonical":"https:\/\/allwintheme.com\/es\/producto\/biovogue-perfumes-y-cosmeticos-woocommerce-theme\/","og_locale":"es_ES","og_type":"article","og_title":"Biovogue: Perfumes and Cosmetics WooCommerce Theme","og_description":"Launch your beauty brand with Biovogue, a WooCommerce WordPress theme for perfumes and cosmetics. Responsive, Elementor-compatible, and fully customizable for online stores.","og_url":"https:\/\/allwintheme.com\/es\/producto\/biovogue-perfumes-y-cosmeticos-woocommerce-theme\/","og_site_name":"AllWin Theme \u2013 Free WordPress Themes Download","article_modified_time":"2025-09-17T13:00:45+00:00","og_image":[{"width":768,"height":479,"url":"https:\/\/allwintheme.com\/wp-content\/uploads\/2025\/09\/nhapfw3j.png","type":"image\/png"}],"twitter_card":"summary_large_image","twitter_misc":{"Tiempo estimado de lectura":"4 minutos"},"schema":{"@context":"https:\/\/schema.org","@graph":[{"@type":"WebPage","@id":"https:\/\/allwintheme.com\/product\/biovogue-perfumes-and-cosmetics-woocommerce-theme\/","url":"https:\/\/allwintheme.com\/product\/biovogue-perfumes-and-cosmetics-woocommerce-theme\/","name":"Biovogue: Perfumes and Cosmetics WooCommerce Theme - AllWin Theme \u2013 Free WordPress Themes Download","isPartOf":{"@id":"https:\/\/allwintheme.com\/#website"},"primaryImageOfPage":{"@id":"https:\/\/allwintheme.com\/product\/biovogue-perfumes-and-cosmetics-woocommerce-theme\/#primaryimage"},"image":{"@id":"https:\/\/allwintheme.com\/product\/biovogue-perfumes-and-cosmetics-woocommerce-theme\/#primaryimage"},"thumbnailUrl":"https:\/\/allwintheme.com\/wp-content\/uploads\/2025\/09\/nhapfw3j.png","datePublished":"2025-09-16T01:35:07+00:00","dateModified":"2025-09-17T13:00:45+00:00","description":"Lanza tu marca de belleza con Biovogue, un tema WooCommerce WordPress para perfumes y cosm\u00e9ticos. Responsive, compatible con Elementor y totalmente personalizable para tiendas online.","breadcrumb":{"@id":"https:\/\/allwintheme.com\/product\/biovogue-perfumes-and-cosmetics-woocommerce-theme\/#breadcrumb"},"inLanguage":"es-CL","potentialAction":[{"@type":"ReadAction","target":["https:\/\/allwintheme.com\/product\/biovogue-perfumes-and-cosmetics-woocommerce-theme\/"]}]},{"@type":"ImageObject","inLanguage":"es-CL","@id":"https:\/\/allwintheme.com\/product\/biovogue-perfumes-and-cosmetics-woocommerce-theme\/#primaryimage","url":"https:\/\/allwintheme.com\/wp-content\/uploads\/2025\/09\/nhapfw3j.png","contentUrl":"https:\/\/allwintheme.com\/wp-content\/uploads\/2025\/09\/nhapfw3j.png","width":768,"height":479,"caption":"Biovogue Perfumes and Cosmetics WooCommerce Theme"},{"@type":"BreadcrumbList","@id":"https:\/\/allwintheme.com\/product\/biovogue-perfumes-and-cosmetics-woocommerce-theme\/#breadcrumb","itemListElement":[{"@type":"ListItem","position":1,"name":"Home","item":"https:\/\/allwintheme.com\/"},{"@type":"ListItem","position":2,"name":"Shop","item":"https:\/\/allwintheme.com\/shop\/"},{"@type":"ListItem","position":3,"name":"Biovogue: Perfumes and Cosmetics WooCommerce Theme"}]},{"@type":"WebSite","@id":"https:\/\/allwintheme.com\/#website","url":"https:\/\/allwintheme.com\/","name":"Allwintheme","description":"Descarga gratis temas de WordPress para todos los nichos. Blogs, negocios, comercio electr\u00f3nico, portafolio, restaurante y m\u00e1s. Todos los temas tienen licencia GPL y est\u00e1n preparados para dispositivos m\u00f3viles.","potentialAction":[{"@type":"SearchAction","target":{"@type":"EntryPoint","urlTemplate":"https:\/\/allwintheme.com\/?s={search_term_string}"},"query-input":{"@type":"PropertyValueSpecification","valueRequired":true,"valueName":"search_term_string"}}],"inLanguage":"es-CL"}]}},"_links":{"self":[{"href":"https:\/\/allwintheme.com\/es\/wp-json\/wp\/v2\/product\/7243","targetHints":{"allow":["GET"]}}],"collection":[{"href":"https:\/\/allwintheme.com\/es\/wp-json\/wp\/v2\/product"}],"about":[{"href":"https:\/\/allwintheme.com\/es\/wp-json\/wp\/v2\/types\/product"}],"replies":[{"embeddable":true,"href":"https:\/\/allwintheme.com\/es\/wp-json\/wp\/v2\/comments?post=7243"}],"version-history":[{"count":0,"href":"https:\/\/allwintheme.com\/es\/wp-json\/wp\/v2\/product\/7243\/revisions"}],"wp:featuredmedia":[{"embeddable":true,"href":"https:\/\/allwintheme.com\/es\/wp-json\/wp\/v2\/media\/7217"}],"wp:attachment":[{"href":"https:\/\/allwintheme.com\/es\/wp-json\/wp\/v2\/media?parent=7243"}],"wp:term":[{"taxonomy":"product_brand","embeddable":true,"href":"https:\/\/allwintheme.com\/es\/wp-json\/wp\/v2\/product_brand?post=7243"},{"taxonomy":"product_cat","embeddable":true,"href":"https:\/\/allwintheme.com\/es\/wp-json\/wp\/v2\/product_cat?post=7243"},{"taxonomy":"product_tag","embeddable":true,"href":"https:\/\/allwintheme.com\/es\/wp-json\/wp\/v2\/product_tag?post=7243"}],"curies":[{"name":"wp","href":"https:\/\/api.w.org\/{rel}","templated":true}]}}