{"id":7244,"date":"2025-09-16T01:35:09","date_gmt":"2025-09-16T01:35:09","guid":{"rendered":"https:\/\/allwintheme.com\/?post_type=product&#038;p=7244"},"modified":"2025-09-17T12:59:06","modified_gmt":"2025-09-17T12:59:06","slug":"fragrancerie-perfumeria-tienda-de-cosmeticos-elementor-pro-template","status":"publish","type":"product","link":"https:\/\/allwintheme.com\/es\/producto\/fragrancerie-perfumeria-tienda-de-cosmeticos-elementor-pro-template\/","title":{"rendered":"Fragrancerie: Perfume &amp; Cosmetic Shop Elementor Pro Template"},"content":{"rendered":"<div data-elementor-type=\"wp-post\" data-elementor-id=\"7244\" class=\"elementor elementor-7244\" data-elementor-settings=\"{&quot;element_pack_global_tooltip_width&quot;:{&quot;unit&quot;:&quot;px&quot;,&quot;size&quot;:&quot;&quot;,&quot;sizes&quot;:[]},&quot;element_pack_global_tooltip_width_tablet&quot;:{&quot;unit&quot;:&quot;px&quot;,&quot;size&quot;:&quot;&quot;,&quot;sizes&quot;:[]},&quot;element_pack_global_tooltip_width_mobile&quot;:{&quot;unit&quot;:&quot;px&quot;,&quot;size&quot;:&quot;&quot;,&quot;sizes&quot;:[]},&quot;element_pack_global_tooltip_padding&quot;:{&quot;unit&quot;:&quot;px&quot;,&quot;top&quot;:&quot;&quot;,&quot;right&quot;:&quot;&quot;,&quot;bottom&quot;:&quot;&quot;,&quot;left&quot;:&quot;&quot;,&quot;isLinked&quot;:true},&quot;element_pack_global_tooltip_padding_tablet&quot;:{&quot;unit&quot;:&quot;px&quot;,&quot;top&quot;:&quot;&quot;,&quot;right&quot;:&quot;&quot;,&quot;bottom&quot;:&quot;&quot;,&quot;left&quot;:&quot;&quot;,&quot;isLinked&quot;:true},&quot;element_pack_global_tooltip_padding_mobile&quot;:{&quot;unit&quot;:&quot;px&quot;,&quot;top&quot;:&quot;&quot;,&quot;right&quot;:&quot;&quot;,&quot;bottom&quot;:&quot;&quot;,&quot;left&quot;:&quot;&quot;,&quot;isLinked&quot;:true},&quot;element_pack_global_tooltip_border_radius&quot;:{&quot;unit&quot;:&quot;px&quot;,&quot;top&quot;:&quot;&quot;,&quot;right&quot;:&quot;&quot;,&quot;bottom&quot;:&quot;&quot;,&quot;left&quot;:&quot;&quot;,&quot;isLinked&quot;:true},&quot;element_pack_global_tooltip_border_radius_tablet&quot;:{&quot;unit&quot;:&quot;px&quot;,&quot;top&quot;:&quot;&quot;,&quot;right&quot;:&quot;&quot;,&quot;bottom&quot;:&quot;&quot;,&quot;left&quot;:&quot;&quot;,&quot;isLinked&quot;:true},&quot;element_pack_global_tooltip_border_radius_mobile&quot;:{&quot;unit&quot;:&quot;px&quot;,&quot;top&quot;:&quot;&quot;,&quot;right&quot;:&quot;&quot;,&quot;bottom&quot;:&quot;&quot;,&quot;left&quot;:&quot;&quot;,&quot;isLinked&quot;:true}}\" data-elementor-post-type=\"product\">\n\t\t\t\t<div class=\"elementor-element elementor-element-93aa4a8 e-con-full e-flex e-con e-parent\" data-id=\"93aa4a8\" data-element_type=\"container\" data-e-type=\"container\">\n\t\t\t\t<div class=\"elementor-element elementor-element-2c3f760 miaoshu elementor-widget elementor-widget-wd_text_block\" data-id=\"2c3f760\" data-element_type=\"widget\" data-e-type=\"widget\" data-widget_type=\"wd_text_block.default\">\n\t\t\t\t<div class=\"elementor-widget-container\">\n\t\t\t\t\t\t\t<div class=\"wd-text-block reset-last-child text-left\">\n\t\t\t\n\t\t\t<h2>Fragrancerie: Dise\u00f1e una lujosa tienda de perfumes y cosm\u00e9ticos con Elementor Pro<\/h2>\n<p>Fragrancerie es un kit de plantillas Elementor Pro premium dise\u00f1ado para perfumer\u00edas, tiendas de cosm\u00e9ticos y negocios de comercio electr\u00f3nico de belleza. Este kit le permite construir r\u00e1pidamente un sitio web impresionante y profesional utilizando el constructor de p\u00e1ginas Elementor para WordPress. Fragrancerie no es un tema independiente, sino que proporciona contenido de p\u00e1gina listo para usar y optimizado para el tema gratuito Hello Elementor o cualquier tema compatible con Elementor, lo que garantiza un dise\u00f1o moderno y adaptable que resalta tus productos de perfumer\u00eda y belleza con elegancia y sofisticaci\u00f3n.<\/p>\n\n<h3>Plantillas de p\u00e1gina completas<\/h3>\n<p>Fragrancerie incluye 16 plantillas meticulosamente dise\u00f1adas para crear un sitio web completo, que abarca todas las p\u00e1ginas esenciales para su tienda de perfumes y cosm\u00e9ticos, como:<\/p>\n<ul>\n  <li><strong>Inicio<\/strong>: Una p\u00e1gina de inicio cautivadora con escaparates de productos, promociones y aspectos destacados de la marca.<\/li>\n  <li><strong>Qui\u00e9nes somos<\/strong>: Cuente la historia de su marca, su experiencia en fragancias y su compromiso con la cosm\u00e9tica de calidad.<\/li>\n  <li><strong>Tienda<\/strong>: P\u00e1gina de tienda integrada con WooCommerce para navegar por los productos y venderlos sin problemas.<\/li>\n  <li><strong>Colecci\u00f3n<\/strong>: Exponga con elegancia sus colecciones de perfumes y cosm\u00e9ticos.<\/li>\n  <li><strong>P\u00e1ginas de productos<\/strong>: Vistas detalladas de productos individuales con im\u00e1genes, descripciones y opciones de compra.<\/li>\n  <li><strong>Preguntas frecuentes<\/strong>: Responder a las preguntas m\u00e1s habituales sobre aromas, ingredientes y env\u00edos.<\/li>\n  <li><strong>Blog y Blog individual<\/strong>: Comparte consejos de belleza, tendencias en fragancias y noticias del sector.<\/li>\n  <li><strong>Galer\u00eda<\/strong>: Muestre im\u00e1genes de alta calidad de sus perfumes y cosm\u00e9ticos.<\/li>\n  <li><strong>404<\/strong>: Una p\u00e1gina de error elegante para mantener el compromiso del usuario.<\/li>\n  <li><strong>Contacte con nosotros<\/strong>: Formulario de f\u00e1cil uso para consultas y asistencia al cliente.<\/li>\n<\/ul>\n\n<h3>Funciones avanzadas para el comercio electr\u00f3nico de productos de belleza<\/h3>\n<p>Fragrancerie est\u00e1 repleto de funciones profesionales adaptadas a la industria de la belleza:<\/p>\n<ul>\n  <li><strong>Integraci\u00f3n con Elementor Pro<\/strong>: Desbloquea widgets avanzados, contenido din\u00e1mico y funciones profesionales para una mayor personalizaci\u00f3n.<\/li>\n  <li><strong>Preparado para WooCommerce<\/strong>: Soporte completo de comercio electr\u00f3nico para vender perfumes, cosm\u00e9ticos y productos relacionados sin esfuerzo.<\/li>\n  <li><strong>Responsive y optimizado para SEO<\/strong>: Garantiza una visualizaci\u00f3n impecable en todos los dispositivos y una mejor visibilidad en los motores de b\u00fasqueda.<\/li>\n  <li><strong>Personalizaci\u00f3n sin c\u00f3digo<\/strong>: Ajusta f\u00e1cilmente fuentes, colores, dise\u00f1os y estilos sin escribir c\u00f3digo.<\/li>\n  <li><strong>Integraci\u00f3n de las redes sociales<\/strong>: Conecta perfiles, a\u00f1ade botones para compartir e impulsa la participaci\u00f3n.<\/li>\n  <li><strong>Carga r\u00e1pida y c\u00f3digo limpio<\/strong>: Optimizado para el rendimiento, proporcionando una experiencia de usuario fluida.<\/li>\n  <li><strong>Elementos de dise\u00f1o de lujo<\/strong>: Dise\u00f1os modernos y elegantes que reflejan la sofisticaci\u00f3n de las fragancias y los cosm\u00e9ticos de gama alta.<\/li>\n<\/ul>\n\n<h3>Tipograf\u00eda elegante<\/h3>\n<p>Fragrancerie emplea fuentes sofisticadas para realzar la sensaci\u00f3n de lujo de su sitio web:<\/p>\n<ul>\n  <li><strong>Montserrat<\/strong>: Negrita y contempor\u00e1nea para t\u00edtulos y encabezamientos llamativos.<\/li>\n  <li><strong>Open Sans<\/strong>: Limpio y legible para el cuerpo del texto y las descripciones de productos.<\/li>\n  <li><strong>Roboto<\/strong>: Vers\u00e1til y profesional para un aspecto pulido y moderno.<\/li>\n<\/ul>\n\n<h3>C\u00f3mo configurar Fragrancerie<\/h3>\n<p>Configurar tu sitio web Fragrancerie es muy sencillo con Elementor Pro. Sigue estos pasos:<\/p>\n<ol>\n  <li>Instala y activa Elementor Pro y el plugin Envato Elements en WordPress.<\/li>\n  <li>Descargue el archivo ZIP del kit de plantillas Fragrancerie (no lo descomprima).<\/li>\n  <li>Ir a <strong>Elementos &gt; Kits instalados<\/strong> y haga clic en <strong>Cargar plantilla Kit ZIP<\/strong>o conecte su cuenta Envato para la importaci\u00f3n directa.<\/li>\n  <li>Instale los plugins necesarios a trav\u00e9s del banner naranja de la p\u00e1gina Kits instalados.<\/li>\n  <li>Importe el <strong>Estilos de kits globales<\/strong> primero, y luego las plantillas individuales una a una en <strong>Plantillas &gt; Plantillas guardadas<\/strong> en Elementor.<\/li>\n  <li>Cree una nueva p\u00e1gina, seleccione <strong>Editar con Elementor<\/strong>ajustado a <strong>Elementor ancho completo<\/strong>y ocultar el t\u00edtulo de la p\u00e1gina mediante el icono de engranaje.<\/li>\n  <li>Acceder a la <strong>Mis plantillas<\/strong> utilizando el icono de carpeta gris e importe la p\u00e1gina deseada para su personalizaci\u00f3n.<\/li>\n<\/ol>\n\n<h3>A\u00f1adir formularios personalizados con Metform<\/h3>\n<p>Para integrar formularios personalizados como p\u00e1ginas de contacto o de consulta:<\/p>\n<ol>\n  <li>Importe la plantilla Metform.<\/li>\n  <li>Edite la p\u00e1gina correspondiente en Elementor.<\/li>\n  <li>Seleccione el widget Metform y haga clic en <strong>Editar formulario<\/strong>.<\/li>\n  <li>Elija <strong>Nuevo<\/strong>mantenga seleccionado el espacio en blanco y haga clic en <strong>Editar formulario<\/strong>.<\/li>\n  <li>Haga clic en el bot\u00f3n <strong>A\u00f1adir plantilla<\/strong> carpeta gris, cambie a <strong>Mis plantillas<\/strong> seleccione su plantilla Metform y haga clic en <strong>Inserte<\/strong>.<\/li>\n  <li>Actualice la p\u00e1gina para guardar los cambios.<\/li>\n<\/ol>\n\n<h3>Licencia de im\u00e1genes<\/h3>\n<p>Fragrancerie incluye im\u00e1genes de demostraci\u00f3n de Envato Elements. Lic\u00e9ncielas a trav\u00e9s de su suscripci\u00f3n a Envato para utilizarlas en su sitio, o sustit\u00fayalas por sus propias im\u00e1genes para personalizar y garantizar el cumplimiento.<\/p>\n\n<h3>\u00bfPor qu\u00e9 elegir Fragrancerie?<\/h3>\n<p>Fragrancerie es el kit de plantillas Elementor Pro ideal para tiendas de perfumes y cosm\u00e9ticos que buscan una presencia online de lujo. Con sus 16 plantillas listas, su compatibilidad con WooCommerce y su flexibilidad sin c\u00f3digo, agiliza la creaci\u00f3n de un sitio de comercio electr\u00f3nico de alto rendimiento que cautiva a los clientes e impulsa las ventas. Perfecto para marcas de belleza, \u00a1eleve su escaparate digital con Fragrancerie hoy mismo!<\/p>\n\t\t\t\t\t<\/div>\n\t\t\t\t\t\t<\/div>\n\t\t\t\t<\/div>\n\t\t\t\t<\/div>\n\t\t\t\t<\/div>","protected":false},"excerpt":{"rendered":"<p>Fragrancerie: Design a Luxurious Perfume and Cosmetic Shop with Elementor Pro Fragrancerie is a premium Elementor Pro Template Kit crafted<\/p>","protected":false},"featured_media":7216,"comment_status":"open","ping_status":"closed","template":"","meta":{"_acf_changed":false},"product_brand":[],"product_cat":[50],"product_tag":[],"class_list":{"0":"post-7244","1":"product","2":"type-product","3":"status-publish","4":"has-post-thumbnail","6":"product_cat-template-kits","8":"first","9":"instock","10":"sale","11":"downloadable","12":"shipping-taxable","13":"purchasable","14":"product-type-simple"},"acf":[],"yoast_head":"<!-- This site is optimized with the Yoast SEO Premium plugin v25.6 (Yoast SEO v27.1.1) - https:\/\/yoast.com\/product\/yoast-seo-premium-wordpress\/ -->\n<title>Fragrancerie: Perfume &amp; Cosmetic Shop Elementor Pro Template - AllWin Theme \u2013 Free WordPress Themes Download<\/title>\n<meta name=\"description\" content=\"Build a luxurious perfume and cosmetic shop with Fragrancerie Elementor Pro Template Kit. Includes 16 pages, WooCommerce-ready, responsive design for beauty e-commerce.\" \/>\n<meta name=\"robots\" content=\"index, follow, max-snippet:-1, max-image-preview:large, max-video-preview:-1\" \/>\n<link rel=\"canonical\" href=\"https:\/\/allwintheme.com\/es\/producto\/fragrancerie-perfumeria-tienda-de-cosmeticos-elementor-pro-template\/\" \/>\n<meta property=\"og:locale\" content=\"es_ES\" \/>\n<meta property=\"og:type\" content=\"article\" \/>\n<meta property=\"og:title\" content=\"Fragrancerie: Perfume &amp; Cosmetic Shop Elementor Pro Template\" \/>\n<meta property=\"og:description\" content=\"Build a luxurious perfume and cosmetic shop with Fragrancerie Elementor Pro Template Kit. Includes 16 pages, WooCommerce-ready, responsive design for beauty e-commerce.\" \/>\n<meta property=\"og:url\" content=\"https:\/\/allwintheme.com\/es\/producto\/fragrancerie-perfumeria-tienda-de-cosmeticos-elementor-pro-template\/\" \/>\n<meta property=\"og:site_name\" content=\"AllWin Theme \u2013 Free WordPress Themes Download\" \/>\n<meta property=\"article:modified_time\" content=\"2025-09-17T12:59:06+00:00\" \/>\n<meta property=\"og:image\" content=\"https:\/\/allwintheme.com\/wp-content\/uploads\/2025\/09\/putk847i.png\" \/>\n\t<meta property=\"og:image:width\" content=\"718\" \/>\n\t<meta property=\"og:image:height\" content=\"480\" \/>\n\t<meta property=\"og:image:type\" content=\"image\/png\" \/>\n<meta name=\"twitter:card\" content=\"summary_large_image\" \/>\n<meta name=\"twitter:label1\" content=\"Tiempo estimado de lectura\" \/>\n\t<meta name=\"twitter:data1\" content=\"4 minutos\" \/>\n<script type=\"application\/ld+json\" class=\"yoast-schema-graph\">{\"@context\":\"https:\/\/schema.org\",\"@graph\":[{\"@type\":\"WebPage\",\"@id\":\"https:\/\/allwintheme.com\/product\/fragrancerie-perfume-cosmetic-shop-elementor-pro-template\/\",\"url\":\"https:\/\/allwintheme.com\/product\/fragrancerie-perfume-cosmetic-shop-elementor-pro-template\/\",\"name\":\"Fragrancerie: Perfume & Cosmetic Shop Elementor Pro Template - AllWin Theme \u2013 Free WordPress Themes Download\",\"isPartOf\":{\"@id\":\"https:\/\/allwintheme.com\/#website\"},\"primaryImageOfPage\":{\"@id\":\"https:\/\/allwintheme.com\/product\/fragrancerie-perfume-cosmetic-shop-elementor-pro-template\/#primaryimage\"},\"image\":{\"@id\":\"https:\/\/allwintheme.com\/product\/fragrancerie-perfume-cosmetic-shop-elementor-pro-template\/#primaryimage\"},\"thumbnailUrl\":\"https:\/\/allwintheme.com\/wp-content\/uploads\/2025\/09\/putk847i.png\",\"datePublished\":\"2025-09-16T01:35:09+00:00\",\"dateModified\":\"2025-09-17T12:59:06+00:00\",\"description\":\"Build a luxurious perfume and cosmetic shop with Fragrancerie Elementor Pro Template Kit. Includes 16 pages, WooCommerce-ready, responsive design for beauty e-commerce.\",\"breadcrumb\":{\"@id\":\"https:\/\/allwintheme.com\/product\/fragrancerie-perfume-cosmetic-shop-elementor-pro-template\/#breadcrumb\"},\"inLanguage\":\"es-CL\",\"potentialAction\":[{\"@type\":\"ReadAction\",\"target\":[\"https:\/\/allwintheme.com\/product\/fragrancerie-perfume-cosmetic-shop-elementor-pro-template\/\"]}]},{\"@type\":\"ImageObject\",\"inLanguage\":\"es-CL\",\"@id\":\"https:\/\/allwintheme.com\/product\/fragrancerie-perfume-cosmetic-shop-elementor-pro-template\/#primaryimage\",\"url\":\"https:\/\/allwintheme.com\/wp-content\/uploads\/2025\/09\/putk847i.png\",\"contentUrl\":\"https:\/\/allwintheme.com\/wp-content\/uploads\/2025\/09\/putk847i.png\",\"width\":718,\"height\":480,\"caption\":\"Fragrancerie \u2013 Perfume & Cosmetic Shop Elementor Pro Template\"},{\"@type\":\"BreadcrumbList\",\"@id\":\"https:\/\/allwintheme.com\/product\/fragrancerie-perfume-cosmetic-shop-elementor-pro-template\/#breadcrumb\",\"itemListElement\":[{\"@type\":\"ListItem\",\"position\":1,\"name\":\"Home\",\"item\":\"https:\/\/allwintheme.com\/\"},{\"@type\":\"ListItem\",\"position\":2,\"name\":\"Shop\",\"item\":\"https:\/\/allwintheme.com\/shop\/\"},{\"@type\":\"ListItem\",\"position\":3,\"name\":\"Fragrancerie: Perfume &#038; Cosmetic Shop Elementor Pro Template\"}]},{\"@type\":\"WebSite\",\"@id\":\"https:\/\/allwintheme.com\/#website\",\"url\":\"https:\/\/allwintheme.com\/\",\"name\":\"Allwintheme\",\"description\":\"Download free WordPress themes for every niche. Blogs, business, eCommerce, portfolio, restaurant and more. All themes are GPL licensed and mobile-ready.\",\"potentialAction\":[{\"@type\":\"SearchAction\",\"target\":{\"@type\":\"EntryPoint\",\"urlTemplate\":\"https:\/\/allwintheme.com\/?s={search_term_string}\"},\"query-input\":{\"@type\":\"PropertyValueSpecification\",\"valueRequired\":true,\"valueName\":\"search_term_string\"}}],\"inLanguage\":\"es-CL\"}]}<\/script>\n<!-- \/ Yoast SEO Premium plugin. -->","yoast_head_json":{"title":"Fragrancerie: Perfume & Cosmetic Shop Elementor Pro Template - AllWin Theme \u2013 Free WordPress Themes Download","description":"Construye una tienda de perfumes y cosm\u00e9ticos de lujo con Fragrancerie Elementor Pro Template Kit. Incluye 16 p\u00e1ginas, listo para WooCommerce, dise\u00f1o responsivo para comercio electr\u00f3nico de belleza.","robots":{"index":"index","follow":"follow","max-snippet":"max-snippet:-1","max-image-preview":"max-image-preview:large","max-video-preview":"max-video-preview:-1"},"canonical":"https:\/\/allwintheme.com\/es\/producto\/fragrancerie-perfumeria-tienda-de-cosmeticos-elementor-pro-template\/","og_locale":"es_ES","og_type":"article","og_title":"Fragrancerie: Perfume & Cosmetic Shop Elementor Pro Template","og_description":"Build a luxurious perfume and cosmetic shop with Fragrancerie Elementor Pro Template Kit. Includes 16 pages, WooCommerce-ready, responsive design for beauty e-commerce.","og_url":"https:\/\/allwintheme.com\/es\/producto\/fragrancerie-perfumeria-tienda-de-cosmeticos-elementor-pro-template\/","og_site_name":"AllWin Theme \u2013 Free WordPress Themes Download","article_modified_time":"2025-09-17T12:59:06+00:00","og_image":[{"width":718,"height":480,"url":"https:\/\/allwintheme.com\/wp-content\/uploads\/2025\/09\/putk847i.png","type":"image\/png"}],"twitter_card":"summary_large_image","twitter_misc":{"Tiempo estimado de lectura":"4 minutos"},"schema":{"@context":"https:\/\/schema.org","@graph":[{"@type":"WebPage","@id":"https:\/\/allwintheme.com\/product\/fragrancerie-perfume-cosmetic-shop-elementor-pro-template\/","url":"https:\/\/allwintheme.com\/product\/fragrancerie-perfume-cosmetic-shop-elementor-pro-template\/","name":"Fragrancerie: Perfume & Cosmetic Shop Elementor Pro Template - AllWin Theme \u2013 Free WordPress Themes Download","isPartOf":{"@id":"https:\/\/allwintheme.com\/#website"},"primaryImageOfPage":{"@id":"https:\/\/allwintheme.com\/product\/fragrancerie-perfume-cosmetic-shop-elementor-pro-template\/#primaryimage"},"image":{"@id":"https:\/\/allwintheme.com\/product\/fragrancerie-perfume-cosmetic-shop-elementor-pro-template\/#primaryimage"},"thumbnailUrl":"https:\/\/allwintheme.com\/wp-content\/uploads\/2025\/09\/putk847i.png","datePublished":"2025-09-16T01:35:09+00:00","dateModified":"2025-09-17T12:59:06+00:00","description":"Construye una tienda de perfumes y cosm\u00e9ticos de lujo con Fragrancerie Elementor Pro Template Kit. Incluye 16 p\u00e1ginas, listo para WooCommerce, dise\u00f1o responsivo para comercio electr\u00f3nico de belleza.","breadcrumb":{"@id":"https:\/\/allwintheme.com\/product\/fragrancerie-perfume-cosmetic-shop-elementor-pro-template\/#breadcrumb"},"inLanguage":"es-CL","potentialAction":[{"@type":"ReadAction","target":["https:\/\/allwintheme.com\/product\/fragrancerie-perfume-cosmetic-shop-elementor-pro-template\/"]}]},{"@type":"ImageObject","inLanguage":"es-CL","@id":"https:\/\/allwintheme.com\/product\/fragrancerie-perfume-cosmetic-shop-elementor-pro-template\/#primaryimage","url":"https:\/\/allwintheme.com\/wp-content\/uploads\/2025\/09\/putk847i.png","contentUrl":"https:\/\/allwintheme.com\/wp-content\/uploads\/2025\/09\/putk847i.png","width":718,"height":480,"caption":"Fragrancerie \u2013 Perfume & Cosmetic Shop Elementor Pro Template"},{"@type":"BreadcrumbList","@id":"https:\/\/allwintheme.com\/product\/fragrancerie-perfume-cosmetic-shop-elementor-pro-template\/#breadcrumb","itemListElement":[{"@type":"ListItem","position":1,"name":"Home","item":"https:\/\/allwintheme.com\/"},{"@type":"ListItem","position":2,"name":"Shop","item":"https:\/\/allwintheme.com\/shop\/"},{"@type":"ListItem","position":3,"name":"Fragrancerie: Perfume &#038; Cosmetic Shop Elementor Pro Template"}]},{"@type":"WebSite","@id":"https:\/\/allwintheme.com\/#website","url":"https:\/\/allwintheme.com\/","name":"Allwintheme","description":"Descarga gratis temas de WordPress para todos los nichos. Blogs, negocios, comercio electr\u00f3nico, portafolio, restaurante y m\u00e1s. Todos los temas tienen licencia GPL y est\u00e1n preparados para dispositivos m\u00f3viles.","potentialAction":[{"@type":"SearchAction","target":{"@type":"EntryPoint","urlTemplate":"https:\/\/allwintheme.com\/?s={search_term_string}"},"query-input":{"@type":"PropertyValueSpecification","valueRequired":true,"valueName":"search_term_string"}}],"inLanguage":"es-CL"}]}},"_links":{"self":[{"href":"https:\/\/allwintheme.com\/es\/wp-json\/wp\/v2\/product\/7244","targetHints":{"allow":["GET"]}}],"collection":[{"href":"https:\/\/allwintheme.com\/es\/wp-json\/wp\/v2\/product"}],"about":[{"href":"https:\/\/allwintheme.com\/es\/wp-json\/wp\/v2\/types\/product"}],"replies":[{"embeddable":true,"href":"https:\/\/allwintheme.com\/es\/wp-json\/wp\/v2\/comments?post=7244"}],"version-history":[{"count":0,"href":"https:\/\/allwintheme.com\/es\/wp-json\/wp\/v2\/product\/7244\/revisions"}],"wp:featuredmedia":[{"embeddable":true,"href":"https:\/\/allwintheme.com\/es\/wp-json\/wp\/v2\/media\/7216"}],"wp:attachment":[{"href":"https:\/\/allwintheme.com\/es\/wp-json\/wp\/v2\/media?parent=7244"}],"wp:term":[{"taxonomy":"product_brand","embeddable":true,"href":"https:\/\/allwintheme.com\/es\/wp-json\/wp\/v2\/product_brand?post=7244"},{"taxonomy":"product_cat","embeddable":true,"href":"https:\/\/allwintheme.com\/es\/wp-json\/wp\/v2\/product_cat?post=7244"},{"taxonomy":"product_tag","embeddable":true,"href":"https:\/\/allwintheme.com\/es\/wp-json\/wp\/v2\/product_tag?post=7244"}],"curies":[{"name":"wp","href":"https:\/\/api.w.org\/{rel}","templated":true}]}}