{"id":7258,"date":"2025-09-16T01:57:56","date_gmt":"2025-09-16T01:57:56","guid":{"rendered":"https:\/\/allwintheme.com\/?post_type=product&#038;p=7258"},"modified":"2025-09-17T12:56:11","modified_gmt":"2025-09-17T12:56:11","slug":"olivia-co-perfume-fragancia-woocommerce-plantilla","status":"publish","type":"product","link":"https:\/\/allwintheme.com\/es\/producto\/olivia-co-perfume-fragancia-woocommerce-plantilla\/","title":{"rendered":"Olivia &amp; Co: Perfume &amp; Fragrance WooCommerce Plantilla"},"content":{"rendered":"<div data-elementor-type=\"wp-post\" data-elementor-id=\"7258\" class=\"elementor elementor-7258\" data-elementor-settings=\"{&quot;element_pack_global_tooltip_width&quot;:{&quot;unit&quot;:&quot;px&quot;,&quot;size&quot;:&quot;&quot;,&quot;sizes&quot;:[]},&quot;element_pack_global_tooltip_width_tablet&quot;:{&quot;unit&quot;:&quot;px&quot;,&quot;size&quot;:&quot;&quot;,&quot;sizes&quot;:[]},&quot;element_pack_global_tooltip_width_mobile&quot;:{&quot;unit&quot;:&quot;px&quot;,&quot;size&quot;:&quot;&quot;,&quot;sizes&quot;:[]},&quot;element_pack_global_tooltip_padding&quot;:{&quot;unit&quot;:&quot;px&quot;,&quot;top&quot;:&quot;&quot;,&quot;right&quot;:&quot;&quot;,&quot;bottom&quot;:&quot;&quot;,&quot;left&quot;:&quot;&quot;,&quot;isLinked&quot;:true},&quot;element_pack_global_tooltip_padding_tablet&quot;:{&quot;unit&quot;:&quot;px&quot;,&quot;top&quot;:&quot;&quot;,&quot;right&quot;:&quot;&quot;,&quot;bottom&quot;:&quot;&quot;,&quot;left&quot;:&quot;&quot;,&quot;isLinked&quot;:true},&quot;element_pack_global_tooltip_padding_mobile&quot;:{&quot;unit&quot;:&quot;px&quot;,&quot;top&quot;:&quot;&quot;,&quot;right&quot;:&quot;&quot;,&quot;bottom&quot;:&quot;&quot;,&quot;left&quot;:&quot;&quot;,&quot;isLinked&quot;:true},&quot;element_pack_global_tooltip_border_radius&quot;:{&quot;unit&quot;:&quot;px&quot;,&quot;top&quot;:&quot;&quot;,&quot;right&quot;:&quot;&quot;,&quot;bottom&quot;:&quot;&quot;,&quot;left&quot;:&quot;&quot;,&quot;isLinked&quot;:true},&quot;element_pack_global_tooltip_border_radius_tablet&quot;:{&quot;unit&quot;:&quot;px&quot;,&quot;top&quot;:&quot;&quot;,&quot;right&quot;:&quot;&quot;,&quot;bottom&quot;:&quot;&quot;,&quot;left&quot;:&quot;&quot;,&quot;isLinked&quot;:true},&quot;element_pack_global_tooltip_border_radius_mobile&quot;:{&quot;unit&quot;:&quot;px&quot;,&quot;top&quot;:&quot;&quot;,&quot;right&quot;:&quot;&quot;,&quot;bottom&quot;:&quot;&quot;,&quot;left&quot;:&quot;&quot;,&quot;isLinked&quot;:true}}\" data-elementor-post-type=\"product\">\n\t\t\t\t<div class=\"elementor-element elementor-element-93aa4a8 e-con-full e-flex e-con e-parent\" data-id=\"93aa4a8\" data-element_type=\"container\" data-e-type=\"container\">\n\t\t\t\t<div class=\"elementor-element elementor-element-2c3f760 miaoshu elementor-widget elementor-widget-wd_text_block\" data-id=\"2c3f760\" data-element_type=\"widget\" data-e-type=\"widget\" data-widget_type=\"wd_text_block.default\">\n\t\t\t\t<div class=\"elementor-widget-container\">\n\t\t\t\t\t\t\t<div class=\"wd-text-block reset-last-child text-left\">\n\t\t\t\n\t\t\t<h2>Olivia &amp; Co: Cree una elegante tienda online de perfumes y fragancias<\/h2>\n<p>Olivia &amp; Co es una sofisticada plantilla WooCommerce WordPress dise\u00f1ada para perfumer\u00edas, marcas de fragancias y empresas de comercio electr\u00f3nico de belleza. Adaptada para mostrar perfumes, colonias y productos relacionados con estilo y gracia, esta plantilla combina un dise\u00f1o lujoso con una funcionalidad robusta para ayudarle a construir una presencia en l\u00ednea convincente. Totalmente integrada con WooCommerce y compatible con Elementor, Olivia &amp; Co simplifica la gesti\u00f3n de su inventario, la captaci\u00f3n de clientes y el aumento de las ventas sin necesidad de conocimientos t\u00e9cnicos avanzados.<\/p>\n\n<h3>Plantillas de p\u00e1gina completas para su sitio web de fragancias<\/h3>\n<p>Olivia &amp; Co viene con un conjunto completo de p\u00e1ginas pre-construidas para establecer una tienda de fragancias profesional, incluyendo:<\/p>\n<ul>\n  <li><strong>Inicio<\/strong>: Una p\u00e1gina de inicio refinada que destaca los perfumes destacados, las promociones y la esencia de la marca.<\/li>\n  <li><strong>Qui\u00e9nes somos<\/strong>: Comparte tu historia, inspiraci\u00f3n y pasi\u00f3n por las fragancias.<\/li>\n  <li><strong>Tienda<\/strong>: Una tienda intuitiva basada en WooCommerce para navegar por los productos y comprarlos f\u00e1cilmente.<\/li>\n  <li><strong>Colecci\u00f3n<\/strong>: Muestre colecciones de fragancias seleccionadas en un formato visualmente atractivo.<\/li>\n  <li><strong>Preguntas frecuentes<\/strong>: Dar respuestas claras a las preguntas de los clientes sobre aromas y pedidos.<\/li>\n  <li><strong>Blog y Blog individual<\/strong>: Publica rese\u00f1as de fragancias, consejos y contenidos sobre estilo de vida.<\/li>\n  <li><strong>Galer\u00eda<\/strong>: Muestra im\u00e1genes cautivadoras de tus frascos de perfume e inspiraciones.<\/li>\n  <li><strong>404<\/strong>: Una p\u00e1gina de error elegante para guiar a los usuarios de vuelta a su contenido.<\/li>\n  <li><strong>Contacte con nosotros<\/strong>: Facilite las conexiones con los clientes con un formulario de contacto sin fisuras.<\/li>\n<\/ul>\n\n<h3>Funciones premium para minoristas de fragancias<\/h3>\n<p>Olivia &amp; Co est\u00e1 repleto de herramientas para mejorar su experiencia de comercio electr\u00f3nico:<\/p>\n<ul>\n  <li><strong>Integraci\u00f3n con WooCommerce<\/strong>: Gestione productos, carros, pagos y env\u00edos con facilidad.<\/li>\n  <li><strong>Dise\u00f1o adaptable<\/strong>: Se adapta perfectamente a ordenadores de sobremesa, tabletas y smartphones para una visualizaci\u00f3n \u00f3ptima.<\/li>\n  <li><strong>Compatibilidad con Elementor<\/strong>: Utilice el constructor de arrastrar y soltar para personalizar p\u00e1ginas sin esfuerzo.<\/li>\n  <li><strong>Productos destacados<\/strong>: Elegantes deslizadores, cuadr\u00edculas y galer\u00edas para presentar sus fragancias.<\/li>\n  <li><strong>Optimizado para SEO<\/strong>: Funciones integradas para mejorar el posicionamiento en las b\u00fasquedas y atraer tr\u00e1fico org\u00e1nico.<\/li>\n  <li><strong>Alto rendimiento<\/strong>: Un c\u00f3digo limpio garantiza tiempos de carga r\u00e1pidos y una navegaci\u00f3n fluida.<\/li>\n  <li><strong>Opciones personalizables<\/strong>: Ajusta los colores, las fuentes y los dise\u00f1os para que se adapten al estilo de tu marca.<\/li>\n  <li><strong>Soporte de plugins<\/strong>: Funciona con extensiones populares como sliders y herramientas multiling\u00fces.<\/li>\n<\/ul>\n\n<h3>Tipograf\u00eda refinada<\/h3>\n<p>Olivia &amp; Co utiliza fuentes elegantes para transmitir lujo y sofisticaci\u00f3n:<\/p>\n<ul>\n  <li><strong>Montserrat<\/strong>: Atrevidos y elegantes para t\u00edtulos que capten la atenci\u00f3n.<\/li>\n  <li><strong>Open Sans<\/strong>: Claro y moderno para un cuerpo de texto legible.<\/li>\n  <li><strong>Roboto<\/strong>: Elegante y vers\u00e1til para un acabado profesional.<\/li>\n<\/ul>\n\n<h3>F\u00e1cil configuraci\u00f3n con WooCommerce y Elementor<\/h3>\n<p>Poner en marcha su sitio web con Olivia &amp; Co es muy f\u00e1cil. Sigue estos pasos para empezar:<\/p>\n<ol>\n  <li>Instale la plantilla Olivia &amp; Co a trav\u00e9s de su panel de control de WordPress.<\/li>\n  <li>Activar WooCommerce y Elementor para el comercio electr\u00f3nico y las capacidades de dise\u00f1o.<\/li>\n  <li>Importe contenido de demostraci\u00f3n para rellenar su sitio con p\u00e1ginas ya creadas.<\/li>\n  <li>Configure los ajustes de la tienda, a\u00f1ada sus productos de fragancia y edite las p\u00e1ginas con Elementor.<\/li>\n  <li>Ajuste los temas, colores y elementos para alinearlos con su identidad de marca.<\/li>\n<\/ol>\n\n<h3>Licencia de im\u00e1genes<\/h3>\n<p>Olivia &amp; Co incluye im\u00e1genes de demostraci\u00f3n de Envato Elements. Para utilizarlas en su sitio web, obtenga la licencia a trav\u00e9s de Envato Elements o sustit\u00fayalas por sus propias fotos para obtener un aspecto personalizado y conforme.<\/p>\n\n<h3>\u00bfPor qu\u00e9 elegir Olivia &amp; Co?<\/h3>\n<p>Olivia &amp; Co es la plantilla WooCommerce perfecta para negocios de perfumes y fragancias que buscan un aire de elegancia y eficiencia. Su hermoso dise\u00f1o, la perfecta integraci\u00f3n de comercio electr\u00f3nico y las opciones de personalizaci\u00f3n f\u00e1ciles de usar la hacen ideal para crear un sitio que encante a los visitantes y los convierta en clientes leales. Ponga en l\u00ednea su mundo de fragancias con Olivia &amp; Co hoy mismo.<\/p>\n\t\t\t\t\t<\/div>\n\t\t\t\t\t\t<\/div>\n\t\t\t\t<\/div>\n\t\t\t\t<\/div>\n\t\t\t\t<\/div>","protected":false},"excerpt":{"rendered":"<p>Olivia &amp; Co: Create an Elegant Perfume &amp; Fragrance Online Store Olivia &amp; Co is a sophisticated WooCommerce WordPress template<\/p>","protected":false},"featured_media":7215,"comment_status":"open","ping_status":"closed","template":"","meta":{"_acf_changed":false},"product_brand":[],"product_cat":[50],"product_tag":[],"class_list":{"0":"post-7258","1":"product","2":"type-product","3":"status-publish","4":"has-post-thumbnail","6":"product_cat-template-kits","8":"first","9":"instock","10":"sale","11":"downloadable","12":"shipping-taxable","13":"purchasable","14":"product-type-simple"},"acf":[],"yoast_head":"<!-- This site is optimized with the Yoast SEO Premium plugin v25.6 (Yoast SEO v27.4) - https:\/\/yoast.com\/product\/yoast-seo-premium-wordpress\/ -->\n<title>Olivia &amp; Co: Perfume &amp; Fragrance WooCommerce Template - AllWin Theme \u2013 Free WordPress Themes Download<\/title>\n<meta name=\"description\" content=\"Launch an elegant perfume and fragrance store with Olivia &amp; Co WooCommerce Template. Responsive, Elementor-compatible, and optimized for beauty e-commerce success.\" \/>\n<meta name=\"robots\" content=\"index, follow, max-snippet:-1, max-image-preview:large, max-video-preview:-1\" \/>\n<link rel=\"canonical\" href=\"https:\/\/allwintheme.com\/es\/producto\/olivia-co-perfume-fragancia-woocommerce-plantilla\/\" \/>\n<meta property=\"og:locale\" content=\"es_ES\" \/>\n<meta property=\"og:type\" content=\"article\" \/>\n<meta property=\"og:title\" content=\"Olivia &amp; Co: Perfume &amp; Fragrance WooCommerce Template\" \/>\n<meta property=\"og:description\" content=\"Launch an elegant perfume and fragrance store with Olivia &amp; Co WooCommerce Template. Responsive, Elementor-compatible, and optimized for beauty e-commerce success.\" \/>\n<meta property=\"og:url\" content=\"https:\/\/allwintheme.com\/es\/producto\/olivia-co-perfume-fragancia-woocommerce-plantilla\/\" \/>\n<meta property=\"og:site_name\" content=\"AllWin Theme \u2013 Free WordPress Themes Download\" \/>\n<meta property=\"article:modified_time\" content=\"2025-09-17T12:56:11+00:00\" \/>\n<meta property=\"og:image\" content=\"https:\/\/allwintheme.com\/wp-content\/uploads\/2025\/09\/0wcr6dhc.png\" \/>\n\t<meta property=\"og:image:width\" content=\"590\" \/>\n\t<meta property=\"og:image:height\" content=\"393\" \/>\n\t<meta property=\"og:image:type\" content=\"image\/png\" \/>\n<meta name=\"twitter:card\" content=\"summary_large_image\" \/>\n<meta name=\"twitter:label1\" content=\"Tiempo estimado de lectura\" \/>\n\t<meta name=\"twitter:data1\" content=\"3 minutos\" \/>\n<script type=\"application\/ld+json\" class=\"yoast-schema-graph\">{\"@context\":\"https:\\\/\\\/schema.org\",\"@graph\":[{\"@type\":\"WebPage\",\"@id\":\"https:\\\/\\\/allwintheme.com\\\/product\\\/olivia-co-perfume-fragrance-woocommerce-template\\\/\",\"url\":\"https:\\\/\\\/allwintheme.com\\\/product\\\/olivia-co-perfume-fragrance-woocommerce-template\\\/\",\"name\":\"Olivia & Co: Perfume & Fragrance WooCommerce Template - AllWin Theme \u2013 Free WordPress Themes Download\",\"isPartOf\":{\"@id\":\"https:\\\/\\\/allwintheme.com\\\/#website\"},\"primaryImageOfPage\":{\"@id\":\"https:\\\/\\\/allwintheme.com\\\/product\\\/olivia-co-perfume-fragrance-woocommerce-template\\\/#primaryimage\"},\"image\":{\"@id\":\"https:\\\/\\\/allwintheme.com\\\/product\\\/olivia-co-perfume-fragrance-woocommerce-template\\\/#primaryimage\"},\"thumbnailUrl\":\"https:\\\/\\\/allwintheme.com\\\/wp-content\\\/uploads\\\/2025\\\/09\\\/0wcr6dhc.png\",\"datePublished\":\"2025-09-16T01:57:56+00:00\",\"dateModified\":\"2025-09-17T12:56:11+00:00\",\"description\":\"Launch an elegant perfume and fragrance store with Olivia & Co WooCommerce Template. Responsive, Elementor-compatible, and optimized for beauty e-commerce success.\",\"breadcrumb\":{\"@id\":\"https:\\\/\\\/allwintheme.com\\\/product\\\/olivia-co-perfume-fragrance-woocommerce-template\\\/#breadcrumb\"},\"inLanguage\":\"es-CL\",\"potentialAction\":[{\"@type\":\"ReadAction\",\"target\":[\"https:\\\/\\\/allwintheme.com\\\/product\\\/olivia-co-perfume-fragrance-woocommerce-template\\\/\"]}]},{\"@type\":\"ImageObject\",\"inLanguage\":\"es-CL\",\"@id\":\"https:\\\/\\\/allwintheme.com\\\/product\\\/olivia-co-perfume-fragrance-woocommerce-template\\\/#primaryimage\",\"url\":\"https:\\\/\\\/allwintheme.com\\\/wp-content\\\/uploads\\\/2025\\\/09\\\/0wcr6dhc.png\",\"contentUrl\":\"https:\\\/\\\/allwintheme.com\\\/wp-content\\\/uploads\\\/2025\\\/09\\\/0wcr6dhc.png\",\"width\":590,\"height\":393,\"caption\":\"Olivia & Co \u2013 Perfume & Fragrance WooCommerce Template\"},{\"@type\":\"BreadcrumbList\",\"@id\":\"https:\\\/\\\/allwintheme.com\\\/product\\\/olivia-co-perfume-fragrance-woocommerce-template\\\/#breadcrumb\",\"itemListElement\":[{\"@type\":\"ListItem\",\"position\":1,\"name\":\"Home\",\"item\":\"https:\\\/\\\/allwintheme.com\\\/\"},{\"@type\":\"ListItem\",\"position\":2,\"name\":\"Shop\",\"item\":\"https:\\\/\\\/allwintheme.com\\\/shop\\\/\"},{\"@type\":\"ListItem\",\"position\":3,\"name\":\"Olivia &#038; Co: Perfume &#038; Fragrance WooCommerce Template\"}]},{\"@type\":\"WebSite\",\"@id\":\"https:\\\/\\\/allwintheme.com\\\/#website\",\"url\":\"https:\\\/\\\/allwintheme.com\\\/\",\"name\":\"Allwintheme\",\"description\":\"Download free WordPress themes for every niche. Blogs, business, eCommerce, portfolio, restaurant and more. All themes are GPL licensed and mobile-ready.\",\"potentialAction\":[{\"@type\":\"SearchAction\",\"target\":{\"@type\":\"EntryPoint\",\"urlTemplate\":\"https:\\\/\\\/allwintheme.com\\\/?s={search_term_string}\"},\"query-input\":{\"@type\":\"PropertyValueSpecification\",\"valueRequired\":true,\"valueName\":\"search_term_string\"}}],\"inLanguage\":\"es-CL\"}]}<\/script>\n<!-- \/ Yoast SEO Premium plugin. -->","yoast_head_json":{"title":"Olivia &amp; Co: Perfume &amp; Fragrance WooCommerce Template - AllWin Theme - Free WordPress Themes Download","description":"Lanza una elegante tienda de perfumes y fragancias con la Plantilla WooCommerce Olivia &amp; Co. Responsive, compatible con Elementor y optimizada para el \u00e9xito del comercio electr\u00f3nico de belleza.","robots":{"index":"index","follow":"follow","max-snippet":"max-snippet:-1","max-image-preview":"max-image-preview:large","max-video-preview":"max-video-preview:-1"},"canonical":"https:\/\/allwintheme.com\/es\/producto\/olivia-co-perfume-fragancia-woocommerce-plantilla\/","og_locale":"es_ES","og_type":"article","og_title":"Olivia & Co: Perfume & Fragrance WooCommerce Template","og_description":"Launch an elegant perfume and fragrance store with Olivia & Co WooCommerce Template. Responsive, Elementor-compatible, and optimized for beauty e-commerce success.","og_url":"https:\/\/allwintheme.com\/es\/producto\/olivia-co-perfume-fragancia-woocommerce-plantilla\/","og_site_name":"AllWin Theme \u2013 Free WordPress Themes Download","article_modified_time":"2025-09-17T12:56:11+00:00","og_image":[{"width":590,"height":393,"url":"https:\/\/allwintheme.com\/wp-content\/uploads\/2025\/09\/0wcr6dhc.png","type":"image\/png"}],"twitter_card":"summary_large_image","twitter_misc":{"Tiempo estimado de lectura":"3 minutos"},"schema":{"@context":"https:\/\/schema.org","@graph":[{"@type":"WebPage","@id":"https:\/\/allwintheme.com\/product\/olivia-co-perfume-fragrance-woocommerce-template\/","url":"https:\/\/allwintheme.com\/product\/olivia-co-perfume-fragrance-woocommerce-template\/","name":"Olivia &amp; Co: Perfume &amp; Fragrance WooCommerce Template - AllWin Theme - Free WordPress Themes Download","isPartOf":{"@id":"https:\/\/allwintheme.com\/#website"},"primaryImageOfPage":{"@id":"https:\/\/allwintheme.com\/product\/olivia-co-perfume-fragrance-woocommerce-template\/#primaryimage"},"image":{"@id":"https:\/\/allwintheme.com\/product\/olivia-co-perfume-fragrance-woocommerce-template\/#primaryimage"},"thumbnailUrl":"https:\/\/allwintheme.com\/wp-content\/uploads\/2025\/09\/0wcr6dhc.png","datePublished":"2025-09-16T01:57:56+00:00","dateModified":"2025-09-17T12:56:11+00:00","description":"Lanza una elegante tienda de perfumes y fragancias con la Plantilla WooCommerce Olivia &amp; Co. Responsive, compatible con Elementor y optimizada para el \u00e9xito del comercio electr\u00f3nico de belleza.","breadcrumb":{"@id":"https:\/\/allwintheme.com\/product\/olivia-co-perfume-fragrance-woocommerce-template\/#breadcrumb"},"inLanguage":"es-CL","potentialAction":[{"@type":"ReadAction","target":["https:\/\/allwintheme.com\/product\/olivia-co-perfume-fragrance-woocommerce-template\/"]}]},{"@type":"ImageObject","inLanguage":"es-CL","@id":"https:\/\/allwintheme.com\/product\/olivia-co-perfume-fragrance-woocommerce-template\/#primaryimage","url":"https:\/\/allwintheme.com\/wp-content\/uploads\/2025\/09\/0wcr6dhc.png","contentUrl":"https:\/\/allwintheme.com\/wp-content\/uploads\/2025\/09\/0wcr6dhc.png","width":590,"height":393,"caption":"Olivia & Co \u2013 Perfume & Fragrance WooCommerce Template"},{"@type":"BreadcrumbList","@id":"https:\/\/allwintheme.com\/product\/olivia-co-perfume-fragrance-woocommerce-template\/#breadcrumb","itemListElement":[{"@type":"ListItem","position":1,"name":"Home","item":"https:\/\/allwintheme.com\/"},{"@type":"ListItem","position":2,"name":"Shop","item":"https:\/\/allwintheme.com\/shop\/"},{"@type":"ListItem","position":3,"name":"Olivia &#038; Co: Perfume &#038; Fragrance WooCommerce Template"}]},{"@type":"WebSite","@id":"https:\/\/allwintheme.com\/#website","url":"https:\/\/allwintheme.com\/","name":"Allwintheme","description":"Descarga gratis temas de WordPress para todos los nichos. Blogs, negocios, comercio electr\u00f3nico, portafolio, restaurante y m\u00e1s. Todos los temas tienen licencia GPL y est\u00e1n preparados para dispositivos m\u00f3viles.","potentialAction":[{"@type":"SearchAction","target":{"@type":"EntryPoint","urlTemplate":"https:\/\/allwintheme.com\/?s={search_term_string}"},"query-input":{"@type":"PropertyValueSpecification","valueRequired":true,"valueName":"search_term_string"}}],"inLanguage":"es-CL"}]}},"_links":{"self":[{"href":"https:\/\/allwintheme.com\/es\/wp-json\/wp\/v2\/product\/7258","targetHints":{"allow":["GET"]}}],"collection":[{"href":"https:\/\/allwintheme.com\/es\/wp-json\/wp\/v2\/product"}],"about":[{"href":"https:\/\/allwintheme.com\/es\/wp-json\/wp\/v2\/types\/product"}],"replies":[{"embeddable":true,"href":"https:\/\/allwintheme.com\/es\/wp-json\/wp\/v2\/comments?post=7258"}],"version-history":[{"count":0,"href":"https:\/\/allwintheme.com\/es\/wp-json\/wp\/v2\/product\/7258\/revisions"}],"wp:featuredmedia":[{"embeddable":true,"href":"https:\/\/allwintheme.com\/es\/wp-json\/wp\/v2\/media\/7215"}],"wp:attachment":[{"href":"https:\/\/allwintheme.com\/es\/wp-json\/wp\/v2\/media?parent=7258"}],"wp:term":[{"taxonomy":"product_brand","embeddable":true,"href":"https:\/\/allwintheme.com\/es\/wp-json\/wp\/v2\/product_brand?post=7258"},{"taxonomy":"product_cat","embeddable":true,"href":"https:\/\/allwintheme.com\/es\/wp-json\/wp\/v2\/product_cat?post=7258"},{"taxonomy":"product_tag","embeddable":true,"href":"https:\/\/allwintheme.com\/es\/wp-json\/wp\/v2\/product_tag?post=7258"}],"curies":[{"name":"wp","href":"https:\/\/api.w.org\/{rel}","templated":true}]}}