{"id":7279,"date":"2025-09-16T07:32:49","date_gmt":"2025-09-16T07:32:49","guid":{"rendered":"https:\/\/allwintheme.com\/?post_type=product&#038;p=7279"},"modified":"2025-09-16T08:39:50","modified_gmt":"2025-09-16T08:39:50","slug":"woocommerce-email-customizer","status":"publish","type":"product","link":"https:\/\/allwintheme.com\/es\/producto\/woocommerce-email-customizer\/","title":{"rendered":"Personalizador de correo electr\u00f3nico de WooCommerce"},"content":{"rendered":"<div data-elementor-type=\"wp-post\" data-elementor-id=\"7279\" class=\"elementor elementor-7279\" data-elementor-settings=\"{&quot;element_pack_global_tooltip_width&quot;:{&quot;unit&quot;:&quot;px&quot;,&quot;size&quot;:&quot;&quot;,&quot;sizes&quot;:[]},&quot;element_pack_global_tooltip_width_tablet&quot;:{&quot;unit&quot;:&quot;px&quot;,&quot;size&quot;:&quot;&quot;,&quot;sizes&quot;:[]},&quot;element_pack_global_tooltip_width_mobile&quot;:{&quot;unit&quot;:&quot;px&quot;,&quot;size&quot;:&quot;&quot;,&quot;sizes&quot;:[]},&quot;element_pack_global_tooltip_padding&quot;:{&quot;unit&quot;:&quot;px&quot;,&quot;top&quot;:&quot;&quot;,&quot;right&quot;:&quot;&quot;,&quot;bottom&quot;:&quot;&quot;,&quot;left&quot;:&quot;&quot;,&quot;isLinked&quot;:true},&quot;element_pack_global_tooltip_padding_tablet&quot;:{&quot;unit&quot;:&quot;px&quot;,&quot;top&quot;:&quot;&quot;,&quot;right&quot;:&quot;&quot;,&quot;bottom&quot;:&quot;&quot;,&quot;left&quot;:&quot;&quot;,&quot;isLinked&quot;:true},&quot;element_pack_global_tooltip_padding_mobile&quot;:{&quot;unit&quot;:&quot;px&quot;,&quot;top&quot;:&quot;&quot;,&quot;right&quot;:&quot;&quot;,&quot;bottom&quot;:&quot;&quot;,&quot;left&quot;:&quot;&quot;,&quot;isLinked&quot;:true},&quot;element_pack_global_tooltip_border_radius&quot;:{&quot;unit&quot;:&quot;px&quot;,&quot;top&quot;:&quot;&quot;,&quot;right&quot;:&quot;&quot;,&quot;bottom&quot;:&quot;&quot;,&quot;left&quot;:&quot;&quot;,&quot;isLinked&quot;:true},&quot;element_pack_global_tooltip_border_radius_tablet&quot;:{&quot;unit&quot;:&quot;px&quot;,&quot;top&quot;:&quot;&quot;,&quot;right&quot;:&quot;&quot;,&quot;bottom&quot;:&quot;&quot;,&quot;left&quot;:&quot;&quot;,&quot;isLinked&quot;:true},&quot;element_pack_global_tooltip_border_radius_mobile&quot;:{&quot;unit&quot;:&quot;px&quot;,&quot;top&quot;:&quot;&quot;,&quot;right&quot;:&quot;&quot;,&quot;bottom&quot;:&quot;&quot;,&quot;left&quot;:&quot;&quot;,&quot;isLinked&quot;:true}}\" data-elementor-post-type=\"product\">\n\t\t\t\t<div class=\"elementor-element elementor-element-93aa4a8 e-con-full e-flex e-con e-parent\" data-id=\"93aa4a8\" data-element_type=\"container\" data-e-type=\"container\">\n\t\t\t\t<div class=\"elementor-element elementor-element-2c3f760 miaoshu elementor-widget elementor-widget-wd_text_block\" data-id=\"2c3f760\" data-element_type=\"widget\" data-e-type=\"widget\" data-widget_type=\"wd_text_block.default\">\n\t\t\t\t<div class=\"elementor-widget-container\">\n\t\t\t\t\t\t\t<div class=\"wd-text-block reset-last-child text-left\">\n\t\t\t\n\t\t\t<h2>Acerca de WooCommerce Email Customizer<\/h2>\n<p>WooCommerce Email Customizer es un potente plugin de WordPress dise\u00f1ado para darte un control total sobre tus correos electr\u00f3nicos transaccionales de WooCommerce. En lugar de confiar en las plantillas predeterminadas, este plugin le permite dise\u00f1ar correos electr\u00f3nicos totalmente personalizados, de marca y de aspecto profesional que mejoran el compromiso del cliente y reflejan la identidad de su empresa. Con un editor intuitivo de arrastrar y soltar, incluso los usuarios no t\u00e9cnicos pueden crear plantillas de correo electr\u00f3nico pulido en cuesti\u00f3n de minutos.<\/p>\n\n<h2>Por qu\u00e9 personalizar los correos electr\u00f3nicos de WooCommerce<\/h2>\n<p>Cada confirmaci\u00f3n de pedido, factura y actualizaci\u00f3n de env\u00edo es un punto de contacto con sus clientes. Los correos electr\u00f3nicos predeterminados de WooCommerce pueden ser funcionales, pero a menudo carecen de la personalizaci\u00f3n y el atractivo visual necesarios para causar una impresi\u00f3n duradera. Al personalizar tus correos electr\u00f3nicos, puedes reforzar la identidad de tu marca, mejorar la comunicaci\u00f3n y crear una experiencia de compra coherente. WooCommerce Email Customizer te permite lograr esto sin codificar o contratar a un dise\u00f1ador.<\/p>\n\n<h2>Editor de arrastrar y soltar<\/h2>\n<p>Lo m\u00e1s destacado de este plugin es su sencillo constructor de arrastrar y soltar. Puede a\u00f1adir, eliminar y reorganizar elementos como bloques de texto, im\u00e1genes, logotipos, iconos sociales y botones con facilidad. La vista previa en tiempo real te permite ver exactamente c\u00f3mo quedar\u00e1n tus correos electr\u00f3nicos antes de enviarlos. Esto elimina las conjeturas y ahorra tiempo, haciendo que el proceso de personalizaci\u00f3n sea fluido y eficiente.<\/p>\n\n<h2>Coherencia de marca<\/h2>\n<p>Mantener la coherencia de la marca en todas las interacciones con los clientes es crucial. Con el personalizador de correo electr\u00f3nico de WooCommerce, puedes alinear el dise\u00f1o de tu correo electr\u00f3nico con el aspecto de tu sitio web utilizando los colores, las fuentes y el logotipo de tu marca. Tanto si se trata de un simple correo electr\u00f3nico de agradecimiento como de un resumen detallado del pedido, cada comunicaci\u00f3n refleja la personalidad de tu marca y genera un mayor reconocimiento entre tu p\u00fablico.<\/p>\n\n<h2>Dise\u00f1os de correo electr\u00f3nico con capacidad de respuesta<\/h2>\n<p>Los clientes de hoy en d\u00eda ven los correos electr\u00f3nicos en una gran variedad de dispositivos, desde ordenadores de sobremesa hasta tabletas y tel\u00e9fonos inteligentes. Este plugin garantiza que sus correos electr\u00f3nicos personalizados sean totalmente receptivos y est\u00e9n optimizados para todos los tama\u00f1os de pantalla. No importa d\u00f3nde abran sus mensajes sus clientes, recibir\u00e1n un correo electr\u00f3nico claro, profesional y visualmente coherente que mejorar\u00e1 su experiencia con su tienda.<\/p>\n\n<h2>Funciones de personalizaci\u00f3n<\/h2>\n<p>La comunicaci\u00f3n personalizada puede mejorar significativamente la satisfacci\u00f3n y lealtad del cliente. El personalizador de correo electr\u00f3nico de WooCommerce admite marcadores de posici\u00f3n din\u00e1micos, lo que te permite incluir nombres de clientes, detalles de pedidos e informaci\u00f3n de productos directamente en tus correos electr\u00f3nicos. Este nivel de personalizaci\u00f3n ayuda a que cada mensaje sea relevante y significativo, convirtiendo los correos electr\u00f3nicos transaccionales en valiosos puntos de contacto.<\/p>\n\n<h2>Plantillas predise\u00f1adas<\/h2>\n<p>Para los usuarios que prefieren un comienzo r\u00e1pido, el plugin viene con una selecci\u00f3n de plantillas predise\u00f1adas. Estas plantillas se adaptan a diferentes tipos de correos electr\u00f3nicos de WooCommerce, como confirmaciones de pedidos, notificaciones de env\u00edo y restablecimiento de contrase\u00f1as. Puedes utilizarlas tal cual o modificarlas para adaptarlas al estilo de tu marca, lo que proporciona flexibilidad tanto para principiantes como para usuarios avanzados.<\/p>\n\n<h2>Opciones avanzadas de personalizaci\u00f3n<\/h2>\n<p>Adem\u00e1s del editor de arrastrar y soltar, WooCommerce Email Customizer ofrece funciones avanzadas de personalizaci\u00f3n. Puedes ajustar el relleno, los m\u00e1rgenes y la alineaci\u00f3n, as\u00ed como los colores, la tipograf\u00eda y los elementos de dise\u00f1o. Este nivel de detalle garantiza que puedas crear un dise\u00f1o que no s\u00f3lo sea visualmente atractivo, sino tambi\u00e9n funcional y alineado con tus objetivos de comunicaci\u00f3n.<\/p>\n\n<h2>Impulsar el compromiso de los clientes<\/h2>\n<p>Los correos electr\u00f3nicos personalizados y bien dise\u00f1ados tienen m\u00e1s probabilidades de captar la atenci\u00f3n y fomentar la acci\u00f3n. Tanto si se trata de animar a los clientes a repetir la compra, de hacer un seguimiento de sus pedidos o de dirigirles a su sitio web, los correos electr\u00f3nicos personalizados son una forma eficaz de mantener el compromiso m\u00e1s all\u00e1 de la p\u00e1gina de pago. Al mejorar la calidad de sus correos electr\u00f3nicos, transforma simples notificaciones en oportunidades para retener clientes y aumentar las ventas.<\/p>\n\n<h2>Compatibilidad e integraci\u00f3n<\/h2>\n<p>El plugin es totalmente compatible con la \u00faltima versi\u00f3n de WooCommerce y funciona a la perfecci\u00f3n con la mayor\u00eda de temas de WordPress. Tambi\u00e9n se integra sin problemas con plugins populares, asegurando que sus esfuerzos de personalizaci\u00f3n de correo electr\u00f3nico no entren en conflicto con otras herramientas que pueda estar utilizando. Esto lo convierte en una opci\u00f3n fiable para empresas de todos los tama\u00f1os, desde startups hasta marcas de comercio electr\u00f3nico consolidadas.<\/p>\n\n<h2>Sin codificaci\u00f3n<\/h2>\n<p>Una de las mayores ventajas de WooCommerce Email Customizer es que no requiere conocimientos de codificaci\u00f3n. Toda la personalizaci\u00f3n se puede hacer visualmente, lo que significa que los propietarios de tiendas, vendedores y gerentes pueden dise\u00f1ar correos electr\u00f3nicos profesionales sin depender de desarrolladores. Esta accesibilidad ahorra costes y reduce el tiempo de respuesta para realizar cambios en su estrategia de comunicaci\u00f3n.<\/p>\n\n<h2>Confianza del cliente y profesionalidad<\/h2>\n<p>Los correos electr\u00f3nicos de aspecto profesional generan confianza. Cuando sus clientes reciben correos electr\u00f3nicos de marca, bien estructurados y visualmente atractivos, les da la seguridad de que est\u00e1n tratando con una empresa cre\u00edble. Este nivel de profesionalidad contribuye a una experiencia positiva del cliente y puede diferenciar a su tienda de la competencia, que utiliza plantillas gen\u00e9ricas por defecto.<\/p>\n\n<h2>Actualizaciones y asistencia continuas<\/h2>\n<p>WooCommerce Email Customizer est\u00e1 respaldado por actualizaciones continuas para garantizar la compatibilidad con las nuevas versiones de WordPress y WooCommerce. Adem\u00e1s, ofrece soporte al cliente para ayudarle con la configuraci\u00f3n, soluci\u00f3n de problemas y mejores pr\u00e1cticas. Con mejoras continuas y un soporte fiable, puede estar seguro de que sus necesidades de personalizaci\u00f3n de correo electr\u00f3nico se ver\u00e1n satisfechas a largo plazo.<\/p>\n\n<h2>Conclusi\u00f3n<\/h2>\n<p>WooCommerce Email Customizer es un plugin esencial para cualquier propietario de una tienda que busque mejorar la forma de comunicarse con sus clientes. Transforma los correos electr\u00f3nicos est\u00e1ndar de WooCommerce en comunicaciones personalizadas, de marca y atractivas que dejan una impresi\u00f3n duradera. Con su editor de arrastrar y soltar, dise\u00f1os responsivos, opciones de personalizaci\u00f3n avanzadas y una integraci\u00f3n perfecta, te equipa con las herramientas para fortalecer tu marca, aumentar el compromiso y mejorar la experiencia general del cliente. Si est\u00e1s listo para llevar tus correos electr\u00f3nicos de WooCommerce al siguiente nivel, este plugin es la soluci\u00f3n que has estado buscando.<\/p>\n\t\t\t\t\t<\/div>\n\t\t\t\t\t\t<\/div>\n\t\t\t\t<\/div>\n\t\t\t\t<\/div>\n\t\t\t\t<\/div>","protected":false},"excerpt":{"rendered":"<p>About WooCommerce Email Customizer WooCommerce Email Customizer is a powerful WordPress plugin designed to give you complete control over your<\/p>","protected":false},"featured_media":7271,"comment_status":"open","ping_status":"closed","template":"","meta":{"_acf_changed":false},"product_brand":[],"product_cat":[49],"product_tag":[],"class_list":{"0":"post-7279","1":"product","2":"type-product","3":"status-publish","4":"has-post-thumbnail","6":"product_cat-plugins","8":"first","9":"instock","10":"sale","11":"downloadable","12":"shipping-taxable","13":"purchasable","14":"product-type-simple"},"acf":[],"yoast_head":"<!-- This site is optimized with the Yoast SEO Premium plugin v25.6 (Yoast SEO v27.1.1) - https:\/\/yoast.com\/product\/yoast-seo-premium-wordpress\/ -->\n<title>WooCommerce Email Customizer - AllWin Theme \u2013 Free WordPress Themes Download<\/title>\n<meta name=\"description\" content=\"Easily design and personalize WooCommerce emails with a powerful drag-and-drop customizer for a professional brand experience.\" \/>\n<meta name=\"robots\" content=\"index, follow, max-snippet:-1, max-image-preview:large, max-video-preview:-1\" \/>\n<link rel=\"canonical\" href=\"https:\/\/allwintheme.com\/es\/producto\/woocommerce-email-customizer\/\" \/>\n<meta property=\"og:locale\" content=\"es_ES\" \/>\n<meta property=\"og:type\" content=\"article\" \/>\n<meta property=\"og:title\" content=\"WooCommerce Email Customizer\" \/>\n<meta property=\"og:description\" content=\"Easily design and personalize WooCommerce emails with a powerful drag-and-drop customizer for a professional brand experience.\" \/>\n<meta property=\"og:url\" content=\"https:\/\/allwintheme.com\/es\/producto\/woocommerce-email-customizer\/\" \/>\n<meta property=\"og:site_name\" content=\"AllWin Theme \u2013 Free WordPress Themes Download\" \/>\n<meta property=\"article:modified_time\" content=\"2025-09-16T08:39:50+00:00\" \/>\n<meta property=\"og:image\" content=\"https:\/\/allwintheme.com\/wp-content\/uploads\/2025\/09\/m3z4wao6.png\" \/>\n\t<meta property=\"og:image:width\" content=\"590\" \/>\n\t<meta property=\"og:image:height\" content=\"300\" \/>\n\t<meta property=\"og:image:type\" content=\"image\/png\" \/>\n<meta name=\"twitter:card\" content=\"summary_large_image\" \/>\n<meta name=\"twitter:label1\" content=\"Tiempo estimado de lectura\" \/>\n\t<meta name=\"twitter:data1\" content=\"5 minutos\" \/>\n<script type=\"application\/ld+json\" class=\"yoast-schema-graph\">{\"@context\":\"https:\/\/schema.org\",\"@graph\":[{\"@type\":\"WebPage\",\"@id\":\"https:\/\/allwintheme.com\/product\/woocommerce-email-customizer\/\",\"url\":\"https:\/\/allwintheme.com\/product\/woocommerce-email-customizer\/\",\"name\":\"WooCommerce Email Customizer - AllWin Theme \u2013 Free WordPress Themes Download\",\"isPartOf\":{\"@id\":\"https:\/\/allwintheme.com\/#website\"},\"primaryImageOfPage\":{\"@id\":\"https:\/\/allwintheme.com\/product\/woocommerce-email-customizer\/#primaryimage\"},\"image\":{\"@id\":\"https:\/\/allwintheme.com\/product\/woocommerce-email-customizer\/#primaryimage\"},\"thumbnailUrl\":\"https:\/\/allwintheme.com\/wp-content\/uploads\/2025\/09\/m3z4wao6.png\",\"datePublished\":\"2025-09-16T07:32:49+00:00\",\"dateModified\":\"2025-09-16T08:39:50+00:00\",\"description\":\"Easily design and personalize WooCommerce emails with a powerful drag-and-drop customizer for a professional brand experience.\",\"breadcrumb\":{\"@id\":\"https:\/\/allwintheme.com\/product\/woocommerce-email-customizer\/#breadcrumb\"},\"inLanguage\":\"es-CL\",\"potentialAction\":[{\"@type\":\"ReadAction\",\"target\":[\"https:\/\/allwintheme.com\/product\/woocommerce-email-customizer\/\"]}]},{\"@type\":\"ImageObject\",\"inLanguage\":\"es-CL\",\"@id\":\"https:\/\/allwintheme.com\/product\/woocommerce-email-customizer\/#primaryimage\",\"url\":\"https:\/\/allwintheme.com\/wp-content\/uploads\/2025\/09\/m3z4wao6.png\",\"contentUrl\":\"https:\/\/allwintheme.com\/wp-content\/uploads\/2025\/09\/m3z4wao6.png\",\"width\":590,\"height\":300,\"caption\":\"WooCommerce Email Customizer (codecanyon)\"},{\"@type\":\"BreadcrumbList\",\"@id\":\"https:\/\/allwintheme.com\/product\/woocommerce-email-customizer\/#breadcrumb\",\"itemListElement\":[{\"@type\":\"ListItem\",\"position\":1,\"name\":\"Home\",\"item\":\"https:\/\/allwintheme.com\/\"},{\"@type\":\"ListItem\",\"position\":2,\"name\":\"Shop\",\"item\":\"https:\/\/allwintheme.com\/shop\/\"},{\"@type\":\"ListItem\",\"position\":3,\"name\":\"WooCommerce Email Customizer\"}]},{\"@type\":\"WebSite\",\"@id\":\"https:\/\/allwintheme.com\/#website\",\"url\":\"https:\/\/allwintheme.com\/\",\"name\":\"Allwintheme\",\"description\":\"Download free WordPress themes for every niche. Blogs, business, eCommerce, portfolio, restaurant and more. All themes are GPL licensed and mobile-ready.\",\"potentialAction\":[{\"@type\":\"SearchAction\",\"target\":{\"@type\":\"EntryPoint\",\"urlTemplate\":\"https:\/\/allwintheme.com\/?s={search_term_string}\"},\"query-input\":{\"@type\":\"PropertyValueSpecification\",\"valueRequired\":true,\"valueName\":\"search_term_string\"}}],\"inLanguage\":\"es-CL\"}]}<\/script>\n<!-- \/ Yoast SEO Premium plugin. -->","yoast_head_json":{"title":"WooCommerce Email Customizer - AllWin Theme \u2013 Free WordPress Themes Download","description":"Dise\u00f1a y personaliza f\u00e1cilmente los correos electr\u00f3nicos de WooCommerce con un potente personalizador de arrastrar y soltar para una experiencia de marca profesional.","robots":{"index":"index","follow":"follow","max-snippet":"max-snippet:-1","max-image-preview":"max-image-preview:large","max-video-preview":"max-video-preview:-1"},"canonical":"https:\/\/allwintheme.com\/es\/producto\/woocommerce-email-customizer\/","og_locale":"es_ES","og_type":"article","og_title":"WooCommerce Email Customizer","og_description":"Easily design and personalize WooCommerce emails with a powerful drag-and-drop customizer for a professional brand experience.","og_url":"https:\/\/allwintheme.com\/es\/producto\/woocommerce-email-customizer\/","og_site_name":"AllWin Theme \u2013 Free WordPress Themes Download","article_modified_time":"2025-09-16T08:39:50+00:00","og_image":[{"width":590,"height":300,"url":"https:\/\/allwintheme.com\/wp-content\/uploads\/2025\/09\/m3z4wao6.png","type":"image\/png"}],"twitter_card":"summary_large_image","twitter_misc":{"Tiempo estimado de lectura":"5 minutos"},"schema":{"@context":"https:\/\/schema.org","@graph":[{"@type":"WebPage","@id":"https:\/\/allwintheme.com\/product\/woocommerce-email-customizer\/","url":"https:\/\/allwintheme.com\/product\/woocommerce-email-customizer\/","name":"WooCommerce Email Customizer - AllWin Theme \u2013 Free WordPress Themes Download","isPartOf":{"@id":"https:\/\/allwintheme.com\/#website"},"primaryImageOfPage":{"@id":"https:\/\/allwintheme.com\/product\/woocommerce-email-customizer\/#primaryimage"},"image":{"@id":"https:\/\/allwintheme.com\/product\/woocommerce-email-customizer\/#primaryimage"},"thumbnailUrl":"https:\/\/allwintheme.com\/wp-content\/uploads\/2025\/09\/m3z4wao6.png","datePublished":"2025-09-16T07:32:49+00:00","dateModified":"2025-09-16T08:39:50+00:00","description":"Dise\u00f1a y personaliza f\u00e1cilmente los correos electr\u00f3nicos de WooCommerce con un potente personalizador de arrastrar y soltar para una experiencia de marca profesional.","breadcrumb":{"@id":"https:\/\/allwintheme.com\/product\/woocommerce-email-customizer\/#breadcrumb"},"inLanguage":"es-CL","potentialAction":[{"@type":"ReadAction","target":["https:\/\/allwintheme.com\/product\/woocommerce-email-customizer\/"]}]},{"@type":"ImageObject","inLanguage":"es-CL","@id":"https:\/\/allwintheme.com\/product\/woocommerce-email-customizer\/#primaryimage","url":"https:\/\/allwintheme.com\/wp-content\/uploads\/2025\/09\/m3z4wao6.png","contentUrl":"https:\/\/allwintheme.com\/wp-content\/uploads\/2025\/09\/m3z4wao6.png","width":590,"height":300,"caption":"WooCommerce Email Customizer (codecanyon)"},{"@type":"BreadcrumbList","@id":"https:\/\/allwintheme.com\/product\/woocommerce-email-customizer\/#breadcrumb","itemListElement":[{"@type":"ListItem","position":1,"name":"Home","item":"https:\/\/allwintheme.com\/"},{"@type":"ListItem","position":2,"name":"Shop","item":"https:\/\/allwintheme.com\/shop\/"},{"@type":"ListItem","position":3,"name":"WooCommerce Email Customizer"}]},{"@type":"WebSite","@id":"https:\/\/allwintheme.com\/#website","url":"https:\/\/allwintheme.com\/","name":"Allwintheme","description":"Descarga gratis temas de WordPress para todos los nichos. Blogs, negocios, comercio electr\u00f3nico, portafolio, restaurante y m\u00e1s. Todos los temas tienen licencia GPL y est\u00e1n preparados para dispositivos m\u00f3viles.","potentialAction":[{"@type":"SearchAction","target":{"@type":"EntryPoint","urlTemplate":"https:\/\/allwintheme.com\/?s={search_term_string}"},"query-input":{"@type":"PropertyValueSpecification","valueRequired":true,"valueName":"search_term_string"}}],"inLanguage":"es-CL"}]}},"_links":{"self":[{"href":"https:\/\/allwintheme.com\/es\/wp-json\/wp\/v2\/product\/7279","targetHints":{"allow":["GET"]}}],"collection":[{"href":"https:\/\/allwintheme.com\/es\/wp-json\/wp\/v2\/product"}],"about":[{"href":"https:\/\/allwintheme.com\/es\/wp-json\/wp\/v2\/types\/product"}],"replies":[{"embeddable":true,"href":"https:\/\/allwintheme.com\/es\/wp-json\/wp\/v2\/comments?post=7279"}],"version-history":[{"count":0,"href":"https:\/\/allwintheme.com\/es\/wp-json\/wp\/v2\/product\/7279\/revisions"}],"wp:featuredmedia":[{"embeddable":true,"href":"https:\/\/allwintheme.com\/es\/wp-json\/wp\/v2\/media\/7271"}],"wp:attachment":[{"href":"https:\/\/allwintheme.com\/es\/wp-json\/wp\/v2\/media?parent=7279"}],"wp:term":[{"taxonomy":"product_brand","embeddable":true,"href":"https:\/\/allwintheme.com\/es\/wp-json\/wp\/v2\/product_brand?post=7279"},{"taxonomy":"product_cat","embeddable":true,"href":"https:\/\/allwintheme.com\/es\/wp-json\/wp\/v2\/product_cat?post=7279"},{"taxonomy":"product_tag","embeddable":true,"href":"https:\/\/allwintheme.com\/es\/wp-json\/wp\/v2\/product_tag?post=7279"}],"curies":[{"name":"wp","href":"https:\/\/api.w.org\/{rel}","templated":true}]}}