{"id":7281,"date":"2025-09-16T07:37:53","date_gmt":"2025-09-16T07:37:53","guid":{"rendered":"https:\/\/allwintheme.com\/?post_type=product&#038;p=7281"},"modified":"2025-09-16T08:33:16","modified_gmt":"2025-09-16T08:33:16","slug":"correos-electronicos-analiticos-flexibles-de-wishlist-pro","status":"publish","type":"product","link":"https:\/\/allwintheme.com\/es\/producto\/correos-electronicos-analiticos-flexibles-de-wishlist-pro\/","title":{"rendered":"Lista de deseos flexible PRO"},"content":{"rendered":"<div data-elementor-type=\"wp-post\" data-elementor-id=\"7281\" class=\"elementor elementor-7281\" data-elementor-settings=\"{&quot;element_pack_global_tooltip_width&quot;:{&quot;unit&quot;:&quot;px&quot;,&quot;size&quot;:&quot;&quot;,&quot;sizes&quot;:[]},&quot;element_pack_global_tooltip_width_tablet&quot;:{&quot;unit&quot;:&quot;px&quot;,&quot;size&quot;:&quot;&quot;,&quot;sizes&quot;:[]},&quot;element_pack_global_tooltip_width_mobile&quot;:{&quot;unit&quot;:&quot;px&quot;,&quot;size&quot;:&quot;&quot;,&quot;sizes&quot;:[]},&quot;element_pack_global_tooltip_padding&quot;:{&quot;unit&quot;:&quot;px&quot;,&quot;top&quot;:&quot;&quot;,&quot;right&quot;:&quot;&quot;,&quot;bottom&quot;:&quot;&quot;,&quot;left&quot;:&quot;&quot;,&quot;isLinked&quot;:true},&quot;element_pack_global_tooltip_padding_tablet&quot;:{&quot;unit&quot;:&quot;px&quot;,&quot;top&quot;:&quot;&quot;,&quot;right&quot;:&quot;&quot;,&quot;bottom&quot;:&quot;&quot;,&quot;left&quot;:&quot;&quot;,&quot;isLinked&quot;:true},&quot;element_pack_global_tooltip_padding_mobile&quot;:{&quot;unit&quot;:&quot;px&quot;,&quot;top&quot;:&quot;&quot;,&quot;right&quot;:&quot;&quot;,&quot;bottom&quot;:&quot;&quot;,&quot;left&quot;:&quot;&quot;,&quot;isLinked&quot;:true},&quot;element_pack_global_tooltip_border_radius&quot;:{&quot;unit&quot;:&quot;px&quot;,&quot;top&quot;:&quot;&quot;,&quot;right&quot;:&quot;&quot;,&quot;bottom&quot;:&quot;&quot;,&quot;left&quot;:&quot;&quot;,&quot;isLinked&quot;:true},&quot;element_pack_global_tooltip_border_radius_tablet&quot;:{&quot;unit&quot;:&quot;px&quot;,&quot;top&quot;:&quot;&quot;,&quot;right&quot;:&quot;&quot;,&quot;bottom&quot;:&quot;&quot;,&quot;left&quot;:&quot;&quot;,&quot;isLinked&quot;:true},&quot;element_pack_global_tooltip_border_radius_mobile&quot;:{&quot;unit&quot;:&quot;px&quot;,&quot;top&quot;:&quot;&quot;,&quot;right&quot;:&quot;&quot;,&quot;bottom&quot;:&quot;&quot;,&quot;left&quot;:&quot;&quot;,&quot;isLinked&quot;:true}}\" data-elementor-post-type=\"product\">\n\t\t\t\t<div class=\"elementor-element elementor-element-93aa4a8 e-con-full e-flex e-con e-parent\" data-id=\"93aa4a8\" data-element_type=\"container\" data-e-type=\"container\">\n\t\t\t\t<div class=\"elementor-element elementor-element-2c3f760 miaoshu elementor-widget elementor-widget-wd_text_block\" data-id=\"2c3f760\" data-element_type=\"widget\" data-e-type=\"widget\" data-widget_type=\"wd_text_block.default\">\n\t\t\t\t<div class=\"elementor-widget-container\">\n\t\t\t\t\t\t\t<div class=\"wd-text-block reset-last-child text-left\">\n\t\t\t\n\t\t\t<h2>Acerca de Flexible Wishlist PRO - An\u00e1lisis y correos electr\u00f3nicos<\/h2>\n<p>Flexible Wishlist PRO - Analytics &amp; Emails es un plugin premium de WooCommerce dise\u00f1ado para ayudar a los propietarios de tiendas a impulsar el compromiso, mejorar el rendimiento de las ventas y fortalecer las relaciones con los clientes. Combina una potente funcionalidad de lista de deseos con an\u00e1lisis avanzados y campa\u00f1as de correo electr\u00f3nico automatizadas, d\u00e1ndole las herramientas para convertir el inter\u00e9s del cliente en conversiones. Tanto si diriges una peque\u00f1a tienda online como un gran negocio de comercio electr\u00f3nico, este plugin te ayuda a comprender mejor las necesidades de tus clientes y a actuar en consecuencia de forma eficaz.<\/p>\n\n<h2>Lista de deseos de los clientes<\/h2>\n<p>Las listas de deseos son un elemento esencial del comercio electr\u00f3nico moderno. Permiten a los clientes guardar los productos que les interesan para comprarlos en el futuro, creando una experiencia de compra c\u00f3moda. Con Flexible Wishlist PRO, los clientes pueden a\u00f1adir f\u00e1cilmente art\u00edculos a sus listas personales, gestionar los productos guardados y volver a ellos m\u00e1s tarde. Esta funcionalidad no s\u00f3lo mejora la experiencia del usuario, sino que tambi\u00e9n aumenta la probabilidad de visitas repetidas y ventas futuras.<\/p>\n\n<h2>Aumentar las conversiones mediante el compromiso<\/h2>\n<p>Las listas de deseos son algo m\u00e1s que una comodidad para los clientes: son una poderosa herramienta para aumentar las conversiones. Al permitir que los usuarios guarden los art\u00edculos que les gustan, se crean oportunidades para volver a captarlos en el momento adecuado. Flexible Wishlist PRO aprovecha este comportamiento integrando correos electr\u00f3nicos de seguimiento automatizados y estrategias de marketing personalizadas, recordando a los clientes sus intereses y anim\u00e1ndoles a completar sus compras.<\/p>\n\n<h2>An\u00e1lisis avanzados<\/h2>\n<p>Comprender el comportamiento de los clientes es clave para el crecimiento de cualquier negocio online. Flexible Wishlist PRO incluye un completo panel de an\u00e1lisis que proporciona informaci\u00f3n sobre los productos m\u00e1s guardados, las preferencias de los clientes y la actividad general de la lista de deseos. Estos informes le ayudan a identificar las tendencias, prever la demanda y optimizar su inventario y sus promociones. Al convertir los datos de la lista de deseos en informaci\u00f3n pr\u00e1ctica, podr\u00e1 tomar decisiones empresariales m\u00e1s inteligentes y alinear sus estrategias de marketing con las expectativas de los clientes.<\/p>\n\n<h2>Campa\u00f1as de correo electr\u00f3nico automatizadas<\/h2>\n<p>El marketing por correo electr\u00f3nico sigue siendo una de las formas m\u00e1s eficaces de impulsar las ventas. Con Flexible Wishlist PRO, puede crear campa\u00f1as de correo electr\u00f3nico automatizadas adaptadas a la actividad de la lista de deseos del cliente. Por ejemplo, puede enviar recordatorios sobre los productos guardados, notificar a los clientes cuando los art\u00edculos vuelvan a estar disponibles o avisarles de bajadas de precio y promociones especiales. Estos correos electr\u00f3nicos personalizados aumentan el compromiso y fomentan las compras oportunas, lo que aumenta significativamente las tasas de conversi\u00f3n de su tienda.<\/p>\n\n<h2>Experiencia del cliente personalizada<\/h2>\n<p>Los clientes esperan interacciones personalizadas de las tiendas que aman. Flexible Wishlist PRO le permite ofrecer exactamente eso, adaptando las comunicaciones en funci\u00f3n del comportamiento individual en la lista de deseos. Este toque personal construye conexiones m\u00e1s fuertes con su p\u00fablico, aumenta la confianza y fomenta la repetici\u00f3n de negocios. Cuando los clientes se sienten valorados y comprendidos, es m\u00e1s probable que vuelvan y recomienden su tienda a otras personas.<\/p>\n\n<h2>Integraci\u00f3n con WooCommerce<\/h2>\n<p>El plugin es totalmente compatible con WooCommerce, lo que garantiza una integraci\u00f3n perfecta con la configuraci\u00f3n existente de su tienda. Todas las funciones de la lista de deseos, los informes anal\u00edticos y los correos electr\u00f3nicos automatizados est\u00e1n dise\u00f1ados para funcionar sin problemas con las funciones principales de WooCommerce y el tema que elijas. Esto significa que puedes mejorar tu tienda sin preocuparte por problemas de compatibilidad o ca\u00eddas de rendimiento.<\/p>\n\n<h2>Interfaz f\u00e1cil de usar<\/h2>\n<p>Tanto los propietarios de las tiendas como los clientes se benefician de una interfaz limpia e intuitiva. Los clientes pueden a\u00f1adir y gestionar f\u00e1cilmente art\u00edculos de la lista de deseos sin barreras t\u00e9cnicas, mientras que los administradores de la tienda pueden acceder a informes y configurar campa\u00f1as de correo electr\u00f3nico a trav\u00e9s de un sencillo panel de control. El enfoque en la usabilidad garantiza que pueda implementar estrategias de marketing avanzadas sin necesidad de complejos conocimientos t\u00e9cnicos.<\/p>\n\n<h2>Fomentar el intercambio social<\/h2>\n<p>Las listas de deseos no son s\u00f3lo herramientas privadas, tambi\u00e9n pueden impulsar la promoci\u00f3n org\u00e1nica. Flexible Wishlist PRO permite a los clientes compartir sus listas de deseos con amigos y familiares, lo que facilita la compra de regalos o la recomendaci\u00f3n de productos. Esta funci\u00f3n ampl\u00eda el alcance de su tienda y presenta sus productos a nuevos clientes potenciales a trav\u00e9s de recomendaciones personales.<\/p>\n\n<h2>Maximizar las oportunidades de marketing<\/h2>\n<p>Cada lista de deseos representa ingresos potenciales. Flexible Wishlist PRO le ayuda a aprovechar estas oportunidades combinando la actividad de las listas de deseos con el marketing dirigido. Desde promociones de temporada hasta descuentos exclusivos para art\u00edculos de la lista de deseos, puede crear campa\u00f1as que aborden directamente los intereses de los clientes y aumenten la probabilidad de conversi\u00f3n. Este enfoque espec\u00edfico garantiza que sus esfuerzos de marketing sean eficaces y tengan impacto.<\/p>\n\n<h2>Mejora de la retenci\u00f3n de clientes<\/h2>\n<p>Retener a los clientes suele ser m\u00e1s rentable que captar nuevos. Al ofrecer una experiencia de lista de deseos personalizada, recomendaciones de productos relevantes y recordatorios oportunos, Flexible Wishlist PRO ayuda a mantener a sus clientes comprometidos con su marca. Con el tiempo, este compromiso constante genera lealtad y fomenta la repetici\u00f3n de compras, creando valor a largo plazo para su negocio.<\/p>\n\n<h2>Rendimiento y fiabilidad<\/h2>\n<p>El plugin ha sido optimizado para mejorar el rendimiento y se ha creado con un c\u00f3digo limpio para garantizar que su tienda sea r\u00e1pida y fiable. No ralentiza su sitio ni interfiere con las funcionalidades existentes, d\u00e1ndole tranquilidad a medida que crece su negocio de comercio electr\u00f3nico. Con actualizaciones regulares y un fuerte apoyo, Flexible Wishlist PRO es una soluci\u00f3n fiable que evoluciona junto con WooCommerce y las necesidades de las tiendas en l\u00ednea modernas.<\/p>\n\n<h2>Conclusi\u00f3n<\/h2>\n<p>Flexible Wishlist PRO - Analytics &amp; Emails es m\u00e1s que un simple plugin de listas de deseos. Es una completa herramienta de marketing y captaci\u00f3n de clientes que permite a los propietarios de tiendas WooCommerce aumentar las ventas, obtener informaci\u00f3n valiosa y establecer relaciones m\u00e1s s\u00f3lidas con su p\u00fablico. Al combinar la funcionalidad de listas de deseos, an\u00e1lisis avanzados y campa\u00f1as de correo electr\u00f3nico automatizadas, convierte el inter\u00e9s de los clientes en un crecimiento cuantificable. Si quieres llevar tu tienda WooCommerce al siguiente nivel, Flexible Wishlist PRO es la soluci\u00f3n que estabas esperando.<\/p>\n\t\t\t\t\t<\/div>\n\t\t\t\t\t\t<\/div>\n\t\t\t\t<\/div>\n\t\t\t\t<\/div>\n\t\t\t\t<\/div>","protected":false},"excerpt":{"rendered":"<p>About Flexible Wishlist PRO \u2013 Analytics &amp; Emails Flexible Wishlist PRO \u2013 Analytics &amp; Emails is a premium WooCommerce plugin<\/p>","protected":false},"featured_media":7269,"comment_status":"open","ping_status":"closed","template":"","meta":{"_acf_changed":false},"product_brand":[],"product_cat":[49],"product_tag":[],"class_list":{"0":"post-7281","1":"product","2":"type-product","3":"status-publish","4":"has-post-thumbnail","6":"product_cat-plugins","8":"first","9":"instock","10":"sale","11":"downloadable","12":"shipping-taxable","13":"purchasable","14":"product-type-simple"},"acf":[],"yoast_head":"<!-- This site is optimized with the Yoast SEO Premium plugin v25.6 (Yoast SEO v27.1.1) - https:\/\/yoast.com\/product\/yoast-seo-premium-wordpress\/ -->\n<title>Flexible Wishlist PRO - AllWin Theme \u2013 Free WordPress Themes Download<\/title>\n<meta name=\"description\" content=\"Boost WooCommerce sales with wishlists, analytics, and automated emails to re-engage customers and increase conversions.\" \/>\n<meta name=\"robots\" content=\"index, follow, max-snippet:-1, max-image-preview:large, max-video-preview:-1\" \/>\n<link rel=\"canonical\" href=\"https:\/\/allwintheme.com\/es\/producto\/correos-electronicos-analiticos-flexibles-de-wishlist-pro\/\" \/>\n<meta property=\"og:locale\" content=\"es_ES\" \/>\n<meta property=\"og:type\" content=\"article\" \/>\n<meta property=\"og:title\" content=\"Flexible Wishlist PRO\" \/>\n<meta property=\"og:description\" content=\"Boost WooCommerce sales with wishlists, analytics, and automated emails to re-engage customers and increase conversions.\" \/>\n<meta property=\"og:url\" content=\"https:\/\/allwintheme.com\/es\/producto\/correos-electronicos-analiticos-flexibles-de-wishlist-pro\/\" \/>\n<meta property=\"og:site_name\" content=\"AllWin Theme \u2013 Free WordPress Themes Download\" \/>\n<meta property=\"article:modified_time\" content=\"2025-09-16T08:33:16+00:00\" \/>\n<meta property=\"og:image\" content=\"https:\/\/allwintheme.com\/wp-content\/uploads\/2025\/09\/zs0wsuyp.png\" \/>\n\t<meta property=\"og:image:width\" content=\"768\" \/>\n\t<meta property=\"og:image:height\" content=\"412\" \/>\n\t<meta property=\"og:image:type\" content=\"image\/png\" \/>\n<meta name=\"twitter:card\" content=\"summary_large_image\" \/>\n<meta name=\"twitter:label1\" content=\"Tiempo estimado de lectura\" \/>\n\t<meta name=\"twitter:data1\" content=\"5 minutos\" \/>\n<script type=\"application\/ld+json\" class=\"yoast-schema-graph\">{\"@context\":\"https:\/\/schema.org\",\"@graph\":[{\"@type\":\"WebPage\",\"@id\":\"https:\/\/allwintheme.com\/product\/flexible-wishlist-pro-analytics-emails\/\",\"url\":\"https:\/\/allwintheme.com\/product\/flexible-wishlist-pro-analytics-emails\/\",\"name\":\"Flexible Wishlist PRO - AllWin Theme \u2013 Free WordPress Themes Download\",\"isPartOf\":{\"@id\":\"https:\/\/allwintheme.com\/#website\"},\"primaryImageOfPage\":{\"@id\":\"https:\/\/allwintheme.com\/product\/flexible-wishlist-pro-analytics-emails\/#primaryimage\"},\"image\":{\"@id\":\"https:\/\/allwintheme.com\/product\/flexible-wishlist-pro-analytics-emails\/#primaryimage\"},\"thumbnailUrl\":\"https:\/\/allwintheme.com\/wp-content\/uploads\/2025\/09\/zs0wsuyp.png\",\"datePublished\":\"2025-09-16T07:37:53+00:00\",\"dateModified\":\"2025-09-16T08:33:16+00:00\",\"description\":\"Boost WooCommerce sales with wishlists, analytics, and automated emails to re-engage customers and increase conversions.\",\"breadcrumb\":{\"@id\":\"https:\/\/allwintheme.com\/product\/flexible-wishlist-pro-analytics-emails\/#breadcrumb\"},\"inLanguage\":\"es-CL\",\"potentialAction\":[{\"@type\":\"ReadAction\",\"target\":[\"https:\/\/allwintheme.com\/product\/flexible-wishlist-pro-analytics-emails\/\"]}]},{\"@type\":\"ImageObject\",\"inLanguage\":\"es-CL\",\"@id\":\"https:\/\/allwintheme.com\/product\/flexible-wishlist-pro-analytics-emails\/#primaryimage\",\"url\":\"https:\/\/allwintheme.com\/wp-content\/uploads\/2025\/09\/zs0wsuyp.png\",\"contentUrl\":\"https:\/\/allwintheme.com\/wp-content\/uploads\/2025\/09\/zs0wsuyp.png\",\"width\":768,\"height\":412,\"caption\":\"Flexible Wishlist PRO \u2013 Analytics & Emails\"},{\"@type\":\"BreadcrumbList\",\"@id\":\"https:\/\/allwintheme.com\/product\/flexible-wishlist-pro-analytics-emails\/#breadcrumb\",\"itemListElement\":[{\"@type\":\"ListItem\",\"position\":1,\"name\":\"Home\",\"item\":\"https:\/\/allwintheme.com\/\"},{\"@type\":\"ListItem\",\"position\":2,\"name\":\"Shop\",\"item\":\"https:\/\/allwintheme.com\/shop\/\"},{\"@type\":\"ListItem\",\"position\":3,\"name\":\"Flexible Wishlist PRO\"}]},{\"@type\":\"WebSite\",\"@id\":\"https:\/\/allwintheme.com\/#website\",\"url\":\"https:\/\/allwintheme.com\/\",\"name\":\"Allwintheme\",\"description\":\"Download free WordPress themes for every niche. Blogs, business, eCommerce, portfolio, restaurant and more. All themes are GPL licensed and mobile-ready.\",\"potentialAction\":[{\"@type\":\"SearchAction\",\"target\":{\"@type\":\"EntryPoint\",\"urlTemplate\":\"https:\/\/allwintheme.com\/?s={search_term_string}\"},\"query-input\":{\"@type\":\"PropertyValueSpecification\",\"valueRequired\":true,\"valueName\":\"search_term_string\"}}],\"inLanguage\":\"es-CL\"}]}<\/script>\n<!-- \/ Yoast SEO Premium plugin. -->","yoast_head_json":{"title":"Flexible Wishlist PRO - AllWin Theme \u2013 Free WordPress Themes Download","description":"Impulse las ventas de WooCommerce con listas de deseos, an\u00e1lisis y correos electr\u00f3nicos automatizados para volver a captar clientes y aumentar las conversiones.","robots":{"index":"index","follow":"follow","max-snippet":"max-snippet:-1","max-image-preview":"max-image-preview:large","max-video-preview":"max-video-preview:-1"},"canonical":"https:\/\/allwintheme.com\/es\/producto\/correos-electronicos-analiticos-flexibles-de-wishlist-pro\/","og_locale":"es_ES","og_type":"article","og_title":"Flexible Wishlist PRO","og_description":"Boost WooCommerce sales with wishlists, analytics, and automated emails to re-engage customers and increase conversions.","og_url":"https:\/\/allwintheme.com\/es\/producto\/correos-electronicos-analiticos-flexibles-de-wishlist-pro\/","og_site_name":"AllWin Theme \u2013 Free WordPress Themes Download","article_modified_time":"2025-09-16T08:33:16+00:00","og_image":[{"width":768,"height":412,"url":"https:\/\/allwintheme.com\/wp-content\/uploads\/2025\/09\/zs0wsuyp.png","type":"image\/png"}],"twitter_card":"summary_large_image","twitter_misc":{"Tiempo estimado de lectura":"5 minutos"},"schema":{"@context":"https:\/\/schema.org","@graph":[{"@type":"WebPage","@id":"https:\/\/allwintheme.com\/product\/flexible-wishlist-pro-analytics-emails\/","url":"https:\/\/allwintheme.com\/product\/flexible-wishlist-pro-analytics-emails\/","name":"Flexible Wishlist PRO - AllWin Theme \u2013 Free WordPress Themes Download","isPartOf":{"@id":"https:\/\/allwintheme.com\/#website"},"primaryImageOfPage":{"@id":"https:\/\/allwintheme.com\/product\/flexible-wishlist-pro-analytics-emails\/#primaryimage"},"image":{"@id":"https:\/\/allwintheme.com\/product\/flexible-wishlist-pro-analytics-emails\/#primaryimage"},"thumbnailUrl":"https:\/\/allwintheme.com\/wp-content\/uploads\/2025\/09\/zs0wsuyp.png","datePublished":"2025-09-16T07:37:53+00:00","dateModified":"2025-09-16T08:33:16+00:00","description":"Impulse las ventas de WooCommerce con listas de deseos, an\u00e1lisis y correos electr\u00f3nicos automatizados para volver a captar clientes y aumentar las conversiones.","breadcrumb":{"@id":"https:\/\/allwintheme.com\/product\/flexible-wishlist-pro-analytics-emails\/#breadcrumb"},"inLanguage":"es-CL","potentialAction":[{"@type":"ReadAction","target":["https:\/\/allwintheme.com\/product\/flexible-wishlist-pro-analytics-emails\/"]}]},{"@type":"ImageObject","inLanguage":"es-CL","@id":"https:\/\/allwintheme.com\/product\/flexible-wishlist-pro-analytics-emails\/#primaryimage","url":"https:\/\/allwintheme.com\/wp-content\/uploads\/2025\/09\/zs0wsuyp.png","contentUrl":"https:\/\/allwintheme.com\/wp-content\/uploads\/2025\/09\/zs0wsuyp.png","width":768,"height":412,"caption":"Flexible Wishlist PRO \u2013 Analytics & Emails"},{"@type":"BreadcrumbList","@id":"https:\/\/allwintheme.com\/product\/flexible-wishlist-pro-analytics-emails\/#breadcrumb","itemListElement":[{"@type":"ListItem","position":1,"name":"Home","item":"https:\/\/allwintheme.com\/"},{"@type":"ListItem","position":2,"name":"Shop","item":"https:\/\/allwintheme.com\/shop\/"},{"@type":"ListItem","position":3,"name":"Flexible Wishlist PRO"}]},{"@type":"WebSite","@id":"https:\/\/allwintheme.com\/#website","url":"https:\/\/allwintheme.com\/","name":"Allwintheme","description":"Descarga gratis temas de WordPress para todos los nichos. Blogs, negocios, comercio electr\u00f3nico, portafolio, restaurante y m\u00e1s. Todos los temas tienen licencia GPL y est\u00e1n preparados para dispositivos m\u00f3viles.","potentialAction":[{"@type":"SearchAction","target":{"@type":"EntryPoint","urlTemplate":"https:\/\/allwintheme.com\/?s={search_term_string}"},"query-input":{"@type":"PropertyValueSpecification","valueRequired":true,"valueName":"search_term_string"}}],"inLanguage":"es-CL"}]}},"_links":{"self":[{"href":"https:\/\/allwintheme.com\/es\/wp-json\/wp\/v2\/product\/7281","targetHints":{"allow":["GET"]}}],"collection":[{"href":"https:\/\/allwintheme.com\/es\/wp-json\/wp\/v2\/product"}],"about":[{"href":"https:\/\/allwintheme.com\/es\/wp-json\/wp\/v2\/types\/product"}],"replies":[{"embeddable":true,"href":"https:\/\/allwintheme.com\/es\/wp-json\/wp\/v2\/comments?post=7281"}],"version-history":[{"count":0,"href":"https:\/\/allwintheme.com\/es\/wp-json\/wp\/v2\/product\/7281\/revisions"}],"wp:featuredmedia":[{"embeddable":true,"href":"https:\/\/allwintheme.com\/es\/wp-json\/wp\/v2\/media\/7269"}],"wp:attachment":[{"href":"https:\/\/allwintheme.com\/es\/wp-json\/wp\/v2\/media?parent=7281"}],"wp:term":[{"taxonomy":"product_brand","embeddable":true,"href":"https:\/\/allwintheme.com\/es\/wp-json\/wp\/v2\/product_brand?post=7281"},{"taxonomy":"product_cat","embeddable":true,"href":"https:\/\/allwintheme.com\/es\/wp-json\/wp\/v2\/product_cat?post=7281"},{"taxonomy":"product_tag","embeddable":true,"href":"https:\/\/allwintheme.com\/es\/wp-json\/wp\/v2\/product_tag?post=7281"}],"curies":[{"name":"wp","href":"https:\/\/api.w.org\/{rel}","templated":true}]}}