{"id":7282,"date":"2025-09-16T07:37:55","date_gmt":"2025-09-16T07:37:55","guid":{"rendered":"https:\/\/allwintheme.com\/?post_type=product&#038;p=7282"},"modified":"2025-09-16T08:38:26","modified_gmt":"2025-09-16T08:38:26","slug":"woocommerce-multiples-destinatarios-de-correo-electronico","status":"publish","type":"product","link":"https:\/\/allwintheme.com\/es\/producto\/woocommerce-multiples-destinatarios-de-correo-electronico\/","title":{"rendered":"WooCommerce M\u00faltiples Destinatarios de Email"},"content":{"rendered":"<div data-elementor-type=\"wp-post\" data-elementor-id=\"7282\" class=\"elementor elementor-7282\" data-elementor-settings=\"{&quot;element_pack_global_tooltip_width&quot;:{&quot;unit&quot;:&quot;px&quot;,&quot;size&quot;:&quot;&quot;,&quot;sizes&quot;:[]},&quot;element_pack_global_tooltip_width_tablet&quot;:{&quot;unit&quot;:&quot;px&quot;,&quot;size&quot;:&quot;&quot;,&quot;sizes&quot;:[]},&quot;element_pack_global_tooltip_width_mobile&quot;:{&quot;unit&quot;:&quot;px&quot;,&quot;size&quot;:&quot;&quot;,&quot;sizes&quot;:[]},&quot;element_pack_global_tooltip_padding&quot;:{&quot;unit&quot;:&quot;px&quot;,&quot;top&quot;:&quot;&quot;,&quot;right&quot;:&quot;&quot;,&quot;bottom&quot;:&quot;&quot;,&quot;left&quot;:&quot;&quot;,&quot;isLinked&quot;:true},&quot;element_pack_global_tooltip_padding_tablet&quot;:{&quot;unit&quot;:&quot;px&quot;,&quot;top&quot;:&quot;&quot;,&quot;right&quot;:&quot;&quot;,&quot;bottom&quot;:&quot;&quot;,&quot;left&quot;:&quot;&quot;,&quot;isLinked&quot;:true},&quot;element_pack_global_tooltip_padding_mobile&quot;:{&quot;unit&quot;:&quot;px&quot;,&quot;top&quot;:&quot;&quot;,&quot;right&quot;:&quot;&quot;,&quot;bottom&quot;:&quot;&quot;,&quot;left&quot;:&quot;&quot;,&quot;isLinked&quot;:true},&quot;element_pack_global_tooltip_border_radius&quot;:{&quot;unit&quot;:&quot;px&quot;,&quot;top&quot;:&quot;&quot;,&quot;right&quot;:&quot;&quot;,&quot;bottom&quot;:&quot;&quot;,&quot;left&quot;:&quot;&quot;,&quot;isLinked&quot;:true},&quot;element_pack_global_tooltip_border_radius_tablet&quot;:{&quot;unit&quot;:&quot;px&quot;,&quot;top&quot;:&quot;&quot;,&quot;right&quot;:&quot;&quot;,&quot;bottom&quot;:&quot;&quot;,&quot;left&quot;:&quot;&quot;,&quot;isLinked&quot;:true},&quot;element_pack_global_tooltip_border_radius_mobile&quot;:{&quot;unit&quot;:&quot;px&quot;,&quot;top&quot;:&quot;&quot;,&quot;right&quot;:&quot;&quot;,&quot;bottom&quot;:&quot;&quot;,&quot;left&quot;:&quot;&quot;,&quot;isLinked&quot;:true}}\" data-elementor-post-type=\"product\">\n\t\t\t\t<div class=\"elementor-element elementor-element-93aa4a8 e-con-full e-flex e-con e-parent\" data-id=\"93aa4a8\" data-element_type=\"container\" data-e-type=\"container\">\n\t\t\t\t<div class=\"elementor-element elementor-element-2c3f760 miaoshu elementor-widget elementor-widget-wd_text_block\" data-id=\"2c3f760\" data-element_type=\"widget\" data-e-type=\"widget\" data-widget_type=\"wd_text_block.default\">\n\t\t\t\t<div class=\"elementor-widget-container\">\n\t\t\t\t\t\t\t<div class=\"wd-text-block reset-last-child text-left\">\n\t\t\t\n\t\t\t<h2>Acerca de WooCommerce M\u00faltiples Destinatarios de Email<\/h2>\n<p>WooCommerce Multiple Email Recipients es un pr\u00e1ctico plugin dise\u00f1ado para mejorar la comunicaci\u00f3n y el flujo de trabajo en tu tienda de comercio electr\u00f3nico. Por defecto, WooCommerce permite enviar correos electr\u00f3nicos relacionados con pedidos a un solo destinatario. Para los negocios que requieren que varias personas reciban estas notificaciones-como administradores, proveedores o equipos de log\u00edstica-esta limitaci\u00f3n puede ser frustrante. Este plugin elimina el problema permiti\u00e9ndote a\u00f1adir y gestionar m\u00faltiples destinatarios para todos los emails clave de WooCommerce.<\/p>\n\n<h2>Por qu\u00e9 necesita varios destinatarios de correo electr\u00f3nico<\/h2>\n<p>En una empresa en crecimiento, la tramitaci\u00f3n y ejecuci\u00f3n de pedidos suele implicar a m\u00e1s de una persona. Por ejemplo, el equipo de ventas puede necesitar confirmaci\u00f3n de los pedidos, el almac\u00e9n requiere detalles de embalaje y el departamento de contabilidad debe realizar un seguimiento de las facturas. Con la configuraci\u00f3n por defecto de WooCommerce, s\u00f3lo una direcci\u00f3n recibe notificaciones, dejando a otros equipos en la oscuridad. Este plugin garantiza que todas las partes interesadas reciban la informaci\u00f3n que necesitan, mejorando la eficiencia y minimizando los retrasos en la comunicaci\u00f3n.<\/p>\n\n<h2>Caracter\u00edsticas principales<\/h2>\n<ul>\n  <li><strong>M\u00faltiples destinatarios:<\/strong> A\u00f1ada tantas direcciones de correo electr\u00f3nico como necesite para las notificaciones de pedidos.<\/li>\n  <li><strong>Compatibilidad con todos los tipos de correo electr\u00f3nico:<\/strong> Configure destinatarios para nuevos pedidos, pedidos cancelados, pedidos fallidos, pedidos completados, etc.<\/li>\n  <li><strong>Correos electr\u00f3nicos espec\u00edficos para cada funci\u00f3n:<\/strong> Dirija los correos electr\u00f3nicos a distintos departamentos, como ventas, finanzas o log\u00edstica.<\/li>\n  <li><strong>F\u00e1cil configuraci\u00f3n:<\/strong> Gestione los destinatarios de correo electr\u00f3nico directamente desde la p\u00e1gina de configuraci\u00f3n de WooCommerce.<\/li>\n  <li><strong>Compatibilidad:<\/strong> Funciona con las \u00faltimas versiones de WooCommerce y se integra perfectamente con los flujos de trabajo existentes.<\/li>\n<\/ul>\n\n<h2>Mejora del flujo de trabajo y la comunicaci\u00f3n<\/h2>\n<p>Cuando varios miembros del equipo reciben actualizaciones en tiempo real, el proceso de gesti\u00f3n de pedidos se vuelve m\u00e1s fluido y r\u00e1pido. El personal del almac\u00e9n puede preparar inmediatamente los env\u00edos, mientras que el equipo financiero recibe los detalles de las facturas sin tener que esperar al reenv\u00edo manual. Esta automatizaci\u00f3n reduce los errores y ahorra tiempo, garantizando que sus clientes disfruten de un servicio fiable y una r\u00e1pida tramitaci\u00f3n de los pedidos.<\/p>\n\n<h2>Casos pr\u00e1cticos<\/h2>\n<p>El plugin es adecuado para una amplia variedad de negocios y flujos de trabajo, incluyendo:<\/p>\n<ul>\n  <li><strong>Tiendas en l\u00ednea con grandes equipos:<\/strong> Notif\u00edquelo simult\u00e1neamente a varios departamentos para mantener a todos alineados.<\/li>\n  <li><strong>Empresas de Drop Shipping:<\/strong> Env\u00ede los datos de los pedidos directamente a los proveedores para agilizar su tramitaci\u00f3n.<\/li>\n  <li><strong>Empresas B2B:<\/strong> Aseg\u00farese de que los gestores, el personal de contabilidad y el personal de apoyo reciben todas las actualizaciones necesarias.<\/li>\n  <li><strong>Tiendas multiproveedor:<\/strong> Notificar a los proveedores los nuevos pedidos relacionados con sus productos.<\/li>\n<\/ul>\n\n<h2>F\u00e1cil configuraci\u00f3n<\/h2>\n<p>Configurar m\u00faltiples destinatarios es simple y directo. Puedes introducir direcciones de correo electr\u00f3nico adicionales directamente en la configuraci\u00f3n de correo electr\u00f3nico de WooCommerce. El plugin se integra a la perfecci\u00f3n, por lo que no necesitas conocimientos t\u00e9cnicos avanzados para empezar. Con unos pocos clics, puedes asegurarte de que todas las personas de tu flujo de trabajo reciben las notificaciones correctas.<\/p>\n\n<h2>Mejorar la experiencia del cliente<\/h2>\n<p>Una comunicaci\u00f3n interna eficaz repercute directamente en la satisfacci\u00f3n del cliente. Con un procesamiento de pedidos m\u00e1s r\u00e1pido y menos errores, sus clientes se benefician de actualizaciones puntuales, entregas precisas y un servicio sin problemas. Al garantizar que se informa a las personas adecuadas en el momento oportuno, se crea una experiencia de compra m\u00e1s fiable que fomenta la confianza y la fidelidad de los clientes.<\/p>\n\n<h2>Ajustes personalizables<\/h2>\n<p>El plugin te da flexibilidad para elegir qu\u00e9 tipos de emails de WooCommerce deben ir a m\u00faltiples destinatarios. Puede que quieras que las notificaciones de nuevos pedidos vayan al almac\u00e9n, que los correos de pedidos cancelados vayan al equipo financiero y que los correos de pedidos completados vayan al servicio de atenci\u00f3n al cliente. Este nivel de personalizaci\u00f3n asegura que cada departamento s\u00f3lo reciba actualizaciones relevantes, reduciendo el desorden y mejorando la productividad.<\/p>\n\n<h2>Integraci\u00f3n perfecta<\/h2>\n<p>WooCommerce Multiple Email Recipients est\u00e1 construido para integrarse sin problemas con la configuraci\u00f3n existente de su tienda. No interfiere con otros plugins o personalizaciones, por lo que es una adici\u00f3n fiable a su flujo de trabajo. El plugin sigue los est\u00e1ndares de codificaci\u00f3n de WordPress y WooCommerce, asegurando compatibilidad y estabilidad a largo plazo con futuras actualizaciones.<\/p>\n\n<h2>Se acab\u00f3 el reenv\u00edo manual<\/h2>\n<p>Sin este plugin, muchos propietarios de tiendas conf\u00edan en reenviar manualmente los correos electr\u00f3nicos a los miembros del equipo o en configurar complicadas reglas de correo electr\u00f3nico. Estas soluciones son propensas a errores y desperdician tiempo valioso. Con WooCommerce Multiple Email Recipients, todo est\u00e1 automatizado. Las personas adecuadas reciben la informaci\u00f3n correcta al instante, sin esfuerzo adicional ni riesgo de errores.<\/p>\n\n<h2>Profesional y fiable<\/h2>\n<p>Empresas de todos los tama\u00f1os, desde peque\u00f1as startups a grandes empresas, pueden beneficiarse de una gesti\u00f3n profesional del correo electr\u00f3nico. Al distribuir las notificaciones de pedidos a varios destinatarios, mejora la responsabilidad y la transparencia en todas sus operaciones. Todo el mundo conoce sus responsabilidades y nada se escapa.<\/p>\n\n<h2>Asistencia continua y actualizaciones<\/h2>\n<p>El plugin se mantiene con actualizaciones peri\u00f3dicas para garantizar la compatibilidad con las nuevas versiones de WordPress y WooCommerce. El soporte dedicado est\u00e1 disponible para ayudar con la instalaci\u00f3n, configuraci\u00f3n o soluci\u00f3n de problemas. Esto significa que puedes confiar en el plugin a medida que tu negocio crece y evoluciona.<\/p>\n\n<h2>Conclusi\u00f3n<\/h2>\n<p>WooCommerce Multiple Email Recipients es un plugin esencial para empresas que requieren una comunicaci\u00f3n y colaboraci\u00f3n eficiente entre equipos. Al permitir m\u00faltiples destinatarios para correos electr\u00f3nicos transaccionales, elimina retrasos, reduce el trabajo manual y garantiza que todos reciban la informaci\u00f3n que necesitan. Con una configuraci\u00f3n sencilla, opciones personalizables y una integraci\u00f3n perfecta, este complemento mejora el flujo de trabajo y la experiencia del cliente. Si est\u00e1s buscando agilizar las operaciones y aumentar la eficiencia en tu tienda WooCommerce, este plugin es la soluci\u00f3n que necesitas.<\/p>\n\t\t\t\t\t<\/div>\n\t\t\t\t\t\t<\/div>\n\t\t\t\t<\/div>\n\t\t\t\t<\/div>\n\t\t\t\t<\/div>","protected":false},"excerpt":{"rendered":"<p>About WooCommerce Multiple Email Recipients WooCommerce Multiple Email Recipients is a practical plugin designed to improve communication and workflow in<\/p>","protected":false},"featured_media":7268,"comment_status":"open","ping_status":"closed","template":"","meta":{"_acf_changed":false},"product_brand":[],"product_cat":[49],"product_tag":[],"class_list":{"0":"post-7282","1":"product","2":"type-product","3":"status-publish","4":"has-post-thumbnail","6":"product_cat-plugins","8":"first","9":"instock","10":"sale","11":"downloadable","12":"shipping-taxable","13":"purchasable","14":"product-type-simple"},"acf":[],"yoast_head":"<!-- This site is optimized with the Yoast SEO Premium plugin v25.6 (Yoast SEO v27.1.1) - https:\/\/yoast.com\/product\/yoast-seo-premium-wordpress\/ -->\n<title>WooCommerce Multiple Email Recipients - AllWin Theme \u2013 Free WordPress Themes Download<\/title>\n<meta name=\"description\" content=\"Easily design and personalize WooCommerce emails with a powerful drag-and-drop customizer for a professional brand experience.\" \/>\n<meta name=\"robots\" content=\"index, follow, max-snippet:-1, max-image-preview:large, max-video-preview:-1\" \/>\n<link rel=\"canonical\" href=\"https:\/\/allwintheme.com\/es\/producto\/woocommerce-multiples-destinatarios-de-correo-electronico\/\" \/>\n<meta property=\"og:locale\" content=\"es_ES\" \/>\n<meta property=\"og:type\" content=\"article\" \/>\n<meta property=\"og:title\" content=\"WooCommerce Multiple Email Recipients\" \/>\n<meta property=\"og:description\" content=\"Easily design and personalize WooCommerce emails with a powerful drag-and-drop customizer for a professional brand experience.\" \/>\n<meta property=\"og:url\" content=\"https:\/\/allwintheme.com\/es\/producto\/woocommerce-multiples-destinatarios-de-correo-electronico\/\" \/>\n<meta property=\"og:site_name\" content=\"AllWin Theme \u2013 Free WordPress Themes Download\" \/>\n<meta property=\"article:modified_time\" content=\"2025-09-16T08:38:26+00:00\" \/>\n<meta property=\"og:image\" content=\"https:\/\/allwintheme.com\/wp-content\/uploads\/2025\/09\/x9cynbco.png\" \/>\n\t<meta property=\"og:image:width\" content=\"768\" \/>\n\t<meta property=\"og:image:height\" content=\"386\" \/>\n\t<meta property=\"og:image:type\" content=\"image\/png\" \/>\n<meta name=\"twitter:card\" content=\"summary_large_image\" \/>\n<meta name=\"twitter:label1\" content=\"Tiempo estimado de lectura\" \/>\n\t<meta name=\"twitter:data1\" content=\"5 minutos\" \/>\n<script type=\"application\/ld+json\" class=\"yoast-schema-graph\">{\"@context\":\"https:\/\/schema.org\",\"@graph\":[{\"@type\":\"WebPage\",\"@id\":\"https:\/\/allwintheme.com\/product\/woocommerce-multiple-email-recipients\/\",\"url\":\"https:\/\/allwintheme.com\/product\/woocommerce-multiple-email-recipients\/\",\"name\":\"WooCommerce Multiple Email Recipients - AllWin Theme \u2013 Free WordPress Themes Download\",\"isPartOf\":{\"@id\":\"https:\/\/allwintheme.com\/#website\"},\"primaryImageOfPage\":{\"@id\":\"https:\/\/allwintheme.com\/product\/woocommerce-multiple-email-recipients\/#primaryimage\"},\"image\":{\"@id\":\"https:\/\/allwintheme.com\/product\/woocommerce-multiple-email-recipients\/#primaryimage\"},\"thumbnailUrl\":\"https:\/\/allwintheme.com\/wp-content\/uploads\/2025\/09\/x9cynbco.png\",\"datePublished\":\"2025-09-16T07:37:55+00:00\",\"dateModified\":\"2025-09-16T08:38:26+00:00\",\"description\":\"Easily design and personalize WooCommerce emails with a powerful drag-and-drop customizer for a professional brand experience.\",\"breadcrumb\":{\"@id\":\"https:\/\/allwintheme.com\/product\/woocommerce-multiple-email-recipients\/#breadcrumb\"},\"inLanguage\":\"es-CL\",\"potentialAction\":[{\"@type\":\"ReadAction\",\"target\":[\"https:\/\/allwintheme.com\/product\/woocommerce-multiple-email-recipients\/\"]}]},{\"@type\":\"ImageObject\",\"inLanguage\":\"es-CL\",\"@id\":\"https:\/\/allwintheme.com\/product\/woocommerce-multiple-email-recipients\/#primaryimage\",\"url\":\"https:\/\/allwintheme.com\/wp-content\/uploads\/2025\/09\/x9cynbco.png\",\"contentUrl\":\"https:\/\/allwintheme.com\/wp-content\/uploads\/2025\/09\/x9cynbco.png\",\"width\":768,\"height\":386,\"caption\":\"WooCommerce Multiple Email Recipients\"},{\"@type\":\"BreadcrumbList\",\"@id\":\"https:\/\/allwintheme.com\/product\/woocommerce-multiple-email-recipients\/#breadcrumb\",\"itemListElement\":[{\"@type\":\"ListItem\",\"position\":1,\"name\":\"Home\",\"item\":\"https:\/\/allwintheme.com\/\"},{\"@type\":\"ListItem\",\"position\":2,\"name\":\"Shop\",\"item\":\"https:\/\/allwintheme.com\/shop\/\"},{\"@type\":\"ListItem\",\"position\":3,\"name\":\"WooCommerce Multiple Email Recipients\"}]},{\"@type\":\"WebSite\",\"@id\":\"https:\/\/allwintheme.com\/#website\",\"url\":\"https:\/\/allwintheme.com\/\",\"name\":\"Allwintheme\",\"description\":\"Download free WordPress themes for every niche. Blogs, business, eCommerce, portfolio, restaurant and more. All themes are GPL licensed and mobile-ready.\",\"potentialAction\":[{\"@type\":\"SearchAction\",\"target\":{\"@type\":\"EntryPoint\",\"urlTemplate\":\"https:\/\/allwintheme.com\/?s={search_term_string}\"},\"query-input\":{\"@type\":\"PropertyValueSpecification\",\"valueRequired\":true,\"valueName\":\"search_term_string\"}}],\"inLanguage\":\"es-CL\"}]}<\/script>\n<!-- \/ Yoast SEO Premium plugin. -->","yoast_head_json":{"title":"WooCommerce Multiple Email Recipients - AllWin Theme \u2013 Free WordPress Themes Download","description":"Dise\u00f1a y personaliza f\u00e1cilmente los correos electr\u00f3nicos de WooCommerce con un potente personalizador de arrastrar y soltar para una experiencia de marca profesional.","robots":{"index":"index","follow":"follow","max-snippet":"max-snippet:-1","max-image-preview":"max-image-preview:large","max-video-preview":"max-video-preview:-1"},"canonical":"https:\/\/allwintheme.com\/es\/producto\/woocommerce-multiples-destinatarios-de-correo-electronico\/","og_locale":"es_ES","og_type":"article","og_title":"WooCommerce Multiple Email Recipients","og_description":"Easily design and personalize WooCommerce emails with a powerful drag-and-drop customizer for a professional brand experience.","og_url":"https:\/\/allwintheme.com\/es\/producto\/woocommerce-multiples-destinatarios-de-correo-electronico\/","og_site_name":"AllWin Theme \u2013 Free WordPress Themes Download","article_modified_time":"2025-09-16T08:38:26+00:00","og_image":[{"width":768,"height":386,"url":"https:\/\/allwintheme.com\/wp-content\/uploads\/2025\/09\/x9cynbco.png","type":"image\/png"}],"twitter_card":"summary_large_image","twitter_misc":{"Tiempo estimado de lectura":"5 minutos"},"schema":{"@context":"https:\/\/schema.org","@graph":[{"@type":"WebPage","@id":"https:\/\/allwintheme.com\/product\/woocommerce-multiple-email-recipients\/","url":"https:\/\/allwintheme.com\/product\/woocommerce-multiple-email-recipients\/","name":"WooCommerce Multiple Email Recipients - AllWin Theme \u2013 Free WordPress Themes Download","isPartOf":{"@id":"https:\/\/allwintheme.com\/#website"},"primaryImageOfPage":{"@id":"https:\/\/allwintheme.com\/product\/woocommerce-multiple-email-recipients\/#primaryimage"},"image":{"@id":"https:\/\/allwintheme.com\/product\/woocommerce-multiple-email-recipients\/#primaryimage"},"thumbnailUrl":"https:\/\/allwintheme.com\/wp-content\/uploads\/2025\/09\/x9cynbco.png","datePublished":"2025-09-16T07:37:55+00:00","dateModified":"2025-09-16T08:38:26+00:00","description":"Dise\u00f1a y personaliza f\u00e1cilmente los correos electr\u00f3nicos de WooCommerce con un potente personalizador de arrastrar y soltar para una experiencia de marca profesional.","breadcrumb":{"@id":"https:\/\/allwintheme.com\/product\/woocommerce-multiple-email-recipients\/#breadcrumb"},"inLanguage":"es-CL","potentialAction":[{"@type":"ReadAction","target":["https:\/\/allwintheme.com\/product\/woocommerce-multiple-email-recipients\/"]}]},{"@type":"ImageObject","inLanguage":"es-CL","@id":"https:\/\/allwintheme.com\/product\/woocommerce-multiple-email-recipients\/#primaryimage","url":"https:\/\/allwintheme.com\/wp-content\/uploads\/2025\/09\/x9cynbco.png","contentUrl":"https:\/\/allwintheme.com\/wp-content\/uploads\/2025\/09\/x9cynbco.png","width":768,"height":386,"caption":"WooCommerce Multiple Email Recipients"},{"@type":"BreadcrumbList","@id":"https:\/\/allwintheme.com\/product\/woocommerce-multiple-email-recipients\/#breadcrumb","itemListElement":[{"@type":"ListItem","position":1,"name":"Home","item":"https:\/\/allwintheme.com\/"},{"@type":"ListItem","position":2,"name":"Shop","item":"https:\/\/allwintheme.com\/shop\/"},{"@type":"ListItem","position":3,"name":"WooCommerce Multiple Email Recipients"}]},{"@type":"WebSite","@id":"https:\/\/allwintheme.com\/#website","url":"https:\/\/allwintheme.com\/","name":"Allwintheme","description":"Descarga gratis temas de WordPress para todos los nichos. Blogs, negocios, comercio electr\u00f3nico, portafolio, restaurante y m\u00e1s. Todos los temas tienen licencia GPL y est\u00e1n preparados para dispositivos m\u00f3viles.","potentialAction":[{"@type":"SearchAction","target":{"@type":"EntryPoint","urlTemplate":"https:\/\/allwintheme.com\/?s={search_term_string}"},"query-input":{"@type":"PropertyValueSpecification","valueRequired":true,"valueName":"search_term_string"}}],"inLanguage":"es-CL"}]}},"_links":{"self":[{"href":"https:\/\/allwintheme.com\/es\/wp-json\/wp\/v2\/product\/7282","targetHints":{"allow":["GET"]}}],"collection":[{"href":"https:\/\/allwintheme.com\/es\/wp-json\/wp\/v2\/product"}],"about":[{"href":"https:\/\/allwintheme.com\/es\/wp-json\/wp\/v2\/types\/product"}],"replies":[{"embeddable":true,"href":"https:\/\/allwintheme.com\/es\/wp-json\/wp\/v2\/comments?post=7282"}],"version-history":[{"count":0,"href":"https:\/\/allwintheme.com\/es\/wp-json\/wp\/v2\/product\/7282\/revisions"}],"wp:featuredmedia":[{"embeddable":true,"href":"https:\/\/allwintheme.com\/es\/wp-json\/wp\/v2\/media\/7268"}],"wp:attachment":[{"href":"https:\/\/allwintheme.com\/es\/wp-json\/wp\/v2\/media?parent=7282"}],"wp:term":[{"taxonomy":"product_brand","embeddable":true,"href":"https:\/\/allwintheme.com\/es\/wp-json\/wp\/v2\/product_brand?post=7282"},{"taxonomy":"product_cat","embeddable":true,"href":"https:\/\/allwintheme.com\/es\/wp-json\/wp\/v2\/product_cat?post=7282"},{"taxonomy":"product_tag","embeddable":true,"href":"https:\/\/allwintheme.com\/es\/wp-json\/wp\/v2\/product_tag?post=7282"}],"curies":[{"name":"wp","href":"https:\/\/api.w.org\/{rel}","templated":true}]}}