{"id":7283,"date":"2025-09-16T07:37:56","date_gmt":"2025-09-16T07:37:56","guid":{"rendered":"https:\/\/allwintheme.com\/?post_type=product&#038;p=7283"},"modified":"2025-09-16T10:02:01","modified_gmt":"2025-09-16T10:02:01","slug":"correos-electronicos-condicionales-de-gamipress","status":"publish","type":"product","link":"https:\/\/allwintheme.com\/es\/producto\/correos-electronicos-condicionales-de-gamipress\/","title":{"rendered":"GamiPress Emails condicionales"},"content":{"rendered":"<div data-elementor-type=\"wp-post\" data-elementor-id=\"7283\" class=\"elementor elementor-7283\" data-elementor-settings=\"{&quot;element_pack_global_tooltip_width&quot;:{&quot;unit&quot;:&quot;px&quot;,&quot;size&quot;:&quot;&quot;,&quot;sizes&quot;:[]},&quot;element_pack_global_tooltip_width_tablet&quot;:{&quot;unit&quot;:&quot;px&quot;,&quot;size&quot;:&quot;&quot;,&quot;sizes&quot;:[]},&quot;element_pack_global_tooltip_width_mobile&quot;:{&quot;unit&quot;:&quot;px&quot;,&quot;size&quot;:&quot;&quot;,&quot;sizes&quot;:[]},&quot;element_pack_global_tooltip_padding&quot;:{&quot;unit&quot;:&quot;px&quot;,&quot;top&quot;:&quot;&quot;,&quot;right&quot;:&quot;&quot;,&quot;bottom&quot;:&quot;&quot;,&quot;left&quot;:&quot;&quot;,&quot;isLinked&quot;:true},&quot;element_pack_global_tooltip_padding_tablet&quot;:{&quot;unit&quot;:&quot;px&quot;,&quot;top&quot;:&quot;&quot;,&quot;right&quot;:&quot;&quot;,&quot;bottom&quot;:&quot;&quot;,&quot;left&quot;:&quot;&quot;,&quot;isLinked&quot;:true},&quot;element_pack_global_tooltip_padding_mobile&quot;:{&quot;unit&quot;:&quot;px&quot;,&quot;top&quot;:&quot;&quot;,&quot;right&quot;:&quot;&quot;,&quot;bottom&quot;:&quot;&quot;,&quot;left&quot;:&quot;&quot;,&quot;isLinked&quot;:true},&quot;element_pack_global_tooltip_border_radius&quot;:{&quot;unit&quot;:&quot;px&quot;,&quot;top&quot;:&quot;&quot;,&quot;right&quot;:&quot;&quot;,&quot;bottom&quot;:&quot;&quot;,&quot;left&quot;:&quot;&quot;,&quot;isLinked&quot;:true},&quot;element_pack_global_tooltip_border_radius_tablet&quot;:{&quot;unit&quot;:&quot;px&quot;,&quot;top&quot;:&quot;&quot;,&quot;right&quot;:&quot;&quot;,&quot;bottom&quot;:&quot;&quot;,&quot;left&quot;:&quot;&quot;,&quot;isLinked&quot;:true},&quot;element_pack_global_tooltip_border_radius_mobile&quot;:{&quot;unit&quot;:&quot;px&quot;,&quot;top&quot;:&quot;&quot;,&quot;right&quot;:&quot;&quot;,&quot;bottom&quot;:&quot;&quot;,&quot;left&quot;:&quot;&quot;,&quot;isLinked&quot;:true}}\" data-elementor-post-type=\"product\">\n\t\t\t\t<div class=\"elementor-element elementor-element-93aa4a8 e-con-full e-flex e-con e-parent\" data-id=\"93aa4a8\" data-element_type=\"container\" data-e-type=\"container\">\n\t\t\t\t<div class=\"elementor-element elementor-element-2c3f760 miaoshu elementor-widget elementor-widget-wd_text_block\" data-id=\"2c3f760\" data-element_type=\"widget\" data-e-type=\"widget\" data-widget_type=\"wd_text_block.default\">\n\t\t\t\t<div class=\"elementor-widget-container\">\n\t\t\t\t\t\t\t<div class=\"wd-text-block reset-last-child text-left\">\n\t\t\t\n\t\t\t<h2>Acerca de GamiPress Emails condicionales<\/h2>\n<p>GamiPress Conditional Emails es un potente complemento para el plugin GamiPress que le permite enviar correos electr\u00f3nicos automatizados y personalizados basados en las actividades de los usuarios, logros y condiciones espec\u00edficas. Dise\u00f1ado para los administradores de la comunidad, los propietarios de sitios de membres\u00eda, educadores y vendedores, esta herramienta le ayuda a entregar comunicaciones oportunas y pertinentes que fortalezcan el compromiso y la lealtad. Al combinar la gamificaci\u00f3n con campa\u00f1as de correo electr\u00f3nico espec\u00edficas, puede crear una experiencia perfecta que recompense y motive a los usuarios en cada paso.<\/p>\n\n<h2>Por qu\u00e9 utilizar correos electr\u00f3nicos condicionales<\/h2>\n<p>El correo electr\u00f3nico es una de las formas m\u00e1s eficaces de mantener una comunicaci\u00f3n directa con sus usuarios. Sin embargo, los mensajes gen\u00e9ricos a menudo no consiguen captar la atenci\u00f3n o impulsar la acci\u00f3n. Los correos electr\u00f3nicos condicionales cambian esta situaci\u00f3n al permitirle crear reglas y desencadenantes que env\u00edan el mensaje adecuado en el momento oportuno. Ya se trate de celebrar un logro, recordar a un usuario que debe completar una tarea o animarle a seguir participando, los correos electr\u00f3nicos condicionales automatizados mantienen a su comunidad activa y comprometida.<\/p>\n\n<h2>C\u00f3mo funciona<\/h2>\n<p>El complemento se integra perfectamente con GamiPress, supervisando las acciones y logros de los usuarios en toda su plataforma. Una vez que se cumple una condici\u00f3n, como ganar una insignia, alcanzar un nuevo rango, o completar un hito, el sistema env\u00eda autom\u00e1ticamente el correo electr\u00f3nico predefinido. Usted puede dise\u00f1ar cada correo electr\u00f3nico para incluir contenido personalizado, asegurando que los usuarios se sientan reconocidos y valorados por su participaci\u00f3n.<\/p>\n\n<h2>Contenidos personalizados y din\u00e1micos<\/h2>\n<p>La personalizaci\u00f3n es clave para una comunicaci\u00f3n eficaz. Los correos electr\u00f3nicos condicionales de GamiPress le permiten insertar marcadores de posici\u00f3n din\u00e1micos como nombres de usuario, nombres de logros y saldos de puntos directamente en sus mensajes. Esto hace que cada correo electr\u00f3nico sea \u00fanico para el destinatario y asegura que su comunicaci\u00f3n resuene a nivel personal. En lugar de recibir una actualizaci\u00f3n gen\u00e9rica, sus usuarios sentir\u00e1n que cada mensaje habla directamente de su viaje y progreso.<\/p>\n\n<h2>Activadores y condiciones personalizados<\/h2>\n<p>El complemento le ofrece total flexibilidad para definir cu\u00e1ndo se env\u00edan los correos electr\u00f3nicos. Puede establecer desencadenantes basados en logros, progresi\u00f3n de rango, umbrales de puntos o acciones espec\u00edficas como iniciar sesi\u00f3n, completar un cuestionario o realizar una compra. Con un control tan detallado, puede dise\u00f1ar una estrategia de correo electr\u00f3nico que respalde los objetivos de su plataforma, ya sea aumentar la actividad, reducir la rotaci\u00f3n o recompensar la fidelidad.<\/p>\n\n<h2>Casos pr\u00e1cticos<\/h2>\n<p>Las posibilidades de uso de los correos electr\u00f3nicos condicionales son infinitas. Por ejemplo:<\/p>\n<ul>\n<li><strong>Plataformas de aprendizaje:<\/strong> Felicite a los estudiantes por haber completado los m\u00f3dulos y an\u00edmelos a continuar sus estudios.<\/li>\n<li><strong>Sitios de afiliaci\u00f3n:<\/strong> D\u00e9 la bienvenida a los nuevos afiliados con consejos \u00fatiles o notif\u00edqueles cuando alcancen niveles superiores de afiliaci\u00f3n.<\/li>\n<li><strong>Comercio electr\u00f3nico:<\/strong> Recompense a los clientes con c\u00f3digos de descuento despu\u00e9s de que ganen puntos o realicen compras repetidas.<\/li>\n<li><strong>Comunidades:<\/strong> Env\u00ede recordatorios a los miembros inactivos o celebre hitos como la publicaci\u00f3n de su comentario n\u00famero 100.<\/li>\n<\/ul>\n<p>Cada escenario ayuda a reforzar los comportamientos positivos y fortalece la conexi\u00f3n del usuario con su plataforma.<\/p>\n\n<h2>Interfaz f\u00e1cil de usar<\/h2>\n<p>La interfaz est\u00e1 dise\u00f1ada para ser intuitiva, garantizando que incluso los usuarios sin conocimientos t\u00e9cnicos puedan configurar y gestionar correos electr\u00f3nicos condicionales con facilidad. Puede crear r\u00e1pidamente reglas, personalizar el contenido del correo electr\u00f3nico y probar sus campa\u00f1as sin escribir una sola l\u00ednea de c\u00f3digo. La claridad del flujo de trabajo le garantiza el control de su estrategia de comunicaci\u00f3n al tiempo que ahorra un tiempo valioso.<\/p>\n\n<h2>Dise\u00f1os de correo electr\u00f3nico profesionales y con capacidad de respuesta<\/h2>\n<p>Sus usuarios pueden abrir correos electr\u00f3nicos en ordenadores de sobremesa, tabletas o dispositivos m\u00f3viles. Conditional Emails garantiza que sus mensajes sean totalmente receptivos y visualmente coherentes en todos los tama\u00f1os de pantalla. El formato profesional y la compatibilidad con los clientes de correo electr\u00f3nico m\u00e1s conocidos garantizan una comunicaci\u00f3n impecable en todo momento.<\/p>\n\n<h2>Aumentar el compromiso mediante la automatizaci\u00f3n<\/h2>\n<p>La automatizaci\u00f3n le permite implicar a los usuarios a gran escala sin aumentar su carga de trabajo. Configurando las reglas condicionales una sola vez, creas campa\u00f1as de correo electr\u00f3nico continuas que se ejecutan en segundo plano, motivando continuamente a tus usuarios. Esto no solo ahorra tiempo, sino que tambi\u00e9n garantiza que su comunidad reciba una comunicaci\u00f3n oportuna cada vez que se alcancen hitos o se realicen acciones.<\/p>\n\n<h2>Integraci\u00f3n con el ecosistema GamiPress<\/h2>\n<p>Como parte del ecosistema GamiPress, los correos electr\u00f3nicos condicionales trabajan mano a mano con otros complementos y caracter\u00edsticas. Puede combinarlo con puntos, rangos, insignias y otros elementos de gamificaci\u00f3n para construir una estrategia de compromiso completa. Por ejemplo, puede otorgar una insignia y enviar simult\u00e1neamente un correo electr\u00f3nico de felicitaci\u00f3n, duplicando el impacto del logro y fomentando la participaci\u00f3n continua.<\/p>\n\n<h2>Fidelizaci\u00f3n a largo plazo<\/h2>\n<p>El reconocimiento y las recompensas son poderosos motivadores. Al enviar mensajes de correo electr\u00f3nico personalizados relacionados con los logros de los usuarios, se refuerzan las experiencias positivas que conducen a la fidelidad a largo plazo. Los usuarios son m\u00e1s propensos a volver, participar y contribuir cuando sienten que su progreso es notado y celebrado. Los correos electr\u00f3nicos condicionales le ayudan a establecer estas fuertes conexiones emocionales a trav\u00e9s de una comunicaci\u00f3n coherente y significativa.<\/p>\n\n<h2>Sin codificaci\u00f3n<\/h2>\n<p>Conditional Emails est\u00e1 pensado para todo el mundo, no s\u00f3lo para desarrolladores. Toda la configuraci\u00f3n se realiza a trav\u00e9s de la interfaz de administraci\u00f3n de WordPress, con opciones sencillas para definir desencadenantes, personalizar mensajes y activar campa\u00f1as. Esta accesibilidad garantiza que los propietarios de empresas, educadores y community managers puedan aprovechar el poder de la comunicaci\u00f3n automatizada sin barreras t\u00e9cnicas.<\/p>\n\n<h2>Actualizaciones y asistencia fiables<\/h2>\n<p>El complemento se mantiene con actualizaciones peri\u00f3dicas para garantizar la compatibilidad con las \u00faltimas versiones de WordPress, GamiPress y otros plugins. Adem\u00e1s, el soporte al cliente est\u00e1 disponible para ayudar con la configuraci\u00f3n, soluci\u00f3n de problemas y las mejores pr\u00e1cticas. Con mejoras continuas y un soporte fiable, puede estar seguro de que su estrategia de comunicaci\u00f3n seguir\u00e1 siendo eficaz en el futuro.<\/p>\n\n<h2>Conclusi\u00f3n<\/h2>\n<p>GamiPress Conditional Emails es una herramienta esencial para cualquier plataforma que busque impulsar el compromiso, recompensar la participaci\u00f3n y construir conexiones m\u00e1s fuertes con los usuarios. Al automatizar la comunicaci\u00f3n personalizada, transforma las interacciones est\u00e1ndar en momentos significativos que fomentan la lealtad y el crecimiento. Con su interfaz f\u00e1cil de usar, personalizaci\u00f3n din\u00e1mica, y una profunda integraci\u00f3n con el ecosistema GamiPress, te equipa con todo lo necesario para entregar el mensaje correcto en el momento adecuado. Si desea mejorar su estrategia de gamificaci\u00f3n y mantener a sus usuarios motivados, GamiPress Conditional Emails es la soluci\u00f3n que necesita.<\/p>\n\t\t\t\t\t<\/div>\n\t\t\t\t\t\t<\/div>\n\t\t\t\t<\/div>\n\t\t\t\t<\/div>\n\t\t\t\t<\/div>","protected":false},"excerpt":{"rendered":"<p>About GamiPress Conditional Emails GamiPress Conditional Emails is a powerful add-on for the GamiPress plugin that enables you to send<\/p>","protected":false},"featured_media":7267,"comment_status":"open","ping_status":"closed","template":"","meta":{"_acf_changed":false},"product_brand":[],"product_cat":[49],"product_tag":[],"class_list":{"0":"post-7283","1":"product","2":"type-product","3":"status-publish","4":"has-post-thumbnail","6":"product_cat-plugins","8":"first","9":"instock","10":"sale","11":"downloadable","12":"shipping-taxable","13":"purchasable","14":"product-type-simple"},"acf":[],"yoast_head":"<!-- This site is optimized with the Yoast SEO Premium plugin v25.6 (Yoast SEO v27.1.1) - https:\/\/yoast.com\/product\/yoast-seo-premium-wordpress\/ -->\n<title>GamiPress Conditional Emails - AllWin Theme \u2013 Free WordPress Themes Download<\/title>\n<meta name=\"description\" content=\"Send automated, personalized emails in GamiPress based on user actions, achievements, or conditions to boost engagement.\" \/>\n<meta name=\"robots\" content=\"index, follow, max-snippet:-1, max-image-preview:large, max-video-preview:-1\" \/>\n<link rel=\"canonical\" href=\"https:\/\/allwintheme.com\/es\/producto\/correos-electronicos-condicionales-de-gamipress\/\" \/>\n<meta property=\"og:locale\" content=\"es_ES\" \/>\n<meta property=\"og:type\" content=\"article\" \/>\n<meta property=\"og:title\" content=\"GamiPress Conditional Emails\" \/>\n<meta property=\"og:description\" content=\"Send automated, personalized emails in GamiPress based on user actions, achievements, or conditions to boost engagement.\" \/>\n<meta property=\"og:url\" content=\"https:\/\/allwintheme.com\/es\/producto\/correos-electronicos-condicionales-de-gamipress\/\" \/>\n<meta property=\"og:site_name\" content=\"AllWin Theme \u2013 Free WordPress Themes Download\" \/>\n<meta property=\"article:modified_time\" content=\"2025-09-16T10:02:01+00:00\" \/>\n<meta property=\"og:image\" content=\"https:\/\/allwintheme.com\/wp-content\/uploads\/2025\/09\/pv6sh9g6.png\" \/>\n\t<meta property=\"og:image:width\" content=\"590\" \/>\n\t<meta property=\"og:image:height\" content=\"300\" \/>\n\t<meta property=\"og:image:type\" content=\"image\/png\" \/>\n<meta name=\"twitter:card\" content=\"summary_large_image\" \/>\n<meta name=\"twitter:label1\" content=\"Tiempo estimado de lectura\" \/>\n\t<meta name=\"twitter:data1\" content=\"6 minutos\" \/>\n<script type=\"application\/ld+json\" class=\"yoast-schema-graph\">{\"@context\":\"https:\/\/schema.org\",\"@graph\":[{\"@type\":\"WebPage\",\"@id\":\"https:\/\/allwintheme.com\/product\/gamipress-conditional-emails\/\",\"url\":\"https:\/\/allwintheme.com\/product\/gamipress-conditional-emails\/\",\"name\":\"GamiPress Conditional Emails - AllWin Theme \u2013 Free WordPress Themes Download\",\"isPartOf\":{\"@id\":\"https:\/\/allwintheme.com\/#website\"},\"primaryImageOfPage\":{\"@id\":\"https:\/\/allwintheme.com\/product\/gamipress-conditional-emails\/#primaryimage\"},\"image\":{\"@id\":\"https:\/\/allwintheme.com\/product\/gamipress-conditional-emails\/#primaryimage\"},\"thumbnailUrl\":\"https:\/\/allwintheme.com\/wp-content\/uploads\/2025\/09\/pv6sh9g6.png\",\"datePublished\":\"2025-09-16T07:37:56+00:00\",\"dateModified\":\"2025-09-16T10:02:01+00:00\",\"description\":\"Send automated, personalized emails in GamiPress based on user actions, achievements, or conditions to boost engagement.\",\"breadcrumb\":{\"@id\":\"https:\/\/allwintheme.com\/product\/gamipress-conditional-emails\/#breadcrumb\"},\"inLanguage\":\"es-CL\",\"potentialAction\":[{\"@type\":\"ReadAction\",\"target\":[\"https:\/\/allwintheme.com\/product\/gamipress-conditional-emails\/\"]}]},{\"@type\":\"ImageObject\",\"inLanguage\":\"es-CL\",\"@id\":\"https:\/\/allwintheme.com\/product\/gamipress-conditional-emails\/#primaryimage\",\"url\":\"https:\/\/allwintheme.com\/wp-content\/uploads\/2025\/09\/pv6sh9g6.png\",\"contentUrl\":\"https:\/\/allwintheme.com\/wp-content\/uploads\/2025\/09\/pv6sh9g6.png\",\"width\":590,\"height\":300,\"caption\":\"GamiPress \u2013 Conditional Emails\"},{\"@type\":\"BreadcrumbList\",\"@id\":\"https:\/\/allwintheme.com\/product\/gamipress-conditional-emails\/#breadcrumb\",\"itemListElement\":[{\"@type\":\"ListItem\",\"position\":1,\"name\":\"Home\",\"item\":\"https:\/\/allwintheme.com\/\"},{\"@type\":\"ListItem\",\"position\":2,\"name\":\"Shop\",\"item\":\"https:\/\/allwintheme.com\/shop\/\"},{\"@type\":\"ListItem\",\"position\":3,\"name\":\"GamiPress Conditional Emails\"}]},{\"@type\":\"WebSite\",\"@id\":\"https:\/\/allwintheme.com\/#website\",\"url\":\"https:\/\/allwintheme.com\/\",\"name\":\"Allwintheme\",\"description\":\"Download free WordPress themes for every niche. Blogs, business, eCommerce, portfolio, restaurant and more. All themes are GPL licensed and mobile-ready.\",\"potentialAction\":[{\"@type\":\"SearchAction\",\"target\":{\"@type\":\"EntryPoint\",\"urlTemplate\":\"https:\/\/allwintheme.com\/?s={search_term_string}\"},\"query-input\":{\"@type\":\"PropertyValueSpecification\",\"valueRequired\":true,\"valueName\":\"search_term_string\"}}],\"inLanguage\":\"es-CL\"}]}<\/script>\n<!-- \/ Yoast SEO Premium plugin. -->","yoast_head_json":{"title":"GamiPress Conditional Emails - AllWin Theme \u2013 Free WordPress Themes Download","description":"Env\u00ede correos electr\u00f3nicos automatizados y personalizados en GamiPress en funci\u00f3n de las acciones, los logros o las condiciones del usuario para impulsar la participaci\u00f3n.","robots":{"index":"index","follow":"follow","max-snippet":"max-snippet:-1","max-image-preview":"max-image-preview:large","max-video-preview":"max-video-preview:-1"},"canonical":"https:\/\/allwintheme.com\/es\/producto\/correos-electronicos-condicionales-de-gamipress\/","og_locale":"es_ES","og_type":"article","og_title":"GamiPress Conditional Emails","og_description":"Send automated, personalized emails in GamiPress based on user actions, achievements, or conditions to boost engagement.","og_url":"https:\/\/allwintheme.com\/es\/producto\/correos-electronicos-condicionales-de-gamipress\/","og_site_name":"AllWin Theme \u2013 Free WordPress Themes Download","article_modified_time":"2025-09-16T10:02:01+00:00","og_image":[{"width":590,"height":300,"url":"https:\/\/allwintheme.com\/wp-content\/uploads\/2025\/09\/pv6sh9g6.png","type":"image\/png"}],"twitter_card":"summary_large_image","twitter_misc":{"Tiempo estimado de lectura":"6 minutos"},"schema":{"@context":"https:\/\/schema.org","@graph":[{"@type":"WebPage","@id":"https:\/\/allwintheme.com\/product\/gamipress-conditional-emails\/","url":"https:\/\/allwintheme.com\/product\/gamipress-conditional-emails\/","name":"GamiPress Conditional Emails - AllWin Theme \u2013 Free WordPress Themes Download","isPartOf":{"@id":"https:\/\/allwintheme.com\/#website"},"primaryImageOfPage":{"@id":"https:\/\/allwintheme.com\/product\/gamipress-conditional-emails\/#primaryimage"},"image":{"@id":"https:\/\/allwintheme.com\/product\/gamipress-conditional-emails\/#primaryimage"},"thumbnailUrl":"https:\/\/allwintheme.com\/wp-content\/uploads\/2025\/09\/pv6sh9g6.png","datePublished":"2025-09-16T07:37:56+00:00","dateModified":"2025-09-16T10:02:01+00:00","description":"Env\u00ede correos electr\u00f3nicos automatizados y personalizados en GamiPress en funci\u00f3n de las acciones, los logros o las condiciones del usuario para impulsar la participaci\u00f3n.","breadcrumb":{"@id":"https:\/\/allwintheme.com\/product\/gamipress-conditional-emails\/#breadcrumb"},"inLanguage":"es-CL","potentialAction":[{"@type":"ReadAction","target":["https:\/\/allwintheme.com\/product\/gamipress-conditional-emails\/"]}]},{"@type":"ImageObject","inLanguage":"es-CL","@id":"https:\/\/allwintheme.com\/product\/gamipress-conditional-emails\/#primaryimage","url":"https:\/\/allwintheme.com\/wp-content\/uploads\/2025\/09\/pv6sh9g6.png","contentUrl":"https:\/\/allwintheme.com\/wp-content\/uploads\/2025\/09\/pv6sh9g6.png","width":590,"height":300,"caption":"GamiPress \u2013 Conditional Emails"},{"@type":"BreadcrumbList","@id":"https:\/\/allwintheme.com\/product\/gamipress-conditional-emails\/#breadcrumb","itemListElement":[{"@type":"ListItem","position":1,"name":"Home","item":"https:\/\/allwintheme.com\/"},{"@type":"ListItem","position":2,"name":"Shop","item":"https:\/\/allwintheme.com\/shop\/"},{"@type":"ListItem","position":3,"name":"GamiPress Conditional Emails"}]},{"@type":"WebSite","@id":"https:\/\/allwintheme.com\/#website","url":"https:\/\/allwintheme.com\/","name":"Allwintheme","description":"Descarga gratis temas de WordPress para todos los nichos. Blogs, negocios, comercio electr\u00f3nico, portafolio, restaurante y m\u00e1s. Todos los temas tienen licencia GPL y est\u00e1n preparados para dispositivos m\u00f3viles.","potentialAction":[{"@type":"SearchAction","target":{"@type":"EntryPoint","urlTemplate":"https:\/\/allwintheme.com\/?s={search_term_string}"},"query-input":{"@type":"PropertyValueSpecification","valueRequired":true,"valueName":"search_term_string"}}],"inLanguage":"es-CL"}]}},"_links":{"self":[{"href":"https:\/\/allwintheme.com\/es\/wp-json\/wp\/v2\/product\/7283","targetHints":{"allow":["GET"]}}],"collection":[{"href":"https:\/\/allwintheme.com\/es\/wp-json\/wp\/v2\/product"}],"about":[{"href":"https:\/\/allwintheme.com\/es\/wp-json\/wp\/v2\/types\/product"}],"replies":[{"embeddable":true,"href":"https:\/\/allwintheme.com\/es\/wp-json\/wp\/v2\/comments?post=7283"}],"version-history":[{"count":0,"href":"https:\/\/allwintheme.com\/es\/wp-json\/wp\/v2\/product\/7283\/revisions"}],"wp:featuredmedia":[{"embeddable":true,"href":"https:\/\/allwintheme.com\/es\/wp-json\/wp\/v2\/media\/7267"}],"wp:attachment":[{"href":"https:\/\/allwintheme.com\/es\/wp-json\/wp\/v2\/media?parent=7283"}],"wp:term":[{"taxonomy":"product_brand","embeddable":true,"href":"https:\/\/allwintheme.com\/es\/wp-json\/wp\/v2\/product_brand?post=7283"},{"taxonomy":"product_cat","embeddable":true,"href":"https:\/\/allwintheme.com\/es\/wp-json\/wp\/v2\/product_cat?post=7283"},{"taxonomy":"product_tag","embeddable":true,"href":"https:\/\/allwintheme.com\/es\/wp-json\/wp\/v2\/product_tag?post=7283"}],"curies":[{"name":"wp","href":"https:\/\/api.w.org\/{rel}","templated":true}]}}