{"id":7284,"date":"2025-09-16T07:37:57","date_gmt":"2025-09-16T07:37:57","guid":{"rendered":"https:\/\/allwintheme.com\/?post_type=product&#038;p=7284"},"modified":"2025-09-16T10:08:11","modified_gmt":"2025-09-16T10:08:11","slug":"gravity-forms-verificacion-de-correo-electronico-verificacion-otp","status":"publish","type":"product","link":"https:\/\/allwintheme.com\/es\/producto\/gravity-forms-verificacion-de-correo-electronico-verificacion-otp\/","title":{"rendered":"Gravity Forms Verificaci\u00f3n OTP"},"content":{"rendered":"<div data-elementor-type=\"wp-post\" data-elementor-id=\"7284\" class=\"elementor elementor-7284\" data-elementor-settings=\"{&quot;element_pack_global_tooltip_width&quot;:{&quot;unit&quot;:&quot;px&quot;,&quot;size&quot;:&quot;&quot;,&quot;sizes&quot;:[]},&quot;element_pack_global_tooltip_width_tablet&quot;:{&quot;unit&quot;:&quot;px&quot;,&quot;size&quot;:&quot;&quot;,&quot;sizes&quot;:[]},&quot;element_pack_global_tooltip_width_mobile&quot;:{&quot;unit&quot;:&quot;px&quot;,&quot;size&quot;:&quot;&quot;,&quot;sizes&quot;:[]},&quot;element_pack_global_tooltip_padding&quot;:{&quot;unit&quot;:&quot;px&quot;,&quot;top&quot;:&quot;&quot;,&quot;right&quot;:&quot;&quot;,&quot;bottom&quot;:&quot;&quot;,&quot;left&quot;:&quot;&quot;,&quot;isLinked&quot;:true},&quot;element_pack_global_tooltip_padding_tablet&quot;:{&quot;unit&quot;:&quot;px&quot;,&quot;top&quot;:&quot;&quot;,&quot;right&quot;:&quot;&quot;,&quot;bottom&quot;:&quot;&quot;,&quot;left&quot;:&quot;&quot;,&quot;isLinked&quot;:true},&quot;element_pack_global_tooltip_padding_mobile&quot;:{&quot;unit&quot;:&quot;px&quot;,&quot;top&quot;:&quot;&quot;,&quot;right&quot;:&quot;&quot;,&quot;bottom&quot;:&quot;&quot;,&quot;left&quot;:&quot;&quot;,&quot;isLinked&quot;:true},&quot;element_pack_global_tooltip_border_radius&quot;:{&quot;unit&quot;:&quot;px&quot;,&quot;top&quot;:&quot;&quot;,&quot;right&quot;:&quot;&quot;,&quot;bottom&quot;:&quot;&quot;,&quot;left&quot;:&quot;&quot;,&quot;isLinked&quot;:true},&quot;element_pack_global_tooltip_border_radius_tablet&quot;:{&quot;unit&quot;:&quot;px&quot;,&quot;top&quot;:&quot;&quot;,&quot;right&quot;:&quot;&quot;,&quot;bottom&quot;:&quot;&quot;,&quot;left&quot;:&quot;&quot;,&quot;isLinked&quot;:true},&quot;element_pack_global_tooltip_border_radius_mobile&quot;:{&quot;unit&quot;:&quot;px&quot;,&quot;top&quot;:&quot;&quot;,&quot;right&quot;:&quot;&quot;,&quot;bottom&quot;:&quot;&quot;,&quot;left&quot;:&quot;&quot;,&quot;isLinked&quot;:true}}\" data-elementor-post-type=\"product\">\n\t\t\t\t<div class=\"elementor-element elementor-element-93aa4a8 e-con-full e-flex e-con e-parent\" data-id=\"93aa4a8\" data-element_type=\"container\" data-e-type=\"container\">\n\t\t\t\t<div class=\"elementor-element elementor-element-2c3f760 miaoshu elementor-widget elementor-widget-wd_text_block\" data-id=\"2c3f760\" data-element_type=\"widget\" data-e-type=\"widget\" data-widget_type=\"wd_text_block.default\">\n\t\t\t\t<div class=\"elementor-widget-container\">\n\t\t\t\t\t\t\t<div class=\"wd-text-block reset-last-child text-left\">\n\t\t\t\n\t\t\t<h2>Acerca de la verificaci\u00f3n de correo electr\u00f3nico de Gravity Forms - Verificaci\u00f3n OTP<\/h2>\n<p>Gravity Forms Email Verification - OTP Verification es un plugin de WordPress dise\u00f1ado para mejorar la seguridad y fiabilidad de los env\u00edos de formularios en su sitio web. Al integrar la verificaci\u00f3n de contrase\u00f1as de un solo uso (OTP) con Gravity Forms, este plugin garantiza que s\u00f3lo se puedan utilizar direcciones de correo electr\u00f3nico v\u00e1lidas y verificadas durante el registro, las inscripciones y otros procesos de formulario importantes. Ayuda a evitar el spam, los env\u00edos falsos y las actividades fraudulentas, a la vez que ofrece a sus usuarios una experiencia de verificaci\u00f3n sencilla y segura.<\/p>\n\n<h2>Por qu\u00e9 es importante la verificaci\u00f3n del correo electr\u00f3nico<\/h2>\n<p>Cuando los usuarios rellenan formularios, ya sea para la creaci\u00f3n de cuentas, suscripciones o inscripciones a eventos, tener una direcci\u00f3n de correo electr\u00f3nico no verificada puede provocar problemas como cuentas falsas, datos no v\u00e1lidos y p\u00e9rdida de recursos. La verificaci\u00f3n del correo electr\u00f3nico mediante OTP a\u00f1ade una capa de seguridad al exigir a los usuarios que confirmen su correo electr\u00f3nico antes de completar el proceso. Esto garantiza que s\u00f3lo los usuarios aut\u00e9nticos puedan continuar, mejorando la calidad general de su base de datos de clientes potenciales y clientes.<\/p>\n\n<h2>C\u00f3mo funciona la verificaci\u00f3n OTP<\/h2>\n<p>El plugin se integra perfectamente con Gravity Forms para enviar una contrase\u00f1a de un solo uso a la direcci\u00f3n de correo electr\u00f3nico introducida por el usuario. A continuaci\u00f3n, el usuario debe introducir la OTP recibida en el campo de verificaci\u00f3n para confirmar su direcci\u00f3n de correo electr\u00f3nico. S\u00f3lo despu\u00e9s de una verificaci\u00f3n exitosa se completar\u00e1 el env\u00edo del formulario. Este sencillo proceso garantiza que los datos recopilados son aut\u00e9nticos y fiables.<\/p>\n\n<h2>F\u00e1cil integraci\u00f3n con Gravity Forms<\/h2>\n<p>Construido espec\u00edficamente para Gravity Forms, este plugin se adapta de forma natural a su flujo de trabajo existente. No requiere ninguna configuraci\u00f3n complicada, y la instalaci\u00f3n es sencilla. Una vez activado, puede habilitar la verificaci\u00f3n OTP en formularios o campos seleccionados con s\u00f3lo unos clics. Tanto si gestiona un sitio de afiliaci\u00f3n, una tienda online o un portal corporativo, este plugin se adapta a su caso de uso espec\u00edfico.<\/p>\n\n<h2>Evitar el spam y los env\u00edos falsos<\/h2>\n<p>Uno de los mayores retos de la gesti\u00f3n de formularios en l\u00ednea es hacer frente a las entradas de spam y los datos falsos. Los robots y los usuarios malintencionados a menudo intentan explotar los formularios abiertos, saturando su base de datos con informaci\u00f3n inutilizable o perjudicial. Gravity Forms Email Verification - OTP Verification act\u00faa como una poderosa barrera, impidiendo tales intentos y garantizando que s\u00f3lo los usuarios verificados puedan completar los env\u00edos. Esto le ahorra tiempo, mejora la calidad de los datos y aumenta la seguridad general.<\/p>\n\n<h2>Proceso de verificaci\u00f3n sencillo<\/h2>\n<p>Aunque la seguridad es esencial, la experiencia del usuario no puede verse comprometida. El complemento ofrece un proceso de verificaci\u00f3n sencillo y fluido que los usuarios pueden seguir f\u00e1cilmente. Tras introducir su direcci\u00f3n de correo electr\u00f3nico, reciben r\u00e1pidamente una OTP, que s\u00f3lo tienen que copiar en el campo de verificaci\u00f3n. Este sencillo paso genera confianza sin a\u00f1adir complejidad innecesaria, lo que hace que el proceso sea seguro y f\u00e1cil de usar.<\/p>\n\n<h2>Opciones de personalizaci\u00f3n<\/h2>\n<p>El plugin ofrece flexibilidad para adaptar el proceso de verificaci\u00f3n OTP a las necesidades de su empresa. Puede personalizar la plantilla de correo electr\u00f3nico que se env\u00eda a los usuarios, ajustar el tiempo de caducidad de las OTP y gestionar los mensajes de error. Esto le permite mantener una imagen de marca coherente a la vez que proporciona una comunicaci\u00f3n clara durante el proceso de verificaci\u00f3n.<\/p>\n\n<h2>Mejora de la calidad de los datos<\/h2>\n<p>Al garantizar que s\u00f3lo las direcciones de correo electr\u00f3nico verificadas entran en su base de datos, mejora la precisi\u00f3n y fiabilidad de sus datos. Esto es especialmente importante para las empresas que dependen del correo electr\u00f3nico para la comunicaci\u00f3n, el marketing y la gesti\u00f3n de cuentas. Con datos verificados, reducir\u00e1 las tasas de rebote, aumentar\u00e1 la capacidad de entrega y reforzar\u00e1 la eficacia de sus campa\u00f1as de correo electr\u00f3nico.<\/p>\n\n<h2>Aplicaciones en todos los sectores<\/h2>\n<p>El plugin es muy vers\u00e1til y puede utilizarse en diversos escenarios. Las instituciones educativas pueden verificar las inscripciones de los estudiantes, las tiendas de comercio electr\u00f3nico pueden asegurar las inscripciones de los clientes y las empresas pueden proteger las solicitudes de afiliaci\u00f3n. Independientemente del sector, el complemento garantiza un mayor nivel de confianza y credibilidad en las interacciones en l\u00ednea.<\/p>\n\n<h2>Seguridad y fiabilidad<\/h2>\n<p>Gravity Forms Email Verification - OTP Verification utiliza m\u00e9todos seguros para generar y validar OTPs, reduciendo el riesgo de actividad fraudulenta. Al verificar cada env\u00edo, a\u00f1ade una importante capa de protecci\u00f3n a sus formularios. Esto es especialmente valioso para sitios web que manejan informaci\u00f3n sensible o que requieren datos precisos de los usuarios.<\/p>\n\n<h2>Compatibilidad y rendimiento<\/h2>\n<p>El plugin est\u00e1 dise\u00f1ado para funcionar a la perfecci\u00f3n con las \u00faltimas versiones de WordPress y Gravity Forms. Es ligero, lo que garantiza un rendimiento r\u00e1pido sin ralentizar su sitio. Adem\u00e1s, est\u00e1 dise\u00f1ado para integrarse con otros plugins y temas, minimizando los problemas de compatibilidad y garantizando una experiencia fluida tanto para los administradores como para los usuarios.<\/p>\n\n<h2>Sin codificaci\u00f3n<\/h2>\n<p>Con un proceso de instalaci\u00f3n y configuraci\u00f3n intuitivo, no necesitas conocimientos t\u00e9cnicos para implementar la verificaci\u00f3n de correo electr\u00f3nico. El plugin ofrece un panel de control sencillo en el que puedes gestionar la configuraci\u00f3n de OTP, las plantillas y las reglas de verificaci\u00f3n. Esto permite a cualquier persona, desde propietarios de peque\u00f1as empresas a gerentes de empresas, asegurar sus formularios sin conocimientos de codificaci\u00f3n.<\/p>\n\n<h2>Generar confianza entre los clientes<\/h2>\n<p>Las direcciones de correo electr\u00f3nico verificadas inspiran confianza. Los clientes saben que su sitio web se toma en serio la seguridad cuando ven que requiere verificaci\u00f3n. Esta confianza se traduce en relaciones m\u00e1s s\u00f3lidas, un mayor compromiso y una mayor fidelidad. Al proteger tanto a tu negocio como a tus usuarios, el plugin a\u00f1ade valor a largo plazo a tu presencia online.<\/p>\n\n<h2>Conclusi\u00f3n<\/h2>\n<p>Gravity Forms Email Verification - OTP Verification es una herramienta esencial para cualquier sitio de WordPress que utilice Gravity Forms para registros, inscripciones o recopilaci\u00f3n de datos. Al implementar la verificaci\u00f3n de correo electr\u00f3nico basada en OTP, mejora la seguridad, reduce el spam y garantiza datos fiables. Con su f\u00e1cil configuraci\u00f3n, opciones de personalizaci\u00f3n y proceso de verificaci\u00f3n f\u00e1cil de usar, este plugin es una soluci\u00f3n pr\u00e1ctica para las empresas y organizaciones que quieren proteger sus formularios, manteniendo al mismo tiempo una experiencia de usuario positiva. Si desea proteger sus formularios en l\u00ednea y generar una mayor confianza con sus usuarios, este plugin es la elecci\u00f3n correcta.<\/p>\n\t\t\t\t\t<\/div>\n\t\t\t\t\t\t<\/div>\n\t\t\t\t<\/div>\n\t\t\t\t<\/div>\n\t\t\t\t<\/div>","protected":false},"excerpt":{"rendered":"<p>About Gravity Forms Email Verification \u2013 OTP Verification Gravity Forms Email Verification \u2013 OTP Verification is a WordPress plugin designed<\/p>","protected":false},"featured_media":7278,"comment_status":"open","ping_status":"closed","template":"","meta":{"_acf_changed":false},"product_brand":[],"product_cat":[49],"product_tag":[],"class_list":{"0":"post-7284","1":"product","2":"type-product","3":"status-publish","4":"has-post-thumbnail","6":"product_cat-plugins","8":"first","9":"instock","10":"sale","11":"downloadable","12":"shipping-taxable","13":"purchasable","14":"product-type-simple"},"acf":[],"yoast_head":"<!-- This site is optimized with the Yoast SEO Premium plugin v25.6 (Yoast SEO v27.1.1) - https:\/\/yoast.com\/product\/yoast-seo-premium-wordpress\/ -->\n<title>Gravity Forms OTP Verification - AllWin Theme \u2013 Free WordPress Themes Download<\/title>\n<meta name=\"description\" content=\"Add OTP email verification to Gravity Forms for secure and reliable user registrations, signups, and form submissions.\" \/>\n<meta name=\"robots\" content=\"index, follow, max-snippet:-1, max-image-preview:large, max-video-preview:-1\" \/>\n<link rel=\"canonical\" href=\"https:\/\/allwintheme.com\/es\/producto\/gravity-forms-verificacion-de-correo-electronico-verificacion-otp\/\" \/>\n<meta property=\"og:locale\" content=\"es_ES\" \/>\n<meta property=\"og:type\" content=\"article\" \/>\n<meta property=\"og:title\" content=\"Gravity Forms OTP Verification\" \/>\n<meta property=\"og:description\" content=\"Add OTP email verification to Gravity Forms for secure and reliable user registrations, signups, and form submissions.\" \/>\n<meta property=\"og:url\" content=\"https:\/\/allwintheme.com\/es\/producto\/gravity-forms-verificacion-de-correo-electronico-verificacion-otp\/\" \/>\n<meta property=\"og:site_name\" content=\"AllWin Theme \u2013 Free WordPress Themes Download\" \/>\n<meta property=\"article:modified_time\" content=\"2025-09-16T10:08:11+00:00\" \/>\n<meta property=\"og:image\" content=\"https:\/\/allwintheme.com\/wp-content\/uploads\/2025\/09\/avfakm5a.png\" \/>\n\t<meta property=\"og:image:width\" content=\"590\" \/>\n\t<meta property=\"og:image:height\" content=\"300\" \/>\n\t<meta property=\"og:image:type\" content=\"image\/png\" \/>\n<meta name=\"twitter:card\" content=\"summary_large_image\" \/>\n<meta name=\"twitter:label1\" content=\"Tiempo estimado de lectura\" \/>\n\t<meta name=\"twitter:data1\" content=\"5 minutos\" \/>\n<script type=\"application\/ld+json\" class=\"yoast-schema-graph\">{\"@context\":\"https:\/\/schema.org\",\"@graph\":[{\"@type\":\"WebPage\",\"@id\":\"https:\/\/allwintheme.com\/product\/gravity-forms-email-verification-otp-verification\/\",\"url\":\"https:\/\/allwintheme.com\/product\/gravity-forms-email-verification-otp-verification\/\",\"name\":\"Gravity Forms OTP Verification - AllWin Theme \u2013 Free WordPress Themes Download\",\"isPartOf\":{\"@id\":\"https:\/\/allwintheme.com\/#website\"},\"primaryImageOfPage\":{\"@id\":\"https:\/\/allwintheme.com\/product\/gravity-forms-email-verification-otp-verification\/#primaryimage\"},\"image\":{\"@id\":\"https:\/\/allwintheme.com\/product\/gravity-forms-email-verification-otp-verification\/#primaryimage\"},\"thumbnailUrl\":\"https:\/\/allwintheme.com\/wp-content\/uploads\/2025\/09\/avfakm5a.png\",\"datePublished\":\"2025-09-16T07:37:57+00:00\",\"dateModified\":\"2025-09-16T10:08:11+00:00\",\"description\":\"Add OTP email verification to Gravity Forms for secure and reliable user registrations, signups, and form submissions.\",\"breadcrumb\":{\"@id\":\"https:\/\/allwintheme.com\/product\/gravity-forms-email-verification-otp-verification\/#breadcrumb\"},\"inLanguage\":\"es-CL\",\"potentialAction\":[{\"@type\":\"ReadAction\",\"target\":[\"https:\/\/allwintheme.com\/product\/gravity-forms-email-verification-otp-verification\/\"]}]},{\"@type\":\"ImageObject\",\"inLanguage\":\"es-CL\",\"@id\":\"https:\/\/allwintheme.com\/product\/gravity-forms-email-verification-otp-verification\/#primaryimage\",\"url\":\"https:\/\/allwintheme.com\/wp-content\/uploads\/2025\/09\/avfakm5a.png\",\"contentUrl\":\"https:\/\/allwintheme.com\/wp-content\/uploads\/2025\/09\/avfakm5a.png\",\"width\":590,\"height\":300,\"caption\":\"Gravity Forms Email Verification \u2013 OTP Verification\"},{\"@type\":\"BreadcrumbList\",\"@id\":\"https:\/\/allwintheme.com\/product\/gravity-forms-email-verification-otp-verification\/#breadcrumb\",\"itemListElement\":[{\"@type\":\"ListItem\",\"position\":1,\"name\":\"Home\",\"item\":\"https:\/\/allwintheme.com\/\"},{\"@type\":\"ListItem\",\"position\":2,\"name\":\"Shop\",\"item\":\"https:\/\/allwintheme.com\/shop\/\"},{\"@type\":\"ListItem\",\"position\":3,\"name\":\"Gravity Forms OTP Verification\"}]},{\"@type\":\"WebSite\",\"@id\":\"https:\/\/allwintheme.com\/#website\",\"url\":\"https:\/\/allwintheme.com\/\",\"name\":\"Allwintheme\",\"description\":\"Download free WordPress themes for every niche. Blogs, business, eCommerce, portfolio, restaurant and more. All themes are GPL licensed and mobile-ready.\",\"potentialAction\":[{\"@type\":\"SearchAction\",\"target\":{\"@type\":\"EntryPoint\",\"urlTemplate\":\"https:\/\/allwintheme.com\/?s={search_term_string}\"},\"query-input\":{\"@type\":\"PropertyValueSpecification\",\"valueRequired\":true,\"valueName\":\"search_term_string\"}}],\"inLanguage\":\"es-CL\"}]}<\/script>\n<!-- \/ Yoast SEO Premium plugin. -->","yoast_head_json":{"title":"Gravity Forms OTP Verification - AllWin Theme - Free WordPress Themes Download","description":"A\u00f1ada la verificaci\u00f3n de correo electr\u00f3nico OTP a Gravity Forms para que los registros de usuarios, las inscripciones y los env\u00edos de formularios sean seguros y fiables.","robots":{"index":"index","follow":"follow","max-snippet":"max-snippet:-1","max-image-preview":"max-image-preview:large","max-video-preview":"max-video-preview:-1"},"canonical":"https:\/\/allwintheme.com\/es\/producto\/gravity-forms-verificacion-de-correo-electronico-verificacion-otp\/","og_locale":"es_ES","og_type":"article","og_title":"Gravity Forms OTP Verification","og_description":"Add OTP email verification to Gravity Forms for secure and reliable user registrations, signups, and form submissions.","og_url":"https:\/\/allwintheme.com\/es\/producto\/gravity-forms-verificacion-de-correo-electronico-verificacion-otp\/","og_site_name":"AllWin Theme \u2013 Free WordPress Themes Download","article_modified_time":"2025-09-16T10:08:11+00:00","og_image":[{"width":590,"height":300,"url":"https:\/\/allwintheme.com\/wp-content\/uploads\/2025\/09\/avfakm5a.png","type":"image\/png"}],"twitter_card":"summary_large_image","twitter_misc":{"Tiempo estimado de lectura":"5 minutos"},"schema":{"@context":"https:\/\/schema.org","@graph":[{"@type":"WebPage","@id":"https:\/\/allwintheme.com\/product\/gravity-forms-email-verification-otp-verification\/","url":"https:\/\/allwintheme.com\/product\/gravity-forms-email-verification-otp-verification\/","name":"Gravity Forms OTP Verification - AllWin Theme - Free WordPress Themes Download","isPartOf":{"@id":"https:\/\/allwintheme.com\/#website"},"primaryImageOfPage":{"@id":"https:\/\/allwintheme.com\/product\/gravity-forms-email-verification-otp-verification\/#primaryimage"},"image":{"@id":"https:\/\/allwintheme.com\/product\/gravity-forms-email-verification-otp-verification\/#primaryimage"},"thumbnailUrl":"https:\/\/allwintheme.com\/wp-content\/uploads\/2025\/09\/avfakm5a.png","datePublished":"2025-09-16T07:37:57+00:00","dateModified":"2025-09-16T10:08:11+00:00","description":"A\u00f1ada la verificaci\u00f3n de correo electr\u00f3nico OTP a Gravity Forms para que los registros de usuarios, las inscripciones y los env\u00edos de formularios sean seguros y fiables.","breadcrumb":{"@id":"https:\/\/allwintheme.com\/product\/gravity-forms-email-verification-otp-verification\/#breadcrumb"},"inLanguage":"es-CL","potentialAction":[{"@type":"ReadAction","target":["https:\/\/allwintheme.com\/product\/gravity-forms-email-verification-otp-verification\/"]}]},{"@type":"ImageObject","inLanguage":"es-CL","@id":"https:\/\/allwintheme.com\/product\/gravity-forms-email-verification-otp-verification\/#primaryimage","url":"https:\/\/allwintheme.com\/wp-content\/uploads\/2025\/09\/avfakm5a.png","contentUrl":"https:\/\/allwintheme.com\/wp-content\/uploads\/2025\/09\/avfakm5a.png","width":590,"height":300,"caption":"Gravity Forms Email Verification \u2013 OTP Verification"},{"@type":"BreadcrumbList","@id":"https:\/\/allwintheme.com\/product\/gravity-forms-email-verification-otp-verification\/#breadcrumb","itemListElement":[{"@type":"ListItem","position":1,"name":"Home","item":"https:\/\/allwintheme.com\/"},{"@type":"ListItem","position":2,"name":"Shop","item":"https:\/\/allwintheme.com\/shop\/"},{"@type":"ListItem","position":3,"name":"Gravity Forms OTP Verification"}]},{"@type":"WebSite","@id":"https:\/\/allwintheme.com\/#website","url":"https:\/\/allwintheme.com\/","name":"Allwintheme","description":"Descarga gratis temas de WordPress para todos los nichos. Blogs, negocios, comercio electr\u00f3nico, portafolio, restaurante y m\u00e1s. Todos los temas tienen licencia GPL y est\u00e1n preparados para dispositivos m\u00f3viles.","potentialAction":[{"@type":"SearchAction","target":{"@type":"EntryPoint","urlTemplate":"https:\/\/allwintheme.com\/?s={search_term_string}"},"query-input":{"@type":"PropertyValueSpecification","valueRequired":true,"valueName":"search_term_string"}}],"inLanguage":"es-CL"}]}},"_links":{"self":[{"href":"https:\/\/allwintheme.com\/es\/wp-json\/wp\/v2\/product\/7284","targetHints":{"allow":["GET"]}}],"collection":[{"href":"https:\/\/allwintheme.com\/es\/wp-json\/wp\/v2\/product"}],"about":[{"href":"https:\/\/allwintheme.com\/es\/wp-json\/wp\/v2\/types\/product"}],"replies":[{"embeddable":true,"href":"https:\/\/allwintheme.com\/es\/wp-json\/wp\/v2\/comments?post=7284"}],"version-history":[{"count":0,"href":"https:\/\/allwintheme.com\/es\/wp-json\/wp\/v2\/product\/7284\/revisions"}],"wp:featuredmedia":[{"embeddable":true,"href":"https:\/\/allwintheme.com\/es\/wp-json\/wp\/v2\/media\/7278"}],"wp:attachment":[{"href":"https:\/\/allwintheme.com\/es\/wp-json\/wp\/v2\/media?parent=7284"}],"wp:term":[{"taxonomy":"product_brand","embeddable":true,"href":"https:\/\/allwintheme.com\/es\/wp-json\/wp\/v2\/product_brand?post=7284"},{"taxonomy":"product_cat","embeddable":true,"href":"https:\/\/allwintheme.com\/es\/wp-json\/wp\/v2\/product_cat?post=7284"},{"taxonomy":"product_tag","embeddable":true,"href":"https:\/\/allwintheme.com\/es\/wp-json\/wp\/v2\/product_tag?post=7284"}],"curies":[{"name":"wp","href":"https:\/\/api.w.org\/{rel}","templated":true}]}}