{"id":7285,"date":"2025-09-16T07:38:00","date_gmt":"2025-09-16T07:38:00","guid":{"rendered":"https:\/\/allwintheme.com\/?post_type=product&#038;p=7285"},"modified":"2025-09-16T10:12:05","modified_gmt":"2025-09-16T10:12:05","slug":"codigo-qr-email-ticket","status":"publish","type":"product","link":"https:\/\/allwintheme.com\/es\/producto\/codigo-qr-email-ticket\/","title":{"rendered":"C\u00f3digo QR Email Ticket para WooCommerce"},"content":{"rendered":"<div data-elementor-type=\"wp-post\" data-elementor-id=\"7285\" class=\"elementor elementor-7285\" data-elementor-settings=\"{&quot;element_pack_global_tooltip_width&quot;:{&quot;unit&quot;:&quot;px&quot;,&quot;size&quot;:&quot;&quot;,&quot;sizes&quot;:[]},&quot;element_pack_global_tooltip_width_tablet&quot;:{&quot;unit&quot;:&quot;px&quot;,&quot;size&quot;:&quot;&quot;,&quot;sizes&quot;:[]},&quot;element_pack_global_tooltip_width_mobile&quot;:{&quot;unit&quot;:&quot;px&quot;,&quot;size&quot;:&quot;&quot;,&quot;sizes&quot;:[]},&quot;element_pack_global_tooltip_padding&quot;:{&quot;unit&quot;:&quot;px&quot;,&quot;top&quot;:&quot;&quot;,&quot;right&quot;:&quot;&quot;,&quot;bottom&quot;:&quot;&quot;,&quot;left&quot;:&quot;&quot;,&quot;isLinked&quot;:true},&quot;element_pack_global_tooltip_padding_tablet&quot;:{&quot;unit&quot;:&quot;px&quot;,&quot;top&quot;:&quot;&quot;,&quot;right&quot;:&quot;&quot;,&quot;bottom&quot;:&quot;&quot;,&quot;left&quot;:&quot;&quot;,&quot;isLinked&quot;:true},&quot;element_pack_global_tooltip_padding_mobile&quot;:{&quot;unit&quot;:&quot;px&quot;,&quot;top&quot;:&quot;&quot;,&quot;right&quot;:&quot;&quot;,&quot;bottom&quot;:&quot;&quot;,&quot;left&quot;:&quot;&quot;,&quot;isLinked&quot;:true},&quot;element_pack_global_tooltip_border_radius&quot;:{&quot;unit&quot;:&quot;px&quot;,&quot;top&quot;:&quot;&quot;,&quot;right&quot;:&quot;&quot;,&quot;bottom&quot;:&quot;&quot;,&quot;left&quot;:&quot;&quot;,&quot;isLinked&quot;:true},&quot;element_pack_global_tooltip_border_radius_tablet&quot;:{&quot;unit&quot;:&quot;px&quot;,&quot;top&quot;:&quot;&quot;,&quot;right&quot;:&quot;&quot;,&quot;bottom&quot;:&quot;&quot;,&quot;left&quot;:&quot;&quot;,&quot;isLinked&quot;:true},&quot;element_pack_global_tooltip_border_radius_mobile&quot;:{&quot;unit&quot;:&quot;px&quot;,&quot;top&quot;:&quot;&quot;,&quot;right&quot;:&quot;&quot;,&quot;bottom&quot;:&quot;&quot;,&quot;left&quot;:&quot;&quot;,&quot;isLinked&quot;:true}}\" data-elementor-post-type=\"product\">\n\t\t\t\t<div class=\"elementor-element elementor-element-93aa4a8 e-con-full e-flex e-con e-parent\" data-id=\"93aa4a8\" data-element_type=\"container\" data-e-type=\"container\">\n\t\t\t\t<div class=\"elementor-element elementor-element-2c3f760 miaoshu elementor-widget elementor-widget-wd_text_block\" data-id=\"2c3f760\" data-element_type=\"widget\" data-e-type=\"widget\" data-widget_type=\"wd_text_block.default\">\n\t\t\t\t<div class=\"elementor-widget-container\">\n\t\t\t\t\t\t\t<div class=\"wd-text-block reset-last-child text-left\">\n\t\t\t\n\t\t\t<h2>Acerca de QR Code Email Ticket para WooCommerce<\/h2>\n<p>QR Code Email Ticket for WooCommerce es un potente plugin dise\u00f1ado para simplificar la venta de entradas de eventos para tiendas online. Le permite generar autom\u00e1ticamente entradas para eventos en formato PDF y entregarlas directamente a sus clientes por correo electr\u00f3nico despu\u00e9s de una compra. Cada entrada incluye un c\u00f3digo QR \u00fanico que puede ser escaneado en el lugar del evento para verificar la entrada. Con este plugin, tu tienda puede ofrecer una experiencia de venta de entradas perfecta, profesional y segura para cualquier tipo de evento.<\/p>\n\n<h2>Por qu\u00e9 utilizar entradas por correo electr\u00f3nico con c\u00f3digo QR<\/h2>\n<p>Los m\u00e9todos tradicionales de emisi\u00f3n de billetes pueden ser ineficaces, costosos y propensos a errores. Imprimir tickets f\u00edsicos o enviar confirmaciones manualmente lleva tiempo y a\u00f1ade una complejidad innecesaria. QR Code Email Ticket para WooCommerce elimina estos problemas automatizando todo el proceso. Los clientes reciben su entrada al instante despu\u00e9s de la compra, y los organizadores de eventos pueden confiar en el escaneo de c\u00f3digos QR para una verificaci\u00f3n de entrada r\u00e1pida y precisa. Esto no s\u00f3lo mejora la eficiencia, sino que tambi\u00e9n reduce el riesgo de fraude y entrada no autorizada.<\/p>\n\n<h2>Generaci\u00f3n autom\u00e1tica de billetes<\/h2>\n<p>Una vez que el cliente completa su compra, el complemento genera autom\u00e1ticamente un ticket profesional en PDF. Este ticket contiene todos los detalles necesarios del evento, como el nombre, la fecha, la hora, el lugar y los datos del cliente. Tambi\u00e9n se incluye un c\u00f3digo QR \u00fanico, que hace que cada entrada sea trazable y segura. La automatizaci\u00f3n ahorra tiempo tanto a los clientes como a los organizadores del evento, al tiempo que garantiza la precisi\u00f3n y coherencia de todas las entradas.<\/p>\n\n<h2>Env\u00edo de entradas por correo electr\u00f3nico<\/h2>\n<p>Los tickets en PDF generados se entregan directamente a los clientes por correo electr\u00f3nico. Esto garantiza un acceso instant\u00e1neo y elimina la necesidad de env\u00edo o distribuci\u00f3n manual. Los clientes pueden descargar f\u00e1cilmente el ticket, almacenarlo en su dispositivo o imprimirlo si prefieren una copia f\u00edsica. El sistema de entrega por correo electr\u00f3nico se integra perfectamente con WooCommerce, por lo que el proceso resulta natural y sin esfuerzo tanto para la tienda como para el cliente.<\/p>\n\n<h2>Verificaci\u00f3n de c\u00f3digos QR<\/h2>\n<p>Una de las funciones m\u00e1s importantes de este complemento es el sistema de verificaci\u00f3n por c\u00f3digo QR. El personal del evento puede escanear r\u00e1pidamente el c\u00f3digo QR de la entrada de cada cliente utilizando un smartphone o un dispositivo de escaneado. El sistema verifica al instante la validez de la entrada, permitiendo o denegando la entrada. Esto hace que el proceso de registro sea m\u00e1s r\u00e1pido, fluido y seguro, reduciendo los tiempos de espera y minimizando el riesgo de falsificaci\u00f3n de entradas.<\/p>\n\n<h2>Mejora de la gesti\u00f3n de eventos<\/h2>\n<p>Para los organizadores de eventos, gestionar la asistencia es mucho m\u00e1s f\u00e1cil con QR Code Email Ticket para WooCommerce. Cada ticket es \u00fanico y trazable, por lo que los organizadores pueden realizar un seguimiento de los datos de asistencia en tiempo real. Esto ayuda con la gesti\u00f3n de multitudes, la seguridad y la presentaci\u00f3n de informes. Al digitalizar el proceso de venta de entradas, tambi\u00e9n reduce el papeleo y hace que sus eventos sean m\u00e1s respetuosos con el medio ambiente.<\/p>\n\n<h2>Integraci\u00f3n perfecta con WooCommerce<\/h2>\n<p>El plugin est\u00e1 construido espec\u00edficamente para WooCommerce, asegurando una perfecta integraci\u00f3n con su tienda online. Los tickets se generan y entregan autom\u00e1ticamente como parte del flujo de trabajo de compra est\u00e1ndar. No hay necesidad de configuraciones complejas o servicios de terceros. El plugin es compatible con varias pasarelas de pago de WooCommerce, por lo que puede aceptar pagos de forma segura y emitir tickets inmediatamente despu\u00e9s de la confirmaci\u00f3n.<\/p>\n\n<h2>Opciones de personalizaci\u00f3n<\/h2>\n<p>Cada evento es \u00fanico, y sus entradas deben reflejarlo. El plugin ofrece opciones de personalizaci\u00f3n para el dise\u00f1o de entradas, lo que le permite a\u00f1adir su logotipo, ajustar los colores e incluir informaci\u00f3n adicional, como los t\u00e9rminos y condiciones o la marca del patrocinador. Esta flexibilidad garantiza que sus entradas no s\u00f3lo cumplan su prop\u00f3sito funcional, sino que tambi\u00e9n refuercen la identidad de su marca.<\/p>\n\n<h2>Mejora de la experiencia del cliente<\/h2>\n<p>Desde el punto de vista del cliente, recibir un billete digital por correo electr\u00f3nico es sencillo y c\u00f3modo. Ya no tienen que esperar a que lleguen las entradas f\u00edsicas ni preocuparse por perderlas. El billete est\u00e1 guardado de forma segura en su bandeja de entrada y pueden acceder a \u00e9l en cualquier momento. El proceso de registro mediante c\u00f3digo QR tambi\u00e9n es m\u00e1s r\u00e1pido que la verificaci\u00f3n manual, lo que garantiza una experiencia de entrada m\u00e1s fluida en el evento.<\/p>\n\n<h2>Seguridad y prevenci\u00f3n del fraude<\/h2>\n<p>Las entradas fraudulentas pueden causar importantes problemas a los organizadores de eventos. Al asignar c\u00f3digos QR \u00fanicos a cada entrada, el complemento minimiza el riesgo de duplicaci\u00f3n o falsificaci\u00f3n. Una vez escaneado y validado un c\u00f3digo QR en el evento, no puede reutilizarse. Esto protege tanto a los organizadores como a los asistentes, garantizando que s\u00f3lo los poseedores de entradas v\u00e1lidas tengan acceso.<\/p>\n\n<h2>Casos pr\u00e1cticos<\/h2>\n<p>QR Code Email Ticket para WooCommerce es adecuado para una amplia gama de eventos y negocios. Se puede utilizar para conciertos, conferencias, talleres, exposiciones, festivales e incluso reuniones m\u00e1s peque\u00f1as como seminarios o sesiones de formaci\u00f3n. No importa la escala de su evento, el plugin proporciona una soluci\u00f3n de venta de entradas fiable que se adapta a sus necesidades.<\/p>\n\n<h2>Facilidad de instalaci\u00f3n y gesti\u00f3n<\/h2>\n<p>El plugin se ha dise\u00f1ado pensando en la facilidad de uso. Los propietarios de las tiendas pueden instalarlo y configurarlo con el m\u00ednimo esfuerzo. Una vez configurado, el proceso se ejecuta autom\u00e1ticamente y apenas requiere gesti\u00f3n. Gracias a su sencilla configuraci\u00f3n, podr\u00e1s empezar a vender entradas y generar PDF con c\u00f3digos QR casi de inmediato, sin necesidad de conocimientos t\u00e9cnicos avanzados.<\/p>\n\n<h2>Beneficios medioambientales<\/h2>\n<p>El paso a la venta digital de billetes reduce significativamente el uso de papel y los residuos. Esto se alinea con los objetivos modernos de sostenibilidad y atrae a clientes concienciados con el medio ambiente. Ofrecer entradas digitales con c\u00f3digo QR no solo ahorra recursos, sino que tambi\u00e9n demuestra su compromiso con las pr\u00e1cticas respetuosas con el medio ambiente.<\/p>\n\n<h2>Conclusi\u00f3n<\/h2>\n<p>QR Code Email Ticket para WooCommerce es una herramienta esencial para cualquier negocio u organizador que venda entradas para eventos en l\u00ednea. Al automatizar la generaci\u00f3n de entradas, enviarlas por correo electr\u00f3nico y permitir la verificaci\u00f3n segura mediante c\u00f3digo QR, simplifica todo el proceso de venta de entradas. Los clientes disfrutan de una experiencia c\u00f3moda y profesional, mientras que los organizadores se benefician de una mayor eficacia, seguridad y gesti\u00f3n del evento. Tanto si organiza un peque\u00f1o seminario como un festival a gran escala, este complemento garantiza una soluci\u00f3n de venta de entradas fluida y fiable, desde la compra hasta la entrada.<\/p>\n\t\t\t\t\t<\/div>\n\t\t\t\t\t\t<\/div>\n\t\t\t\t<\/div>\n\t\t\t\t<\/div>\n\t\t\t\t<\/div>","protected":false},"excerpt":{"rendered":"<p>About QR Code Email Ticket for WooCommerce QR Code Email Ticket for WooCommerce is a powerful plugin designed to simplify<\/p>","protected":false},"featured_media":7277,"comment_status":"open","ping_status":"closed","template":"","meta":{"_acf_changed":false},"product_brand":[],"product_cat":[49],"product_tag":[],"class_list":{"0":"post-7285","1":"product","2":"type-product","3":"status-publish","4":"has-post-thumbnail","6":"product_cat-plugins","8":"first","9":"instock","10":"sale","11":"downloadable","12":"shipping-taxable","13":"purchasable","14":"product-type-simple"},"acf":[],"yoast_head":"<!-- This site is optimized with the Yoast SEO Premium plugin v25.6 (Yoast SEO v27.1.1) - https:\/\/yoast.com\/product\/yoast-seo-premium-wordpress\/ -->\n<title>QR Code Email Ticket for WooCommerce - AllWin Theme \u2013 Free WordPress Themes Download<\/title>\n<meta name=\"description\" content=\"Generate and send event tickets with QR codes via PDF email after WooCommerce purchases, enabling secure entry verification.\" \/>\n<meta name=\"robots\" content=\"index, follow, max-snippet:-1, max-image-preview:large, max-video-preview:-1\" \/>\n<link rel=\"canonical\" href=\"https:\/\/allwintheme.com\/es\/producto\/codigo-qr-email-ticket\/\" \/>\n<meta property=\"og:locale\" content=\"es_ES\" \/>\n<meta property=\"og:type\" content=\"article\" \/>\n<meta property=\"og:title\" content=\"QR Code Email Ticket for WooCommerce\" \/>\n<meta property=\"og:description\" content=\"Generate and send event tickets with QR codes via PDF email after WooCommerce purchases, enabling secure entry verification.\" \/>\n<meta property=\"og:url\" content=\"https:\/\/allwintheme.com\/es\/producto\/codigo-qr-email-ticket\/\" \/>\n<meta property=\"og:site_name\" content=\"AllWin Theme \u2013 Free WordPress Themes Download\" \/>\n<meta property=\"article:modified_time\" content=\"2025-09-16T10:12:05+00:00\" \/>\n<meta property=\"og:image\" content=\"https:\/\/allwintheme.com\/wp-content\/uploads\/2025\/09\/j0nc5rpo.png\" \/>\n\t<meta property=\"og:image:width\" content=\"590\" \/>\n\t<meta property=\"og:image:height\" content=\"300\" \/>\n\t<meta property=\"og:image:type\" content=\"image\/png\" \/>\n<meta name=\"twitter:card\" content=\"summary_large_image\" \/>\n<meta name=\"twitter:label1\" content=\"Tiempo estimado de lectura\" \/>\n\t<meta name=\"twitter:data1\" content=\"6 minutos\" \/>\n<script type=\"application\/ld+json\" class=\"yoast-schema-graph\">{\"@context\":\"https:\/\/schema.org\",\"@graph\":[{\"@type\":\"WebPage\",\"@id\":\"https:\/\/allwintheme.com\/product\/qr-code-email-ticket\/\",\"url\":\"https:\/\/allwintheme.com\/product\/qr-code-email-ticket\/\",\"name\":\"QR Code Email Ticket for WooCommerce - AllWin Theme \u2013 Free WordPress Themes Download\",\"isPartOf\":{\"@id\":\"https:\/\/allwintheme.com\/#website\"},\"primaryImageOfPage\":{\"@id\":\"https:\/\/allwintheme.com\/product\/qr-code-email-ticket\/#primaryimage\"},\"image\":{\"@id\":\"https:\/\/allwintheme.com\/product\/qr-code-email-ticket\/#primaryimage\"},\"thumbnailUrl\":\"https:\/\/allwintheme.com\/wp-content\/uploads\/2025\/09\/j0nc5rpo.png\",\"datePublished\":\"2025-09-16T07:38:00+00:00\",\"dateModified\":\"2025-09-16T10:12:05+00:00\",\"description\":\"Generate and send event tickets with QR codes via PDF email after WooCommerce purchases, enabling secure entry verification.\",\"breadcrumb\":{\"@id\":\"https:\/\/allwintheme.com\/product\/qr-code-email-ticket\/#breadcrumb\"},\"inLanguage\":\"es-CL\",\"potentialAction\":[{\"@type\":\"ReadAction\",\"target\":[\"https:\/\/allwintheme.com\/product\/qr-code-email-ticket\/\"]}]},{\"@type\":\"ImageObject\",\"inLanguage\":\"es-CL\",\"@id\":\"https:\/\/allwintheme.com\/product\/qr-code-email-ticket\/#primaryimage\",\"url\":\"https:\/\/allwintheme.com\/wp-content\/uploads\/2025\/09\/j0nc5rpo.png\",\"contentUrl\":\"https:\/\/allwintheme.com\/wp-content\/uploads\/2025\/09\/j0nc5rpo.png\",\"width\":590,\"height\":300,\"caption\":\"QR Code Email Ticket\"},{\"@type\":\"BreadcrumbList\",\"@id\":\"https:\/\/allwintheme.com\/product\/qr-code-email-ticket\/#breadcrumb\",\"itemListElement\":[{\"@type\":\"ListItem\",\"position\":1,\"name\":\"Home\",\"item\":\"https:\/\/allwintheme.com\/\"},{\"@type\":\"ListItem\",\"position\":2,\"name\":\"Shop\",\"item\":\"https:\/\/allwintheme.com\/shop\/\"},{\"@type\":\"ListItem\",\"position\":3,\"name\":\"QR Code Email Ticket for WooCommerce\"}]},{\"@type\":\"WebSite\",\"@id\":\"https:\/\/allwintheme.com\/#website\",\"url\":\"https:\/\/allwintheme.com\/\",\"name\":\"Allwintheme\",\"description\":\"Download free WordPress themes for every niche. Blogs, business, eCommerce, portfolio, restaurant and more. All themes are GPL licensed and mobile-ready.\",\"potentialAction\":[{\"@type\":\"SearchAction\",\"target\":{\"@type\":\"EntryPoint\",\"urlTemplate\":\"https:\/\/allwintheme.com\/?s={search_term_string}\"},\"query-input\":{\"@type\":\"PropertyValueSpecification\",\"valueRequired\":true,\"valueName\":\"search_term_string\"}}],\"inLanguage\":\"es-CL\"}]}<\/script>\n<!-- \/ Yoast SEO Premium plugin. -->","yoast_head_json":{"title":"QR Code Email Ticket for WooCommerce - AllWin Theme \u2013 Free WordPress Themes Download","description":"Genere y env\u00ede entradas para eventos con c\u00f3digos QR por correo electr\u00f3nico en formato PDF despu\u00e9s de las compras de WooCommerce, lo que permite una verificaci\u00f3n de entrada segura.","robots":{"index":"index","follow":"follow","max-snippet":"max-snippet:-1","max-image-preview":"max-image-preview:large","max-video-preview":"max-video-preview:-1"},"canonical":"https:\/\/allwintheme.com\/es\/producto\/codigo-qr-email-ticket\/","og_locale":"es_ES","og_type":"article","og_title":"QR Code Email Ticket for WooCommerce","og_description":"Generate and send event tickets with QR codes via PDF email after WooCommerce purchases, enabling secure entry verification.","og_url":"https:\/\/allwintheme.com\/es\/producto\/codigo-qr-email-ticket\/","og_site_name":"AllWin Theme \u2013 Free WordPress Themes Download","article_modified_time":"2025-09-16T10:12:05+00:00","og_image":[{"width":590,"height":300,"url":"https:\/\/allwintheme.com\/wp-content\/uploads\/2025\/09\/j0nc5rpo.png","type":"image\/png"}],"twitter_card":"summary_large_image","twitter_misc":{"Tiempo estimado de lectura":"6 minutos"},"schema":{"@context":"https:\/\/schema.org","@graph":[{"@type":"WebPage","@id":"https:\/\/allwintheme.com\/product\/qr-code-email-ticket\/","url":"https:\/\/allwintheme.com\/product\/qr-code-email-ticket\/","name":"QR Code Email Ticket for WooCommerce - AllWin Theme \u2013 Free WordPress Themes Download","isPartOf":{"@id":"https:\/\/allwintheme.com\/#website"},"primaryImageOfPage":{"@id":"https:\/\/allwintheme.com\/product\/qr-code-email-ticket\/#primaryimage"},"image":{"@id":"https:\/\/allwintheme.com\/product\/qr-code-email-ticket\/#primaryimage"},"thumbnailUrl":"https:\/\/allwintheme.com\/wp-content\/uploads\/2025\/09\/j0nc5rpo.png","datePublished":"2025-09-16T07:38:00+00:00","dateModified":"2025-09-16T10:12:05+00:00","description":"Genere y env\u00ede entradas para eventos con c\u00f3digos QR por correo electr\u00f3nico en formato PDF despu\u00e9s de las compras de WooCommerce, lo que permite una verificaci\u00f3n de entrada segura.","breadcrumb":{"@id":"https:\/\/allwintheme.com\/product\/qr-code-email-ticket\/#breadcrumb"},"inLanguage":"es-CL","potentialAction":[{"@type":"ReadAction","target":["https:\/\/allwintheme.com\/product\/qr-code-email-ticket\/"]}]},{"@type":"ImageObject","inLanguage":"es-CL","@id":"https:\/\/allwintheme.com\/product\/qr-code-email-ticket\/#primaryimage","url":"https:\/\/allwintheme.com\/wp-content\/uploads\/2025\/09\/j0nc5rpo.png","contentUrl":"https:\/\/allwintheme.com\/wp-content\/uploads\/2025\/09\/j0nc5rpo.png","width":590,"height":300,"caption":"QR Code Email Ticket"},{"@type":"BreadcrumbList","@id":"https:\/\/allwintheme.com\/product\/qr-code-email-ticket\/#breadcrumb","itemListElement":[{"@type":"ListItem","position":1,"name":"Home","item":"https:\/\/allwintheme.com\/"},{"@type":"ListItem","position":2,"name":"Shop","item":"https:\/\/allwintheme.com\/shop\/"},{"@type":"ListItem","position":3,"name":"QR Code Email Ticket for WooCommerce"}]},{"@type":"WebSite","@id":"https:\/\/allwintheme.com\/#website","url":"https:\/\/allwintheme.com\/","name":"Allwintheme","description":"Descarga gratis temas de WordPress para todos los nichos. Blogs, negocios, comercio electr\u00f3nico, portafolio, restaurante y m\u00e1s. Todos los temas tienen licencia GPL y est\u00e1n preparados para dispositivos m\u00f3viles.","potentialAction":[{"@type":"SearchAction","target":{"@type":"EntryPoint","urlTemplate":"https:\/\/allwintheme.com\/?s={search_term_string}"},"query-input":{"@type":"PropertyValueSpecification","valueRequired":true,"valueName":"search_term_string"}}],"inLanguage":"es-CL"}]}},"_links":{"self":[{"href":"https:\/\/allwintheme.com\/es\/wp-json\/wp\/v2\/product\/7285","targetHints":{"allow":["GET"]}}],"collection":[{"href":"https:\/\/allwintheme.com\/es\/wp-json\/wp\/v2\/product"}],"about":[{"href":"https:\/\/allwintheme.com\/es\/wp-json\/wp\/v2\/types\/product"}],"replies":[{"embeddable":true,"href":"https:\/\/allwintheme.com\/es\/wp-json\/wp\/v2\/comments?post=7285"}],"version-history":[{"count":0,"href":"https:\/\/allwintheme.com\/es\/wp-json\/wp\/v2\/product\/7285\/revisions"}],"wp:featuredmedia":[{"embeddable":true,"href":"https:\/\/allwintheme.com\/es\/wp-json\/wp\/v2\/media\/7277"}],"wp:attachment":[{"href":"https:\/\/allwintheme.com\/es\/wp-json\/wp\/v2\/media?parent=7285"}],"wp:term":[{"taxonomy":"product_brand","embeddable":true,"href":"https:\/\/allwintheme.com\/es\/wp-json\/wp\/v2\/product_brand?post=7285"},{"taxonomy":"product_cat","embeddable":true,"href":"https:\/\/allwintheme.com\/es\/wp-json\/wp\/v2\/product_cat?post=7285"},{"taxonomy":"product_tag","embeddable":true,"href":"https:\/\/allwintheme.com\/es\/wp-json\/wp\/v2\/product_tag?post=7285"}],"curies":[{"name":"wp","href":"https:\/\/api.w.org\/{rel}","templated":true}]}}