{"id":7286,"date":"2025-09-16T07:38:01","date_gmt":"2025-09-16T07:38:01","guid":{"rendered":"https:\/\/allwintheme.com\/?post_type=product&#038;p=7286"},"modified":"2025-09-16T08:31:39","modified_gmt":"2025-09-16T08:31:39","slug":"codificador-de-direcciones-de-correo-electronico","status":"publish","type":"product","link":"https:\/\/allwintheme.com\/es\/producto\/codificador-de-direcciones-de-correo-electronico\/","title":{"rendered":"Codificador de direcciones de correo electr\u00f3nico"},"content":{"rendered":"<div data-elementor-type=\"wp-post\" data-elementor-id=\"7286\" class=\"elementor elementor-7286\" data-elementor-settings=\"{&quot;element_pack_global_tooltip_width&quot;:{&quot;unit&quot;:&quot;px&quot;,&quot;size&quot;:&quot;&quot;,&quot;sizes&quot;:[]},&quot;element_pack_global_tooltip_width_tablet&quot;:{&quot;unit&quot;:&quot;px&quot;,&quot;size&quot;:&quot;&quot;,&quot;sizes&quot;:[]},&quot;element_pack_global_tooltip_width_mobile&quot;:{&quot;unit&quot;:&quot;px&quot;,&quot;size&quot;:&quot;&quot;,&quot;sizes&quot;:[]},&quot;element_pack_global_tooltip_padding&quot;:{&quot;unit&quot;:&quot;px&quot;,&quot;top&quot;:&quot;&quot;,&quot;right&quot;:&quot;&quot;,&quot;bottom&quot;:&quot;&quot;,&quot;left&quot;:&quot;&quot;,&quot;isLinked&quot;:true},&quot;element_pack_global_tooltip_padding_tablet&quot;:{&quot;unit&quot;:&quot;px&quot;,&quot;top&quot;:&quot;&quot;,&quot;right&quot;:&quot;&quot;,&quot;bottom&quot;:&quot;&quot;,&quot;left&quot;:&quot;&quot;,&quot;isLinked&quot;:true},&quot;element_pack_global_tooltip_padding_mobile&quot;:{&quot;unit&quot;:&quot;px&quot;,&quot;top&quot;:&quot;&quot;,&quot;right&quot;:&quot;&quot;,&quot;bottom&quot;:&quot;&quot;,&quot;left&quot;:&quot;&quot;,&quot;isLinked&quot;:true},&quot;element_pack_global_tooltip_border_radius&quot;:{&quot;unit&quot;:&quot;px&quot;,&quot;top&quot;:&quot;&quot;,&quot;right&quot;:&quot;&quot;,&quot;bottom&quot;:&quot;&quot;,&quot;left&quot;:&quot;&quot;,&quot;isLinked&quot;:true},&quot;element_pack_global_tooltip_border_radius_tablet&quot;:{&quot;unit&quot;:&quot;px&quot;,&quot;top&quot;:&quot;&quot;,&quot;right&quot;:&quot;&quot;,&quot;bottom&quot;:&quot;&quot;,&quot;left&quot;:&quot;&quot;,&quot;isLinked&quot;:true},&quot;element_pack_global_tooltip_border_radius_mobile&quot;:{&quot;unit&quot;:&quot;px&quot;,&quot;top&quot;:&quot;&quot;,&quot;right&quot;:&quot;&quot;,&quot;bottom&quot;:&quot;&quot;,&quot;left&quot;:&quot;&quot;,&quot;isLinked&quot;:true}}\" data-elementor-post-type=\"product\">\n\t\t\t\t<div class=\"elementor-element elementor-element-93aa4a8 e-con-full e-flex e-con e-parent\" data-id=\"93aa4a8\" data-element_type=\"container\" data-e-type=\"container\">\n\t\t\t\t<div class=\"elementor-element elementor-element-2c3f760 miaoshu elementor-widget elementor-widget-wd_text_block\" data-id=\"2c3f760\" data-element_type=\"widget\" data-e-type=\"widget\" data-widget_type=\"wd_text_block.default\">\n\t\t\t\t<div class=\"elementor-widget-container\">\n\t\t\t\t\t\t\t<div class=\"wd-text-block reset-last-child text-left\">\n\t\t\t\n\t\t\t<h2>Acerca de Email Address Encoder<\/h2>\n<p>Email Address Encoder es un ligero plugin de WordPress dise\u00f1ado para proteger sus direcciones de correo electr\u00f3nico de los robots de spam, manteniendo su sitio web totalmente funcional para los usuarios. Al codificar autom\u00e1ticamente las direcciones de correo electr\u00f3nico y los enlaces mailto, esta herramienta evita que sean recolectados por rastreadores maliciosos, reduciendo el spam y salvaguardando sus canales de comunicaci\u00f3n. Funciona perfectamente en segundo plano, para que no tenga que elegir entre seguridad y usabilidad.<\/p>\n\n<h2>Por qu\u00e9 necesita protecci\u00f3n del correo electr\u00f3nico<\/h2>\n<p>Las direcciones de correo electr\u00f3nico expuestas en sitios web son una de las fuentes m\u00e1s comunes de spam. Los robots automatizados rastrean continuamente Internet, recopilando correos electr\u00f3nicos para utilizarlos en mensajes no solicitados y campa\u00f1as de phishing. Sin protecci\u00f3n, su bandeja de entrada puede inundarse r\u00e1pidamente de mensajes irrelevantes o da\u00f1inos. Email Address Encoder resuelve este problema codificando las direcciones de correo electr\u00f3nico, haci\u00e9ndolas ilegibles para los bots y, al mismo tiempo, clicables y funcionales para los usuarios reales.<\/p>\n\n<h2>Codificaci\u00f3n sencilla y eficaz<\/h2>\n<p>El plugin aplica t\u00e9cnicas avanzadas de codificaci\u00f3n para ocultar las direcciones de correo electr\u00f3nico en tus contenidos, widgets, men\u00fas y plantillas. Para los visitantes, las direcciones de correo electr\u00f3nico aparecen y funcionan con normalidad, pero para los robots, se ocultan tras una capa adicional de protecci\u00f3n. Este equilibrio garantiza que su sitio web siga siendo f\u00e1cil de usar al tiempo que bloquea las actividades de recolecci\u00f3n no deseadas.<\/p>\n\n<h2>Protecci\u00f3n autom\u00e1tica<\/h2>\n<p>Una de las principales ventajas de Email Address Encoder es su automatizaci\u00f3n. Una vez instalado, escanea autom\u00e1ticamente su sitio web en busca de direcciones de correo electr\u00f3nico y las codifica sin necesidad de configuraci\u00f3n manual. Tanto si a\u00f1ades nuevos contenidos como si publicas entradas de blog o actualizas tu informaci\u00f3n de contacto, el plugin seguir\u00e1 protegiendo tu sitio sin que tengas que realizar ning\u00fan paso adicional.<\/p>\n\n<h2>Ligereza y rendimiento<\/h2>\n<p>A diferencia de los voluminosos plugins de seguridad, Email Address Encoder es ligero y se centra en el rendimiento. Est\u00e1 construido con c\u00f3digo limpio y no ralentiza su sitio web, asegurando una experiencia de navegaci\u00f3n sin problemas para sus visitantes. Debido a su huella m\u00ednima, se integra perfectamente con su configuraci\u00f3n existente y es adecuado tanto para peque\u00f1os blogs y sitios web de negocios grandes.<\/p>\n\n<h2>Integraci\u00f3n perfecta<\/h2>\n<p>Este plugin funciona con la mayor\u00eda de los temas y plugins de WordPress. Tanto si sus direcciones de correo electr\u00f3nico aparecen en entradas, p\u00e1ginas, barras laterales o men\u00fas, Email Address Encoder aplica su protecci\u00f3n de forma universal. Tambi\u00e9n soporta plantillas personalizadas y shortcodes, d\u00e1ndote flexibilidad sin importar c\u00f3mo est\u00e9 estructurado tu sitio.<\/p>\n\n<h2>F\u00e1cil de usar y sin necesidad de codificaci\u00f3n<\/h2>\n<p>Email Address Encoder est\u00e1 dise\u00f1ado pensando en la simplicidad. No necesitas modificar tu contenido manualmente o entender detalles t\u00e9cnicos sobre codificaci\u00f3n. Todo se ejecuta autom\u00e1ticamente una vez activado el plugin. Para los desarrolladores, tambi\u00e9n proporciona ganchos y filtros, lo que permite una personalizaci\u00f3n avanzada si es necesario, pero para los usuarios cotidianos, la configuraci\u00f3n predeterminada es suficiente para una fuerte protecci\u00f3n.<\/p>\n\n<h2>Mayor seguridad sin compromisos<\/h2>\n<p>Proteger sus direcciones de correo electr\u00f3nico es crucial, pero no deber\u00eda afectar a la forma en que los visitantes interact\u00faan con su sitio. Con este plugin, tus clientes y lectores podr\u00e1n seguir haciendo clic en los enlaces de correo electr\u00f3nico, enviar mensajes y conectar contigo f\u00e1cilmente. La codificaci\u00f3n es invisible para ellos, lo que garantiza una experiencia de usuario fluida e intuitiva a la vez que se mantiene la seguridad de su informaci\u00f3n de contacto.<\/p>\n\n<h2>Reducir los riesgos de spam y phishing<\/h2>\n<p>Al hacer que sus direcciones de correo electr\u00f3nico sean inaccesibles para los rastreadores autom\u00e1ticos, Email Address Encoder reduce dr\u00e1sticamente el riesgo de spam e intentos de phishing. Esto no s\u00f3lo mantiene limpia su bandeja de entrada, sino que tambi\u00e9n reduce las posibilidades de ser objetivo de campa\u00f1as maliciosas. Con el tiempo, notar\u00e1 una disminuci\u00f3n significativa de los mensajes no deseados, lo que le ahorrar\u00e1 tiempo y mejorar\u00e1 su seguridad en l\u00ednea.<\/p>\n\n<h2>Compatibilidad con los principales navegadores<\/h2>\n<p>Las direcciones de correo electr\u00f3nico codificadas siguen siendo funcionales en los principales navegadores y dispositivos. Tanto si sus visitantes utilizan Chrome, Firefox, Safari o navegadores m\u00f3viles, podr\u00e1n acceder a sus datos de contacto sin ning\u00fan problema. Esta compatibilidad cruzada convierte al plugin en una opci\u00f3n fiable para sitios web con audiencias diversas.<\/p>\n\n<h2>Opciones personalizables<\/h2>\n<p>Aunque el complemento funciona perfectamente con la configuraci\u00f3n predeterminada, tambi\u00e9n ofrece opciones de configuraci\u00f3n para quienes deseen un mayor control. Puede elegir qu\u00e9 tipos de contenido escanear, activar o desactivar funciones de codificaci\u00f3n espec\u00edficas y ajustar la configuraci\u00f3n a las necesidades \u00fanicas de su sitio. Esta flexibilidad lo hace adecuado tanto para usuarios ocasionales como para desarrolladores que requieren soluciones a medida.<\/p>\n\n<h2>Alternativa ligera a los CAPTCHA<\/h2>\n<p>Muchos propietarios de sitios web conf\u00edan en los CAPTCHA para evitar el spam, pero estos suelen crear fricciones para los usuarios aut\u00e9nticos. Email Address Encoder ofrece una soluci\u00f3n m\u00e1s sencilla al dirigirse a la fuente de recolecci\u00f3n de spam en lugar de incomodar a sus visitantes. Reduce el spam antes de que llegue a usted, creando un canal de comunicaci\u00f3n m\u00e1s seguro y f\u00e1cil de usar.<\/p>\n\n<h2>Actualizaciones peri\u00f3dicas y asistencia<\/h2>\n<p>El plugin se mantiene activamente para garantizar la compatibilidad con las \u00faltimas versiones de WordPress. Gracias a las actualizaciones peri\u00f3dicas, estar\u00e1 protegido frente a las t\u00e9cnicas de spam en constante evoluci\u00f3n. Adem\u00e1s, dispone de un servicio de asistencia dedicado para ayudarle con la configuraci\u00f3n y la resoluci\u00f3n de problemas, lo que garantiza que su sitio web permanezca seguro sin interrupciones.<\/p>\n\n<h2>Conclusi\u00f3n<\/h2>\n<p>Email Address Encoder es un plugin esencial para cualquiera que quiera proteger su informaci\u00f3n de contacto sin sacrificar la usabilidad. Al codificar autom\u00e1ticamente las direcciones de correo electr\u00f3nico, impide que los robots las recopilen, al tiempo que mantiene una experiencia fluida para los visitantes humanos. Ligero, fiable y f\u00e1cil de usar, este complemento ofrece una forma sencilla pero eficaz de reducir el spam y proteger su sitio web. Tanto si dirige un blog personal, un sitio corporativo o una tienda en l\u00ednea, Email Address Encoder le ofrece la protecci\u00f3n que necesita para mantener una comunicaci\u00f3n segura y eficaz con su p\u00fablico.<\/p>\n\t\t\t\t\t<\/div>\n\t\t\t\t\t\t<\/div>\n\t\t\t\t<\/div>\n\t\t\t\t<\/div>\n\t\t\t\t<\/div>","protected":false},"excerpt":{"rendered":"<p>About Email Address Encoder Email Address Encoder is a lightweight WordPress plugin designed to protect your email addresses from spam<\/p>","protected":false},"featured_media":7270,"comment_status":"open","ping_status":"closed","template":"","meta":{"_acf_changed":false},"product_brand":[],"product_cat":[49],"product_tag":[],"class_list":{"0":"post-7286","1":"product","2":"type-product","3":"status-publish","4":"has-post-thumbnail","6":"product_cat-plugins","8":"first","9":"instock","10":"sale","11":"downloadable","12":"shipping-taxable","13":"purchasable","14":"product-type-simple"},"acf":[],"yoast_head":"<!-- This site is optimized with the Yoast SEO Premium plugin v25.6 (Yoast SEO v27.1.1) - https:\/\/yoast.com\/product\/yoast-seo-premium-wordpress\/ -->\n<title>Email Address Encoder - AllWin Theme \u2013 Free WordPress Themes Download<\/title>\n<meta name=\"description\" content=\"Protect email addresses from spam bots by automatically encoding them, keeping your site secure and user-friendly.\" \/>\n<meta name=\"robots\" content=\"index, follow, max-snippet:-1, max-image-preview:large, max-video-preview:-1\" \/>\n<link rel=\"canonical\" href=\"https:\/\/allwintheme.com\/es\/producto\/codificador-de-direcciones-de-correo-electronico\/\" \/>\n<meta property=\"og:locale\" content=\"es_ES\" \/>\n<meta property=\"og:type\" content=\"article\" \/>\n<meta property=\"og:title\" content=\"Email Address Encoder\" \/>\n<meta property=\"og:description\" content=\"Protect email addresses from spam bots by automatically encoding them, keeping your site secure and user-friendly.\" \/>\n<meta property=\"og:url\" content=\"https:\/\/allwintheme.com\/es\/producto\/codificador-de-direcciones-de-correo-electronico\/\" \/>\n<meta property=\"og:site_name\" content=\"AllWin Theme \u2013 Free WordPress Themes Download\" \/>\n<meta property=\"article:modified_time\" content=\"2025-09-16T08:31:39+00:00\" \/>\n<meta property=\"og:image\" content=\"https:\/\/allwintheme.com\/wp-content\/uploads\/2025\/09\/ihpxgviy.png\" \/>\n\t<meta property=\"og:image:width\" content=\"590\" \/>\n\t<meta property=\"og:image:height\" content=\"300\" \/>\n\t<meta property=\"og:image:type\" content=\"image\/png\" \/>\n<meta name=\"twitter:card\" content=\"summary_large_image\" \/>\n<meta name=\"twitter:label1\" content=\"Tiempo estimado de lectura\" \/>\n\t<meta name=\"twitter:data1\" content=\"5 minutos\" \/>\n<script type=\"application\/ld+json\" class=\"yoast-schema-graph\">{\"@context\":\"https:\/\/schema.org\",\"@graph\":[{\"@type\":\"WebPage\",\"@id\":\"https:\/\/allwintheme.com\/product\/email-address-encoder\/\",\"url\":\"https:\/\/allwintheme.com\/product\/email-address-encoder\/\",\"name\":\"Email Address Encoder - AllWin Theme \u2013 Free WordPress Themes Download\",\"isPartOf\":{\"@id\":\"https:\/\/allwintheme.com\/#website\"},\"primaryImageOfPage\":{\"@id\":\"https:\/\/allwintheme.com\/product\/email-address-encoder\/#primaryimage\"},\"image\":{\"@id\":\"https:\/\/allwintheme.com\/product\/email-address-encoder\/#primaryimage\"},\"thumbnailUrl\":\"https:\/\/allwintheme.com\/wp-content\/uploads\/2025\/09\/ihpxgviy.png\",\"datePublished\":\"2025-09-16T07:38:01+00:00\",\"dateModified\":\"2025-09-16T08:31:39+00:00\",\"description\":\"Protect email addresses from spam bots by automatically encoding them, keeping your site secure and user-friendly.\",\"breadcrumb\":{\"@id\":\"https:\/\/allwintheme.com\/product\/email-address-encoder\/#breadcrumb\"},\"inLanguage\":\"es-CL\",\"potentialAction\":[{\"@type\":\"ReadAction\",\"target\":[\"https:\/\/allwintheme.com\/product\/email-address-encoder\/\"]}]},{\"@type\":\"ImageObject\",\"inLanguage\":\"es-CL\",\"@id\":\"https:\/\/allwintheme.com\/product\/email-address-encoder\/#primaryimage\",\"url\":\"https:\/\/allwintheme.com\/wp-content\/uploads\/2025\/09\/ihpxgviy.png\",\"contentUrl\":\"https:\/\/allwintheme.com\/wp-content\/uploads\/2025\/09\/ihpxgviy.png\",\"width\":590,\"height\":300,\"caption\":\"Email Address Encoder\"},{\"@type\":\"BreadcrumbList\",\"@id\":\"https:\/\/allwintheme.com\/product\/email-address-encoder\/#breadcrumb\",\"itemListElement\":[{\"@type\":\"ListItem\",\"position\":1,\"name\":\"Home\",\"item\":\"https:\/\/allwintheme.com\/\"},{\"@type\":\"ListItem\",\"position\":2,\"name\":\"Shop\",\"item\":\"https:\/\/allwintheme.com\/shop\/\"},{\"@type\":\"ListItem\",\"position\":3,\"name\":\"Email Address Encoder\"}]},{\"@type\":\"WebSite\",\"@id\":\"https:\/\/allwintheme.com\/#website\",\"url\":\"https:\/\/allwintheme.com\/\",\"name\":\"Allwintheme\",\"description\":\"Download free WordPress themes for every niche. Blogs, business, eCommerce, portfolio, restaurant and more. All themes are GPL licensed and mobile-ready.\",\"potentialAction\":[{\"@type\":\"SearchAction\",\"target\":{\"@type\":\"EntryPoint\",\"urlTemplate\":\"https:\/\/allwintheme.com\/?s={search_term_string}\"},\"query-input\":{\"@type\":\"PropertyValueSpecification\",\"valueRequired\":true,\"valueName\":\"search_term_string\"}}],\"inLanguage\":\"es-CL\"}]}<\/script>\n<!-- \/ Yoast SEO Premium plugin. -->","yoast_head_json":{"title":"Email Address Encoder - AllWin Theme \u2013 Free WordPress Themes Download","description":"Proteja las direcciones de correo electr\u00f3nico de los robots de spam codific\u00e1ndolas autom\u00e1ticamente, manteniendo su sitio seguro y f\u00e1cil de usar.","robots":{"index":"index","follow":"follow","max-snippet":"max-snippet:-1","max-image-preview":"max-image-preview:large","max-video-preview":"max-video-preview:-1"},"canonical":"https:\/\/allwintheme.com\/es\/producto\/codificador-de-direcciones-de-correo-electronico\/","og_locale":"es_ES","og_type":"article","og_title":"Email Address Encoder","og_description":"Protect email addresses from spam bots by automatically encoding them, keeping your site secure and user-friendly.","og_url":"https:\/\/allwintheme.com\/es\/producto\/codificador-de-direcciones-de-correo-electronico\/","og_site_name":"AllWin Theme \u2013 Free WordPress Themes Download","article_modified_time":"2025-09-16T08:31:39+00:00","og_image":[{"width":590,"height":300,"url":"https:\/\/allwintheme.com\/wp-content\/uploads\/2025\/09\/ihpxgviy.png","type":"image\/png"}],"twitter_card":"summary_large_image","twitter_misc":{"Tiempo estimado de lectura":"5 minutos"},"schema":{"@context":"https:\/\/schema.org","@graph":[{"@type":"WebPage","@id":"https:\/\/allwintheme.com\/product\/email-address-encoder\/","url":"https:\/\/allwintheme.com\/product\/email-address-encoder\/","name":"Email Address Encoder - AllWin Theme \u2013 Free WordPress Themes Download","isPartOf":{"@id":"https:\/\/allwintheme.com\/#website"},"primaryImageOfPage":{"@id":"https:\/\/allwintheme.com\/product\/email-address-encoder\/#primaryimage"},"image":{"@id":"https:\/\/allwintheme.com\/product\/email-address-encoder\/#primaryimage"},"thumbnailUrl":"https:\/\/allwintheme.com\/wp-content\/uploads\/2025\/09\/ihpxgviy.png","datePublished":"2025-09-16T07:38:01+00:00","dateModified":"2025-09-16T08:31:39+00:00","description":"Proteja las direcciones de correo electr\u00f3nico de los robots de spam codific\u00e1ndolas autom\u00e1ticamente, manteniendo su sitio seguro y f\u00e1cil de usar.","breadcrumb":{"@id":"https:\/\/allwintheme.com\/product\/email-address-encoder\/#breadcrumb"},"inLanguage":"es-CL","potentialAction":[{"@type":"ReadAction","target":["https:\/\/allwintheme.com\/product\/email-address-encoder\/"]}]},{"@type":"ImageObject","inLanguage":"es-CL","@id":"https:\/\/allwintheme.com\/product\/email-address-encoder\/#primaryimage","url":"https:\/\/allwintheme.com\/wp-content\/uploads\/2025\/09\/ihpxgviy.png","contentUrl":"https:\/\/allwintheme.com\/wp-content\/uploads\/2025\/09\/ihpxgviy.png","width":590,"height":300,"caption":"Email Address Encoder"},{"@type":"BreadcrumbList","@id":"https:\/\/allwintheme.com\/product\/email-address-encoder\/#breadcrumb","itemListElement":[{"@type":"ListItem","position":1,"name":"Home","item":"https:\/\/allwintheme.com\/"},{"@type":"ListItem","position":2,"name":"Shop","item":"https:\/\/allwintheme.com\/shop\/"},{"@type":"ListItem","position":3,"name":"Email Address Encoder"}]},{"@type":"WebSite","@id":"https:\/\/allwintheme.com\/#website","url":"https:\/\/allwintheme.com\/","name":"Allwintheme","description":"Descarga gratis temas de WordPress para todos los nichos. Blogs, negocios, comercio electr\u00f3nico, portafolio, restaurante y m\u00e1s. Todos los temas tienen licencia GPL y est\u00e1n preparados para dispositivos m\u00f3viles.","potentialAction":[{"@type":"SearchAction","target":{"@type":"EntryPoint","urlTemplate":"https:\/\/allwintheme.com\/?s={search_term_string}"},"query-input":{"@type":"PropertyValueSpecification","valueRequired":true,"valueName":"search_term_string"}}],"inLanguage":"es-CL"}]}},"_links":{"self":[{"href":"https:\/\/allwintheme.com\/es\/wp-json\/wp\/v2\/product\/7286","targetHints":{"allow":["GET"]}}],"collection":[{"href":"https:\/\/allwintheme.com\/es\/wp-json\/wp\/v2\/product"}],"about":[{"href":"https:\/\/allwintheme.com\/es\/wp-json\/wp\/v2\/types\/product"}],"replies":[{"embeddable":true,"href":"https:\/\/allwintheme.com\/es\/wp-json\/wp\/v2\/comments?post=7286"}],"version-history":[{"count":0,"href":"https:\/\/allwintheme.com\/es\/wp-json\/wp\/v2\/product\/7286\/revisions"}],"wp:featuredmedia":[{"embeddable":true,"href":"https:\/\/allwintheme.com\/es\/wp-json\/wp\/v2\/media\/7270"}],"wp:attachment":[{"href":"https:\/\/allwintheme.com\/es\/wp-json\/wp\/v2\/media?parent=7286"}],"wp:term":[{"taxonomy":"product_brand","embeddable":true,"href":"https:\/\/allwintheme.com\/es\/wp-json\/wp\/v2\/product_brand?post=7286"},{"taxonomy":"product_cat","embeddable":true,"href":"https:\/\/allwintheme.com\/es\/wp-json\/wp\/v2\/product_cat?post=7286"},{"taxonomy":"product_tag","embeddable":true,"href":"https:\/\/allwintheme.com\/es\/wp-json\/wp\/v2\/product_tag?post=7286"}],"curies":[{"name":"wp","href":"https:\/\/api.w.org\/{rel}","templated":true}]}}