{"id":7321,"date":"2025-09-16T10:12:36","date_gmt":"2025-09-16T10:12:36","guid":{"rendered":"https:\/\/allwintheme.com\/?post_type=product&#038;p=7321"},"modified":"2025-09-16T10:28:20","modified_gmt":"2025-09-16T10:28:20","slug":"plantillas-de-correo-electronico-everest-forms","status":"publish","type":"product","link":"https:\/\/allwintheme.com\/es\/producto\/plantillas-de-correo-electronico-everest-forms\/","title":{"rendered":"Everest Forms - Plantillas de correo electr\u00f3nico"},"content":{"rendered":"<div data-elementor-type=\"wp-post\" data-elementor-id=\"7321\" class=\"elementor elementor-7321\" data-elementor-settings=\"{&quot;element_pack_global_tooltip_width&quot;:{&quot;unit&quot;:&quot;px&quot;,&quot;size&quot;:&quot;&quot;,&quot;sizes&quot;:[]},&quot;element_pack_global_tooltip_width_tablet&quot;:{&quot;unit&quot;:&quot;px&quot;,&quot;size&quot;:&quot;&quot;,&quot;sizes&quot;:[]},&quot;element_pack_global_tooltip_width_mobile&quot;:{&quot;unit&quot;:&quot;px&quot;,&quot;size&quot;:&quot;&quot;,&quot;sizes&quot;:[]},&quot;element_pack_global_tooltip_padding&quot;:{&quot;unit&quot;:&quot;px&quot;,&quot;top&quot;:&quot;&quot;,&quot;right&quot;:&quot;&quot;,&quot;bottom&quot;:&quot;&quot;,&quot;left&quot;:&quot;&quot;,&quot;isLinked&quot;:true},&quot;element_pack_global_tooltip_padding_tablet&quot;:{&quot;unit&quot;:&quot;px&quot;,&quot;top&quot;:&quot;&quot;,&quot;right&quot;:&quot;&quot;,&quot;bottom&quot;:&quot;&quot;,&quot;left&quot;:&quot;&quot;,&quot;isLinked&quot;:true},&quot;element_pack_global_tooltip_padding_mobile&quot;:{&quot;unit&quot;:&quot;px&quot;,&quot;top&quot;:&quot;&quot;,&quot;right&quot;:&quot;&quot;,&quot;bottom&quot;:&quot;&quot;,&quot;left&quot;:&quot;&quot;,&quot;isLinked&quot;:true},&quot;element_pack_global_tooltip_border_radius&quot;:{&quot;unit&quot;:&quot;px&quot;,&quot;top&quot;:&quot;&quot;,&quot;right&quot;:&quot;&quot;,&quot;bottom&quot;:&quot;&quot;,&quot;left&quot;:&quot;&quot;,&quot;isLinked&quot;:true},&quot;element_pack_global_tooltip_border_radius_tablet&quot;:{&quot;unit&quot;:&quot;px&quot;,&quot;top&quot;:&quot;&quot;,&quot;right&quot;:&quot;&quot;,&quot;bottom&quot;:&quot;&quot;,&quot;left&quot;:&quot;&quot;,&quot;isLinked&quot;:true},&quot;element_pack_global_tooltip_border_radius_mobile&quot;:{&quot;unit&quot;:&quot;px&quot;,&quot;top&quot;:&quot;&quot;,&quot;right&quot;:&quot;&quot;,&quot;bottom&quot;:&quot;&quot;,&quot;left&quot;:&quot;&quot;,&quot;isLinked&quot;:true}}\" data-elementor-post-type=\"product\">\n\t\t\t\t<div class=\"elementor-element elementor-element-93aa4a8 e-con-full e-flex e-con e-parent\" data-id=\"93aa4a8\" data-element_type=\"container\" data-e-type=\"container\">\n\t\t\t\t<div class=\"elementor-element elementor-element-2c3f760 miaoshu elementor-widget elementor-widget-wd_text_block\" data-id=\"2c3f760\" data-element_type=\"widget\" data-e-type=\"widget\" data-widget_type=\"wd_text_block.default\">\n\t\t\t\t<div class=\"elementor-widget-container\">\n\t\t\t\t\t\t\t<div class=\"wd-text-block reset-last-child text-left\">\n\t\t\t\n\t\t\t<h2>Acerca de Everest Forms - Plantillas de correo electr\u00f3nico<\/h2>\n<p>Everest Forms - Email Templates es un vers\u00e1til complemento de WordPress dise\u00f1ado para simplificar la forma de crear y gestionar comunicaciones profesionales por correo electr\u00f3nico. Como parte del ecosistema de Everest Forms, esta extensi\u00f3n le permite dise\u00f1ar hermosas plantillas de correo electr\u00f3nico de marca sin escribir una sola l\u00ednea de c\u00f3digo. Tanto si necesita enviar confirmaciones, notificaciones o actualizaciones, el complemento garantiza que sus correos electr\u00f3nicos tengan un aspecto pulido y reflejen la identidad de su empresa.<\/p>\n\n<h2>Por qu\u00e9 utilizar plantillas de correo electr\u00f3nico<\/h2>\n<p>El correo electr\u00f3nico es uno de los canales m\u00e1s importantes para relacionarse con su p\u00fablico. Los correos electr\u00f3nicos del sistema por defecto son a menudo simples y poco inspiradores, lo que puede disminuir la presencia de su marca. Mediante el uso de Everest Forms - Plantillas de Email, usted transforma mensajes ordinarios en comunicaciones llamativas y profesionales que mejoran la confianza del cliente y fortalecen el reconocimiento de la marca. Cada correo electr\u00f3nico se convierte en una valiosa oportunidad para comunicar sus valores y mantener la coherencia de su marca.<\/p>\n\n<h2>Empezar desde cero o utilizar plantillas predise\u00f1adas<\/h2>\n<p>El plugin te ofrece flexibilidad a la hora de dise\u00f1ar tus correos electr\u00f3nicos. Puedes empezar a crear una plantilla desde cero, lo que te da un control total sobre el dise\u00f1o, los colores, la tipograf\u00eda y la estructura. Alternativamente, puedes elegir entre una colecci\u00f3n de plantillas pre-construidas cuidadosamente dise\u00f1adas. Estos dise\u00f1os prefabricados son perfectos para los que quieren empezar r\u00e1pidamente manteniendo un aspecto profesional. Ambas opciones le garantizan que dispondr\u00e1 de las herramientas necesarias para crear correos electr\u00f3nicos que se ajusten a sus necesidades espec\u00edficas.<\/p>\n\n<h2>Opciones de personalizaci\u00f3n<\/h2>\n<p>Cada empresa tiene necesidades de comunicaci\u00f3n diferentes, y este plugin facilita la personalizaci\u00f3n. Puede a\u00f1adir su logotipo, ajustar la combinaci\u00f3n de colores, insertar encabezados y pies de p\u00e1gina e incluso incluir marcadores de posici\u00f3n din\u00e1micos, como nombres de usuario o detalles de formularios. Con estas caracter\u00edsticas, sus correos electr\u00f3nicos no s\u00f3lo son visualmente atractivos, sino tambi\u00e9n muy relevantes para el destinatario. La flexibilidad garantiza que sus correos electr\u00f3nicos sirvan tanto de notificaciones funcionales como de oportunidades de marketing.<\/p>\n\n<h2>Aspecto profesional sin codificaci\u00f3n<\/h2>\n<p>No todo el mundo tiene los conocimientos t\u00e9cnicos para dise\u00f1ar correos electr\u00f3nicos desde cero, y la contrataci\u00f3n de desarrolladores puede ser costosa. Everest Forms - Email Templates elimina esta barrera ofreciendo una interfaz intuitiva que cualquiera puede utilizar. No se requiere codificaci\u00f3n; todas las opciones de dise\u00f1o y personalizaci\u00f3n son visuales, por lo que es f\u00e1cil para los due\u00f1os de negocios, vendedores y administradores crear plantillas pulidas de forma independiente.<\/p>\n\n<h2>Adaptable y compatible con dispositivos m\u00f3viles<\/h2>\n<p>Con un n\u00famero creciente de usuarios que consultan sus correos electr\u00f3nicos en dispositivos m\u00f3viles, la capacidad de respuesta es esencial. Las plantillas creadas con este plugin son totalmente compatibles con dispositivos m\u00f3viles, lo que garantiza que tus correos electr\u00f3nicos se muestren correctamente en todos los tama\u00f1os de pantalla y dispositivos. Tanto si se visualiza en un ordenador como en una tableta o un smartphone, el mensaje mantendr\u00e1 su claridad y atractivo visual.<\/p>\n\n<h2>Integraci\u00f3n con Everest Forms<\/h2>\n<p>Como una extensi\u00f3n de Everest Forms, el complemento de Plantillas de Email funciona perfectamente con sus formularios existentes. Puedes configurar plantillas para varios tipos de comunicaci\u00f3n, como confirmaciones de env\u00edo de formularios, avisos de registro de usuarios y correos electr\u00f3nicos de seguimiento. Esta integraci\u00f3n directa agiliza su flujo de trabajo, lo que le permite gestionar las respuestas de los formularios y las plantillas de correo electr\u00f3nico desde una plataforma unificada.<\/p>\n\n<h2>Mayor participaci\u00f3n de los usuarios<\/h2>\n<p>Los correos electr\u00f3nicos bien dise\u00f1ados contribuyen a estrechar las relaciones con los usuarios. Al crear plantillas personalizadas y con tu marca, demuestras profesionalidad y atenci\u00f3n al detalle. Esto puede conducir a mayores tasas de compromiso, una mayor satisfacci\u00f3n del usuario y un aumento de la lealtad. En lugar de enviar mensajes simples, sus correos electr\u00f3nicos se convierten en una extensi\u00f3n natural de su experiencia de marca.<\/p>\n\n<h2>Ahorre tiempo y esfuerzo<\/h2>\n<p>Crear emails manualmente cada vez consume mucho tiempo y es ineficiente. Con Everest Forms - Plantillas de Email, s\u00f3lo tiene que configurar una plantilla una vez. Despu\u00e9s de eso, el dise\u00f1o puede ser reutilizado a trav\u00e9s de m\u00faltiples comunicaciones, ahorr\u00e1ndole un tiempo valioso. Las plantillas predise\u00f1adas tambi\u00e9n proporcionan un punto de partida r\u00e1pido, reduciendo el esfuerzo necesario para crear correos electr\u00f3nicos pulidos.<\/p>\n\n<h2>Coherencia de marca<\/h2>\n<p>La coherencia en todos los canales de comunicaci\u00f3n refuerza la identidad de su marca. Este plugin garantiza que todos los correos electr\u00f3nicos enviados desde tu sitio de WordPress sigan el mismo lenguaje visual que tu sitio web y otros materiales de marketing. Al utilizar colores, fuentes y estilos coherentes, refuerzas tu profesionalidad y creas una experiencia de marca unificada para tus usuarios.<\/p>\n\n<h2>Flexibilidad para distintos casos de uso<\/h2>\n<p>Desde emails de bienvenida a notas de agradecimiento y recordatorios de eventos, Everest Forms - Plantillas de Email soporta una amplia variedad de casos de uso. Si usted est\u00e1 ejecutando una tienda de comercio electr\u00f3nico, un sitio de membres\u00eda, o una plataforma de la comunidad, puede dise\u00f1ar plantillas adaptadas a sus necesidades espec\u00edficas. Esta adaptabilidad hace que el plugin sea adecuado para empresas y organizaciones de todos los tama\u00f1os.<\/p>\n\n<h2>Gesti\u00f3n y actualizaciones sencillas<\/h2>\n<p>El plugin se ha dise\u00f1ado para que sea f\u00e1cil de gestionar, incluso a medida que evolucionan sus necesidades. Puede editar las plantillas en cualquier momento para actualizar la marca, ajustar los mensajes o perfeccionar los dise\u00f1os. Las actualizaciones peri\u00f3dicas garantizan la compatibilidad con las \u00faltimas versiones de WordPress y Everest Forms, lo que le da la tranquilidad de que sus plantillas de correo electr\u00f3nico seguir\u00e1n funcionando de forma fiable.<\/p>\n\n<h2>Conclusi\u00f3n<\/h2>\n<p>Everest Forms - Email Templates es una herramienta esencial para cualquier propietario de un sitio WordPress que valore la comunicaci\u00f3n profesional. Transforma los correos electr\u00f3nicos est\u00e1ndar del sistema en mensajes de marca visualmente atractivos que mejoran la experiencia del usuario y refuerzan la identidad de la marca. Con opciones para empezar desde cero o utilizar dise\u00f1os pre-construidos, caracter\u00edsticas de personalizaci\u00f3n completa, capacidad de respuesta m\u00f3vil, y una perfecta integraci\u00f3n con Everest Forms, este complemento proporciona todo lo necesario para elevar su comunicaci\u00f3n por correo electr\u00f3nico. Si desea que sus correos electr\u00f3nicos dejen una impresi\u00f3n duradera, Everest Forms - Plantillas de Correo Electr\u00f3nico es la soluci\u00f3n perfecta.<\/p>\n\t\t\t\t\t<\/div>\n\t\t\t\t\t\t<\/div>\n\t\t\t\t<\/div>\n\t\t\t\t<\/div>\n\t\t\t\t<\/div>","protected":false},"excerpt":{"rendered":"<p>Acerca de Everest Forms - Plantillas de correo electr\u00f3nico Everest Forms - Plantillas de correo electr\u00f3nico es un vers\u00e1til complemento de WordPress dise\u00f1ado para simplificar la<\/p>","protected":false},"featured_media":7275,"comment_status":"open","ping_status":"closed","template":"","meta":{"_acf_changed":false},"product_brand":[],"product_cat":[49],"product_tag":[],"class_list":{"0":"post-7321","1":"product","2":"type-product","3":"status-publish","4":"has-post-thumbnail","6":"product_cat-plugins","8":"first","9":"instock","10":"sale","11":"downloadable","12":"shipping-taxable","13":"purchasable","14":"product-type-simple"},"acf":[],"yoast_head":"<!-- This site is optimized with the Yoast SEO Premium plugin v25.6 (Yoast SEO v27.1.1) - https:\/\/yoast.com\/product\/yoast-seo-premium-wordpress\/ -->\n<title>Everest Forms \u2013 Email Templates - AllWin Theme \u2013 Free WordPress Themes Download<\/title>\n<meta name=\"description\" content=\"Everest Forms \u2013 Email Templates is a versatile WordPress add-on designed to simplify the way you create and manage professional email communications.\" \/>\n<meta name=\"robots\" content=\"index, follow, max-snippet:-1, max-image-preview:large, max-video-preview:-1\" \/>\n<link rel=\"canonical\" href=\"https:\/\/allwintheme.com\/es\/producto\/plantillas-de-correo-electronico-everest-forms\/\" \/>\n<meta property=\"og:locale\" content=\"es_ES\" \/>\n<meta property=\"og:type\" content=\"article\" \/>\n<meta property=\"og:title\" content=\"Everest Forms \u2013 Email Templates\" \/>\n<meta property=\"og:description\" content=\"Everest Forms \u2013 Email Templates is a versatile WordPress add-on designed to simplify the way you create and manage professional email communications.\" \/>\n<meta property=\"og:url\" content=\"https:\/\/allwintheme.com\/es\/producto\/plantillas-de-correo-electronico-everest-forms\/\" \/>\n<meta property=\"og:site_name\" content=\"AllWin Theme \u2013 Free WordPress Themes Download\" \/>\n<meta property=\"article:modified_time\" content=\"2025-09-16T10:28:20+00:00\" \/>\n<meta property=\"og:image\" content=\"https:\/\/allwintheme.com\/wp-content\/uploads\/2025\/09\/fa2vzjci.png\" \/>\n\t<meta property=\"og:image:width\" content=\"750\" \/>\n\t<meta property=\"og:image:height\" content=\"450\" \/>\n\t<meta property=\"og:image:type\" content=\"image\/png\" \/>\n<meta name=\"twitter:card\" content=\"summary_large_image\" \/>\n<meta name=\"twitter:label1\" content=\"Tiempo estimado de lectura\" \/>\n\t<meta name=\"twitter:data1\" content=\"5 minutos\" \/>\n<script type=\"application\/ld+json\" class=\"yoast-schema-graph\">{\"@context\":\"https:\/\/schema.org\",\"@graph\":[{\"@type\":\"WebPage\",\"@id\":\"https:\/\/allwintheme.com\/product\/everest-forms-email-templates\/\",\"url\":\"https:\/\/allwintheme.com\/product\/everest-forms-email-templates\/\",\"name\":\"Everest Forms \u2013 Email Templates - AllWin Theme \u2013 Free WordPress Themes Download\",\"isPartOf\":{\"@id\":\"https:\/\/allwintheme.com\/#website\"},\"primaryImageOfPage\":{\"@id\":\"https:\/\/allwintheme.com\/product\/everest-forms-email-templates\/#primaryimage\"},\"image\":{\"@id\":\"https:\/\/allwintheme.com\/product\/everest-forms-email-templates\/#primaryimage\"},\"thumbnailUrl\":\"https:\/\/allwintheme.com\/wp-content\/uploads\/2025\/09\/fa2vzjci.png\",\"datePublished\":\"2025-09-16T10:12:36+00:00\",\"dateModified\":\"2025-09-16T10:28:20+00:00\",\"description\":\"Everest Forms \u2013 Email Templates is a versatile WordPress add-on designed to simplify the way you create and manage professional email communications.\",\"breadcrumb\":{\"@id\":\"https:\/\/allwintheme.com\/product\/everest-forms-email-templates\/#breadcrumb\"},\"inLanguage\":\"es-CL\",\"potentialAction\":[{\"@type\":\"ReadAction\",\"target\":[\"https:\/\/allwintheme.com\/product\/everest-forms-email-templates\/\"]}]},{\"@type\":\"ImageObject\",\"inLanguage\":\"es-CL\",\"@id\":\"https:\/\/allwintheme.com\/product\/everest-forms-email-templates\/#primaryimage\",\"url\":\"https:\/\/allwintheme.com\/wp-content\/uploads\/2025\/09\/fa2vzjci.png\",\"contentUrl\":\"https:\/\/allwintheme.com\/wp-content\/uploads\/2025\/09\/fa2vzjci.png\",\"width\":750,\"height\":450,\"caption\":\"Everest Forms \u2013 Email Templates\"},{\"@type\":\"BreadcrumbList\",\"@id\":\"https:\/\/allwintheme.com\/product\/everest-forms-email-templates\/#breadcrumb\",\"itemListElement\":[{\"@type\":\"ListItem\",\"position\":1,\"name\":\"Home\",\"item\":\"https:\/\/allwintheme.com\/\"},{\"@type\":\"ListItem\",\"position\":2,\"name\":\"Shop\",\"item\":\"https:\/\/allwintheme.com\/shop\/\"},{\"@type\":\"ListItem\",\"position\":3,\"name\":\"Everest Forms \u2013 Email Templates\"}]},{\"@type\":\"WebSite\",\"@id\":\"https:\/\/allwintheme.com\/#website\",\"url\":\"https:\/\/allwintheme.com\/\",\"name\":\"Allwintheme\",\"description\":\"Download free WordPress themes for every niche. Blogs, business, eCommerce, portfolio, restaurant and more. All themes are GPL licensed and mobile-ready.\",\"potentialAction\":[{\"@type\":\"SearchAction\",\"target\":{\"@type\":\"EntryPoint\",\"urlTemplate\":\"https:\/\/allwintheme.com\/?s={search_term_string}\"},\"query-input\":{\"@type\":\"PropertyValueSpecification\",\"valueRequired\":true,\"valueName\":\"search_term_string\"}}],\"inLanguage\":\"es-CL\"}]}<\/script>\n<!-- \/ Yoast SEO Premium plugin. -->","yoast_head_json":{"title":"Everest Forms - Email Templates - AllWin Theme - Free WordPress Themes Download","description":"Everest Forms - Email Templates es un vers\u00e1til complemento de WordPress dise\u00f1ado para simplificar la forma de crear y gestionar comunicaciones profesionales por correo electr\u00f3nico.","robots":{"index":"index","follow":"follow","max-snippet":"max-snippet:-1","max-image-preview":"max-image-preview:large","max-video-preview":"max-video-preview:-1"},"canonical":"https:\/\/allwintheme.com\/es\/producto\/plantillas-de-correo-electronico-everest-forms\/","og_locale":"es_ES","og_type":"article","og_title":"Everest Forms \u2013 Email Templates","og_description":"Everest Forms \u2013 Email Templates is a versatile WordPress add-on designed to simplify the way you create and manage professional email communications.","og_url":"https:\/\/allwintheme.com\/es\/producto\/plantillas-de-correo-electronico-everest-forms\/","og_site_name":"AllWin Theme \u2013 Free WordPress Themes Download","article_modified_time":"2025-09-16T10:28:20+00:00","og_image":[{"width":750,"height":450,"url":"https:\/\/allwintheme.com\/wp-content\/uploads\/2025\/09\/fa2vzjci.png","type":"image\/png"}],"twitter_card":"summary_large_image","twitter_misc":{"Tiempo estimado de lectura":"5 minutos"},"schema":{"@context":"https:\/\/schema.org","@graph":[{"@type":"WebPage","@id":"https:\/\/allwintheme.com\/product\/everest-forms-email-templates\/","url":"https:\/\/allwintheme.com\/product\/everest-forms-email-templates\/","name":"Everest Forms - Email Templates - AllWin Theme - Free WordPress Themes Download","isPartOf":{"@id":"https:\/\/allwintheme.com\/#website"},"primaryImageOfPage":{"@id":"https:\/\/allwintheme.com\/product\/everest-forms-email-templates\/#primaryimage"},"image":{"@id":"https:\/\/allwintheme.com\/product\/everest-forms-email-templates\/#primaryimage"},"thumbnailUrl":"https:\/\/allwintheme.com\/wp-content\/uploads\/2025\/09\/fa2vzjci.png","datePublished":"2025-09-16T10:12:36+00:00","dateModified":"2025-09-16T10:28:20+00:00","description":"Everest Forms - Email Templates es un vers\u00e1til complemento de WordPress dise\u00f1ado para simplificar la forma de crear y gestionar comunicaciones profesionales por correo electr\u00f3nico.","breadcrumb":{"@id":"https:\/\/allwintheme.com\/product\/everest-forms-email-templates\/#breadcrumb"},"inLanguage":"es-CL","potentialAction":[{"@type":"ReadAction","target":["https:\/\/allwintheme.com\/product\/everest-forms-email-templates\/"]}]},{"@type":"ImageObject","inLanguage":"es-CL","@id":"https:\/\/allwintheme.com\/product\/everest-forms-email-templates\/#primaryimage","url":"https:\/\/allwintheme.com\/wp-content\/uploads\/2025\/09\/fa2vzjci.png","contentUrl":"https:\/\/allwintheme.com\/wp-content\/uploads\/2025\/09\/fa2vzjci.png","width":750,"height":450,"caption":"Everest Forms \u2013 Email Templates"},{"@type":"BreadcrumbList","@id":"https:\/\/allwintheme.com\/product\/everest-forms-email-templates\/#breadcrumb","itemListElement":[{"@type":"ListItem","position":1,"name":"Home","item":"https:\/\/allwintheme.com\/"},{"@type":"ListItem","position":2,"name":"Shop","item":"https:\/\/allwintheme.com\/shop\/"},{"@type":"ListItem","position":3,"name":"Everest Forms \u2013 Email Templates"}]},{"@type":"WebSite","@id":"https:\/\/allwintheme.com\/#website","url":"https:\/\/allwintheme.com\/","name":"Allwintheme","description":"Descarga gratis temas de WordPress para todos los nichos. Blogs, negocios, comercio electr\u00f3nico, portafolio, restaurante y m\u00e1s. Todos los temas tienen licencia GPL y est\u00e1n preparados para dispositivos m\u00f3viles.","potentialAction":[{"@type":"SearchAction","target":{"@type":"EntryPoint","urlTemplate":"https:\/\/allwintheme.com\/?s={search_term_string}"},"query-input":{"@type":"PropertyValueSpecification","valueRequired":true,"valueName":"search_term_string"}}],"inLanguage":"es-CL"}]}},"_links":{"self":[{"href":"https:\/\/allwintheme.com\/es\/wp-json\/wp\/v2\/product\/7321","targetHints":{"allow":["GET"]}}],"collection":[{"href":"https:\/\/allwintheme.com\/es\/wp-json\/wp\/v2\/product"}],"about":[{"href":"https:\/\/allwintheme.com\/es\/wp-json\/wp\/v2\/types\/product"}],"replies":[{"embeddable":true,"href":"https:\/\/allwintheme.com\/es\/wp-json\/wp\/v2\/comments?post=7321"}],"version-history":[{"count":0,"href":"https:\/\/allwintheme.com\/es\/wp-json\/wp\/v2\/product\/7321\/revisions"}],"wp:featuredmedia":[{"embeddable":true,"href":"https:\/\/allwintheme.com\/es\/wp-json\/wp\/v2\/media\/7275"}],"wp:attachment":[{"href":"https:\/\/allwintheme.com\/es\/wp-json\/wp\/v2\/media?parent=7321"}],"wp:term":[{"taxonomy":"product_brand","embeddable":true,"href":"https:\/\/allwintheme.com\/es\/wp-json\/wp\/v2\/product_brand?post=7321"},{"taxonomy":"product_cat","embeddable":true,"href":"https:\/\/allwintheme.com\/es\/wp-json\/wp\/v2\/product_cat?post=7321"},{"taxonomy":"product_tag","embeddable":true,"href":"https:\/\/allwintheme.com\/es\/wp-json\/wp\/v2\/product_tag?post=7321"}],"curies":[{"name":"wp","href":"https:\/\/api.w.org\/{rel}","templated":true}]}}