{"id":7322,"date":"2025-09-16T10:12:38","date_gmt":"2025-09-16T10:12:38","guid":{"rendered":"https:\/\/allwintheme.com\/?post_type=product&#038;p=7322"},"modified":"2025-09-16T10:23:54","modified_gmt":"2025-09-16T10:23:54","slug":"panmail-woocommerce-personalizador-de-email","status":"publish","type":"product","link":"https:\/\/allwintheme.com\/es\/producto\/panmail-woocommerce-personalizador-de-email\/","title":{"rendered":"Personalizador PanMail WooCommerce"},"content":{"rendered":"<div data-elementor-type=\"wp-post\" data-elementor-id=\"7322\" class=\"elementor elementor-7322\" data-elementor-settings=\"{&quot;element_pack_global_tooltip_width&quot;:{&quot;unit&quot;:&quot;px&quot;,&quot;size&quot;:&quot;&quot;,&quot;sizes&quot;:[]},&quot;element_pack_global_tooltip_width_tablet&quot;:{&quot;unit&quot;:&quot;px&quot;,&quot;size&quot;:&quot;&quot;,&quot;sizes&quot;:[]},&quot;element_pack_global_tooltip_width_mobile&quot;:{&quot;unit&quot;:&quot;px&quot;,&quot;size&quot;:&quot;&quot;,&quot;sizes&quot;:[]},&quot;element_pack_global_tooltip_padding&quot;:{&quot;unit&quot;:&quot;px&quot;,&quot;top&quot;:&quot;&quot;,&quot;right&quot;:&quot;&quot;,&quot;bottom&quot;:&quot;&quot;,&quot;left&quot;:&quot;&quot;,&quot;isLinked&quot;:true},&quot;element_pack_global_tooltip_padding_tablet&quot;:{&quot;unit&quot;:&quot;px&quot;,&quot;top&quot;:&quot;&quot;,&quot;right&quot;:&quot;&quot;,&quot;bottom&quot;:&quot;&quot;,&quot;left&quot;:&quot;&quot;,&quot;isLinked&quot;:true},&quot;element_pack_global_tooltip_padding_mobile&quot;:{&quot;unit&quot;:&quot;px&quot;,&quot;top&quot;:&quot;&quot;,&quot;right&quot;:&quot;&quot;,&quot;bottom&quot;:&quot;&quot;,&quot;left&quot;:&quot;&quot;,&quot;isLinked&quot;:true},&quot;element_pack_global_tooltip_border_radius&quot;:{&quot;unit&quot;:&quot;px&quot;,&quot;top&quot;:&quot;&quot;,&quot;right&quot;:&quot;&quot;,&quot;bottom&quot;:&quot;&quot;,&quot;left&quot;:&quot;&quot;,&quot;isLinked&quot;:true},&quot;element_pack_global_tooltip_border_radius_tablet&quot;:{&quot;unit&quot;:&quot;px&quot;,&quot;top&quot;:&quot;&quot;,&quot;right&quot;:&quot;&quot;,&quot;bottom&quot;:&quot;&quot;,&quot;left&quot;:&quot;&quot;,&quot;isLinked&quot;:true},&quot;element_pack_global_tooltip_border_radius_mobile&quot;:{&quot;unit&quot;:&quot;px&quot;,&quot;top&quot;:&quot;&quot;,&quot;right&quot;:&quot;&quot;,&quot;bottom&quot;:&quot;&quot;,&quot;left&quot;:&quot;&quot;,&quot;isLinked&quot;:true}}\" data-elementor-post-type=\"product\">\n\t\t\t\t<div class=\"elementor-element elementor-element-93aa4a8 e-con-full e-flex e-con e-parent\" data-id=\"93aa4a8\" data-element_type=\"container\" data-e-type=\"container\">\n\t\t\t\t<div class=\"elementor-element elementor-element-2c3f760 miaoshu elementor-widget elementor-widget-wd_text_block\" data-id=\"2c3f760\" data-element_type=\"widget\" data-e-type=\"widget\" data-widget_type=\"wd_text_block.default\">\n\t\t\t\t<div class=\"elementor-widget-container\">\n\t\t\t\t\t\t\t<div class=\"wd-text-block reset-last-child text-left\">\n\t\t\t\n\t\t\t<h2>Acerca de PanMail - WooCommerce Email Customizer<\/h2>\n<p>PanMail es un plugin de personalizaci\u00f3n de correo electr\u00f3nico para WooCommerce flexible e intuitivo dise\u00f1ado para propietarios de tiendas WordPress que desean tener un control total sobre sus correos electr\u00f3nicos transaccionales. En lugar de conformarse con las plantillas predeterminadas de WooCommerce, PanMail le permite dise\u00f1ar comunicaciones de correo electr\u00f3nico de marca, profesionales y visualmente atractivas que reflejen la identidad \u00fanica de su tienda. Con su creador de plantillas y la funcionalidad de arrastrar y soltar, PanMail hace que la personalizaci\u00f3n del correo electr\u00f3nico sea sencilla, r\u00e1pida y accesible, incluso si no tiene conocimientos de codificaci\u00f3n.<\/p>\n\n<h2>Por qu\u00e9 es importante PanMail<\/h2>\n<p>Los correos electr\u00f3nicos son una de las formas m\u00e1s constantes que tiene su empresa de comunicarse con los clientes. Desde confirmaciones de pedidos hasta actualizaciones de env\u00edo, cada mensaje representa una oportunidad para fortalecer la lealtad a la marca. Los correos electr\u00f3nicos predeterminados de WooCommerce pueden hacer el trabajo, pero a menudo carecen de la calidad de dise\u00f1o y la personalizaci\u00f3n necesarias para dejar una impresi\u00f3n duradera. PanMail resuelve esto proporcionando las herramientas para crear correos electr\u00f3nicos atractivos que no s\u00f3lo entregan informaci\u00f3n, sino que tambi\u00e9n refuerzan la presencia de su marca.<\/p>\n\n<h2>Constructor de correo electr\u00f3nico de arrastrar y soltar<\/h2>\n<p>El n\u00facleo de PanMail es su constructor de arrastrar y soltar, que le permite crear y editar plantillas de correo electr\u00f3nico con facilidad. Puede insertar y organizar bloques de contenido como texto, im\u00e1genes, separadores y botones. La interfaz visual ofrece una vista previa en tiempo real, para que sepa exactamente qu\u00e9 aspecto tendr\u00e1n sus mensajes de correo electr\u00f3nico antes de enviarlos. Este sencillo flujo de trabajo reduce la dependencia de los desarrolladores y pone el control del dise\u00f1o directamente en sus manos.<\/p>\n\n<h2>Personalizaci\u00f3n sin codificaci\u00f3n<\/h2>\n<p>PanMail est\u00e1 dise\u00f1ado para usuarios de todos los niveles. No es necesario escribir o editar c\u00f3digo para dise\u00f1ar correos electr\u00f3nicos profesionales. El plugin ofrece una experiencia de edici\u00f3n intuitiva que le permite cambiar colores, fuentes, dise\u00f1os e im\u00e1genes sin esfuerzo. Tanto si desea un aspecto corporativo minimalista como un dise\u00f1o m\u00e1s vibrante, PanMail se adapta a su estilo sin necesidad de conocimientos t\u00e9cnicos.<\/p>\n\n<h2>Coherencia de marca<\/h2>\n<p>La coherencia es clave para crear una identidad de marca s\u00f3lida. PanMail garantiza que los dise\u00f1os de sus correos electr\u00f3nicos coincidan con el aspecto de su sitio web y el estilo general de su marca. Puede aplicar los colores de su marca, cargar su logotipo y mantener los est\u00e1ndares tipogr\u00e1ficos en todas las comunicaciones por correo electr\u00f3nico. Esto ayuda a crear un viaje fluido del cliente desde la navegaci\u00f3n por su sitio web hasta la recepci\u00f3n de actualizaciones por correo electr\u00f3nico, lo que refuerza la confianza y el reconocimiento.<\/p>\n\n<h2>Dise\u00f1os adaptados a dispositivos m\u00f3viles<\/h2>\n<p>Los clientes abren los correos electr\u00f3nicos en una amplia gama de dispositivos, desde ordenadores de sobremesa hasta tabletas y tel\u00e9fonos inteligentes. PanMail garantiza que sus plantillas personalizadas sean totalmente receptivas y est\u00e9n optimizadas para todos los tama\u00f1os de pantalla. No importa d\u00f3nde o c\u00f3mo sus clientes vean sus correos electr\u00f3nicos, siempre ver\u00e1n un dise\u00f1o claro, bien estructurado y profesional.<\/p>\n\n<h2>Elementos que puede a\u00f1adir<\/h2>\n<p>Con PanMail, no se limita \u00fanicamente al texto. El complemento le permite insertar diversos elementos en sus plantillas de correo electr\u00f3nico, como im\u00e1genes, separadores, encabezados y botones. Esta flexibilidad le permite crear mensajes visualmente ricos e informativos que van m\u00e1s all\u00e1 del texto plano, haciendo que sus correos electr\u00f3nicos sean m\u00e1s f\u00e1ciles de entender y m\u00e1s atractivos para su audiencia.<\/p>\n\n<h2>Gesti\u00f3n de plantillas<\/h2>\n<p>El plugin proporciona una forma pr\u00e1ctica de gestionar m\u00faltiples plantillas para diferentes tipos de correos electr\u00f3nicos de WooCommerce, como confirmaciones de pedidos, facturas, notificaciones de env\u00edo y restablecimiento de contrase\u00f1as. Puedes dise\u00f1ar y guardar plantillas para reutilizarlas, lo que garantiza que cada tipo de correo electr\u00f3nico sea coherente con la identidad de tu marca a la vez que cumple su prop\u00f3sito espec\u00edfico.<\/p>\n\n<h2>Opciones de personalizaci\u00f3n<\/h2>\n<p>La comunicaci\u00f3n personalizada aumenta la confianza y la satisfacci\u00f3n del cliente. PanMail admite marcadores de posici\u00f3n de contenido din\u00e1mico, lo que le permite incluir nombres de clientes, detalles de pedidos y otra informaci\u00f3n directamente en sus correos electr\u00f3nicos. Al hacer que cada correo electr\u00f3nico se adapte al destinatario, se crean conexiones m\u00e1s fuertes y se fomenta la repetici\u00f3n de negocios.<\/p>\n\n<h2>Mejora de la experiencia del cliente<\/h2>\n<p>Los correos electr\u00f3nicos claros y visualmente atractivos reducen la confusi\u00f3n y mejoran la experiencia del cliente. Con PanMail, puede asegurarse de que la informaci\u00f3n importante (como n\u00fameros de pedido, detalles de env\u00edo y enlaces de asistencia) se presenta en un formato f\u00e1cil de leer. Esto reduce las solicitudes de asistencia del cliente y ayuda a generar confianza en su servicio.<\/p>\n\n<h2>F\u00e1cil integraci\u00f3n con WooCommerce<\/h2>\n<p>PanMail es totalmente compatible con WooCommerce y se integra perfectamente en su sitio WordPress. No tienes que preocuparte por conflictos o problemas de compatibilidad. El plugin funciona sin problemas junto con su tema existente y otras extensiones, por lo que es una opci\u00f3n fiable para cualquier tienda WooCommerce.<\/p>\n\n<h2>Ahorro de tiempo y dinero<\/h2>\n<p>Al eliminar la necesidad de codificaci\u00f3n o de desarrolladores externos, PanMail le ayuda a ahorrar tiempo y a reducir los costes asociados a la personalizaci\u00f3n del correo electr\u00f3nico. Los propietarios y administradores de las tiendas pueden realizar cambios al instante sin tener que esperar al soporte t\u00e9cnico, lo que garantiza que sus correos electr\u00f3nicos est\u00e9n siempre actualizados y alineados con sus estrategias de marketing.<\/p>\n\n<h2>Crear confianza a trav\u00e9s de la profesionalidad<\/h2>\n<p>Los clientes se dan cuenta cuando una empresa invierte en comunicaci\u00f3n profesional. Los correos electr\u00f3nicos personalizados no s\u00f3lo tienen mejor aspecto, sino que tambi\u00e9n reflejan un compromiso con la calidad y la atenci\u00f3n al cliente. Con PanMail, cada interacci\u00f3n que sus clientes tienen con su tienda a trav\u00e9s del correo electr\u00f3nico se convierte en una oportunidad para fortalecer la confianza, reforzar su marca y fomentar las compras repetidas.<\/p>\n\n<h2>Conclusi\u00f3n<\/h2>\n<p>PanMail - WooCommerce Email Customizer es un plugin esencial para cualquiera que quiera mejorar la apariencia y efectividad de sus emails de WooCommerce. Con su constructor de arrastrar y soltar, personalizaci\u00f3n sin codificaci\u00f3n, dise\u00f1os responsivos y flexibilidad en la adici\u00f3n de elementos como texto, im\u00e1genes y divisores, PanMail facilita la creaci\u00f3n de plantillas de correo electr\u00f3nico de marca, profesionales y atractivas. Con PanMail, convertir\u00e1 las notificaciones ordinarias en potentes herramientas de comunicaci\u00f3n, satisfacci\u00f3n del cliente y fidelizaci\u00f3n a largo plazo. Si est\u00e1s buscando una manera de alinear tus emails de WooCommerce con tu marca y hacer que realmente destaquen, PanMail es la soluci\u00f3n perfecta.<\/p>\n\t\t\t\t\t<\/div>\n\t\t\t\t\t\t<\/div>\n\t\t\t\t<\/div>\n\t\t\t\t<\/div>\n\t\t\t\t<\/div>","protected":false},"excerpt":{"rendered":"<p>Acerca de PanMail - Personalizador de correo electr\u00f3nico WooCommerce PanMail es un plugin de personalizaci\u00f3n de correo electr\u00f3nico WooCommerce flexible e intuitivo dise\u00f1ado para la tienda de WordPress<\/p>","protected":false},"featured_media":7276,"comment_status":"open","ping_status":"closed","template":"","meta":{"_acf_changed":false},"product_brand":[],"product_cat":[49],"product_tag":[],"class_list":{"0":"post-7322","1":"product","2":"type-product","3":"status-publish","4":"has-post-thumbnail","6":"product_cat-plugins","8":"first","9":"instock","10":"sale","11":"downloadable","12":"shipping-taxable","13":"purchasable","14":"product-type-simple"},"acf":[],"yoast_head":"<!-- This site is optimized with the Yoast SEO Premium plugin v25.6 (Yoast SEO v27.1.1) - https:\/\/yoast.com\/product\/yoast-seo-premium-wordpress\/ -->\n<title>PanMail WooCommerce Customizer - AllWin Theme \u2013 Free WordPress Themes Download<\/title>\n<meta name=\"description\" content=\"PanMail lets you design WooCommerce emails with drag-and-drop templates, no coding required, for a professional branded look.\" \/>\n<meta name=\"robots\" content=\"index, follow, max-snippet:-1, max-image-preview:large, max-video-preview:-1\" \/>\n<link rel=\"canonical\" href=\"https:\/\/allwintheme.com\/es\/producto\/panmail-woocommerce-personalizador-de-email\/\" \/>\n<meta property=\"og:locale\" content=\"es_ES\" \/>\n<meta property=\"og:type\" content=\"article\" \/>\n<meta property=\"og:title\" content=\"PanMail WooCommerce Customizer\" \/>\n<meta property=\"og:description\" content=\"PanMail lets you design WooCommerce emails with drag-and-drop templates, no coding required, for a professional branded look.\" \/>\n<meta property=\"og:url\" content=\"https:\/\/allwintheme.com\/es\/producto\/panmail-woocommerce-personalizador-de-email\/\" \/>\n<meta property=\"og:site_name\" content=\"AllWin Theme \u2013 Free WordPress Themes Download\" \/>\n<meta property=\"article:modified_time\" content=\"2025-09-16T10:23:54+00:00\" \/>\n<meta property=\"og:image\" content=\"https:\/\/allwintheme.com\/wp-content\/uploads\/2025\/09\/z9wax60m.png\" \/>\n\t<meta property=\"og:image:width\" content=\"590\" \/>\n\t<meta property=\"og:image:height\" content=\"300\" \/>\n\t<meta property=\"og:image:type\" content=\"image\/png\" \/>\n<meta name=\"twitter:card\" content=\"summary_large_image\" \/>\n<meta name=\"twitter:label1\" content=\"Tiempo estimado de lectura\" \/>\n\t<meta name=\"twitter:data1\" content=\"5 minutos\" \/>\n<script type=\"application\/ld+json\" class=\"yoast-schema-graph\">{\"@context\":\"https:\/\/schema.org\",\"@graph\":[{\"@type\":\"WebPage\",\"@id\":\"https:\/\/allwintheme.com\/product\/panmail-woocommerce-email-customizer\/\",\"url\":\"https:\/\/allwintheme.com\/product\/panmail-woocommerce-email-customizer\/\",\"name\":\"PanMail WooCommerce Customizer - AllWin Theme \u2013 Free WordPress Themes Download\",\"isPartOf\":{\"@id\":\"https:\/\/allwintheme.com\/#website\"},\"primaryImageOfPage\":{\"@id\":\"https:\/\/allwintheme.com\/product\/panmail-woocommerce-email-customizer\/#primaryimage\"},\"image\":{\"@id\":\"https:\/\/allwintheme.com\/product\/panmail-woocommerce-email-customizer\/#primaryimage\"},\"thumbnailUrl\":\"https:\/\/allwintheme.com\/wp-content\/uploads\/2025\/09\/z9wax60m.png\",\"datePublished\":\"2025-09-16T10:12:38+00:00\",\"dateModified\":\"2025-09-16T10:23:54+00:00\",\"description\":\"PanMail lets you design WooCommerce emails with drag-and-drop templates, no coding required, for a professional branded look.\",\"breadcrumb\":{\"@id\":\"https:\/\/allwintheme.com\/product\/panmail-woocommerce-email-customizer\/#breadcrumb\"},\"inLanguage\":\"es-CL\",\"potentialAction\":[{\"@type\":\"ReadAction\",\"target\":[\"https:\/\/allwintheme.com\/product\/panmail-woocommerce-email-customizer\/\"]}]},{\"@type\":\"ImageObject\",\"inLanguage\":\"es-CL\",\"@id\":\"https:\/\/allwintheme.com\/product\/panmail-woocommerce-email-customizer\/#primaryimage\",\"url\":\"https:\/\/allwintheme.com\/wp-content\/uploads\/2025\/09\/z9wax60m.png\",\"contentUrl\":\"https:\/\/allwintheme.com\/wp-content\/uploads\/2025\/09\/z9wax60m.png\",\"width\":590,\"height\":300,\"caption\":\"PanMail \u2013 WooCommerce Email Customizer\"},{\"@type\":\"BreadcrumbList\",\"@id\":\"https:\/\/allwintheme.com\/product\/panmail-woocommerce-email-customizer\/#breadcrumb\",\"itemListElement\":[{\"@type\":\"ListItem\",\"position\":1,\"name\":\"Home\",\"item\":\"https:\/\/allwintheme.com\/\"},{\"@type\":\"ListItem\",\"position\":2,\"name\":\"Shop\",\"item\":\"https:\/\/allwintheme.com\/shop\/\"},{\"@type\":\"ListItem\",\"position\":3,\"name\":\"PanMail WooCommerce Customizer\"}]},{\"@type\":\"WebSite\",\"@id\":\"https:\/\/allwintheme.com\/#website\",\"url\":\"https:\/\/allwintheme.com\/\",\"name\":\"Allwintheme\",\"description\":\"Download free WordPress themes for every niche. Blogs, business, eCommerce, portfolio, restaurant and more. All themes are GPL licensed and mobile-ready.\",\"potentialAction\":[{\"@type\":\"SearchAction\",\"target\":{\"@type\":\"EntryPoint\",\"urlTemplate\":\"https:\/\/allwintheme.com\/?s={search_term_string}\"},\"query-input\":{\"@type\":\"PropertyValueSpecification\",\"valueRequired\":true,\"valueName\":\"search_term_string\"}}],\"inLanguage\":\"es-CL\"}]}<\/script>\n<!-- \/ Yoast SEO Premium plugin. -->","yoast_head_json":{"title":"PanMail WooCommerce Customizer - AllWin Theme - Free WordPress Themes Download","description":"PanMail le permite dise\u00f1ar correos electr\u00f3nicos WooCommerce con plantillas de arrastrar y soltar, sin necesidad de codificaci\u00f3n, para un aspecto de marca profesional.","robots":{"index":"index","follow":"follow","max-snippet":"max-snippet:-1","max-image-preview":"max-image-preview:large","max-video-preview":"max-video-preview:-1"},"canonical":"https:\/\/allwintheme.com\/es\/producto\/panmail-woocommerce-personalizador-de-email\/","og_locale":"es_ES","og_type":"article","og_title":"PanMail WooCommerce Customizer","og_description":"PanMail lets you design WooCommerce emails with drag-and-drop templates, no coding required, for a professional branded look.","og_url":"https:\/\/allwintheme.com\/es\/producto\/panmail-woocommerce-personalizador-de-email\/","og_site_name":"AllWin Theme \u2013 Free WordPress Themes Download","article_modified_time":"2025-09-16T10:23:54+00:00","og_image":[{"width":590,"height":300,"url":"https:\/\/allwintheme.com\/wp-content\/uploads\/2025\/09\/z9wax60m.png","type":"image\/png"}],"twitter_card":"summary_large_image","twitter_misc":{"Tiempo estimado de lectura":"5 minutos"},"schema":{"@context":"https:\/\/schema.org","@graph":[{"@type":"WebPage","@id":"https:\/\/allwintheme.com\/product\/panmail-woocommerce-email-customizer\/","url":"https:\/\/allwintheme.com\/product\/panmail-woocommerce-email-customizer\/","name":"PanMail WooCommerce Customizer - AllWin Theme - Free WordPress Themes Download","isPartOf":{"@id":"https:\/\/allwintheme.com\/#website"},"primaryImageOfPage":{"@id":"https:\/\/allwintheme.com\/product\/panmail-woocommerce-email-customizer\/#primaryimage"},"image":{"@id":"https:\/\/allwintheme.com\/product\/panmail-woocommerce-email-customizer\/#primaryimage"},"thumbnailUrl":"https:\/\/allwintheme.com\/wp-content\/uploads\/2025\/09\/z9wax60m.png","datePublished":"2025-09-16T10:12:38+00:00","dateModified":"2025-09-16T10:23:54+00:00","description":"PanMail le permite dise\u00f1ar correos electr\u00f3nicos WooCommerce con plantillas de arrastrar y soltar, sin necesidad de codificaci\u00f3n, para un aspecto de marca profesional.","breadcrumb":{"@id":"https:\/\/allwintheme.com\/product\/panmail-woocommerce-email-customizer\/#breadcrumb"},"inLanguage":"es-CL","potentialAction":[{"@type":"ReadAction","target":["https:\/\/allwintheme.com\/product\/panmail-woocommerce-email-customizer\/"]}]},{"@type":"ImageObject","inLanguage":"es-CL","@id":"https:\/\/allwintheme.com\/product\/panmail-woocommerce-email-customizer\/#primaryimage","url":"https:\/\/allwintheme.com\/wp-content\/uploads\/2025\/09\/z9wax60m.png","contentUrl":"https:\/\/allwintheme.com\/wp-content\/uploads\/2025\/09\/z9wax60m.png","width":590,"height":300,"caption":"PanMail \u2013 WooCommerce Email Customizer"},{"@type":"BreadcrumbList","@id":"https:\/\/allwintheme.com\/product\/panmail-woocommerce-email-customizer\/#breadcrumb","itemListElement":[{"@type":"ListItem","position":1,"name":"Home","item":"https:\/\/allwintheme.com\/"},{"@type":"ListItem","position":2,"name":"Shop","item":"https:\/\/allwintheme.com\/shop\/"},{"@type":"ListItem","position":3,"name":"PanMail WooCommerce Customizer"}]},{"@type":"WebSite","@id":"https:\/\/allwintheme.com\/#website","url":"https:\/\/allwintheme.com\/","name":"Allwintheme","description":"Descarga gratis temas de WordPress para todos los nichos. Blogs, negocios, comercio electr\u00f3nico, portafolio, restaurante y m\u00e1s. Todos los temas tienen licencia GPL y est\u00e1n preparados para dispositivos m\u00f3viles.","potentialAction":[{"@type":"SearchAction","target":{"@type":"EntryPoint","urlTemplate":"https:\/\/allwintheme.com\/?s={search_term_string}"},"query-input":{"@type":"PropertyValueSpecification","valueRequired":true,"valueName":"search_term_string"}}],"inLanguage":"es-CL"}]}},"_links":{"self":[{"href":"https:\/\/allwintheme.com\/es\/wp-json\/wp\/v2\/product\/7322","targetHints":{"allow":["GET"]}}],"collection":[{"href":"https:\/\/allwintheme.com\/es\/wp-json\/wp\/v2\/product"}],"about":[{"href":"https:\/\/allwintheme.com\/es\/wp-json\/wp\/v2\/types\/product"}],"replies":[{"embeddable":true,"href":"https:\/\/allwintheme.com\/es\/wp-json\/wp\/v2\/comments?post=7322"}],"version-history":[{"count":0,"href":"https:\/\/allwintheme.com\/es\/wp-json\/wp\/v2\/product\/7322\/revisions"}],"wp:featuredmedia":[{"embeddable":true,"href":"https:\/\/allwintheme.com\/es\/wp-json\/wp\/v2\/media\/7276"}],"wp:attachment":[{"href":"https:\/\/allwintheme.com\/es\/wp-json\/wp\/v2\/media?parent=7322"}],"wp:term":[{"taxonomy":"product_brand","embeddable":true,"href":"https:\/\/allwintheme.com\/es\/wp-json\/wp\/v2\/product_brand?post=7322"},{"taxonomy":"product_cat","embeddable":true,"href":"https:\/\/allwintheme.com\/es\/wp-json\/wp\/v2\/product_cat?post=7322"},{"taxonomy":"product_tag","embeddable":true,"href":"https:\/\/allwintheme.com\/es\/wp-json\/wp\/v2\/product_tag?post=7322"}],"curies":[{"name":"wp","href":"https:\/\/api.w.org\/{rel}","templated":true}]}}