{"id":7323,"date":"2025-09-16T10:12:40","date_gmt":"2025-09-16T10:12:40","guid":{"rendered":"https:\/\/allwintheme.com\/?post_type=product&#038;p=7323"},"modified":"2025-09-16T10:53:36","modified_gmt":"2025-09-16T10:53:36","slug":"notificador-de-reservas-de-hotel","status":"publish","type":"product","link":"https:\/\/allwintheme.com\/es\/producto\/notificador-de-reservas-de-hotel\/","title":{"rendered":"Notificador de reservas de hotel - Correos electr\u00f3nicos basados en eventos"},"content":{"rendered":"<div data-elementor-type=\"wp-post\" data-elementor-id=\"7323\" class=\"elementor elementor-7323\" data-elementor-settings=\"{&quot;element_pack_global_tooltip_width&quot;:{&quot;unit&quot;:&quot;px&quot;,&quot;size&quot;:&quot;&quot;,&quot;sizes&quot;:[]},&quot;element_pack_global_tooltip_width_tablet&quot;:{&quot;unit&quot;:&quot;px&quot;,&quot;size&quot;:&quot;&quot;,&quot;sizes&quot;:[]},&quot;element_pack_global_tooltip_width_mobile&quot;:{&quot;unit&quot;:&quot;px&quot;,&quot;size&quot;:&quot;&quot;,&quot;sizes&quot;:[]},&quot;element_pack_global_tooltip_padding&quot;:{&quot;unit&quot;:&quot;px&quot;,&quot;top&quot;:&quot;&quot;,&quot;right&quot;:&quot;&quot;,&quot;bottom&quot;:&quot;&quot;,&quot;left&quot;:&quot;&quot;,&quot;isLinked&quot;:true},&quot;element_pack_global_tooltip_padding_tablet&quot;:{&quot;unit&quot;:&quot;px&quot;,&quot;top&quot;:&quot;&quot;,&quot;right&quot;:&quot;&quot;,&quot;bottom&quot;:&quot;&quot;,&quot;left&quot;:&quot;&quot;,&quot;isLinked&quot;:true},&quot;element_pack_global_tooltip_padding_mobile&quot;:{&quot;unit&quot;:&quot;px&quot;,&quot;top&quot;:&quot;&quot;,&quot;right&quot;:&quot;&quot;,&quot;bottom&quot;:&quot;&quot;,&quot;left&quot;:&quot;&quot;,&quot;isLinked&quot;:true},&quot;element_pack_global_tooltip_border_radius&quot;:{&quot;unit&quot;:&quot;px&quot;,&quot;top&quot;:&quot;&quot;,&quot;right&quot;:&quot;&quot;,&quot;bottom&quot;:&quot;&quot;,&quot;left&quot;:&quot;&quot;,&quot;isLinked&quot;:true},&quot;element_pack_global_tooltip_border_radius_tablet&quot;:{&quot;unit&quot;:&quot;px&quot;,&quot;top&quot;:&quot;&quot;,&quot;right&quot;:&quot;&quot;,&quot;bottom&quot;:&quot;&quot;,&quot;left&quot;:&quot;&quot;,&quot;isLinked&quot;:true},&quot;element_pack_global_tooltip_border_radius_mobile&quot;:{&quot;unit&quot;:&quot;px&quot;,&quot;top&quot;:&quot;&quot;,&quot;right&quot;:&quot;&quot;,&quot;bottom&quot;:&quot;&quot;,&quot;left&quot;:&quot;&quot;,&quot;isLinked&quot;:true}}\" data-elementor-post-type=\"product\">\n\t\t\t\t<div class=\"elementor-element elementor-element-93aa4a8 e-con-full e-flex e-con e-parent\" data-id=\"93aa4a8\" data-element_type=\"container\" data-e-type=\"container\">\n\t\t\t\t<div class=\"elementor-element elementor-element-2c3f760 miaoshu elementor-widget elementor-widget-wd_text_block\" data-id=\"2c3f760\" data-element_type=\"widget\" data-e-type=\"widget\" data-widget_type=\"wd_text_block.default\">\n\t\t\t\t<div class=\"elementor-widget-container\">\n\t\t\t\t\t\t\t<div class=\"wd-text-block reset-last-child text-left\">\n\t\t\t\n\t\t\t<h2>Acerca de Hotel Booking Notifier<\/h2>\n<p>Hotel Booking Notifier es un plugin de WordPress especializado que mejora la comunicaci\u00f3n con los hu\u00e9spedes mediante notificaciones por correo electr\u00f3nico basadas en eventos. Dise\u00f1ado para hoteles, resorts y empresas de alquiler de propiedades, automatiza el proceso de env\u00edo de correos electr\u00f3nicos personalizados en los momentos clave de la reserva. Desde confirmaciones hasta recordatorios y seguimientos, este plugin garantiza que todas las interacciones con los hu\u00e9spedes sean profesionales, puntuales y acordes con la identidad de su marca.<\/p>\n\n<h2>Por qu\u00e9 son importantes los correos electr\u00f3nicos orientados a eventos<\/h2>\n<p>En hosteler\u00eda, la comunicaci\u00f3n desempe\u00f1a un papel crucial a la hora de generar confianza y garantizar la satisfacci\u00f3n de los hu\u00e9spedes. Los mensajes gen\u00e9ricos o retrasados pueden causar una mala impresi\u00f3n, mientras que las notificaciones personalizadas y puntuales pueden mejorar la experiencia de reserva. Hotel Booking Notifier aprovecha la automatizaci\u00f3n basada en eventos, garantizando que sus hu\u00e9spedes reciban el mensaje correcto en el momento adecuado. Esto no s\u00f3lo mejora la eficiencia de su equipo, sino que tambi\u00e9n ayuda a crear experiencias memorables para los hu\u00e9spedes.<\/p>\n\n<h2>Confirmaciones autom\u00e1ticas de reservas<\/h2>\n<p>Una vez que un hu\u00e9sped completa una reserva, el plugin env\u00eda instant\u00e1neamente un pulido correo electr\u00f3nico de confirmaci\u00f3n. Puede incluir detalles como las fechas de entrada y salida, el tipo de habitaci\u00f3n, el precio y las instrucciones especiales. Al proporcionar claridad y tranquilidad de inmediato, se reduce la incertidumbre y se crea una primera impresi\u00f3n profesional. Esta automatizaci\u00f3n ahorra tiempo al personal y elimina el seguimiento manual.<\/p>\n\n<h2>Recordatorios y mensajes previos a la llegada<\/h2>\n<p>Contactar con los hu\u00e9spedes antes de su llegada aumenta la expectaci\u00f3n y reduce las cancelaciones de \u00faltima hora. Hotel Booking Notifier le permite programar correos electr\u00f3nicos recordatorios con contenido personalizado. Puede compartir indicaciones para llegar, informaci\u00f3n sobre el aparcamiento, atracciones locales u ofertas de mejora. Estos correos electr\u00f3nicos previos a la llegada refuerzan la comunicaci\u00f3n y animan a los hu\u00e9spedes a explorar servicios adicionales, creando oportunidades de venta.<\/p>\n\n<h2>Notificaciones durante la estancia<\/h2>\n<p>La hosteler\u00eda consiste en ofrecer experiencias, y la comunicaci\u00f3n oportuna durante la estancia de un hu\u00e9sped puede marcar la diferencia. El complemento le permite enviar mensajes autom\u00e1ticos, como correos electr\u00f3nicos de bienvenida al registrarse, invitaciones a eventos especiales o recordatorios sobre los servicios del establecimiento. Estas notificaciones garantizan que los hu\u00e9spedes se sientan valorados y bien informados durante su visita.<\/p>\n\n<h2>Seguimiento posterior a la estancia<\/h2>\n<p>Las relaciones con los hu\u00e9spedes no terminan con la salida. Con Hotel Booking Notifier, puede enviar autom\u00e1ticamente correos electr\u00f3nicos de agradecimiento, solicitar comentarios o compartir invitaciones a programas de fidelizaci\u00f3n despu\u00e9s de la salida. Estos seguimientos ayudan a mantener el compromiso a largo plazo, recopilar informaci\u00f3n valiosa y fomentar la repetici\u00f3n de reservas. Al continuar la comunicaci\u00f3n m\u00e1s all\u00e1 de la estancia, establecer\u00e1 conexiones m\u00e1s s\u00f3lidas con su p\u00fablico.<\/p>\n\n<h2>Plantillas de correo personalizables<\/h2>\n<p>El plugin ofrece una gama de plantillas personalizables dise\u00f1adas para diferentes eventos de reserva. Mediante un sencillo editor, puede adaptar el dise\u00f1o, los colores y el contenido al estilo de su marca. Cada correo electr\u00f3nico puede incluir su logotipo, texto personalizado e im\u00e1genes, garantizando la coherencia con la identidad de su propiedad. Esta flexibilidad le permite crear comunicaciones profesionales sin necesidad de conocimientos de dise\u00f1o o codificaci\u00f3n.<\/p>\n\n<h2>Personalizaci\u00f3n y contenido din\u00e1mico<\/h2>\n<p>Hotel Booking Notifier admite campos din\u00e1micos, lo que facilita la inserci\u00f3n de nombres de hu\u00e9spedes, detalles de la reserva y mensajes personalizados. El contenido personalizado aumenta el compromiso y ayuda a los hu\u00e9spedes a sentirse valorados. A\u00f1adiendo toques especiales, como felicitaciones de cumplea\u00f1os u ofertas personalizadas, puedes fidelizar a tus hu\u00e9spedes y diferenciar tu servicio de hosteler\u00eda del de la competencia.<\/p>\n\n<h2>Activadores de eventos y flexibilidad<\/h2>\n<p>La fuerza de este plugin reside en su arquitectura basada en eventos. Puede definir desencadenantes para una gran variedad de eventos, como confirmaciones de reservas, cancelaciones, modificaciones, entradas y salidas. Cada activador puede asociarse a plantillas espec\u00edficas, lo que garantiza que la comunicaci\u00f3n sea siempre pertinente y oportuna. Este nivel de automatizaci\u00f3n minimiza las tareas manuales y maximiza la satisfacci\u00f3n de los hu\u00e9spedes.<\/p>\n\n<h2>Mejorar la eficiencia operativa<\/h2>\n<p>Al automatizar las tareas de comunicaci\u00f3n repetitivas, Hotel Booking Notifier libera un tiempo valioso para su personal. En lugar de enviar confirmaciones o recordatorios manualmente, su equipo puede centrarse en ofrecer un servicio in situ excepcional. El resultado es una mayor eficiencia del flujo de trabajo, menos errores y un proceso de reserva m\u00e1s fluido para sus hu\u00e9spedes.<\/p>\n\n<h2>Correos electr\u00f3nicos que responden a dispositivos m\u00f3viles<\/h2>\n<p>Los hu\u00e9spedes suelen acceder a sus datos de reserva desde dispositivos m\u00f3viles. El complemento garantiza que todos los correos electr\u00f3nicos sean totalmente receptivos y ofrezcan contenidos claros y accesibles en smartphones, tabletas y ordenadores de sobremesa. Tanto si sus hu\u00e9spedes est\u00e1n de viaje como en casa, podr\u00e1n interactuar f\u00e1cilmente con sus mensajes y mantenerse informados.<\/p>\n\n<h2>Integraci\u00f3n con sistemas de reservas hoteleras<\/h2>\n<p>Hotel Booking Notifier est\u00e1 dise\u00f1ado para funcionar sin problemas con los sistemas de reservas de hoteles m\u00e1s populares basados en WordPress. Se sincroniza con su flujo de trabajo de reservas, enviando autom\u00e1ticamente correos electr\u00f3nicos basados en la actividad de reserva en tiempo real. Esta compatibilidad garantiza una configuraci\u00f3n sin complicaciones y un rendimiento fiable.<\/p>\n\n<h2>Fomentar la confianza y la fidelidad de los hu\u00e9spedes<\/h2>\n<p>Una comunicaci\u00f3n coherente y profesional genera confianza. Los hu\u00e9spedes aprecian las actualizaciones puntuales, el contenido personalizado y el seguimiento atento. Con este complemento, su hotel o empresa de alquiler puede crear una estrategia de comunicaci\u00f3n que mejore la experiencia de los hu\u00e9spedes y fomente su fidelidad. Con el tiempo, esto se traduce en reservas repetidas, comentarios positivos y una reputaci\u00f3n de marca m\u00e1s s\u00f3lida.<\/p>\n\n<h2>Conclusi\u00f3n<\/h2>\n<p>Hotel Booking Notifier - Event-driven Emails es una herramienta esencial para cualquier negocio hotelero que busque mejorar la comunicaci\u00f3n y la satisfacci\u00f3n de sus hu\u00e9spedes. Al automatizar las confirmaciones, los recordatorios, las actualizaciones durante la estancia y los seguimientos posteriores a la estancia, transforma los correos electr\u00f3nicos de reserva ordinarios en potentes herramientas de compromiso. Con plantillas personalizables, personalizaci\u00f3n din\u00e1mica e integraci\u00f3n perfecta, dota a su hotel de la capacidad de ofrecer experiencias excepcionales a los hu\u00e9spedes en cada etapa del viaje. Si desea mejorar la estrategia de comunicaci\u00f3n de su hotel y crear relaciones duraderas con sus hu\u00e9spedes, este complemento es la soluci\u00f3n ideal.<\/p>\n\t\t\t\t\t<\/div>\n\t\t\t\t\t\t<\/div>\n\t\t\t\t<\/div>\n\t\t\t\t<\/div>\n\t\t\t\t<\/div>","protected":false},"excerpt":{"rendered":"<p>About Hotel Booking Notifier Hotel Booking Notifier is a specialized WordPress plugin that enhances guest communication through event-driven email notifications.<\/p>","protected":false},"featured_media":7274,"comment_status":"open","ping_status":"closed","template":"","meta":{"_acf_changed":false},"product_brand":[],"product_cat":[49],"product_tag":[],"class_list":{"0":"post-7323","1":"product","2":"type-product","3":"status-publish","4":"has-post-thumbnail","6":"product_cat-plugins","8":"first","9":"instock","10":"sale","11":"downloadable","12":"shipping-taxable","13":"purchasable","14":"product-type-simple"},"acf":[],"yoast_head":"<!-- This site is optimized with the Yoast SEO Premium plugin v25.6 (Yoast SEO v27.1.1) - https:\/\/yoast.com\/product\/yoast-seo-premium-wordpress\/ -->\n<title>Hotel Booking Notifier \u2013 Event-driven emails - AllWin Theme \u2013 Free WordPress Themes Download<\/title>\n<meta name=\"description\" content=\"Hotel Booking Notifier is a specialized WordPress plugin that enhances guest communication through event-driven email notifications.\" \/>\n<meta name=\"robots\" content=\"index, follow, max-snippet:-1, max-image-preview:large, max-video-preview:-1\" \/>\n<link rel=\"canonical\" href=\"https:\/\/allwintheme.com\/es\/producto\/notificador-de-reservas-de-hotel\/\" \/>\n<meta property=\"og:locale\" content=\"es_ES\" \/>\n<meta property=\"og:type\" content=\"article\" \/>\n<meta property=\"og:title\" content=\"Hotel Booking Notifier \u2013 Event-driven emails\" \/>\n<meta property=\"og:description\" content=\"Hotel Booking Notifier is a specialized WordPress plugin that enhances guest communication through event-driven email notifications.\" \/>\n<meta property=\"og:url\" content=\"https:\/\/allwintheme.com\/es\/producto\/notificador-de-reservas-de-hotel\/\" \/>\n<meta property=\"og:site_name\" content=\"AllWin Theme \u2013 Free WordPress Themes Download\" \/>\n<meta property=\"article:modified_time\" content=\"2025-09-16T10:53:36+00:00\" \/>\n<meta property=\"og:image\" content=\"https:\/\/allwintheme.com\/wp-content\/uploads\/2025\/09\/3imeee3h.png\" \/>\n\t<meta property=\"og:image:width\" content=\"768\" \/>\n\t<meta property=\"og:image:height\" content=\"576\" \/>\n\t<meta property=\"og:image:type\" content=\"image\/png\" \/>\n<meta name=\"twitter:card\" content=\"summary_large_image\" \/>\n<meta name=\"twitter:label1\" content=\"Tiempo estimado de lectura\" \/>\n\t<meta name=\"twitter:data1\" content=\"5 minutos\" \/>\n<script type=\"application\/ld+json\" class=\"yoast-schema-graph\">{\"@context\":\"https:\/\/schema.org\",\"@graph\":[{\"@type\":\"WebPage\",\"@id\":\"https:\/\/allwintheme.com\/product\/hotel-booking-notifier-event-driven-emails\/\",\"url\":\"https:\/\/allwintheme.com\/product\/hotel-booking-notifier-event-driven-emails\/\",\"name\":\"Hotel Booking Notifier \u2013 Event-driven emails - AllWin Theme \u2013 Free WordPress Themes Download\",\"isPartOf\":{\"@id\":\"https:\/\/allwintheme.com\/#website\"},\"primaryImageOfPage\":{\"@id\":\"https:\/\/allwintheme.com\/product\/hotel-booking-notifier-event-driven-emails\/#primaryimage\"},\"image\":{\"@id\":\"https:\/\/allwintheme.com\/product\/hotel-booking-notifier-event-driven-emails\/#primaryimage\"},\"thumbnailUrl\":\"https:\/\/allwintheme.com\/wp-content\/uploads\/2025\/09\/3imeee3h.png\",\"datePublished\":\"2025-09-16T10:12:40+00:00\",\"dateModified\":\"2025-09-16T10:53:36+00:00\",\"description\":\"Hotel Booking Notifier is a specialized WordPress plugin that enhances guest communication through event-driven email notifications.\",\"breadcrumb\":{\"@id\":\"https:\/\/allwintheme.com\/product\/hotel-booking-notifier-event-driven-emails\/#breadcrumb\"},\"inLanguage\":\"es-CL\",\"potentialAction\":[{\"@type\":\"ReadAction\",\"target\":[\"https:\/\/allwintheme.com\/product\/hotel-booking-notifier-event-driven-emails\/\"]}]},{\"@type\":\"ImageObject\",\"inLanguage\":\"es-CL\",\"@id\":\"https:\/\/allwintheme.com\/product\/hotel-booking-notifier-event-driven-emails\/#primaryimage\",\"url\":\"https:\/\/allwintheme.com\/wp-content\/uploads\/2025\/09\/3imeee3h.png\",\"contentUrl\":\"https:\/\/allwintheme.com\/wp-content\/uploads\/2025\/09\/3imeee3h.png\",\"width\":768,\"height\":576,\"caption\":\"Hotel Booking Notifier \u2013 Event-driven emails\"},{\"@type\":\"BreadcrumbList\",\"@id\":\"https:\/\/allwintheme.com\/product\/hotel-booking-notifier-event-driven-emails\/#breadcrumb\",\"itemListElement\":[{\"@type\":\"ListItem\",\"position\":1,\"name\":\"Home\",\"item\":\"https:\/\/allwintheme.com\/\"},{\"@type\":\"ListItem\",\"position\":2,\"name\":\"Shop\",\"item\":\"https:\/\/allwintheme.com\/shop\/\"},{\"@type\":\"ListItem\",\"position\":3,\"name\":\"Hotel Booking Notifier \u2013 Event-driven emails\"}]},{\"@type\":\"WebSite\",\"@id\":\"https:\/\/allwintheme.com\/#website\",\"url\":\"https:\/\/allwintheme.com\/\",\"name\":\"Allwintheme\",\"description\":\"Download free WordPress themes for every niche. Blogs, business, eCommerce, portfolio, restaurant and more. All themes are GPL licensed and mobile-ready.\",\"potentialAction\":[{\"@type\":\"SearchAction\",\"target\":{\"@type\":\"EntryPoint\",\"urlTemplate\":\"https:\/\/allwintheme.com\/?s={search_term_string}\"},\"query-input\":{\"@type\":\"PropertyValueSpecification\",\"valueRequired\":true,\"valueName\":\"search_term_string\"}}],\"inLanguage\":\"es-CL\"}]}<\/script>\n<!-- \/ Yoast SEO Premium plugin. -->","yoast_head_json":{"title":"Hotel Booking Notifier \u2013 Event-driven emails - AllWin Theme \u2013 Free WordPress Themes Download","description":"Hotel Booking Notifier es un plugin de WordPress especializado que mejora la comunicaci\u00f3n con los hu\u00e9spedes mediante notificaciones por correo electr\u00f3nico basadas en eventos.","robots":{"index":"index","follow":"follow","max-snippet":"max-snippet:-1","max-image-preview":"max-image-preview:large","max-video-preview":"max-video-preview:-1"},"canonical":"https:\/\/allwintheme.com\/es\/producto\/notificador-de-reservas-de-hotel\/","og_locale":"es_ES","og_type":"article","og_title":"Hotel Booking Notifier \u2013 Event-driven emails","og_description":"Hotel Booking Notifier is a specialized WordPress plugin that enhances guest communication through event-driven email notifications.","og_url":"https:\/\/allwintheme.com\/es\/producto\/notificador-de-reservas-de-hotel\/","og_site_name":"AllWin Theme \u2013 Free WordPress Themes Download","article_modified_time":"2025-09-16T10:53:36+00:00","og_image":[{"width":768,"height":576,"url":"https:\/\/allwintheme.com\/wp-content\/uploads\/2025\/09\/3imeee3h.png","type":"image\/png"}],"twitter_card":"summary_large_image","twitter_misc":{"Tiempo estimado de lectura":"5 minutos"},"schema":{"@context":"https:\/\/schema.org","@graph":[{"@type":"WebPage","@id":"https:\/\/allwintheme.com\/product\/hotel-booking-notifier-event-driven-emails\/","url":"https:\/\/allwintheme.com\/product\/hotel-booking-notifier-event-driven-emails\/","name":"Hotel Booking Notifier \u2013 Event-driven emails - AllWin Theme \u2013 Free WordPress Themes Download","isPartOf":{"@id":"https:\/\/allwintheme.com\/#website"},"primaryImageOfPage":{"@id":"https:\/\/allwintheme.com\/product\/hotel-booking-notifier-event-driven-emails\/#primaryimage"},"image":{"@id":"https:\/\/allwintheme.com\/product\/hotel-booking-notifier-event-driven-emails\/#primaryimage"},"thumbnailUrl":"https:\/\/allwintheme.com\/wp-content\/uploads\/2025\/09\/3imeee3h.png","datePublished":"2025-09-16T10:12:40+00:00","dateModified":"2025-09-16T10:53:36+00:00","description":"Hotel Booking Notifier es un plugin de WordPress especializado que mejora la comunicaci\u00f3n con los hu\u00e9spedes mediante notificaciones por correo electr\u00f3nico basadas en eventos.","breadcrumb":{"@id":"https:\/\/allwintheme.com\/product\/hotel-booking-notifier-event-driven-emails\/#breadcrumb"},"inLanguage":"es-CL","potentialAction":[{"@type":"ReadAction","target":["https:\/\/allwintheme.com\/product\/hotel-booking-notifier-event-driven-emails\/"]}]},{"@type":"ImageObject","inLanguage":"es-CL","@id":"https:\/\/allwintheme.com\/product\/hotel-booking-notifier-event-driven-emails\/#primaryimage","url":"https:\/\/allwintheme.com\/wp-content\/uploads\/2025\/09\/3imeee3h.png","contentUrl":"https:\/\/allwintheme.com\/wp-content\/uploads\/2025\/09\/3imeee3h.png","width":768,"height":576,"caption":"Hotel Booking Notifier \u2013 Event-driven emails"},{"@type":"BreadcrumbList","@id":"https:\/\/allwintheme.com\/product\/hotel-booking-notifier-event-driven-emails\/#breadcrumb","itemListElement":[{"@type":"ListItem","position":1,"name":"Home","item":"https:\/\/allwintheme.com\/"},{"@type":"ListItem","position":2,"name":"Shop","item":"https:\/\/allwintheme.com\/shop\/"},{"@type":"ListItem","position":3,"name":"Hotel Booking Notifier \u2013 Event-driven emails"}]},{"@type":"WebSite","@id":"https:\/\/allwintheme.com\/#website","url":"https:\/\/allwintheme.com\/","name":"Allwintheme","description":"Descarga gratis temas de WordPress para todos los nichos. Blogs, negocios, comercio electr\u00f3nico, portafolio, restaurante y m\u00e1s. Todos los temas tienen licencia GPL y est\u00e1n preparados para dispositivos m\u00f3viles.","potentialAction":[{"@type":"SearchAction","target":{"@type":"EntryPoint","urlTemplate":"https:\/\/allwintheme.com\/?s={search_term_string}"},"query-input":{"@type":"PropertyValueSpecification","valueRequired":true,"valueName":"search_term_string"}}],"inLanguage":"es-CL"}]}},"_links":{"self":[{"href":"https:\/\/allwintheme.com\/es\/wp-json\/wp\/v2\/product\/7323","targetHints":{"allow":["GET"]}}],"collection":[{"href":"https:\/\/allwintheme.com\/es\/wp-json\/wp\/v2\/product"}],"about":[{"href":"https:\/\/allwintheme.com\/es\/wp-json\/wp\/v2\/types\/product"}],"replies":[{"embeddable":true,"href":"https:\/\/allwintheme.com\/es\/wp-json\/wp\/v2\/comments?post=7323"}],"version-history":[{"count":0,"href":"https:\/\/allwintheme.com\/es\/wp-json\/wp\/v2\/product\/7323\/revisions"}],"wp:featuredmedia":[{"embeddable":true,"href":"https:\/\/allwintheme.com\/es\/wp-json\/wp\/v2\/media\/7274"}],"wp:attachment":[{"href":"https:\/\/allwintheme.com\/es\/wp-json\/wp\/v2\/media?parent=7323"}],"wp:term":[{"taxonomy":"product_brand","embeddable":true,"href":"https:\/\/allwintheme.com\/es\/wp-json\/wp\/v2\/product_brand?post=7323"},{"taxonomy":"product_cat","embeddable":true,"href":"https:\/\/allwintheme.com\/es\/wp-json\/wp\/v2\/product_cat?post=7323"},{"taxonomy":"product_tag","embeddable":true,"href":"https:\/\/allwintheme.com\/es\/wp-json\/wp\/v2\/product_tag?post=7323"}],"curies":[{"name":"wp","href":"https:\/\/api.w.org\/{rel}","templated":true}]}}