{"id":7340,"date":"2025-09-16T10:54:09","date_gmt":"2025-09-16T10:54:09","guid":{"rendered":"https:\/\/allwintheme.com\/?post_type=product&#038;p=7340"},"modified":"2025-09-16T11:03:08","modified_gmt":"2025-09-16T11:03:08","slug":"mycred-email-plus","status":"publish","type":"product","link":"https:\/\/allwintheme.com\/es\/producto\/mycred-email-plus\/","title":{"rendered":"Plugin myCred Email Plus"},"content":{"rendered":"<div data-elementor-type=\"wp-post\" data-elementor-id=\"7340\" class=\"elementor elementor-7340\" data-elementor-settings=\"{&quot;element_pack_global_tooltip_width&quot;:{&quot;unit&quot;:&quot;px&quot;,&quot;size&quot;:&quot;&quot;,&quot;sizes&quot;:[]},&quot;element_pack_global_tooltip_width_tablet&quot;:{&quot;unit&quot;:&quot;px&quot;,&quot;size&quot;:&quot;&quot;,&quot;sizes&quot;:[]},&quot;element_pack_global_tooltip_width_mobile&quot;:{&quot;unit&quot;:&quot;px&quot;,&quot;size&quot;:&quot;&quot;,&quot;sizes&quot;:[]},&quot;element_pack_global_tooltip_padding&quot;:{&quot;unit&quot;:&quot;px&quot;,&quot;top&quot;:&quot;&quot;,&quot;right&quot;:&quot;&quot;,&quot;bottom&quot;:&quot;&quot;,&quot;left&quot;:&quot;&quot;,&quot;isLinked&quot;:true},&quot;element_pack_global_tooltip_padding_tablet&quot;:{&quot;unit&quot;:&quot;px&quot;,&quot;top&quot;:&quot;&quot;,&quot;right&quot;:&quot;&quot;,&quot;bottom&quot;:&quot;&quot;,&quot;left&quot;:&quot;&quot;,&quot;isLinked&quot;:true},&quot;element_pack_global_tooltip_padding_mobile&quot;:{&quot;unit&quot;:&quot;px&quot;,&quot;top&quot;:&quot;&quot;,&quot;right&quot;:&quot;&quot;,&quot;bottom&quot;:&quot;&quot;,&quot;left&quot;:&quot;&quot;,&quot;isLinked&quot;:true},&quot;element_pack_global_tooltip_border_radius&quot;:{&quot;unit&quot;:&quot;px&quot;,&quot;top&quot;:&quot;&quot;,&quot;right&quot;:&quot;&quot;,&quot;bottom&quot;:&quot;&quot;,&quot;left&quot;:&quot;&quot;,&quot;isLinked&quot;:true},&quot;element_pack_global_tooltip_border_radius_tablet&quot;:{&quot;unit&quot;:&quot;px&quot;,&quot;top&quot;:&quot;&quot;,&quot;right&quot;:&quot;&quot;,&quot;bottom&quot;:&quot;&quot;,&quot;left&quot;:&quot;&quot;,&quot;isLinked&quot;:true},&quot;element_pack_global_tooltip_border_radius_mobile&quot;:{&quot;unit&quot;:&quot;px&quot;,&quot;top&quot;:&quot;&quot;,&quot;right&quot;:&quot;&quot;,&quot;bottom&quot;:&quot;&quot;,&quot;left&quot;:&quot;&quot;,&quot;isLinked&quot;:true}}\" data-elementor-post-type=\"product\">\n\t\t\t\t<div class=\"elementor-element elementor-element-93aa4a8 e-con-full e-flex e-con e-parent\" data-id=\"93aa4a8\" data-element_type=\"container\" data-e-type=\"container\">\n\t\t\t\t<div class=\"elementor-element elementor-element-2c3f760 miaoshu elementor-widget elementor-widget-wd_text_block\" data-id=\"2c3f760\" data-element_type=\"widget\" data-e-type=\"widget\" data-widget_type=\"wd_text_block.default\">\n\t\t\t\t<div class=\"elementor-widget-container\">\n\t\t\t\t\t\t\t<div class=\"wd-text-block reset-last-child text-left\">\n\t\t\t\n\t\t\t<h2>Acerca del plugin myCred Email Plus<\/h2>\n<p>El plugin myCred Email Plus es una extensi\u00f3n avanzada para usuarios de WordPress que desean llevar la comunicaci\u00f3n por correo electr\u00f3nico al siguiente nivel. Dise\u00f1ado para funcionar a la perfecci\u00f3n con el sistema de gesti\u00f3n de puntos myCred, le ayuda a automatizar, personalizar y optimizar las campa\u00f1as de correo electr\u00f3nico para sus miembros o clientes. Tanto si gestionas una tienda de comercio electr\u00f3nico, un sitio de afiliaci\u00f3n o una plataforma comunitaria, este plugin te proporciona las herramientas que necesitas para reforzar el compromiso y fomentar la fidelidad.<\/p>\n\n<h2>Integraci\u00f3n perfecta con myCred<\/h2>\n<p>myCred es un potente sistema de gesti\u00f3n de puntos que recompensa a los usuarios por interacciones, compras y otras actividades en su sitio web. Con myCred Email Plus, puedes conectar el poder de los puntos con la automatizaci\u00f3n del correo electr\u00f3nico. Por ejemplo, cuando un usuario gana una insignia, alcanza un hito o canjea puntos, el complemento puede enviar autom\u00e1ticamente un correo electr\u00f3nico personalizado para notificar, felicitar o animar a continuar con la actividad. Esta perfecta integraci\u00f3n refuerza la experiencia del usuario y hace que la participaci\u00f3n basada en recompensas sea m\u00e1s eficaz.<\/p>\n\n<h2>Automatizaci\u00f3n del correo electr\u00f3nico y disparadores<\/h2>\n<p>La automatizaci\u00f3n es el coraz\u00f3n del plugin myCred Email Plus. Puede crear desencadenantes basados en eventos, acciones o comportamientos espec\u00edficos de los usuarios. Por ejemplo, se pueden enviar correos electr\u00f3nicos cuando un usuario se registra, realiza una compra, alcanza un umbral de puntos o participa en un reto. Al automatizar estas comunicaciones, se reduce la carga de trabajo manual a la vez que se garantiza una interacci\u00f3n oportuna y relevante con su audiencia. La flexibilidad de los disparadores le permite dise\u00f1ar flujos de comunicaci\u00f3n adaptados a los objetivos espec\u00edficos de su sitio web.<\/p>\n\n<h2>Comunicaci\u00f3n personalizada<\/h2>\n<p>En marketing digital, la personalizaci\u00f3n es clave para captar la atenci\u00f3n y fidelizar. El plugin facilita la inserci\u00f3n de informaci\u00f3n espec\u00edfica del usuario en sus correos electr\u00f3nicos, como nombres de usuario, saldos de puntos o niveles de logro. Esto transforma los mensajes gen\u00e9ricos en una comunicaci\u00f3n significativa que resuena con cada destinatario. Al demostrar que comprende y aprecia el progreso de sus usuarios, les anima a seguir comprometidos y motivados.<\/p>\n\n<h2>Dise\u00f1o mejorado del correo electr\u00f3nico<\/h2>\n<p>La primera impresi\u00f3n es importante, y con myCred Email Plus, sus correos electr\u00f3nicos pueden parecer tan profesionales como su sitio web. El complemento admite plantillas de correo electr\u00f3nico personalizables, lo que le permite controlar la marca, los colores, la tipograf\u00eda y el dise\u00f1o. Tanto si quieres enviar una simple notificaci\u00f3n como un bolet\u00edn promocional, las herramientas de dise\u00f1o te ayudar\u00e1n a crear mensajes visualmente atractivos. El dise\u00f1o responsivo garantiza que tus correos electr\u00f3nicos se vean bien en ordenadores de sobremesa, tabletas y smartphones, haci\u00e9ndolos accesibles dondequiera que est\u00e9n tus usuarios.<\/p>\n\n<h2>Fomentar el compromiso y la fidelidad<\/h2>\n<p>El correo electr\u00f3nico sigue siendo uno de los canales m\u00e1s eficaces para la participaci\u00f3n de los usuarios, y myCred Email Plus aumenta su impacto conect\u00e1ndolo directamente con las actividades de los usuarios. Cada notificaci\u00f3n refuerza la presencia de su marca y mantiene a los usuarios informados sobre su progreso. Con el tiempo, esta comunicaci\u00f3n constante ayuda a fidelizar a los usuarios, anim\u00e1ndoles a volver a su sitio web e interactuar con m\u00e1s frecuencia. Para las empresas, esto se traduce en relaciones m\u00e1s s\u00f3lidas con los clientes y mayores oportunidades de ingresos.<\/p>\n\n<h2>An\u00e1lisis y seguimiento del rendimiento<\/h2>\n<p>Conocer el rendimiento de sus correos electr\u00f3nicos es crucial para mejorar las estrategias de comunicaci\u00f3n. El plugin myCred Email Plus incluye funciones de seguimiento que le permiten controlar las tasas de apertura, los clics y las respuestas de los usuarios. Mediante el an\u00e1lisis de estos datos, puede refinar las l\u00edneas de asunto, optimizar el contenido y ajustar el tiempo para maximizar los resultados. La informaci\u00f3n obtenida del seguimiento del rendimiento le ayuda a comprender mejor qu\u00e9 es lo que resuena entre su p\u00fablico, lo que hace que sus campa\u00f1as de correo electr\u00f3nico sean m\u00e1s eficaces con el paso del tiempo.<\/p>\n\n<h2>Casos pr\u00e1cticos<\/h2>\n<p>La versatilidad del plugin lo hace adecuado para diversos escenarios:<\/p>\n<ul>\n<li><strong>Sitios de afiliaci\u00f3n:<\/strong> Recompense a sus miembros con actualizaciones de progreso personalizadas, anuncios de logros y recordatorios de compromiso.<\/li>\n<li><strong>Plataformas de comercio electr\u00f3nico:<\/strong> Env\u00ede ofertas promocionales, actualizaciones del saldo de puntos o correos electr\u00f3nicos de agradecimiento cuando los usuarios realicen compras.<\/li>\n<li><strong>Foros comunitarios:<\/strong> Mantenga activos a los participantes notific\u00e1ndoles las insignias obtenidas, los hitos alcanzados o los pr\u00f3ximos retos.<\/li>\n<li><strong>Plataformas educativas:<\/strong> Felicite a los alumnos por completar los cursos, an\u00edmelos a seguir estudiando y destaque las recompensas disponibles.<\/li>\n<\/ul>\n\n<h2>Personalizaci\u00f3n y flexibilidad<\/h2>\n<p>No hay dos sitios web iguales, por eso el plugin myCred Email Plus ofrece una amplia personalizaci\u00f3n. Desde la selecci\u00f3n de los eventos que activan los correos electr\u00f3nicos hasta el dise\u00f1o del aspecto de los mensajes, usted tiene el control total. Los usuarios avanzados pueden utilizar shortcodes, hooks y filtros para adaptar a\u00fan m\u00e1s la funcionalidad. Esta flexibilidad garantiza que el plugin se adapte a sus necesidades, tanto si gestiona una peque\u00f1a comunidad como una empresa a gran escala.<\/p>\n\n<h2>F\u00e1cil configuraci\u00f3n<\/h2>\n<p>Incluso si no eres un experto t\u00e9cnico, configurar myCred Email Plus es muy sencillo. El plugin se ha dise\u00f1ado pensando en la facilidad de uso, con una interfaz intuitiva y pasos de configuraci\u00f3n f\u00e1ciles de seguir. Puede crear r\u00e1pidamente plantillas de correo electr\u00f3nico, definir activadores y probar campa\u00f1as sin necesidad de escribir c\u00f3digo. Para desarrolladores o usuarios avanzados, el plugin ofrece opciones de personalizaci\u00f3n y soporte de integraci\u00f3n.<\/p>\n\n<h2>Seguridad y fiabilidad<\/h2>\n<p>La comunicaci\u00f3n por correo electr\u00f3nico implica datos confidenciales del usuario, y myCred Email Plus se ha creado pensando en la seguridad. El plugin se adhiere a los est\u00e1ndares y mejores pr\u00e1cticas de WordPress, garantizando la protecci\u00f3n de datos y un rendimiento fiable. Las actualizaciones peri\u00f3dicas mantienen el plugin compatible con las \u00faltimas versiones de WordPress y los requisitos de seguridad, lo que le da tranquilidad mientras gestiona la comunicaci\u00f3n.<\/p>\n\n<h2>Ventajas de utilizar myCred Email Plus<\/h2>\n<ul>\n<li>Comunicaci\u00f3n automatizada y personalizada basada en la actividad del usuario<\/li>\n<li>Mayor compromiso a trav\u00e9s de correos electr\u00f3nicos pertinentes y oportunos<\/li>\n<li>Plantillas profesionales con dise\u00f1o adaptable<\/li>\n<li>Integraci\u00f3n con el sistema de puntos y recompensas myCred<\/li>\n<li>Anal\u00edtica para medir y mejorar el rendimiento del correo electr\u00f3nico<\/li>\n<li>Personalizaci\u00f3n flexible para necesidades empresariales \u00fanicas<\/li>\n<li>Desarrollo seguro y fiable con el est\u00e1ndar WordPress<\/li>\n<\/ul>\n\n<h2>Conclusi\u00f3n<\/h2>\n<p>El Plugin myCred Email Plus transforma la forma de conectar con sus usuarios combinando la potencia del sistema de puntos myCred con funciones avanzadas de correo electr\u00f3nico. Simplifica la automatizaci\u00f3n, mejora la personalizaci\u00f3n y ofrece resultados medibles que fortalecen las relaciones con los usuarios. Tanto si desea aumentar la fidelidad en un sitio de socios, fomentar las compras en una tienda en l\u00ednea o aumentar la participaci\u00f3n en una comunidad, este complemento le proporciona las herramientas necesarias para conseguirlo. Al hacer que la comunicaci\u00f3n sea m\u00e1s inteligente, m\u00e1s r\u00e1pida y m\u00e1s atractiva, myCred Email Plus garantiza que su sitio web de WordPress se mantenga a la cabeza en el competitivo panorama digital actual.<\/p>\n\t\t\t\t\t<\/div>\n\t\t\t\t\t\t<\/div>\n\t\t\t\t<\/div>\n\t\t\t\t<\/div>\n\t\t\t\t<\/div>","protected":false},"excerpt":{"rendered":"<p>About myCred Email Plus Plugin The myCred Email Plus Plugin is an advanced extension for WordPress users who want to<\/p>","protected":false},"featured_media":7273,"comment_status":"open","ping_status":"closed","template":"","meta":{"_acf_changed":false},"product_brand":[],"product_cat":[49],"product_tag":[],"class_list":{"0":"post-7340","1":"product","2":"type-product","3":"status-publish","4":"has-post-thumbnail","6":"product_cat-plugins","8":"first","9":"instock","10":"sale","11":"downloadable","12":"shipping-taxable","13":"purchasable","14":"product-type-simple"},"acf":[],"yoast_head":"<!-- This site is optimized with the Yoast SEO Premium plugin v25.6 (Yoast SEO v27.1.1) - https:\/\/yoast.com\/product\/yoast-seo-premium-wordpress\/ -->\n<title>myCred Email Plus Plugin - AllWin Theme \u2013 Free WordPress Themes Download<\/title>\n<meta name=\"description\" content=\"Enhance WordPress email marketing with myCred Email Plus. Automate, personalize, and boost engagement through powerful email tools.\" \/>\n<meta name=\"robots\" content=\"index, follow, max-snippet:-1, max-image-preview:large, max-video-preview:-1\" \/>\n<link rel=\"canonical\" href=\"https:\/\/allwintheme.com\/es\/producto\/mycred-email-plus\/\" \/>\n<meta property=\"og:locale\" content=\"es_ES\" \/>\n<meta property=\"og:type\" content=\"article\" \/>\n<meta property=\"og:title\" content=\"myCred Email Plus Plugin\" \/>\n<meta property=\"og:description\" content=\"Enhance WordPress email marketing with myCred Email Plus. Automate, personalize, and boost engagement through powerful email tools.\" \/>\n<meta property=\"og:url\" content=\"https:\/\/allwintheme.com\/es\/producto\/mycred-email-plus\/\" \/>\n<meta property=\"og:site_name\" content=\"AllWin Theme \u2013 Free WordPress Themes Download\" \/>\n<meta property=\"article:modified_time\" content=\"2025-09-16T11:03:08+00:00\" \/>\n<meta property=\"og:image\" content=\"https:\/\/allwintheme.com\/wp-content\/uploads\/2025\/09\/2egtdhf4.png\" \/>\n\t<meta property=\"og:image:width\" content=\"750\" \/>\n\t<meta property=\"og:image:height\" content=\"430\" \/>\n\t<meta property=\"og:image:type\" content=\"image\/png\" \/>\n<meta name=\"twitter:card\" content=\"summary_large_image\" \/>\n<meta name=\"twitter:label1\" content=\"Tiempo estimado de lectura\" \/>\n\t<meta name=\"twitter:data1\" content=\"6 minutos\" \/>\n<script type=\"application\/ld+json\" class=\"yoast-schema-graph\">{\"@context\":\"https:\/\/schema.org\",\"@graph\":[{\"@type\":\"WebPage\",\"@id\":\"https:\/\/allwintheme.com\/product\/mycred-email-plus\/\",\"url\":\"https:\/\/allwintheme.com\/product\/mycred-email-plus\/\",\"name\":\"myCred Email Plus Plugin - AllWin Theme \u2013 Free WordPress Themes Download\",\"isPartOf\":{\"@id\":\"https:\/\/allwintheme.com\/#website\"},\"primaryImageOfPage\":{\"@id\":\"https:\/\/allwintheme.com\/product\/mycred-email-plus\/#primaryimage\"},\"image\":{\"@id\":\"https:\/\/allwintheme.com\/product\/mycred-email-plus\/#primaryimage\"},\"thumbnailUrl\":\"https:\/\/allwintheme.com\/wp-content\/uploads\/2025\/09\/2egtdhf4.png\",\"datePublished\":\"2025-09-16T10:54:09+00:00\",\"dateModified\":\"2025-09-16T11:03:08+00:00\",\"description\":\"Enhance WordPress email marketing with myCred Email Plus. Automate, personalize, and boost engagement through powerful email tools.\",\"breadcrumb\":{\"@id\":\"https:\/\/allwintheme.com\/product\/mycred-email-plus\/#breadcrumb\"},\"inLanguage\":\"es-CL\",\"potentialAction\":[{\"@type\":\"ReadAction\",\"target\":[\"https:\/\/allwintheme.com\/product\/mycred-email-plus\/\"]}]},{\"@type\":\"ImageObject\",\"inLanguage\":\"es-CL\",\"@id\":\"https:\/\/allwintheme.com\/product\/mycred-email-plus\/#primaryimage\",\"url\":\"https:\/\/allwintheme.com\/wp-content\/uploads\/2025\/09\/2egtdhf4.png\",\"contentUrl\":\"https:\/\/allwintheme.com\/wp-content\/uploads\/2025\/09\/2egtdhf4.png\",\"width\":750,\"height\":430,\"caption\":\"myCred Email Plus\"},{\"@type\":\"BreadcrumbList\",\"@id\":\"https:\/\/allwintheme.com\/product\/mycred-email-plus\/#breadcrumb\",\"itemListElement\":[{\"@type\":\"ListItem\",\"position\":1,\"name\":\"Home\",\"item\":\"https:\/\/allwintheme.com\/\"},{\"@type\":\"ListItem\",\"position\":2,\"name\":\"Shop\",\"item\":\"https:\/\/allwintheme.com\/shop\/\"},{\"@type\":\"ListItem\",\"position\":3,\"name\":\"myCred Email Plus Plugin\"}]},{\"@type\":\"WebSite\",\"@id\":\"https:\/\/allwintheme.com\/#website\",\"url\":\"https:\/\/allwintheme.com\/\",\"name\":\"Allwintheme\",\"description\":\"Download free WordPress themes for every niche. Blogs, business, eCommerce, portfolio, restaurant and more. All themes are GPL licensed and mobile-ready.\",\"potentialAction\":[{\"@type\":\"SearchAction\",\"target\":{\"@type\":\"EntryPoint\",\"urlTemplate\":\"https:\/\/allwintheme.com\/?s={search_term_string}\"},\"query-input\":{\"@type\":\"PropertyValueSpecification\",\"valueRequired\":true,\"valueName\":\"search_term_string\"}}],\"inLanguage\":\"es-CL\"}]}<\/script>\n<!-- \/ Yoast SEO Premium plugin. -->","yoast_head_json":{"title":"myCred Email Plus Plugin - AllWin Theme \u2013 Free WordPress Themes Download","description":"Mejore el marketing por correo electr\u00f3nico de WordPress con myCred Email Plus. Automatiza, personaliza e impulsa el compromiso a trav\u00e9s de potentes herramientas de correo electr\u00f3nico.","robots":{"index":"index","follow":"follow","max-snippet":"max-snippet:-1","max-image-preview":"max-image-preview:large","max-video-preview":"max-video-preview:-1"},"canonical":"https:\/\/allwintheme.com\/es\/producto\/mycred-email-plus\/","og_locale":"es_ES","og_type":"article","og_title":"myCred Email Plus Plugin","og_description":"Enhance WordPress email marketing with myCred Email Plus. Automate, personalize, and boost engagement through powerful email tools.","og_url":"https:\/\/allwintheme.com\/es\/producto\/mycred-email-plus\/","og_site_name":"AllWin Theme \u2013 Free WordPress Themes Download","article_modified_time":"2025-09-16T11:03:08+00:00","og_image":[{"width":750,"height":430,"url":"https:\/\/allwintheme.com\/wp-content\/uploads\/2025\/09\/2egtdhf4.png","type":"image\/png"}],"twitter_card":"summary_large_image","twitter_misc":{"Tiempo estimado de lectura":"6 minutos"},"schema":{"@context":"https:\/\/schema.org","@graph":[{"@type":"WebPage","@id":"https:\/\/allwintheme.com\/product\/mycred-email-plus\/","url":"https:\/\/allwintheme.com\/product\/mycred-email-plus\/","name":"myCred Email Plus Plugin - AllWin Theme \u2013 Free WordPress Themes Download","isPartOf":{"@id":"https:\/\/allwintheme.com\/#website"},"primaryImageOfPage":{"@id":"https:\/\/allwintheme.com\/product\/mycred-email-plus\/#primaryimage"},"image":{"@id":"https:\/\/allwintheme.com\/product\/mycred-email-plus\/#primaryimage"},"thumbnailUrl":"https:\/\/allwintheme.com\/wp-content\/uploads\/2025\/09\/2egtdhf4.png","datePublished":"2025-09-16T10:54:09+00:00","dateModified":"2025-09-16T11:03:08+00:00","description":"Mejore el marketing por correo electr\u00f3nico de WordPress con myCred Email Plus. Automatiza, personaliza e impulsa el compromiso a trav\u00e9s de potentes herramientas de correo electr\u00f3nico.","breadcrumb":{"@id":"https:\/\/allwintheme.com\/product\/mycred-email-plus\/#breadcrumb"},"inLanguage":"es-CL","potentialAction":[{"@type":"ReadAction","target":["https:\/\/allwintheme.com\/product\/mycred-email-plus\/"]}]},{"@type":"ImageObject","inLanguage":"es-CL","@id":"https:\/\/allwintheme.com\/product\/mycred-email-plus\/#primaryimage","url":"https:\/\/allwintheme.com\/wp-content\/uploads\/2025\/09\/2egtdhf4.png","contentUrl":"https:\/\/allwintheme.com\/wp-content\/uploads\/2025\/09\/2egtdhf4.png","width":750,"height":430,"caption":"myCred Email Plus"},{"@type":"BreadcrumbList","@id":"https:\/\/allwintheme.com\/product\/mycred-email-plus\/#breadcrumb","itemListElement":[{"@type":"ListItem","position":1,"name":"Home","item":"https:\/\/allwintheme.com\/"},{"@type":"ListItem","position":2,"name":"Shop","item":"https:\/\/allwintheme.com\/shop\/"},{"@type":"ListItem","position":3,"name":"myCred Email Plus Plugin"}]},{"@type":"WebSite","@id":"https:\/\/allwintheme.com\/#website","url":"https:\/\/allwintheme.com\/","name":"Allwintheme","description":"Descarga gratis temas de WordPress para todos los nichos. Blogs, negocios, comercio electr\u00f3nico, portafolio, restaurante y m\u00e1s. Todos los temas tienen licencia GPL y est\u00e1n preparados para dispositivos m\u00f3viles.","potentialAction":[{"@type":"SearchAction","target":{"@type":"EntryPoint","urlTemplate":"https:\/\/allwintheme.com\/?s={search_term_string}"},"query-input":{"@type":"PropertyValueSpecification","valueRequired":true,"valueName":"search_term_string"}}],"inLanguage":"es-CL"}]}},"_links":{"self":[{"href":"https:\/\/allwintheme.com\/es\/wp-json\/wp\/v2\/product\/7340","targetHints":{"allow":["GET"]}}],"collection":[{"href":"https:\/\/allwintheme.com\/es\/wp-json\/wp\/v2\/product"}],"about":[{"href":"https:\/\/allwintheme.com\/es\/wp-json\/wp\/v2\/types\/product"}],"replies":[{"embeddable":true,"href":"https:\/\/allwintheme.com\/es\/wp-json\/wp\/v2\/comments?post=7340"}],"version-history":[{"count":0,"href":"https:\/\/allwintheme.com\/es\/wp-json\/wp\/v2\/product\/7340\/revisions"}],"wp:featuredmedia":[{"embeddable":true,"href":"https:\/\/allwintheme.com\/es\/wp-json\/wp\/v2\/media\/7273"}],"wp:attachment":[{"href":"https:\/\/allwintheme.com\/es\/wp-json\/wp\/v2\/media?parent=7340"}],"wp:term":[{"taxonomy":"product_brand","embeddable":true,"href":"https:\/\/allwintheme.com\/es\/wp-json\/wp\/v2\/product_brand?post=7340"},{"taxonomy":"product_cat","embeddable":true,"href":"https:\/\/allwintheme.com\/es\/wp-json\/wp\/v2\/product_cat?post=7340"},{"taxonomy":"product_tag","embeddable":true,"href":"https:\/\/allwintheme.com\/es\/wp-json\/wp\/v2\/product_tag?post=7340"}],"curies":[{"name":"wp","href":"https:\/\/api.w.org\/{rel}","templated":true}]}}