{"id":7392,"date":"2025-09-17T13:11:05","date_gmt":"2025-09-17T13:11:05","guid":{"rendered":"https:\/\/allwintheme.com\/?post_type=product&#038;p=7392"},"modified":"2025-09-17T13:19:45","modified_gmt":"2025-09-17T13:19:45","slug":"vistant-asistente-virtual-servicio-elementor-plantilla","status":"publish","type":"product","link":"https:\/\/allwintheme.com\/es\/producto\/vistant-asistente-virtual-servicio-elementor-plantilla\/","title":{"rendered":"Vistant - Plantilla de Asistente Virtual"},"content":{"rendered":"<div data-elementor-type=\"wp-post\" data-elementor-id=\"7392\" class=\"elementor elementor-7392\" data-elementor-settings=\"{&quot;element_pack_global_tooltip_width&quot;:{&quot;unit&quot;:&quot;px&quot;,&quot;size&quot;:&quot;&quot;,&quot;sizes&quot;:[]},&quot;element_pack_global_tooltip_width_tablet&quot;:{&quot;unit&quot;:&quot;px&quot;,&quot;size&quot;:&quot;&quot;,&quot;sizes&quot;:[]},&quot;element_pack_global_tooltip_width_mobile&quot;:{&quot;unit&quot;:&quot;px&quot;,&quot;size&quot;:&quot;&quot;,&quot;sizes&quot;:[]},&quot;element_pack_global_tooltip_padding&quot;:{&quot;unit&quot;:&quot;px&quot;,&quot;top&quot;:&quot;&quot;,&quot;right&quot;:&quot;&quot;,&quot;bottom&quot;:&quot;&quot;,&quot;left&quot;:&quot;&quot;,&quot;isLinked&quot;:true},&quot;element_pack_global_tooltip_padding_tablet&quot;:{&quot;unit&quot;:&quot;px&quot;,&quot;top&quot;:&quot;&quot;,&quot;right&quot;:&quot;&quot;,&quot;bottom&quot;:&quot;&quot;,&quot;left&quot;:&quot;&quot;,&quot;isLinked&quot;:true},&quot;element_pack_global_tooltip_padding_mobile&quot;:{&quot;unit&quot;:&quot;px&quot;,&quot;top&quot;:&quot;&quot;,&quot;right&quot;:&quot;&quot;,&quot;bottom&quot;:&quot;&quot;,&quot;left&quot;:&quot;&quot;,&quot;isLinked&quot;:true},&quot;element_pack_global_tooltip_border_radius&quot;:{&quot;unit&quot;:&quot;px&quot;,&quot;top&quot;:&quot;&quot;,&quot;right&quot;:&quot;&quot;,&quot;bottom&quot;:&quot;&quot;,&quot;left&quot;:&quot;&quot;,&quot;isLinked&quot;:true},&quot;element_pack_global_tooltip_border_radius_tablet&quot;:{&quot;unit&quot;:&quot;px&quot;,&quot;top&quot;:&quot;&quot;,&quot;right&quot;:&quot;&quot;,&quot;bottom&quot;:&quot;&quot;,&quot;left&quot;:&quot;&quot;,&quot;isLinked&quot;:true},&quot;element_pack_global_tooltip_border_radius_mobile&quot;:{&quot;unit&quot;:&quot;px&quot;,&quot;top&quot;:&quot;&quot;,&quot;right&quot;:&quot;&quot;,&quot;bottom&quot;:&quot;&quot;,&quot;left&quot;:&quot;&quot;,&quot;isLinked&quot;:true}}\" data-elementor-post-type=\"product\">\n\t\t\t\t<div class=\"elementor-element elementor-element-93aa4a8 e-con-full e-flex e-con e-parent\" data-id=\"93aa4a8\" data-element_type=\"container\" data-e-type=\"container\">\n\t\t\t\t<div class=\"elementor-element elementor-element-2c3f760 miaoshu elementor-widget elementor-widget-wd_text_block\" data-id=\"2c3f760\" data-element_type=\"widget\" data-e-type=\"widget\" data-widget_type=\"wd_text_block.default\">\n\t\t\t\t<div class=\"elementor-widget-container\">\n\t\t\t\t\t\t\t<div class=\"wd-text-block reset-last-child text-left\">\n\t\t\t\n\t\t\t<h2>Acerca de la Plantilla de Asistente Virtual Vistant<\/h2>\n<p>La Plantilla Elementor de Vistant Virtual Assistant Service est\u00e1 dise\u00f1ada para ayudar a profesionales y agencias a mostrar sus servicios de la manera m\u00e1s eficaz. Construida con una est\u00e9tica moderna y una estructura totalmente responsive, asegura que tu negocio de asistente virtual destaque online. Tanto si eres un freelance independiente como si gestionas un equipo de asistentes, esta plantilla te ofrece la base perfecta para destacar tu experiencia, conectar con clientes y hacer crecer tu negocio.<\/p>\n\n<h2>Por qu\u00e9 elegir Vistant<\/h2>\n<p>A medida que crece la demanda de trabajo a distancia y asistencia digital, la necesidad de asistentes virtuales nunca ha sido mayor. Sin embargo, en un mercado competitivo, su presencia en l\u00ednea es clave para conseguir nuevos clientes. Vistant est\u00e1 dise\u00f1ado para afrontar este reto ofreciendo un dise\u00f1o profesional, fiable y cercano. Sus dise\u00f1os est\u00e1n cuidadosamente elaborados para reflejar fiabilidad, al tiempo que son lo suficientemente flexibles como para adaptarse a su identidad de marca personal.<\/p>\n\n<h2>Presentar sus servicios<\/h2>\n<p>La plantilla incluye secciones espec\u00edficas para presentar los servicios de forma clara y atractiva. Tanto si est\u00e1 especializado en programaci\u00f3n, gesti\u00f3n de correo electr\u00f3nico, investigaci\u00f3n, atenci\u00f3n al cliente o tareas administrativas, puede destacar cada servicio con im\u00e1genes y descripciones concisas. Esta estructura garantiza que los clientes potenciales entiendan inmediatamente lo que ofrece y c\u00f3mo puede ayudarles en sus necesidades empresariales. Al desglosar los servicios en bloques f\u00e1ciles de leer, la plantilla hace que su experiencia sea accesible tanto para los propietarios de peque\u00f1as empresas como para las grandes organizaciones.<\/p>\n\n<h2>Paquetes y precios<\/h2>\n<p>Uno de los puntos fuertes de Vistant son sus funciones integradas para mostrar paquetes y planes de precios. Los asistentes virtuales suelen ofrecer soluciones flexibles, y esta plantilla le permite comunicar sus opciones con claridad. Puede indicar tarifas por hora, retenciones mensuales o paquetes basados en tareas, lo que facilita a los clientes la elecci\u00f3n de lo que m\u00e1s les conviene. Este nivel de transparencia genera confianza y agiliza el proceso de toma de decisiones de los clientes potenciales.<\/p>\n\n<h2>Marca profesional<\/h2>\n<p>La identidad de marca es fundamental para crear credibilidad, especialmente en el sector de los asistentes virtuales. Vistant le permite personalizar las paletas de colores, las fuentes y las im\u00e1genes para alinearlas con su marca personal o la de su agencia. Desde la p\u00e1gina de inicio hasta las p\u00e1ginas de servicios, el dise\u00f1o mantiene un aspecto coherente y profesional, garantizando que su empresa est\u00e9 representada con precisi\u00f3n. Tambi\u00e9n puede incluir logotipos, testimonios y certificaciones para reforzar su reputaci\u00f3n y mostrar a los clientes por qu\u00e9 es usted la elecci\u00f3n correcta.<\/p>\n\n<h2>Dise\u00f1o adaptable y f\u00e1cil de usar<\/h2>\n<p>Dado que los clientes acceden a los sitios web desde ordenadores de sobremesa, tabletas y dispositivos m\u00f3viles, la capacidad de respuesta es una caracter\u00edstica innegociable. La plantilla Vistant est\u00e1 totalmente optimizada para todos los tama\u00f1os de pantalla, lo que garantiza una navegaci\u00f3n fluida y un aspecto profesional en todas las plataformas. Los visitantes pueden encontrar r\u00e1pidamente lo que buscan, desde la oferta de servicios hasta los datos de contacto, lo que mejora la experiencia general del usuario y aumenta el compromiso.<\/p>\n\n<h2>Testimonios de clientes y estudios de casos<\/h2>\n<p>Generar confianza es esencial para los asistentes virtuales, y los testimonios son una de las formas m\u00e1s eficaces de hacerlo. Vistant incluye secciones dedicadas a mostrar opiniones de clientes e historias de \u00e9xito. Al compartir opiniones reales y estudios de casos, proporciona una prueba social que aumenta su credibilidad y tranquiliza a los clientes potenciales sobre su fiabilidad. Este elemento humano transforma su sitio web en algo m\u00e1s que un folleto: se convierte en una plataforma que demuestra su valor en acci\u00f3n.<\/p>\n\n<h2>Integraci\u00f3n con herramientas esenciales<\/h2>\n<p>La eficiencia est\u00e1 en el coraz\u00f3n de los servicios de asistente virtual, y su sitio web debe reflejarlo. Vistant se integra sin problemas con plugins y herramientas esenciales de WordPress, como formularios de contacto, calendarios, sistemas de pago y optimizadores SEO. Estas integraciones le ayudan a captar clientes potenciales, programar consultas, gestionar reservas y realizar un seguimiento de su rendimiento en l\u00ednea. La plantilla est\u00e1 dise\u00f1ada para crecer con su negocio, apoyando las herramientas digitales en las que conf\u00eda a diario.<\/p>\n\n<h2>Blog y centro de recursos<\/h2>\n<p>Compartir conocimientos y puntos de vista es una excelente forma de posicionarse como l\u00edder de opini\u00f3n. Vistant viene con un dise\u00f1o de blog totalmente funcional que le permite publicar art\u00edculos, consejos y recursos para los clientes. Actualizando constantemente su blog, mejorar\u00e1 su posicionamiento SEO, atraer\u00e1 suscriptores y mostrar\u00e1 su experiencia en productividad, trabajo remoto y gesti\u00f3n empresarial. Esto no s\u00f3lo refuerza su marca, sino que tambi\u00e9n mantiene a los clientes interesados en sus servicios.<\/p>\n\n<h2>Personalizaci\u00f3n y flexibilidad<\/h2>\n<p>No hay dos negocios de asistente virtual iguales, por lo que Vistant ofrece amplias opciones de personalizaci\u00f3n. Con el constructor de arrastrar y soltar de Elementor, puedes ajustar dise\u00f1os, secciones y elementos sin necesidad de conocimientos de codificaci\u00f3n. Tanto si quieres un dise\u00f1o minimalista centrado en los servicios como un sitio m\u00e1s din\u00e1mico con animaciones y galer\u00edas, la plantilla se adapta a tu visi\u00f3n. Esta flexibilidad garantiza que su sitio web refleje realmente su personalidad y estilo profesional.<\/p>\n\n<h2>Generaci\u00f3n y conversi\u00f3n de clientes potenciales<\/h2>\n<p>Un buen sitio web no se limita a informar, sino que convierte a los visitantes en clientes. Vistant se ha dise\u00f1ado pensando en la conversi\u00f3n, con botones de llamada a la acci\u00f3n, formularios de consulta y datos de contacto estrat\u00e9gicamente situados. Al guiar a los visitantes de forma natural por el sitio, aumentan las posibilidades de convertirlos en clientes de pago. Desde la primera impresi\u00f3n hasta el paso final de la reserva, cada elemento de la plantilla apoya su objetivo de aumentar su base de clientes.<\/p>\n\n<h2>Sostenibilidad y crecimiento a largo plazo<\/h2>\n<p>A medida que las empresas sigan cambiando hacia operaciones remotas, el papel de los asistentes virtuales no har\u00e1 m\u00e1s que crecer. Vistant posiciona su negocio para el \u00e9xito a largo plazo proporcionando una presencia digital profesional que crece con las tendencias del sector. Su escalabilidad significa que puede empezar con poco y ampliar su sitio a medida que crezcan sus servicios o su equipo, garantizando que su presencia en l\u00ednea evolucione con la trayectoria de su negocio.<\/p>\n\n<h2>Conclusi\u00f3n<\/h2>\n<p>La Plantilla Elementor de Vistant Virtual Assistant Service es m\u00e1s que un dise\u00f1o, es una soluci\u00f3n completa para construir credibilidad, atraer clientes y gestionar tu presencia online de forma efectiva. Desde vitrinas de servicios y planes de precios hasta testimonios y blogs, cada caracter\u00edstica est\u00e1 dise\u00f1ada para apoyar tu \u00e9xito como asistente virtual. Totalmente responsivo, personalizable y compatible con herramientas esenciales, Vistant le ofrece todo lo que necesita para establecer un sitio web profesional, atractivo y orientado al crecimiento. Si est\u00e1 listo para elevar su negocio de asistente virtual, Vistant es la elecci\u00f3n perfecta.<\/p>\n\t\t\t\t\t<\/div>\n\t\t\t\t\t\t<\/div>\n\t\t\t\t<\/div>\n\t\t\t\t<\/div>\n\t\t\t\t<\/div>","protected":false},"excerpt":{"rendered":"<p>About the Vistant Virtual Assistant Template The Vistant Virtual Assistant Service Elementor Template is designed to help professionals and agencies<\/p>","protected":false},"featured_media":7346,"comment_status":"open","ping_status":"closed","template":"","meta":{"_acf_changed":false},"product_brand":[],"product_cat":[50],"product_tag":[],"class_list":{"0":"post-7392","1":"product","2":"type-product","3":"status-publish","4":"has-post-thumbnail","6":"product_cat-template-kits","8":"first","9":"instock","10":"sale","11":"downloadable","12":"shipping-taxable","13":"purchasable","14":"product-type-simple"},"acf":[],"yoast_head":"<!-- This site is optimized with the Yoast SEO Premium plugin v25.6 (Yoast SEO v27.1.1) - https:\/\/yoast.com\/product\/yoast-seo-premium-wordpress\/ -->\n<title>Vistant \u2013 Virtual Assistant Template - AllWin Theme \u2013 Free WordPress Themes Download<\/title>\n<meta name=\"description\" content=\"A sleek Elementor template for virtual assistant services, designed to showcase skills, packages, and build client trust.\" \/>\n<meta name=\"robots\" content=\"index, follow, max-snippet:-1, max-image-preview:large, max-video-preview:-1\" \/>\n<link rel=\"canonical\" href=\"https:\/\/allwintheme.com\/es\/producto\/vistant-asistente-virtual-servicio-elementor-plantilla\/\" \/>\n<meta property=\"og:locale\" content=\"es_ES\" \/>\n<meta property=\"og:type\" content=\"article\" \/>\n<meta property=\"og:title\" content=\"Vistant \u2013 Virtual Assistant Template\" \/>\n<meta property=\"og:description\" content=\"A sleek Elementor template for virtual assistant services, designed to showcase skills, packages, and build client trust.\" \/>\n<meta property=\"og:url\" content=\"https:\/\/allwintheme.com\/es\/producto\/vistant-asistente-virtual-servicio-elementor-plantilla\/\" \/>\n<meta property=\"og:site_name\" content=\"AllWin Theme \u2013 Free WordPress Themes Download\" \/>\n<meta property=\"article:modified_time\" content=\"2025-09-17T13:19:45+00:00\" \/>\n<meta property=\"og:image\" content=\"https:\/\/allwintheme.com\/wp-content\/uploads\/2025\/09\/qa8rf7eo.png\" \/>\n\t<meta property=\"og:image:width\" content=\"768\" \/>\n\t<meta property=\"og:image:height\" content=\"512\" \/>\n\t<meta property=\"og:image:type\" content=\"image\/png\" \/>\n<meta name=\"twitter:card\" content=\"summary_large_image\" \/>\n<meta name=\"twitter:label1\" content=\"Tiempo estimado de lectura\" \/>\n\t<meta name=\"twitter:data1\" content=\"6 minutos\" \/>\n<script type=\"application\/ld+json\" class=\"yoast-schema-graph\">{\"@context\":\"https:\/\/schema.org\",\"@graph\":[{\"@type\":\"WebPage\",\"@id\":\"https:\/\/allwintheme.com\/product\/vistant-virtual-assistant-service-elementor-template\/\",\"url\":\"https:\/\/allwintheme.com\/product\/vistant-virtual-assistant-service-elementor-template\/\",\"name\":\"Vistant \u2013 Virtual Assistant Template - AllWin Theme \u2013 Free WordPress Themes Download\",\"isPartOf\":{\"@id\":\"https:\/\/allwintheme.com\/#website\"},\"primaryImageOfPage\":{\"@id\":\"https:\/\/allwintheme.com\/product\/vistant-virtual-assistant-service-elementor-template\/#primaryimage\"},\"image\":{\"@id\":\"https:\/\/allwintheme.com\/product\/vistant-virtual-assistant-service-elementor-template\/#primaryimage\"},\"thumbnailUrl\":\"https:\/\/allwintheme.com\/wp-content\/uploads\/2025\/09\/qa8rf7eo.png\",\"datePublished\":\"2025-09-17T13:11:05+00:00\",\"dateModified\":\"2025-09-17T13:19:45+00:00\",\"description\":\"A sleek Elementor template for virtual assistant services, designed to showcase skills, packages, and build client trust.\",\"breadcrumb\":{\"@id\":\"https:\/\/allwintheme.com\/product\/vistant-virtual-assistant-service-elementor-template\/#breadcrumb\"},\"inLanguage\":\"es-CL\",\"potentialAction\":[{\"@type\":\"ReadAction\",\"target\":[\"https:\/\/allwintheme.com\/product\/vistant-virtual-assistant-service-elementor-template\/\"]}]},{\"@type\":\"ImageObject\",\"inLanguage\":\"es-CL\",\"@id\":\"https:\/\/allwintheme.com\/product\/vistant-virtual-assistant-service-elementor-template\/#primaryimage\",\"url\":\"https:\/\/allwintheme.com\/wp-content\/uploads\/2025\/09\/qa8rf7eo.png\",\"contentUrl\":\"https:\/\/allwintheme.com\/wp-content\/uploads\/2025\/09\/qa8rf7eo.png\",\"width\":768,\"height\":512,\"caption\":\"Vistant \u2013 Virtual Assistant Service Elementor Template\"},{\"@type\":\"BreadcrumbList\",\"@id\":\"https:\/\/allwintheme.com\/product\/vistant-virtual-assistant-service-elementor-template\/#breadcrumb\",\"itemListElement\":[{\"@type\":\"ListItem\",\"position\":1,\"name\":\"Home\",\"item\":\"https:\/\/allwintheme.com\/\"},{\"@type\":\"ListItem\",\"position\":2,\"name\":\"Shop\",\"item\":\"https:\/\/allwintheme.com\/shop\/\"},{\"@type\":\"ListItem\",\"position\":3,\"name\":\"Vistant \u2013 Virtual Assistant Template\"}]},{\"@type\":\"WebSite\",\"@id\":\"https:\/\/allwintheme.com\/#website\",\"url\":\"https:\/\/allwintheme.com\/\",\"name\":\"Allwintheme\",\"description\":\"Download free WordPress themes for every niche. Blogs, business, eCommerce, portfolio, restaurant and more. All themes are GPL licensed and mobile-ready.\",\"potentialAction\":[{\"@type\":\"SearchAction\",\"target\":{\"@type\":\"EntryPoint\",\"urlTemplate\":\"https:\/\/allwintheme.com\/?s={search_term_string}\"},\"query-input\":{\"@type\":\"PropertyValueSpecification\",\"valueRequired\":true,\"valueName\":\"search_term_string\"}}],\"inLanguage\":\"es-CL\"}]}<\/script>\n<!-- \/ Yoast SEO Premium plugin. -->","yoast_head_json":{"title":"Vistant \u2013 Virtual Assistant Template - AllWin Theme \u2013 Free WordPress Themes Download","description":"Una elegante plantilla Elementor para servicios de asistente virtual, dise\u00f1ada para mostrar habilidades, paquetes y generar confianza en el cliente.","robots":{"index":"index","follow":"follow","max-snippet":"max-snippet:-1","max-image-preview":"max-image-preview:large","max-video-preview":"max-video-preview:-1"},"canonical":"https:\/\/allwintheme.com\/es\/producto\/vistant-asistente-virtual-servicio-elementor-plantilla\/","og_locale":"es_ES","og_type":"article","og_title":"Vistant \u2013 Virtual Assistant Template","og_description":"A sleek Elementor template for virtual assistant services, designed to showcase skills, packages, and build client trust.","og_url":"https:\/\/allwintheme.com\/es\/producto\/vistant-asistente-virtual-servicio-elementor-plantilla\/","og_site_name":"AllWin Theme \u2013 Free WordPress Themes Download","article_modified_time":"2025-09-17T13:19:45+00:00","og_image":[{"width":768,"height":512,"url":"https:\/\/allwintheme.com\/wp-content\/uploads\/2025\/09\/qa8rf7eo.png","type":"image\/png"}],"twitter_card":"summary_large_image","twitter_misc":{"Tiempo estimado de lectura":"6 minutos"},"schema":{"@context":"https:\/\/schema.org","@graph":[{"@type":"WebPage","@id":"https:\/\/allwintheme.com\/product\/vistant-virtual-assistant-service-elementor-template\/","url":"https:\/\/allwintheme.com\/product\/vistant-virtual-assistant-service-elementor-template\/","name":"Vistant \u2013 Virtual Assistant Template - AllWin Theme \u2013 Free WordPress Themes Download","isPartOf":{"@id":"https:\/\/allwintheme.com\/#website"},"primaryImageOfPage":{"@id":"https:\/\/allwintheme.com\/product\/vistant-virtual-assistant-service-elementor-template\/#primaryimage"},"image":{"@id":"https:\/\/allwintheme.com\/product\/vistant-virtual-assistant-service-elementor-template\/#primaryimage"},"thumbnailUrl":"https:\/\/allwintheme.com\/wp-content\/uploads\/2025\/09\/qa8rf7eo.png","datePublished":"2025-09-17T13:11:05+00:00","dateModified":"2025-09-17T13:19:45+00:00","description":"Una elegante plantilla Elementor para servicios de asistente virtual, dise\u00f1ada para mostrar habilidades, paquetes y generar confianza en el cliente.","breadcrumb":{"@id":"https:\/\/allwintheme.com\/product\/vistant-virtual-assistant-service-elementor-template\/#breadcrumb"},"inLanguage":"es-CL","potentialAction":[{"@type":"ReadAction","target":["https:\/\/allwintheme.com\/product\/vistant-virtual-assistant-service-elementor-template\/"]}]},{"@type":"ImageObject","inLanguage":"es-CL","@id":"https:\/\/allwintheme.com\/product\/vistant-virtual-assistant-service-elementor-template\/#primaryimage","url":"https:\/\/allwintheme.com\/wp-content\/uploads\/2025\/09\/qa8rf7eo.png","contentUrl":"https:\/\/allwintheme.com\/wp-content\/uploads\/2025\/09\/qa8rf7eo.png","width":768,"height":512,"caption":"Vistant \u2013 Virtual Assistant Service Elementor Template"},{"@type":"BreadcrumbList","@id":"https:\/\/allwintheme.com\/product\/vistant-virtual-assistant-service-elementor-template\/#breadcrumb","itemListElement":[{"@type":"ListItem","position":1,"name":"Home","item":"https:\/\/allwintheme.com\/"},{"@type":"ListItem","position":2,"name":"Shop","item":"https:\/\/allwintheme.com\/shop\/"},{"@type":"ListItem","position":3,"name":"Vistant \u2013 Virtual Assistant Template"}]},{"@type":"WebSite","@id":"https:\/\/allwintheme.com\/#website","url":"https:\/\/allwintheme.com\/","name":"Allwintheme","description":"Descarga gratis temas de WordPress para todos los nichos. Blogs, negocios, comercio electr\u00f3nico, portafolio, restaurante y m\u00e1s. Todos los temas tienen licencia GPL y est\u00e1n preparados para dispositivos m\u00f3viles.","potentialAction":[{"@type":"SearchAction","target":{"@type":"EntryPoint","urlTemplate":"https:\/\/allwintheme.com\/?s={search_term_string}"},"query-input":{"@type":"PropertyValueSpecification","valueRequired":true,"valueName":"search_term_string"}}],"inLanguage":"es-CL"}]}},"_links":{"self":[{"href":"https:\/\/allwintheme.com\/es\/wp-json\/wp\/v2\/product\/7392","targetHints":{"allow":["GET"]}}],"collection":[{"href":"https:\/\/allwintheme.com\/es\/wp-json\/wp\/v2\/product"}],"about":[{"href":"https:\/\/allwintheme.com\/es\/wp-json\/wp\/v2\/types\/product"}],"replies":[{"embeddable":true,"href":"https:\/\/allwintheme.com\/es\/wp-json\/wp\/v2\/comments?post=7392"}],"version-history":[{"count":0,"href":"https:\/\/allwintheme.com\/es\/wp-json\/wp\/v2\/product\/7392\/revisions"}],"wp:featuredmedia":[{"embeddable":true,"href":"https:\/\/allwintheme.com\/es\/wp-json\/wp\/v2\/media\/7346"}],"wp:attachment":[{"href":"https:\/\/allwintheme.com\/es\/wp-json\/wp\/v2\/media?parent=7392"}],"wp:term":[{"taxonomy":"product_brand","embeddable":true,"href":"https:\/\/allwintheme.com\/es\/wp-json\/wp\/v2\/product_brand?post=7392"},{"taxonomy":"product_cat","embeddable":true,"href":"https:\/\/allwintheme.com\/es\/wp-json\/wp\/v2\/product_cat?post=7392"},{"taxonomy":"product_tag","embeddable":true,"href":"https:\/\/allwintheme.com\/es\/wp-json\/wp\/v2\/product_tag?post=7392"}],"curies":[{"name":"wp","href":"https:\/\/api.w.org\/{rel}","templated":true}]}}