{"id":7398,"date":"2025-09-17T13:20:10","date_gmt":"2025-09-17T13:20:10","guid":{"rendered":"https:\/\/allwintheme.com\/?post_type=product&#038;p=7398"},"modified":"2025-09-17T13:28:30","modified_gmt":"2025-09-17T13:28:30","slug":"vironic-realidad-virtual-aumentada-servicios-elementor-plantilla","status":"publish","type":"product","link":"https:\/\/allwintheme.com\/es\/producto\/vironic-realidad-virtual-aumentada-servicios-elementor-plantilla\/","title":{"rendered":"Vironic - AR &amp; VR Plantilla Elementor"},"content":{"rendered":"<div data-elementor-type=\"wp-post\" data-elementor-id=\"7398\" class=\"elementor elementor-7398\" data-elementor-settings=\"{&quot;element_pack_global_tooltip_width&quot;:{&quot;unit&quot;:&quot;px&quot;,&quot;size&quot;:&quot;&quot;,&quot;sizes&quot;:[]},&quot;element_pack_global_tooltip_width_tablet&quot;:{&quot;unit&quot;:&quot;px&quot;,&quot;size&quot;:&quot;&quot;,&quot;sizes&quot;:[]},&quot;element_pack_global_tooltip_width_mobile&quot;:{&quot;unit&quot;:&quot;px&quot;,&quot;size&quot;:&quot;&quot;,&quot;sizes&quot;:[]},&quot;element_pack_global_tooltip_padding&quot;:{&quot;unit&quot;:&quot;px&quot;,&quot;top&quot;:&quot;&quot;,&quot;right&quot;:&quot;&quot;,&quot;bottom&quot;:&quot;&quot;,&quot;left&quot;:&quot;&quot;,&quot;isLinked&quot;:true},&quot;element_pack_global_tooltip_padding_tablet&quot;:{&quot;unit&quot;:&quot;px&quot;,&quot;top&quot;:&quot;&quot;,&quot;right&quot;:&quot;&quot;,&quot;bottom&quot;:&quot;&quot;,&quot;left&quot;:&quot;&quot;,&quot;isLinked&quot;:true},&quot;element_pack_global_tooltip_padding_mobile&quot;:{&quot;unit&quot;:&quot;px&quot;,&quot;top&quot;:&quot;&quot;,&quot;right&quot;:&quot;&quot;,&quot;bottom&quot;:&quot;&quot;,&quot;left&quot;:&quot;&quot;,&quot;isLinked&quot;:true},&quot;element_pack_global_tooltip_border_radius&quot;:{&quot;unit&quot;:&quot;px&quot;,&quot;top&quot;:&quot;&quot;,&quot;right&quot;:&quot;&quot;,&quot;bottom&quot;:&quot;&quot;,&quot;left&quot;:&quot;&quot;,&quot;isLinked&quot;:true},&quot;element_pack_global_tooltip_border_radius_tablet&quot;:{&quot;unit&quot;:&quot;px&quot;,&quot;top&quot;:&quot;&quot;,&quot;right&quot;:&quot;&quot;,&quot;bottom&quot;:&quot;&quot;,&quot;left&quot;:&quot;&quot;,&quot;isLinked&quot;:true},&quot;element_pack_global_tooltip_border_radius_mobile&quot;:{&quot;unit&quot;:&quot;px&quot;,&quot;top&quot;:&quot;&quot;,&quot;right&quot;:&quot;&quot;,&quot;bottom&quot;:&quot;&quot;,&quot;left&quot;:&quot;&quot;,&quot;isLinked&quot;:true}}\" data-elementor-post-type=\"product\">\n\t\t\t\t<div class=\"elementor-element elementor-element-93aa4a8 e-con-full e-flex e-con e-parent\" data-id=\"93aa4a8\" data-element_type=\"container\" data-e-type=\"container\">\n\t\t\t\t<div class=\"elementor-element elementor-element-2c3f760 miaoshu elementor-widget elementor-widget-wd_text_block\" data-id=\"2c3f760\" data-element_type=\"widget\" data-e-type=\"widget\" data-widget_type=\"wd_text_block.default\">\n\t\t\t\t<div class=\"elementor-widget-container\">\n\t\t\t\t\t\t\t<div class=\"wd-text-block reset-last-child text-left\">\n\t\t\t\n\t\t\t<h2>Acerca de la plantilla Vironic AR &amp; VR<\/h2>\n<p>Vironic es una plantilla Elementor premium dise\u00f1ada espec\u00edficamente para empresas y startups que ofrecen servicios de Realidad Aumentada (RA) y Realidad Virtual (RV). Construida con principios de dise\u00f1o modernos, esta plantilla proporciona una soluci\u00f3n responsive, pulida y visualmente impactante para mostrar tus proyectos, servicios y experiencia en tecnolog\u00edas inmersivas. Tanto si est\u00e1 creando simulaciones de RV de \u00faltima generaci\u00f3n, aplicaciones mejoradas con RA o experiencias interactivas en 3D, Vironic le ofrece la flexibilidad y el dise\u00f1o profesional que necesita para causar impacto.<\/p>\n\n<h2>Por qu\u00e9 elegir Vironic<\/h2>\n<p>En los sectores impulsados por la innovaci\u00f3n, la presentaci\u00f3n lo es todo. Vironic permite a los proveedores de RA y RV mostrar sus soluciones \u00fanicas con claridad y estilo. La plantilla est\u00e1 dise\u00f1ada para captar la atenci\u00f3n, comunicar ideas complejas en formatos sencillos y crear una impresi\u00f3n duradera en clientes y socios potenciales. Con su estructura limpia y sus funciones personalizables, Vironic tiende un puente entre la innovaci\u00f3n t\u00e9cnica y la narraci\u00f3n atractiva.<\/p>\n\n<h2>Presentaci\u00f3n de servicios y soluciones<\/h2>\n<p>Vironic incluye secciones dedicadas para presentar sus servicios principales, lo que facilita que los visitantes comprendan su experiencia. Puede destacar soluciones como la visualizaci\u00f3n de productos en realidad aumentada, simulaciones de formaci\u00f3n en realidad virtual, campa\u00f1as de marketing inmersivas, aplicaciones de juegos e integraci\u00f3n de realidad aumentada y realidad virtual a nivel empresarial. Cada secci\u00f3n de servicios se puede personalizar para incluir texto, im\u00e1genes y elementos multimedia, lo que garantiza que sus ofertas se presenten de la forma m\u00e1s atractiva posible. Combinando elementos visuales elegantes con contenido informativo, proporcionar\u00e1 a sus clientes potenciales una comprensi\u00f3n clara de sus capacidades.<\/p>\n\n<h2>Proyectos y casos pr\u00e1cticos<\/h2>\n<p>Los clientes potenciales quieren pruebas de tu experiencia y de los resultados que puedes ofrecer. Vironic ofrece dise\u00f1os de proyectos y portafolios dise\u00f1ados para mostrar trabajos anteriores, estudios de casos y colaboraciones exitosas. Puedes incluir im\u00e1genes, v\u00eddeos o contenido interactivo para demostrar el impacto real de tus proyectos de realidad aumentada y realidad virtual. Estas secciones crean credibilidad y dan confianza a los clientes potenciales a la hora de elegir tus servicios, mostrando no solo lo que haces, sino tambi\u00e9n c\u00f3mo resuelves problemas y ofreces un valor cuantificable.<\/p>\n\n<h2>Narraci\u00f3n inmersiva<\/h2>\n<p>La realidad aumentada y la realidad virtual se basan en experiencias inmersivas, y Vironic lo refleja ofreciendo dise\u00f1os interactivos que atraen a los visitantes desde el primer momento. El dise\u00f1o de la plantilla fomenta la exploraci\u00f3n, con una navegaci\u00f3n clara y animaciones fluidas que crean un viaje de navegaci\u00f3n din\u00e1mico. Al combinar tecnolog\u00eda y creatividad, Vironic convierte su sitio web en una extensi\u00f3n de las experiencias innovadoras que crea para sus clientes.<\/p>\n\n<h2>Dise\u00f1o adaptable a todos los dispositivos<\/h2>\n<p>Al igual que la realidad aumentada y la realidad virtual rompen las fronteras entre los espacios f\u00edsicos y digitales, su sitio web deber\u00eda romper las fronteras entre dispositivos. Vironic es totalmente responsive y se adapta perfectamente a ordenadores de sobremesa, tabletas y smartphones. El enfoque mobile-first garantiza que su p\u00fablico pueda acceder y disfrutar de su sitio sin importar d\u00f3nde se encuentren. Un rendimiento fluido, velocidades de carga r\u00e1pidas y un dise\u00f1o visualmente atractivo garantizan una experiencia positiva para todos los usuarios.<\/p>\n\n<h2>Creado para Elementor<\/h2>\n<p>Vironic aprovecha el poder de Elementor, uno de los constructores de p\u00e1ginas m\u00e1s populares para WordPress. Esto significa que puede personalizar todos los aspectos de su sitio con una sencilla interfaz de arrastrar y soltar, sin necesidad de conocimientos avanzados de codificaci\u00f3n. Desde cabeceras y pies de p\u00e1gina hasta secciones de servicio y formularios de contacto, cada detalle puede adaptarse a la identidad de tu marca. La integraci\u00f3n con Elementor tambi\u00e9n garantiza la compatibilidad futura, d\u00e1ndote la libertad de actualizar y ampliar tu sitio web a medida que crece tu negocio.<\/p>\n\n<h2>Marketing de contenidos y blogs<\/h2>\n<p>Para posicionar a su empresa como l\u00edder de opini\u00f3n en RA y RV, Vironic incluye una s\u00f3lida funcionalidad de blog. Comparta ideas, actualizaciones y art\u00edculos sobre tendencias en tecnolog\u00edas inmersivas, hitos de proyectos y aplicaciones innovadoras. Las actualizaciones regulares de contenido mejoran el rendimiento SEO, atraen a nuevos visitantes y establecen su empresa como una voz autorizada en la industria. El dise\u00f1o del blog est\u00e1 pensado para facilitar la lectura y el compromiso, lo que lo convierte en una potente herramienta para la comunicaci\u00f3n y la captaci\u00f3n de clientes.<\/p>\n\n<h2>Opciones de personalizaci\u00f3n<\/h2>\n<p>Vironic reconoce que cada empresa de RA y RV tiene su propia visi\u00f3n \u00fanica. Por eso ofrece amplias posibilidades de personalizaci\u00f3n. Puede elegir entre m\u00faltiples esquemas de color, opciones de tipograf\u00eda y estilos de dise\u00f1o para crear un sitio web que se sienta distintivamente suyo. Si su marca es elegante y futurista o atrevida y juguetona, Vironic se adapta a su est\u00e9tica, asegurando que su sitio web refleje la personalidad y los valores de su empresa.<\/p>\n\n<h2>Integraci\u00f3n con plugins esenciales<\/h2>\n<p>Los sitios web modernos requieren una funcionalidad perfecta, y Vironic se ha creado pensando en la compatibilidad. La plantilla funciona con plugins de WordPress esenciales para SEO, formularios de contacto, an\u00e1lisis y comercio electr\u00f3nico. Tanto si est\u00e1 captando clientes potenciales, analizando el comportamiento de los usuarios o vendiendo productos y servicios AR\/VR en l\u00ednea, Vironic es compatible con las herramientas que necesita para dirigir su negocio con eficacia. La integraci\u00f3n con plugins tambi\u00e9n le permite ampliar la funcionalidad de su sitio a medida que evoluciona su negocio.<\/p>\n\n<h2>Crear confianza y credibilidad<\/h2>\n<p>En sectores emergentes como la RA y la RV, la credibilidad es clave para atraer clientes e inversores. Vironic te permite presentar testimonios de clientes, certificaciones del sector e hitos de la empresa de forma atractiva. Estas secciones proporcionan seguridad a los socios potenciales y establecen su empresa como un l\u00edder de confianza en el espacio de la tecnolog\u00eda inmersiva. Al combinar un dise\u00f1o profesional con una narraci\u00f3n aut\u00e9ntica, Vironic le ayuda a establecer conexiones m\u00e1s fuertes con su p\u00fablico.<\/p>\n\n<h2>Dise\u00f1o orientado al futuro<\/h2>\n<p>La realidad aumentada y la realidad virtual representan el futuro de la interacci\u00f3n digital, y Vironic se ha creado pensando en ese mismo futuro. El dise\u00f1o elegante e innovador de la plantilla posiciona a su empresa como pionera con visi\u00f3n de futuro en tecnolog\u00edas inmersivas. Vironic ofrece una plataforma moderna para contar tu historia e inspirar a tus clientes, ya sea para presentar aplicaciones de realidad aumentada revolucionarias, crear entornos de aprendizaje de realidad virtual o desarrollar campa\u00f1as de marketing interactivas.<\/p>\n\n<h2>Conclusi\u00f3n<\/h2>\n<p>Vironic - AR &amp; VR Elementor Template es m\u00e1s que un dise\u00f1o web. Es una soluci\u00f3n completa para empresas dispuestas a mostrar su innovaci\u00f3n en tecnolog\u00edas inmersivas. Con dise\u00f1os responsivos, caracter\u00edsticas personalizables, integraci\u00f3n perfecta con Elementor y secciones dedicadas a servicios, proyectos y marketing de contenidos, Vironic te equipa con todo lo necesario para destacar en la competitiva industria de RA y RV. Si su objetivo es presentar su negocio con estilo, profesionalidad e impacto, Vironic es la plantilla dise\u00f1ada para lograrlo.<\/p>\n\t\t\t\t\t<\/div>\n\t\t\t\t\t\t<\/div>\n\t\t\t\t<\/div>\n\t\t\t\t<\/div>\n\t\t\t\t<\/div>","protected":false},"excerpt":{"rendered":"<p>About the Vironic AR &amp; VR Template Vironic is a premium Elementor template crafted specifically for companies and startups offering<\/p>","protected":false},"featured_media":7347,"comment_status":"open","ping_status":"closed","template":"","meta":{"_acf_changed":false},"product_brand":[],"product_cat":[50],"product_tag":[],"class_list":{"0":"post-7398","1":"product","2":"type-product","3":"status-publish","4":"has-post-thumbnail","6":"product_cat-template-kits","8":"first","9":"instock","10":"sale","11":"downloadable","12":"shipping-taxable","13":"purchasable","14":"product-type-simple"},"acf":[],"yoast_head":"<!-- This site is optimized with the Yoast SEO Premium plugin v25.6 (Yoast SEO v27.1.1) - https:\/\/yoast.com\/product\/yoast-seo-premium-wordpress\/ -->\n<title>Vironic \u2013 AR &amp; VR Elementor Template - AllWin Theme \u2013 Free WordPress Themes Download<\/title>\n<meta name=\"description\" content=\"A modern Elementor template for showcasing augmented and virtual reality services with style and innovation.\" \/>\n<meta name=\"robots\" content=\"index, follow, max-snippet:-1, max-image-preview:large, max-video-preview:-1\" \/>\n<link rel=\"canonical\" href=\"https:\/\/allwintheme.com\/es\/producto\/vironic-realidad-virtual-aumentada-servicios-elementor-plantilla\/\" \/>\n<meta property=\"og:locale\" content=\"es_ES\" \/>\n<meta property=\"og:type\" content=\"article\" \/>\n<meta property=\"og:title\" content=\"Vironic \u2013 AR &amp; VR Elementor Template\" \/>\n<meta property=\"og:description\" content=\"A modern Elementor template for showcasing augmented and virtual reality services with style and innovation.\" \/>\n<meta property=\"og:url\" content=\"https:\/\/allwintheme.com\/es\/producto\/vironic-realidad-virtual-aumentada-servicios-elementor-plantilla\/\" \/>\n<meta property=\"og:site_name\" content=\"AllWin Theme \u2013 Free WordPress Themes Download\" \/>\n<meta property=\"article:modified_time\" content=\"2025-09-17T13:28:30+00:00\" \/>\n<meta property=\"og:image\" content=\"https:\/\/allwintheme.com\/wp-content\/uploads\/2025\/09\/hriv95i5.png\" \/>\n\t<meta property=\"og:image:width\" content=\"768\" \/>\n\t<meta property=\"og:image:height\" content=\"466\" \/>\n\t<meta property=\"og:image:type\" content=\"image\/png\" \/>\n<meta name=\"twitter:card\" content=\"summary_large_image\" \/>\n<meta name=\"twitter:label1\" content=\"Tiempo estimado de lectura\" \/>\n\t<meta name=\"twitter:data1\" content=\"6 minutos\" \/>\n<script type=\"application\/ld+json\" class=\"yoast-schema-graph\">{\"@context\":\"https:\/\/schema.org\",\"@graph\":[{\"@type\":\"WebPage\",\"@id\":\"https:\/\/allwintheme.com\/product\/vironic-augmented-virtual-reality-services-elementor-template\/\",\"url\":\"https:\/\/allwintheme.com\/product\/vironic-augmented-virtual-reality-services-elementor-template\/\",\"name\":\"Vironic \u2013 AR & VR Elementor Template - AllWin Theme \u2013 Free WordPress Themes Download\",\"isPartOf\":{\"@id\":\"https:\/\/allwintheme.com\/#website\"},\"primaryImageOfPage\":{\"@id\":\"https:\/\/allwintheme.com\/product\/vironic-augmented-virtual-reality-services-elementor-template\/#primaryimage\"},\"image\":{\"@id\":\"https:\/\/allwintheme.com\/product\/vironic-augmented-virtual-reality-services-elementor-template\/#primaryimage\"},\"thumbnailUrl\":\"https:\/\/allwintheme.com\/wp-content\/uploads\/2025\/09\/hriv95i5.png\",\"datePublished\":\"2025-09-17T13:20:10+00:00\",\"dateModified\":\"2025-09-17T13:28:30+00:00\",\"description\":\"A modern Elementor template for showcasing augmented and virtual reality services with style and innovation.\",\"breadcrumb\":{\"@id\":\"https:\/\/allwintheme.com\/product\/vironic-augmented-virtual-reality-services-elementor-template\/#breadcrumb\"},\"inLanguage\":\"es-CL\",\"potentialAction\":[{\"@type\":\"ReadAction\",\"target\":[\"https:\/\/allwintheme.com\/product\/vironic-augmented-virtual-reality-services-elementor-template\/\"]}]},{\"@type\":\"ImageObject\",\"inLanguage\":\"es-CL\",\"@id\":\"https:\/\/allwintheme.com\/product\/vironic-augmented-virtual-reality-services-elementor-template\/#primaryimage\",\"url\":\"https:\/\/allwintheme.com\/wp-content\/uploads\/2025\/09\/hriv95i5.png\",\"contentUrl\":\"https:\/\/allwintheme.com\/wp-content\/uploads\/2025\/09\/hriv95i5.png\",\"width\":768,\"height\":466,\"caption\":\"Vironic \u2013 Augmented & Virtual Reality Services Elementor Template\"},{\"@type\":\"BreadcrumbList\",\"@id\":\"https:\/\/allwintheme.com\/product\/vironic-augmented-virtual-reality-services-elementor-template\/#breadcrumb\",\"itemListElement\":[{\"@type\":\"ListItem\",\"position\":1,\"name\":\"Home\",\"item\":\"https:\/\/allwintheme.com\/\"},{\"@type\":\"ListItem\",\"position\":2,\"name\":\"Shop\",\"item\":\"https:\/\/allwintheme.com\/shop\/\"},{\"@type\":\"ListItem\",\"position\":3,\"name\":\"Vironic \u2013 AR &#038; VR Elementor Template\"}]},{\"@type\":\"WebSite\",\"@id\":\"https:\/\/allwintheme.com\/#website\",\"url\":\"https:\/\/allwintheme.com\/\",\"name\":\"Allwintheme\",\"description\":\"Download free WordPress themes for every niche. Blogs, business, eCommerce, portfolio, restaurant and more. All themes are GPL licensed and mobile-ready.\",\"potentialAction\":[{\"@type\":\"SearchAction\",\"target\":{\"@type\":\"EntryPoint\",\"urlTemplate\":\"https:\/\/allwintheme.com\/?s={search_term_string}\"},\"query-input\":{\"@type\":\"PropertyValueSpecification\",\"valueRequired\":true,\"valueName\":\"search_term_string\"}}],\"inLanguage\":\"es-CL\"}]}<\/script>\n<!-- \/ Yoast SEO Premium plugin. -->","yoast_head_json":{"title":"Vironic - AR &amp; VR Elementor Template - AllWin Theme - Free WordPress Themes Download","description":"Una plantilla Elementor moderna para mostrar servicios de realidad aumentada y virtual con estilo e innovaci\u00f3n.","robots":{"index":"index","follow":"follow","max-snippet":"max-snippet:-1","max-image-preview":"max-image-preview:large","max-video-preview":"max-video-preview:-1"},"canonical":"https:\/\/allwintheme.com\/es\/producto\/vironic-realidad-virtual-aumentada-servicios-elementor-plantilla\/","og_locale":"es_ES","og_type":"article","og_title":"Vironic \u2013 AR & VR Elementor Template","og_description":"A modern Elementor template for showcasing augmented and virtual reality services with style and innovation.","og_url":"https:\/\/allwintheme.com\/es\/producto\/vironic-realidad-virtual-aumentada-servicios-elementor-plantilla\/","og_site_name":"AllWin Theme \u2013 Free WordPress Themes Download","article_modified_time":"2025-09-17T13:28:30+00:00","og_image":[{"width":768,"height":466,"url":"https:\/\/allwintheme.com\/wp-content\/uploads\/2025\/09\/hriv95i5.png","type":"image\/png"}],"twitter_card":"summary_large_image","twitter_misc":{"Tiempo estimado de lectura":"6 minutos"},"schema":{"@context":"https:\/\/schema.org","@graph":[{"@type":"WebPage","@id":"https:\/\/allwintheme.com\/product\/vironic-augmented-virtual-reality-services-elementor-template\/","url":"https:\/\/allwintheme.com\/product\/vironic-augmented-virtual-reality-services-elementor-template\/","name":"Vironic - AR &amp; VR Elementor Template - AllWin Theme - Free WordPress Themes Download","isPartOf":{"@id":"https:\/\/allwintheme.com\/#website"},"primaryImageOfPage":{"@id":"https:\/\/allwintheme.com\/product\/vironic-augmented-virtual-reality-services-elementor-template\/#primaryimage"},"image":{"@id":"https:\/\/allwintheme.com\/product\/vironic-augmented-virtual-reality-services-elementor-template\/#primaryimage"},"thumbnailUrl":"https:\/\/allwintheme.com\/wp-content\/uploads\/2025\/09\/hriv95i5.png","datePublished":"2025-09-17T13:20:10+00:00","dateModified":"2025-09-17T13:28:30+00:00","description":"Una plantilla Elementor moderna para mostrar servicios de realidad aumentada y virtual con estilo e innovaci\u00f3n.","breadcrumb":{"@id":"https:\/\/allwintheme.com\/product\/vironic-augmented-virtual-reality-services-elementor-template\/#breadcrumb"},"inLanguage":"es-CL","potentialAction":[{"@type":"ReadAction","target":["https:\/\/allwintheme.com\/product\/vironic-augmented-virtual-reality-services-elementor-template\/"]}]},{"@type":"ImageObject","inLanguage":"es-CL","@id":"https:\/\/allwintheme.com\/product\/vironic-augmented-virtual-reality-services-elementor-template\/#primaryimage","url":"https:\/\/allwintheme.com\/wp-content\/uploads\/2025\/09\/hriv95i5.png","contentUrl":"https:\/\/allwintheme.com\/wp-content\/uploads\/2025\/09\/hriv95i5.png","width":768,"height":466,"caption":"Vironic \u2013 Augmented & Virtual Reality Services Elementor Template"},{"@type":"BreadcrumbList","@id":"https:\/\/allwintheme.com\/product\/vironic-augmented-virtual-reality-services-elementor-template\/#breadcrumb","itemListElement":[{"@type":"ListItem","position":1,"name":"Home","item":"https:\/\/allwintheme.com\/"},{"@type":"ListItem","position":2,"name":"Shop","item":"https:\/\/allwintheme.com\/shop\/"},{"@type":"ListItem","position":3,"name":"Vironic \u2013 AR &#038; VR Elementor Template"}]},{"@type":"WebSite","@id":"https:\/\/allwintheme.com\/#website","url":"https:\/\/allwintheme.com\/","name":"Allwintheme","description":"Descarga gratis temas de WordPress para todos los nichos. Blogs, negocios, comercio electr\u00f3nico, portafolio, restaurante y m\u00e1s. Todos los temas tienen licencia GPL y est\u00e1n preparados para dispositivos m\u00f3viles.","potentialAction":[{"@type":"SearchAction","target":{"@type":"EntryPoint","urlTemplate":"https:\/\/allwintheme.com\/?s={search_term_string}"},"query-input":{"@type":"PropertyValueSpecification","valueRequired":true,"valueName":"search_term_string"}}],"inLanguage":"es-CL"}]}},"_links":{"self":[{"href":"https:\/\/allwintheme.com\/es\/wp-json\/wp\/v2\/product\/7398","targetHints":{"allow":["GET"]}}],"collection":[{"href":"https:\/\/allwintheme.com\/es\/wp-json\/wp\/v2\/product"}],"about":[{"href":"https:\/\/allwintheme.com\/es\/wp-json\/wp\/v2\/types\/product"}],"replies":[{"embeddable":true,"href":"https:\/\/allwintheme.com\/es\/wp-json\/wp\/v2\/comments?post=7398"}],"version-history":[{"count":0,"href":"https:\/\/allwintheme.com\/es\/wp-json\/wp\/v2\/product\/7398\/revisions"}],"wp:featuredmedia":[{"embeddable":true,"href":"https:\/\/allwintheme.com\/es\/wp-json\/wp\/v2\/media\/7347"}],"wp:attachment":[{"href":"https:\/\/allwintheme.com\/es\/wp-json\/wp\/v2\/media?parent=7398"}],"wp:term":[{"taxonomy":"product_brand","embeddable":true,"href":"https:\/\/allwintheme.com\/es\/wp-json\/wp\/v2\/product_brand?post=7398"},{"taxonomy":"product_cat","embeddable":true,"href":"https:\/\/allwintheme.com\/es\/wp-json\/wp\/v2\/product_cat?post=7398"},{"taxonomy":"product_tag","embeddable":true,"href":"https:\/\/allwintheme.com\/es\/wp-json\/wp\/v2\/product_tag?post=7398"}],"curies":[{"name":"wp","href":"https:\/\/api.w.org\/{rel}","templated":true}]}}