{"id":7404,"date":"2025-09-17T13:29:11","date_gmt":"2025-09-17T13:29:11","guid":{"rendered":"https:\/\/allwintheme.com\/?post_type=product&#038;p=7404"},"modified":"2025-09-17T13:36:04","modified_gmt":"2025-09-17T13:36:04","slug":"rovist-asistente-virtual-servicio-elementor-plantilla","status":"publish","type":"product","link":"https:\/\/allwintheme.com\/es\/producto\/rovist-asistente-virtual-servicio-elementor-plantilla\/","title":{"rendered":"Rovist Plantilla de Asistente Virtual"},"content":{"rendered":"<div data-elementor-type=\"wp-post\" data-elementor-id=\"7404\" class=\"elementor elementor-7404\" data-elementor-settings=\"{&quot;element_pack_global_tooltip_width&quot;:{&quot;unit&quot;:&quot;px&quot;,&quot;size&quot;:&quot;&quot;,&quot;sizes&quot;:[]},&quot;element_pack_global_tooltip_width_tablet&quot;:{&quot;unit&quot;:&quot;px&quot;,&quot;size&quot;:&quot;&quot;,&quot;sizes&quot;:[]},&quot;element_pack_global_tooltip_width_mobile&quot;:{&quot;unit&quot;:&quot;px&quot;,&quot;size&quot;:&quot;&quot;,&quot;sizes&quot;:[]},&quot;element_pack_global_tooltip_padding&quot;:{&quot;unit&quot;:&quot;px&quot;,&quot;top&quot;:&quot;&quot;,&quot;right&quot;:&quot;&quot;,&quot;bottom&quot;:&quot;&quot;,&quot;left&quot;:&quot;&quot;,&quot;isLinked&quot;:true},&quot;element_pack_global_tooltip_padding_tablet&quot;:{&quot;unit&quot;:&quot;px&quot;,&quot;top&quot;:&quot;&quot;,&quot;right&quot;:&quot;&quot;,&quot;bottom&quot;:&quot;&quot;,&quot;left&quot;:&quot;&quot;,&quot;isLinked&quot;:true},&quot;element_pack_global_tooltip_padding_mobile&quot;:{&quot;unit&quot;:&quot;px&quot;,&quot;top&quot;:&quot;&quot;,&quot;right&quot;:&quot;&quot;,&quot;bottom&quot;:&quot;&quot;,&quot;left&quot;:&quot;&quot;,&quot;isLinked&quot;:true},&quot;element_pack_global_tooltip_border_radius&quot;:{&quot;unit&quot;:&quot;px&quot;,&quot;top&quot;:&quot;&quot;,&quot;right&quot;:&quot;&quot;,&quot;bottom&quot;:&quot;&quot;,&quot;left&quot;:&quot;&quot;,&quot;isLinked&quot;:true},&quot;element_pack_global_tooltip_border_radius_tablet&quot;:{&quot;unit&quot;:&quot;px&quot;,&quot;top&quot;:&quot;&quot;,&quot;right&quot;:&quot;&quot;,&quot;bottom&quot;:&quot;&quot;,&quot;left&quot;:&quot;&quot;,&quot;isLinked&quot;:true},&quot;element_pack_global_tooltip_border_radius_mobile&quot;:{&quot;unit&quot;:&quot;px&quot;,&quot;top&quot;:&quot;&quot;,&quot;right&quot;:&quot;&quot;,&quot;bottom&quot;:&quot;&quot;,&quot;left&quot;:&quot;&quot;,&quot;isLinked&quot;:true}}\" data-elementor-post-type=\"product\">\n\t\t\t\t<div class=\"elementor-element elementor-element-93aa4a8 e-con-full e-flex e-con e-parent\" data-id=\"93aa4a8\" data-element_type=\"container\" data-e-type=\"container\">\n\t\t\t\t<div class=\"elementor-element elementor-element-2c3f760 miaoshu elementor-widget elementor-widget-wd_text_block\" data-id=\"2c3f760\" data-element_type=\"widget\" data-e-type=\"widget\" data-widget_type=\"wd_text_block.default\">\n\t\t\t\t<div class=\"elementor-widget-container\">\n\t\t\t\t\t\t\t<div class=\"wd-text-block reset-last-child text-left\">\n\t\t\t\n\t\t\t<h2>Acerca de Rovist Plantilla de servicio de asistente virtual<\/h2>\n<p>La Plantilla Elementor de Servicio de Asistente Virtual Rovist es una soluci\u00f3n profesional creada para empoderar a freelancers, agencias y contratistas independientes que ofrecen asistencia virtual. Combina un dise\u00f1o moderno con layouts funcionales para ayudarte a resaltar tus habilidades, promocionar paquetes de servicios y comunicarte efectivamente con tus clientes. Construida con Elementor, garantiza la facilidad de personalizaci\u00f3n, un rendimiento sin problemas y una presentaci\u00f3n pulida para su marca.<\/p>\n\n<h2>Por qu\u00e9 destaca Rovist<\/h2>\n<p>La asistencia virtual es un campo en expansi\u00f3n, en el que las empresas buscan un apoyo fiable para la administraci\u00f3n, la atenci\u00f3n al cliente, la programaci\u00f3n y las operaciones digitales. Rovist se ha dise\u00f1ado cuidadosamente para reflejar la fiabilidad, eficiencia y profesionalidad que los clientes esperan de un asistente virtual. Con estructuras de p\u00e1gina intuitivas y elementos visuales limpios, le permite mostrar su experiencia a la vez que causa una impresi\u00f3n duradera.<\/p>\n\n<h2>Presentaci\u00f3n de servicios simplificada<\/h2>\n<p>Uno de los puntos fuertes de Rovist es su capacidad para presentar los servicios de forma clara y persuasiva. Las secciones espec\u00edficas le permiten describir lo que ofrece, como gesti\u00f3n de correo electr\u00f3nico, programaci\u00f3n de citas, introducci\u00f3n de datos, investigaci\u00f3n o apoyo en redes sociales. Cada servicio puede ir acompa\u00f1ado de im\u00e1genes, breves explicaciones y llamadas a la acci\u00f3n, lo que facilita que los clientes entiendan c\u00f3mo puede ayudarles a agilizar sus operaciones y ahorrar tiempo.<\/p>\n\n<h2>Paquetes y precios destacados<\/h2>\n<p>Los clientes aprecian la transparencia a la hora de evaluar a los proveedores de servicios. Rovist ofrece dise\u00f1os listos para usar para tablas de precios y paquetes de servicios. Puede presentar diferentes niveles de asistencia por hora, d\u00eda o mes, junto con descripciones de lo que incluye cada paquete. Esta presentaci\u00f3n directa reduce las dudas de los clientes y simplifica el proceso de toma de decisiones, aumentando sus posibilidades de convertir clientes potenciales en socios a largo plazo.<\/p>\n\n<h2>Historias de \u00e9xito<\/h2>\n<p>Crear credibilidad es crucial en la asistencia virtual. Rovist ofrece espacio para testimonios, estudios de casos e historias de \u00e9xito de clientes satisfechos. Al incluir comentarios aut\u00e9nticos y ejemplos reales de sus contribuciones, demuestra fiabilidad e impacto. Estos elementos no s\u00f3lo aumentan la confianza, sino que tambi\u00e9n sirven como poderosa prueba social que puede influir en las decisiones de los clientes potenciales.<\/p>\n\n<h2>Dise\u00f1ado para facilitar la comunicaci\u00f3n<\/h2>\n<p>Una comunicaci\u00f3n fluida es la base de una asistencia virtual eficaz. Rovist incluye formularios de contacto, opciones de consulta y botones de llamada a la acci\u00f3n que facilitan la comunicaci\u00f3n con los clientes. Tanto si quieren solicitar un presupuesto, programar una consulta o hacer preguntas concretas, las herramientas de comunicaci\u00f3n simplificadas eliminan barreras y fomentan conexiones significativas.<\/p>\n\n<h2>Adaptable y preparado para m\u00f3viles<\/h2>\n<p>En el vertiginoso mundo actual, los clientes a menudo consultan los servicios en dispositivos m\u00f3viles. Rovist es totalmente responsive, lo que garantiza que su sitio web se adapte con elegancia a cualquier tama\u00f1o de pantalla. Desde tel\u00e9fonos inteligentes y tabletas hasta ordenadores de sobremesa, el dise\u00f1o mantiene su claridad, facilidad de uso y atractivo visual. Esto garantiza una impresi\u00f3n profesional en cada punto de contacto, independientemente de c\u00f3mo accedan los visitantes a su sitio web.<\/p>\n\n<h2>Personalizaci\u00f3n con Elementor<\/h2>\n<p>Una de las ventajas de Rovist es que se basa en Elementor, uno de los constructores de p\u00e1ginas m\u00e1s populares para WordPress. Esto significa que puedes personalizar f\u00e1cilmente colores, fuentes, dise\u00f1os y bloques de contenido sin escribir c\u00f3digo. Tanto si prefiere un aspecto minimalista como un estilo atrevido y vibrante, Rovist le ofrece la flexibilidad necesaria para adaptarse a la identidad de su marca, manteniendo al mismo tiempo una navegaci\u00f3n y legibilidad f\u00e1ciles de usar.<\/p>\n\n<h2>Marketing de contenidos con blogs<\/h2>\n<p>La plantilla tambi\u00e9n incluye una secci\u00f3n de blog donde puedes compartir contenido valioso. Los blogs le permiten publicar consejos para la productividad, informaci\u00f3n sobre las tendencias en asistencia virtual o actualizaciones sobre sus servicios. Las publicaciones regulares no solo atraen a los visitantes, sino que tambi\u00e9n mejoran la optimizaci\u00f3n de los motores de b\u00fasqueda, lo que ayuda a que tu sitio gane visibilidad y atraiga a m\u00e1s clientes potenciales con el tiempo.<\/p>\n\n<h2>Integraci\u00f3n con herramientas y plugins<\/h2>\n<p>Rovist est\u00e1 dise\u00f1ado para funcionar perfectamente con plugins de WordPress, lo que le permite ampliar su funcionalidad seg\u00fan sus necesidades. Puede integrar herramientas de programaci\u00f3n, pasarelas de pago, plataformas de an\u00e1lisis y plugins SEO para crear un completo centro de negocios en l\u00ednea. Esta adaptabilidad garantiza que su sitio web apoye el crecimiento sin dejar de ser eficiente y f\u00e1cil de gestionar.<\/p>\n\n<h2>Generar confianza en el cliente<\/h2>\n<p>La confianza es la base de cualquier relaci\u00f3n exitosa con un asistente virtual. Rovist le ayuda a establecer credibilidad d\u00e1ndole espacio para mostrar certificaciones, procesos de trabajo y valores profesionales. Ya sea que destaque la confidencialidad, la atenci\u00f3n al detalle o los tiempos de respuesta r\u00e1pidos, puede resaltar estas cualidades de una manera que asegure a los clientes potenciales que est\u00e1n en buenas manos.<\/p>\n\n<h2>Centrarse en la productividad y el crecimiento<\/h2>\n<p>Rovist es m\u00e1s que una plantilla: es una plataforma que le permite hacer crecer su negocio. Al comunicar claramente su valor, ofrecer opciones de servicio flexibles y mostrar la satisfacci\u00f3n del cliente, crea una presencia digital que impulsa clientes potenciales y fortalece las relaciones a largo plazo. Le permite destacar en un sector competitivo y centrarse en lo m\u00e1s importante: ayudar a los clientes a ahorrar tiempo y ser m\u00e1s eficientes.<\/p>\n\n<h2>Conclusi\u00f3n<\/h2>\n<p>La Plantilla Elementor Rovist para Servicios de Asistente Virtual ofrece un dise\u00f1o moderno, profesional y funcional adaptado a aut\u00f3nomos y agencias. Con dise\u00f1os responsivos, caracter\u00edsticas personalizables y secciones dedicadas para servicios, precios, testimonios y blogs, garantiza que puedas presentar tu negocio de la mejor manera posible. Si est\u00e1 preparado para ganar credibilidad, atraer nuevos clientes y ampliar sus servicios de asistencia virtual, Rovist le ofrece las herramientas y el dise\u00f1o que necesita para triunfar.<\/p>\n\t\t\t\t\t<\/div>\n\t\t\t\t\t\t<\/div>\n\t\t\t\t<\/div>\n\t\t\t\t<\/div>\n\t\t\t\t<\/div>","protected":false},"excerpt":{"rendered":"<p>About Rovist Virtual Assistant Service Template The Rovist Virtual Assistant Service Elementor Template is a professional solution created to empower<\/p>","protected":false},"featured_media":7349,"comment_status":"open","ping_status":"closed","template":"","meta":{"_acf_changed":false},"product_brand":[],"product_cat":[50],"product_tag":[],"class_list":{"0":"post-7404","1":"product","2":"type-product","3":"status-publish","4":"has-post-thumbnail","6":"product_cat-template-kits","8":"first","9":"instock","10":"sale","11":"downloadable","12":"shipping-taxable","13":"purchasable","14":"product-type-simple"},"acf":[],"yoast_head":"<!-- This site is optimized with the Yoast SEO Premium plugin v25.6 (Yoast SEO v27.4) - https:\/\/yoast.com\/product\/yoast-seo-premium-wordpress\/ -->\n<title>Rovist Virtual Assistant Template - AllWin Theme \u2013 Free WordPress Themes Download<\/title>\n<meta name=\"description\" content=\"A clean Elementor template designed for virtual assistant services to showcase skills, packages, and client success stories.\" \/>\n<meta name=\"robots\" content=\"index, follow, max-snippet:-1, max-image-preview:large, max-video-preview:-1\" \/>\n<link rel=\"canonical\" href=\"https:\/\/allwintheme.com\/es\/producto\/rovist-asistente-virtual-servicio-elementor-plantilla\/\" \/>\n<meta property=\"og:locale\" content=\"es_ES\" \/>\n<meta property=\"og:type\" content=\"article\" \/>\n<meta property=\"og:title\" content=\"Rovist Virtual Assistant Template\" \/>\n<meta property=\"og:description\" content=\"A clean Elementor template designed for virtual assistant services to showcase skills, packages, and client success stories.\" \/>\n<meta property=\"og:url\" content=\"https:\/\/allwintheme.com\/es\/producto\/rovist-asistente-virtual-servicio-elementor-plantilla\/\" \/>\n<meta property=\"og:site_name\" content=\"AllWin Theme \u2013 Free WordPress Themes Download\" \/>\n<meta property=\"article:modified_time\" content=\"2025-09-17T13:36:04+00:00\" \/>\n<meta property=\"og:image\" content=\"https:\/\/allwintheme.com\/wp-content\/uploads\/2025\/09\/l2cu1p0g.png\" \/>\n\t<meta property=\"og:image:width\" content=\"768\" \/>\n\t<meta property=\"og:image:height\" content=\"400\" \/>\n\t<meta property=\"og:image:type\" content=\"image\/png\" \/>\n<meta name=\"twitter:card\" content=\"summary_large_image\" \/>\n<meta name=\"twitter:label1\" content=\"Tiempo estimado de lectura\" \/>\n\t<meta name=\"twitter:data1\" content=\"5 minutos\" \/>\n<script type=\"application\/ld+json\" class=\"yoast-schema-graph\">{\"@context\":\"https:\\\/\\\/schema.org\",\"@graph\":[{\"@type\":\"WebPage\",\"@id\":\"https:\\\/\\\/allwintheme.com\\\/product\\\/rovist-virtual-assistant-service-elementor-template\\\/\",\"url\":\"https:\\\/\\\/allwintheme.com\\\/product\\\/rovist-virtual-assistant-service-elementor-template\\\/\",\"name\":\"Rovist Virtual Assistant Template - AllWin Theme \u2013 Free WordPress Themes Download\",\"isPartOf\":{\"@id\":\"https:\\\/\\\/allwintheme.com\\\/#website\"},\"primaryImageOfPage\":{\"@id\":\"https:\\\/\\\/allwintheme.com\\\/product\\\/rovist-virtual-assistant-service-elementor-template\\\/#primaryimage\"},\"image\":{\"@id\":\"https:\\\/\\\/allwintheme.com\\\/product\\\/rovist-virtual-assistant-service-elementor-template\\\/#primaryimage\"},\"thumbnailUrl\":\"https:\\\/\\\/allwintheme.com\\\/wp-content\\\/uploads\\\/2025\\\/09\\\/l2cu1p0g.png\",\"datePublished\":\"2025-09-17T13:29:11+00:00\",\"dateModified\":\"2025-09-17T13:36:04+00:00\",\"description\":\"A clean Elementor template designed for virtual assistant services to showcase skills, packages, and client success stories.\",\"breadcrumb\":{\"@id\":\"https:\\\/\\\/allwintheme.com\\\/product\\\/rovist-virtual-assistant-service-elementor-template\\\/#breadcrumb\"},\"inLanguage\":\"es-CL\",\"potentialAction\":[{\"@type\":\"ReadAction\",\"target\":[\"https:\\\/\\\/allwintheme.com\\\/product\\\/rovist-virtual-assistant-service-elementor-template\\\/\"]}]},{\"@type\":\"ImageObject\",\"inLanguage\":\"es-CL\",\"@id\":\"https:\\\/\\\/allwintheme.com\\\/product\\\/rovist-virtual-assistant-service-elementor-template\\\/#primaryimage\",\"url\":\"https:\\\/\\\/allwintheme.com\\\/wp-content\\\/uploads\\\/2025\\\/09\\\/l2cu1p0g.png\",\"contentUrl\":\"https:\\\/\\\/allwintheme.com\\\/wp-content\\\/uploads\\\/2025\\\/09\\\/l2cu1p0g.png\",\"width\":768,\"height\":400,\"caption\":\"Rovist \u2013 Virtual Assistant Service Elementor Template\"},{\"@type\":\"BreadcrumbList\",\"@id\":\"https:\\\/\\\/allwintheme.com\\\/product\\\/rovist-virtual-assistant-service-elementor-template\\\/#breadcrumb\",\"itemListElement\":[{\"@type\":\"ListItem\",\"position\":1,\"name\":\"Home\",\"item\":\"https:\\\/\\\/allwintheme.com\\\/\"},{\"@type\":\"ListItem\",\"position\":2,\"name\":\"Shop\",\"item\":\"https:\\\/\\\/allwintheme.com\\\/shop\\\/\"},{\"@type\":\"ListItem\",\"position\":3,\"name\":\"Rovist Virtual Assistant Template\"}]},{\"@type\":\"WebSite\",\"@id\":\"https:\\\/\\\/allwintheme.com\\\/#website\",\"url\":\"https:\\\/\\\/allwintheme.com\\\/\",\"name\":\"Allwintheme\",\"description\":\"Download free WordPress themes for every niche. Blogs, business, eCommerce, portfolio, restaurant and more. All themes are GPL licensed and mobile-ready.\",\"potentialAction\":[{\"@type\":\"SearchAction\",\"target\":{\"@type\":\"EntryPoint\",\"urlTemplate\":\"https:\\\/\\\/allwintheme.com\\\/?s={search_term_string}\"},\"query-input\":{\"@type\":\"PropertyValueSpecification\",\"valueRequired\":true,\"valueName\":\"search_term_string\"}}],\"inLanguage\":\"es-CL\"}]}<\/script>\n<!-- \/ Yoast SEO Premium plugin. -->","yoast_head_json":{"title":"Rovist Virtual Assistant Template - AllWin Theme \u2013 Free WordPress Themes Download","description":"Una plantilla Elementor limpia dise\u00f1ada para servicios de asistente virtual para mostrar habilidades, paquetes e historias de \u00e9xito de clientes.","robots":{"index":"index","follow":"follow","max-snippet":"max-snippet:-1","max-image-preview":"max-image-preview:large","max-video-preview":"max-video-preview:-1"},"canonical":"https:\/\/allwintheme.com\/es\/producto\/rovist-asistente-virtual-servicio-elementor-plantilla\/","og_locale":"es_ES","og_type":"article","og_title":"Rovist Virtual Assistant Template","og_description":"A clean Elementor template designed for virtual assistant services to showcase skills, packages, and client success stories.","og_url":"https:\/\/allwintheme.com\/es\/producto\/rovist-asistente-virtual-servicio-elementor-plantilla\/","og_site_name":"AllWin Theme \u2013 Free WordPress Themes Download","article_modified_time":"2025-09-17T13:36:04+00:00","og_image":[{"width":768,"height":400,"url":"https:\/\/allwintheme.com\/wp-content\/uploads\/2025\/09\/l2cu1p0g.png","type":"image\/png"}],"twitter_card":"summary_large_image","twitter_misc":{"Tiempo estimado de lectura":"5 minutos"},"schema":{"@context":"https:\/\/schema.org","@graph":[{"@type":"WebPage","@id":"https:\/\/allwintheme.com\/product\/rovist-virtual-assistant-service-elementor-template\/","url":"https:\/\/allwintheme.com\/product\/rovist-virtual-assistant-service-elementor-template\/","name":"Rovist Virtual Assistant Template - AllWin Theme \u2013 Free WordPress Themes Download","isPartOf":{"@id":"https:\/\/allwintheme.com\/#website"},"primaryImageOfPage":{"@id":"https:\/\/allwintheme.com\/product\/rovist-virtual-assistant-service-elementor-template\/#primaryimage"},"image":{"@id":"https:\/\/allwintheme.com\/product\/rovist-virtual-assistant-service-elementor-template\/#primaryimage"},"thumbnailUrl":"https:\/\/allwintheme.com\/wp-content\/uploads\/2025\/09\/l2cu1p0g.png","datePublished":"2025-09-17T13:29:11+00:00","dateModified":"2025-09-17T13:36:04+00:00","description":"Una plantilla Elementor limpia dise\u00f1ada para servicios de asistente virtual para mostrar habilidades, paquetes e historias de \u00e9xito de clientes.","breadcrumb":{"@id":"https:\/\/allwintheme.com\/product\/rovist-virtual-assistant-service-elementor-template\/#breadcrumb"},"inLanguage":"es-CL","potentialAction":[{"@type":"ReadAction","target":["https:\/\/allwintheme.com\/product\/rovist-virtual-assistant-service-elementor-template\/"]}]},{"@type":"ImageObject","inLanguage":"es-CL","@id":"https:\/\/allwintheme.com\/product\/rovist-virtual-assistant-service-elementor-template\/#primaryimage","url":"https:\/\/allwintheme.com\/wp-content\/uploads\/2025\/09\/l2cu1p0g.png","contentUrl":"https:\/\/allwintheme.com\/wp-content\/uploads\/2025\/09\/l2cu1p0g.png","width":768,"height":400,"caption":"Rovist \u2013 Virtual Assistant Service Elementor Template"},{"@type":"BreadcrumbList","@id":"https:\/\/allwintheme.com\/product\/rovist-virtual-assistant-service-elementor-template\/#breadcrumb","itemListElement":[{"@type":"ListItem","position":1,"name":"Home","item":"https:\/\/allwintheme.com\/"},{"@type":"ListItem","position":2,"name":"Shop","item":"https:\/\/allwintheme.com\/shop\/"},{"@type":"ListItem","position":3,"name":"Rovist Virtual Assistant Template"}]},{"@type":"WebSite","@id":"https:\/\/allwintheme.com\/#website","url":"https:\/\/allwintheme.com\/","name":"Allwintheme","description":"Descarga gratis temas de WordPress para todos los nichos. Blogs, negocios, comercio electr\u00f3nico, portafolio, restaurante y m\u00e1s. Todos los temas tienen licencia GPL y est\u00e1n preparados para dispositivos m\u00f3viles.","potentialAction":[{"@type":"SearchAction","target":{"@type":"EntryPoint","urlTemplate":"https:\/\/allwintheme.com\/?s={search_term_string}"},"query-input":{"@type":"PropertyValueSpecification","valueRequired":true,"valueName":"search_term_string"}}],"inLanguage":"es-CL"}]}},"_links":{"self":[{"href":"https:\/\/allwintheme.com\/es\/wp-json\/wp\/v2\/product\/7404","targetHints":{"allow":["GET"]}}],"collection":[{"href":"https:\/\/allwintheme.com\/es\/wp-json\/wp\/v2\/product"}],"about":[{"href":"https:\/\/allwintheme.com\/es\/wp-json\/wp\/v2\/types\/product"}],"replies":[{"embeddable":true,"href":"https:\/\/allwintheme.com\/es\/wp-json\/wp\/v2\/comments?post=7404"}],"version-history":[{"count":0,"href":"https:\/\/allwintheme.com\/es\/wp-json\/wp\/v2\/product\/7404\/revisions"}],"wp:featuredmedia":[{"embeddable":true,"href":"https:\/\/allwintheme.com\/es\/wp-json\/wp\/v2\/media\/7349"}],"wp:attachment":[{"href":"https:\/\/allwintheme.com\/es\/wp-json\/wp\/v2\/media?parent=7404"}],"wp:term":[{"taxonomy":"product_brand","embeddable":true,"href":"https:\/\/allwintheme.com\/es\/wp-json\/wp\/v2\/product_brand?post=7404"},{"taxonomy":"product_cat","embeddable":true,"href":"https:\/\/allwintheme.com\/es\/wp-json\/wp\/v2\/product_cat?post=7404"},{"taxonomy":"product_tag","embeddable":true,"href":"https:\/\/allwintheme.com\/es\/wp-json\/wp\/v2\/product_tag?post=7404"}],"curies":[{"name":"wp","href":"https:\/\/api.w.org\/{rel}","templated":true}]}}