{"id":7411,"date":"2025-09-17T13:36:19","date_gmt":"2025-09-17T13:36:19","guid":{"rendered":"https:\/\/allwintheme.com\/?post_type=product&#038;p=7411"},"modified":"2025-09-17T13:41:13","modified_gmt":"2025-09-17T13:41:13","slug":"asistente-virtual-instant-va-kit-de-plantillas-elementor","status":"publish","type":"product","link":"https:\/\/allwintheme.com\/es\/producto\/asistente-virtual-instant-va-kit-de-plantillas-elementor\/","title":{"rendered":"Kit de plantillas VA instant\u00e1neas"},"content":{"rendered":"<div data-elementor-type=\"wp-post\" data-elementor-id=\"7411\" class=\"elementor elementor-7411\" data-elementor-settings=\"{&quot;element_pack_global_tooltip_width&quot;:{&quot;unit&quot;:&quot;px&quot;,&quot;size&quot;:&quot;&quot;,&quot;sizes&quot;:[]},&quot;element_pack_global_tooltip_width_tablet&quot;:{&quot;unit&quot;:&quot;px&quot;,&quot;size&quot;:&quot;&quot;,&quot;sizes&quot;:[]},&quot;element_pack_global_tooltip_width_mobile&quot;:{&quot;unit&quot;:&quot;px&quot;,&quot;size&quot;:&quot;&quot;,&quot;sizes&quot;:[]},&quot;element_pack_global_tooltip_padding&quot;:{&quot;unit&quot;:&quot;px&quot;,&quot;top&quot;:&quot;&quot;,&quot;right&quot;:&quot;&quot;,&quot;bottom&quot;:&quot;&quot;,&quot;left&quot;:&quot;&quot;,&quot;isLinked&quot;:true},&quot;element_pack_global_tooltip_padding_tablet&quot;:{&quot;unit&quot;:&quot;px&quot;,&quot;top&quot;:&quot;&quot;,&quot;right&quot;:&quot;&quot;,&quot;bottom&quot;:&quot;&quot;,&quot;left&quot;:&quot;&quot;,&quot;isLinked&quot;:true},&quot;element_pack_global_tooltip_padding_mobile&quot;:{&quot;unit&quot;:&quot;px&quot;,&quot;top&quot;:&quot;&quot;,&quot;right&quot;:&quot;&quot;,&quot;bottom&quot;:&quot;&quot;,&quot;left&quot;:&quot;&quot;,&quot;isLinked&quot;:true},&quot;element_pack_global_tooltip_border_radius&quot;:{&quot;unit&quot;:&quot;px&quot;,&quot;top&quot;:&quot;&quot;,&quot;right&quot;:&quot;&quot;,&quot;bottom&quot;:&quot;&quot;,&quot;left&quot;:&quot;&quot;,&quot;isLinked&quot;:true},&quot;element_pack_global_tooltip_border_radius_tablet&quot;:{&quot;unit&quot;:&quot;px&quot;,&quot;top&quot;:&quot;&quot;,&quot;right&quot;:&quot;&quot;,&quot;bottom&quot;:&quot;&quot;,&quot;left&quot;:&quot;&quot;,&quot;isLinked&quot;:true},&quot;element_pack_global_tooltip_border_radius_mobile&quot;:{&quot;unit&quot;:&quot;px&quot;,&quot;top&quot;:&quot;&quot;,&quot;right&quot;:&quot;&quot;,&quot;bottom&quot;:&quot;&quot;,&quot;left&quot;:&quot;&quot;,&quot;isLinked&quot;:true}}\" data-elementor-post-type=\"product\">\n\t\t\t\t<div class=\"elementor-element elementor-element-93aa4a8 e-con-full e-flex e-con e-parent\" data-id=\"93aa4a8\" data-element_type=\"container\" data-e-type=\"container\">\n\t\t\t\t<div class=\"elementor-element elementor-element-2c3f760 miaoshu elementor-widget elementor-widget-wd_text_block\" data-id=\"2c3f760\" data-element_type=\"widget\" data-e-type=\"widget\" data-widget_type=\"wd_text_block.default\">\n\t\t\t\t<div class=\"elementor-widget-container\">\n\t\t\t\t\t\t\t<div class=\"wd-text-block reset-last-child text-left\">\n\t\t\t\n\t\t\t<h2>Acerca del kit de plantillas VA instant\u00e1neas<\/h2>\n<p>El kit de plantillas Instant VA - Virtual Assistant Elementor es una soluci\u00f3n profesional para aut\u00f3nomos, emprendedores y empresas que ofrecen servicios de asistencia virtual. Dise\u00f1ado pensando en la flexibilidad y la simplicidad, este kit de plantillas te permite crear una presencia online atractiva y pulida sin necesidad de conocimientos t\u00e9cnicos avanzados. Tanto si ofreces apoyo administrativo, gesti\u00f3n de redes sociales, atenci\u00f3n al cliente o tareas creativas, el kit Instant VA te ayuda a presentar tus servicios con claridad y a atraer a los clientes adecuados.<\/p>\n\n<h2>A la medida de los asistentes virtuales<\/h2>\n<p>Como asistente virtual, su sitio web es la primera impresi\u00f3n que los clientes potenciales tienen de su profesionalidad y capacidades. El kit de plantillas Instant VA est\u00e1 dise\u00f1ado para resaltar tus habilidades, mostrar tu portafolio y explicar el valor que aportas a los clientes. Con dise\u00f1os bien pensados, puede hacer hincapi\u00e9 en su eficiencia, organizaci\u00f3n y fiabilidad, cualidades que los clientes buscan en un asistente virtual.<\/p>\n\n<h2>Servicios de escaparate<\/h2>\n<p>La plantilla incluye secciones espec\u00edficas para destacar la gama de servicios que ofrece. Desde la gesti\u00f3n del correo electr\u00f3nico y la programaci\u00f3n hasta la creaci\u00f3n de contenidos y la investigaci\u00f3n, puede presentar cada servicio con claridad e impacto. Los bloques personalizables le permiten explicar su proceso, esbozar los entregables e ilustrar c\u00f3mo su ayuda ahorra tiempo y recursos a los clientes. Al organizar los servicios en categor\u00edas, los visitantes pueden encontrar f\u00e1cilmente la asistencia que necesitan y comprender c\u00f3mo puede usted ayudarles.<\/p>\n\n<h2>Cartera y casos pr\u00e1cticos<\/h2>\n<p>Demostrar resultados reales es esencial para crear credibilidad. El kit Instant VA ofrece elegantes dise\u00f1os de portafolios en los que puedes presentar proyectos anteriores, casos de \u00e9xito de clientes y estudios de casos. Esta secci\u00f3n no s\u00f3lo demuestra tu experiencia, sino que tambi\u00e9n asegura a los clientes potenciales que tienes experiencia en resolver retos similares a los suyos. Al a\u00f1adir im\u00e1genes, testimonios y aspectos destacados del rendimiento, tu cartera se convierte en una herramienta persuasiva para captar clientes.<\/p>\n\n<h2>Construir la marca personal<\/h2>\n<p>La marca personal es clave en el sector de la asistencia virtual, donde la confianza y la fiabilidad son fundamentales para las relaciones con los clientes. El kit de plantillas incluye p\u00e1ginas Acerca de m\u00ed personalizables, que le permiten compartir su historia, antecedentes y filosof\u00eda profesional. Puedes a\u00f1adir im\u00e1genes, cronogramas y certificaciones para reforzar tu credibilidad. Si te presentas con autenticidad, crear\u00e1s una conexi\u00f3n m\u00e1s profunda con tus clientes potenciales y te diferenciar\u00e1s de tus competidores.<\/p>\n\n<h2>Dise\u00f1o moderno y adaptable<\/h2>\n<p>El kit de plantillas Instant VA garantiza que su sitio web tenga un aspecto profesional en todos los dispositivos. Su dise\u00f1o responsivo se adapta a la perfecci\u00f3n a ordenadores de sobremesa, tabletas y pantallas de m\u00f3viles, ofreciendo a los visitantes una experiencia de navegaci\u00f3n fluida. Con una tipograf\u00eda limpia, paletas de colores modernas y una navegaci\u00f3n intuitiva, su sitio web transmite profesionalidad y atenci\u00f3n al detalle, las mismas cualidades que los clientes esperan de sus servicios.<\/p>\n\n<h2>F\u00e1cil personalizaci\u00f3n con Elementor<\/h2>\n<p>Una de las principales ventajas de este kit de plantillas es su compatibilidad con Elementor, uno de los constructores de p\u00e1ginas m\u00e1s populares para WordPress. Con la funcionalidad de arrastrar y soltar, puedes personalizar cada elemento de tu sitio sin escribir c\u00f3digo. Tanto si quieres cambiar los colores, ajustar el dise\u00f1o o a\u00f1adir nuevas secciones, el proceso es sencillo y f\u00e1cil de usar. Esta flexibilidad le permite adaptar el sitio web a su marca personal y a la evoluci\u00f3n de sus necesidades empresariales.<\/p>\n\n<h2>Blog y marketing de contenidos<\/h2>\n<p>Compartir conocimientos y opiniones puede convertirte en un experto en tu campo. Los dise\u00f1os de blog integrados facilitan la publicaci\u00f3n de art\u00edculos, consejos de productividad y noticias del sector. Al mantener un blog, puede demostrar su liderazgo intelectual, mejorar su posicionamiento en los motores de b\u00fasqueda y relacionarse con clientes potenciales. Las actualizaciones peri\u00f3dicas de contenidos tambi\u00e9n demuestran que su empresa es activa y fiable, lo que fomenta a\u00fan m\u00e1s la confianza.<\/p>\n\n<h2>Testimonios y opiniones de clientes<\/h2>\n<p>La prueba social es una de las maneras m\u00e1s poderosas de construir credibilidad. El kit Instant VA incluye secciones para testimonios de clientes y rese\u00f1as, donde puedes mostrar opiniones de clientes satisfechos. Al destacar las experiencias positivas, tranquilizas a los nuevos visitantes sobre tu profesionalidad y eficacia. Los testimonios tambi\u00e9n son una buena forma de destacar puntos fuertes espec\u00edficos, como la comunicaci\u00f3n, la resoluci\u00f3n de problemas o la gesti\u00f3n del tiempo.<\/p>\n\n<h2>Integraci\u00f3n con herramientas esenciales<\/h2>\n<p>El kit de plantillas admite la integraci\u00f3n con herramientas empresariales esenciales en las que conf\u00edan los asistentes virtuales. Desde formularios de contacto y calendarios de reservas hasta pasarelas de pago y plataformas de marketing por correo electr\u00f3nico, puedes conectar las herramientas que necesitas para agilizar las interacciones con los clientes. Esto hace que sea m\u00e1s f\u00e1cil para los clientes potenciales ponerse en contacto con usted, programar citas y comenzar a utilizar sus servicios sin fricciones.<\/p>\n\n<h2>SEO y optimizaci\u00f3n del rendimiento<\/h2>\n<p>La visibilidad es fundamental para atraer a nuevos clientes en l\u00ednea. El kit de plantillas Instant VA est\u00e1 optimizado para SEO, asegurando que la estructura de su sitio, encabezados y metadatos sean amigables con los motores de b\u00fasqueda. Combinado con tiempos de carga r\u00e1pidos y codificaci\u00f3n limpia, la plantilla proporciona una base s\u00f3lida para una buena clasificaci\u00f3n en los resultados de b\u00fasqueda. Esto significa que m\u00e1s clientes potenciales pueden descubrir sus servicios de forma org\u00e1nica, ayud\u00e1ndole a hacer crecer su negocio con unos costes de publicidad m\u00ednimos.<\/p>\n\n<h2>Precios y paquetes flexibles<\/h2>\n<p>Otra caracter\u00edstica del kit de plantillas es su capacidad para presentar paquetes de servicios con claridad. Las tablas de precios predise\u00f1adas facilitan la comunicaci\u00f3n de sus opciones, ya ofrezca tarifas por hora, paquetes de retenci\u00f3n o precios basados en proyectos. Al mostrar precios transparentes, se reduce la incertidumbre de los clientes potenciales y se les facilita dar el siguiente paso.<\/p>\n\n<h2>Establecer relaciones con los clientes<\/h2>\n<p>Un gran sitio web no s\u00f3lo presenta sus servicios, sino que tambi\u00e9n nutre las relaciones con los clientes a largo plazo. El kit de plantillas Instant VA admite funciones como boletines, formularios de contacto y llamadas a la acci\u00f3n, que fomentan la comunicaci\u00f3n continua. Al ofrecer recursos, actualizaciones y contenido exclusivo a los suscriptores, puede mantener el compromiso y fortalecer la lealtad del cliente con el tiempo.<\/p>\n\n<h2>Conclusi\u00f3n<\/h2>\n<p>El kit de plantillas Instant VA - Virtual Assistant Elementor es m\u00e1s que una herramienta de dise\u00f1o: es una soluci\u00f3n completa para crear una presencia digital s\u00f3lida. Desde mostrar servicios y portafolios hasta integrar herramientas de negocio esenciales, proporciona todo lo que un asistente virtual necesita para atraer, convertir y retener clientes. Con su dise\u00f1o adaptable, su f\u00e1cil personalizaci\u00f3n y su enfoque en la profesionalidad, este kit de plantillas te ayuda a destacar en un mercado competitivo. Ya sea que est\u00e9 comenzando su carrera como asistente virtual o escalando su negocio, el kit de plantillas Instant VA es la base que necesita para tener \u00e9xito en l\u00ednea.<\/p>\n\t\t\t\t\t<\/div>\n\t\t\t\t\t\t<\/div>\n\t\t\t\t<\/div>\n\t\t\t\t<\/div>\n\t\t\t\t<\/div>","protected":false},"excerpt":{"rendered":"<p>About the Instant VA Template Kit The Instant VA \u2013 Virtual Assistant Elementor Template Kit is a professional solution for<\/p>","protected":false},"featured_media":7350,"comment_status":"open","ping_status":"closed","template":"","meta":{"_acf_changed":false},"product_brand":[],"product_cat":[50],"product_tag":[],"class_list":{"0":"post-7411","1":"product","2":"type-product","3":"status-publish","4":"has-post-thumbnail","6":"product_cat-template-kits","8":"first","9":"instock","10":"sale","11":"downloadable","12":"shipping-taxable","13":"purchasable","14":"product-type-simple"},"acf":[],"yoast_head":"<!-- This site is optimized with the Yoast SEO Premium plugin v25.6 (Yoast SEO v27.1.1) - https:\/\/yoast.com\/product\/yoast-seo-premium-wordpress\/ -->\n<title>Instant VA Template Kit - AllWin Theme \u2013 Free WordPress Themes Download<\/title>\n<meta name=\"description\" content=\"A modern Elementor template kit for virtual assistants to showcase services, skills, and connect with clients professionally.\" \/>\n<meta name=\"robots\" content=\"index, follow, max-snippet:-1, max-image-preview:large, max-video-preview:-1\" \/>\n<link rel=\"canonical\" href=\"https:\/\/allwintheme.com\/es\/producto\/asistente-virtual-instant-va-kit-de-plantillas-elementor\/\" \/>\n<meta property=\"og:locale\" content=\"es_ES\" \/>\n<meta property=\"og:type\" content=\"article\" \/>\n<meta property=\"og:title\" content=\"Instant VA Template Kit\" \/>\n<meta property=\"og:description\" content=\"A modern Elementor template kit for virtual assistants to showcase services, skills, and connect with clients professionally.\" \/>\n<meta property=\"og:url\" content=\"https:\/\/allwintheme.com\/es\/producto\/asistente-virtual-instant-va-kit-de-plantillas-elementor\/\" \/>\n<meta property=\"og:site_name\" content=\"AllWin Theme \u2013 Free WordPress Themes Download\" \/>\n<meta property=\"article:modified_time\" content=\"2025-09-17T13:41:13+00:00\" \/>\n<meta property=\"og:image\" content=\"https:\/\/allwintheme.com\/wp-content\/uploads\/2025\/09\/d0zpoxom.png\" \/>\n\t<meta property=\"og:image:width\" content=\"768\" \/>\n\t<meta property=\"og:image:height\" content=\"512\" \/>\n\t<meta property=\"og:image:type\" content=\"image\/png\" \/>\n<meta name=\"twitter:card\" content=\"summary_large_image\" \/>\n<meta name=\"twitter:label1\" content=\"Tiempo estimado de lectura\" \/>\n\t<meta name=\"twitter:data1\" content=\"6 minutos\" \/>\n<script type=\"application\/ld+json\" class=\"yoast-schema-graph\">{\"@context\":\"https:\/\/schema.org\",\"@graph\":[{\"@type\":\"WebPage\",\"@id\":\"https:\/\/allwintheme.com\/product\/instant-va-virtual-assistant-elementor-template-kit\/\",\"url\":\"https:\/\/allwintheme.com\/product\/instant-va-virtual-assistant-elementor-template-kit\/\",\"name\":\"Instant VA Template Kit - AllWin Theme \u2013 Free WordPress Themes Download\",\"isPartOf\":{\"@id\":\"https:\/\/allwintheme.com\/#website\"},\"primaryImageOfPage\":{\"@id\":\"https:\/\/allwintheme.com\/product\/instant-va-virtual-assistant-elementor-template-kit\/#primaryimage\"},\"image\":{\"@id\":\"https:\/\/allwintheme.com\/product\/instant-va-virtual-assistant-elementor-template-kit\/#primaryimage\"},\"thumbnailUrl\":\"https:\/\/allwintheme.com\/wp-content\/uploads\/2025\/09\/d0zpoxom.png\",\"datePublished\":\"2025-09-17T13:36:19+00:00\",\"dateModified\":\"2025-09-17T13:41:13+00:00\",\"description\":\"A modern Elementor template kit for virtual assistants to showcase services, skills, and connect with clients professionally.\",\"breadcrumb\":{\"@id\":\"https:\/\/allwintheme.com\/product\/instant-va-virtual-assistant-elementor-template-kit\/#breadcrumb\"},\"inLanguage\":\"es-CL\",\"potentialAction\":[{\"@type\":\"ReadAction\",\"target\":[\"https:\/\/allwintheme.com\/product\/instant-va-virtual-assistant-elementor-template-kit\/\"]}]},{\"@type\":\"ImageObject\",\"inLanguage\":\"es-CL\",\"@id\":\"https:\/\/allwintheme.com\/product\/instant-va-virtual-assistant-elementor-template-kit\/#primaryimage\",\"url\":\"https:\/\/allwintheme.com\/wp-content\/uploads\/2025\/09\/d0zpoxom.png\",\"contentUrl\":\"https:\/\/allwintheme.com\/wp-content\/uploads\/2025\/09\/d0zpoxom.png\",\"width\":768,\"height\":512,\"caption\":\"Instant VA \u2013 Virtual Assistant Elementor Template Kit\"},{\"@type\":\"BreadcrumbList\",\"@id\":\"https:\/\/allwintheme.com\/product\/instant-va-virtual-assistant-elementor-template-kit\/#breadcrumb\",\"itemListElement\":[{\"@type\":\"ListItem\",\"position\":1,\"name\":\"Home\",\"item\":\"https:\/\/allwintheme.com\/\"},{\"@type\":\"ListItem\",\"position\":2,\"name\":\"Shop\",\"item\":\"https:\/\/allwintheme.com\/shop\/\"},{\"@type\":\"ListItem\",\"position\":3,\"name\":\"Instant VA Template Kit\"}]},{\"@type\":\"WebSite\",\"@id\":\"https:\/\/allwintheme.com\/#website\",\"url\":\"https:\/\/allwintheme.com\/\",\"name\":\"Allwintheme\",\"description\":\"Download free WordPress themes for every niche. Blogs, business, eCommerce, portfolio, restaurant and more. All themes are GPL licensed and mobile-ready.\",\"potentialAction\":[{\"@type\":\"SearchAction\",\"target\":{\"@type\":\"EntryPoint\",\"urlTemplate\":\"https:\/\/allwintheme.com\/?s={search_term_string}\"},\"query-input\":{\"@type\":\"PropertyValueSpecification\",\"valueRequired\":true,\"valueName\":\"search_term_string\"}}],\"inLanguage\":\"es-CL\"}]}<\/script>\n<!-- \/ Yoast SEO Premium plugin. -->","yoast_head_json":{"title":"Instant VA Template Kit - AllWin Theme \u2013 Free WordPress Themes Download","description":"Un moderno kit de plantillas Elementor para que los asistentes virtuales muestren sus servicios y habilidades, y conecten con sus clientes de forma profesional.","robots":{"index":"index","follow":"follow","max-snippet":"max-snippet:-1","max-image-preview":"max-image-preview:large","max-video-preview":"max-video-preview:-1"},"canonical":"https:\/\/allwintheme.com\/es\/producto\/asistente-virtual-instant-va-kit-de-plantillas-elementor\/","og_locale":"es_ES","og_type":"article","og_title":"Instant VA Template Kit","og_description":"A modern Elementor template kit for virtual assistants to showcase services, skills, and connect with clients professionally.","og_url":"https:\/\/allwintheme.com\/es\/producto\/asistente-virtual-instant-va-kit-de-plantillas-elementor\/","og_site_name":"AllWin Theme \u2013 Free WordPress Themes Download","article_modified_time":"2025-09-17T13:41:13+00:00","og_image":[{"width":768,"height":512,"url":"https:\/\/allwintheme.com\/wp-content\/uploads\/2025\/09\/d0zpoxom.png","type":"image\/png"}],"twitter_card":"summary_large_image","twitter_misc":{"Tiempo estimado de lectura":"6 minutos"},"schema":{"@context":"https:\/\/schema.org","@graph":[{"@type":"WebPage","@id":"https:\/\/allwintheme.com\/product\/instant-va-virtual-assistant-elementor-template-kit\/","url":"https:\/\/allwintheme.com\/product\/instant-va-virtual-assistant-elementor-template-kit\/","name":"Instant VA Template Kit - AllWin Theme \u2013 Free WordPress Themes Download","isPartOf":{"@id":"https:\/\/allwintheme.com\/#website"},"primaryImageOfPage":{"@id":"https:\/\/allwintheme.com\/product\/instant-va-virtual-assistant-elementor-template-kit\/#primaryimage"},"image":{"@id":"https:\/\/allwintheme.com\/product\/instant-va-virtual-assistant-elementor-template-kit\/#primaryimage"},"thumbnailUrl":"https:\/\/allwintheme.com\/wp-content\/uploads\/2025\/09\/d0zpoxom.png","datePublished":"2025-09-17T13:36:19+00:00","dateModified":"2025-09-17T13:41:13+00:00","description":"Un moderno kit de plantillas Elementor para que los asistentes virtuales muestren sus servicios y habilidades, y conecten con sus clientes de forma profesional.","breadcrumb":{"@id":"https:\/\/allwintheme.com\/product\/instant-va-virtual-assistant-elementor-template-kit\/#breadcrumb"},"inLanguage":"es-CL","potentialAction":[{"@type":"ReadAction","target":["https:\/\/allwintheme.com\/product\/instant-va-virtual-assistant-elementor-template-kit\/"]}]},{"@type":"ImageObject","inLanguage":"es-CL","@id":"https:\/\/allwintheme.com\/product\/instant-va-virtual-assistant-elementor-template-kit\/#primaryimage","url":"https:\/\/allwintheme.com\/wp-content\/uploads\/2025\/09\/d0zpoxom.png","contentUrl":"https:\/\/allwintheme.com\/wp-content\/uploads\/2025\/09\/d0zpoxom.png","width":768,"height":512,"caption":"Instant VA \u2013 Virtual Assistant Elementor Template Kit"},{"@type":"BreadcrumbList","@id":"https:\/\/allwintheme.com\/product\/instant-va-virtual-assistant-elementor-template-kit\/#breadcrumb","itemListElement":[{"@type":"ListItem","position":1,"name":"Home","item":"https:\/\/allwintheme.com\/"},{"@type":"ListItem","position":2,"name":"Shop","item":"https:\/\/allwintheme.com\/shop\/"},{"@type":"ListItem","position":3,"name":"Instant VA Template Kit"}]},{"@type":"WebSite","@id":"https:\/\/allwintheme.com\/#website","url":"https:\/\/allwintheme.com\/","name":"Allwintheme","description":"Descarga gratis temas de WordPress para todos los nichos. Blogs, negocios, comercio electr\u00f3nico, portafolio, restaurante y m\u00e1s. Todos los temas tienen licencia GPL y est\u00e1n preparados para dispositivos m\u00f3viles.","potentialAction":[{"@type":"SearchAction","target":{"@type":"EntryPoint","urlTemplate":"https:\/\/allwintheme.com\/?s={search_term_string}"},"query-input":{"@type":"PropertyValueSpecification","valueRequired":true,"valueName":"search_term_string"}}],"inLanguage":"es-CL"}]}},"_links":{"self":[{"href":"https:\/\/allwintheme.com\/es\/wp-json\/wp\/v2\/product\/7411","targetHints":{"allow":["GET"]}}],"collection":[{"href":"https:\/\/allwintheme.com\/es\/wp-json\/wp\/v2\/product"}],"about":[{"href":"https:\/\/allwintheme.com\/es\/wp-json\/wp\/v2\/types\/product"}],"replies":[{"embeddable":true,"href":"https:\/\/allwintheme.com\/es\/wp-json\/wp\/v2\/comments?post=7411"}],"version-history":[{"count":0,"href":"https:\/\/allwintheme.com\/es\/wp-json\/wp\/v2\/product\/7411\/revisions"}],"wp:featuredmedia":[{"embeddable":true,"href":"https:\/\/allwintheme.com\/es\/wp-json\/wp\/v2\/media\/7350"}],"wp:attachment":[{"href":"https:\/\/allwintheme.com\/es\/wp-json\/wp\/v2\/media?parent=7411"}],"wp:term":[{"taxonomy":"product_brand","embeddable":true,"href":"https:\/\/allwintheme.com\/es\/wp-json\/wp\/v2\/product_brand?post=7411"},{"taxonomy":"product_cat","embeddable":true,"href":"https:\/\/allwintheme.com\/es\/wp-json\/wp\/v2\/product_cat?post=7411"},{"taxonomy":"product_tag","embeddable":true,"href":"https:\/\/allwintheme.com\/es\/wp-json\/wp\/v2\/product_tag?post=7411"}],"curies":[{"name":"wp","href":"https:\/\/api.w.org\/{rel}","templated":true}]}}