{"id":7417,"date":"2025-09-17T13:41:31","date_gmt":"2025-09-17T13:41:31","guid":{"rendered":"https:\/\/allwintheme.com\/?post_type=product&#038;p=7417"},"modified":"2025-09-17T13:47:36","modified_gmt":"2025-09-17T13:47:36","slug":"inston-servicios-de-asistente-virtual-plantilla-elementor","status":"publish","type":"product","link":"https:\/\/allwintheme.com\/es\/producto\/inston-servicios-de-asistente-virtual-plantilla-elementor\/","title":{"rendered":"Plantilla de Asistente Virtual Inston"},"content":{"rendered":"<div data-elementor-type=\"wp-post\" data-elementor-id=\"7417\" class=\"elementor elementor-7417\" data-elementor-settings=\"{&quot;element_pack_global_tooltip_width&quot;:{&quot;unit&quot;:&quot;px&quot;,&quot;size&quot;:&quot;&quot;,&quot;sizes&quot;:[]},&quot;element_pack_global_tooltip_width_tablet&quot;:{&quot;unit&quot;:&quot;px&quot;,&quot;size&quot;:&quot;&quot;,&quot;sizes&quot;:[]},&quot;element_pack_global_tooltip_width_mobile&quot;:{&quot;unit&quot;:&quot;px&quot;,&quot;size&quot;:&quot;&quot;,&quot;sizes&quot;:[]},&quot;element_pack_global_tooltip_padding&quot;:{&quot;unit&quot;:&quot;px&quot;,&quot;top&quot;:&quot;&quot;,&quot;right&quot;:&quot;&quot;,&quot;bottom&quot;:&quot;&quot;,&quot;left&quot;:&quot;&quot;,&quot;isLinked&quot;:true},&quot;element_pack_global_tooltip_padding_tablet&quot;:{&quot;unit&quot;:&quot;px&quot;,&quot;top&quot;:&quot;&quot;,&quot;right&quot;:&quot;&quot;,&quot;bottom&quot;:&quot;&quot;,&quot;left&quot;:&quot;&quot;,&quot;isLinked&quot;:true},&quot;element_pack_global_tooltip_padding_mobile&quot;:{&quot;unit&quot;:&quot;px&quot;,&quot;top&quot;:&quot;&quot;,&quot;right&quot;:&quot;&quot;,&quot;bottom&quot;:&quot;&quot;,&quot;left&quot;:&quot;&quot;,&quot;isLinked&quot;:true},&quot;element_pack_global_tooltip_border_radius&quot;:{&quot;unit&quot;:&quot;px&quot;,&quot;top&quot;:&quot;&quot;,&quot;right&quot;:&quot;&quot;,&quot;bottom&quot;:&quot;&quot;,&quot;left&quot;:&quot;&quot;,&quot;isLinked&quot;:true},&quot;element_pack_global_tooltip_border_radius_tablet&quot;:{&quot;unit&quot;:&quot;px&quot;,&quot;top&quot;:&quot;&quot;,&quot;right&quot;:&quot;&quot;,&quot;bottom&quot;:&quot;&quot;,&quot;left&quot;:&quot;&quot;,&quot;isLinked&quot;:true},&quot;element_pack_global_tooltip_border_radius_mobile&quot;:{&quot;unit&quot;:&quot;px&quot;,&quot;top&quot;:&quot;&quot;,&quot;right&quot;:&quot;&quot;,&quot;bottom&quot;:&quot;&quot;,&quot;left&quot;:&quot;&quot;,&quot;isLinked&quot;:true}}\" data-elementor-post-type=\"product\">\n\t\t\t\t<div class=\"elementor-element elementor-element-93aa4a8 e-con-full e-flex e-con e-parent\" data-id=\"93aa4a8\" data-element_type=\"container\" data-e-type=\"container\">\n\t\t\t\t<div class=\"elementor-element elementor-element-2c3f760 miaoshu elementor-widget elementor-widget-wd_text_block\" data-id=\"2c3f760\" data-element_type=\"widget\" data-e-type=\"widget\" data-widget_type=\"wd_text_block.default\">\n\t\t\t\t<div class=\"elementor-widget-container\">\n\t\t\t\t\t\t\t<div class=\"wd-text-block reset-last-child text-left\">\n\t\t\t\n\t\t\t<h2>Acerca de la plantilla de asistente virtual de Inston<\/h2>\n<p>La Plantilla Elementor para Servicios de Asistente Virtual Inston est\u00e1 dise\u00f1ada para profesionales y agencias que ofrecen soporte administrativo, creativo y t\u00e9cnico de forma remota. Con un dise\u00f1o moderno y f\u00e1cil personalizaci\u00f3n, permite a los asistentes virtuales mostrar su experiencia, presentar paquetes de servicios y conectar con los clientes de una manera pulida y profesional. Tanto si eres un aut\u00f3nomo independiente como si gestionas un equipo de asistentes remotos, Inston te proporciona las herramientas para crear credibilidad y hacer crecer tu presencia en Internet.<\/p>\n\n<h2>Por qu\u00e9 elegir Inston<\/h2>\n<p>En el vertiginoso mundo digital actual, las empresas y los empresarios dependen en gran medida de los asistentes virtuales para seguir siendo productivos. Inston est\u00e1 dise\u00f1ada espec\u00edficamente para este sector, ayud\u00e1ndole a comunicar fiabilidad, organizaci\u00f3n y eficiencia. Con una navegaci\u00f3n intuitiva y un dise\u00f1o claro, la plantilla garantiza que sus visitantes comprendan r\u00e1pidamente los servicios que ofrece y c\u00f3mo puede ayudarles a alcanzar sus objetivos. Consigue el equilibrio perfecto entre sencillez y profesionalidad, ofreci\u00e9ndole un sitio web que trabaja tan duro como usted.<\/p>\n\n<h2>Presentaci\u00f3n del servicio<\/h2>\n<p>La plantilla incluye secciones listas para usar para destacar sus servicios principales. Puede mostrar servicios de apoyo administrativo, gesti\u00f3n de calendarios, gesti\u00f3n de correo electr\u00f3nico, investigaci\u00f3n, planificaci\u00f3n de viajes, introducci\u00f3n de datos, atenci\u00f3n al cliente, etc. Si est\u00e1 especializado en asistencia creativa o t\u00e9cnica, como creaci\u00f3n de contenidos, gesti\u00f3n de redes sociales o actualizaciones de sitios web, Inston ofrece una estructura clara para explicar su experiencia. Cada secci\u00f3n de servicios est\u00e1 dise\u00f1ada para ayudar a los visitantes a comprender r\u00e1pidamente lo que ofrece y por qu\u00e9 deber\u00edan elegirle.<\/p>\n\n<h2>Paquetes y precios<\/h2>\n<p>La transparencia es clave para generar confianza con los clientes. Inston incluye tablas de precios y dise\u00f1os de paquetes que le permiten presentar diferentes niveles de servicio con claridad. Puede crear opciones flexibles, desde paquetes por horas hasta suscripciones mensuales, garantizando que los clientes potenciales puedan seleccionar f\u00e1cilmente el plan que se ajuste a sus necesidades. El dise\u00f1o limpio ayuda a resaltar el valor sin abrumar a los visitantes, haciendo que el proceso de decisi\u00f3n sea sencillo y directo.<\/p>\n\n<h2>Cartera y casos pr\u00e1cticos<\/h2>\n<p>Mostrar tu trabajo anterior es esencial para demostrar tu fiabilidad y tus habilidades. Inston cuenta con secciones dedicadas a portafolios y casos pr\u00e1cticos en las que puedes presentar ejemplos reales de c\u00f3mo has ayudado a los clientes. Tanto si se trata de gestionar programas complejos, agilizar flujos de trabajo o ayudar con tareas de marketing, estas secciones te permiten contar historias que destaquen tu capacidad para resolver problemas y tu eficiencia. Un portafolio s\u00f3lido genera confianza y atrae m\u00e1s clientes potenciales de alta calidad.<\/p>\n\n<h2>Testimonios de clientes<\/h2>\n<p>El boca a boca es poderoso en el sector de los asistentes virtuales. Inston hace que sea f\u00e1cil mostrar testimonios de clientes satisfechos, reforzando su credibilidad y reputaci\u00f3n. Los testimonios bien situados pueden aumentar significativamente la confianza y ayudar a los clientes potenciales a sentirse m\u00e1s seguros a la hora de elegir tus servicios. Combinando los testimonios con im\u00e1genes profesionales y estudios de casos, crear\u00e1 una narrativa convincente sobre su fiabilidad y rendimiento.<\/p>\n\n<h2>Compartir blogs y contenidos<\/h2>\n<p>Inston incluye una plataforma de blogs que le ofrece un espacio para compartir consejos, trucos de productividad, tendencias del sector y actualizaciones sobre sus servicios. Las publicaciones regulares en el blog no s\u00f3lo atraen a su audiencia, sino que tambi\u00e9n mejoran su posicionamiento en los motores de b\u00fasqueda. Al compartir contenido valioso, te posicionas como un recurso experto y l\u00edder de opini\u00f3n en el sector de los asistentes virtuales. Esta visibilidad constante ayuda a mantener su marca en la mente de los clientes potenciales.<\/p>\n\n<h2>Adaptable y compatible con dispositivos m\u00f3viles<\/h2>\n<p>Los clientes pueden acceder a su sitio web desde sus tel\u00e9fonos, tabletas u ordenadores de sobremesa, por lo que la capacidad de respuesta es esencial. Inston es totalmente compatible con dispositivos m\u00f3viles, lo que garantiza que su sitio tenga un aspecto profesional y funcione a la perfecci\u00f3n en todos los dispositivos. El rendimiento optimizado garantiza tiempos de carga r\u00e1pidos y una navegaci\u00f3n fluida, lo que mejora la experiencia del usuario y reduce las tasas de rebote. Esta adaptabilidad le ayuda a mantenerse conectado con sus clientes est\u00e9n donde est\u00e9n.<\/p>\n\n<h2>F\u00e1cil personalizaci\u00f3n con Elementor<\/h2>\n<p>Inston se basa en Elementor, uno de los constructores de p\u00e1ginas de arrastrar y soltar m\u00e1s populares para WordPress. Esto significa que puedes ajustar f\u00e1cilmente dise\u00f1os, colores, tipograf\u00eda y contenido sin conocimientos de programaci\u00f3n. Tanto si quieres mantener un estilo limpio y minimalista como a\u00f1adir elementos visuales vibrantes que reflejen tu personalidad, Elementor hace que la personalizaci\u00f3n sea sencilla y flexible. Esta facilidad de uso ahorra tiempo y te da la libertad de mantener una presencia online profesional sin esfuerzo.<\/p>\n\n<h2>Integraci\u00f3n con herramientas empresariales<\/h2>\n<p>Los asistentes virtuales suelen utilizar una amplia gama de herramientas para agilizar las operaciones, e Inston est\u00e1 dise\u00f1ado para integrarse perfectamente con ellas. Desde formularios de contacto y herramientas de programaci\u00f3n hasta marketing por correo electr\u00f3nico y an\u00e1lisis, la plantilla es compatible con plugins esenciales para mejorar la funcionalidad de tu sitio web. Esto le permite captar clientes potenciales, gestionar citas y realizar un seguimiento del rendimiento directamente desde su sitio, convirti\u00e9ndolo en un potente centro para su negocio.<\/p>\n\n<h2>Generar confianza y hacer crecer su negocio<\/h2>\n<p>El \u00e9xito en el sector de los asistentes virtuales depende de la confianza y la coherencia. Inston te proporciona todos los elementos necesarios para construir credibilidad, desde testimonios y portafolios hasta descripciones transparentes de servicios y contenido de blog. Con una presencia online profesional, te posicionas como un socio fiable para emprendedores, peque\u00f1as empresas y clientes corporativos. Esta confianza se traduce directamente en relaciones a largo plazo y proyectos recurrentes.<\/p>\n\n<h2>Dise\u00f1o preparado para el futuro<\/h2>\n<p>La demanda de asistentes virtuales est\u00e1 creciendo r\u00e1pidamente, impulsada por empresas que buscan eficiencia y flexibilidad. Inston le prepara para este futuro ofreci\u00e9ndole un dise\u00f1o que no s\u00f3lo satisface las necesidades actuales, sino que tambi\u00e9n se adapta a las tendencias del ma\u00f1ana. Con opciones de escalabilidad y personalizaci\u00f3n, su sitio web puede evolucionar junto con su negocio, garantizando que siga atrayendo clientes a medida que ampl\u00eda sus servicios.<\/p>\n\n<h2>Conclusi\u00f3n<\/h2>\n<p>La Plantilla Elementor para Servicios de Asistente Virtual Inston es m\u00e1s que un simple dise\u00f1o web - es una soluci\u00f3n completa para construir una fuerte presencia digital. Con dise\u00f1os profesionales, vitrinas de servicios, caracter\u00edsticas de portafolio y flexibilidad de personalizaci\u00f3n, equipa a los asistentes virtuales con todo lo necesario para tener \u00e9xito en l\u00ednea. Si est\u00e1s listo para elevar tu negocio, atraer m\u00e1s clientes y demostrar tu experiencia, Inston es la plantilla que te ayudar\u00e1 a lograr esos objetivos.<\/p>\n\t\t\t\t\t<\/div>\n\t\t\t\t\t\t<\/div>\n\t\t\t\t<\/div>\n\t\t\t\t<\/div>\n\t\t\t\t<\/div>","protected":false},"excerpt":{"rendered":"<p>About the Inston Virtual Assistant Template The Inston Virtual Assistant Services Elementor Template is designed for professionals and agencies offering<\/p>","protected":false},"featured_media":7351,"comment_status":"open","ping_status":"closed","template":"","meta":{"_acf_changed":false},"product_brand":[],"product_cat":[50],"product_tag":[],"class_list":{"0":"post-7417","1":"product","2":"type-product","3":"status-publish","4":"has-post-thumbnail","6":"product_cat-template-kits","8":"first","9":"instock","10":"sale","11":"downloadable","12":"shipping-taxable","13":"purchasable","14":"product-type-simple"},"acf":[],"yoast_head":"<!-- This site is optimized with the Yoast SEO Premium plugin v25.6 (Yoast SEO v27.1.1) - https:\/\/yoast.com\/product\/yoast-seo-premium-wordpress\/ -->\n<title>Inston Virtual Assistant Template - AllWin Theme \u2013 Free WordPress Themes Download<\/title>\n<meta name=\"description\" content=\"A modern Elementor template for virtual assistant services, perfect for showcasing skills, packages, and client support online.\" \/>\n<meta name=\"robots\" content=\"index, follow, max-snippet:-1, max-image-preview:large, max-video-preview:-1\" \/>\n<link rel=\"canonical\" href=\"https:\/\/allwintheme.com\/es\/producto\/inston-servicios-de-asistente-virtual-plantilla-elementor\/\" \/>\n<meta property=\"og:locale\" content=\"es_ES\" \/>\n<meta property=\"og:type\" content=\"article\" \/>\n<meta property=\"og:title\" content=\"Inston Virtual Assistant Template\" \/>\n<meta property=\"og:description\" content=\"A modern Elementor template for virtual assistant services, perfect for showcasing skills, packages, and client support online.\" \/>\n<meta property=\"og:url\" content=\"https:\/\/allwintheme.com\/es\/producto\/inston-servicios-de-asistente-virtual-plantilla-elementor\/\" \/>\n<meta property=\"og:site_name\" content=\"AllWin Theme \u2013 Free WordPress Themes Download\" \/>\n<meta property=\"article:modified_time\" content=\"2025-09-17T13:47:36+00:00\" \/>\n<meta property=\"og:image\" content=\"https:\/\/allwintheme.com\/wp-content\/uploads\/2025\/09\/kfqxuiul.png\" \/>\n\t<meta property=\"og:image:width\" content=\"768\" \/>\n\t<meta property=\"og:image:height\" content=\"512\" \/>\n\t<meta property=\"og:image:type\" content=\"image\/png\" \/>\n<meta name=\"twitter:card\" content=\"summary_large_image\" \/>\n<meta name=\"twitter:label1\" content=\"Tiempo estimado de lectura\" \/>\n\t<meta name=\"twitter:data1\" content=\"6 minutos\" \/>\n<script type=\"application\/ld+json\" class=\"yoast-schema-graph\">{\"@context\":\"https:\/\/schema.org\",\"@graph\":[{\"@type\":\"WebPage\",\"@id\":\"https:\/\/allwintheme.com\/product\/inston-virtual-assistant-services-elementor-template\/\",\"url\":\"https:\/\/allwintheme.com\/product\/inston-virtual-assistant-services-elementor-template\/\",\"name\":\"Inston Virtual Assistant Template - AllWin Theme \u2013 Free WordPress Themes Download\",\"isPartOf\":{\"@id\":\"https:\/\/allwintheme.com\/#website\"},\"primaryImageOfPage\":{\"@id\":\"https:\/\/allwintheme.com\/product\/inston-virtual-assistant-services-elementor-template\/#primaryimage\"},\"image\":{\"@id\":\"https:\/\/allwintheme.com\/product\/inston-virtual-assistant-services-elementor-template\/#primaryimage\"},\"thumbnailUrl\":\"https:\/\/allwintheme.com\/wp-content\/uploads\/2025\/09\/kfqxuiul.png\",\"datePublished\":\"2025-09-17T13:41:31+00:00\",\"dateModified\":\"2025-09-17T13:47:36+00:00\",\"description\":\"A modern Elementor template for virtual assistant services, perfect for showcasing skills, packages, and client support online.\",\"breadcrumb\":{\"@id\":\"https:\/\/allwintheme.com\/product\/inston-virtual-assistant-services-elementor-template\/#breadcrumb\"},\"inLanguage\":\"es-CL\",\"potentialAction\":[{\"@type\":\"ReadAction\",\"target\":[\"https:\/\/allwintheme.com\/product\/inston-virtual-assistant-services-elementor-template\/\"]}]},{\"@type\":\"ImageObject\",\"inLanguage\":\"es-CL\",\"@id\":\"https:\/\/allwintheme.com\/product\/inston-virtual-assistant-services-elementor-template\/#primaryimage\",\"url\":\"https:\/\/allwintheme.com\/wp-content\/uploads\/2025\/09\/kfqxuiul.png\",\"contentUrl\":\"https:\/\/allwintheme.com\/wp-content\/uploads\/2025\/09\/kfqxuiul.png\",\"width\":768,\"height\":512,\"caption\":\"Inston \u2013 Virtual Assistant Services Elementor Template\"},{\"@type\":\"BreadcrumbList\",\"@id\":\"https:\/\/allwintheme.com\/product\/inston-virtual-assistant-services-elementor-template\/#breadcrumb\",\"itemListElement\":[{\"@type\":\"ListItem\",\"position\":1,\"name\":\"Home\",\"item\":\"https:\/\/allwintheme.com\/\"},{\"@type\":\"ListItem\",\"position\":2,\"name\":\"Shop\",\"item\":\"https:\/\/allwintheme.com\/shop\/\"},{\"@type\":\"ListItem\",\"position\":3,\"name\":\"Inston Virtual Assistant Template\"}]},{\"@type\":\"WebSite\",\"@id\":\"https:\/\/allwintheme.com\/#website\",\"url\":\"https:\/\/allwintheme.com\/\",\"name\":\"Allwintheme\",\"description\":\"Download free WordPress themes for every niche. Blogs, business, eCommerce, portfolio, restaurant and more. All themes are GPL licensed and mobile-ready.\",\"potentialAction\":[{\"@type\":\"SearchAction\",\"target\":{\"@type\":\"EntryPoint\",\"urlTemplate\":\"https:\/\/allwintheme.com\/?s={search_term_string}\"},\"query-input\":{\"@type\":\"PropertyValueSpecification\",\"valueRequired\":true,\"valueName\":\"search_term_string\"}}],\"inLanguage\":\"es-CL\"}]}<\/script>\n<!-- \/ Yoast SEO Premium plugin. -->","yoast_head_json":{"title":"Inston Virtual Assistant Template - AllWin Theme \u2013 Free WordPress Themes Download","description":"Una plantilla Elementor moderna para servicios de asistente virtual, perfecta para mostrar habilidades, paquetes y atenci\u00f3n al cliente en l\u00ednea.","robots":{"index":"index","follow":"follow","max-snippet":"max-snippet:-1","max-image-preview":"max-image-preview:large","max-video-preview":"max-video-preview:-1"},"canonical":"https:\/\/allwintheme.com\/es\/producto\/inston-servicios-de-asistente-virtual-plantilla-elementor\/","og_locale":"es_ES","og_type":"article","og_title":"Inston Virtual Assistant Template","og_description":"A modern Elementor template for virtual assistant services, perfect for showcasing skills, packages, and client support online.","og_url":"https:\/\/allwintheme.com\/es\/producto\/inston-servicios-de-asistente-virtual-plantilla-elementor\/","og_site_name":"AllWin Theme \u2013 Free WordPress Themes Download","article_modified_time":"2025-09-17T13:47:36+00:00","og_image":[{"width":768,"height":512,"url":"https:\/\/allwintheme.com\/wp-content\/uploads\/2025\/09\/kfqxuiul.png","type":"image\/png"}],"twitter_card":"summary_large_image","twitter_misc":{"Tiempo estimado de lectura":"6 minutos"},"schema":{"@context":"https:\/\/schema.org","@graph":[{"@type":"WebPage","@id":"https:\/\/allwintheme.com\/product\/inston-virtual-assistant-services-elementor-template\/","url":"https:\/\/allwintheme.com\/product\/inston-virtual-assistant-services-elementor-template\/","name":"Inston Virtual Assistant Template - AllWin Theme \u2013 Free WordPress Themes Download","isPartOf":{"@id":"https:\/\/allwintheme.com\/#website"},"primaryImageOfPage":{"@id":"https:\/\/allwintheme.com\/product\/inston-virtual-assistant-services-elementor-template\/#primaryimage"},"image":{"@id":"https:\/\/allwintheme.com\/product\/inston-virtual-assistant-services-elementor-template\/#primaryimage"},"thumbnailUrl":"https:\/\/allwintheme.com\/wp-content\/uploads\/2025\/09\/kfqxuiul.png","datePublished":"2025-09-17T13:41:31+00:00","dateModified":"2025-09-17T13:47:36+00:00","description":"Una plantilla Elementor moderna para servicios de asistente virtual, perfecta para mostrar habilidades, paquetes y atenci\u00f3n al cliente en l\u00ednea.","breadcrumb":{"@id":"https:\/\/allwintheme.com\/product\/inston-virtual-assistant-services-elementor-template\/#breadcrumb"},"inLanguage":"es-CL","potentialAction":[{"@type":"ReadAction","target":["https:\/\/allwintheme.com\/product\/inston-virtual-assistant-services-elementor-template\/"]}]},{"@type":"ImageObject","inLanguage":"es-CL","@id":"https:\/\/allwintheme.com\/product\/inston-virtual-assistant-services-elementor-template\/#primaryimage","url":"https:\/\/allwintheme.com\/wp-content\/uploads\/2025\/09\/kfqxuiul.png","contentUrl":"https:\/\/allwintheme.com\/wp-content\/uploads\/2025\/09\/kfqxuiul.png","width":768,"height":512,"caption":"Inston \u2013 Virtual Assistant Services Elementor Template"},{"@type":"BreadcrumbList","@id":"https:\/\/allwintheme.com\/product\/inston-virtual-assistant-services-elementor-template\/#breadcrumb","itemListElement":[{"@type":"ListItem","position":1,"name":"Home","item":"https:\/\/allwintheme.com\/"},{"@type":"ListItem","position":2,"name":"Shop","item":"https:\/\/allwintheme.com\/shop\/"},{"@type":"ListItem","position":3,"name":"Inston Virtual Assistant Template"}]},{"@type":"WebSite","@id":"https:\/\/allwintheme.com\/#website","url":"https:\/\/allwintheme.com\/","name":"Allwintheme","description":"Descarga gratis temas de WordPress para todos los nichos. Blogs, negocios, comercio electr\u00f3nico, portafolio, restaurante y m\u00e1s. Todos los temas tienen licencia GPL y est\u00e1n preparados para dispositivos m\u00f3viles.","potentialAction":[{"@type":"SearchAction","target":{"@type":"EntryPoint","urlTemplate":"https:\/\/allwintheme.com\/?s={search_term_string}"},"query-input":{"@type":"PropertyValueSpecification","valueRequired":true,"valueName":"search_term_string"}}],"inLanguage":"es-CL"}]}},"_links":{"self":[{"href":"https:\/\/allwintheme.com\/es\/wp-json\/wp\/v2\/product\/7417","targetHints":{"allow":["GET"]}}],"collection":[{"href":"https:\/\/allwintheme.com\/es\/wp-json\/wp\/v2\/product"}],"about":[{"href":"https:\/\/allwintheme.com\/es\/wp-json\/wp\/v2\/types\/product"}],"replies":[{"embeddable":true,"href":"https:\/\/allwintheme.com\/es\/wp-json\/wp\/v2\/comments?post=7417"}],"version-history":[{"count":0,"href":"https:\/\/allwintheme.com\/es\/wp-json\/wp\/v2\/product\/7417\/revisions"}],"wp:featuredmedia":[{"embeddable":true,"href":"https:\/\/allwintheme.com\/es\/wp-json\/wp\/v2\/media\/7351"}],"wp:attachment":[{"href":"https:\/\/allwintheme.com\/es\/wp-json\/wp\/v2\/media?parent=7417"}],"wp:term":[{"taxonomy":"product_brand","embeddable":true,"href":"https:\/\/allwintheme.com\/es\/wp-json\/wp\/v2\/product_brand?post=7417"},{"taxonomy":"product_cat","embeddable":true,"href":"https:\/\/allwintheme.com\/es\/wp-json\/wp\/v2\/product_cat?post=7417"},{"taxonomy":"product_tag","embeddable":true,"href":"https:\/\/allwintheme.com\/es\/wp-json\/wp\/v2\/product_tag?post=7417"}],"curies":[{"name":"wp","href":"https:\/\/api.w.org\/{rel}","templated":true}]}}