{"id":7423,"date":"2025-09-17T13:47:51","date_gmt":"2025-09-17T13:47:51","guid":{"rendered":"https:\/\/allwintheme.com\/?post_type=product&#038;p=7423"},"modified":"2025-09-17T13:53:26","modified_gmt":"2025-09-17T13:53:26","slug":"virtuaz-virtual-assistant-business-elementor-template","status":"publish","type":"product","link":"https:\/\/allwintheme.com\/es\/producto\/virtuaz-virtual-assistant-business-elementor-template\/","title":{"rendered":"Virtuaz Plantilla de Asistente Virtual"},"content":{"rendered":"<div data-elementor-type=\"wp-post\" data-elementor-id=\"7423\" class=\"elementor elementor-7423\" data-elementor-settings=\"{&quot;element_pack_global_tooltip_width&quot;:{&quot;unit&quot;:&quot;px&quot;,&quot;size&quot;:&quot;&quot;,&quot;sizes&quot;:[]},&quot;element_pack_global_tooltip_width_tablet&quot;:{&quot;unit&quot;:&quot;px&quot;,&quot;size&quot;:&quot;&quot;,&quot;sizes&quot;:[]},&quot;element_pack_global_tooltip_width_mobile&quot;:{&quot;unit&quot;:&quot;px&quot;,&quot;size&quot;:&quot;&quot;,&quot;sizes&quot;:[]},&quot;element_pack_global_tooltip_padding&quot;:{&quot;unit&quot;:&quot;px&quot;,&quot;top&quot;:&quot;&quot;,&quot;right&quot;:&quot;&quot;,&quot;bottom&quot;:&quot;&quot;,&quot;left&quot;:&quot;&quot;,&quot;isLinked&quot;:true},&quot;element_pack_global_tooltip_padding_tablet&quot;:{&quot;unit&quot;:&quot;px&quot;,&quot;top&quot;:&quot;&quot;,&quot;right&quot;:&quot;&quot;,&quot;bottom&quot;:&quot;&quot;,&quot;left&quot;:&quot;&quot;,&quot;isLinked&quot;:true},&quot;element_pack_global_tooltip_padding_mobile&quot;:{&quot;unit&quot;:&quot;px&quot;,&quot;top&quot;:&quot;&quot;,&quot;right&quot;:&quot;&quot;,&quot;bottom&quot;:&quot;&quot;,&quot;left&quot;:&quot;&quot;,&quot;isLinked&quot;:true},&quot;element_pack_global_tooltip_border_radius&quot;:{&quot;unit&quot;:&quot;px&quot;,&quot;top&quot;:&quot;&quot;,&quot;right&quot;:&quot;&quot;,&quot;bottom&quot;:&quot;&quot;,&quot;left&quot;:&quot;&quot;,&quot;isLinked&quot;:true},&quot;element_pack_global_tooltip_border_radius_tablet&quot;:{&quot;unit&quot;:&quot;px&quot;,&quot;top&quot;:&quot;&quot;,&quot;right&quot;:&quot;&quot;,&quot;bottom&quot;:&quot;&quot;,&quot;left&quot;:&quot;&quot;,&quot;isLinked&quot;:true},&quot;element_pack_global_tooltip_border_radius_mobile&quot;:{&quot;unit&quot;:&quot;px&quot;,&quot;top&quot;:&quot;&quot;,&quot;right&quot;:&quot;&quot;,&quot;bottom&quot;:&quot;&quot;,&quot;left&quot;:&quot;&quot;,&quot;isLinked&quot;:true}}\" data-elementor-post-type=\"product\">\n\t\t\t\t<div class=\"elementor-element elementor-element-93aa4a8 e-con-full e-flex e-con e-parent\" data-id=\"93aa4a8\" data-element_type=\"container\" data-e-type=\"container\">\n\t\t\t\t<div class=\"elementor-element elementor-element-2c3f760 miaoshu elementor-widget elementor-widget-wd_text_block\" data-id=\"2c3f760\" data-element_type=\"widget\" data-e-type=\"widget\" data-widget_type=\"wd_text_block.default\">\n\t\t\t\t<div class=\"elementor-widget-container\">\n\t\t\t\t\t\t\t<div class=\"wd-text-block reset-last-child text-left\">\n\t\t\t\n\t\t\t<h2>Acerca de la Plantilla de Asistente Virtual Virtuaz<\/h2>\n<p>La Plantilla Elementor para Asistente Virtual Virtuaz est\u00e1 dise\u00f1ada para profesionales y negocios que buscan establecer una fuerte presencia digital en el mundo de la asistencia virtual. Tanto si eres una AV independiente, como si formas parte de una agencia en crecimiento u ofreces servicios online especializados, esta plantilla te ayudar\u00e1 a presentar tu experiencia con claridad, profesionalidad y estilo. Construida sobre Elementor, uno de los constructores de p\u00e1ginas m\u00e1s flexibles, permite una personalizaci\u00f3n intuitiva para que tu sitio pueda reflejar realmente tu marca y personalidad \u00fanicas.<\/p>\n\n<h2>Dise\u00f1ado para empresas de asistentes virtuales<\/h2>\n<p>Los asistentes virtuales trabajan en un entorno digital vertiginoso en el que la organizaci\u00f3n, la confianza y la eficacia son lo m\u00e1s importante. Esta plantilla se ha dise\u00f1ado teniendo en cuenta esas necesidades. Ofrece secciones preestructuradas para mostrar tus habilidades, experiencia y paquetes de servicios de una manera que resuene con los clientes potenciales. Desde apoyo administrativo a marketing digital, gesti\u00f3n de proyectos y atenci\u00f3n al cliente, Virtuaz te permite destacar las \u00e1reas en las que puedes tener un mayor impacto.<\/p>\n\n<h2>Presentaci\u00f3n del servicio<\/h2>\n<p>Uno de los aspectos m\u00e1s destacados de la plantilla Virtuaz son sus p\u00e1ginas de servicios bien estructuradas. Cada secci\u00f3n puede adaptarse para presentar descripciones detalladas de lo que ofrece. Por ejemplo, puedes crear categor\u00edas de servicios dedicadas a la gesti\u00f3n de redes sociales, la coordinaci\u00f3n de calendarios, la creaci\u00f3n de contenidos o la contabilidad. Acompa\u00f1ados de elementos visuales e iconos, estos dise\u00f1os facilitan a los clientes la comprensi\u00f3n de su propuesta de valor de un vistazo. La organizaci\u00f3n clara reduce la confusi\u00f3n y garantiza que tus visitantes sepan exactamente c\u00f3mo puedes ayudarles a que su negocio tenga \u00e9xito.<\/p>\n\n<h2>Presentaci\u00f3n de proyectos y carteras<\/h2>\n<p>Los clientes quieren pruebas de su experiencia, y la plantilla Virtuaz te da las herramientas para crear credibilidad. Sus secciones de portafolio y escaparate de proyectos est\u00e1n dise\u00f1adas para demostrar los resultados reales que has conseguido. Puedes presentar casos pr\u00e1cticos, destacar colaboraciones de \u00e9xito y mostrar testimonios de clientes satisfechos. Esto no s\u00f3lo genera confianza, sino que tambi\u00e9n proporciona una prueba social de que eres un socio fiable para emprendedores ocupados, startups y empresas que buscan un apoyo virtual fiable.<\/p>\n\n<h2>Comunicaci\u00f3n centrada en el cliente<\/h2>\n<p>En el mundo de la asistencia virtual, la comunicaci\u00f3n es la piedra angular del \u00e9xito. La plantilla integra funciones que facilitan que los clientes se pongan en contacto con usted. Con formularios de contacto, secciones de llamada a la acci\u00f3n y p\u00e1ginas dedicadas a preguntas frecuentes, su sitio guiar\u00e1 a los clientes potenciales para que den el siguiente paso. Tambi\u00e9n puede a\u00f1adir integraciones de programaci\u00f3n, lo que permite a los clientes potenciales reservar consultas o llamadas directamente a trav\u00e9s de su sitio. Este flujo de comunicaci\u00f3n optimizado le hace m\u00e1s accesible y receptivo, lo que es crucial para crear relaciones duraderas con los clientes.<\/p>\n\n<h2>Blog y marketing de contenidos<\/h2>\n<p>El marketing de contenidos es una forma eficaz para que los asistentes virtuales establezcan autoridad y atraigan nuevos clientes. La plantilla Virtuaz incluye una secci\u00f3n de blog donde puedes compartir ideas, consejos de productividad, historias de \u00e9xito de clientes y actualizaciones del sector. Al publicar regularmente contenido valioso, demuestras liderazgo de pensamiento a la vez que mejoras la visibilidad de tu sitio en los motores de b\u00fasqueda. Esta combinaci\u00f3n ayuda a atraer tr\u00e1fico org\u00e1nico, atraer a los visitantes y convertir a los lectores en clientes de pago.<\/p>\n\n<h2>Dise\u00f1o adaptable y f\u00e1cil de usar<\/h2>\n<p>Sus clientes pueden estar en movimiento, consultando su sitio web desde ordenadores port\u00e1tiles, tabletas o tel\u00e9fonos inteligentes. La plantilla Elementor de Virtuaz es totalmente responsive, adapt\u00e1ndose a todos los tama\u00f1os de pantalla con elegancia y eficiencia. La navegaci\u00f3n est\u00e1 dise\u00f1ada para ser intuitiva, asegurando que los visitantes puedan encontrar la informaci\u00f3n que necesitan r\u00e1pidamente y sin fricci\u00f3n. El enfoque de dise\u00f1o moderno, con dise\u00f1os limpios y un uso equilibrado de elementos visuales, refuerza la sensaci\u00f3n de profesionalidad que los clientes esperan de un asistente virtual.<\/p>\n\n<h2>Personalizaci\u00f3n con Elementor<\/h2>\n<p>Virtuaz funciona con Elementor, uno de los creadores de p\u00e1ginas para WordPress m\u00e1s flexibles y utilizados. Esto significa que tienes control total sobre el aspecto de tu sitio. Puedes ajustar f\u00e1cilmente fuentes, colores, dise\u00f1os y secciones para alinearlos con la identidad de tu marca. Tanto si prefieres un estilo minimalista como un enfoque vibrante y colorido, la funcionalidad de arrastrar y soltar de Elementor hace que el proceso de personalizaci\u00f3n sea sencillo, incluso sin conocimientos de programaci\u00f3n.<\/p>\n\n<h2>Integraci\u00f3n con herramientas esenciales<\/h2>\n<p>Un negocio de asistente virtual exitoso a menudo depende de herramientas e integraciones eficientes. Esta plantilla se ha creado teniendo en cuenta la compatibilidad y es compatible con los plugins de WordPress m\u00e1s populares para SEO, an\u00e1lisis, captaci\u00f3n de clientes potenciales y seguridad. Adem\u00e1s, puedes integrar sistemas de calendario, plataformas de marketing por correo electr\u00f3nico y pasarelas de pago para agilizar las interacciones con los clientes. Estas integraciones hacen que su sitio sea m\u00e1s que una simple presentaci\u00f3n: se convierte en un centro funcional para el funcionamiento de su negocio.<\/p>\n\n<h2>Generar confianza en el cliente<\/h2>\n<p>Para los clientes potenciales, la confianza es el factor decisivo a la hora de elegir un asistente virtual. La plantilla Virtuaz le permite destacar testimonios de clientes, valoraciones y comentarios. Estos elementos sirven como poderosa prueba social de que cumples tus promesas. Al destacar las experiencias positivas, construye una reputaci\u00f3n de fiabilidad y profesionalidad. Los clientes potenciales son m\u00e1s propensos a contratar sus servicios cuando ven pruebas de clientes satisfechos que se beneficiaron de su apoyo.<\/p>\n\n<h2>Posicionamiento para el crecimiento<\/h2>\n<p>El sector de los asistentes virtuales est\u00e1 creciendo r\u00e1pidamente a medida que m\u00e1s empresas adoptan el trabajo a distancia y la asistencia flexible. La plantilla Virtuaz posiciona su negocio para aprovechar esta tendencia. Su dise\u00f1o vanguardista le garantiza una imagen moderna y adaptable. Tanto si est\u00e1 ampliando sus servicios, como si se est\u00e1 expandiendo a un nicho de mercado, o si est\u00e1 pasando de ser un VA en solitario a un modelo de agencia, esta plantilla proporciona una base s\u00f3lida para el crecimiento. Se adapta a ti a medida que evoluciona tu negocio, apoyando tus objetivos en cada etapa.<\/p>\n\n<h2>Conclusi\u00f3n<\/h2>\n<p>La Plantilla Elementor para Asistente Virtual de Virtuaz es m\u00e1s que un dise\u00f1o web - es una soluci\u00f3n completa para construir tu presencia digital, atraer clientes y hacer crecer tu negocio. Con secciones adaptadas para servicios, portafolios, testimonios y comunicaci\u00f3n, proporciona todo lo que una VA necesita para destacar en un mercado competitivo. Totalmente adaptable, personalizable y compatible con herramientas empresariales esenciales, combina belleza y funcionalidad. Si usted est\u00e1 listo para llevar su negocio de asistente virtual al siguiente nivel, la plantilla Virtuaz ofrece la estructura y la flexibilidad para hacerlo realidad.<\/p>\n\t\t\t\t\t<\/div>\n\t\t\t\t\t\t<\/div>\n\t\t\t\t<\/div>\n\t\t\t\t<\/div>\n\t\t\t\t<\/div>","protected":false},"excerpt":{"rendered":"<p>About the Virtuaz Virtual Assistant Template The Virtuaz Virtual Assistant Elementor Template is crafted for professionals and businesses looking to<\/p>","protected":false},"featured_media":7352,"comment_status":"open","ping_status":"closed","template":"","meta":{"_acf_changed":false},"product_brand":[],"product_cat":[50],"product_tag":[],"class_list":{"0":"post-7423","1":"product","2":"type-product","3":"status-publish","4":"has-post-thumbnail","6":"product_cat-template-kits","8":"first","9":"instock","10":"sale","11":"downloadable","12":"shipping-taxable","13":"purchasable","14":"product-type-simple"},"acf":[],"yoast_head":"<!-- This site is optimized with the Yoast SEO Premium plugin v25.6 (Yoast SEO v27.4) - https:\/\/yoast.com\/product\/yoast-seo-premium-wordpress\/ -->\n<title>Virtuaz Virtual Assistant Template - AllWin Theme \u2013 Free WordPress Themes Download<\/title>\n<meta name=\"description\" content=\"A modern Elementor template for virtual assistants to showcase services, build trust, and grow a professional online presence.\" \/>\n<meta name=\"robots\" content=\"index, follow, max-snippet:-1, max-image-preview:large, max-video-preview:-1\" \/>\n<link rel=\"canonical\" href=\"https:\/\/allwintheme.com\/es\/producto\/virtuaz-virtual-assistant-business-elementor-template\/\" \/>\n<meta property=\"og:locale\" content=\"es_ES\" \/>\n<meta property=\"og:type\" content=\"article\" \/>\n<meta property=\"og:title\" content=\"Virtuaz Virtual Assistant Template\" \/>\n<meta property=\"og:description\" content=\"A modern Elementor template for virtual assistants to showcase services, build trust, and grow a professional online presence.\" \/>\n<meta property=\"og:url\" content=\"https:\/\/allwintheme.com\/es\/producto\/virtuaz-virtual-assistant-business-elementor-template\/\" \/>\n<meta property=\"og:site_name\" content=\"AllWin Theme \u2013 Free WordPress Themes Download\" \/>\n<meta property=\"article:modified_time\" content=\"2025-09-17T13:53:26+00:00\" \/>\n<meta property=\"og:image\" content=\"https:\/\/allwintheme.com\/wp-content\/uploads\/2025\/09\/hjn8uw2p.png\" \/>\n\t<meta property=\"og:image:width\" content=\"768\" \/>\n\t<meta property=\"og:image:height\" content=\"425\" \/>\n\t<meta property=\"og:image:type\" content=\"image\/png\" \/>\n<meta name=\"twitter:card\" content=\"summary_large_image\" \/>\n<meta name=\"twitter:label1\" content=\"Tiempo estimado de lectura\" \/>\n\t<meta name=\"twitter:data1\" content=\"6 minutos\" \/>\n<script type=\"application\/ld+json\" class=\"yoast-schema-graph\">{\"@context\":\"https:\\\/\\\/schema.org\",\"@graph\":[{\"@type\":\"WebPage\",\"@id\":\"https:\\\/\\\/allwintheme.com\\\/product\\\/virtuaz-virtual-assistant-business-elementor-template\\\/\",\"url\":\"https:\\\/\\\/allwintheme.com\\\/product\\\/virtuaz-virtual-assistant-business-elementor-template\\\/\",\"name\":\"Virtuaz Virtual Assistant Template - AllWin Theme \u2013 Free WordPress Themes Download\",\"isPartOf\":{\"@id\":\"https:\\\/\\\/allwintheme.com\\\/#website\"},\"primaryImageOfPage\":{\"@id\":\"https:\\\/\\\/allwintheme.com\\\/product\\\/virtuaz-virtual-assistant-business-elementor-template\\\/#primaryimage\"},\"image\":{\"@id\":\"https:\\\/\\\/allwintheme.com\\\/product\\\/virtuaz-virtual-assistant-business-elementor-template\\\/#primaryimage\"},\"thumbnailUrl\":\"https:\\\/\\\/allwintheme.com\\\/wp-content\\\/uploads\\\/2025\\\/09\\\/hjn8uw2p.png\",\"datePublished\":\"2025-09-17T13:47:51+00:00\",\"dateModified\":\"2025-09-17T13:53:26+00:00\",\"description\":\"A modern Elementor template for virtual assistants to showcase services, build trust, and grow a professional online presence.\",\"breadcrumb\":{\"@id\":\"https:\\\/\\\/allwintheme.com\\\/product\\\/virtuaz-virtual-assistant-business-elementor-template\\\/#breadcrumb\"},\"inLanguage\":\"es-CL\",\"potentialAction\":[{\"@type\":\"ReadAction\",\"target\":[\"https:\\\/\\\/allwintheme.com\\\/product\\\/virtuaz-virtual-assistant-business-elementor-template\\\/\"]}]},{\"@type\":\"ImageObject\",\"inLanguage\":\"es-CL\",\"@id\":\"https:\\\/\\\/allwintheme.com\\\/product\\\/virtuaz-virtual-assistant-business-elementor-template\\\/#primaryimage\",\"url\":\"https:\\\/\\\/allwintheme.com\\\/wp-content\\\/uploads\\\/2025\\\/09\\\/hjn8uw2p.png\",\"contentUrl\":\"https:\\\/\\\/allwintheme.com\\\/wp-content\\\/uploads\\\/2025\\\/09\\\/hjn8uw2p.png\",\"width\":768,\"height\":425,\"caption\":\"Virtuaz \u2013 Virtual Assistant Business Elementor Template\"},{\"@type\":\"BreadcrumbList\",\"@id\":\"https:\\\/\\\/allwintheme.com\\\/product\\\/virtuaz-virtual-assistant-business-elementor-template\\\/#breadcrumb\",\"itemListElement\":[{\"@type\":\"ListItem\",\"position\":1,\"name\":\"Home\",\"item\":\"https:\\\/\\\/allwintheme.com\\\/\"},{\"@type\":\"ListItem\",\"position\":2,\"name\":\"Shop\",\"item\":\"https:\\\/\\\/allwintheme.com\\\/shop\\\/\"},{\"@type\":\"ListItem\",\"position\":3,\"name\":\"Virtuaz Virtual Assistant Template\"}]},{\"@type\":\"WebSite\",\"@id\":\"https:\\\/\\\/allwintheme.com\\\/#website\",\"url\":\"https:\\\/\\\/allwintheme.com\\\/\",\"name\":\"Allwintheme\",\"description\":\"Download free WordPress themes for every niche. Blogs, business, eCommerce, portfolio, restaurant and more. All themes are GPL licensed and mobile-ready.\",\"potentialAction\":[{\"@type\":\"SearchAction\",\"target\":{\"@type\":\"EntryPoint\",\"urlTemplate\":\"https:\\\/\\\/allwintheme.com\\\/?s={search_term_string}\"},\"query-input\":{\"@type\":\"PropertyValueSpecification\",\"valueRequired\":true,\"valueName\":\"search_term_string\"}}],\"inLanguage\":\"es-CL\"}]}<\/script>\n<!-- \/ Yoast SEO Premium plugin. -->","yoast_head_json":{"title":"Virtuaz Virtual Assistant Template - AllWin Theme \u2013 Free WordPress Themes Download","description":"Una plantilla moderna de Elementor para que los asistentes virtuales muestren sus servicios, generen confianza y desarrollen una presencia profesional en l\u00ednea.","robots":{"index":"index","follow":"follow","max-snippet":"max-snippet:-1","max-image-preview":"max-image-preview:large","max-video-preview":"max-video-preview:-1"},"canonical":"https:\/\/allwintheme.com\/es\/producto\/virtuaz-virtual-assistant-business-elementor-template\/","og_locale":"es_ES","og_type":"article","og_title":"Virtuaz Virtual Assistant Template","og_description":"A modern Elementor template for virtual assistants to showcase services, build trust, and grow a professional online presence.","og_url":"https:\/\/allwintheme.com\/es\/producto\/virtuaz-virtual-assistant-business-elementor-template\/","og_site_name":"AllWin Theme \u2013 Free WordPress Themes Download","article_modified_time":"2025-09-17T13:53:26+00:00","og_image":[{"width":768,"height":425,"url":"https:\/\/allwintheme.com\/wp-content\/uploads\/2025\/09\/hjn8uw2p.png","type":"image\/png"}],"twitter_card":"summary_large_image","twitter_misc":{"Tiempo estimado de lectura":"6 minutos"},"schema":{"@context":"https:\/\/schema.org","@graph":[{"@type":"WebPage","@id":"https:\/\/allwintheme.com\/product\/virtuaz-virtual-assistant-business-elementor-template\/","url":"https:\/\/allwintheme.com\/product\/virtuaz-virtual-assistant-business-elementor-template\/","name":"Virtuaz Virtual Assistant Template - AllWin Theme \u2013 Free WordPress Themes Download","isPartOf":{"@id":"https:\/\/allwintheme.com\/#website"},"primaryImageOfPage":{"@id":"https:\/\/allwintheme.com\/product\/virtuaz-virtual-assistant-business-elementor-template\/#primaryimage"},"image":{"@id":"https:\/\/allwintheme.com\/product\/virtuaz-virtual-assistant-business-elementor-template\/#primaryimage"},"thumbnailUrl":"https:\/\/allwintheme.com\/wp-content\/uploads\/2025\/09\/hjn8uw2p.png","datePublished":"2025-09-17T13:47:51+00:00","dateModified":"2025-09-17T13:53:26+00:00","description":"Una plantilla moderna de Elementor para que los asistentes virtuales muestren sus servicios, generen confianza y desarrollen una presencia profesional en l\u00ednea.","breadcrumb":{"@id":"https:\/\/allwintheme.com\/product\/virtuaz-virtual-assistant-business-elementor-template\/#breadcrumb"},"inLanguage":"es-CL","potentialAction":[{"@type":"ReadAction","target":["https:\/\/allwintheme.com\/product\/virtuaz-virtual-assistant-business-elementor-template\/"]}]},{"@type":"ImageObject","inLanguage":"es-CL","@id":"https:\/\/allwintheme.com\/product\/virtuaz-virtual-assistant-business-elementor-template\/#primaryimage","url":"https:\/\/allwintheme.com\/wp-content\/uploads\/2025\/09\/hjn8uw2p.png","contentUrl":"https:\/\/allwintheme.com\/wp-content\/uploads\/2025\/09\/hjn8uw2p.png","width":768,"height":425,"caption":"Virtuaz \u2013 Virtual Assistant Business Elementor Template"},{"@type":"BreadcrumbList","@id":"https:\/\/allwintheme.com\/product\/virtuaz-virtual-assistant-business-elementor-template\/#breadcrumb","itemListElement":[{"@type":"ListItem","position":1,"name":"Home","item":"https:\/\/allwintheme.com\/"},{"@type":"ListItem","position":2,"name":"Shop","item":"https:\/\/allwintheme.com\/shop\/"},{"@type":"ListItem","position":3,"name":"Virtuaz Virtual Assistant Template"}]},{"@type":"WebSite","@id":"https:\/\/allwintheme.com\/#website","url":"https:\/\/allwintheme.com\/","name":"Allwintheme","description":"Descarga gratis temas de WordPress para todos los nichos. Blogs, negocios, comercio electr\u00f3nico, portafolio, restaurante y m\u00e1s. Todos los temas tienen licencia GPL y est\u00e1n preparados para dispositivos m\u00f3viles.","potentialAction":[{"@type":"SearchAction","target":{"@type":"EntryPoint","urlTemplate":"https:\/\/allwintheme.com\/?s={search_term_string}"},"query-input":{"@type":"PropertyValueSpecification","valueRequired":true,"valueName":"search_term_string"}}],"inLanguage":"es-CL"}]}},"_links":{"self":[{"href":"https:\/\/allwintheme.com\/es\/wp-json\/wp\/v2\/product\/7423","targetHints":{"allow":["GET"]}}],"collection":[{"href":"https:\/\/allwintheme.com\/es\/wp-json\/wp\/v2\/product"}],"about":[{"href":"https:\/\/allwintheme.com\/es\/wp-json\/wp\/v2\/types\/product"}],"replies":[{"embeddable":true,"href":"https:\/\/allwintheme.com\/es\/wp-json\/wp\/v2\/comments?post=7423"}],"version-history":[{"count":0,"href":"https:\/\/allwintheme.com\/es\/wp-json\/wp\/v2\/product\/7423\/revisions"}],"wp:featuredmedia":[{"embeddable":true,"href":"https:\/\/allwintheme.com\/es\/wp-json\/wp\/v2\/media\/7352"}],"wp:attachment":[{"href":"https:\/\/allwintheme.com\/es\/wp-json\/wp\/v2\/media?parent=7423"}],"wp:term":[{"taxonomy":"product_brand","embeddable":true,"href":"https:\/\/allwintheme.com\/es\/wp-json\/wp\/v2\/product_brand?post=7423"},{"taxonomy":"product_cat","embeddable":true,"href":"https:\/\/allwintheme.com\/es\/wp-json\/wp\/v2\/product_cat?post=7423"},{"taxonomy":"product_tag","embeddable":true,"href":"https:\/\/allwintheme.com\/es\/wp-json\/wp\/v2\/product_tag?post=7423"}],"curies":[{"name":"wp","href":"https:\/\/api.w.org\/{rel}","templated":true}]}}