{"id":7471,"date":"2025-09-22T13:11:46","date_gmt":"2025-09-22T13:11:46","guid":{"rendered":"https:\/\/allwintheme.com\/?post_type=product&#038;p=7471"},"modified":"2025-09-22T13:17:15","modified_gmt":"2025-09-22T13:17:15","slug":"faview-opiniones-virtuales-para-woocommerce-premium","status":"publish","type":"product","link":"https:\/\/allwintheme.com\/es\/producto\/faview-opiniones-virtuales-para-woocommerce-premium\/","title":{"rendered":"Faview: Impulsa WooCommerce con Rese\u00f1as Virtuales"},"content":{"rendered":"<div data-elementor-type=\"wp-post\" data-elementor-id=\"7471\" class=\"elementor elementor-7471\" data-elementor-settings=\"{&quot;element_pack_global_tooltip_width&quot;:{&quot;unit&quot;:&quot;px&quot;,&quot;size&quot;:&quot;&quot;,&quot;sizes&quot;:[]},&quot;element_pack_global_tooltip_width_tablet&quot;:{&quot;unit&quot;:&quot;px&quot;,&quot;size&quot;:&quot;&quot;,&quot;sizes&quot;:[]},&quot;element_pack_global_tooltip_width_mobile&quot;:{&quot;unit&quot;:&quot;px&quot;,&quot;size&quot;:&quot;&quot;,&quot;sizes&quot;:[]},&quot;element_pack_global_tooltip_padding&quot;:{&quot;unit&quot;:&quot;px&quot;,&quot;top&quot;:&quot;&quot;,&quot;right&quot;:&quot;&quot;,&quot;bottom&quot;:&quot;&quot;,&quot;left&quot;:&quot;&quot;,&quot;isLinked&quot;:true},&quot;element_pack_global_tooltip_padding_tablet&quot;:{&quot;unit&quot;:&quot;px&quot;,&quot;top&quot;:&quot;&quot;,&quot;right&quot;:&quot;&quot;,&quot;bottom&quot;:&quot;&quot;,&quot;left&quot;:&quot;&quot;,&quot;isLinked&quot;:true},&quot;element_pack_global_tooltip_padding_mobile&quot;:{&quot;unit&quot;:&quot;px&quot;,&quot;top&quot;:&quot;&quot;,&quot;right&quot;:&quot;&quot;,&quot;bottom&quot;:&quot;&quot;,&quot;left&quot;:&quot;&quot;,&quot;isLinked&quot;:true},&quot;element_pack_global_tooltip_border_radius&quot;:{&quot;unit&quot;:&quot;px&quot;,&quot;top&quot;:&quot;&quot;,&quot;right&quot;:&quot;&quot;,&quot;bottom&quot;:&quot;&quot;,&quot;left&quot;:&quot;&quot;,&quot;isLinked&quot;:true},&quot;element_pack_global_tooltip_border_radius_tablet&quot;:{&quot;unit&quot;:&quot;px&quot;,&quot;top&quot;:&quot;&quot;,&quot;right&quot;:&quot;&quot;,&quot;bottom&quot;:&quot;&quot;,&quot;left&quot;:&quot;&quot;,&quot;isLinked&quot;:true},&quot;element_pack_global_tooltip_border_radius_mobile&quot;:{&quot;unit&quot;:&quot;px&quot;,&quot;top&quot;:&quot;&quot;,&quot;right&quot;:&quot;&quot;,&quot;bottom&quot;:&quot;&quot;,&quot;left&quot;:&quot;&quot;,&quot;isLinked&quot;:true}}\" data-elementor-post-type=\"product\">\n\t\t\t\t<div class=\"elementor-element elementor-element-93aa4a8 e-con-full e-flex e-con e-parent\" data-id=\"93aa4a8\" data-element_type=\"container\" data-e-type=\"container\">\n\t\t\t\t<div class=\"elementor-element elementor-element-2c3f760 miaoshu elementor-widget elementor-widget-wd_text_block\" data-id=\"2c3f760\" data-element_type=\"widget\" data-e-type=\"widget\" data-widget_type=\"wd_text_block.default\">\n\t\t\t\t<div class=\"elementor-widget-container\">\n\t\t\t\t\t\t\t<div class=\"wd-text-block reset-last-child text-left\">\n\t\t\t\n\t\t\t<h2 dir=\"auto\">Descubra Faview: Your Go-To Tool for Smarter WooCommerce Rese\u00f1as<\/h2><p dir=\"auto\">\u00bfTienes una tienda WooCommerce? Ya sabes lo importantes que son las opiniones positivas de los clientes para crear credibilidad y aumentar las conversiones. Pero si est\u00e1s empezando, conseguir esa ola inicial de comentarios puede parecer una batalla cuesta arriba. Entra en Faview - Virtual Reviews for WooCommerce Premium, el plugin inteligente que te permite generar opiniones aut\u00e9nticas en piloto autom\u00e1tico, ayudando a tus productos a brillar desde el primer d\u00eda.<\/p><h2 dir=\"auto\">\u00bfPor qu\u00e9 elegir Faview para su tienda?<\/h2><p dir=\"auto\">Faview no se trata s\u00f3lo de fingir hasta conseguirlo, sino de crear una secci\u00f3n de opiniones din\u00e1mica y fiable que fomente la participaci\u00f3n real. Tanto si est\u00e1s lanzando un nuevo sitio como si est\u00e1s renovando uno ya existente, este plugin elimina el ruido automatizando los aspectos b\u00e1sicos para que puedas centrarte en lo que importa: hacer crecer tu negocio.<\/p><ul dir=\"auto\"><li><strong>Generaci\u00f3n autom\u00e1tica de rese\u00f1as virtuales:<\/strong> Config\u00farelo y olv\u00eddese. Faview crea rese\u00f1as realistas con valoraciones, comentarios e incluso insignias de comprador, adaptadas a sus productos. Lim\u00edtalas por d\u00eda o producto para mantener la naturalidad.<\/li><li><strong>Rese\u00f1as enlatadas para facilitar los comentarios:<\/strong> Ofrezca fragmentos de opiniones preescritos como desplegables o deslizadores directamente en su formulario de opini\u00f3n. Los clientes pueden elegirlos y modificarlos, lo que facilita que dejen comentarios positivos y aumenten sus puntuaciones con estrellas.<\/li><li><strong>Respuestas autom\u00e1ticas inteligentes:<\/strong> Responda a las opiniones (virtuales o reales) autom\u00e1ticamente con mensajes personalizados. Es como tener un equipo de atenci\u00f3n al cliente 24\/7 que mantiene la conversaci\u00f3n fluida y demuestra que te importa.<\/li><li><strong>Gesti\u00f3n masiva simplificada:<\/strong> A\u00f1ade o elimina opiniones en bloque, filtra por n\u00famero o tipo en tu panel de administraci\u00f3n e incluso importa desde otras fuentes. Adem\u00e1s, es compatible con configuraciones multiling\u00fces como WPML.<\/li><\/ul><h2 dir=\"auto\">Caracter\u00edsticas principales<\/h2><div dir=\"auto\"><div><div>\u00a0<\/div><\/div><table dir=\"auto\" data-wide=\"false\"><thead><tr><th data-col-size=\"md\">Caracter\u00edstica<\/th><th data-col-size=\"lg\">Descripci\u00f3n<\/th><\/tr><\/thead><tbody><tr><td data-col-size=\"md\">Generaci\u00f3n asistida por IA<\/td><td data-col-size=\"lg\">Rese\u00f1as realistas y personalizables basadas en algoritmos inteligentes: se acabaron las p\u00e1ginas de productos vac\u00edas.<\/td><\/tr><tr><td data-col-size=\"md\">Visualizaci\u00f3n SEO-Friendly<\/td><td data-col-size=\"lg\">Muestre las valoraciones medias en la administraci\u00f3n, las insignias verificadas y el marcado schema para mejorar la visibilidad en las b\u00fasquedas.<\/td><\/tr><tr><td data-col-size=\"md\">Compatibilidad<\/td><td data-col-size=\"lg\">Funciona perfectamente con WooCommerce HPOS, PHP 8+ y temas populares para una configuraci\u00f3n sin complicaciones.<\/td><\/tr><tr><td data-col-size=\"md\">Ventajas exclusivas para profesionales<\/td><td data-col-size=\"lg\">Revisiones ilimitadas, filtros avanzados y asistencia prioritaria: actualice su versi\u00f3n gratuita en cualquier momento.<\/td><\/tr><\/tbody><\/table><\/div><h2 dir=\"auto\">Resultados reales, nada de palabrer\u00eda<\/h2><p dir=\"auto\">Imagine que sus p\u00e1ginas de productos se iluminan con testimonios de 5 estrellas que parecen aut\u00e9nticos y que atraen m\u00e1s clics y compras. Las tiendas que utilizan Faview informan de un mayor compromiso y una creaci\u00f3n de confianza m\u00e1s r\u00e1pida, especialmente en nichos competitivos. Adem\u00e1s, es asequible (desde s\u00f3lo $22 por la versi\u00f3n premium) y est\u00e1 respaldado por las actualizaciones peri\u00f3dicas del equipo de VillaTheme.<\/p><p dir=\"auto\">\u00bfListo para darle a tu tienda WooCommerce el brillo que se merece? Instale Faview hoy mismo y vea c\u00f3mo despegan sus ventas.<\/p>\n\t\t\t\t\t<\/div>\n\t\t\t\t\t\t<\/div>\n\t\t\t\t<\/div>\n\t\t\t\t<\/div>\n\t\t\t\t<\/div>","protected":false},"excerpt":{"rendered":"<p>Discover Faview: Your Go-To Tool for Smarter WooCommerce Reviews Running a WooCommerce store? You know how crucial those glowing customer<\/p>","protected":false},"featured_media":7442,"comment_status":"open","ping_status":"closed","template":"","meta":{"_acf_changed":false},"product_brand":[],"product_cat":[49],"product_tag":[],"class_list":{"0":"post-7471","1":"product","2":"type-product","3":"status-publish","4":"has-post-thumbnail","6":"product_cat-plugins","8":"first","9":"instock","10":"sale","11":"downloadable","12":"shipping-taxable","13":"purchasable","14":"product-type-simple"},"acf":[],"yoast_head":"<!-- This site is optimized with the Yoast SEO Premium plugin v25.6 (Yoast SEO v27.1.1) - https:\/\/yoast.com\/product\/yoast-seo-premium-wordpress\/ -->\n<title>Faview: Boost WooCommerce with Virtual Reviews - AllWin Theme \u2013 Free WordPress Themes Download<\/title>\n<meta name=\"description\" content=\"Generate realistic virtual reviews for your WooCommerce store to build trust and drive sales. Automate canned reviews, auto-replies, and more\u2014perfect for new shops needing quick social proof.\" \/>\n<meta name=\"robots\" content=\"index, follow, max-snippet:-1, max-image-preview:large, max-video-preview:-1\" \/>\n<link rel=\"canonical\" href=\"https:\/\/allwintheme.com\/es\/producto\/faview-opiniones-virtuales-para-woocommerce-premium\/\" \/>\n<meta property=\"og:locale\" content=\"es_ES\" \/>\n<meta property=\"og:type\" content=\"article\" \/>\n<meta property=\"og:title\" content=\"Faview: Boost WooCommerce with Virtual Reviews\" \/>\n<meta property=\"og:description\" content=\"Generate realistic virtual reviews for your WooCommerce store to build trust and drive sales. Automate canned reviews, auto-replies, and more\u2014perfect for new shops needing quick social proof.\" \/>\n<meta property=\"og:url\" content=\"https:\/\/allwintheme.com\/es\/producto\/faview-opiniones-virtuales-para-woocommerce-premium\/\" \/>\n<meta property=\"og:site_name\" content=\"AllWin Theme \u2013 Free WordPress Themes Download\" \/>\n<meta property=\"article:modified_time\" content=\"2025-09-22T13:17:15+00:00\" \/>\n<meta property=\"og:image\" content=\"https:\/\/allwintheme.com\/wp-content\/uploads\/2025\/09\/2pikkr3e.png\" \/>\n\t<meta property=\"og:image:width\" content=\"590\" \/>\n\t<meta property=\"og:image:height\" content=\"300\" \/>\n\t<meta property=\"og:image:type\" content=\"image\/png\" \/>\n<meta name=\"twitter:card\" content=\"summary_large_image\" \/>\n<meta name=\"twitter:label1\" content=\"Tiempo estimado de lectura\" \/>\n\t<meta name=\"twitter:data1\" content=\"3 minutos\" \/>\n<script type=\"application\/ld+json\" class=\"yoast-schema-graph\">{\"@context\":\"https:\/\/schema.org\",\"@graph\":[{\"@type\":\"WebPage\",\"@id\":\"https:\/\/allwintheme.com\/product\/faview-virtual-reviews-for-woocommerce-premium\/\",\"url\":\"https:\/\/allwintheme.com\/product\/faview-virtual-reviews-for-woocommerce-premium\/\",\"name\":\"Faview: Boost WooCommerce with Virtual Reviews - AllWin Theme \u2013 Free WordPress Themes Download\",\"isPartOf\":{\"@id\":\"https:\/\/allwintheme.com\/#website\"},\"primaryImageOfPage\":{\"@id\":\"https:\/\/allwintheme.com\/product\/faview-virtual-reviews-for-woocommerce-premium\/#primaryimage\"},\"image\":{\"@id\":\"https:\/\/allwintheme.com\/product\/faview-virtual-reviews-for-woocommerce-premium\/#primaryimage\"},\"thumbnailUrl\":\"https:\/\/allwintheme.com\/wp-content\/uploads\/2025\/09\/2pikkr3e.png\",\"datePublished\":\"2025-09-22T13:11:46+00:00\",\"dateModified\":\"2025-09-22T13:17:15+00:00\",\"description\":\"Generate realistic virtual reviews for your WooCommerce store to build trust and drive sales. Automate canned reviews, auto-replies, and more\u2014perfect for new shops needing quick social proof.\",\"breadcrumb\":{\"@id\":\"https:\/\/allwintheme.com\/product\/faview-virtual-reviews-for-woocommerce-premium\/#breadcrumb\"},\"inLanguage\":\"es-CL\",\"potentialAction\":[{\"@type\":\"ReadAction\",\"target\":[\"https:\/\/allwintheme.com\/product\/faview-virtual-reviews-for-woocommerce-premium\/\"]}]},{\"@type\":\"ImageObject\",\"inLanguage\":\"es-CL\",\"@id\":\"https:\/\/allwintheme.com\/product\/faview-virtual-reviews-for-woocommerce-premium\/#primaryimage\",\"url\":\"https:\/\/allwintheme.com\/wp-content\/uploads\/2025\/09\/2pikkr3e.png\",\"contentUrl\":\"https:\/\/allwintheme.com\/wp-content\/uploads\/2025\/09\/2pikkr3e.png\",\"width\":590,\"height\":300,\"caption\":\"Faview \u2013 Virtual Reviews for WooCommerce Premium\"},{\"@type\":\"BreadcrumbList\",\"@id\":\"https:\/\/allwintheme.com\/product\/faview-virtual-reviews-for-woocommerce-premium\/#breadcrumb\",\"itemListElement\":[{\"@type\":\"ListItem\",\"position\":1,\"name\":\"Home\",\"item\":\"https:\/\/allwintheme.com\/\"},{\"@type\":\"ListItem\",\"position\":2,\"name\":\"Shop\",\"item\":\"https:\/\/allwintheme.com\/shop\/\"},{\"@type\":\"ListItem\",\"position\":3,\"name\":\"Faview: Boost WooCommerce with Virtual Reviews\"}]},{\"@type\":\"WebSite\",\"@id\":\"https:\/\/allwintheme.com\/#website\",\"url\":\"https:\/\/allwintheme.com\/\",\"name\":\"Allwintheme\",\"description\":\"Download free WordPress themes for every niche. Blogs, business, eCommerce, portfolio, restaurant and more. All themes are GPL licensed and mobile-ready.\",\"potentialAction\":[{\"@type\":\"SearchAction\",\"target\":{\"@type\":\"EntryPoint\",\"urlTemplate\":\"https:\/\/allwintheme.com\/?s={search_term_string}\"},\"query-input\":{\"@type\":\"PropertyValueSpecification\",\"valueRequired\":true,\"valueName\":\"search_term_string\"}}],\"inLanguage\":\"es-CL\"}]}<\/script>\n<!-- \/ Yoast SEO Premium plugin. -->","yoast_head_json":{"title":"Faview: Boost WooCommerce with Virtual Reviews - AllWin Theme \u2013 Free WordPress Themes Download","description":"Genera rese\u00f1as virtuales realistas para tu tienda WooCommerce para generar confianza e impulsar las ventas. Automatiza rese\u00f1as enlatadas, respuestas autom\u00e1ticas y mucho m\u00e1s, perfecto para tiendas nuevas que necesitan una prueba social r\u00e1pida.","robots":{"index":"index","follow":"follow","max-snippet":"max-snippet:-1","max-image-preview":"max-image-preview:large","max-video-preview":"max-video-preview:-1"},"canonical":"https:\/\/allwintheme.com\/es\/producto\/faview-opiniones-virtuales-para-woocommerce-premium\/","og_locale":"es_ES","og_type":"article","og_title":"Faview: Boost WooCommerce with Virtual Reviews","og_description":"Generate realistic virtual reviews for your WooCommerce store to build trust and drive sales. Automate canned reviews, auto-replies, and more\u2014perfect for new shops needing quick social proof.","og_url":"https:\/\/allwintheme.com\/es\/producto\/faview-opiniones-virtuales-para-woocommerce-premium\/","og_site_name":"AllWin Theme \u2013 Free WordPress Themes Download","article_modified_time":"2025-09-22T13:17:15+00:00","og_image":[{"width":590,"height":300,"url":"https:\/\/allwintheme.com\/wp-content\/uploads\/2025\/09\/2pikkr3e.png","type":"image\/png"}],"twitter_card":"summary_large_image","twitter_misc":{"Tiempo estimado de lectura":"3 minutos"},"schema":{"@context":"https:\/\/schema.org","@graph":[{"@type":"WebPage","@id":"https:\/\/allwintheme.com\/product\/faview-virtual-reviews-for-woocommerce-premium\/","url":"https:\/\/allwintheme.com\/product\/faview-virtual-reviews-for-woocommerce-premium\/","name":"Faview: Boost WooCommerce with Virtual Reviews - AllWin Theme \u2013 Free WordPress Themes Download","isPartOf":{"@id":"https:\/\/allwintheme.com\/#website"},"primaryImageOfPage":{"@id":"https:\/\/allwintheme.com\/product\/faview-virtual-reviews-for-woocommerce-premium\/#primaryimage"},"image":{"@id":"https:\/\/allwintheme.com\/product\/faview-virtual-reviews-for-woocommerce-premium\/#primaryimage"},"thumbnailUrl":"https:\/\/allwintheme.com\/wp-content\/uploads\/2025\/09\/2pikkr3e.png","datePublished":"2025-09-22T13:11:46+00:00","dateModified":"2025-09-22T13:17:15+00:00","description":"Genera rese\u00f1as virtuales realistas para tu tienda WooCommerce para generar confianza e impulsar las ventas. Automatiza rese\u00f1as enlatadas, respuestas autom\u00e1ticas y mucho m\u00e1s, perfecto para tiendas nuevas que necesitan una prueba social r\u00e1pida.","breadcrumb":{"@id":"https:\/\/allwintheme.com\/product\/faview-virtual-reviews-for-woocommerce-premium\/#breadcrumb"},"inLanguage":"es-CL","potentialAction":[{"@type":"ReadAction","target":["https:\/\/allwintheme.com\/product\/faview-virtual-reviews-for-woocommerce-premium\/"]}]},{"@type":"ImageObject","inLanguage":"es-CL","@id":"https:\/\/allwintheme.com\/product\/faview-virtual-reviews-for-woocommerce-premium\/#primaryimage","url":"https:\/\/allwintheme.com\/wp-content\/uploads\/2025\/09\/2pikkr3e.png","contentUrl":"https:\/\/allwintheme.com\/wp-content\/uploads\/2025\/09\/2pikkr3e.png","width":590,"height":300,"caption":"Faview \u2013 Virtual Reviews for WooCommerce Premium"},{"@type":"BreadcrumbList","@id":"https:\/\/allwintheme.com\/product\/faview-virtual-reviews-for-woocommerce-premium\/#breadcrumb","itemListElement":[{"@type":"ListItem","position":1,"name":"Home","item":"https:\/\/allwintheme.com\/"},{"@type":"ListItem","position":2,"name":"Shop","item":"https:\/\/allwintheme.com\/shop\/"},{"@type":"ListItem","position":3,"name":"Faview: Boost WooCommerce with Virtual Reviews"}]},{"@type":"WebSite","@id":"https:\/\/allwintheme.com\/#website","url":"https:\/\/allwintheme.com\/","name":"Allwintheme","description":"Descarga gratis temas de WordPress para todos los nichos. Blogs, negocios, comercio electr\u00f3nico, portafolio, restaurante y m\u00e1s. Todos los temas tienen licencia GPL y est\u00e1n preparados para dispositivos m\u00f3viles.","potentialAction":[{"@type":"SearchAction","target":{"@type":"EntryPoint","urlTemplate":"https:\/\/allwintheme.com\/?s={search_term_string}"},"query-input":{"@type":"PropertyValueSpecification","valueRequired":true,"valueName":"search_term_string"}}],"inLanguage":"es-CL"}]}},"_links":{"self":[{"href":"https:\/\/allwintheme.com\/es\/wp-json\/wp\/v2\/product\/7471","targetHints":{"allow":["GET"]}}],"collection":[{"href":"https:\/\/allwintheme.com\/es\/wp-json\/wp\/v2\/product"}],"about":[{"href":"https:\/\/allwintheme.com\/es\/wp-json\/wp\/v2\/types\/product"}],"replies":[{"embeddable":true,"href":"https:\/\/allwintheme.com\/es\/wp-json\/wp\/v2\/comments?post=7471"}],"version-history":[{"count":0,"href":"https:\/\/allwintheme.com\/es\/wp-json\/wp\/v2\/product\/7471\/revisions"}],"wp:featuredmedia":[{"embeddable":true,"href":"https:\/\/allwintheme.com\/es\/wp-json\/wp\/v2\/media\/7442"}],"wp:attachment":[{"href":"https:\/\/allwintheme.com\/es\/wp-json\/wp\/v2\/media?parent=7471"}],"wp:term":[{"taxonomy":"product_brand","embeddable":true,"href":"https:\/\/allwintheme.com\/es\/wp-json\/wp\/v2\/product_brand?post=7471"},{"taxonomy":"product_cat","embeddable":true,"href":"https:\/\/allwintheme.com\/es\/wp-json\/wp\/v2\/product_cat?post=7471"},{"taxonomy":"product_tag","embeddable":true,"href":"https:\/\/allwintheme.com\/es\/wp-json\/wp\/v2\/product_tag?post=7471"}],"curies":[{"name":"wp","href":"https:\/\/api.w.org\/{rel}","templated":true}]}}