{"id":7477,"date":"2025-09-22T13:17:45","date_gmt":"2025-09-22T13:17:45","guid":{"rendered":"https:\/\/allwintheme.com\/?post_type=product&#038;p=7477"},"modified":"2025-09-22T13:33:31","modified_gmt":"2025-09-22T13:33:31","slug":"precios-dinamicos-avanzados-para-woocommerce-pro","status":"publish","type":"product","link":"https:\/\/allwintheme.com\/es\/producto\/precios-dinamicos-avanzados-para-woocommerce-pro\/","title":{"rendered":"Precios Din\u00e1micos Avanzados: Descuentos Woo Pro"},"content":{"rendered":"<div data-elementor-type=\"wp-post\" data-elementor-id=\"7477\" class=\"elementor elementor-7477\" data-elementor-settings=\"{&quot;element_pack_global_tooltip_width&quot;:{&quot;unit&quot;:&quot;px&quot;,&quot;size&quot;:&quot;&quot;,&quot;sizes&quot;:[]},&quot;element_pack_global_tooltip_width_tablet&quot;:{&quot;unit&quot;:&quot;px&quot;,&quot;size&quot;:&quot;&quot;,&quot;sizes&quot;:[]},&quot;element_pack_global_tooltip_width_mobile&quot;:{&quot;unit&quot;:&quot;px&quot;,&quot;size&quot;:&quot;&quot;,&quot;sizes&quot;:[]},&quot;element_pack_global_tooltip_padding&quot;:{&quot;unit&quot;:&quot;px&quot;,&quot;top&quot;:&quot;&quot;,&quot;right&quot;:&quot;&quot;,&quot;bottom&quot;:&quot;&quot;,&quot;left&quot;:&quot;&quot;,&quot;isLinked&quot;:true},&quot;element_pack_global_tooltip_padding_tablet&quot;:{&quot;unit&quot;:&quot;px&quot;,&quot;top&quot;:&quot;&quot;,&quot;right&quot;:&quot;&quot;,&quot;bottom&quot;:&quot;&quot;,&quot;left&quot;:&quot;&quot;,&quot;isLinked&quot;:true},&quot;element_pack_global_tooltip_padding_mobile&quot;:{&quot;unit&quot;:&quot;px&quot;,&quot;top&quot;:&quot;&quot;,&quot;right&quot;:&quot;&quot;,&quot;bottom&quot;:&quot;&quot;,&quot;left&quot;:&quot;&quot;,&quot;isLinked&quot;:true},&quot;element_pack_global_tooltip_border_radius&quot;:{&quot;unit&quot;:&quot;px&quot;,&quot;top&quot;:&quot;&quot;,&quot;right&quot;:&quot;&quot;,&quot;bottom&quot;:&quot;&quot;,&quot;left&quot;:&quot;&quot;,&quot;isLinked&quot;:true},&quot;element_pack_global_tooltip_border_radius_tablet&quot;:{&quot;unit&quot;:&quot;px&quot;,&quot;top&quot;:&quot;&quot;,&quot;right&quot;:&quot;&quot;,&quot;bottom&quot;:&quot;&quot;,&quot;left&quot;:&quot;&quot;,&quot;isLinked&quot;:true},&quot;element_pack_global_tooltip_border_radius_mobile&quot;:{&quot;unit&quot;:&quot;px&quot;,&quot;top&quot;:&quot;&quot;,&quot;right&quot;:&quot;&quot;,&quot;bottom&quot;:&quot;&quot;,&quot;left&quot;:&quot;&quot;,&quot;isLinked&quot;:true}}\" data-elementor-post-type=\"product\">\n\t\t\t\t<div class=\"elementor-element elementor-element-93aa4a8 e-con-full e-flex e-con e-parent\" data-id=\"93aa4a8\" data-element_type=\"container\" data-e-type=\"container\">\n\t\t\t\t<div class=\"elementor-element elementor-element-2c3f760 miaoshu elementor-widget elementor-widget-wd_text_block\" data-id=\"2c3f760\" data-element_type=\"widget\" data-e-type=\"widget\" data-widget_type=\"wd_text_block.default\">\n\t\t\t\t<div class=\"elementor-widget-container\">\n\t\t\t\t\t\t\t<div class=\"wd-text-block reset-last-child text-left\">\n\t\t\t\n\t\t\t<div><div><h2 dir=\"auto\">Precios m\u00e1s inteligentes con precios din\u00e1micos avanzados para WooCommerce (Pro)<\/h2><p dir=\"auto\">Si tienes una tienda WooCommerce, sabes que los precios no son \u00fanicos. Lo que funciona para los compradores ocasionales puede no funcionar para los compradores masivos o los miembros leales. Aqu\u00ed es donde entra en juego Advanced Dynamic Pricing for WooCommerce Pro, un potente plugin que te permite crear reglas de descuento personalizadas sobre la marcha, convirtiendo tu tienda en una m\u00e1quina de ingresos sin la molestia de los ajustes manuales.<\/p><p dir=\"auto\">Tanto si se trata de descuentos por cantidad para fomentar carritos m\u00e1s grandes como de ofertas exclusivas para clientes VIP, esta versi\u00f3n Pro mejora el plugin gratuito con ajustes de precios sobre la marcha, condiciones m\u00e1s profundas y an\u00e1lisis para realizar un seguimiento de lo que convierte. Se trata de flexibilidad, para que pueda activar reglas estacionalmente o probar nuevas estrategias sin sudar la gota gorda.<\/p><h2 dir=\"auto\">\u00bfPor qu\u00e9 elegir WooCommerce Pro?<\/h2><p dir=\"auto\">La edici\u00f3n Pro no es s\u00f3lo una actualizaci\u00f3n, es su arma secreta para obtener ventajas competitivas. Se basa en los fundamentos b\u00e1sicos de descuento con capas avanzadas que hacen que la fijaci\u00f3n de precios se sienta personal y rentable. Desp\u00eddete de las tarifas planas y da la bienvenida a reglas din\u00e1micas que responden al comportamiento del usuario, al contenido del carrito y mucho m\u00e1s.<\/p><ul dir=\"auto\"><li><strong>Descuentos por volumen y cantidad:<\/strong> Establezca precios escalonados en funci\u00f3n del n\u00famero de art\u00edculos que haya en el carrito, por producto o por categor\u00edas. Perfecto para mayoristas o ventas flash: los clientes ven el ahorro por adelantado, lo que les anima a comprar m\u00e1s.<\/li><li><strong>Precios basados en funciones:<\/strong> Adapte los precios a los distintos grupos de usuarios, como descuentos para suscriptores o ventas adicionales para grandes apostantes. Se integra a la perfecci\u00f3n con plugins de afiliaci\u00f3n para dar ese toque personalizado.<\/li><li><strong>Ofertas BOGO y regalos:<\/strong> Realice ofertas de \"compre uno y ll\u00e9vese otro gratis\" o a\u00f1ada obsequios autom\u00e1ticamente en funci\u00f3n de los umbrales de gasto. Pro desbloquea la adici\u00f3n autom\u00e1tica al carrito y los l\u00edmites para controlar el inventario sin comprometerse en exceso.<\/li><li><strong>Ajustes y condiciones de la cesta:<\/strong> Ajuste los totales con tarifas, cupones o exclusiones. Utiliza condiciones adicionales como el c\u00f3digo postal de env\u00edo, intervalos de fechas o combinaciones de productos para promociones hiperdirigidas.<\/li><\/ul><h2 dir=\"auto\">Caracter\u00edsticas principales<\/h2><div dir=\"auto\"><div><div>\u00a0<\/div><\/div><table dir=\"auto\" data-wide=\"false\"><thead><tr><th data-col-size=\"md\">Caracter\u00edstica<\/th><th data-col-size=\"lg\">Descripci\u00f3n<\/th><\/tr><\/thead><tbody><tr><td data-col-size=\"md\">Ajustes sobre la marcha<\/td><td data-col-size=\"lg\">Cambios de precio en tiempo real basados en reglas, sin necesidad de recargar la p\u00e1gina, con soporte para carritos basados en bloques en WooCommerce 9.5+.<\/td><\/tr><tr><td data-col-size=\"md\">Reglas y plantillas avanzadas<\/td><td data-col-size=\"lg\">Plantillas predise\u00f1adas para situaciones habituales, como totales de carrito basados en cantidades o paquetes de categor\u00edas, adem\u00e1s de ganchos personalizados para desarrolladores.<\/td><\/tr><tr><td data-col-size=\"md\">Pantallas personalizables<\/td><td data-col-size=\"lg\">Las tablas de volumen, los distintivos de venta y la \"cantidad ahorrada\" destacan su estilo mediante el personalizador para un atractivo acorde con la marca.<\/td><\/tr><tr><td data-col-size=\"md\">An\u00e1lisis y l\u00edmites Pro<\/td><td data-col-size=\"lg\">Controla el rendimiento de las reglas con estad\u00edsticas, establece l\u00edmites de uso y garantiza la compatibilidad con WPML, temas y complementos como Germanized.<\/td><\/tr><\/tbody><\/table><\/div><h2 dir=\"auto\">Impulse el crecimiento real, sin esfuerzo<\/h2><p dir=\"auto\">Las tiendas que aprovechan Advanced Dynamic Pricing Pro ven c\u00f3mo los carritos se llenan m\u00e1s r\u00e1pido: piense en aumentos de 20-30% en el valor medio de los pedidos s\u00f3lo gracias a los incentivos inteligentes por volumen. Est\u00e1 probado para sitios con mucho tr\u00e1fico, con soluciones r\u00e1pidas para casos extremos como productos variables o conflictos de cupones. Con un precio asequible a trav\u00e9s de desarrolladores de confianza como Algol+, incluye soporte de primer nivel para configuraciones personalizadas.<\/p><p dir=\"auto\">\u00bfPreparado para hacer que tus precios funcionen mejor? Hazte con la versi\u00f3n Pro y empieza a experimentar: tu cuenta de resultados te lo agradecer\u00e1.<\/p><\/div><section><\/section><section><\/section><\/div>\n\t\t\t\t\t<\/div>\n\t\t\t\t\t\t<\/div>\n\t\t\t\t<\/div>\n\t\t\t\t<\/div>\n\t\t\t\t<\/div>","protected":false},"excerpt":{"rendered":"<p>Unlock Smarter Pricing with Advanced Dynamic Pricing for WooCommerce (Pro) If you&#8217;re running a WooCommerce store, you know pricing isn&#8217;t<\/p>","protected":false},"featured_media":7443,"comment_status":"open","ping_status":"closed","template":"","meta":{"_acf_changed":false},"product_brand":[],"product_cat":[49],"product_tag":[],"class_list":{"0":"post-7477","1":"product","2":"type-product","3":"status-publish","4":"has-post-thumbnail","6":"product_cat-plugins","8":"first","9":"instock","10":"sale","11":"downloadable","12":"shipping-taxable","13":"purchasable","14":"product-type-simple"},"acf":[],"yoast_head":"<!-- This site is optimized with the Yoast SEO Premium plugin v25.6 (Yoast SEO v27.1.1) - https:\/\/yoast.com\/product\/yoast-seo-premium-wordpress\/ -->\n<title>Advanced Dynamic Pricing: Woo Pro Discounts - AllWin Theme \u2013 Free WordPress Themes Download<\/title>\n<meta name=\"description\" content=\"Unlock smart pricing strategies for WooCommerce with bulk deals, role-based discounts, and auto-adjustments. Boost sales through flexible rules, BOGO offers, and real-time tweaks\u2014ideal for scaling stores.\" \/>\n<meta name=\"robots\" content=\"index, follow, max-snippet:-1, max-image-preview:large, max-video-preview:-1\" \/>\n<link rel=\"canonical\" href=\"https:\/\/allwintheme.com\/es\/producto\/precios-dinamicos-avanzados-para-woocommerce-pro\/\" \/>\n<meta property=\"og:locale\" content=\"es_ES\" \/>\n<meta property=\"og:type\" content=\"article\" \/>\n<meta property=\"og:title\" content=\"Advanced Dynamic Pricing: Woo Pro Discounts\" \/>\n<meta property=\"og:description\" content=\"Unlock smart pricing strategies for WooCommerce with bulk deals, role-based discounts, and auto-adjustments. Boost sales through flexible rules, BOGO offers, and real-time tweaks\u2014ideal for scaling stores.\" \/>\n<meta property=\"og:url\" content=\"https:\/\/allwintheme.com\/es\/producto\/precios-dinamicos-avanzados-para-woocommerce-pro\/\" \/>\n<meta property=\"og:site_name\" content=\"AllWin Theme \u2013 Free WordPress Themes Download\" \/>\n<meta property=\"article:modified_time\" content=\"2025-09-22T13:33:31+00:00\" \/>\n<meta property=\"og:image\" content=\"https:\/\/allwintheme.com\/wp-content\/uploads\/2025\/09\/d9qhlyoh.png\" \/>\n\t<meta property=\"og:image:width\" content=\"680\" \/>\n\t<meta property=\"og:image:height\" content=\"280\" \/>\n\t<meta property=\"og:image:type\" content=\"image\/png\" \/>\n<meta name=\"twitter:card\" content=\"summary_large_image\" \/>\n<meta name=\"twitter:label1\" content=\"Tiempo estimado de lectura\" \/>\n\t<meta name=\"twitter:data1\" content=\"3 minutos\" \/>\n<script type=\"application\/ld+json\" class=\"yoast-schema-graph\">{\"@context\":\"https:\/\/schema.org\",\"@graph\":[{\"@type\":\"WebPage\",\"@id\":\"https:\/\/allwintheme.com\/product\/advanced-dynamic-pricing-for-woocommerce-pro\/\",\"url\":\"https:\/\/allwintheme.com\/product\/advanced-dynamic-pricing-for-woocommerce-pro\/\",\"name\":\"Advanced Dynamic Pricing: Woo Pro Discounts - AllWin Theme \u2013 Free WordPress Themes Download\",\"isPartOf\":{\"@id\":\"https:\/\/allwintheme.com\/#website\"},\"primaryImageOfPage\":{\"@id\":\"https:\/\/allwintheme.com\/product\/advanced-dynamic-pricing-for-woocommerce-pro\/#primaryimage\"},\"image\":{\"@id\":\"https:\/\/allwintheme.com\/product\/advanced-dynamic-pricing-for-woocommerce-pro\/#primaryimage\"},\"thumbnailUrl\":\"https:\/\/allwintheme.com\/wp-content\/uploads\/2025\/09\/d9qhlyoh.png\",\"datePublished\":\"2025-09-22T13:17:45+00:00\",\"dateModified\":\"2025-09-22T13:33:31+00:00\",\"description\":\"Unlock smart pricing strategies for WooCommerce with bulk deals, role-based discounts, and auto-adjustments. Boost sales through flexible rules, BOGO offers, and real-time tweaks\u2014ideal for scaling stores.\",\"breadcrumb\":{\"@id\":\"https:\/\/allwintheme.com\/product\/advanced-dynamic-pricing-for-woocommerce-pro\/#breadcrumb\"},\"inLanguage\":\"es-CL\",\"potentialAction\":[{\"@type\":\"ReadAction\",\"target\":[\"https:\/\/allwintheme.com\/product\/advanced-dynamic-pricing-for-woocommerce-pro\/\"]}]},{\"@type\":\"ImageObject\",\"inLanguage\":\"es-CL\",\"@id\":\"https:\/\/allwintheme.com\/product\/advanced-dynamic-pricing-for-woocommerce-pro\/#primaryimage\",\"url\":\"https:\/\/allwintheme.com\/wp-content\/uploads\/2025\/09\/d9qhlyoh.png\",\"contentUrl\":\"https:\/\/allwintheme.com\/wp-content\/uploads\/2025\/09\/d9qhlyoh.png\",\"width\":680,\"height\":280,\"caption\":\"Advanced Dynamic Pricing for WooCommerce (Pro)\"},{\"@type\":\"BreadcrumbList\",\"@id\":\"https:\/\/allwintheme.com\/product\/advanced-dynamic-pricing-for-woocommerce-pro\/#breadcrumb\",\"itemListElement\":[{\"@type\":\"ListItem\",\"position\":1,\"name\":\"Home\",\"item\":\"https:\/\/allwintheme.com\/\"},{\"@type\":\"ListItem\",\"position\":2,\"name\":\"Shop\",\"item\":\"https:\/\/allwintheme.com\/shop\/\"},{\"@type\":\"ListItem\",\"position\":3,\"name\":\"Advanced Dynamic Pricing: Woo Pro Discounts\"}]},{\"@type\":\"WebSite\",\"@id\":\"https:\/\/allwintheme.com\/#website\",\"url\":\"https:\/\/allwintheme.com\/\",\"name\":\"Allwintheme\",\"description\":\"Download free WordPress themes for every niche. Blogs, business, eCommerce, portfolio, restaurant and more. All themes are GPL licensed and mobile-ready.\",\"potentialAction\":[{\"@type\":\"SearchAction\",\"target\":{\"@type\":\"EntryPoint\",\"urlTemplate\":\"https:\/\/allwintheme.com\/?s={search_term_string}\"},\"query-input\":{\"@type\":\"PropertyValueSpecification\",\"valueRequired\":true,\"valueName\":\"search_term_string\"}}],\"inLanguage\":\"es-CL\"}]}<\/script>\n<!-- \/ Yoast SEO Premium plugin. -->","yoast_head_json":{"title":"Advanced Dynamic Pricing: Woo Pro Discounts - AllWin Theme \u2013 Free WordPress Themes Download","description":"Desbloquea estrategias de precios inteligentes para WooCommerce con ofertas masivas, descuentos basados en roles y ajustes autom\u00e1ticos. Aumenta las ventas con reglas flexibles, ofertas BOGO y ajustes en tiempo real, ideales para tiendas en expansi\u00f3n.","robots":{"index":"index","follow":"follow","max-snippet":"max-snippet:-1","max-image-preview":"max-image-preview:large","max-video-preview":"max-video-preview:-1"},"canonical":"https:\/\/allwintheme.com\/es\/producto\/precios-dinamicos-avanzados-para-woocommerce-pro\/","og_locale":"es_ES","og_type":"article","og_title":"Advanced Dynamic Pricing: Woo Pro Discounts","og_description":"Unlock smart pricing strategies for WooCommerce with bulk deals, role-based discounts, and auto-adjustments. Boost sales through flexible rules, BOGO offers, and real-time tweaks\u2014ideal for scaling stores.","og_url":"https:\/\/allwintheme.com\/es\/producto\/precios-dinamicos-avanzados-para-woocommerce-pro\/","og_site_name":"AllWin Theme \u2013 Free WordPress Themes Download","article_modified_time":"2025-09-22T13:33:31+00:00","og_image":[{"width":680,"height":280,"url":"https:\/\/allwintheme.com\/wp-content\/uploads\/2025\/09\/d9qhlyoh.png","type":"image\/png"}],"twitter_card":"summary_large_image","twitter_misc":{"Tiempo estimado de lectura":"3 minutos"},"schema":{"@context":"https:\/\/schema.org","@graph":[{"@type":"WebPage","@id":"https:\/\/allwintheme.com\/product\/advanced-dynamic-pricing-for-woocommerce-pro\/","url":"https:\/\/allwintheme.com\/product\/advanced-dynamic-pricing-for-woocommerce-pro\/","name":"Advanced Dynamic Pricing: Woo Pro Discounts - AllWin Theme \u2013 Free WordPress Themes Download","isPartOf":{"@id":"https:\/\/allwintheme.com\/#website"},"primaryImageOfPage":{"@id":"https:\/\/allwintheme.com\/product\/advanced-dynamic-pricing-for-woocommerce-pro\/#primaryimage"},"image":{"@id":"https:\/\/allwintheme.com\/product\/advanced-dynamic-pricing-for-woocommerce-pro\/#primaryimage"},"thumbnailUrl":"https:\/\/allwintheme.com\/wp-content\/uploads\/2025\/09\/d9qhlyoh.png","datePublished":"2025-09-22T13:17:45+00:00","dateModified":"2025-09-22T13:33:31+00:00","description":"Desbloquea estrategias de precios inteligentes para WooCommerce con ofertas masivas, descuentos basados en roles y ajustes autom\u00e1ticos. Aumenta las ventas con reglas flexibles, ofertas BOGO y ajustes en tiempo real, ideales para tiendas en expansi\u00f3n.","breadcrumb":{"@id":"https:\/\/allwintheme.com\/product\/advanced-dynamic-pricing-for-woocommerce-pro\/#breadcrumb"},"inLanguage":"es-CL","potentialAction":[{"@type":"ReadAction","target":["https:\/\/allwintheme.com\/product\/advanced-dynamic-pricing-for-woocommerce-pro\/"]}]},{"@type":"ImageObject","inLanguage":"es-CL","@id":"https:\/\/allwintheme.com\/product\/advanced-dynamic-pricing-for-woocommerce-pro\/#primaryimage","url":"https:\/\/allwintheme.com\/wp-content\/uploads\/2025\/09\/d9qhlyoh.png","contentUrl":"https:\/\/allwintheme.com\/wp-content\/uploads\/2025\/09\/d9qhlyoh.png","width":680,"height":280,"caption":"Advanced Dynamic Pricing for WooCommerce (Pro)"},{"@type":"BreadcrumbList","@id":"https:\/\/allwintheme.com\/product\/advanced-dynamic-pricing-for-woocommerce-pro\/#breadcrumb","itemListElement":[{"@type":"ListItem","position":1,"name":"Home","item":"https:\/\/allwintheme.com\/"},{"@type":"ListItem","position":2,"name":"Shop","item":"https:\/\/allwintheme.com\/shop\/"},{"@type":"ListItem","position":3,"name":"Advanced Dynamic Pricing: Woo Pro Discounts"}]},{"@type":"WebSite","@id":"https:\/\/allwintheme.com\/#website","url":"https:\/\/allwintheme.com\/","name":"Allwintheme","description":"Descarga gratis temas de WordPress para todos los nichos. Blogs, negocios, comercio electr\u00f3nico, portafolio, restaurante y m\u00e1s. Todos los temas tienen licencia GPL y est\u00e1n preparados para dispositivos m\u00f3viles.","potentialAction":[{"@type":"SearchAction","target":{"@type":"EntryPoint","urlTemplate":"https:\/\/allwintheme.com\/?s={search_term_string}"},"query-input":{"@type":"PropertyValueSpecification","valueRequired":true,"valueName":"search_term_string"}}],"inLanguage":"es-CL"}]}},"_links":{"self":[{"href":"https:\/\/allwintheme.com\/es\/wp-json\/wp\/v2\/product\/7477","targetHints":{"allow":["GET"]}}],"collection":[{"href":"https:\/\/allwintheme.com\/es\/wp-json\/wp\/v2\/product"}],"about":[{"href":"https:\/\/allwintheme.com\/es\/wp-json\/wp\/v2\/types\/product"}],"replies":[{"embeddable":true,"href":"https:\/\/allwintheme.com\/es\/wp-json\/wp\/v2\/comments?post=7477"}],"version-history":[{"count":0,"href":"https:\/\/allwintheme.com\/es\/wp-json\/wp\/v2\/product\/7477\/revisions"}],"wp:featuredmedia":[{"embeddable":true,"href":"https:\/\/allwintheme.com\/es\/wp-json\/wp\/v2\/media\/7443"}],"wp:attachment":[{"href":"https:\/\/allwintheme.com\/es\/wp-json\/wp\/v2\/media?parent=7477"}],"wp:term":[{"taxonomy":"product_brand","embeddable":true,"href":"https:\/\/allwintheme.com\/es\/wp-json\/wp\/v2\/product_brand?post=7477"},{"taxonomy":"product_cat","embeddable":true,"href":"https:\/\/allwintheme.com\/es\/wp-json\/wp\/v2\/product_cat?post=7477"},{"taxonomy":"product_tag","embeddable":true,"href":"https:\/\/allwintheme.com\/es\/wp-json\/wp\/v2\/product_tag?post=7477"}],"curies":[{"name":"wp","href":"https:\/\/api.w.org\/{rel}","templated":true}]}}