{"id":7483,"date":"2025-09-22T13:22:01","date_gmt":"2025-09-22T13:22:01","guid":{"rendered":"https:\/\/allwintheme.com\/?post_type=product&#038;p=7483"},"modified":"2025-09-22T13:38:41","modified_gmt":"2025-09-22T13:38:41","slug":"wpsyncsheets-para-elementor","status":"publish","type":"product","link":"https:\/\/allwintheme.com\/es\/producto\/wpsyncsheets-para-elementor\/","title":{"rendered":"Conoce WPSyncSheets: Sincronizaci\u00f3n de datos de Elementor"},"content":{"rendered":"<div data-elementor-type=\"wp-post\" data-elementor-id=\"7483\" class=\"elementor elementor-7483\" data-elementor-settings=\"{&quot;element_pack_global_tooltip_width&quot;:{&quot;unit&quot;:&quot;px&quot;,&quot;size&quot;:&quot;&quot;,&quot;sizes&quot;:[]},&quot;element_pack_global_tooltip_width_tablet&quot;:{&quot;unit&quot;:&quot;px&quot;,&quot;size&quot;:&quot;&quot;,&quot;sizes&quot;:[]},&quot;element_pack_global_tooltip_width_mobile&quot;:{&quot;unit&quot;:&quot;px&quot;,&quot;size&quot;:&quot;&quot;,&quot;sizes&quot;:[]},&quot;element_pack_global_tooltip_padding&quot;:{&quot;unit&quot;:&quot;px&quot;,&quot;top&quot;:&quot;&quot;,&quot;right&quot;:&quot;&quot;,&quot;bottom&quot;:&quot;&quot;,&quot;left&quot;:&quot;&quot;,&quot;isLinked&quot;:true},&quot;element_pack_global_tooltip_padding_tablet&quot;:{&quot;unit&quot;:&quot;px&quot;,&quot;top&quot;:&quot;&quot;,&quot;right&quot;:&quot;&quot;,&quot;bottom&quot;:&quot;&quot;,&quot;left&quot;:&quot;&quot;,&quot;isLinked&quot;:true},&quot;element_pack_global_tooltip_padding_mobile&quot;:{&quot;unit&quot;:&quot;px&quot;,&quot;top&quot;:&quot;&quot;,&quot;right&quot;:&quot;&quot;,&quot;bottom&quot;:&quot;&quot;,&quot;left&quot;:&quot;&quot;,&quot;isLinked&quot;:true},&quot;element_pack_global_tooltip_border_radius&quot;:{&quot;unit&quot;:&quot;px&quot;,&quot;top&quot;:&quot;&quot;,&quot;right&quot;:&quot;&quot;,&quot;bottom&quot;:&quot;&quot;,&quot;left&quot;:&quot;&quot;,&quot;isLinked&quot;:true},&quot;element_pack_global_tooltip_border_radius_tablet&quot;:{&quot;unit&quot;:&quot;px&quot;,&quot;top&quot;:&quot;&quot;,&quot;right&quot;:&quot;&quot;,&quot;bottom&quot;:&quot;&quot;,&quot;left&quot;:&quot;&quot;,&quot;isLinked&quot;:true},&quot;element_pack_global_tooltip_border_radius_mobile&quot;:{&quot;unit&quot;:&quot;px&quot;,&quot;top&quot;:&quot;&quot;,&quot;right&quot;:&quot;&quot;,&quot;bottom&quot;:&quot;&quot;,&quot;left&quot;:&quot;&quot;,&quot;isLinked&quot;:true}}\" data-elementor-post-type=\"product\">\n\t\t\t\t<div class=\"elementor-element elementor-element-93aa4a8 e-con-full e-flex e-con e-parent\" data-id=\"93aa4a8\" data-element_type=\"container\" data-e-type=\"container\">\n\t\t\t\t<div class=\"elementor-element elementor-element-2c3f760 miaoshu elementor-widget elementor-widget-wd_text_block\" data-id=\"2c3f760\" data-element_type=\"widget\" data-e-type=\"widget\" data-widget_type=\"wd_text_block.default\">\n\t\t\t\t<div class=\"elementor-widget-container\">\n\t\t\t\t\t\t\t<div class=\"wd-text-block reset-last-child text-left\">\n\t\t\t\n\t\t\t<h2>Conoce WPSyncSheets: Sincronizaci\u00f3n de datos de Elementor<\/h2>\n\n<p>Mejora tus formularios de Elementor con WPSyncSheets para Elementor, el complemento definitivo para sincronizar los env\u00edos de formularios directamente con Google Sheets. Esta herramienta, perfecta para empresas, aut\u00f3nomos y desarrolladores, agiliza la recopilaci\u00f3n, organizaci\u00f3n y an\u00e1lisis de datos sin la molestia de las exportaciones manuales.<\/p>\n\n<h2>Por qu\u00e9 destaca WPSyncSheets<\/h2>\n\n<p>Gestionar los datos de los formularios no deber\u00eda ser una tarea pesada. WPSyncSheets conecta tus formularios de Elementor a Google Sheets en tiempo real, lo que te permite capturar clientes potenciales, pedidos o comentarios sin esfuerzo. Tanto si tienes un peque\u00f1o blog como un sitio de comercio electr\u00f3nico, este plugin te ahorrar\u00e1 tiempo y mantendr\u00e1 tus datos organizados.<\/p>\n\n<ul>\n    <li><strong>Sincronizaci\u00f3n en tiempo real:<\/strong> Env\u00eda autom\u00e1ticamente los env\u00edos de formularios a Google Sheets a medida que se producen, garantizando que tus datos est\u00e9n siempre actualizados.<\/li>\n    <li><strong>F\u00e1cil instalaci\u00f3n:<\/strong> Con\u00e9ctate con Google Sheets en unos pocos clics utilizando OAuth 2.0, sin necesidad de codificaci\u00f3n. Funciona con cualquier formulario de Elementor.<\/li>\n    <li><strong>Cartograf\u00eda personalizable:<\/strong> Asigne campos de formulario a columnas espec\u00edficas de su hoja de c\u00e1lculo para organizar los datos a medida.<\/li>\n    <li><strong>Soporte multiformato:<\/strong> Sincronice varios formularios en diferentes hojas o pesta\u00f1as, perfecto para proyectos complejos o la gesti\u00f3n de clientes.<\/li>\n<\/ul>\n\n<h2>Funciones clave para flujos de trabajo m\u00e1s inteligentes<\/h2>\n\n<table>\n    <thead>\n        <tr>\n            <th>Caracter\u00edstica<\/th>\n            <th>Descripci\u00f3n<\/th>\n        <\/tr>\n    <\/thead>\n    <tbody>\n        <tr>\n            <td>L\u00f3gica condicional<\/td>\n            <td>Sincronice datos basados en entradas de formularios espec\u00edficos, d\u00e1ndole el control sobre lo que se registra.<\/td>\n        <\/tr>\n        <tr>\n            <td>Exportaci\u00f3n y copia de seguridad<\/td>\n            <td>Descargue los datos de la hoja de c\u00e1lculo en formato CSV o PDF para su uso sin conexi\u00f3n o para la elaboraci\u00f3n de informes.<\/td>\n        <\/tr>\n        <tr>\n            <td>Integraci\u00f3n segura<\/td>\n            <td>Utiliza la API segura de Google para mantener tus datos seguros y privados.<\/td>\n        <\/tr>\n        <tr>\n            <td>Caracter\u00edsticas Pro<\/td>\n            <td>Desbloquee opciones avanzadas como la carga de archivos, las etiquetas din\u00e1micas y la asistencia prioritaria con la versi\u00f3n Premium.<\/td>\n        <\/tr>\n    <\/tbody>\n<\/table>\n\n<h2>Transforme su gesti\u00f3n de datos<\/h2>\n\n<p>Desde la captura de consultas de clientes hasta el seguimiento de inscripciones a eventos, WPSyncSheets hace que los datos trabajen para usted. Los usuarios afirman que ahorran horas cada semana automatizando la introducci\u00f3n de datos, con una compatibilidad perfecta con las actualizaciones de Elementor y WordPress. Asequible y fiable, la versi\u00f3n premium cuesta a partir de $29, y cuenta con el respaldo de un equipo de soporte especializado.<\/p>\n\n<p>\u00bfListo para simplificar tu flujo de trabajo? Instala WPSyncSheets para Elementor y convierte tus formularios en una fuente de productividad.<\/p>\n\t\t\t\t\t<\/div>\n\t\t\t\t\t\t<\/div>\n\t\t\t\t<\/div>\n\t\t\t\t<\/div>\n\t\t\t\t<\/div>","protected":false},"excerpt":{"rendered":"<p>Meet WPSyncSheets: Seamless Elementor Data Sync Elevate your Elementor forms with WPSyncSheets For Elementor, the ultimate plugin for syncing form<\/p>","protected":false},"featured_media":7445,"comment_status":"open","ping_status":"closed","template":"","meta":{"_acf_changed":false},"product_brand":[],"product_cat":[49],"product_tag":[],"class_list":{"0":"post-7483","1":"product","2":"type-product","3":"status-publish","4":"has-post-thumbnail","6":"product_cat-plugins","8":"first","9":"instock","10":"sale","11":"downloadable","12":"shipping-taxable","13":"purchasable","14":"product-type-simple"},"acf":[],"yoast_head":"<!-- This site is optimized with the Yoast SEO Premium plugin v25.6 (Yoast SEO v27.1.1) - https:\/\/yoast.com\/product\/yoast-seo-premium-wordpress\/ -->\n<title>Meet WPSyncSheets: Seamless Elementor Data Sync - AllWin Theme \u2013 Free WordPress Themes Download<\/title>\n<meta name=\"description\" content=\"Elevate your Elementor forms with WPSyncSheets For Elementor, the ultimate plugin for syncing form submissions directly to Google Sheets.\" \/>\n<meta name=\"robots\" content=\"index, follow, max-snippet:-1, max-image-preview:large, max-video-preview:-1\" \/>\n<link rel=\"canonical\" href=\"https:\/\/allwintheme.com\/es\/producto\/wpsyncsheets-para-elementor\/\" \/>\n<meta property=\"og:locale\" content=\"es_ES\" \/>\n<meta property=\"og:type\" content=\"article\" \/>\n<meta property=\"og:title\" content=\"Meet WPSyncSheets: Seamless Elementor Data Sync\" \/>\n<meta property=\"og:description\" content=\"Elevate your Elementor forms with WPSyncSheets For Elementor, the ultimate plugin for syncing form submissions directly to Google Sheets.\" \/>\n<meta property=\"og:url\" content=\"https:\/\/allwintheme.com\/es\/producto\/wpsyncsheets-para-elementor\/\" \/>\n<meta property=\"og:site_name\" content=\"AllWin Theme \u2013 Free WordPress Themes Download\" \/>\n<meta property=\"article:modified_time\" content=\"2025-09-22T13:38:41+00:00\" \/>\n<meta property=\"og:image\" content=\"https:\/\/allwintheme.com\/wp-content\/uploads\/2025\/09\/ez0ou5fh.png\" \/>\n\t<meta property=\"og:image:width\" content=\"768\" \/>\n\t<meta property=\"og:image:height\" content=\"390\" \/>\n\t<meta property=\"og:image:type\" content=\"image\/png\" \/>\n<meta name=\"twitter:card\" content=\"summary_large_image\" \/>\n<meta name=\"twitter:label1\" content=\"Tiempo estimado de lectura\" \/>\n\t<meta name=\"twitter:data1\" content=\"2 minutos\" \/>\n<script type=\"application\/ld+json\" class=\"yoast-schema-graph\">{\"@context\":\"https:\/\/schema.org\",\"@graph\":[{\"@type\":\"WebPage\",\"@id\":\"https:\/\/allwintheme.com\/product\/wpsyncsheets-for-elementor\/\",\"url\":\"https:\/\/allwintheme.com\/product\/wpsyncsheets-for-elementor\/\",\"name\":\"Meet WPSyncSheets: Seamless Elementor Data Sync - AllWin Theme \u2013 Free WordPress Themes Download\",\"isPartOf\":{\"@id\":\"https:\/\/allwintheme.com\/#website\"},\"primaryImageOfPage\":{\"@id\":\"https:\/\/allwintheme.com\/product\/wpsyncsheets-for-elementor\/#primaryimage\"},\"image\":{\"@id\":\"https:\/\/allwintheme.com\/product\/wpsyncsheets-for-elementor\/#primaryimage\"},\"thumbnailUrl\":\"https:\/\/allwintheme.com\/wp-content\/uploads\/2025\/09\/ez0ou5fh.png\",\"datePublished\":\"2025-09-22T13:22:01+00:00\",\"dateModified\":\"2025-09-22T13:38:41+00:00\",\"description\":\"Elevate your Elementor forms with WPSyncSheets For Elementor, the ultimate plugin for syncing form submissions directly to Google Sheets.\",\"breadcrumb\":{\"@id\":\"https:\/\/allwintheme.com\/product\/wpsyncsheets-for-elementor\/#breadcrumb\"},\"inLanguage\":\"es-CL\",\"potentialAction\":[{\"@type\":\"ReadAction\",\"target\":[\"https:\/\/allwintheme.com\/product\/wpsyncsheets-for-elementor\/\"]}]},{\"@type\":\"ImageObject\",\"inLanguage\":\"es-CL\",\"@id\":\"https:\/\/allwintheme.com\/product\/wpsyncsheets-for-elementor\/#primaryimage\",\"url\":\"https:\/\/allwintheme.com\/wp-content\/uploads\/2025\/09\/ez0ou5fh.png\",\"contentUrl\":\"https:\/\/allwintheme.com\/wp-content\/uploads\/2025\/09\/ez0ou5fh.png\",\"width\":768,\"height\":390,\"caption\":\"WPSyncSheets For Elementor\"},{\"@type\":\"BreadcrumbList\",\"@id\":\"https:\/\/allwintheme.com\/product\/wpsyncsheets-for-elementor\/#breadcrumb\",\"itemListElement\":[{\"@type\":\"ListItem\",\"position\":1,\"name\":\"Home\",\"item\":\"https:\/\/allwintheme.com\/\"},{\"@type\":\"ListItem\",\"position\":2,\"name\":\"Shop\",\"item\":\"https:\/\/allwintheme.com\/shop\/\"},{\"@type\":\"ListItem\",\"position\":3,\"name\":\"Meet WPSyncSheets: Seamless Elementor Data Sync\"}]},{\"@type\":\"WebSite\",\"@id\":\"https:\/\/allwintheme.com\/#website\",\"url\":\"https:\/\/allwintheme.com\/\",\"name\":\"Allwintheme\",\"description\":\"Download free WordPress themes for every niche. Blogs, business, eCommerce, portfolio, restaurant and more. All themes are GPL licensed and mobile-ready.\",\"potentialAction\":[{\"@type\":\"SearchAction\",\"target\":{\"@type\":\"EntryPoint\",\"urlTemplate\":\"https:\/\/allwintheme.com\/?s={search_term_string}\"},\"query-input\":{\"@type\":\"PropertyValueSpecification\",\"valueRequired\":true,\"valueName\":\"search_term_string\"}}],\"inLanguage\":\"es-CL\"}]}<\/script>\n<!-- \/ Yoast SEO Premium plugin. -->","yoast_head_json":{"title":"Meet WPSyncSheets: Seamless Elementor Data Sync - AllWin Theme \u2013 Free WordPress Themes Download","description":"Mejora tus formularios de Elementor con WPSyncSheets para Elementor, el complemento definitivo para sincronizar los env\u00edos de formularios directamente con Google Sheets.","robots":{"index":"index","follow":"follow","max-snippet":"max-snippet:-1","max-image-preview":"max-image-preview:large","max-video-preview":"max-video-preview:-1"},"canonical":"https:\/\/allwintheme.com\/es\/producto\/wpsyncsheets-para-elementor\/","og_locale":"es_ES","og_type":"article","og_title":"Meet WPSyncSheets: Seamless Elementor Data Sync","og_description":"Elevate your Elementor forms with WPSyncSheets For Elementor, the ultimate plugin for syncing form submissions directly to Google Sheets.","og_url":"https:\/\/allwintheme.com\/es\/producto\/wpsyncsheets-para-elementor\/","og_site_name":"AllWin Theme \u2013 Free WordPress Themes Download","article_modified_time":"2025-09-22T13:38:41+00:00","og_image":[{"width":768,"height":390,"url":"https:\/\/allwintheme.com\/wp-content\/uploads\/2025\/09\/ez0ou5fh.png","type":"image\/png"}],"twitter_card":"summary_large_image","twitter_misc":{"Tiempo estimado de lectura":"2 minutos"},"schema":{"@context":"https:\/\/schema.org","@graph":[{"@type":"WebPage","@id":"https:\/\/allwintheme.com\/product\/wpsyncsheets-for-elementor\/","url":"https:\/\/allwintheme.com\/product\/wpsyncsheets-for-elementor\/","name":"Meet WPSyncSheets: Seamless Elementor Data Sync - AllWin Theme \u2013 Free WordPress Themes Download","isPartOf":{"@id":"https:\/\/allwintheme.com\/#website"},"primaryImageOfPage":{"@id":"https:\/\/allwintheme.com\/product\/wpsyncsheets-for-elementor\/#primaryimage"},"image":{"@id":"https:\/\/allwintheme.com\/product\/wpsyncsheets-for-elementor\/#primaryimage"},"thumbnailUrl":"https:\/\/allwintheme.com\/wp-content\/uploads\/2025\/09\/ez0ou5fh.png","datePublished":"2025-09-22T13:22:01+00:00","dateModified":"2025-09-22T13:38:41+00:00","description":"Mejora tus formularios de Elementor con WPSyncSheets para Elementor, el complemento definitivo para sincronizar los env\u00edos de formularios directamente con Google Sheets.","breadcrumb":{"@id":"https:\/\/allwintheme.com\/product\/wpsyncsheets-for-elementor\/#breadcrumb"},"inLanguage":"es-CL","potentialAction":[{"@type":"ReadAction","target":["https:\/\/allwintheme.com\/product\/wpsyncsheets-for-elementor\/"]}]},{"@type":"ImageObject","inLanguage":"es-CL","@id":"https:\/\/allwintheme.com\/product\/wpsyncsheets-for-elementor\/#primaryimage","url":"https:\/\/allwintheme.com\/wp-content\/uploads\/2025\/09\/ez0ou5fh.png","contentUrl":"https:\/\/allwintheme.com\/wp-content\/uploads\/2025\/09\/ez0ou5fh.png","width":768,"height":390,"caption":"WPSyncSheets For Elementor"},{"@type":"BreadcrumbList","@id":"https:\/\/allwintheme.com\/product\/wpsyncsheets-for-elementor\/#breadcrumb","itemListElement":[{"@type":"ListItem","position":1,"name":"Home","item":"https:\/\/allwintheme.com\/"},{"@type":"ListItem","position":2,"name":"Shop","item":"https:\/\/allwintheme.com\/shop\/"},{"@type":"ListItem","position":3,"name":"Meet WPSyncSheets: Seamless Elementor Data Sync"}]},{"@type":"WebSite","@id":"https:\/\/allwintheme.com\/#website","url":"https:\/\/allwintheme.com\/","name":"Allwintheme","description":"Descarga gratis temas de WordPress para todos los nichos. Blogs, negocios, comercio electr\u00f3nico, portafolio, restaurante y m\u00e1s. Todos los temas tienen licencia GPL y est\u00e1n preparados para dispositivos m\u00f3viles.","potentialAction":[{"@type":"SearchAction","target":{"@type":"EntryPoint","urlTemplate":"https:\/\/allwintheme.com\/?s={search_term_string}"},"query-input":{"@type":"PropertyValueSpecification","valueRequired":true,"valueName":"search_term_string"}}],"inLanguage":"es-CL"}]}},"_links":{"self":[{"href":"https:\/\/allwintheme.com\/es\/wp-json\/wp\/v2\/product\/7483","targetHints":{"allow":["GET"]}}],"collection":[{"href":"https:\/\/allwintheme.com\/es\/wp-json\/wp\/v2\/product"}],"about":[{"href":"https:\/\/allwintheme.com\/es\/wp-json\/wp\/v2\/types\/product"}],"replies":[{"embeddable":true,"href":"https:\/\/allwintheme.com\/es\/wp-json\/wp\/v2\/comments?post=7483"}],"version-history":[{"count":0,"href":"https:\/\/allwintheme.com\/es\/wp-json\/wp\/v2\/product\/7483\/revisions"}],"wp:featuredmedia":[{"embeddable":true,"href":"https:\/\/allwintheme.com\/es\/wp-json\/wp\/v2\/media\/7445"}],"wp:attachment":[{"href":"https:\/\/allwintheme.com\/es\/wp-json\/wp\/v2\/media?parent=7483"}],"wp:term":[{"taxonomy":"product_brand","embeddable":true,"href":"https:\/\/allwintheme.com\/es\/wp-json\/wp\/v2\/product_brand?post=7483"},{"taxonomy":"product_cat","embeddable":true,"href":"https:\/\/allwintheme.com\/es\/wp-json\/wp\/v2\/product_cat?post=7483"},{"taxonomy":"product_tag","embeddable":true,"href":"https:\/\/allwintheme.com\/es\/wp-json\/wp\/v2\/product_tag?post=7483"}],"curies":[{"name":"wp","href":"https:\/\/api.w.org\/{rel}","templated":true}]}}