{"id":7486,"date":"2025-09-22T13:22:05","date_gmt":"2025-09-22T13:22:05","guid":{"rendered":"https:\/\/allwintheme.com\/?post_type=product&#038;p=7486"},"modified":"2025-09-22T13:32:42","modified_gmt":"2025-09-22T13:32:42","slug":"editor-y-gestor-de-campos-de-pago-para-woocommerce-pro","status":"publish","type":"product","link":"https:\/\/allwintheme.com\/es\/producto\/editor-y-gestor-de-campos-de-pago-para-woocommerce-pro\/","title":{"rendered":"Editor de campos de pago Pro: Personalizar WooCommerce Checkout"},"content":{"rendered":"<div data-elementor-type=\"wp-post\" data-elementor-id=\"7486\" class=\"elementor elementor-7486\" data-elementor-settings=\"{&quot;element_pack_global_tooltip_width&quot;:{&quot;unit&quot;:&quot;px&quot;,&quot;size&quot;:&quot;&quot;,&quot;sizes&quot;:[]},&quot;element_pack_global_tooltip_width_tablet&quot;:{&quot;unit&quot;:&quot;px&quot;,&quot;size&quot;:&quot;&quot;,&quot;sizes&quot;:[]},&quot;element_pack_global_tooltip_width_mobile&quot;:{&quot;unit&quot;:&quot;px&quot;,&quot;size&quot;:&quot;&quot;,&quot;sizes&quot;:[]},&quot;element_pack_global_tooltip_padding&quot;:{&quot;unit&quot;:&quot;px&quot;,&quot;top&quot;:&quot;&quot;,&quot;right&quot;:&quot;&quot;,&quot;bottom&quot;:&quot;&quot;,&quot;left&quot;:&quot;&quot;,&quot;isLinked&quot;:true},&quot;element_pack_global_tooltip_padding_tablet&quot;:{&quot;unit&quot;:&quot;px&quot;,&quot;top&quot;:&quot;&quot;,&quot;right&quot;:&quot;&quot;,&quot;bottom&quot;:&quot;&quot;,&quot;left&quot;:&quot;&quot;,&quot;isLinked&quot;:true},&quot;element_pack_global_tooltip_padding_mobile&quot;:{&quot;unit&quot;:&quot;px&quot;,&quot;top&quot;:&quot;&quot;,&quot;right&quot;:&quot;&quot;,&quot;bottom&quot;:&quot;&quot;,&quot;left&quot;:&quot;&quot;,&quot;isLinked&quot;:true},&quot;element_pack_global_tooltip_border_radius&quot;:{&quot;unit&quot;:&quot;px&quot;,&quot;top&quot;:&quot;&quot;,&quot;right&quot;:&quot;&quot;,&quot;bottom&quot;:&quot;&quot;,&quot;left&quot;:&quot;&quot;,&quot;isLinked&quot;:true},&quot;element_pack_global_tooltip_border_radius_tablet&quot;:{&quot;unit&quot;:&quot;px&quot;,&quot;top&quot;:&quot;&quot;,&quot;right&quot;:&quot;&quot;,&quot;bottom&quot;:&quot;&quot;,&quot;left&quot;:&quot;&quot;,&quot;isLinked&quot;:true},&quot;element_pack_global_tooltip_border_radius_mobile&quot;:{&quot;unit&quot;:&quot;px&quot;,&quot;top&quot;:&quot;&quot;,&quot;right&quot;:&quot;&quot;,&quot;bottom&quot;:&quot;&quot;,&quot;left&quot;:&quot;&quot;,&quot;isLinked&quot;:true}}\" data-elementor-post-type=\"product\">\n\t\t\t\t<div class=\"elementor-element elementor-element-93aa4a8 e-con-full e-flex e-con e-parent\" data-id=\"93aa4a8\" data-element_type=\"container\" data-e-type=\"container\">\n\t\t\t\t<div class=\"elementor-element elementor-element-2c3f760 miaoshu elementor-widget elementor-widget-wd_text_block\" data-id=\"2c3f760\" data-element_type=\"widget\" data-e-type=\"widget\" data-widget_type=\"wd_text_block.default\">\n\t\t\t\t<div class=\"elementor-widget-container\">\n\t\t\t\t\t\t\t<div class=\"wd-text-block reset-last-child text-left\">\n\t\t\t\n\t\t\t<div><h2 dir=\"auto\">Desbloquea el poder de Checkout Field Editor Pro para WooCommerce<\/h2><p dir=\"auto\">Si tienes una tienda WooCommerce, sabes que la p\u00e1gina de pago es decisiva para las conversiones. Demasiados campos, y los clientes rebotan; muy pocos, y pierdes datos clave. Aqu\u00ed es donde entra en juego Checkout Field Editor and Manager para WooCommerce Pro: es la herramienta definitiva para ajustar, a\u00f1adir o eliminar campos sin tocar una l\u00ednea de c\u00f3digo, haciendo que tu proceso sea m\u00e1s fluido y tus datos m\u00e1s inteligentes.<\/p><h2 dir=\"auto\">\u00bfPor qu\u00e9 elegir WooCommerce Checkout?<\/h2><p dir=\"auto\">No se trata s\u00f3lo de un editor b\u00e1sico, sino de un completo gestor que te permite crear una experiencia de pago adaptada a tu negocio. La versi\u00f3n Pro aumenta el control con reglas e integraciones avanzadas, lo que ayuda a reducir el abandono de carritos y a aumentar las ventas.<\/p><ul dir=\"auto\"><li><strong>Constructor de campos de arrastrar y soltar:<\/strong> A\u00f1ada, edite o reorganice f\u00e1cilmente los campos de facturaci\u00f3n\/env\u00edo predeterminados, sin necesidad de conocimientos de desarrollo. Oculta los innecesarios, como el nombre de la empresa, para agilizar las cosas.<\/li><li><strong>M\u00e1s de 24 tipos de campo:<\/strong> Desde entradas de texto y desplegables hasta casillas de verificaci\u00f3n, selectores de fecha, cargas de archivos e incluso p\u00e1rrafos para instrucciones: re\u00fana exactamente lo que necesita.<\/li><li><strong>L\u00f3gica condicional:<\/strong> Muestre u oculte campos en funci\u00f3n del contenido del carrito, las funciones del usuario, los m\u00e9todos de pago\/env\u00edo o los totales. Haz que sea din\u00e1mico y relevante en todo momento.<\/li><li><strong>Gesti\u00f3n de secciones:<\/strong> Agrupe los campos en secciones personalizadas (como facturaci\u00f3n o complementos) y sit\u00faelos en cualquier lugar de la p\u00e1gina para obtener un flujo limpio y organizado.<\/li><\/ul><h2 dir=\"auto\">Caracter\u00edsticas principales<\/h2><div dir=\"auto\"><div><div>\u00a0<\/div><\/div><table dir=\"auto\" data-wide=\"false\"><thead><tr><th data-col-size=\"md\">Caracter\u00edstica<\/th><th data-col-size=\"lg\">Descripci\u00f3n<\/th><\/tr><\/thead><tbody><tr><td data-col-size=\"md\">Dependencias multinivel<\/td><td data-col-size=\"lg\">Vincule los campos para que s\u00f3lo aparezcan en funci\u00f3n de selecciones previas: mantenga los formularios concisos y f\u00e1ciles de usar.<\/td><\/tr><tr><td data-col-size=\"md\">Segmentaci\u00f3n por productos y categor\u00edas<\/td><td data-col-size=\"lg\">Active campos s\u00f3lo para art\u00edculos, categor\u00edas o etiquetas espec\u00edficos del carro, ideal para ventas adicionales o cumplimiento.<\/td><\/tr><tr><td data-col-size=\"md\">Soporte multiling\u00fce<\/td><td data-col-size=\"lg\">Funciona perfectamente con WPML, Polylang, y Loco Translate para tiendas globales.<\/td><\/tr><tr><td data-col-size=\"md\">Exclusivas Pro<\/td><td data-col-size=\"lg\">Reglas ilimitadas, validaci\u00f3n avanzada, reajustes masivos y compatibilidad con prioridades, adem\u00e1s de compatibilidad con pagos cl\u00e1sicos y en bloque.<\/td><\/tr><\/tbody><\/table><\/div><h2 dir=\"auto\">Impacto real para su tienda<\/h2><p dir=\"auto\">Los propietarios de tiendas hablan maravillas de c\u00f3mo este plugin reduce la fricci\u00f3n en el proceso de compra: menos carritos abandonados y m\u00e1s pedidos completados. Se integra a la perfecci\u00f3n con el ecosistema de WooCommerce, muestra datos personalizados en correos electr\u00f3nicos, p\u00e1ginas de pedidos y administraci\u00f3n, e incluso admite reglas de repetici\u00f3n para carritos de gran volumen. A un precio asequible del equipo ThemeHigh, es una actualizaci\u00f3n de no-brainer de la versi\u00f3n gratuita.<\/p><p dir=\"auto\">\u00bfEst\u00e1 listo para perfeccionar su proceso de pago y ver c\u00f3mo aumentan los ingresos? Obtenga Checkout Field Editor Pro hoy mismo y tome el control.<\/p><\/div><section><\/section><section><\/section>\n\t\t\t\t\t<\/div>\n\t\t\t\t\t\t<\/div>\n\t\t\t\t<\/div>\n\t\t\t\t<\/div>\n\t\t\t\t<\/div>","protected":false},"excerpt":{"rendered":"<p>Unlock the Power of Checkout Field Editor Pro for WooCommerce If you&#8217;re running a WooCommerce store, you know the checkout<\/p>","protected":false},"featured_media":7489,"comment_status":"open","ping_status":"closed","template":"","meta":{"_acf_changed":false},"product_brand":[],"product_cat":[49],"product_tag":[],"class_list":{"0":"post-7486","1":"product","2":"type-product","3":"status-publish","4":"has-post-thumbnail","6":"product_cat-plugins","8":"first","9":"instock","10":"sale","11":"downloadable","12":"shipping-taxable","13":"purchasable","14":"product-type-simple"},"acf":[],"yoast_head":"<!-- This site is optimized with the Yoast SEO Premium plugin v25.6 (Yoast SEO v27.1.1) - https:\/\/yoast.com\/product\/yoast-seo-premium-wordpress\/ -->\n<title>Checkout Field Editor Pro: Customize WooCommerce Checkout - AllWin Theme \u2013 Free WordPress Themes Download<\/title>\n<meta name=\"description\" content=\"Streamline your WooCommerce checkout with the Pro Field Editor\u2014add, edit, hide fields, apply conditional logic, and boost conversions. Perfect for tailored billing, shipping, and custom data collection.\" \/>\n<meta name=\"robots\" content=\"index, follow, max-snippet:-1, max-image-preview:large, max-video-preview:-1\" \/>\n<link rel=\"canonical\" href=\"https:\/\/allwintheme.com\/es\/producto\/editor-y-gestor-de-campos-de-pago-para-woocommerce-pro\/\" \/>\n<meta property=\"og:locale\" content=\"es_ES\" \/>\n<meta property=\"og:type\" content=\"article\" \/>\n<meta property=\"og:title\" content=\"Checkout Field Editor Pro: Customize WooCommerce Checkout\" \/>\n<meta property=\"og:description\" content=\"Streamline your WooCommerce checkout with the Pro Field Editor\u2014add, edit, hide fields, apply conditional logic, and boost conversions. Perfect for tailored billing, shipping, and custom data collection.\" \/>\n<meta property=\"og:url\" content=\"https:\/\/allwintheme.com\/es\/producto\/editor-y-gestor-de-campos-de-pago-para-woocommerce-pro\/\" \/>\n<meta property=\"og:site_name\" content=\"AllWin Theme \u2013 Free WordPress Themes Download\" \/>\n<meta property=\"article:modified_time\" content=\"2025-09-22T13:32:42+00:00\" \/>\n<meta property=\"og:image\" content=\"https:\/\/allwintheme.com\/wp-content\/uploads\/2025\/09\/8c00gthi-1.png\" \/>\n\t<meta property=\"og:image:width\" content=\"954\" \/>\n\t<meta property=\"og:image:height\" content=\"406\" \/>\n\t<meta property=\"og:image:type\" content=\"image\/png\" \/>\n<meta name=\"twitter:card\" content=\"summary_large_image\" \/>\n<meta name=\"twitter:label1\" content=\"Tiempo estimado de lectura\" \/>\n\t<meta name=\"twitter:data1\" content=\"3 minutos\" \/>\n<script type=\"application\/ld+json\" class=\"yoast-schema-graph\">{\"@context\":\"https:\/\/schema.org\",\"@graph\":[{\"@type\":\"WebPage\",\"@id\":\"https:\/\/allwintheme.com\/product\/checkout-field-editor-and-manager-for-woocommerce-pro\/\",\"url\":\"https:\/\/allwintheme.com\/product\/checkout-field-editor-and-manager-for-woocommerce-pro\/\",\"name\":\"Checkout Field Editor Pro: Customize WooCommerce Checkout - AllWin Theme \u2013 Free WordPress Themes Download\",\"isPartOf\":{\"@id\":\"https:\/\/allwintheme.com\/#website\"},\"primaryImageOfPage\":{\"@id\":\"https:\/\/allwintheme.com\/product\/checkout-field-editor-and-manager-for-woocommerce-pro\/#primaryimage\"},\"image\":{\"@id\":\"https:\/\/allwintheme.com\/product\/checkout-field-editor-and-manager-for-woocommerce-pro\/#primaryimage\"},\"thumbnailUrl\":\"https:\/\/allwintheme.com\/wp-content\/uploads\/2025\/09\/8c00gthi-1.png\",\"datePublished\":\"2025-09-22T13:22:05+00:00\",\"dateModified\":\"2025-09-22T13:32:42+00:00\",\"description\":\"Streamline your WooCommerce checkout with the Pro Field Editor\u2014add, edit, hide fields, apply conditional logic, and boost conversions. Perfect for tailored billing, shipping, and custom data collection.\",\"breadcrumb\":{\"@id\":\"https:\/\/allwintheme.com\/product\/checkout-field-editor-and-manager-for-woocommerce-pro\/#breadcrumb\"},\"inLanguage\":\"es-CL\",\"potentialAction\":[{\"@type\":\"ReadAction\",\"target\":[\"https:\/\/allwintheme.com\/product\/checkout-field-editor-and-manager-for-woocommerce-pro\/\"]}]},{\"@type\":\"ImageObject\",\"inLanguage\":\"es-CL\",\"@id\":\"https:\/\/allwintheme.com\/product\/checkout-field-editor-and-manager-for-woocommerce-pro\/#primaryimage\",\"url\":\"https:\/\/allwintheme.com\/wp-content\/uploads\/2025\/09\/8c00gthi-1.png\",\"contentUrl\":\"https:\/\/allwintheme.com\/wp-content\/uploads\/2025\/09\/8c00gthi-1.png\",\"width\":954,\"height\":406,\"caption\":\"Checkout Field Editor and Manager for WooCommerce \u2013 Pro\"},{\"@type\":\"BreadcrumbList\",\"@id\":\"https:\/\/allwintheme.com\/product\/checkout-field-editor-and-manager-for-woocommerce-pro\/#breadcrumb\",\"itemListElement\":[{\"@type\":\"ListItem\",\"position\":1,\"name\":\"Home\",\"item\":\"https:\/\/allwintheme.com\/\"},{\"@type\":\"ListItem\",\"position\":2,\"name\":\"Shop\",\"item\":\"https:\/\/allwintheme.com\/shop\/\"},{\"@type\":\"ListItem\",\"position\":3,\"name\":\"Checkout Field Editor Pro: Customize WooCommerce Checkout\"}]},{\"@type\":\"WebSite\",\"@id\":\"https:\/\/allwintheme.com\/#website\",\"url\":\"https:\/\/allwintheme.com\/\",\"name\":\"Allwintheme\",\"description\":\"Download free WordPress themes for every niche. Blogs, business, eCommerce, portfolio, restaurant and more. All themes are GPL licensed and mobile-ready.\",\"potentialAction\":[{\"@type\":\"SearchAction\",\"target\":{\"@type\":\"EntryPoint\",\"urlTemplate\":\"https:\/\/allwintheme.com\/?s={search_term_string}\"},\"query-input\":{\"@type\":\"PropertyValueSpecification\",\"valueRequired\":true,\"valueName\":\"search_term_string\"}}],\"inLanguage\":\"es-CL\"}]}<\/script>\n<!-- \/ Yoast SEO Premium plugin. -->","yoast_head_json":{"title":"Checkout Field Editor Pro: Customize WooCommerce Checkout - AllWin Theme \u2013 Free WordPress Themes Download","description":"Optimiza el proceso de pago de tu WooCommerce con el Editor de campos Pro: a\u00f1ade, edita y oculta campos, aplica l\u00f3gica condicional y aumenta las conversiones. Perfecto para la facturaci\u00f3n a medida, el env\u00edo y la recopilaci\u00f3n de datos personalizados.","robots":{"index":"index","follow":"follow","max-snippet":"max-snippet:-1","max-image-preview":"max-image-preview:large","max-video-preview":"max-video-preview:-1"},"canonical":"https:\/\/allwintheme.com\/es\/producto\/editor-y-gestor-de-campos-de-pago-para-woocommerce-pro\/","og_locale":"es_ES","og_type":"article","og_title":"Checkout Field Editor Pro: Customize WooCommerce Checkout","og_description":"Streamline your WooCommerce checkout with the Pro Field Editor\u2014add, edit, hide fields, apply conditional logic, and boost conversions. Perfect for tailored billing, shipping, and custom data collection.","og_url":"https:\/\/allwintheme.com\/es\/producto\/editor-y-gestor-de-campos-de-pago-para-woocommerce-pro\/","og_site_name":"AllWin Theme \u2013 Free WordPress Themes Download","article_modified_time":"2025-09-22T13:32:42+00:00","og_image":[{"width":954,"height":406,"url":"https:\/\/allwintheme.com\/wp-content\/uploads\/2025\/09\/8c00gthi-1.png","type":"image\/png"}],"twitter_card":"summary_large_image","twitter_misc":{"Tiempo estimado de lectura":"3 minutos"},"schema":{"@context":"https:\/\/schema.org","@graph":[{"@type":"WebPage","@id":"https:\/\/allwintheme.com\/product\/checkout-field-editor-and-manager-for-woocommerce-pro\/","url":"https:\/\/allwintheme.com\/product\/checkout-field-editor-and-manager-for-woocommerce-pro\/","name":"Checkout Field Editor Pro: Customize WooCommerce Checkout - AllWin Theme \u2013 Free WordPress Themes Download","isPartOf":{"@id":"https:\/\/allwintheme.com\/#website"},"primaryImageOfPage":{"@id":"https:\/\/allwintheme.com\/product\/checkout-field-editor-and-manager-for-woocommerce-pro\/#primaryimage"},"image":{"@id":"https:\/\/allwintheme.com\/product\/checkout-field-editor-and-manager-for-woocommerce-pro\/#primaryimage"},"thumbnailUrl":"https:\/\/allwintheme.com\/wp-content\/uploads\/2025\/09\/8c00gthi-1.png","datePublished":"2025-09-22T13:22:05+00:00","dateModified":"2025-09-22T13:32:42+00:00","description":"Optimiza el proceso de pago de tu WooCommerce con el Editor de campos Pro: a\u00f1ade, edita y oculta campos, aplica l\u00f3gica condicional y aumenta las conversiones. Perfecto para la facturaci\u00f3n a medida, el env\u00edo y la recopilaci\u00f3n de datos personalizados.","breadcrumb":{"@id":"https:\/\/allwintheme.com\/product\/checkout-field-editor-and-manager-for-woocommerce-pro\/#breadcrumb"},"inLanguage":"es-CL","potentialAction":[{"@type":"ReadAction","target":["https:\/\/allwintheme.com\/product\/checkout-field-editor-and-manager-for-woocommerce-pro\/"]}]},{"@type":"ImageObject","inLanguage":"es-CL","@id":"https:\/\/allwintheme.com\/product\/checkout-field-editor-and-manager-for-woocommerce-pro\/#primaryimage","url":"https:\/\/allwintheme.com\/wp-content\/uploads\/2025\/09\/8c00gthi-1.png","contentUrl":"https:\/\/allwintheme.com\/wp-content\/uploads\/2025\/09\/8c00gthi-1.png","width":954,"height":406,"caption":"Checkout Field Editor and Manager for WooCommerce \u2013 Pro"},{"@type":"BreadcrumbList","@id":"https:\/\/allwintheme.com\/product\/checkout-field-editor-and-manager-for-woocommerce-pro\/#breadcrumb","itemListElement":[{"@type":"ListItem","position":1,"name":"Home","item":"https:\/\/allwintheme.com\/"},{"@type":"ListItem","position":2,"name":"Shop","item":"https:\/\/allwintheme.com\/shop\/"},{"@type":"ListItem","position":3,"name":"Checkout Field Editor Pro: Customize WooCommerce Checkout"}]},{"@type":"WebSite","@id":"https:\/\/allwintheme.com\/#website","url":"https:\/\/allwintheme.com\/","name":"Allwintheme","description":"Descarga gratis temas de WordPress para todos los nichos. Blogs, negocios, comercio electr\u00f3nico, portafolio, restaurante y m\u00e1s. Todos los temas tienen licencia GPL y est\u00e1n preparados para dispositivos m\u00f3viles.","potentialAction":[{"@type":"SearchAction","target":{"@type":"EntryPoint","urlTemplate":"https:\/\/allwintheme.com\/?s={search_term_string}"},"query-input":{"@type":"PropertyValueSpecification","valueRequired":true,"valueName":"search_term_string"}}],"inLanguage":"es-CL"}]}},"_links":{"self":[{"href":"https:\/\/allwintheme.com\/es\/wp-json\/wp\/v2\/product\/7486","targetHints":{"allow":["GET"]}}],"collection":[{"href":"https:\/\/allwintheme.com\/es\/wp-json\/wp\/v2\/product"}],"about":[{"href":"https:\/\/allwintheme.com\/es\/wp-json\/wp\/v2\/types\/product"}],"replies":[{"embeddable":true,"href":"https:\/\/allwintheme.com\/es\/wp-json\/wp\/v2\/comments?post=7486"}],"version-history":[{"count":0,"href":"https:\/\/allwintheme.com\/es\/wp-json\/wp\/v2\/product\/7486\/revisions"}],"wp:featuredmedia":[{"embeddable":true,"href":"https:\/\/allwintheme.com\/es\/wp-json\/wp\/v2\/media\/7489"}],"wp:attachment":[{"href":"https:\/\/allwintheme.com\/es\/wp-json\/wp\/v2\/media?parent=7486"}],"wp:term":[{"taxonomy":"product_brand","embeddable":true,"href":"https:\/\/allwintheme.com\/es\/wp-json\/wp\/v2\/product_brand?post=7486"},{"taxonomy":"product_cat","embeddable":true,"href":"https:\/\/allwintheme.com\/es\/wp-json\/wp\/v2\/product_cat?post=7486"},{"taxonomy":"product_tag","embeddable":true,"href":"https:\/\/allwintheme.com\/es\/wp-json\/wp\/v2\/product_tag?post=7486"}],"curies":[{"name":"wp","href":"https:\/\/api.w.org\/{rel}","templated":true}]}}