{"id":7553,"date":"2025-09-22T22:55:34","date_gmt":"2025-09-22T22:55:34","guid":{"rendered":"https:\/\/allwintheme.com\/?post_type=product&#038;p=7553"},"modified":"2025-09-22T23:00:49","modified_gmt":"2025-09-22T23:00:49","slug":"wp-go-maps-antes-wp-google-maps","status":"publish","type":"product","link":"https:\/\/allwintheme.com\/es\/producto\/wp-go-maps-antes-wp-google-maps\/","title":{"rendered":"WP Go Maps - F\u00e1cil Google Maps y capas abiertas Plugin"},"content":{"rendered":"<div data-elementor-type=\"wp-post\" data-elementor-id=\"7553\" class=\"elementor elementor-7553\" data-elementor-settings=\"{&quot;element_pack_global_tooltip_width&quot;:{&quot;unit&quot;:&quot;px&quot;,&quot;size&quot;:&quot;&quot;,&quot;sizes&quot;:[]},&quot;element_pack_global_tooltip_width_tablet&quot;:{&quot;unit&quot;:&quot;px&quot;,&quot;size&quot;:&quot;&quot;,&quot;sizes&quot;:[]},&quot;element_pack_global_tooltip_width_mobile&quot;:{&quot;unit&quot;:&quot;px&quot;,&quot;size&quot;:&quot;&quot;,&quot;sizes&quot;:[]},&quot;element_pack_global_tooltip_padding&quot;:{&quot;unit&quot;:&quot;px&quot;,&quot;top&quot;:&quot;&quot;,&quot;right&quot;:&quot;&quot;,&quot;bottom&quot;:&quot;&quot;,&quot;left&quot;:&quot;&quot;,&quot;isLinked&quot;:true},&quot;element_pack_global_tooltip_padding_tablet&quot;:{&quot;unit&quot;:&quot;px&quot;,&quot;top&quot;:&quot;&quot;,&quot;right&quot;:&quot;&quot;,&quot;bottom&quot;:&quot;&quot;,&quot;left&quot;:&quot;&quot;,&quot;isLinked&quot;:true},&quot;element_pack_global_tooltip_padding_mobile&quot;:{&quot;unit&quot;:&quot;px&quot;,&quot;top&quot;:&quot;&quot;,&quot;right&quot;:&quot;&quot;,&quot;bottom&quot;:&quot;&quot;,&quot;left&quot;:&quot;&quot;,&quot;isLinked&quot;:true},&quot;element_pack_global_tooltip_border_radius&quot;:{&quot;unit&quot;:&quot;px&quot;,&quot;top&quot;:&quot;&quot;,&quot;right&quot;:&quot;&quot;,&quot;bottom&quot;:&quot;&quot;,&quot;left&quot;:&quot;&quot;,&quot;isLinked&quot;:true},&quot;element_pack_global_tooltip_border_radius_tablet&quot;:{&quot;unit&quot;:&quot;px&quot;,&quot;top&quot;:&quot;&quot;,&quot;right&quot;:&quot;&quot;,&quot;bottom&quot;:&quot;&quot;,&quot;left&quot;:&quot;&quot;,&quot;isLinked&quot;:true},&quot;element_pack_global_tooltip_border_radius_mobile&quot;:{&quot;unit&quot;:&quot;px&quot;,&quot;top&quot;:&quot;&quot;,&quot;right&quot;:&quot;&quot;,&quot;bottom&quot;:&quot;&quot;,&quot;left&quot;:&quot;&quot;,&quot;isLinked&quot;:true}}\" data-elementor-post-type=\"product\">\n\t\t\t\t<div class=\"elementor-element elementor-element-93aa4a8 e-con-full e-flex e-con e-parent\" data-id=\"93aa4a8\" data-element_type=\"container\" data-e-type=\"container\">\n\t\t\t\t<div class=\"elementor-element elementor-element-2c3f760 miaoshu elementor-widget elementor-widget-wd_text_block\" data-id=\"2c3f760\" data-element_type=\"widget\" data-e-type=\"widget\" data-widget_type=\"wd_text_block.default\">\n\t\t\t\t<div class=\"elementor-widget-container\">\n\t\t\t\t\t\t\t<div class=\"wd-text-block reset-last-child text-left\">\n\t\t\t\n\t\t\t<h2>WP Go Maps: La forma m\u00e1s sencilla de a\u00f1adir mapas a WordPress<\/h2>\n<p><strong>WP Go Mapas<\/strong> (anteriormente WP Google Maps) es el plugin de WordPress definitivo para crear y gestionar mapas impresionantes con facilidad. Tanto si utiliza <strong>Google Maps<\/strong> o <strong>Abrir capas<\/strong>Este plugin facilita la creaci\u00f3n de mapas interactivos profesionales para su sitio web, con un potente bloque de mapas que permite una integraci\u00f3n perfecta.<\/p>\n\n<h3>\u00bfPor qu\u00e9 elegir WP Go Maps?<\/h3>\n<p>Dise\u00f1ado para la simplicidad y la flexibilidad, WP Go Maps es perfecto para empresas, bloggers o desarrolladores que buscan mejorar su sitio con mapas personalizados. Con una interfaz intuitiva y caracter\u00edsticas robustas, puede crear mapas que involucran a su audiencia sin necesidad de conocimientos t\u00e9cnicos.<\/p>\n\n<h3>Caracter\u00edsticas principales<\/h3>\n<ul>\n    <li><strong>Interfaz f\u00e1cil de usar:<\/strong> Construya y personalice mapas sin esfuerzo, sin necesidad de codificaci\u00f3n.<\/li>\n    <li><strong>Compatibilidad con Google Maps y Open Layers:<\/strong> Elija entre dos potentes plataformas cartogr\u00e1ficas que se adaptan a sus necesidades.<\/li>\n    <li><strong>Bloque de mapas para WordPress:<\/strong> Integre sin problemas mapas en sus entradas o p\u00e1ginas utilizando el bloque espec\u00edfico.<\/li>\n    <li><strong>Altamente personalizable:<\/strong> A\u00f1ade marcadores, direcciones, formas y mucho m\u00e1s para crear mapas din\u00e1micos e interactivos.<\/li>\n    <li><strong>Dise\u00f1o receptivo:<\/strong> Los mapas se ven muy bien en todos los dispositivos, desde ordenadores de sobremesa hasta tel\u00e9fonos inteligentes.<\/li>\n    <li><strong>Aplicaciones vers\u00e1tiles:<\/strong> Ideal para localizadores de tiendas, mapas de eventos, gu\u00edas de viaje y mucho m\u00e1s.<\/li>\n<\/ul>\n\n<h3>Crear mapas que destaquen<\/h3>\n<p>Ya sea que est\u00e9 mostrando una sola ubicaci\u00f3n o construyendo un mapa complejo con m\u00faltiples marcadores, WP Go Maps le da las herramientas para hacerlo realidad. Su funcionalidad de arrastrar y soltar y sus amplias opciones de personalizaci\u00f3n garantizan que tus mapas sean funcionales y visualmente atractivos.<\/p>\n\n<h3>C\u00f3mo empezar con WP Go Maps<\/h3>\n<p>Eleve su sitio WordPress con mapas profesionales y f\u00e1ciles de crear. Descargar <strong>WP Go Mapas<\/strong> y descubra por qu\u00e9 es el plugin de mapas para WordPress m\u00e1s f\u00e1cil de usar.<\/p>\n\t\t\t\t\t<\/div>\n\t\t\t\t\t\t<\/div>\n\t\t\t\t<\/div>\n\t\t\t\t<\/div>\n\t\t\t\t<\/div>","protected":false},"excerpt":{"rendered":"<p>WP Go Maps: The Simplest Way to Add Maps to WordPress WP Go Maps (formerly WP Google Maps) is the<\/p>","protected":false},"featured_media":7455,"comment_status":"open","ping_status":"closed","template":"","meta":{"_acf_changed":false},"product_brand":[],"product_cat":[49],"product_tag":[],"class_list":{"0":"post-7553","1":"product","2":"type-product","3":"status-publish","4":"has-post-thumbnail","6":"product_cat-plugins","8":"first","9":"instock","10":"sale","11":"downloadable","12":"shipping-taxable","13":"purchasable","14":"product-type-simple"},"acf":[],"yoast_head":"<!-- This site is optimized with the Yoast SEO Premium plugin v25.6 (Yoast SEO v27.1.1) - https:\/\/yoast.com\/product\/yoast-seo-premium-wordpress\/ -->\n<title>WP Go Maps \u2013 Easy Google Maps &amp; Open Layers Plugin - AllWin Theme \u2013 Free WordPress Themes Download<\/title>\n<meta name=\"description\" content=\"Create stunning Google Maps or Open Layers maps with WP Go Maps, the easiest-to-use WordPress map plugin, featuring a versatile map block.\" \/>\n<meta name=\"robots\" content=\"index, follow, max-snippet:-1, max-image-preview:large, max-video-preview:-1\" \/>\n<link rel=\"canonical\" href=\"https:\/\/allwintheme.com\/es\/producto\/wp-go-maps-antes-wp-google-maps\/\" \/>\n<meta property=\"og:locale\" content=\"es_ES\" \/>\n<meta property=\"og:type\" content=\"article\" \/>\n<meta property=\"og:title\" content=\"WP Go Maps \u2013 Easy Google Maps &amp; Open Layers Plugin\" \/>\n<meta property=\"og:description\" content=\"Create stunning Google Maps or Open Layers maps with WP Go Maps, the easiest-to-use WordPress map plugin, featuring a versatile map block.\" \/>\n<meta property=\"og:url\" content=\"https:\/\/allwintheme.com\/es\/producto\/wp-go-maps-antes-wp-google-maps\/\" \/>\n<meta property=\"og:site_name\" content=\"AllWin Theme \u2013 Free WordPress Themes Download\" \/>\n<meta property=\"article:modified_time\" content=\"2025-09-22T23:00:49+00:00\" \/>\n<meta property=\"og:image\" content=\"https:\/\/allwintheme.com\/wp-content\/uploads\/2025\/09\/6kx4qtg3.png\" \/>\n\t<meta property=\"og:image:width\" content=\"756\" \/>\n\t<meta property=\"og:image:height\" content=\"642\" \/>\n\t<meta property=\"og:image:type\" content=\"image\/png\" \/>\n<meta name=\"twitter:card\" content=\"summary_large_image\" \/>\n<meta name=\"twitter:label1\" content=\"Tiempo estimado de lectura\" \/>\n\t<meta name=\"twitter:data1\" content=\"2 minutos\" \/>\n<script type=\"application\/ld+json\" class=\"yoast-schema-graph\">{\"@context\":\"https:\/\/schema.org\",\"@graph\":[{\"@type\":\"WebPage\",\"@id\":\"https:\/\/allwintheme.com\/product\/wp-go-maps-formerly-wp-google-maps\/\",\"url\":\"https:\/\/allwintheme.com\/product\/wp-go-maps-formerly-wp-google-maps\/\",\"name\":\"WP Go Maps \u2013 Easy Google Maps & Open Layers Plugin - AllWin Theme \u2013 Free WordPress Themes Download\",\"isPartOf\":{\"@id\":\"https:\/\/allwintheme.com\/#website\"},\"primaryImageOfPage\":{\"@id\":\"https:\/\/allwintheme.com\/product\/wp-go-maps-formerly-wp-google-maps\/#primaryimage\"},\"image\":{\"@id\":\"https:\/\/allwintheme.com\/product\/wp-go-maps-formerly-wp-google-maps\/#primaryimage\"},\"thumbnailUrl\":\"https:\/\/allwintheme.com\/wp-content\/uploads\/2025\/09\/6kx4qtg3.png\",\"datePublished\":\"2025-09-22T22:55:34+00:00\",\"dateModified\":\"2025-09-22T23:00:49+00:00\",\"description\":\"Create stunning Google Maps or Open Layers maps with WP Go Maps, the easiest-to-use WordPress map plugin, featuring a versatile map block.\",\"breadcrumb\":{\"@id\":\"https:\/\/allwintheme.com\/product\/wp-go-maps-formerly-wp-google-maps\/#breadcrumb\"},\"inLanguage\":\"es-CL\",\"potentialAction\":[{\"@type\":\"ReadAction\",\"target\":[\"https:\/\/allwintheme.com\/product\/wp-go-maps-formerly-wp-google-maps\/\"]}]},{\"@type\":\"ImageObject\",\"inLanguage\":\"es-CL\",\"@id\":\"https:\/\/allwintheme.com\/product\/wp-go-maps-formerly-wp-google-maps\/#primaryimage\",\"url\":\"https:\/\/allwintheme.com\/wp-content\/uploads\/2025\/09\/6kx4qtg3.png\",\"contentUrl\":\"https:\/\/allwintheme.com\/wp-content\/uploads\/2025\/09\/6kx4qtg3.png\",\"width\":756,\"height\":642,\"caption\":\"WP Go Maps \u2013 Easy Google Maps & Open Layers Plugin\"},{\"@type\":\"BreadcrumbList\",\"@id\":\"https:\/\/allwintheme.com\/product\/wp-go-maps-formerly-wp-google-maps\/#breadcrumb\",\"itemListElement\":[{\"@type\":\"ListItem\",\"position\":1,\"name\":\"Home\",\"item\":\"https:\/\/allwintheme.com\/\"},{\"@type\":\"ListItem\",\"position\":2,\"name\":\"Shop\",\"item\":\"https:\/\/allwintheme.com\/shop\/\"},{\"@type\":\"ListItem\",\"position\":3,\"name\":\"WP Go Maps \u2013 Easy Google Maps &#038; Open Layers Plugin\"}]},{\"@type\":\"WebSite\",\"@id\":\"https:\/\/allwintheme.com\/#website\",\"url\":\"https:\/\/allwintheme.com\/\",\"name\":\"Allwintheme\",\"description\":\"Download free WordPress themes for every niche. Blogs, business, eCommerce, portfolio, restaurant and more. All themes are GPL licensed and mobile-ready.\",\"potentialAction\":[{\"@type\":\"SearchAction\",\"target\":{\"@type\":\"EntryPoint\",\"urlTemplate\":\"https:\/\/allwintheme.com\/?s={search_term_string}\"},\"query-input\":{\"@type\":\"PropertyValueSpecification\",\"valueRequired\":true,\"valueName\":\"search_term_string\"}}],\"inLanguage\":\"es-CL\"}]}<\/script>\n<!-- \/ Yoast SEO Premium plugin. -->","yoast_head_json":{"title":"WP Go Maps - Easy Google Maps &amp; Open Layers Plugin - AllWin Theme - Free WordPress Themes Download","description":"Crea impresionantes mapas de Google Maps u Open Layers con WP Go Maps, el plugin de mapas para WordPress m\u00e1s f\u00e1cil de usar, que incluye un vers\u00e1til bloque de mapas.","robots":{"index":"index","follow":"follow","max-snippet":"max-snippet:-1","max-image-preview":"max-image-preview:large","max-video-preview":"max-video-preview:-1"},"canonical":"https:\/\/allwintheme.com\/es\/producto\/wp-go-maps-antes-wp-google-maps\/","og_locale":"es_ES","og_type":"article","og_title":"WP Go Maps \u2013 Easy Google Maps & Open Layers Plugin","og_description":"Create stunning Google Maps or Open Layers maps with WP Go Maps, the easiest-to-use WordPress map plugin, featuring a versatile map block.","og_url":"https:\/\/allwintheme.com\/es\/producto\/wp-go-maps-antes-wp-google-maps\/","og_site_name":"AllWin Theme \u2013 Free WordPress Themes Download","article_modified_time":"2025-09-22T23:00:49+00:00","og_image":[{"width":756,"height":642,"url":"https:\/\/allwintheme.com\/wp-content\/uploads\/2025\/09\/6kx4qtg3.png","type":"image\/png"}],"twitter_card":"summary_large_image","twitter_misc":{"Tiempo estimado de lectura":"2 minutos"},"schema":{"@context":"https:\/\/schema.org","@graph":[{"@type":"WebPage","@id":"https:\/\/allwintheme.com\/product\/wp-go-maps-formerly-wp-google-maps\/","url":"https:\/\/allwintheme.com\/product\/wp-go-maps-formerly-wp-google-maps\/","name":"WP Go Maps - Easy Google Maps &amp; Open Layers Plugin - AllWin Theme - Free WordPress Themes Download","isPartOf":{"@id":"https:\/\/allwintheme.com\/#website"},"primaryImageOfPage":{"@id":"https:\/\/allwintheme.com\/product\/wp-go-maps-formerly-wp-google-maps\/#primaryimage"},"image":{"@id":"https:\/\/allwintheme.com\/product\/wp-go-maps-formerly-wp-google-maps\/#primaryimage"},"thumbnailUrl":"https:\/\/allwintheme.com\/wp-content\/uploads\/2025\/09\/6kx4qtg3.png","datePublished":"2025-09-22T22:55:34+00:00","dateModified":"2025-09-22T23:00:49+00:00","description":"Crea impresionantes mapas de Google Maps u Open Layers con WP Go Maps, el plugin de mapas para WordPress m\u00e1s f\u00e1cil de usar, que incluye un vers\u00e1til bloque de mapas.","breadcrumb":{"@id":"https:\/\/allwintheme.com\/product\/wp-go-maps-formerly-wp-google-maps\/#breadcrumb"},"inLanguage":"es-CL","potentialAction":[{"@type":"ReadAction","target":["https:\/\/allwintheme.com\/product\/wp-go-maps-formerly-wp-google-maps\/"]}]},{"@type":"ImageObject","inLanguage":"es-CL","@id":"https:\/\/allwintheme.com\/product\/wp-go-maps-formerly-wp-google-maps\/#primaryimage","url":"https:\/\/allwintheme.com\/wp-content\/uploads\/2025\/09\/6kx4qtg3.png","contentUrl":"https:\/\/allwintheme.com\/wp-content\/uploads\/2025\/09\/6kx4qtg3.png","width":756,"height":642,"caption":"WP Go Maps \u2013 Easy Google Maps & Open Layers Plugin"},{"@type":"BreadcrumbList","@id":"https:\/\/allwintheme.com\/product\/wp-go-maps-formerly-wp-google-maps\/#breadcrumb","itemListElement":[{"@type":"ListItem","position":1,"name":"Home","item":"https:\/\/allwintheme.com\/"},{"@type":"ListItem","position":2,"name":"Shop","item":"https:\/\/allwintheme.com\/shop\/"},{"@type":"ListItem","position":3,"name":"WP Go Maps \u2013 Easy Google Maps &#038; Open Layers Plugin"}]},{"@type":"WebSite","@id":"https:\/\/allwintheme.com\/#website","url":"https:\/\/allwintheme.com\/","name":"Allwintheme","description":"Descarga gratis temas de WordPress para todos los nichos. Blogs, negocios, comercio electr\u00f3nico, portafolio, restaurante y m\u00e1s. Todos los temas tienen licencia GPL y est\u00e1n preparados para dispositivos m\u00f3viles.","potentialAction":[{"@type":"SearchAction","target":{"@type":"EntryPoint","urlTemplate":"https:\/\/allwintheme.com\/?s={search_term_string}"},"query-input":{"@type":"PropertyValueSpecification","valueRequired":true,"valueName":"search_term_string"}}],"inLanguage":"es-CL"}]}},"_links":{"self":[{"href":"https:\/\/allwintheme.com\/es\/wp-json\/wp\/v2\/product\/7553","targetHints":{"allow":["GET"]}}],"collection":[{"href":"https:\/\/allwintheme.com\/es\/wp-json\/wp\/v2\/product"}],"about":[{"href":"https:\/\/allwintheme.com\/es\/wp-json\/wp\/v2\/types\/product"}],"replies":[{"embeddable":true,"href":"https:\/\/allwintheme.com\/es\/wp-json\/wp\/v2\/comments?post=7553"}],"version-history":[{"count":0,"href":"https:\/\/allwintheme.com\/es\/wp-json\/wp\/v2\/product\/7553\/revisions"}],"wp:featuredmedia":[{"embeddable":true,"href":"https:\/\/allwintheme.com\/es\/wp-json\/wp\/v2\/media\/7455"}],"wp:attachment":[{"href":"https:\/\/allwintheme.com\/es\/wp-json\/wp\/v2\/media?parent=7553"}],"wp:term":[{"taxonomy":"product_brand","embeddable":true,"href":"https:\/\/allwintheme.com\/es\/wp-json\/wp\/v2\/product_brand?post=7553"},{"taxonomy":"product_cat","embeddable":true,"href":"https:\/\/allwintheme.com\/es\/wp-json\/wp\/v2\/product_cat?post=7553"},{"taxonomy":"product_tag","embeddable":true,"href":"https:\/\/allwintheme.com\/es\/wp-json\/wp\/v2\/product_tag?post=7553"}],"curies":[{"name":"wp","href":"https:\/\/api.w.org\/{rel}","templated":true}]}}