{"id":7580,"date":"2025-09-22T23:17:25","date_gmt":"2025-09-22T23:17:25","guid":{"rendered":"https:\/\/allwintheme.com\/?post_type=product&#038;p=7580"},"modified":"2025-09-22T23:22:05","modified_gmt":"2025-09-22T23:22:05","slug":"addon-de-geolocalizacion-para-gravity-forms","status":"publish","type":"product","link":"https:\/\/allwintheme.com\/es\/producto\/addon-de-geolocalizacion-para-gravity-forms\/","title":{"rendered":"Complemento de geolocalizaci\u00f3n de Gravity Forms"},"content":{"rendered":"<div data-elementor-type=\"wp-post\" data-elementor-id=\"7580\" class=\"elementor elementor-7580\" data-elementor-settings=\"{&quot;element_pack_global_tooltip_width&quot;:{&quot;unit&quot;:&quot;px&quot;,&quot;size&quot;:&quot;&quot;,&quot;sizes&quot;:[]},&quot;element_pack_global_tooltip_width_tablet&quot;:{&quot;unit&quot;:&quot;px&quot;,&quot;size&quot;:&quot;&quot;,&quot;sizes&quot;:[]},&quot;element_pack_global_tooltip_width_mobile&quot;:{&quot;unit&quot;:&quot;px&quot;,&quot;size&quot;:&quot;&quot;,&quot;sizes&quot;:[]},&quot;element_pack_global_tooltip_padding&quot;:{&quot;unit&quot;:&quot;px&quot;,&quot;top&quot;:&quot;&quot;,&quot;right&quot;:&quot;&quot;,&quot;bottom&quot;:&quot;&quot;,&quot;left&quot;:&quot;&quot;,&quot;isLinked&quot;:true},&quot;element_pack_global_tooltip_padding_tablet&quot;:{&quot;unit&quot;:&quot;px&quot;,&quot;top&quot;:&quot;&quot;,&quot;right&quot;:&quot;&quot;,&quot;bottom&quot;:&quot;&quot;,&quot;left&quot;:&quot;&quot;,&quot;isLinked&quot;:true},&quot;element_pack_global_tooltip_padding_mobile&quot;:{&quot;unit&quot;:&quot;px&quot;,&quot;top&quot;:&quot;&quot;,&quot;right&quot;:&quot;&quot;,&quot;bottom&quot;:&quot;&quot;,&quot;left&quot;:&quot;&quot;,&quot;isLinked&quot;:true},&quot;element_pack_global_tooltip_border_radius&quot;:{&quot;unit&quot;:&quot;px&quot;,&quot;top&quot;:&quot;&quot;,&quot;right&quot;:&quot;&quot;,&quot;bottom&quot;:&quot;&quot;,&quot;left&quot;:&quot;&quot;,&quot;isLinked&quot;:true},&quot;element_pack_global_tooltip_border_radius_tablet&quot;:{&quot;unit&quot;:&quot;px&quot;,&quot;top&quot;:&quot;&quot;,&quot;right&quot;:&quot;&quot;,&quot;bottom&quot;:&quot;&quot;,&quot;left&quot;:&quot;&quot;,&quot;isLinked&quot;:true},&quot;element_pack_global_tooltip_border_radius_mobile&quot;:{&quot;unit&quot;:&quot;px&quot;,&quot;top&quot;:&quot;&quot;,&quot;right&quot;:&quot;&quot;,&quot;bottom&quot;:&quot;&quot;,&quot;left&quot;:&quot;&quot;,&quot;isLinked&quot;:true}}\" data-elementor-post-type=\"product\">\n\t\t\t\t<div class=\"elementor-element elementor-element-93aa4a8 e-con-full e-flex e-con e-parent\" data-id=\"93aa4a8\" data-element_type=\"container\" data-e-type=\"container\">\n\t\t\t\t<div class=\"elementor-element elementor-element-2c3f760 miaoshu elementor-widget elementor-widget-wd_text_block\" data-id=\"2c3f760\" data-element_type=\"widget\" data-e-type=\"widget\" data-widget_type=\"wd_text_block.default\">\n\t\t\t\t<div class=\"elementor-widget-container\">\n\t\t\t\t\t\t\t<div class=\"wd-text-block reset-last-child text-left\">\n\t\t\t\n\t\t\t<h2>Complemento de geolocalizaci\u00f3n de Gravity Forms: Potencie sus formularios con funciones de localizaci\u00f3n<\/h2>\n<p>En <strong>Complemento de geolocalizaci\u00f3n de Gravity Forms<\/strong> mejora sus formularios Gravity Forms con funciones avanzadas de geolocalizaci\u00f3n. Este potente complemento a\u00f1ade seis campos especializados de geolocalizaci\u00f3n, lo que le permite crear formularios din\u00e1micos basados en la ubicaci\u00f3n con facilidad. Tanto si est\u00e1 creando formularios de contacto, sistemas de reservas o p\u00e1ginas de registro de usuarios, este complemento facilita la incorporaci\u00f3n de datos de ubicaci\u00f3n sin problemas.<\/p>\n\n<h3>Caracter\u00edsticas principales<\/h3>\n<ul>\n    <li><strong>Seis campos de geolocalizaci\u00f3n:<\/strong> A\u00f1ada campos de geolocalizaci\u00f3n ilimitados como Google Maps, Autocompletar direcci\u00f3n, Coordenadas y Auto-localizador a cualquier Gravity Form.<\/li>\n    <li><strong>Integraci\u00f3n perfecta:<\/strong> Gestione los campos de geolocalizaci\u00f3n igual que los campos est\u00e1ndar de Gravity Forms: a\u00f1ada, edite o elimine con facilidad.<\/li>\n    <li><strong>Geolocalizaci\u00f3n f\u00e1cil de usar:<\/strong> Permita que los usuarios a\u00f1adan su ubicaci\u00f3n sin esfuerzo utilizando herramientas intuitivas como Google Maps, Autocompletar direcciones o la detecci\u00f3n autom\u00e1tica de ubicaciones.<\/li>\n    <li><strong>Desarrollado por Google Maps API:<\/strong> Aprovecha la s\u00f3lida API de Google Maps para obtener geolocalizaci\u00f3n precisa, sugerencias de direcciones y visualizaci\u00f3n de mapas interactivos.<\/li>\n    <li><strong>Rutas e indicaciones:<\/strong> Permita a los usuarios ver rutas y obtener direcciones entre dos direcciones sin salir de su sitio web.<\/li>\n    <li><strong>C\u00e1lculo de la distancia y la duraci\u00f3n:<\/strong> Calcule la distancia en coche y el tiempo de viaje entre direcciones, ideal para aplicaciones de tarificaci\u00f3n o log\u00edstica.<\/li>\n    <li><strong>Geoetiquetado de puestos y usuarios:<\/strong> Guarda datos de geolocalizaci\u00f3n en campos personalizados o meta de usuario al crear o actualizar entradas y perfiles de usuario, perfecto para la integraci\u00f3n con plugins de mapas.<\/li>\n    <li><strong>Amplia compatibilidad de plugins:<\/strong> Funciona perfectamente con plugins como Gravity Forms Entry Update, Gravity Forms Post Types, GEO my WP, y m\u00e1s para una funcionalidad mejorada.<\/li>\n<\/ul>\n\n<h3>\u00bfPor qu\u00e9 elegir el complemento de geolocalizaci\u00f3n de Gravity Forms?<\/h3>\n<p>Este complemento simplifica el proceso de a\u00f1adir funciones basadas en la ubicaci\u00f3n a sus formularios, mejorando la experiencia del usuario y el flujo de trabajo. Tanto si necesita capturar coordenadas precisas, mostrar mapas interactivos o calcular distancias para establecer precios, el complemento de geolocalizaci\u00f3n de Gravity Forms ofrece una flexibilidad y facilidad de uso inigualables. Su compatibilidad con otros plugins garantiza que se adapte perfectamente a su ecosistema de WordPress existente.<\/p>\n\n<h3>Mejore sus formularios hoy mismo<\/h3>\n<p>Transforme sus formularios Gravity Forms en potentes herramientas de localizaci\u00f3n con la herramienta <strong>Complemento de geolocalizaci\u00f3n de Gravity Forms<\/strong>. Desde la perfecta integraci\u00f3n con Google Maps hasta el geoetiquetado avanzado y el c\u00e1lculo de rutas, este plugin tiene todo lo que necesitas para crear formularios m\u00e1s inteligentes y atractivos. <strong>Obtenga ahora el complemento de geolocalizaci\u00f3n de Gravity Forms<\/strong> y lleve sus formularios al siguiente nivel.<\/p>\n\t\t\t\t\t<\/div>\n\t\t\t\t\t\t<\/div>\n\t\t\t\t<\/div>\n\t\t\t\t<\/div>\n\t\t\t\t<\/div>","protected":false},"excerpt":{"rendered":"<p>Gravity Forms Geolocation Addon: Power Up Your Forms with Location Features The Gravity Forms Geolocation Addon supercharges your Gravity Forms<\/p>","protected":false},"featured_media":7458,"comment_status":"open","ping_status":"closed","template":"","meta":{"_acf_changed":false},"product_brand":[],"product_cat":[49],"product_tag":[],"class_list":{"0":"post-7580","1":"product","2":"type-product","3":"status-publish","4":"has-post-thumbnail","6":"product_cat-plugins","8":"first","9":"instock","10":"sale","11":"downloadable","12":"shipping-taxable","13":"purchasable","14":"product-type-simple"},"acf":[],"yoast_head":"<!-- This site is optimized with the Yoast SEO Premium plugin v25.6 (Yoast SEO v27.1.1) - https:\/\/yoast.com\/product\/yoast-seo-premium-wordpress\/ -->\n<title>Gravity Forms Geolocation Addon - AllWin Theme \u2013 Free WordPress Themes Download<\/title>\n<meta name=\"description\" content=\"Enhance Gravity Forms with 6 geolocation fields, Google Maps integration, routes, and distance calculations for seamless location-based forms.\" \/>\n<meta name=\"robots\" content=\"index, follow, max-snippet:-1, max-image-preview:large, max-video-preview:-1\" \/>\n<link rel=\"canonical\" href=\"https:\/\/allwintheme.com\/es\/producto\/addon-de-geolocalizacion-para-gravity-forms\/\" \/>\n<meta property=\"og:locale\" content=\"es_ES\" \/>\n<meta property=\"og:type\" content=\"article\" \/>\n<meta property=\"og:title\" content=\"Gravity Forms Geolocation Addon\" \/>\n<meta property=\"og:description\" content=\"Enhance Gravity Forms with 6 geolocation fields, Google Maps integration, routes, and distance calculations for seamless location-based forms.\" \/>\n<meta property=\"og:url\" content=\"https:\/\/allwintheme.com\/es\/producto\/addon-de-geolocalizacion-para-gravity-forms\/\" \/>\n<meta property=\"og:site_name\" content=\"AllWin Theme \u2013 Free WordPress Themes Download\" \/>\n<meta property=\"article:modified_time\" content=\"2025-09-22T23:22:05+00:00\" \/>\n<meta property=\"og:image\" content=\"https:\/\/allwintheme.com\/wp-content\/uploads\/2025\/09\/9kc6tpq7.png\" \/>\n\t<meta property=\"og:image:width\" content=\"590\" \/>\n\t<meta property=\"og:image:height\" content=\"300\" \/>\n\t<meta property=\"og:image:type\" content=\"image\/png\" \/>\n<meta name=\"twitter:card\" content=\"summary_large_image\" \/>\n<meta name=\"twitter:label1\" content=\"Tiempo estimado de lectura\" \/>\n\t<meta name=\"twitter:data1\" content=\"3 minutos\" \/>\n<script type=\"application\/ld+json\" class=\"yoast-schema-graph\">{\"@context\":\"https:\/\/schema.org\",\"@graph\":[{\"@type\":\"WebPage\",\"@id\":\"https:\/\/allwintheme.com\/product\/gravity-forms-geolocation-addon\/\",\"url\":\"https:\/\/allwintheme.com\/product\/gravity-forms-geolocation-addon\/\",\"name\":\"Gravity Forms Geolocation Addon - AllWin Theme \u2013 Free WordPress Themes Download\",\"isPartOf\":{\"@id\":\"https:\/\/allwintheme.com\/#website\"},\"primaryImageOfPage\":{\"@id\":\"https:\/\/allwintheme.com\/product\/gravity-forms-geolocation-addon\/#primaryimage\"},\"image\":{\"@id\":\"https:\/\/allwintheme.com\/product\/gravity-forms-geolocation-addon\/#primaryimage\"},\"thumbnailUrl\":\"https:\/\/allwintheme.com\/wp-content\/uploads\/2025\/09\/9kc6tpq7.png\",\"datePublished\":\"2025-09-22T23:17:25+00:00\",\"dateModified\":\"2025-09-22T23:22:05+00:00\",\"description\":\"Enhance Gravity Forms with 6 geolocation fields, Google Maps integration, routes, and distance calculations for seamless location-based forms.\",\"breadcrumb\":{\"@id\":\"https:\/\/allwintheme.com\/product\/gravity-forms-geolocation-addon\/#breadcrumb\"},\"inLanguage\":\"es-CL\",\"potentialAction\":[{\"@type\":\"ReadAction\",\"target\":[\"https:\/\/allwintheme.com\/product\/gravity-forms-geolocation-addon\/\"]}]},{\"@type\":\"ImageObject\",\"inLanguage\":\"es-CL\",\"@id\":\"https:\/\/allwintheme.com\/product\/gravity-forms-geolocation-addon\/#primaryimage\",\"url\":\"https:\/\/allwintheme.com\/wp-content\/uploads\/2025\/09\/9kc6tpq7.png\",\"contentUrl\":\"https:\/\/allwintheme.com\/wp-content\/uploads\/2025\/09\/9kc6tpq7.png\",\"width\":590,\"height\":300,\"caption\":\"Gravity Forms Geolocation Addon\"},{\"@type\":\"BreadcrumbList\",\"@id\":\"https:\/\/allwintheme.com\/product\/gravity-forms-geolocation-addon\/#breadcrumb\",\"itemListElement\":[{\"@type\":\"ListItem\",\"position\":1,\"name\":\"Home\",\"item\":\"https:\/\/allwintheme.com\/\"},{\"@type\":\"ListItem\",\"position\":2,\"name\":\"Shop\",\"item\":\"https:\/\/allwintheme.com\/shop\/\"},{\"@type\":\"ListItem\",\"position\":3,\"name\":\"Gravity Forms Geolocation Addon\"}]},{\"@type\":\"WebSite\",\"@id\":\"https:\/\/allwintheme.com\/#website\",\"url\":\"https:\/\/allwintheme.com\/\",\"name\":\"Allwintheme\",\"description\":\"Download free WordPress themes for every niche. Blogs, business, eCommerce, portfolio, restaurant and more. All themes are GPL licensed and mobile-ready.\",\"potentialAction\":[{\"@type\":\"SearchAction\",\"target\":{\"@type\":\"EntryPoint\",\"urlTemplate\":\"https:\/\/allwintheme.com\/?s={search_term_string}\"},\"query-input\":{\"@type\":\"PropertyValueSpecification\",\"valueRequired\":true,\"valueName\":\"search_term_string\"}}],\"inLanguage\":\"es-CL\"}]}<\/script>\n<!-- \/ Yoast SEO Premium plugin. -->","yoast_head_json":{"title":"Gravity Forms Geolocation Addon - AllWin Theme \u2013 Free WordPress Themes Download","description":"Mejore Gravity Forms con 6 campos de geolocalizaci\u00f3n, integraci\u00f3n con Google Maps, rutas y c\u00e1lculos de distancia para obtener formularios basados en la ubicaci\u00f3n sin problemas.","robots":{"index":"index","follow":"follow","max-snippet":"max-snippet:-1","max-image-preview":"max-image-preview:large","max-video-preview":"max-video-preview:-1"},"canonical":"https:\/\/allwintheme.com\/es\/producto\/addon-de-geolocalizacion-para-gravity-forms\/","og_locale":"es_ES","og_type":"article","og_title":"Gravity Forms Geolocation Addon","og_description":"Enhance Gravity Forms with 6 geolocation fields, Google Maps integration, routes, and distance calculations for seamless location-based forms.","og_url":"https:\/\/allwintheme.com\/es\/producto\/addon-de-geolocalizacion-para-gravity-forms\/","og_site_name":"AllWin Theme \u2013 Free WordPress Themes Download","article_modified_time":"2025-09-22T23:22:05+00:00","og_image":[{"width":590,"height":300,"url":"https:\/\/allwintheme.com\/wp-content\/uploads\/2025\/09\/9kc6tpq7.png","type":"image\/png"}],"twitter_card":"summary_large_image","twitter_misc":{"Tiempo estimado de lectura":"3 minutos"},"schema":{"@context":"https:\/\/schema.org","@graph":[{"@type":"WebPage","@id":"https:\/\/allwintheme.com\/product\/gravity-forms-geolocation-addon\/","url":"https:\/\/allwintheme.com\/product\/gravity-forms-geolocation-addon\/","name":"Gravity Forms Geolocation Addon - AllWin Theme \u2013 Free WordPress Themes Download","isPartOf":{"@id":"https:\/\/allwintheme.com\/#website"},"primaryImageOfPage":{"@id":"https:\/\/allwintheme.com\/product\/gravity-forms-geolocation-addon\/#primaryimage"},"image":{"@id":"https:\/\/allwintheme.com\/product\/gravity-forms-geolocation-addon\/#primaryimage"},"thumbnailUrl":"https:\/\/allwintheme.com\/wp-content\/uploads\/2025\/09\/9kc6tpq7.png","datePublished":"2025-09-22T23:17:25+00:00","dateModified":"2025-09-22T23:22:05+00:00","description":"Mejore Gravity Forms con 6 campos de geolocalizaci\u00f3n, integraci\u00f3n con Google Maps, rutas y c\u00e1lculos de distancia para obtener formularios basados en la ubicaci\u00f3n sin problemas.","breadcrumb":{"@id":"https:\/\/allwintheme.com\/product\/gravity-forms-geolocation-addon\/#breadcrumb"},"inLanguage":"es-CL","potentialAction":[{"@type":"ReadAction","target":["https:\/\/allwintheme.com\/product\/gravity-forms-geolocation-addon\/"]}]},{"@type":"ImageObject","inLanguage":"es-CL","@id":"https:\/\/allwintheme.com\/product\/gravity-forms-geolocation-addon\/#primaryimage","url":"https:\/\/allwintheme.com\/wp-content\/uploads\/2025\/09\/9kc6tpq7.png","contentUrl":"https:\/\/allwintheme.com\/wp-content\/uploads\/2025\/09\/9kc6tpq7.png","width":590,"height":300,"caption":"Gravity Forms Geolocation Addon"},{"@type":"BreadcrumbList","@id":"https:\/\/allwintheme.com\/product\/gravity-forms-geolocation-addon\/#breadcrumb","itemListElement":[{"@type":"ListItem","position":1,"name":"Home","item":"https:\/\/allwintheme.com\/"},{"@type":"ListItem","position":2,"name":"Shop","item":"https:\/\/allwintheme.com\/shop\/"},{"@type":"ListItem","position":3,"name":"Gravity Forms Geolocation Addon"}]},{"@type":"WebSite","@id":"https:\/\/allwintheme.com\/#website","url":"https:\/\/allwintheme.com\/","name":"Allwintheme","description":"Descarga gratis temas de WordPress para todos los nichos. Blogs, negocios, comercio electr\u00f3nico, portafolio, restaurante y m\u00e1s. Todos los temas tienen licencia GPL y est\u00e1n preparados para dispositivos m\u00f3viles.","potentialAction":[{"@type":"SearchAction","target":{"@type":"EntryPoint","urlTemplate":"https:\/\/allwintheme.com\/?s={search_term_string}"},"query-input":{"@type":"PropertyValueSpecification","valueRequired":true,"valueName":"search_term_string"}}],"inLanguage":"es-CL"}]}},"_links":{"self":[{"href":"https:\/\/allwintheme.com\/es\/wp-json\/wp\/v2\/product\/7580","targetHints":{"allow":["GET"]}}],"collection":[{"href":"https:\/\/allwintheme.com\/es\/wp-json\/wp\/v2\/product"}],"about":[{"href":"https:\/\/allwintheme.com\/es\/wp-json\/wp\/v2\/types\/product"}],"replies":[{"embeddable":true,"href":"https:\/\/allwintheme.com\/es\/wp-json\/wp\/v2\/comments?post=7580"}],"version-history":[{"count":0,"href":"https:\/\/allwintheme.com\/es\/wp-json\/wp\/v2\/product\/7580\/revisions"}],"wp:featuredmedia":[{"embeddable":true,"href":"https:\/\/allwintheme.com\/es\/wp-json\/wp\/v2\/media\/7458"}],"wp:attachment":[{"href":"https:\/\/allwintheme.com\/es\/wp-json\/wp\/v2\/media?parent=7580"}],"wp:term":[{"taxonomy":"product_brand","embeddable":true,"href":"https:\/\/allwintheme.com\/es\/wp-json\/wp\/v2\/product_brand?post=7580"},{"taxonomy":"product_cat","embeddable":true,"href":"https:\/\/allwintheme.com\/es\/wp-json\/wp\/v2\/product_cat?post=7580"},{"taxonomy":"product_tag","embeddable":true,"href":"https:\/\/allwintheme.com\/es\/wp-json\/wp\/v2\/product_tag?post=7580"}],"curies":[{"name":"wp","href":"https:\/\/api.w.org\/{rel}","templated":true}]}}