{"id":7638,"date":"2025-09-23T08:33:19","date_gmt":"2025-09-23T08:33:19","guid":{"rendered":"https:\/\/allwintheme.com\/?post_type=product&#038;p=7638"},"modified":"2025-09-23T08:38:45","modified_gmt":"2025-09-23T08:38:45","slug":"ppom-pro-para-woocommerce","status":"publish","type":"product","link":"https:\/\/allwintheme.com\/es\/producto\/ppom-pro-para-woocommerce\/","title":{"rendered":"PPOM Pro para WooCommerce"},"content":{"rendered":"<div data-elementor-type=\"wp-post\" data-elementor-id=\"7638\" class=\"elementor elementor-7638\" data-elementor-settings=\"{&quot;element_pack_global_tooltip_width&quot;:{&quot;unit&quot;:&quot;px&quot;,&quot;size&quot;:&quot;&quot;,&quot;sizes&quot;:[]},&quot;element_pack_global_tooltip_width_tablet&quot;:{&quot;unit&quot;:&quot;px&quot;,&quot;size&quot;:&quot;&quot;,&quot;sizes&quot;:[]},&quot;element_pack_global_tooltip_width_mobile&quot;:{&quot;unit&quot;:&quot;px&quot;,&quot;size&quot;:&quot;&quot;,&quot;sizes&quot;:[]},&quot;element_pack_global_tooltip_padding&quot;:{&quot;unit&quot;:&quot;px&quot;,&quot;top&quot;:&quot;&quot;,&quot;right&quot;:&quot;&quot;,&quot;bottom&quot;:&quot;&quot;,&quot;left&quot;:&quot;&quot;,&quot;isLinked&quot;:true},&quot;element_pack_global_tooltip_padding_tablet&quot;:{&quot;unit&quot;:&quot;px&quot;,&quot;top&quot;:&quot;&quot;,&quot;right&quot;:&quot;&quot;,&quot;bottom&quot;:&quot;&quot;,&quot;left&quot;:&quot;&quot;,&quot;isLinked&quot;:true},&quot;element_pack_global_tooltip_padding_mobile&quot;:{&quot;unit&quot;:&quot;px&quot;,&quot;top&quot;:&quot;&quot;,&quot;right&quot;:&quot;&quot;,&quot;bottom&quot;:&quot;&quot;,&quot;left&quot;:&quot;&quot;,&quot;isLinked&quot;:true},&quot;element_pack_global_tooltip_border_radius&quot;:{&quot;unit&quot;:&quot;px&quot;,&quot;top&quot;:&quot;&quot;,&quot;right&quot;:&quot;&quot;,&quot;bottom&quot;:&quot;&quot;,&quot;left&quot;:&quot;&quot;,&quot;isLinked&quot;:true},&quot;element_pack_global_tooltip_border_radius_tablet&quot;:{&quot;unit&quot;:&quot;px&quot;,&quot;top&quot;:&quot;&quot;,&quot;right&quot;:&quot;&quot;,&quot;bottom&quot;:&quot;&quot;,&quot;left&quot;:&quot;&quot;,&quot;isLinked&quot;:true},&quot;element_pack_global_tooltip_border_radius_mobile&quot;:{&quot;unit&quot;:&quot;px&quot;,&quot;top&quot;:&quot;&quot;,&quot;right&quot;:&quot;&quot;,&quot;bottom&quot;:&quot;&quot;,&quot;left&quot;:&quot;&quot;,&quot;isLinked&quot;:true}}\" data-elementor-post-type=\"product\">\n\t\t\t\t<div class=\"elementor-element elementor-element-93aa4a8 e-con-full e-flex e-con e-parent\" data-id=\"93aa4a8\" data-element_type=\"container\" data-e-type=\"container\">\n\t\t\t\t<div class=\"elementor-element elementor-element-2c3f760 miaoshu elementor-widget elementor-widget-wd_text_block\" data-id=\"2c3f760\" data-element_type=\"widget\" data-e-type=\"widget\" data-widget_type=\"wd_text_block.default\">\n\t\t\t\t<div class=\"elementor-widget-container\">\n\t\t\t\t\t\t\t<div class=\"wd-text-block reset-last-child text-left\">\n\t\t\t\n\t\t\t<h2>PPOM Pro para WooCommerce: Personalizaci\u00f3n de productos Supercharge<\/h2>\n<p><strong>PPOM Pro para WooCommerce<\/strong> es la herramienta definitiva para elevar tu tienda online ofreciendo opciones avanzadas de personalizaci\u00f3n de productos. Con PPOM (Product Input Fields for WooCommerce), puedes a\u00f1adir sin problemas campos adicionales, cargas de archivos, selectores de im\u00e1genes y precios din\u00e1micos a tus productos, lo que facilita la creaci\u00f3n de una experiencia de compra a medida para tus clientes.<\/p>\n\n<h3>\u00bfPor qu\u00e9 elegir PPOM Pro?<\/h3>\n<p>Este potente plugin le permite mejorar su tienda WooCommerce con opciones de personalizaci\u00f3n flexibles, permitiendo a los clientes personalizar los productos a sus especificaciones exactas. Si usted est\u00e1 vendiendo mercanc\u00eda personalizada, servicios configurables, o bienes \u00fanicos, PPOM Pro simplifica el proceso manteniendo su tienda profesional y f\u00e1cil de usar.<\/p>\n\n<h3>Caracter\u00edsticas principales<\/h3>\n<ul>\n    <li><strong>Campos personalizados:<\/strong> A\u00f1ada entradas de texto, desplegables, casillas de verificaci\u00f3n y mucho m\u00e1s para recopilar informaci\u00f3n espec\u00edfica de los clientes.<\/li>\n    <li><strong>Carga de archivos:<\/strong> Permita a los clientes cargar archivos, como im\u00e1genes o documentos, directamente en sus pedidos.<\/li>\n    <li><strong>Selecci\u00f3n de im\u00e1genes:<\/strong> Permita a los clientes elegir entre im\u00e1genes predefinidas para una experiencia de personalizaci\u00f3n visual.<\/li>\n    <li><strong>Precios din\u00e1micos:<\/strong> Fijaci\u00f3n de precios para opciones personalizadas, garantizando c\u00e1lculos de costes precisos basados en las selecciones del cliente.<\/li>\n    <li><strong>Gesti\u00f3n de peso y existencias:<\/strong> Asigne pesos y niveles de existencias a las opciones personalizadas para un control preciso del inventario.<\/li>\n    <li><strong>Soporte vers\u00e1til de productos:<\/strong> Funciona con cualquier tipo de producto WooCommerce, desde productos simples a variables.<\/li>\n    <li><strong>Integraci\u00f3n perfecta:<\/strong> Totalmente compatible con WooCommerce para un funcionamiento fluido y fiable.<\/li>\n<\/ul>\n\n<h3>Cree una experiencia de compra \u00fanica<\/h3>\n<p>Con PPOM Pro, puede ofrecer a los clientes la posibilidad de personalizar los productos de la forma que mejor se adapte a su negocio. Desde la adici\u00f3n de texto personalizado hasta la carga de archivos de dise\u00f1o o la selecci\u00f3n de im\u00e1genes espec\u00edficas, este plugin te permite crear una experiencia de compra totalmente personalizable que impulsa el compromiso y aumenta las ventas.<\/p>\n\n<h3>Consiga PPOM Pro hoy mismo<\/h3>\n<p>Lleva tu tienda WooCommerce al siguiente nivel con <strong>PPOM Pro<\/strong>. Ofrezca a sus clientes una flexibilidad sin precedentes y haga que sus productos destaquen con opciones a medida. \u00a1Empiece a personalizar hoy mismo!<\/p>\n\t\t\t\t\t<\/div>\n\t\t\t\t\t\t<\/div>\n\t\t\t\t<\/div>\n\t\t\t\t<\/div>\n\t\t\t\t<\/div>","protected":false},"excerpt":{"rendered":"<p>PPOM Pro for WooCommerce: Supercharge Product Customization PPOM Pro for WooCommerce is the ultimate tool to elevate your online store<\/p>","protected":false},"featured_media":7467,"comment_status":"open","ping_status":"closed","template":"","meta":{"_acf_changed":false},"product_brand":[],"product_cat":[49],"product_tag":[],"class_list":{"0":"post-7638","1":"product","2":"type-product","3":"status-publish","4":"has-post-thumbnail","6":"product_cat-plugins","8":"first","9":"instock","10":"sale","11":"downloadable","12":"shipping-taxable","13":"purchasable","14":"product-type-simple"},"acf":[],"yoast_head":"<!-- This site is optimized with the Yoast SEO Premium plugin v25.6 (Yoast SEO v27.1.1) - https:\/\/yoast.com\/product\/yoast-seo-premium-wordpress\/ -->\n<title>PPOM Pro for WooCommerce - AllWin Theme \u2013 Free WordPress Themes Download<\/title>\n<meta name=\"description\" content=\"Enhance your WooCommerce store with PPOM Pro. Add custom fields, file uploads, image selectors, and pricing options for personalized products.\" \/>\n<meta name=\"robots\" content=\"index, follow, max-snippet:-1, max-image-preview:large, max-video-preview:-1\" \/>\n<link rel=\"canonical\" href=\"https:\/\/allwintheme.com\/es\/producto\/ppom-pro-para-woocommerce\/\" \/>\n<meta property=\"og:locale\" content=\"es_ES\" \/>\n<meta property=\"og:type\" content=\"article\" \/>\n<meta property=\"og:title\" content=\"PPOM Pro for WooCommerce\" \/>\n<meta property=\"og:description\" content=\"Enhance your WooCommerce store with PPOM Pro. Add custom fields, file uploads, image selectors, and pricing options for personalized products.\" \/>\n<meta property=\"og:url\" content=\"https:\/\/allwintheme.com\/es\/producto\/ppom-pro-para-woocommerce\/\" \/>\n<meta property=\"og:site_name\" content=\"AllWin Theme \u2013 Free WordPress Themes Download\" \/>\n<meta property=\"article:modified_time\" content=\"2025-09-23T08:38:45+00:00\" \/>\n<meta property=\"og:image\" content=\"https:\/\/allwintheme.com\/wp-content\/uploads\/2025\/09\/orger9lp.png\" \/>\n\t<meta property=\"og:image:width\" content=\"768\" \/>\n\t<meta property=\"og:image:height\" content=\"249\" \/>\n\t<meta property=\"og:image:type\" content=\"image\/png\" \/>\n<meta name=\"twitter:card\" content=\"summary_large_image\" \/>\n<meta name=\"twitter:label1\" content=\"Tiempo estimado de lectura\" \/>\n\t<meta name=\"twitter:data1\" content=\"2 minutos\" \/>\n<script type=\"application\/ld+json\" class=\"yoast-schema-graph\">{\"@context\":\"https:\/\/schema.org\",\"@graph\":[{\"@type\":\"WebPage\",\"@id\":\"https:\/\/allwintheme.com\/product\/ppom-pro-for-woocommerce\/\",\"url\":\"https:\/\/allwintheme.com\/product\/ppom-pro-for-woocommerce\/\",\"name\":\"PPOM Pro for WooCommerce - AllWin Theme \u2013 Free WordPress Themes Download\",\"isPartOf\":{\"@id\":\"https:\/\/allwintheme.com\/#website\"},\"primaryImageOfPage\":{\"@id\":\"https:\/\/allwintheme.com\/product\/ppom-pro-for-woocommerce\/#primaryimage\"},\"image\":{\"@id\":\"https:\/\/allwintheme.com\/product\/ppom-pro-for-woocommerce\/#primaryimage\"},\"thumbnailUrl\":\"https:\/\/allwintheme.com\/wp-content\/uploads\/2025\/09\/orger9lp.png\",\"datePublished\":\"2025-09-23T08:33:19+00:00\",\"dateModified\":\"2025-09-23T08:38:45+00:00\",\"description\":\"Enhance your WooCommerce store with PPOM Pro. Add custom fields, file uploads, image selectors, and pricing options for personalized products.\",\"breadcrumb\":{\"@id\":\"https:\/\/allwintheme.com\/product\/ppom-pro-for-woocommerce\/#breadcrumb\"},\"inLanguage\":\"es-CL\",\"potentialAction\":[{\"@type\":\"ReadAction\",\"target\":[\"https:\/\/allwintheme.com\/product\/ppom-pro-for-woocommerce\/\"]}]},{\"@type\":\"ImageObject\",\"inLanguage\":\"es-CL\",\"@id\":\"https:\/\/allwintheme.com\/product\/ppom-pro-for-woocommerce\/#primaryimage\",\"url\":\"https:\/\/allwintheme.com\/wp-content\/uploads\/2025\/09\/orger9lp.png\",\"contentUrl\":\"https:\/\/allwintheme.com\/wp-content\/uploads\/2025\/09\/orger9lp.png\",\"width\":768,\"height\":249,\"caption\":\"PPOM Pro for WooCommerce\"},{\"@type\":\"BreadcrumbList\",\"@id\":\"https:\/\/allwintheme.com\/product\/ppom-pro-for-woocommerce\/#breadcrumb\",\"itemListElement\":[{\"@type\":\"ListItem\",\"position\":1,\"name\":\"Home\",\"item\":\"https:\/\/allwintheme.com\/\"},{\"@type\":\"ListItem\",\"position\":2,\"name\":\"Shop\",\"item\":\"https:\/\/allwintheme.com\/shop\/\"},{\"@type\":\"ListItem\",\"position\":3,\"name\":\"PPOM Pro for WooCommerce\"}]},{\"@type\":\"WebSite\",\"@id\":\"https:\/\/allwintheme.com\/#website\",\"url\":\"https:\/\/allwintheme.com\/\",\"name\":\"Allwintheme\",\"description\":\"Download free WordPress themes for every niche. Blogs, business, eCommerce, portfolio, restaurant and more. All themes are GPL licensed and mobile-ready.\",\"potentialAction\":[{\"@type\":\"SearchAction\",\"target\":{\"@type\":\"EntryPoint\",\"urlTemplate\":\"https:\/\/allwintheme.com\/?s={search_term_string}\"},\"query-input\":{\"@type\":\"PropertyValueSpecification\",\"valueRequired\":true,\"valueName\":\"search_term_string\"}}],\"inLanguage\":\"es-CL\"}]}<\/script>\n<!-- \/ Yoast SEO Premium plugin. -->","yoast_head_json":{"title":"PPOM Pro for WooCommerce - AllWin Theme \u2013 Free WordPress Themes Download","description":"Mejora tu tienda WooCommerce con PPOM Pro. A\u00f1ade campos personalizados, carga de archivos, selectores de im\u00e1genes y opciones de precios para productos personalizados.","robots":{"index":"index","follow":"follow","max-snippet":"max-snippet:-1","max-image-preview":"max-image-preview:large","max-video-preview":"max-video-preview:-1"},"canonical":"https:\/\/allwintheme.com\/es\/producto\/ppom-pro-para-woocommerce\/","og_locale":"es_ES","og_type":"article","og_title":"PPOM Pro for WooCommerce","og_description":"Enhance your WooCommerce store with PPOM Pro. Add custom fields, file uploads, image selectors, and pricing options for personalized products.","og_url":"https:\/\/allwintheme.com\/es\/producto\/ppom-pro-para-woocommerce\/","og_site_name":"AllWin Theme \u2013 Free WordPress Themes Download","article_modified_time":"2025-09-23T08:38:45+00:00","og_image":[{"width":768,"height":249,"url":"https:\/\/allwintheme.com\/wp-content\/uploads\/2025\/09\/orger9lp.png","type":"image\/png"}],"twitter_card":"summary_large_image","twitter_misc":{"Tiempo estimado de lectura":"2 minutos"},"schema":{"@context":"https:\/\/schema.org","@graph":[{"@type":"WebPage","@id":"https:\/\/allwintheme.com\/product\/ppom-pro-for-woocommerce\/","url":"https:\/\/allwintheme.com\/product\/ppom-pro-for-woocommerce\/","name":"PPOM Pro for WooCommerce - AllWin Theme \u2013 Free WordPress Themes Download","isPartOf":{"@id":"https:\/\/allwintheme.com\/#website"},"primaryImageOfPage":{"@id":"https:\/\/allwintheme.com\/product\/ppom-pro-for-woocommerce\/#primaryimage"},"image":{"@id":"https:\/\/allwintheme.com\/product\/ppom-pro-for-woocommerce\/#primaryimage"},"thumbnailUrl":"https:\/\/allwintheme.com\/wp-content\/uploads\/2025\/09\/orger9lp.png","datePublished":"2025-09-23T08:33:19+00:00","dateModified":"2025-09-23T08:38:45+00:00","description":"Mejora tu tienda WooCommerce con PPOM Pro. A\u00f1ade campos personalizados, carga de archivos, selectores de im\u00e1genes y opciones de precios para productos personalizados.","breadcrumb":{"@id":"https:\/\/allwintheme.com\/product\/ppom-pro-for-woocommerce\/#breadcrumb"},"inLanguage":"es-CL","potentialAction":[{"@type":"ReadAction","target":["https:\/\/allwintheme.com\/product\/ppom-pro-for-woocommerce\/"]}]},{"@type":"ImageObject","inLanguage":"es-CL","@id":"https:\/\/allwintheme.com\/product\/ppom-pro-for-woocommerce\/#primaryimage","url":"https:\/\/allwintheme.com\/wp-content\/uploads\/2025\/09\/orger9lp.png","contentUrl":"https:\/\/allwintheme.com\/wp-content\/uploads\/2025\/09\/orger9lp.png","width":768,"height":249,"caption":"PPOM Pro for WooCommerce"},{"@type":"BreadcrumbList","@id":"https:\/\/allwintheme.com\/product\/ppom-pro-for-woocommerce\/#breadcrumb","itemListElement":[{"@type":"ListItem","position":1,"name":"Home","item":"https:\/\/allwintheme.com\/"},{"@type":"ListItem","position":2,"name":"Shop","item":"https:\/\/allwintheme.com\/shop\/"},{"@type":"ListItem","position":3,"name":"PPOM Pro for WooCommerce"}]},{"@type":"WebSite","@id":"https:\/\/allwintheme.com\/#website","url":"https:\/\/allwintheme.com\/","name":"Allwintheme","description":"Descarga gratis temas de WordPress para todos los nichos. Blogs, negocios, comercio electr\u00f3nico, portafolio, restaurante y m\u00e1s. Todos los temas tienen licencia GPL y est\u00e1n preparados para dispositivos m\u00f3viles.","potentialAction":[{"@type":"SearchAction","target":{"@type":"EntryPoint","urlTemplate":"https:\/\/allwintheme.com\/?s={search_term_string}"},"query-input":{"@type":"PropertyValueSpecification","valueRequired":true,"valueName":"search_term_string"}}],"inLanguage":"es-CL"}]}},"_links":{"self":[{"href":"https:\/\/allwintheme.com\/es\/wp-json\/wp\/v2\/product\/7638","targetHints":{"allow":["GET"]}}],"collection":[{"href":"https:\/\/allwintheme.com\/es\/wp-json\/wp\/v2\/product"}],"about":[{"href":"https:\/\/allwintheme.com\/es\/wp-json\/wp\/v2\/types\/product"}],"replies":[{"embeddable":true,"href":"https:\/\/allwintheme.com\/es\/wp-json\/wp\/v2\/comments?post=7638"}],"version-history":[{"count":0,"href":"https:\/\/allwintheme.com\/es\/wp-json\/wp\/v2\/product\/7638\/revisions"}],"wp:featuredmedia":[{"embeddable":true,"href":"https:\/\/allwintheme.com\/es\/wp-json\/wp\/v2\/media\/7467"}],"wp:attachment":[{"href":"https:\/\/allwintheme.com\/es\/wp-json\/wp\/v2\/media?parent=7638"}],"wp:term":[{"taxonomy":"product_brand","embeddable":true,"href":"https:\/\/allwintheme.com\/es\/wp-json\/wp\/v2\/product_brand?post=7638"},{"taxonomy":"product_cat","embeddable":true,"href":"https:\/\/allwintheme.com\/es\/wp-json\/wp\/v2\/product_cat?post=7638"},{"taxonomy":"product_tag","embeddable":true,"href":"https:\/\/allwintheme.com\/es\/wp-json\/wp\/v2\/product_tag?post=7638"}],"curies":[{"name":"wp","href":"https:\/\/api.w.org\/{rel}","templated":true}]}}