{"id":7698,"date":"2025-09-23T11:28:32","date_gmt":"2025-09-23T11:28:32","guid":{"rendered":"https:\/\/allwintheme.com\/?post_type=product&#038;p=7698"},"modified":"2025-09-23T11:42:58","modified_gmt":"2025-09-23T11:42:58","slug":"tabla-de-precios-por-niveles-para-woocommerce","status":"publish","type":"product","link":"https:\/\/allwintheme.com\/es\/producto\/tabla-de-precios-por-niveles-para-woocommerce\/","title":{"rendered":"Tabla de precios por niveles para WooCommerce"},"content":{"rendered":"<div data-elementor-type=\"wp-post\" data-elementor-id=\"7698\" class=\"elementor elementor-7698\" data-elementor-settings=\"{&quot;element_pack_global_tooltip_width&quot;:{&quot;unit&quot;:&quot;px&quot;,&quot;size&quot;:&quot;&quot;,&quot;sizes&quot;:[]},&quot;element_pack_global_tooltip_width_tablet&quot;:{&quot;unit&quot;:&quot;px&quot;,&quot;size&quot;:&quot;&quot;,&quot;sizes&quot;:[]},&quot;element_pack_global_tooltip_width_mobile&quot;:{&quot;unit&quot;:&quot;px&quot;,&quot;size&quot;:&quot;&quot;,&quot;sizes&quot;:[]},&quot;element_pack_global_tooltip_padding&quot;:{&quot;unit&quot;:&quot;px&quot;,&quot;top&quot;:&quot;&quot;,&quot;right&quot;:&quot;&quot;,&quot;bottom&quot;:&quot;&quot;,&quot;left&quot;:&quot;&quot;,&quot;isLinked&quot;:true},&quot;element_pack_global_tooltip_padding_tablet&quot;:{&quot;unit&quot;:&quot;px&quot;,&quot;top&quot;:&quot;&quot;,&quot;right&quot;:&quot;&quot;,&quot;bottom&quot;:&quot;&quot;,&quot;left&quot;:&quot;&quot;,&quot;isLinked&quot;:true},&quot;element_pack_global_tooltip_padding_mobile&quot;:{&quot;unit&quot;:&quot;px&quot;,&quot;top&quot;:&quot;&quot;,&quot;right&quot;:&quot;&quot;,&quot;bottom&quot;:&quot;&quot;,&quot;left&quot;:&quot;&quot;,&quot;isLinked&quot;:true},&quot;element_pack_global_tooltip_border_radius&quot;:{&quot;unit&quot;:&quot;px&quot;,&quot;top&quot;:&quot;&quot;,&quot;right&quot;:&quot;&quot;,&quot;bottom&quot;:&quot;&quot;,&quot;left&quot;:&quot;&quot;,&quot;isLinked&quot;:true},&quot;element_pack_global_tooltip_border_radius_tablet&quot;:{&quot;unit&quot;:&quot;px&quot;,&quot;top&quot;:&quot;&quot;,&quot;right&quot;:&quot;&quot;,&quot;bottom&quot;:&quot;&quot;,&quot;left&quot;:&quot;&quot;,&quot;isLinked&quot;:true},&quot;element_pack_global_tooltip_border_radius_mobile&quot;:{&quot;unit&quot;:&quot;px&quot;,&quot;top&quot;:&quot;&quot;,&quot;right&quot;:&quot;&quot;,&quot;bottom&quot;:&quot;&quot;,&quot;left&quot;:&quot;&quot;,&quot;isLinked&quot;:true}}\" data-elementor-post-type=\"product\">\n\t\t\t\t<div class=\"elementor-element elementor-element-93aa4a8 e-con-full e-flex e-con e-parent\" data-id=\"93aa4a8\" data-element_type=\"container\" data-e-type=\"container\">\n\t\t\t\t<div class=\"elementor-element elementor-element-2c3f760 miaoshu elementor-widget elementor-widget-wd_text_block\" data-id=\"2c3f760\" data-element_type=\"widget\" data-e-type=\"widget\" data-widget_type=\"wd_text_block.default\">\n\t\t\t\t<div class=\"elementor-widget-container\">\n\t\t\t\t\t\t\t<div class=\"wd-text-block reset-last-child text-left\">\n\t\t\t\n\t\t\t<h2>Tabla de Precios por Niveles para WooCommerce: Maximice las ventas con precios din\u00e1micos<\/h2>\n<p>En <strong>Tabla de precios por niveles para WooCommerce<\/strong> potencia su tienda en l\u00ednea ofreciendo precios flexibles basados en la cantidad y descuentos espec\u00edficos por rol de usuario. Perfecto para mayoristas, minoristas o empresas que buscan incentivar las compras al por mayor, este plugin le permite crear estrategias de precios a medida que impulsan las conversiones y mejoran la experiencia de compra.<\/p>\n\n<h3>\u00bfPor qu\u00e9 elegir la tabla de precios escalonados?<\/h3>\n<p>Con este plugin, puede configurar sin esfuerzo precios din\u00e1micos basados en cantidades de productos o roles de clientes. Muestra tablas de precios claras y profesionales en las p\u00e1ginas de tus productos para mostrar a los clientes c\u00f3mo cambian los precios en funci\u00f3n de las cantidades seleccionadas.<\/p>\n\n<h3>Caracter\u00edsticas principales<\/h3>\n<ul>\n    <li><strong>Opciones de precios flexibles:<\/strong> Establezca precios fijos o descuentos basados en porcentajes para rangos de cantidad espec\u00edficos.<\/li>\n    <li><strong>Precios basados en la funci\u00f3n del usuario:<\/strong> Personalice los precios para distintos roles de usuario, como mayoristas o clientes VIP.<\/li>\n    <li><strong>Normas de precios combinados:<\/strong> Combine precios basados en cantidades y en funciones de usuario para obtener la m\u00e1xima flexibilidad.<\/li>\n    <li><strong>Actualizaci\u00f3n autom\u00e1tica de precios:<\/strong> Los precios se ajustan din\u00e1micamente a medida que los clientes seleccionan distintas cantidades.<\/li>\n    <li><strong>Tabla de precios personalizable:<\/strong> Muestre una elegante tabla de precios en las p\u00e1ginas de productos con control total sobre su apariencia.<\/li>\n    <li><strong>Colocaci\u00f3n flexible de la mesa:<\/strong> Elija d\u00f3nde mostrar la tabla de precios y el bloque de resumen en las p\u00e1ginas de productos.<\/li>\n    <li><strong>Soporte de producto variable:<\/strong> Cree tablas de precios individuales para cada variaci\u00f3n de producto.<\/li>\n    <li><strong>Opci\u00f3n de bloque resumen:<\/strong> Muestre un resumen de totales o sustituya el precio est\u00e1ndar del producto por precios escalonados.<\/li>\n    <li><strong>Coherencia en todo el sitio:<\/strong> Las reglas de fijaci\u00f3n de precios se aplican sin problemas a todas las p\u00e1ginas de productos, cat\u00e1logos y widgets.<\/li>\n    <li><strong>Compatibilidad de temas:<\/strong> Se adapta autom\u00e1ticamente a los estilos de su tema para lograr un aspecto cohesionado.<\/li>\n    <li><strong>Soporte de importaci\u00f3n\/exportaci\u00f3n:<\/strong> Funciona con la importaci\u00f3n\/exportaci\u00f3n est\u00e1ndar de WooCommerce y WP All Import para una f\u00e1cil configuraci\u00f3n.<\/li>\n<\/ul>\n\n<h3>Aumente las conversiones con precios transparentes<\/h3>\n<p>El plugin de tabla de precios por niveles facilita la creaci\u00f3n de estrategias de precios adaptadas a su p\u00fablico, ya sean compradores individuales o masivos. Su configuraci\u00f3n intuitiva y su compatibilidad con productos variables garantizan una experiencia perfecta tanto para ti como para tus clientes. Personaliza el dise\u00f1o de la tabla para que se adapte a tu marca y col\u00f3cala estrat\u00e9gicamente para fomentar la participaci\u00f3n.<\/p>\n\n<h3>Empiece hoy mismo<\/h3>\n<p>Eleve su tienda WooCommerce con el <strong>Tabla de precios por niveles para WooCommerce<\/strong>. Fomente las compras m\u00e1s grandes, recompense a los clientes fieles y aumente sus ventas con esta potente soluci\u00f3n de precios. <strong>Comprar ahora<\/strong> \u00a1y tome el control de su estrategia de precios!<\/p>\n\t\t\t\t\t<\/div>\n\t\t\t\t\t\t<\/div>\n\t\t\t\t<\/div>\n\t\t\t\t<\/div>\n\t\t\t\t<\/div>","protected":false},"excerpt":{"rendered":"<p>Tiered Pricing Table for WooCommerce: Maximize Sales with Dynamic Pricing The Tiered Pricing Table for WooCommerce plugin empowers your online<\/p>","protected":false},"featured_media":7672,"comment_status":"open","ping_status":"closed","template":"","meta":{"_acf_changed":false},"product_brand":[],"product_cat":[49],"product_tag":[],"class_list":{"0":"post-7698","1":"product","2":"type-product","3":"status-publish","4":"has-post-thumbnail","6":"product_cat-plugins","8":"first","9":"instock","10":"sale","11":"downloadable","12":"shipping-taxable","13":"purchasable","14":"product-type-simple"},"acf":[],"yoast_head":"<!-- This site is optimized with the Yoast SEO Premium plugin v25.6 (Yoast SEO v27.1.1) - https:\/\/yoast.com\/product\/yoast-seo-premium-wordpress\/ -->\n<title>Tiered Pricing Table for WooCommerce - AllWin Theme \u2013 Free WordPress Themes Download<\/title>\n<meta name=\"description\" content=\"Boost sales with dynamic tiered pricing for WooCommerce. Set quantity-based prices or user role discounts with a customizable pricing table.\" \/>\n<meta name=\"robots\" content=\"index, follow, max-snippet:-1, max-image-preview:large, max-video-preview:-1\" \/>\n<link rel=\"canonical\" href=\"https:\/\/allwintheme.com\/es\/producto\/tabla-de-precios-por-niveles-para-woocommerce\/\" \/>\n<meta property=\"og:locale\" content=\"es_ES\" \/>\n<meta property=\"og:type\" content=\"article\" \/>\n<meta property=\"og:title\" content=\"Tiered Pricing Table for WooCommerce\" \/>\n<meta property=\"og:description\" content=\"Boost sales with dynamic tiered pricing for WooCommerce. Set quantity-based prices or user role discounts with a customizable pricing table.\" \/>\n<meta property=\"og:url\" content=\"https:\/\/allwintheme.com\/es\/producto\/tabla-de-precios-por-niveles-para-woocommerce\/\" \/>\n<meta property=\"og:site_name\" content=\"AllWin Theme \u2013 Free WordPress Themes Download\" \/>\n<meta property=\"article:modified_time\" content=\"2025-09-23T11:42:58+00:00\" \/>\n<meta property=\"og:image\" content=\"https:\/\/allwintheme.com\/wp-content\/uploads\/2025\/09\/qzpob7ds.png\" \/>\n\t<meta property=\"og:image:width\" content=\"590\" \/>\n\t<meta property=\"og:image:height\" content=\"300\" \/>\n\t<meta property=\"og:image:type\" content=\"image\/png\" \/>\n<meta name=\"twitter:card\" content=\"summary_large_image\" \/>\n<meta name=\"twitter:label1\" content=\"Tiempo estimado de lectura\" \/>\n\t<meta name=\"twitter:data1\" content=\"3 minutos\" \/>\n<script type=\"application\/ld+json\" class=\"yoast-schema-graph\">{\"@context\":\"https:\/\/schema.org\",\"@graph\":[{\"@type\":\"WebPage\",\"@id\":\"https:\/\/allwintheme.com\/product\/tiered-pricing-table-for-woocommerce\/\",\"url\":\"https:\/\/allwintheme.com\/product\/tiered-pricing-table-for-woocommerce\/\",\"name\":\"Tiered Pricing Table for WooCommerce - AllWin Theme \u2013 Free WordPress Themes Download\",\"isPartOf\":{\"@id\":\"https:\/\/allwintheme.com\/#website\"},\"primaryImageOfPage\":{\"@id\":\"https:\/\/allwintheme.com\/product\/tiered-pricing-table-for-woocommerce\/#primaryimage\"},\"image\":{\"@id\":\"https:\/\/allwintheme.com\/product\/tiered-pricing-table-for-woocommerce\/#primaryimage\"},\"thumbnailUrl\":\"https:\/\/allwintheme.com\/wp-content\/uploads\/2025\/09\/qzpob7ds.png\",\"datePublished\":\"2025-09-23T11:28:32+00:00\",\"dateModified\":\"2025-09-23T11:42:58+00:00\",\"description\":\"Boost sales with dynamic tiered pricing for WooCommerce. Set quantity-based prices or user role discounts with a customizable pricing table.\",\"breadcrumb\":{\"@id\":\"https:\/\/allwintheme.com\/product\/tiered-pricing-table-for-woocommerce\/#breadcrumb\"},\"inLanguage\":\"es-CL\",\"potentialAction\":[{\"@type\":\"ReadAction\",\"target\":[\"https:\/\/allwintheme.com\/product\/tiered-pricing-table-for-woocommerce\/\"]}]},{\"@type\":\"ImageObject\",\"inLanguage\":\"es-CL\",\"@id\":\"https:\/\/allwintheme.com\/product\/tiered-pricing-table-for-woocommerce\/#primaryimage\",\"url\":\"https:\/\/allwintheme.com\/wp-content\/uploads\/2025\/09\/qzpob7ds.png\",\"contentUrl\":\"https:\/\/allwintheme.com\/wp-content\/uploads\/2025\/09\/qzpob7ds.png\",\"width\":590,\"height\":300,\"caption\":\"Tiered Pricing Table for WooCommerce\"},{\"@type\":\"BreadcrumbList\",\"@id\":\"https:\/\/allwintheme.com\/product\/tiered-pricing-table-for-woocommerce\/#breadcrumb\",\"itemListElement\":[{\"@type\":\"ListItem\",\"position\":1,\"name\":\"Home\",\"item\":\"https:\/\/allwintheme.com\/\"},{\"@type\":\"ListItem\",\"position\":2,\"name\":\"Shop\",\"item\":\"https:\/\/allwintheme.com\/shop\/\"},{\"@type\":\"ListItem\",\"position\":3,\"name\":\"Tiered Pricing Table for WooCommerce\"}]},{\"@type\":\"WebSite\",\"@id\":\"https:\/\/allwintheme.com\/#website\",\"url\":\"https:\/\/allwintheme.com\/\",\"name\":\"Allwintheme\",\"description\":\"Download free WordPress themes for every niche. Blogs, business, eCommerce, portfolio, restaurant and more. All themes are GPL licensed and mobile-ready.\",\"potentialAction\":[{\"@type\":\"SearchAction\",\"target\":{\"@type\":\"EntryPoint\",\"urlTemplate\":\"https:\/\/allwintheme.com\/?s={search_term_string}\"},\"query-input\":{\"@type\":\"PropertyValueSpecification\",\"valueRequired\":true,\"valueName\":\"search_term_string\"}}],\"inLanguage\":\"es-CL\"}]}<\/script>\n<!-- \/ Yoast SEO Premium plugin. -->","yoast_head_json":{"title":"Tabla de precios por niveles para WooCommerce - AllWin Theme - Free WordPress Themes Download","description":"Aumenta las ventas con precios din\u00e1micos por niveles para WooCommerce. Establece precios por cantidad o descuentos por rol de usuario con una tabla de precios personalizable.","robots":{"index":"index","follow":"follow","max-snippet":"max-snippet:-1","max-image-preview":"max-image-preview:large","max-video-preview":"max-video-preview:-1"},"canonical":"https:\/\/allwintheme.com\/es\/producto\/tabla-de-precios-por-niveles-para-woocommerce\/","og_locale":"es_ES","og_type":"article","og_title":"Tiered Pricing Table for WooCommerce","og_description":"Boost sales with dynamic tiered pricing for WooCommerce. Set quantity-based prices or user role discounts with a customizable pricing table.","og_url":"https:\/\/allwintheme.com\/es\/producto\/tabla-de-precios-por-niveles-para-woocommerce\/","og_site_name":"AllWin Theme \u2013 Free WordPress Themes Download","article_modified_time":"2025-09-23T11:42:58+00:00","og_image":[{"width":590,"height":300,"url":"https:\/\/allwintheme.com\/wp-content\/uploads\/2025\/09\/qzpob7ds.png","type":"image\/png"}],"twitter_card":"summary_large_image","twitter_misc":{"Tiempo estimado de lectura":"3 minutos"},"schema":{"@context":"https:\/\/schema.org","@graph":[{"@type":"WebPage","@id":"https:\/\/allwintheme.com\/product\/tiered-pricing-table-for-woocommerce\/","url":"https:\/\/allwintheme.com\/product\/tiered-pricing-table-for-woocommerce\/","name":"Tabla de precios por niveles para WooCommerce - AllWin Theme - Free WordPress Themes Download","isPartOf":{"@id":"https:\/\/allwintheme.com\/#website"},"primaryImageOfPage":{"@id":"https:\/\/allwintheme.com\/product\/tiered-pricing-table-for-woocommerce\/#primaryimage"},"image":{"@id":"https:\/\/allwintheme.com\/product\/tiered-pricing-table-for-woocommerce\/#primaryimage"},"thumbnailUrl":"https:\/\/allwintheme.com\/wp-content\/uploads\/2025\/09\/qzpob7ds.png","datePublished":"2025-09-23T11:28:32+00:00","dateModified":"2025-09-23T11:42:58+00:00","description":"Aumenta las ventas con precios din\u00e1micos por niveles para WooCommerce. Establece precios por cantidad o descuentos por rol de usuario con una tabla de precios personalizable.","breadcrumb":{"@id":"https:\/\/allwintheme.com\/product\/tiered-pricing-table-for-woocommerce\/#breadcrumb"},"inLanguage":"es-CL","potentialAction":[{"@type":"ReadAction","target":["https:\/\/allwintheme.com\/product\/tiered-pricing-table-for-woocommerce\/"]}]},{"@type":"ImageObject","inLanguage":"es-CL","@id":"https:\/\/allwintheme.com\/product\/tiered-pricing-table-for-woocommerce\/#primaryimage","url":"https:\/\/allwintheme.com\/wp-content\/uploads\/2025\/09\/qzpob7ds.png","contentUrl":"https:\/\/allwintheme.com\/wp-content\/uploads\/2025\/09\/qzpob7ds.png","width":590,"height":300,"caption":"Tiered Pricing Table for WooCommerce"},{"@type":"BreadcrumbList","@id":"https:\/\/allwintheme.com\/product\/tiered-pricing-table-for-woocommerce\/#breadcrumb","itemListElement":[{"@type":"ListItem","position":1,"name":"Home","item":"https:\/\/allwintheme.com\/"},{"@type":"ListItem","position":2,"name":"Shop","item":"https:\/\/allwintheme.com\/shop\/"},{"@type":"ListItem","position":3,"name":"Tiered Pricing Table for WooCommerce"}]},{"@type":"WebSite","@id":"https:\/\/allwintheme.com\/#website","url":"https:\/\/allwintheme.com\/","name":"Allwintheme","description":"Descarga gratis temas de WordPress para todos los nichos. Blogs, negocios, comercio electr\u00f3nico, portafolio, restaurante y m\u00e1s. Todos los temas tienen licencia GPL y est\u00e1n preparados para dispositivos m\u00f3viles.","potentialAction":[{"@type":"SearchAction","target":{"@type":"EntryPoint","urlTemplate":"https:\/\/allwintheme.com\/?s={search_term_string}"},"query-input":{"@type":"PropertyValueSpecification","valueRequired":true,"valueName":"search_term_string"}}],"inLanguage":"es-CL"}]}},"_links":{"self":[{"href":"https:\/\/allwintheme.com\/es\/wp-json\/wp\/v2\/product\/7698","targetHints":{"allow":["GET"]}}],"collection":[{"href":"https:\/\/allwintheme.com\/es\/wp-json\/wp\/v2\/product"}],"about":[{"href":"https:\/\/allwintheme.com\/es\/wp-json\/wp\/v2\/types\/product"}],"replies":[{"embeddable":true,"href":"https:\/\/allwintheme.com\/es\/wp-json\/wp\/v2\/comments?post=7698"}],"version-history":[{"count":0,"href":"https:\/\/allwintheme.com\/es\/wp-json\/wp\/v2\/product\/7698\/revisions"}],"wp:featuredmedia":[{"embeddable":true,"href":"https:\/\/allwintheme.com\/es\/wp-json\/wp\/v2\/media\/7672"}],"wp:attachment":[{"href":"https:\/\/allwintheme.com\/es\/wp-json\/wp\/v2\/media?parent=7698"}],"wp:term":[{"taxonomy":"product_brand","embeddable":true,"href":"https:\/\/allwintheme.com\/es\/wp-json\/wp\/v2\/product_brand?post=7698"},{"taxonomy":"product_cat","embeddable":true,"href":"https:\/\/allwintheme.com\/es\/wp-json\/wp\/v2\/product_cat?post=7698"},{"taxonomy":"product_tag","embeddable":true,"href":"https:\/\/allwintheme.com\/es\/wp-json\/wp\/v2\/product_tag?post=7698"}],"curies":[{"name":"wp","href":"https:\/\/api.w.org\/{rel}","templated":true}]}}