{"id":7701,"date":"2025-09-23T11:28:36","date_gmt":"2025-09-23T11:28:36","guid":{"rendered":"https:\/\/allwintheme.com\/?post_type=product&#038;p=7701"},"modified":"2025-09-23T11:56:17","modified_gmt":"2025-09-23T11:56:17","slug":"addon-de-formularios-personalizados-booknetic","status":"publish","type":"product","link":"https:\/\/allwintheme.com\/es\/producto\/addon-de-formularios-personalizados-booknetic\/","title":{"rendered":"Complemento de formularios personalizados Booknetic"},"content":{"rendered":"<div data-elementor-type=\"wp-post\" data-elementor-id=\"7701\" class=\"elementor elementor-7701\" data-elementor-settings=\"{&quot;element_pack_global_tooltip_width&quot;:{&quot;unit&quot;:&quot;px&quot;,&quot;size&quot;:&quot;&quot;,&quot;sizes&quot;:[]},&quot;element_pack_global_tooltip_width_tablet&quot;:{&quot;unit&quot;:&quot;px&quot;,&quot;size&quot;:&quot;&quot;,&quot;sizes&quot;:[]},&quot;element_pack_global_tooltip_width_mobile&quot;:{&quot;unit&quot;:&quot;px&quot;,&quot;size&quot;:&quot;&quot;,&quot;sizes&quot;:[]},&quot;element_pack_global_tooltip_padding&quot;:{&quot;unit&quot;:&quot;px&quot;,&quot;top&quot;:&quot;&quot;,&quot;right&quot;:&quot;&quot;,&quot;bottom&quot;:&quot;&quot;,&quot;left&quot;:&quot;&quot;,&quot;isLinked&quot;:true},&quot;element_pack_global_tooltip_padding_tablet&quot;:{&quot;unit&quot;:&quot;px&quot;,&quot;top&quot;:&quot;&quot;,&quot;right&quot;:&quot;&quot;,&quot;bottom&quot;:&quot;&quot;,&quot;left&quot;:&quot;&quot;,&quot;isLinked&quot;:true},&quot;element_pack_global_tooltip_padding_mobile&quot;:{&quot;unit&quot;:&quot;px&quot;,&quot;top&quot;:&quot;&quot;,&quot;right&quot;:&quot;&quot;,&quot;bottom&quot;:&quot;&quot;,&quot;left&quot;:&quot;&quot;,&quot;isLinked&quot;:true},&quot;element_pack_global_tooltip_border_radius&quot;:{&quot;unit&quot;:&quot;px&quot;,&quot;top&quot;:&quot;&quot;,&quot;right&quot;:&quot;&quot;,&quot;bottom&quot;:&quot;&quot;,&quot;left&quot;:&quot;&quot;,&quot;isLinked&quot;:true},&quot;element_pack_global_tooltip_border_radius_tablet&quot;:{&quot;unit&quot;:&quot;px&quot;,&quot;top&quot;:&quot;&quot;,&quot;right&quot;:&quot;&quot;,&quot;bottom&quot;:&quot;&quot;,&quot;left&quot;:&quot;&quot;,&quot;isLinked&quot;:true},&quot;element_pack_global_tooltip_border_radius_mobile&quot;:{&quot;unit&quot;:&quot;px&quot;,&quot;top&quot;:&quot;&quot;,&quot;right&quot;:&quot;&quot;,&quot;bottom&quot;:&quot;&quot;,&quot;left&quot;:&quot;&quot;,&quot;isLinked&quot;:true}}\" data-elementor-post-type=\"product\">\n\t\t\t\t<div class=\"elementor-element elementor-element-93aa4a8 e-con-full e-flex e-con e-parent\" data-id=\"93aa4a8\" data-element_type=\"container\" data-e-type=\"container\">\n\t\t\t\t<div class=\"elementor-element elementor-element-2c3f760 miaoshu elementor-widget elementor-widget-wd_text_block\" data-id=\"2c3f760\" data-element_type=\"widget\" data-e-type=\"widget\" data-widget_type=\"wd_text_block.default\">\n\t\t\t\t<div class=\"elementor-widget-container\">\n\t\t\t\t\t\t\t<div class=\"wd-text-block reset-last-child text-left\">\n\t\t\t\n\t\t\t<h2>Complemento de formularios personalizados Booknetic: Adapte su experiencia de reserva<\/h2>\n<p>En <strong>Complemento de formularios personalizados Booknetic<\/strong> es una potente extensi\u00f3n para el plugin de reservas de citas de Booknetic WordPress, que le permite recopilar informaci\u00f3n esencial del cliente durante el proceso de reserva. Gracias a su intuitivo generador de formularios, podr\u00e1s crear campos personalizados sin necesidad de codificaci\u00f3n, lo que garantizar\u00e1 que tu empresa recopile exactamente lo que necesita, desde requisitos especiales hasta la carga de documentos, al tiempo que mantiene el proceso fluido y profesional.<\/p>\n\n<h3>Construcci\u00f3n de formularios sin esfuerzo<\/h3>\n<p>Dise\u00f1e formularios din\u00e1micos mediante un constructor multifunci\u00f3n repleto de tipos de entrada vers\u00e1tiles. Asigne formularios \u00fanicos a servicios espec\u00edficos, configure campos condicionales para una recopilaci\u00f3n de datos m\u00e1s inteligente e integre sin problemas las respuestas en los flujos de trabajo de Booknetic para realizar seguimientos automatizados como notificaciones o recordatorios. Se trata de hacer sus reservas m\u00e1s eficientes y personalizadas.<\/p>\n\n<h3>Caracter\u00edsticas principales<\/h3>\n<ul>\n    <li><strong>Tipos de campo vers\u00e1tiles:<\/strong> A\u00f1ada entradas de texto, desplegables, casillas de verificaci\u00f3n, n\u00fameros de tel\u00e9fono, correos electr\u00f3nicos, enlaces, cargas de archivos y mucho m\u00e1s para capturar informaci\u00f3n detallada, como enlaces a redes sociales o solicitudes especiales.<\/li>\n    <li><strong>Compatibilidad con m\u00faltiples formularios:<\/strong> Cree y gestione diferentes formularios simult\u00e1neamente, asign\u00e1ndolos a varios servicios para la recogida selectiva de datos.<\/li>\n    <li><strong>L\u00f3gica condicional:<\/strong> Muestre u oculte campos en funci\u00f3n de las respuestas del usuario para obtener un flujo de reservas \u00e1gil y relevante.<\/li>\n    <li><strong>Integraci\u00f3n del flujo de trabajo:<\/strong> Utilice autom\u00e1ticamente los datos de los formularios en procesos automatizados, como el env\u00edo de notificaciones a correos electr\u00f3nicos o tel\u00e9fonos adicionales.<\/li>\n    <li><strong>Gesti\u00f3n f\u00e1cil para el administrador:<\/strong> Revise los env\u00edos f\u00e1cilmente en su panel de Booknetic, en las secciones Citas o Calendario.<\/li>\n    <li><strong>Totalmente personalizable:<\/strong> No necesita HTML ni c\u00f3digo: constr\u00fayalo todo a trav\u00e9s de una interfaz sencilla y repleta de elementos.<\/li>\n<\/ul>\n\n<h3>\u00bfPor qu\u00e9 a\u00f1adir formularios personalizados a Booknetic?<\/h3>\n<p>Este complemento transforma las reservas est\u00e1ndar en interacciones personalizadas, perfectas para empresas de servicios como salones de belleza, asesor\u00edas o consultas m\u00e9dicas. Al recopilar datos precisos por adelantado, se reducen los problemas de seguimiento y aumenta la satisfacci\u00f3n del cliente. Adem\u00e1s, se integra a la perfecci\u00f3n con el dise\u00f1o adaptable de Booknetic, por lo que funciona perfectamente en cualquier dispositivo.<\/p>\n\n<h3>Agilice sus citas hoy mismo<\/h3>\n<p>Controle los datos de sus reservas con el <strong>Complemento de formularios personalizados Booknetic<\/strong>. Es la forma m\u00e1s sencilla de personalizar su panel de control, recopilar lo que importa y automatizar el resto. \u00bfListo para hacer sus reservas m\u00e1s inteligentes? A\u00f1\u00e1dalo ahora a su configuraci\u00f3n de Booknetic.<\/p>\n\t\t\t\t\t<\/div>\n\t\t\t\t\t\t<\/div>\n\t\t\t\t<\/div>\n\t\t\t\t<\/div>\n\t\t\t\t<\/div>","protected":false},"excerpt":{"rendered":"<p>Booknetic Custom Forms Addon: Tailor Your Booking Experience The Booknetic Custom Forms Addon is a powerful extension for the Booknetic<\/p>","protected":false},"featured_media":7675,"comment_status":"open","ping_status":"closed","template":"","meta":{"_acf_changed":false},"product_brand":[],"product_cat":[49],"product_tag":[],"class_list":{"0":"post-7701","1":"product","2":"type-product","3":"status-publish","4":"has-post-thumbnail","6":"product_cat-plugins","8":"first","9":"instock","10":"sale","11":"downloadable","12":"shipping-taxable","13":"purchasable","14":"product-type-simple"},"acf":[],"yoast_head":"<!-- This site is optimized with the Yoast SEO Premium plugin v25.6 (Yoast SEO v27.1.1) - https:\/\/yoast.com\/product\/yoast-seo-premium-wordpress\/ -->\n<title>Booknetic Custom Forms Addon - AllWin Theme \u2013 Free WordPress Themes Download<\/title>\n<meta name=\"description\" content=\"Enhance your Booknetic bookings with custom forms. Build flexible fields for customer data, integrate with workflows, and tailor to services\u2014no coding needed.\" \/>\n<meta name=\"robots\" content=\"index, follow, max-snippet:-1, max-image-preview:large, max-video-preview:-1\" \/>\n<link rel=\"canonical\" href=\"https:\/\/allwintheme.com\/es\/producto\/addon-de-formularios-personalizados-booknetic\/\" \/>\n<meta property=\"og:locale\" content=\"es_ES\" \/>\n<meta property=\"og:type\" content=\"article\" \/>\n<meta property=\"og:title\" content=\"Booknetic Custom Forms Addon\" \/>\n<meta property=\"og:description\" content=\"Enhance your Booknetic bookings with custom forms. Build flexible fields for customer data, integrate with workflows, and tailor to services\u2014no coding needed.\" \/>\n<meta property=\"og:url\" content=\"https:\/\/allwintheme.com\/es\/producto\/addon-de-formularios-personalizados-booknetic\/\" \/>\n<meta property=\"og:site_name\" content=\"AllWin Theme \u2013 Free WordPress Themes Download\" \/>\n<meta property=\"article:modified_time\" content=\"2025-09-23T11:56:17+00:00\" \/>\n<meta property=\"og:image\" content=\"https:\/\/allwintheme.com\/wp-content\/uploads\/2025\/09\/7jcdkxyq.png\" \/>\n\t<meta property=\"og:image:width\" content=\"590\" \/>\n\t<meta property=\"og:image:height\" content=\"300\" \/>\n\t<meta property=\"og:image:type\" content=\"image\/png\" \/>\n<meta name=\"twitter:card\" content=\"summary_large_image\" \/>\n<meta name=\"twitter:label1\" content=\"Tiempo estimado de lectura\" \/>\n\t<meta name=\"twitter:data1\" content=\"2 minutos\" \/>\n<script type=\"application\/ld+json\" class=\"yoast-schema-graph\">{\"@context\":\"https:\/\/schema.org\",\"@graph\":[{\"@type\":\"WebPage\",\"@id\":\"https:\/\/allwintheme.com\/product\/booknetic-custom-forms-addon\/\",\"url\":\"https:\/\/allwintheme.com\/product\/booknetic-custom-forms-addon\/\",\"name\":\"Booknetic Custom Forms Addon - AllWin Theme \u2013 Free WordPress Themes Download\",\"isPartOf\":{\"@id\":\"https:\/\/allwintheme.com\/#website\"},\"primaryImageOfPage\":{\"@id\":\"https:\/\/allwintheme.com\/product\/booknetic-custom-forms-addon\/#primaryimage\"},\"image\":{\"@id\":\"https:\/\/allwintheme.com\/product\/booknetic-custom-forms-addon\/#primaryimage\"},\"thumbnailUrl\":\"https:\/\/allwintheme.com\/wp-content\/uploads\/2025\/09\/7jcdkxyq.png\",\"datePublished\":\"2025-09-23T11:28:36+00:00\",\"dateModified\":\"2025-09-23T11:56:17+00:00\",\"description\":\"Enhance your Booknetic bookings with custom forms. Build flexible fields for customer data, integrate with workflows, and tailor to services\u2014no coding needed.\",\"breadcrumb\":{\"@id\":\"https:\/\/allwintheme.com\/product\/booknetic-custom-forms-addon\/#breadcrumb\"},\"inLanguage\":\"es-CL\",\"potentialAction\":[{\"@type\":\"ReadAction\",\"target\":[\"https:\/\/allwintheme.com\/product\/booknetic-custom-forms-addon\/\"]}]},{\"@type\":\"ImageObject\",\"inLanguage\":\"es-CL\",\"@id\":\"https:\/\/allwintheme.com\/product\/booknetic-custom-forms-addon\/#primaryimage\",\"url\":\"https:\/\/allwintheme.com\/wp-content\/uploads\/2025\/09\/7jcdkxyq.png\",\"contentUrl\":\"https:\/\/allwintheme.com\/wp-content\/uploads\/2025\/09\/7jcdkxyq.png\",\"width\":590,\"height\":300,\"caption\":\"Booknetic Custom Forms Addon\"},{\"@type\":\"BreadcrumbList\",\"@id\":\"https:\/\/allwintheme.com\/product\/booknetic-custom-forms-addon\/#breadcrumb\",\"itemListElement\":[{\"@type\":\"ListItem\",\"position\":1,\"name\":\"Home\",\"item\":\"https:\/\/allwintheme.com\/\"},{\"@type\":\"ListItem\",\"position\":2,\"name\":\"Shop\",\"item\":\"https:\/\/allwintheme.com\/shop\/\"},{\"@type\":\"ListItem\",\"position\":3,\"name\":\"Booknetic Custom Forms Addon\"}]},{\"@type\":\"WebSite\",\"@id\":\"https:\/\/allwintheme.com\/#website\",\"url\":\"https:\/\/allwintheme.com\/\",\"name\":\"Allwintheme\",\"description\":\"Download free WordPress themes for every niche. Blogs, business, eCommerce, portfolio, restaurant and more. All themes are GPL licensed and mobile-ready.\",\"potentialAction\":[{\"@type\":\"SearchAction\",\"target\":{\"@type\":\"EntryPoint\",\"urlTemplate\":\"https:\/\/allwintheme.com\/?s={search_term_string}\"},\"query-input\":{\"@type\":\"PropertyValueSpecification\",\"valueRequired\":true,\"valueName\":\"search_term_string\"}}],\"inLanguage\":\"es-CL\"}]}<\/script>\n<!-- \/ Yoast SEO Premium plugin. -->","yoast_head_json":{"title":"Booknetic Custom Forms Addon - AllWin Theme - Free WordPress Themes Download","description":"Mejore sus reservas Booknetic con formularios personalizados. Cree campos flexibles para los datos de los clientes, int\u00e9grelos con flujos de trabajo y ad\u00e1ptelos a los servicios, sin necesidad de codificaci\u00f3n.","robots":{"index":"index","follow":"follow","max-snippet":"max-snippet:-1","max-image-preview":"max-image-preview:large","max-video-preview":"max-video-preview:-1"},"canonical":"https:\/\/allwintheme.com\/es\/producto\/addon-de-formularios-personalizados-booknetic\/","og_locale":"es_ES","og_type":"article","og_title":"Booknetic Custom Forms Addon","og_description":"Enhance your Booknetic bookings with custom forms. Build flexible fields for customer data, integrate with workflows, and tailor to services\u2014no coding needed.","og_url":"https:\/\/allwintheme.com\/es\/producto\/addon-de-formularios-personalizados-booknetic\/","og_site_name":"AllWin Theme \u2013 Free WordPress Themes Download","article_modified_time":"2025-09-23T11:56:17+00:00","og_image":[{"width":590,"height":300,"url":"https:\/\/allwintheme.com\/wp-content\/uploads\/2025\/09\/7jcdkxyq.png","type":"image\/png"}],"twitter_card":"summary_large_image","twitter_misc":{"Tiempo estimado de lectura":"2 minutos"},"schema":{"@context":"https:\/\/schema.org","@graph":[{"@type":"WebPage","@id":"https:\/\/allwintheme.com\/product\/booknetic-custom-forms-addon\/","url":"https:\/\/allwintheme.com\/product\/booknetic-custom-forms-addon\/","name":"Booknetic Custom Forms Addon - AllWin Theme - Free WordPress Themes Download","isPartOf":{"@id":"https:\/\/allwintheme.com\/#website"},"primaryImageOfPage":{"@id":"https:\/\/allwintheme.com\/product\/booknetic-custom-forms-addon\/#primaryimage"},"image":{"@id":"https:\/\/allwintheme.com\/product\/booknetic-custom-forms-addon\/#primaryimage"},"thumbnailUrl":"https:\/\/allwintheme.com\/wp-content\/uploads\/2025\/09\/7jcdkxyq.png","datePublished":"2025-09-23T11:28:36+00:00","dateModified":"2025-09-23T11:56:17+00:00","description":"Mejore sus reservas Booknetic con formularios personalizados. Cree campos flexibles para los datos de los clientes, int\u00e9grelos con flujos de trabajo y ad\u00e1ptelos a los servicios, sin necesidad de codificaci\u00f3n.","breadcrumb":{"@id":"https:\/\/allwintheme.com\/product\/booknetic-custom-forms-addon\/#breadcrumb"},"inLanguage":"es-CL","potentialAction":[{"@type":"ReadAction","target":["https:\/\/allwintheme.com\/product\/booknetic-custom-forms-addon\/"]}]},{"@type":"ImageObject","inLanguage":"es-CL","@id":"https:\/\/allwintheme.com\/product\/booknetic-custom-forms-addon\/#primaryimage","url":"https:\/\/allwintheme.com\/wp-content\/uploads\/2025\/09\/7jcdkxyq.png","contentUrl":"https:\/\/allwintheme.com\/wp-content\/uploads\/2025\/09\/7jcdkxyq.png","width":590,"height":300,"caption":"Booknetic Custom Forms Addon"},{"@type":"BreadcrumbList","@id":"https:\/\/allwintheme.com\/product\/booknetic-custom-forms-addon\/#breadcrumb","itemListElement":[{"@type":"ListItem","position":1,"name":"Home","item":"https:\/\/allwintheme.com\/"},{"@type":"ListItem","position":2,"name":"Shop","item":"https:\/\/allwintheme.com\/shop\/"},{"@type":"ListItem","position":3,"name":"Booknetic Custom Forms Addon"}]},{"@type":"WebSite","@id":"https:\/\/allwintheme.com\/#website","url":"https:\/\/allwintheme.com\/","name":"Allwintheme","description":"Descarga gratis temas de WordPress para todos los nichos. Blogs, negocios, comercio electr\u00f3nico, portafolio, restaurante y m\u00e1s. Todos los temas tienen licencia GPL y est\u00e1n preparados para dispositivos m\u00f3viles.","potentialAction":[{"@type":"SearchAction","target":{"@type":"EntryPoint","urlTemplate":"https:\/\/allwintheme.com\/?s={search_term_string}"},"query-input":{"@type":"PropertyValueSpecification","valueRequired":true,"valueName":"search_term_string"}}],"inLanguage":"es-CL"}]}},"_links":{"self":[{"href":"https:\/\/allwintheme.com\/es\/wp-json\/wp\/v2\/product\/7701","targetHints":{"allow":["GET"]}}],"collection":[{"href":"https:\/\/allwintheme.com\/es\/wp-json\/wp\/v2\/product"}],"about":[{"href":"https:\/\/allwintheme.com\/es\/wp-json\/wp\/v2\/types\/product"}],"replies":[{"embeddable":true,"href":"https:\/\/allwintheme.com\/es\/wp-json\/wp\/v2\/comments?post=7701"}],"version-history":[{"count":0,"href":"https:\/\/allwintheme.com\/es\/wp-json\/wp\/v2\/product\/7701\/revisions"}],"wp:featuredmedia":[{"embeddable":true,"href":"https:\/\/allwintheme.com\/es\/wp-json\/wp\/v2\/media\/7675"}],"wp:attachment":[{"href":"https:\/\/allwintheme.com\/es\/wp-json\/wp\/v2\/media?parent=7701"}],"wp:term":[{"taxonomy":"product_brand","embeddable":true,"href":"https:\/\/allwintheme.com\/es\/wp-json\/wp\/v2\/product_brand?post=7701"},{"taxonomy":"product_cat","embeddable":true,"href":"https:\/\/allwintheme.com\/es\/wp-json\/wp\/v2\/product_cat?post=7701"},{"taxonomy":"product_tag","embeddable":true,"href":"https:\/\/allwintheme.com\/es\/wp-json\/wp\/v2\/product_tag?post=7701"}],"curies":[{"name":"wp","href":"https:\/\/api.w.org\/{rel}","templated":true}]}}