{"id":7702,"date":"2025-09-23T11:28:37","date_gmt":"2025-09-23T11:28:37","guid":{"rendered":"https:\/\/allwintheme.com\/?post_type=product&#038;p=7702"},"modified":"2025-09-23T11:33:40","modified_gmt":"2025-09-23T11:33:40","slug":"exportacion-avanzada-de-pedidos-para-woocommerce-pro","status":"publish","type":"product","link":"https:\/\/allwintheme.com\/es\/producto\/exportacion-avanzada-de-pedidos-para-woocommerce-pro\/","title":{"rendered":"Exportaci\u00f3n avanzada de pedidos para WooCommerce Pro"},"content":{"rendered":"<div data-elementor-type=\"wp-post\" data-elementor-id=\"7702\" class=\"elementor elementor-7702\" data-elementor-settings=\"{&quot;element_pack_global_tooltip_width&quot;:{&quot;unit&quot;:&quot;px&quot;,&quot;size&quot;:&quot;&quot;,&quot;sizes&quot;:[]},&quot;element_pack_global_tooltip_width_tablet&quot;:{&quot;unit&quot;:&quot;px&quot;,&quot;size&quot;:&quot;&quot;,&quot;sizes&quot;:[]},&quot;element_pack_global_tooltip_width_mobile&quot;:{&quot;unit&quot;:&quot;px&quot;,&quot;size&quot;:&quot;&quot;,&quot;sizes&quot;:[]},&quot;element_pack_global_tooltip_padding&quot;:{&quot;unit&quot;:&quot;px&quot;,&quot;top&quot;:&quot;&quot;,&quot;right&quot;:&quot;&quot;,&quot;bottom&quot;:&quot;&quot;,&quot;left&quot;:&quot;&quot;,&quot;isLinked&quot;:true},&quot;element_pack_global_tooltip_padding_tablet&quot;:{&quot;unit&quot;:&quot;px&quot;,&quot;top&quot;:&quot;&quot;,&quot;right&quot;:&quot;&quot;,&quot;bottom&quot;:&quot;&quot;,&quot;left&quot;:&quot;&quot;,&quot;isLinked&quot;:true},&quot;element_pack_global_tooltip_padding_mobile&quot;:{&quot;unit&quot;:&quot;px&quot;,&quot;top&quot;:&quot;&quot;,&quot;right&quot;:&quot;&quot;,&quot;bottom&quot;:&quot;&quot;,&quot;left&quot;:&quot;&quot;,&quot;isLinked&quot;:true},&quot;element_pack_global_tooltip_border_radius&quot;:{&quot;unit&quot;:&quot;px&quot;,&quot;top&quot;:&quot;&quot;,&quot;right&quot;:&quot;&quot;,&quot;bottom&quot;:&quot;&quot;,&quot;left&quot;:&quot;&quot;,&quot;isLinked&quot;:true},&quot;element_pack_global_tooltip_border_radius_tablet&quot;:{&quot;unit&quot;:&quot;px&quot;,&quot;top&quot;:&quot;&quot;,&quot;right&quot;:&quot;&quot;,&quot;bottom&quot;:&quot;&quot;,&quot;left&quot;:&quot;&quot;,&quot;isLinked&quot;:true},&quot;element_pack_global_tooltip_border_radius_mobile&quot;:{&quot;unit&quot;:&quot;px&quot;,&quot;top&quot;:&quot;&quot;,&quot;right&quot;:&quot;&quot;,&quot;bottom&quot;:&quot;&quot;,&quot;left&quot;:&quot;&quot;,&quot;isLinked&quot;:true}}\" data-elementor-post-type=\"product\">\n\t\t\t\t<div class=\"elementor-element elementor-element-93aa4a8 e-con-full e-flex e-con e-parent\" data-id=\"93aa4a8\" data-element_type=\"container\" data-e-type=\"container\">\n\t\t\t\t<div class=\"elementor-element elementor-element-2c3f760 miaoshu elementor-widget elementor-widget-wd_text_block\" data-id=\"2c3f760\" data-element_type=\"widget\" data-e-type=\"widget\" data-widget_type=\"wd_text_block.default\">\n\t\t\t\t<div class=\"elementor-widget-container\">\n\t\t\t\t\t\t\t<div class=\"wd-text-block reset-last-child text-left\">\n\t\t\t\n\t\t\t<h2>Exportaci\u00f3n avanzada de pedidos para WooCommerce Pro: Agilice sus exportaciones de datos<\/h2>\n<p>En <strong>Exportaci\u00f3n avanzada de pedidos para WooCommerce Pro<\/strong> es una potente herramienta dise\u00f1ada para exportar datos de pedidos de WooCommerce sin esfuerzo y de forma eficiente. Ya sea que necesite exportar campos personalizados vinculados a pedidos, productos o cupones, este plugin ofrece una flexibilidad inigualable con soporte para m\u00faltiples formatos, incluyendo CSV, XLS, XML y JSON.<\/p>\n\n<h3>\u00bfPor qu\u00e9 elegir Advanced Order Export Pro?<\/h3>\n<p>Este plugin premium simplifica las complejas tareas de exportaci\u00f3n de datos, ahorr\u00e1ndote tiempo y garantizando que los datos de los pedidos de tu tienda WooCommerce est\u00e9n organizados y accesibles. Con funciones intuitivas y opciones de exportaci\u00f3n vers\u00e1tiles, es la soluci\u00f3n perfecta para propietarios de tiendas, desarrolladores y analistas de datos que buscan agilizar sus flujos de trabajo.<\/p>\n\n<h3>Caracter\u00edsticas principales<\/h3>\n<ul>\n    <li><strong>M\u00faltiples perfiles de exportaci\u00f3n:<\/strong> Crea y guarda varios perfiles de exportaci\u00f3n adaptados a tus necesidades espec\u00edficas.<\/li>\n    <li><strong>Exportaci\u00f3n selectiva de pedidos:<\/strong> Exporta pedidos espec\u00edficos directamente desde la p\u00e1gina de Pedidos de WooCommerce usando Acciones Masivas.<\/li>\n    <li><strong>Exportaciones activadas por estado:<\/strong> Exporte autom\u00e1ticamente los pedidos nuevos o actualizados en cuanto cambie su estado.<\/li>\n    <li><strong>Horario flexible:<\/strong> Configure exportaciones basadas en d\u00edas laborables, intervalos de tiempo (cada hora, cada d\u00eda, etc.), fechas concretas o expresiones cron.<\/li>\n    <li><strong>M\u00faltiples destinos de exportaci\u00f3n:<\/strong> Env\u00eda los datos exportados a correo electr\u00f3nico, FTP, SFTP, URL HTTP, carpetas de servidor o int\u00e9gralos con Zapier para almacenamiento en la nube como Google Drive o Dropbox, y plataformas CRM.<\/li>\n    <li><strong>Amplio soporte de datos:<\/strong> Exporte f\u00e1cilmente cualquier campo personalizado asociado a pedidos, productos o cupones.<\/li>\n<\/ul>\n\n<h3>Gesti\u00f3n de datos eficaz y vers\u00e1til<\/h3>\n<p>Con <strong>Exportaci\u00f3n avanzada de pedidos para WooCommerce Pro<\/strong>con WooCommerce, obtienes un control total sobre las exportaciones de datos de WooCommerce. Ya se trate de generar informes, sincronizar datos con sistemas externos o automatizar flujos de trabajo, este plugin proporciona las herramientas necesarias para hacerlo a la perfecci\u00f3n. Su interfaz f\u00e1cil de usar y su s\u00f3lido conjunto de funciones garantizan que la gesti\u00f3n y exportaci\u00f3n de datos de pedidos sea eficiente y c\u00f3moda.<\/p>\n\n<h3>Toma el control de los datos de tu WooCommerce<\/h3>\n<p>Mejora la gesti\u00f3n de datos de tu tienda WooCommerce con <strong>Exportaci\u00f3n avanzada de pedidos para WooCommerce Pro<\/strong>. Simplifique las exportaciones, automatice los procesos e int\u00e9grelos con sus plataformas favoritas hoy mismo.<\/p>\n\t\t\t\t\t<\/div>\n\t\t\t\t\t\t<\/div>\n\t\t\t\t<\/div>\n\t\t\t\t<\/div>\n\t\t\t\t<\/div>","protected":false},"excerpt":{"rendered":"<p>Advanced Order Export For WooCommerce Pro: Streamline Your Data Exports The Advanced Order Export For WooCommerce Pro plugin is a<\/p>","protected":false},"featured_media":7670,"comment_status":"open","ping_status":"closed","template":"","meta":{"_acf_changed":false},"product_brand":[],"product_cat":[49],"product_tag":[],"class_list":{"0":"post-7702","1":"product","2":"type-product","3":"status-publish","4":"has-post-thumbnail","6":"product_cat-plugins","8":"first","9":"instock","10":"sale","11":"downloadable","12":"shipping-taxable","13":"purchasable","14":"product-type-simple"},"acf":[],"yoast_head":"<!-- This site is optimized with the Yoast SEO Premium plugin v25.6 (Yoast SEO v27.1.1) - https:\/\/yoast.com\/product\/yoast-seo-premium-wordpress\/ -->\n<title>Advanced Order Export For WooCommerce Pro - AllWin Theme \u2013 Free WordPress Themes Download<\/title>\n<meta name=\"description\" content=\"Simplify WooCommerce order data export with Advanced Order Export Pro. Export custom fields in CSV, XLS, XML, or JSON to multiple destinations.\" \/>\n<meta name=\"robots\" content=\"index, follow, max-snippet:-1, max-image-preview:large, max-video-preview:-1\" \/>\n<link rel=\"canonical\" href=\"https:\/\/allwintheme.com\/es\/producto\/exportacion-avanzada-de-pedidos-para-woocommerce-pro\/\" \/>\n<meta property=\"og:locale\" content=\"es_ES\" \/>\n<meta property=\"og:type\" content=\"article\" \/>\n<meta property=\"og:title\" content=\"Advanced Order Export For WooCommerce Pro\" \/>\n<meta property=\"og:description\" content=\"Simplify WooCommerce order data export with Advanced Order Export Pro. Export custom fields in CSV, XLS, XML, or JSON to multiple destinations.\" \/>\n<meta property=\"og:url\" content=\"https:\/\/allwintheme.com\/es\/producto\/exportacion-avanzada-de-pedidos-para-woocommerce-pro\/\" \/>\n<meta property=\"og:site_name\" content=\"AllWin Theme \u2013 Free WordPress Themes Download\" \/>\n<meta property=\"article:modified_time\" content=\"2025-09-23T11:33:40+00:00\" \/>\n<meta property=\"og:image\" content=\"https:\/\/allwintheme.com\/wp-content\/uploads\/2025\/09\/4mohowjg.png\" \/>\n\t<meta property=\"og:image:width\" content=\"590\" \/>\n\t<meta property=\"og:image:height\" content=\"300\" \/>\n\t<meta property=\"og:image:type\" content=\"image\/png\" \/>\n<meta name=\"twitter:card\" content=\"summary_large_image\" \/>\n<meta name=\"twitter:label1\" content=\"Tiempo estimado de lectura\" \/>\n\t<meta name=\"twitter:data1\" content=\"2 minutos\" \/>\n<script type=\"application\/ld+json\" class=\"yoast-schema-graph\">{\"@context\":\"https:\/\/schema.org\",\"@graph\":[{\"@type\":\"WebPage\",\"@id\":\"https:\/\/allwintheme.com\/product\/advanced-order-export-for-woocommerce-pro\/\",\"url\":\"https:\/\/allwintheme.com\/product\/advanced-order-export-for-woocommerce-pro\/\",\"name\":\"Advanced Order Export For WooCommerce Pro - AllWin Theme \u2013 Free WordPress Themes Download\",\"isPartOf\":{\"@id\":\"https:\/\/allwintheme.com\/#website\"},\"primaryImageOfPage\":{\"@id\":\"https:\/\/allwintheme.com\/product\/advanced-order-export-for-woocommerce-pro\/#primaryimage\"},\"image\":{\"@id\":\"https:\/\/allwintheme.com\/product\/advanced-order-export-for-woocommerce-pro\/#primaryimage\"},\"thumbnailUrl\":\"https:\/\/allwintheme.com\/wp-content\/uploads\/2025\/09\/4mohowjg.png\",\"datePublished\":\"2025-09-23T11:28:37+00:00\",\"dateModified\":\"2025-09-23T11:33:40+00:00\",\"description\":\"Simplify WooCommerce order data export with Advanced Order Export Pro. Export custom fields in CSV, XLS, XML, or JSON to multiple destinations.\",\"breadcrumb\":{\"@id\":\"https:\/\/allwintheme.com\/product\/advanced-order-export-for-woocommerce-pro\/#breadcrumb\"},\"inLanguage\":\"es-CL\",\"potentialAction\":[{\"@type\":\"ReadAction\",\"target\":[\"https:\/\/allwintheme.com\/product\/advanced-order-export-for-woocommerce-pro\/\"]}]},{\"@type\":\"ImageObject\",\"inLanguage\":\"es-CL\",\"@id\":\"https:\/\/allwintheme.com\/product\/advanced-order-export-for-woocommerce-pro\/#primaryimage\",\"url\":\"https:\/\/allwintheme.com\/wp-content\/uploads\/2025\/09\/4mohowjg.png\",\"contentUrl\":\"https:\/\/allwintheme.com\/wp-content\/uploads\/2025\/09\/4mohowjg.png\",\"width\":590,\"height\":300,\"caption\":\"Advanced Order Export For WooCommerce Pro\"},{\"@type\":\"BreadcrumbList\",\"@id\":\"https:\/\/allwintheme.com\/product\/advanced-order-export-for-woocommerce-pro\/#breadcrumb\",\"itemListElement\":[{\"@type\":\"ListItem\",\"position\":1,\"name\":\"Home\",\"item\":\"https:\/\/allwintheme.com\/\"},{\"@type\":\"ListItem\",\"position\":2,\"name\":\"Shop\",\"item\":\"https:\/\/allwintheme.com\/shop\/\"},{\"@type\":\"ListItem\",\"position\":3,\"name\":\"Advanced Order Export For WooCommerce Pro\"}]},{\"@type\":\"WebSite\",\"@id\":\"https:\/\/allwintheme.com\/#website\",\"url\":\"https:\/\/allwintheme.com\/\",\"name\":\"Allwintheme\",\"description\":\"Download free WordPress themes for every niche. Blogs, business, eCommerce, portfolio, restaurant and more. All themes are GPL licensed and mobile-ready.\",\"potentialAction\":[{\"@type\":\"SearchAction\",\"target\":{\"@type\":\"EntryPoint\",\"urlTemplate\":\"https:\/\/allwintheme.com\/?s={search_term_string}\"},\"query-input\":{\"@type\":\"PropertyValueSpecification\",\"valueRequired\":true,\"valueName\":\"search_term_string\"}}],\"inLanguage\":\"es-CL\"}]}<\/script>\n<!-- \/ Yoast SEO Premium plugin. -->","yoast_head_json":{"title":"Advanced Order Export For WooCommerce Pro - AllWin Theme - Free WordPress Themes Download","description":"Simplifique la exportaci\u00f3n de datos de pedidos de WooCommerce con Advanced Order Export Pro. Exporte campos personalizados en CSV, XLS, XML o JSON a m\u00faltiples destinos.","robots":{"index":"index","follow":"follow","max-snippet":"max-snippet:-1","max-image-preview":"max-image-preview:large","max-video-preview":"max-video-preview:-1"},"canonical":"https:\/\/allwintheme.com\/es\/producto\/exportacion-avanzada-de-pedidos-para-woocommerce-pro\/","og_locale":"es_ES","og_type":"article","og_title":"Advanced Order Export For WooCommerce Pro","og_description":"Simplify WooCommerce order data export with Advanced Order Export Pro. Export custom fields in CSV, XLS, XML, or JSON to multiple destinations.","og_url":"https:\/\/allwintheme.com\/es\/producto\/exportacion-avanzada-de-pedidos-para-woocommerce-pro\/","og_site_name":"AllWin Theme \u2013 Free WordPress Themes Download","article_modified_time":"2025-09-23T11:33:40+00:00","og_image":[{"width":590,"height":300,"url":"https:\/\/allwintheme.com\/wp-content\/uploads\/2025\/09\/4mohowjg.png","type":"image\/png"}],"twitter_card":"summary_large_image","twitter_misc":{"Tiempo estimado de lectura":"2 minutos"},"schema":{"@context":"https:\/\/schema.org","@graph":[{"@type":"WebPage","@id":"https:\/\/allwintheme.com\/product\/advanced-order-export-for-woocommerce-pro\/","url":"https:\/\/allwintheme.com\/product\/advanced-order-export-for-woocommerce-pro\/","name":"Advanced Order Export For WooCommerce Pro - AllWin Theme - Free WordPress Themes Download","isPartOf":{"@id":"https:\/\/allwintheme.com\/#website"},"primaryImageOfPage":{"@id":"https:\/\/allwintheme.com\/product\/advanced-order-export-for-woocommerce-pro\/#primaryimage"},"image":{"@id":"https:\/\/allwintheme.com\/product\/advanced-order-export-for-woocommerce-pro\/#primaryimage"},"thumbnailUrl":"https:\/\/allwintheme.com\/wp-content\/uploads\/2025\/09\/4mohowjg.png","datePublished":"2025-09-23T11:28:37+00:00","dateModified":"2025-09-23T11:33:40+00:00","description":"Simplifique la exportaci\u00f3n de datos de pedidos de WooCommerce con Advanced Order Export Pro. Exporte campos personalizados en CSV, XLS, XML o JSON a m\u00faltiples destinos.","breadcrumb":{"@id":"https:\/\/allwintheme.com\/product\/advanced-order-export-for-woocommerce-pro\/#breadcrumb"},"inLanguage":"es-CL","potentialAction":[{"@type":"ReadAction","target":["https:\/\/allwintheme.com\/product\/advanced-order-export-for-woocommerce-pro\/"]}]},{"@type":"ImageObject","inLanguage":"es-CL","@id":"https:\/\/allwintheme.com\/product\/advanced-order-export-for-woocommerce-pro\/#primaryimage","url":"https:\/\/allwintheme.com\/wp-content\/uploads\/2025\/09\/4mohowjg.png","contentUrl":"https:\/\/allwintheme.com\/wp-content\/uploads\/2025\/09\/4mohowjg.png","width":590,"height":300,"caption":"Advanced Order Export For WooCommerce Pro"},{"@type":"BreadcrumbList","@id":"https:\/\/allwintheme.com\/product\/advanced-order-export-for-woocommerce-pro\/#breadcrumb","itemListElement":[{"@type":"ListItem","position":1,"name":"Home","item":"https:\/\/allwintheme.com\/"},{"@type":"ListItem","position":2,"name":"Shop","item":"https:\/\/allwintheme.com\/shop\/"},{"@type":"ListItem","position":3,"name":"Advanced Order Export For WooCommerce Pro"}]},{"@type":"WebSite","@id":"https:\/\/allwintheme.com\/#website","url":"https:\/\/allwintheme.com\/","name":"Allwintheme","description":"Descarga gratis temas de WordPress para todos los nichos. Blogs, negocios, comercio electr\u00f3nico, portafolio, restaurante y m\u00e1s. Todos los temas tienen licencia GPL y est\u00e1n preparados para dispositivos m\u00f3viles.","potentialAction":[{"@type":"SearchAction","target":{"@type":"EntryPoint","urlTemplate":"https:\/\/allwintheme.com\/?s={search_term_string}"},"query-input":{"@type":"PropertyValueSpecification","valueRequired":true,"valueName":"search_term_string"}}],"inLanguage":"es-CL"}]}},"_links":{"self":[{"href":"https:\/\/allwintheme.com\/es\/wp-json\/wp\/v2\/product\/7702","targetHints":{"allow":["GET"]}}],"collection":[{"href":"https:\/\/allwintheme.com\/es\/wp-json\/wp\/v2\/product"}],"about":[{"href":"https:\/\/allwintheme.com\/es\/wp-json\/wp\/v2\/types\/product"}],"replies":[{"embeddable":true,"href":"https:\/\/allwintheme.com\/es\/wp-json\/wp\/v2\/comments?post=7702"}],"version-history":[{"count":0,"href":"https:\/\/allwintheme.com\/es\/wp-json\/wp\/v2\/product\/7702\/revisions"}],"wp:featuredmedia":[{"embeddable":true,"href":"https:\/\/allwintheme.com\/es\/wp-json\/wp\/v2\/media\/7670"}],"wp:attachment":[{"href":"https:\/\/allwintheme.com\/es\/wp-json\/wp\/v2\/media?parent=7702"}],"wp:term":[{"taxonomy":"product_brand","embeddable":true,"href":"https:\/\/allwintheme.com\/es\/wp-json\/wp\/v2\/product_brand?post=7702"},{"taxonomy":"product_cat","embeddable":true,"href":"https:\/\/allwintheme.com\/es\/wp-json\/wp\/v2\/product_cat?post=7702"},{"taxonomy":"product_tag","embeddable":true,"href":"https:\/\/allwintheme.com\/es\/wp-json\/wp\/v2\/product_tag?post=7702"}],"curies":[{"name":"wp","href":"https:\/\/api.w.org\/{rel}","templated":true}]}}