{"id":7704,"date":"2025-09-23T11:28:39","date_gmt":"2025-09-23T11:28:39","guid":{"rendered":"https:\/\/allwintheme.com\/?post_type=product&#038;p=7704"},"modified":"2025-09-23T12:12:03","modified_gmt":"2025-09-23T12:12:03","slug":"masteriyo-pro-lms-para-wordpress","status":"publish","type":"product","link":"https:\/\/allwintheme.com\/es\/producto\/masteriyo-pro-lms-para-wordpress\/","title":{"rendered":"Masteriyo PRO - LMS para WordPress"},"content":{"rendered":"<div data-elementor-type=\"wp-post\" data-elementor-id=\"7704\" class=\"elementor elementor-7704\" data-elementor-settings=\"{&quot;element_pack_global_tooltip_width&quot;:{&quot;unit&quot;:&quot;px&quot;,&quot;size&quot;:&quot;&quot;,&quot;sizes&quot;:[]},&quot;element_pack_global_tooltip_width_tablet&quot;:{&quot;unit&quot;:&quot;px&quot;,&quot;size&quot;:&quot;&quot;,&quot;sizes&quot;:[]},&quot;element_pack_global_tooltip_width_mobile&quot;:{&quot;unit&quot;:&quot;px&quot;,&quot;size&quot;:&quot;&quot;,&quot;sizes&quot;:[]},&quot;element_pack_global_tooltip_padding&quot;:{&quot;unit&quot;:&quot;px&quot;,&quot;top&quot;:&quot;&quot;,&quot;right&quot;:&quot;&quot;,&quot;bottom&quot;:&quot;&quot;,&quot;left&quot;:&quot;&quot;,&quot;isLinked&quot;:true},&quot;element_pack_global_tooltip_padding_tablet&quot;:{&quot;unit&quot;:&quot;px&quot;,&quot;top&quot;:&quot;&quot;,&quot;right&quot;:&quot;&quot;,&quot;bottom&quot;:&quot;&quot;,&quot;left&quot;:&quot;&quot;,&quot;isLinked&quot;:true},&quot;element_pack_global_tooltip_padding_mobile&quot;:{&quot;unit&quot;:&quot;px&quot;,&quot;top&quot;:&quot;&quot;,&quot;right&quot;:&quot;&quot;,&quot;bottom&quot;:&quot;&quot;,&quot;left&quot;:&quot;&quot;,&quot;isLinked&quot;:true},&quot;element_pack_global_tooltip_border_radius&quot;:{&quot;unit&quot;:&quot;px&quot;,&quot;top&quot;:&quot;&quot;,&quot;right&quot;:&quot;&quot;,&quot;bottom&quot;:&quot;&quot;,&quot;left&quot;:&quot;&quot;,&quot;isLinked&quot;:true},&quot;element_pack_global_tooltip_border_radius_tablet&quot;:{&quot;unit&quot;:&quot;px&quot;,&quot;top&quot;:&quot;&quot;,&quot;right&quot;:&quot;&quot;,&quot;bottom&quot;:&quot;&quot;,&quot;left&quot;:&quot;&quot;,&quot;isLinked&quot;:true},&quot;element_pack_global_tooltip_border_radius_mobile&quot;:{&quot;unit&quot;:&quot;px&quot;,&quot;top&quot;:&quot;&quot;,&quot;right&quot;:&quot;&quot;,&quot;bottom&quot;:&quot;&quot;,&quot;left&quot;:&quot;&quot;,&quot;isLinked&quot;:true}}\" data-elementor-post-type=\"product\">\n\t\t\t\t<div class=\"elementor-element elementor-element-93aa4a8 e-con-full e-flex e-con e-parent\" data-id=\"93aa4a8\" data-element_type=\"container\" data-e-type=\"container\">\n\t\t\t\t<div class=\"elementor-element elementor-element-2c3f760 miaoshu elementor-widget elementor-widget-wd_text_block\" data-id=\"2c3f760\" data-element_type=\"widget\" data-e-type=\"widget\" data-widget_type=\"wd_text_block.default\">\n\t\t\t\t<div class=\"elementor-widget-container\">\n\t\t\t\t\t\t\t<div class=\"wd-text-block reset-last-child text-left\">\n\t\t\t\n\t\t\t<h2>Masteriyo PRO: Revolucione su aprendizaje en l\u00ednea con WordPress LMS<\/h2>\n<p>Libere todo el potencial de eLearning con <strong>Masteriyo PRO<\/strong>la versi\u00f3n premium del aclamado plugin WordPress LMS. Dise\u00f1ado para educadores, creadores y empresas, ofrece todo lo que necesitas para crear, gestionar y monetizar cursos online atractivos, todo sin codificar. Impulsado por React JS para un rendimiento ultrarr\u00e1pido, Masteriyo PRO transforma su sitio de WordPress en una plataforma de aprendizaje profesional que es intuitiva, segura y escalable.<\/p>\n\n<h3>Por qu\u00e9 destaca Masteriyo PRO<\/h3>\n<p>Bas\u00e1ndose en la robusta versi\u00f3n gratuita, Masteriyo PRO ofrece herramientas avanzadas e integraciones para agilizar su flujo de trabajo. Desde la creaci\u00f3n de cursos sin problemas hasta la monetizaci\u00f3n integrada, est\u00e1 dise\u00f1ado para la facilidad y la eficiencia, ayud\u00e1ndote a centrarte en lo que importa: ofrecer una educaci\u00f3n de calidad. Sin dependencias de terceros y compatible con temas populares como Astra o Elementor, la configuraci\u00f3n es muy sencilla gracias al asistente intuitivo.<\/p>\n\n<h3>Caracter\u00edsticas principales<\/h3>\n<ul>\n    <li><strong>Constructor de cursos de arrastrar y soltar:<\/strong> Crea cursos, lecciones y cuestionarios sin esfuerzo con una interfaz React de una sola p\u00e1gina, sin necesidad de recargar la p\u00e1gina.<\/li>\n    <li><strong>Sistema avanzado de cuestionarios:<\/strong> Construye preguntas de opci\u00f3n m\u00faltiple, verdadero\/falso y m\u00e1s para evaluar el progreso de los estudiantes con calificaciones detalladas.<\/li>\n    <li><strong>Sistema de pagos y pedidos integrado:<\/strong> Venda cursos directamente con PayPal, Stripe o integraci\u00f3n con WooCommerce para m\u00e1s de 300 pasarelas.<\/li>\n    <li><strong>Goteo y programaci\u00f3n de contenidos:<\/strong> Difunda las lecciones a lo largo del tiempo para mantener el inter\u00e9s de los alumnos y crear expectaci\u00f3n.<\/li>\n    <li><strong>Constructor de certificados:<\/strong> Genere y entregue autom\u00e1ticamente certificados al finalizar el curso.<\/li>\n    <li><strong>Tareas y libro de calificaciones:<\/strong> Asigne tareas, eval\u00fae los env\u00edos y realice un seguimiento de los progresos en un panel centralizado.<\/li>\n    <li><strong>Modo de aprendizaje sin distracciones:<\/strong> P\u00e1ginas limpias y adaptadas a dispositivos m\u00f3viles con secciones de preguntas y respuestas, barras de progreso y rese\u00f1as para mejorar la participaci\u00f3n.<\/li>\n    <li><strong>Integraciones en abundancia:<\/strong> Funciona con Elementor, Divi, Zoom, Google Meet, Mailchimp, inicio de sesi\u00f3n social y m\u00e1s: m\u00e1s de 40 complementos incluidos.<\/li>\n    <li><strong>Seguridad y optimizaci\u00f3n para SEO:<\/strong> Funciones como reCAPTCHA, autenticaci\u00f3n de dos factores y compatibilidad con Yoast\/Rank Math garantizan sitios seguros y aptos para b\u00fasquedas.<\/li>\n    <li><strong>Recursos descargables:<\/strong> Proporcionar archivos y materiales por lecci\u00f3n para el aprendizaje pr\u00e1ctico.<\/li>\n<\/ul>\n\n<h3>Configuraci\u00f3n y escalabilidad sin esfuerzo<\/h3>\n<p>Empezar no podr\u00eda ser m\u00e1s sencillo: Instala, ejecuta el asistente de configuraci\u00f3n y estar\u00e1s listo para construir en minutos. El modelo freemium de Masteriyo PRO te permite empezar gratis y actualizar a medida que crece tu academia, con niveles flexibles para cualquier tama\u00f1o de negocio. Es totalmente responsive, de carga r\u00e1pida con cach\u00e9 React integrada y sigue los est\u00e1ndares de WordPress para una compatibilidad sin problemas.<\/p>\n\n<h3>Potencie su labor docente<\/h3>\n<p>Tanto si eres una persona influyente que monetiza el conocimiento, un entrenador que crea una comunidad o una instituci\u00f3n que ampl\u00eda cursos, <strong>Masteriyo PRO<\/strong> le equipa con herramientas de nivel profesional para el \u00e9xito. Cree experiencias de aprendizaje impactantes que impulsen los resultados y los ingresos. Actualice a Masteriyo PRO hoy mismo y vea c\u00f3mo prospera su educaci\u00f3n en l\u00ednea.<\/p>\n\t\t\t\t\t<\/div>\n\t\t\t\t\t\t<\/div>\n\t\t\t\t<\/div>\n\t\t\t\t<\/div>\n\t\t\t\t<\/div>","protected":false},"excerpt":{"rendered":"<p>Masteriyo PRO: Revolutionize Your Online Learning with WordPress LMS Unlock the full potential of eLearning with Masteriyo PRO, the premium<\/p>","protected":false},"featured_media":7678,"comment_status":"open","ping_status":"closed","template":"","meta":{"_acf_changed":false},"product_brand":[],"product_cat":[49],"product_tag":[],"class_list":{"0":"post-7704","1":"product","2":"type-product","3":"status-publish","4":"has-post-thumbnail","6":"product_cat-plugins","8":"first","9":"instock","10":"sale","11":"downloadable","12":"shipping-taxable","13":"purchasable","14":"product-type-simple"},"acf":[],"yoast_head":"<!-- This site is optimized with the Yoast SEO Premium plugin v25.6 (Yoast SEO v27.1.1) - https:\/\/yoast.com\/product\/yoast-seo-premium-wordpress\/ -->\n<title>Masteriyo PRO \u2013 LMS for WordPress - AllWin Theme \u2013 Free WordPress Themes Download<\/title>\n<meta name=\"description\" content=\"Build and sell online courses effortlessly with Masteriyo PRO, the ultimate WordPress LMS plugin. Drag-and-drop builder, quizzes, payments, and more.\" \/>\n<meta name=\"robots\" content=\"index, follow, max-snippet:-1, max-image-preview:large, max-video-preview:-1\" \/>\n<link rel=\"canonical\" href=\"https:\/\/allwintheme.com\/es\/producto\/masteriyo-pro-lms-para-wordpress\/\" \/>\n<meta property=\"og:locale\" content=\"es_ES\" \/>\n<meta property=\"og:type\" content=\"article\" \/>\n<meta property=\"og:title\" content=\"Masteriyo PRO \u2013 LMS for WordPress\" \/>\n<meta property=\"og:description\" content=\"Build and sell online courses effortlessly with Masteriyo PRO, the ultimate WordPress LMS plugin. Drag-and-drop builder, quizzes, payments, and more.\" \/>\n<meta property=\"og:url\" content=\"https:\/\/allwintheme.com\/es\/producto\/masteriyo-pro-lms-para-wordpress\/\" \/>\n<meta property=\"og:site_name\" content=\"AllWin Theme \u2013 Free WordPress Themes Download\" \/>\n<meta property=\"article:modified_time\" content=\"2025-09-23T12:12:03+00:00\" \/>\n<meta property=\"og:image\" content=\"https:\/\/allwintheme.com\/wp-content\/uploads\/2025\/09\/1rcecj54.png\" \/>\n\t<meta property=\"og:image:width\" content=\"768\" \/>\n\t<meta property=\"og:image:height\" content=\"470\" \/>\n\t<meta property=\"og:image:type\" content=\"image\/png\" \/>\n<meta name=\"twitter:card\" content=\"summary_large_image\" \/>\n<meta name=\"twitter:label1\" content=\"Tiempo estimado de lectura\" \/>\n\t<meta name=\"twitter:data1\" content=\"3 minutos\" \/>\n<script type=\"application\/ld+json\" class=\"yoast-schema-graph\">{\"@context\":\"https:\/\/schema.org\",\"@graph\":[{\"@type\":\"WebPage\",\"@id\":\"https:\/\/allwintheme.com\/product\/masteriyo-pro-lms-for-wordpress\/\",\"url\":\"https:\/\/allwintheme.com\/product\/masteriyo-pro-lms-for-wordpress\/\",\"name\":\"Masteriyo PRO \u2013 LMS for WordPress - AllWin Theme \u2013 Free WordPress Themes Download\",\"isPartOf\":{\"@id\":\"https:\/\/allwintheme.com\/#website\"},\"primaryImageOfPage\":{\"@id\":\"https:\/\/allwintheme.com\/product\/masteriyo-pro-lms-for-wordpress\/#primaryimage\"},\"image\":{\"@id\":\"https:\/\/allwintheme.com\/product\/masteriyo-pro-lms-for-wordpress\/#primaryimage\"},\"thumbnailUrl\":\"https:\/\/allwintheme.com\/wp-content\/uploads\/2025\/09\/1rcecj54.png\",\"datePublished\":\"2025-09-23T11:28:39+00:00\",\"dateModified\":\"2025-09-23T12:12:03+00:00\",\"description\":\"Build and sell online courses effortlessly with Masteriyo PRO, the ultimate WordPress LMS plugin. Drag-and-drop builder, quizzes, payments, and more.\",\"breadcrumb\":{\"@id\":\"https:\/\/allwintheme.com\/product\/masteriyo-pro-lms-for-wordpress\/#breadcrumb\"},\"inLanguage\":\"es-CL\",\"potentialAction\":[{\"@type\":\"ReadAction\",\"target\":[\"https:\/\/allwintheme.com\/product\/masteriyo-pro-lms-for-wordpress\/\"]}]},{\"@type\":\"ImageObject\",\"inLanguage\":\"es-CL\",\"@id\":\"https:\/\/allwintheme.com\/product\/masteriyo-pro-lms-for-wordpress\/#primaryimage\",\"url\":\"https:\/\/allwintheme.com\/wp-content\/uploads\/2025\/09\/1rcecj54.png\",\"contentUrl\":\"https:\/\/allwintheme.com\/wp-content\/uploads\/2025\/09\/1rcecj54.png\",\"width\":768,\"height\":470,\"caption\":\"Masteriyo PRO \u2013 LMS for WordPress\"},{\"@type\":\"BreadcrumbList\",\"@id\":\"https:\/\/allwintheme.com\/product\/masteriyo-pro-lms-for-wordpress\/#breadcrumb\",\"itemListElement\":[{\"@type\":\"ListItem\",\"position\":1,\"name\":\"Home\",\"item\":\"https:\/\/allwintheme.com\/\"},{\"@type\":\"ListItem\",\"position\":2,\"name\":\"Shop\",\"item\":\"https:\/\/allwintheme.com\/shop\/\"},{\"@type\":\"ListItem\",\"position\":3,\"name\":\"Masteriyo PRO \u2013 LMS for WordPress\"}]},{\"@type\":\"WebSite\",\"@id\":\"https:\/\/allwintheme.com\/#website\",\"url\":\"https:\/\/allwintheme.com\/\",\"name\":\"Allwintheme\",\"description\":\"Download free WordPress themes for every niche. Blogs, business, eCommerce, portfolio, restaurant and more. All themes are GPL licensed and mobile-ready.\",\"potentialAction\":[{\"@type\":\"SearchAction\",\"target\":{\"@type\":\"EntryPoint\",\"urlTemplate\":\"https:\/\/allwintheme.com\/?s={search_term_string}\"},\"query-input\":{\"@type\":\"PropertyValueSpecification\",\"valueRequired\":true,\"valueName\":\"search_term_string\"}}],\"inLanguage\":\"es-CL\"}]}<\/script>\n<!-- \/ Yoast SEO Premium plugin. -->","yoast_head_json":{"title":"Masteriyo PRO - LMS for WordPress - AllWin Theme - Free WordPress Themes Download","description":"Crea y vende cursos online sin esfuerzo con Masteriyo PRO, el plugin LMS para WordPress definitivo. Constructor de arrastrar y soltar, cuestionarios, pagos y mucho m\u00e1s.","robots":{"index":"index","follow":"follow","max-snippet":"max-snippet:-1","max-image-preview":"max-image-preview:large","max-video-preview":"max-video-preview:-1"},"canonical":"https:\/\/allwintheme.com\/es\/producto\/masteriyo-pro-lms-para-wordpress\/","og_locale":"es_ES","og_type":"article","og_title":"Masteriyo PRO \u2013 LMS for WordPress","og_description":"Build and sell online courses effortlessly with Masteriyo PRO, the ultimate WordPress LMS plugin. Drag-and-drop builder, quizzes, payments, and more.","og_url":"https:\/\/allwintheme.com\/es\/producto\/masteriyo-pro-lms-para-wordpress\/","og_site_name":"AllWin Theme \u2013 Free WordPress Themes Download","article_modified_time":"2025-09-23T12:12:03+00:00","og_image":[{"width":768,"height":470,"url":"https:\/\/allwintheme.com\/wp-content\/uploads\/2025\/09\/1rcecj54.png","type":"image\/png"}],"twitter_card":"summary_large_image","twitter_misc":{"Tiempo estimado de lectura":"3 minutos"},"schema":{"@context":"https:\/\/schema.org","@graph":[{"@type":"WebPage","@id":"https:\/\/allwintheme.com\/product\/masteriyo-pro-lms-for-wordpress\/","url":"https:\/\/allwintheme.com\/product\/masteriyo-pro-lms-for-wordpress\/","name":"Masteriyo PRO - LMS for WordPress - AllWin Theme - Free WordPress Themes Download","isPartOf":{"@id":"https:\/\/allwintheme.com\/#website"},"primaryImageOfPage":{"@id":"https:\/\/allwintheme.com\/product\/masteriyo-pro-lms-for-wordpress\/#primaryimage"},"image":{"@id":"https:\/\/allwintheme.com\/product\/masteriyo-pro-lms-for-wordpress\/#primaryimage"},"thumbnailUrl":"https:\/\/allwintheme.com\/wp-content\/uploads\/2025\/09\/1rcecj54.png","datePublished":"2025-09-23T11:28:39+00:00","dateModified":"2025-09-23T12:12:03+00:00","description":"Crea y vende cursos online sin esfuerzo con Masteriyo PRO, el plugin LMS para WordPress definitivo. Constructor de arrastrar y soltar, cuestionarios, pagos y mucho m\u00e1s.","breadcrumb":{"@id":"https:\/\/allwintheme.com\/product\/masteriyo-pro-lms-for-wordpress\/#breadcrumb"},"inLanguage":"es-CL","potentialAction":[{"@type":"ReadAction","target":["https:\/\/allwintheme.com\/product\/masteriyo-pro-lms-for-wordpress\/"]}]},{"@type":"ImageObject","inLanguage":"es-CL","@id":"https:\/\/allwintheme.com\/product\/masteriyo-pro-lms-for-wordpress\/#primaryimage","url":"https:\/\/allwintheme.com\/wp-content\/uploads\/2025\/09\/1rcecj54.png","contentUrl":"https:\/\/allwintheme.com\/wp-content\/uploads\/2025\/09\/1rcecj54.png","width":768,"height":470,"caption":"Masteriyo PRO \u2013 LMS for WordPress"},{"@type":"BreadcrumbList","@id":"https:\/\/allwintheme.com\/product\/masteriyo-pro-lms-for-wordpress\/#breadcrumb","itemListElement":[{"@type":"ListItem","position":1,"name":"Home","item":"https:\/\/allwintheme.com\/"},{"@type":"ListItem","position":2,"name":"Shop","item":"https:\/\/allwintheme.com\/shop\/"},{"@type":"ListItem","position":3,"name":"Masteriyo PRO \u2013 LMS for WordPress"}]},{"@type":"WebSite","@id":"https:\/\/allwintheme.com\/#website","url":"https:\/\/allwintheme.com\/","name":"Allwintheme","description":"Descarga gratis temas de WordPress para todos los nichos. Blogs, negocios, comercio electr\u00f3nico, portafolio, restaurante y m\u00e1s. Todos los temas tienen licencia GPL y est\u00e1n preparados para dispositivos m\u00f3viles.","potentialAction":[{"@type":"SearchAction","target":{"@type":"EntryPoint","urlTemplate":"https:\/\/allwintheme.com\/?s={search_term_string}"},"query-input":{"@type":"PropertyValueSpecification","valueRequired":true,"valueName":"search_term_string"}}],"inLanguage":"es-CL"}]}},"_links":{"self":[{"href":"https:\/\/allwintheme.com\/es\/wp-json\/wp\/v2\/product\/7704","targetHints":{"allow":["GET"]}}],"collection":[{"href":"https:\/\/allwintheme.com\/es\/wp-json\/wp\/v2\/product"}],"about":[{"href":"https:\/\/allwintheme.com\/es\/wp-json\/wp\/v2\/types\/product"}],"replies":[{"embeddable":true,"href":"https:\/\/allwintheme.com\/es\/wp-json\/wp\/v2\/comments?post=7704"}],"version-history":[{"count":0,"href":"https:\/\/allwintheme.com\/es\/wp-json\/wp\/v2\/product\/7704\/revisions"}],"wp:featuredmedia":[{"embeddable":true,"href":"https:\/\/allwintheme.com\/es\/wp-json\/wp\/v2\/media\/7678"}],"wp:attachment":[{"href":"https:\/\/allwintheme.com\/es\/wp-json\/wp\/v2\/media?parent=7704"}],"wp:term":[{"taxonomy":"product_brand","embeddable":true,"href":"https:\/\/allwintheme.com\/es\/wp-json\/wp\/v2\/product_brand?post=7704"},{"taxonomy":"product_cat","embeddable":true,"href":"https:\/\/allwintheme.com\/es\/wp-json\/wp\/v2\/product_cat?post=7704"},{"taxonomy":"product_tag","embeddable":true,"href":"https:\/\/allwintheme.com\/es\/wp-json\/wp\/v2\/product_tag?post=7704"}],"curies":[{"name":"wp","href":"https:\/\/api.w.org\/{rel}","templated":true}]}}