{"id":7735,"date":"2025-09-23T11:57:00","date_gmt":"2025-09-23T11:57:00","guid":{"rendered":"https:\/\/allwintheme.com\/?post_type=product&#038;p=7735"},"modified":"2025-09-23T12:15:54","modified_gmt":"2025-09-23T12:15:54","slug":"bit-integrations-plugin-para-wordpress","status":"publish","type":"product","link":"https:\/\/allwintheme.com\/es\/producto\/bit-integrations-plugin-para-wordpress\/","title":{"rendered":"Integraciones Bit: Plugin de automatizaci\u00f3n de WordPress sin c\u00f3digo"},"content":{"rendered":"<div data-elementor-type=\"wp-post\" data-elementor-id=\"7735\" class=\"elementor elementor-7735\" data-elementor-settings=\"{&quot;element_pack_global_tooltip_width&quot;:{&quot;unit&quot;:&quot;px&quot;,&quot;size&quot;:&quot;&quot;,&quot;sizes&quot;:[]},&quot;element_pack_global_tooltip_width_tablet&quot;:{&quot;unit&quot;:&quot;px&quot;,&quot;size&quot;:&quot;&quot;,&quot;sizes&quot;:[]},&quot;element_pack_global_tooltip_width_mobile&quot;:{&quot;unit&quot;:&quot;px&quot;,&quot;size&quot;:&quot;&quot;,&quot;sizes&quot;:[]},&quot;element_pack_global_tooltip_padding&quot;:{&quot;unit&quot;:&quot;px&quot;,&quot;top&quot;:&quot;&quot;,&quot;right&quot;:&quot;&quot;,&quot;bottom&quot;:&quot;&quot;,&quot;left&quot;:&quot;&quot;,&quot;isLinked&quot;:true},&quot;element_pack_global_tooltip_padding_tablet&quot;:{&quot;unit&quot;:&quot;px&quot;,&quot;top&quot;:&quot;&quot;,&quot;right&quot;:&quot;&quot;,&quot;bottom&quot;:&quot;&quot;,&quot;left&quot;:&quot;&quot;,&quot;isLinked&quot;:true},&quot;element_pack_global_tooltip_padding_mobile&quot;:{&quot;unit&quot;:&quot;px&quot;,&quot;top&quot;:&quot;&quot;,&quot;right&quot;:&quot;&quot;,&quot;bottom&quot;:&quot;&quot;,&quot;left&quot;:&quot;&quot;,&quot;isLinked&quot;:true},&quot;element_pack_global_tooltip_border_radius&quot;:{&quot;unit&quot;:&quot;px&quot;,&quot;top&quot;:&quot;&quot;,&quot;right&quot;:&quot;&quot;,&quot;bottom&quot;:&quot;&quot;,&quot;left&quot;:&quot;&quot;,&quot;isLinked&quot;:true},&quot;element_pack_global_tooltip_border_radius_tablet&quot;:{&quot;unit&quot;:&quot;px&quot;,&quot;top&quot;:&quot;&quot;,&quot;right&quot;:&quot;&quot;,&quot;bottom&quot;:&quot;&quot;,&quot;left&quot;:&quot;&quot;,&quot;isLinked&quot;:true},&quot;element_pack_global_tooltip_border_radius_mobile&quot;:{&quot;unit&quot;:&quot;px&quot;,&quot;top&quot;:&quot;&quot;,&quot;right&quot;:&quot;&quot;,&quot;bottom&quot;:&quot;&quot;,&quot;left&quot;:&quot;&quot;,&quot;isLinked&quot;:true}}\" data-elementor-post-type=\"product\">\n\t\t\t\t<div class=\"elementor-element elementor-element-93aa4a8 e-con-full e-flex e-con e-parent\" data-id=\"93aa4a8\" data-element_type=\"container\" data-e-type=\"container\">\n\t\t\t\t<div class=\"elementor-element elementor-element-2c3f760 miaoshu elementor-widget elementor-widget-wd_text_block\" data-id=\"2c3f760\" data-element_type=\"widget\" data-e-type=\"widget\" data-widget_type=\"wd_text_block.default\">\n\t\t\t\t<div class=\"elementor-widget-container\">\n\t\t\t\t\t\t\t<div class=\"wd-text-block reset-last-child text-left\">\n\t\t\t\n\t\t\t<h2>Integraciones de bits: Simplifique sus flujos de trabajo en WordPress<\/h2>\n<p>En <strong>Integraciones de bits<\/strong> es tu herramienta de automatizaci\u00f3n sin c\u00f3digo para WordPress, dise\u00f1ada para conectar tu sitio con m\u00e1s de 300 plataformas y herramientas sin complicaciones. Tanto si gestionas env\u00edos de formularios, pedidos de comercio electr\u00f3nico o inscripciones en LMS, este plugin te permite enviar datos a CRM, herramientas de correo electr\u00f3nico, hojas de c\u00e1lculo de Google y mucho m\u00e1s, todo a trav\u00e9s de un panel de control limpio e intuitivo que no requiere conocimientos t\u00e9cnicos.<\/p>\n\n<h3>Automatizaci\u00f3n potente y sencilla<\/h3>\n<p>Bit Integrations transforma las tareas repetitivas en flujos de trabajo automatizados, ahorr\u00e1ndole tiempo y eliminando la necesidad de costosos servicios de terceros. Desde la integraci\u00f3n de formularios de contacto como Bit Form o WPForms con Zoho CRM hasta la sincronizaci\u00f3n de pedidos de WooCommerce con aplicaciones de marketing, lo gestiona todo a la perfecci\u00f3n. Configure disparadores, asigne campos y a\u00f1ada l\u00f3gica condicional para crear automatizaciones personalizadas que se adapten perfectamente a su negocio.<\/p>\n\n<h3>Caracter\u00edsticas principales<\/h3>\n<ul>\n    <li><strong>M\u00e1s de 300 integraciones:<\/strong> Con\u00e9ctese a herramientas populares como MailChimp, Google Sheets, Salesforce, Notion e innumerables plugins de WordPress.<\/li>\n    <li><strong>Configuraci\u00f3n sin c\u00f3digo:<\/strong> Interfaz de arrastrar y soltar para crear automatizaciones, ideal tanto para principiantes como para profesionales.<\/li>\n    <li><strong>Tareas ilimitadas:<\/strong> Automatice sin cuotas recurrentes ni l\u00edmites, manteniendo los costes bajos y la eficiencia alta.<\/li>\n    <li><strong>L\u00f3gica condicional:<\/strong> Active acciones basadas en condiciones espec\u00edficas para obtener flujos de trabajo m\u00e1s inteligentes y espec\u00edficos.<\/li>\n    <li><strong>Soporte de formularios y plugins:<\/strong> Funciona con Elementor Forms, WooCommerce, LMS plugins, y m\u00e1s para la automatizaci\u00f3n de extremo a extremo.<\/li>\n    <li><strong>Cuadro de mandos m\u00f3vil:<\/strong> Gestione todo desde un eje central con una interfaz de usuario f\u00e1cil de usar.<\/li>\n    <li><strong>Versiones gratuita y Pro:<\/strong> Comience con las integraciones b\u00e1sicas de forma gratuita y actual\u00edcelas para obtener funciones avanzadas y asistencia.<\/li>\n<\/ul>\n\n<h3>Por qu\u00e9 los usuarios adoran las integraciones de Bit<\/h3>\n<p>Los usuarios de WordPress.org, que han recibido cr\u00edticas elogiosas de 5 estrellas, hablan maravillas de su facilidad de uso y de su impacto revolucionario. \"Es un potente plugin que facilita la integraci\u00f3n de herramientas\", afirma un usuario, mientras que otro destaca su excepcional soporte: \"El equipo me ayud\u00f3 a integrar WPForms con Zoho CRM, incluso en un fin de semana festivo\". Es perfecto para los propietarios de sitios ocupados que buscan recopilar clientes potenciales, automatizar el marketing y aumentar la productividad sin dolores de cabeza de codificaci\u00f3n.<\/p>\n\n<h3>Revolucione su sitio web hoy mismo<\/h3>\n<p>\u00bfListo para liberar todo el potencial de tu sitio WordPress? <strong>Integraciones de bits<\/strong> es la forma asequible y fiable de automatizar como un profesional. Inst\u00e1lelo ahora y vea c\u00f3mo sus flujos de trabajo se ejecutan en piloto autom\u00e1tico, conectando sin esfuerzo sus datos entre plataformas para un crecimiento empresarial m\u00e1s inteligente.<\/p>\n\t\t\t\t\t<\/div>\n\t\t\t\t\t\t<\/div>\n\t\t\t\t<\/div>\n\t\t\t\t<\/div>\n\t\t\t\t<\/div>","protected":false},"excerpt":{"rendered":"<p>Bit Integrations: Streamline Your WordPress Workflows with Ease The Bit Integrations plugin is your go-to no-code automation tool for WordPress,<\/p>","protected":false},"featured_media":7679,"comment_status":"open","ping_status":"closed","template":"","meta":{"_acf_changed":false},"product_brand":[],"product_cat":[49],"product_tag":[],"class_list":{"0":"post-7735","1":"product","2":"type-product","3":"status-publish","4":"has-post-thumbnail","6":"product_cat-plugins","8":"first","9":"instock","10":"sale","11":"downloadable","12":"shipping-taxable","13":"purchasable","14":"product-type-simple"},"acf":[],"yoast_head":"<!-- This site is optimized with the Yoast SEO Premium plugin v25.6 (Yoast SEO v27.1.1) - https:\/\/yoast.com\/product\/yoast-seo-premium-wordpress\/ -->\n<title>Bit Integrations: No-Code WordPress Automation Plugin - AllWin Theme \u2013 Free WordPress Themes Download<\/title>\n<meta name=\"description\" content=\"Automate WordPress workflows with Bit Integrations. Connect 300+ apps, forms, and CRMs effortlessly\u2014no coding needed for seamless data sharing.\" \/>\n<meta name=\"robots\" content=\"index, follow, max-snippet:-1, max-image-preview:large, max-video-preview:-1\" \/>\n<link rel=\"canonical\" href=\"https:\/\/allwintheme.com\/es\/producto\/bit-integrations-plugin-para-wordpress\/\" \/>\n<meta property=\"og:locale\" content=\"es_ES\" \/>\n<meta property=\"og:type\" content=\"article\" \/>\n<meta property=\"og:title\" content=\"Bit Integrations: No-Code WordPress Automation Plugin\" \/>\n<meta property=\"og:description\" content=\"Automate WordPress workflows with Bit Integrations. Connect 300+ apps, forms, and CRMs effortlessly\u2014no coding needed for seamless data sharing.\" \/>\n<meta property=\"og:url\" content=\"https:\/\/allwintheme.com\/es\/producto\/bit-integrations-plugin-para-wordpress\/\" \/>\n<meta property=\"og:site_name\" content=\"AllWin Theme \u2013 Free WordPress Themes Download\" \/>\n<meta property=\"article:modified_time\" content=\"2025-09-23T12:15:54+00:00\" \/>\n<meta property=\"og:image\" content=\"https:\/\/allwintheme.com\/wp-content\/uploads\/2025\/09\/005vehfp.png\" \/>\n\t<meta property=\"og:image:width\" content=\"590\" \/>\n\t<meta property=\"og:image:height\" content=\"300\" \/>\n\t<meta property=\"og:image:type\" content=\"image\/png\" \/>\n<meta name=\"twitter:card\" content=\"summary_large_image\" \/>\n<meta name=\"twitter:label1\" content=\"Tiempo estimado de lectura\" \/>\n\t<meta name=\"twitter:data1\" content=\"3 minutos\" \/>\n<script type=\"application\/ld+json\" class=\"yoast-schema-graph\">{\"@context\":\"https:\/\/schema.org\",\"@graph\":[{\"@type\":\"WebPage\",\"@id\":\"https:\/\/allwintheme.com\/product\/bit-integrations-plugin-for-wordpress\/\",\"url\":\"https:\/\/allwintheme.com\/product\/bit-integrations-plugin-for-wordpress\/\",\"name\":\"Bit Integrations: No-Code WordPress Automation Plugin - AllWin Theme \u2013 Free WordPress Themes Download\",\"isPartOf\":{\"@id\":\"https:\/\/allwintheme.com\/#website\"},\"primaryImageOfPage\":{\"@id\":\"https:\/\/allwintheme.com\/product\/bit-integrations-plugin-for-wordpress\/#primaryimage\"},\"image\":{\"@id\":\"https:\/\/allwintheme.com\/product\/bit-integrations-plugin-for-wordpress\/#primaryimage\"},\"thumbnailUrl\":\"https:\/\/allwintheme.com\/wp-content\/uploads\/2025\/09\/005vehfp.png\",\"datePublished\":\"2025-09-23T11:57:00+00:00\",\"dateModified\":\"2025-09-23T12:15:54+00:00\",\"description\":\"Automate WordPress workflows with Bit Integrations. Connect 300+ apps, forms, and CRMs effortlessly\u2014no coding needed for seamless data sharing.\",\"breadcrumb\":{\"@id\":\"https:\/\/allwintheme.com\/product\/bit-integrations-plugin-for-wordpress\/#breadcrumb\"},\"inLanguage\":\"es-CL\",\"potentialAction\":[{\"@type\":\"ReadAction\",\"target\":[\"https:\/\/allwintheme.com\/product\/bit-integrations-plugin-for-wordpress\/\"]}]},{\"@type\":\"ImageObject\",\"inLanguage\":\"es-CL\",\"@id\":\"https:\/\/allwintheme.com\/product\/bit-integrations-plugin-for-wordpress\/#primaryimage\",\"url\":\"https:\/\/allwintheme.com\/wp-content\/uploads\/2025\/09\/005vehfp.png\",\"contentUrl\":\"https:\/\/allwintheme.com\/wp-content\/uploads\/2025\/09\/005vehfp.png\",\"width\":590,\"height\":300,\"caption\":\"Bit Integrations Plugin for WordPress\"},{\"@type\":\"BreadcrumbList\",\"@id\":\"https:\/\/allwintheme.com\/product\/bit-integrations-plugin-for-wordpress\/#breadcrumb\",\"itemListElement\":[{\"@type\":\"ListItem\",\"position\":1,\"name\":\"Home\",\"item\":\"https:\/\/allwintheme.com\/\"},{\"@type\":\"ListItem\",\"position\":2,\"name\":\"Shop\",\"item\":\"https:\/\/allwintheme.com\/shop\/\"},{\"@type\":\"ListItem\",\"position\":3,\"name\":\"Bit Integrations: No-Code WordPress Automation Plugin\"}]},{\"@type\":\"WebSite\",\"@id\":\"https:\/\/allwintheme.com\/#website\",\"url\":\"https:\/\/allwintheme.com\/\",\"name\":\"Allwintheme\",\"description\":\"Download free WordPress themes for every niche. Blogs, business, eCommerce, portfolio, restaurant and more. All themes are GPL licensed and mobile-ready.\",\"potentialAction\":[{\"@type\":\"SearchAction\",\"target\":{\"@type\":\"EntryPoint\",\"urlTemplate\":\"https:\/\/allwintheme.com\/?s={search_term_string}\"},\"query-input\":{\"@type\":\"PropertyValueSpecification\",\"valueRequired\":true,\"valueName\":\"search_term_string\"}}],\"inLanguage\":\"es-CL\"}]}<\/script>\n<!-- \/ Yoast SEO Premium plugin. -->","yoast_head_json":{"title":"Bit Integraciones: No-Code WordPress Automation Plugin - AllWin Theme - Free WordPress Themes Download","description":"Automatiza los flujos de trabajo de WordPress con Bit Integrations. Conecta m\u00e1s de 300 aplicaciones, formularios y CRM sin esfuerzo, sin necesidad de codificaci\u00f3n para compartir datos sin problemas.","robots":{"index":"index","follow":"follow","max-snippet":"max-snippet:-1","max-image-preview":"max-image-preview:large","max-video-preview":"max-video-preview:-1"},"canonical":"https:\/\/allwintheme.com\/es\/producto\/bit-integrations-plugin-para-wordpress\/","og_locale":"es_ES","og_type":"article","og_title":"Bit Integrations: No-Code WordPress Automation Plugin","og_description":"Automate WordPress workflows with Bit Integrations. Connect 300+ apps, forms, and CRMs effortlessly\u2014no coding needed for seamless data sharing.","og_url":"https:\/\/allwintheme.com\/es\/producto\/bit-integrations-plugin-para-wordpress\/","og_site_name":"AllWin Theme \u2013 Free WordPress Themes Download","article_modified_time":"2025-09-23T12:15:54+00:00","og_image":[{"width":590,"height":300,"url":"https:\/\/allwintheme.com\/wp-content\/uploads\/2025\/09\/005vehfp.png","type":"image\/png"}],"twitter_card":"summary_large_image","twitter_misc":{"Tiempo estimado de lectura":"3 minutos"},"schema":{"@context":"https:\/\/schema.org","@graph":[{"@type":"WebPage","@id":"https:\/\/allwintheme.com\/product\/bit-integrations-plugin-for-wordpress\/","url":"https:\/\/allwintheme.com\/product\/bit-integrations-plugin-for-wordpress\/","name":"Bit Integraciones: No-Code WordPress Automation Plugin - AllWin Theme - Free WordPress Themes Download","isPartOf":{"@id":"https:\/\/allwintheme.com\/#website"},"primaryImageOfPage":{"@id":"https:\/\/allwintheme.com\/product\/bit-integrations-plugin-for-wordpress\/#primaryimage"},"image":{"@id":"https:\/\/allwintheme.com\/product\/bit-integrations-plugin-for-wordpress\/#primaryimage"},"thumbnailUrl":"https:\/\/allwintheme.com\/wp-content\/uploads\/2025\/09\/005vehfp.png","datePublished":"2025-09-23T11:57:00+00:00","dateModified":"2025-09-23T12:15:54+00:00","description":"Automatiza los flujos de trabajo de WordPress con Bit Integrations. Conecta m\u00e1s de 300 aplicaciones, formularios y CRM sin esfuerzo, sin necesidad de codificaci\u00f3n para compartir datos sin problemas.","breadcrumb":{"@id":"https:\/\/allwintheme.com\/product\/bit-integrations-plugin-for-wordpress\/#breadcrumb"},"inLanguage":"es-CL","potentialAction":[{"@type":"ReadAction","target":["https:\/\/allwintheme.com\/product\/bit-integrations-plugin-for-wordpress\/"]}]},{"@type":"ImageObject","inLanguage":"es-CL","@id":"https:\/\/allwintheme.com\/product\/bit-integrations-plugin-for-wordpress\/#primaryimage","url":"https:\/\/allwintheme.com\/wp-content\/uploads\/2025\/09\/005vehfp.png","contentUrl":"https:\/\/allwintheme.com\/wp-content\/uploads\/2025\/09\/005vehfp.png","width":590,"height":300,"caption":"Bit Integrations Plugin for WordPress"},{"@type":"BreadcrumbList","@id":"https:\/\/allwintheme.com\/product\/bit-integrations-plugin-for-wordpress\/#breadcrumb","itemListElement":[{"@type":"ListItem","position":1,"name":"Home","item":"https:\/\/allwintheme.com\/"},{"@type":"ListItem","position":2,"name":"Shop","item":"https:\/\/allwintheme.com\/shop\/"},{"@type":"ListItem","position":3,"name":"Bit Integrations: No-Code WordPress Automation Plugin"}]},{"@type":"WebSite","@id":"https:\/\/allwintheme.com\/#website","url":"https:\/\/allwintheme.com\/","name":"Allwintheme","description":"Descarga gratis temas de WordPress para todos los nichos. Blogs, negocios, comercio electr\u00f3nico, portafolio, restaurante y m\u00e1s. Todos los temas tienen licencia GPL y est\u00e1n preparados para dispositivos m\u00f3viles.","potentialAction":[{"@type":"SearchAction","target":{"@type":"EntryPoint","urlTemplate":"https:\/\/allwintheme.com\/?s={search_term_string}"},"query-input":{"@type":"PropertyValueSpecification","valueRequired":true,"valueName":"search_term_string"}}],"inLanguage":"es-CL"}]}},"_links":{"self":[{"href":"https:\/\/allwintheme.com\/es\/wp-json\/wp\/v2\/product\/7735","targetHints":{"allow":["GET"]}}],"collection":[{"href":"https:\/\/allwintheme.com\/es\/wp-json\/wp\/v2\/product"}],"about":[{"href":"https:\/\/allwintheme.com\/es\/wp-json\/wp\/v2\/types\/product"}],"replies":[{"embeddable":true,"href":"https:\/\/allwintheme.com\/es\/wp-json\/wp\/v2\/comments?post=7735"}],"version-history":[{"count":0,"href":"https:\/\/allwintheme.com\/es\/wp-json\/wp\/v2\/product\/7735\/revisions"}],"wp:featuredmedia":[{"embeddable":true,"href":"https:\/\/allwintheme.com\/es\/wp-json\/wp\/v2\/media\/7679"}],"wp:attachment":[{"href":"https:\/\/allwintheme.com\/es\/wp-json\/wp\/v2\/media?parent=7735"}],"wp:term":[{"taxonomy":"product_brand","embeddable":true,"href":"https:\/\/allwintheme.com\/es\/wp-json\/wp\/v2\/product_brand?post=7735"},{"taxonomy":"product_cat","embeddable":true,"href":"https:\/\/allwintheme.com\/es\/wp-json\/wp\/v2\/product_cat?post=7735"},{"taxonomy":"product_tag","embeddable":true,"href":"https:\/\/allwintheme.com\/es\/wp-json\/wp\/v2\/product_tag?post=7735"}],"curies":[{"name":"wp","href":"https:\/\/api.w.org\/{rel}","templated":true}]}}