{"id":7741,"date":"2025-09-23T12:02:16","date_gmt":"2025-09-23T12:02:16","guid":{"rendered":"https:\/\/allwintheme.com\/?post_type=product&#038;p=7741"},"modified":"2025-09-23T12:53:58","modified_gmt":"2025-09-23T12:53:58","slug":"ultimate-addons-para-contact-form-7-pro","status":"publish","type":"product","link":"https:\/\/allwintheme.com\/es\/producto\/ultimate-addons-para-contact-form-7-pro\/","title":{"rendered":"Lo \u00faltimo en complementos para Contact Form 7 Pro"},"content":{"rendered":"<div data-elementor-type=\"wp-post\" data-elementor-id=\"7741\" class=\"elementor elementor-7741\" data-elementor-settings=\"{&quot;element_pack_global_tooltip_width&quot;:{&quot;unit&quot;:&quot;px&quot;,&quot;size&quot;:&quot;&quot;,&quot;sizes&quot;:[]},&quot;element_pack_global_tooltip_width_tablet&quot;:{&quot;unit&quot;:&quot;px&quot;,&quot;size&quot;:&quot;&quot;,&quot;sizes&quot;:[]},&quot;element_pack_global_tooltip_width_mobile&quot;:{&quot;unit&quot;:&quot;px&quot;,&quot;size&quot;:&quot;&quot;,&quot;sizes&quot;:[]},&quot;element_pack_global_tooltip_padding&quot;:{&quot;unit&quot;:&quot;px&quot;,&quot;top&quot;:&quot;&quot;,&quot;right&quot;:&quot;&quot;,&quot;bottom&quot;:&quot;&quot;,&quot;left&quot;:&quot;&quot;,&quot;isLinked&quot;:true},&quot;element_pack_global_tooltip_padding_tablet&quot;:{&quot;unit&quot;:&quot;px&quot;,&quot;top&quot;:&quot;&quot;,&quot;right&quot;:&quot;&quot;,&quot;bottom&quot;:&quot;&quot;,&quot;left&quot;:&quot;&quot;,&quot;isLinked&quot;:true},&quot;element_pack_global_tooltip_padding_mobile&quot;:{&quot;unit&quot;:&quot;px&quot;,&quot;top&quot;:&quot;&quot;,&quot;right&quot;:&quot;&quot;,&quot;bottom&quot;:&quot;&quot;,&quot;left&quot;:&quot;&quot;,&quot;isLinked&quot;:true},&quot;element_pack_global_tooltip_border_radius&quot;:{&quot;unit&quot;:&quot;px&quot;,&quot;top&quot;:&quot;&quot;,&quot;right&quot;:&quot;&quot;,&quot;bottom&quot;:&quot;&quot;,&quot;left&quot;:&quot;&quot;,&quot;isLinked&quot;:true},&quot;element_pack_global_tooltip_border_radius_tablet&quot;:{&quot;unit&quot;:&quot;px&quot;,&quot;top&quot;:&quot;&quot;,&quot;right&quot;:&quot;&quot;,&quot;bottom&quot;:&quot;&quot;,&quot;left&quot;:&quot;&quot;,&quot;isLinked&quot;:true},&quot;element_pack_global_tooltip_border_radius_mobile&quot;:{&quot;unit&quot;:&quot;px&quot;,&quot;top&quot;:&quot;&quot;,&quot;right&quot;:&quot;&quot;,&quot;bottom&quot;:&quot;&quot;,&quot;left&quot;:&quot;&quot;,&quot;isLinked&quot;:true}}\" data-elementor-post-type=\"product\">\n\t\t\t\t<div class=\"elementor-element elementor-element-93aa4a8 e-con-full e-flex e-con e-parent\" data-id=\"93aa4a8\" data-element_type=\"container\" data-e-type=\"container\">\n\t\t\t\t<div class=\"elementor-element elementor-element-2c3f760 miaoshu elementor-widget elementor-widget-wd_text_block\" data-id=\"2c3f760\" data-element_type=\"widget\" data-e-type=\"widget\" data-widget_type=\"wd_text_block.default\">\n\t\t\t\t<div class=\"elementor-widget-container\">\n\t\t\t\t\t\t\t<div class=\"wd-text-block reset-last-child text-left\">\n\t\t\t\n\t\t\t<h2>Ultimate Addons para Contact Form 7 Pro: Cree formularios m\u00e1s inteligentes<\/h2>\n<p>En <strong>Lo \u00faltimo en complementos para Contact Form 7 Pro<\/strong> es un potente complemento que lleva al popular Contact Form 7 al siguiente nivel. Con funciones avanzadas y una interfaz f\u00e1cil de usar, este complemento te permite crear formularios profesionales altamente personalizables sin necesidad de conocimientos de programaci\u00f3n. Tanto si est\u00e1 creando formularios de contacto, encuestas o complejas herramientas de recopilaci\u00f3n de datos, este complemento agiliza el proceso a la vez que mejora la funcionalidad y el compromiso del usuario.<\/p>\n\n<h3>Potentes funciones para formularios din\u00e1micos<\/h3>\n<p>Ultimate Addons le proporciona todo lo que necesita para dise\u00f1ar sofisticados formularios adaptados a sus necesidades espec\u00edficas. Desde formularios de varios pasos hasta l\u00f3gica condicional, este complemento ofrece una flexibilidad inigualable para crear experiencias de usuario atractivas y eficientes.<\/p>\n\n<h3>Caracter\u00edsticas principales<\/h3>\n<ul>\n    <li><strong>Formularios de varios pasos:<\/strong> Divida los formularios complejos en pasos manejables para mejorar las tasas de cumplimentaci\u00f3n de los usuarios.<\/li>\n    <li><strong>L\u00f3gica condicional:<\/strong> Cree formularios din\u00e1micos que se adaptan en funci\u00f3n de las entradas del usuario para ofrecer una experiencia personalizada.<\/li>\n    <li><strong>Tipos de campo adicionales:<\/strong> Ampl\u00ede las posibilidades de sus formularios con nuevas opciones de campo para una mayor versatilidad.<\/li>\n    <li><strong>Opciones de estilo mejoradas:<\/strong> Personalice el aspecto de sus formularios para adaptarlos a su marca sin esfuerzo.<\/li>\n    <li><strong>Integraci\u00f3n perfecta con terceros:<\/strong> Con\u00e9ctese con servicios populares para potenciar el rendimiento de los formularios y la recopilaci\u00f3n de datos.<\/li>\n    <li><strong>No requiere codificaci\u00f3n:<\/strong> Construya formularios complejos con una interfaz intuitiva, accesible a todos los niveles de destreza.<\/li>\n    <li><strong>Optimizado para la participaci\u00f3n de los usuarios:<\/strong> Cree formularios que sean a la vez funcionales y visualmente atractivos para mejorar la interacci\u00f3n con el usuario.<\/li>\n<\/ul>\n\n<h3>\u00bfPor qu\u00e9 elegir Ultimate Addons para Contact Form 7 Pro?<\/h3>\n<p>Este plugin est\u00e1 dise\u00f1ado para que la creaci\u00f3n de formularios sea sencilla pero potente. Su perfecta integraci\u00f3n con Contact Form 7 garantiza un flujo de trabajo fluido, mientras que sus funciones avanzadas le permiten crear formularios de calidad profesional que agilizan la recopilaci\u00f3n de datos y mejoran la satisfacci\u00f3n del usuario. Tanto si es propietario de un negocio, comercializador o desarrollador, Ultimate Addons le ayuda a crear formularios que funcionan de forma m\u00e1s inteligente, no m\u00e1s dif\u00edcil.<\/p>\n\n<h3>Mejore sus formularios hoy mismo<\/h3>\n<p>Transforme su experiencia Contact Form 7 con <strong>Lo \u00faltimo en complementos para Contact Form 7 Pro<\/strong>. Cree formularios din\u00e1micos, f\u00e1ciles de usar y profesionales que mejoren la funcionalidad de su sitio web y atraigan a su p\u00fablico. Empiece ahora y libere todo el potencial de sus formularios.<\/p>\n\t\t\t\t\t<\/div>\n\t\t\t\t\t\t<\/div>\n\t\t\t\t<\/div>\n\t\t\t\t<\/div>\n\t\t\t\t<\/div>","protected":false},"excerpt":{"rendered":"<p>Ultimate Addons for Contact Form 7 Pro: Build Smarter Forms The Ultimate Addons for Contact Form 7 Pro is a<\/p>","protected":false},"featured_media":7686,"comment_status":"open","ping_status":"closed","template":"","meta":{"_acf_changed":false},"product_brand":[],"product_cat":[49],"product_tag":[],"class_list":{"0":"post-7741","1":"product","2":"type-product","3":"status-publish","4":"has-post-thumbnail","6":"product_cat-plugins","8":"first","9":"instock","10":"sale","11":"downloadable","12":"shipping-taxable","13":"purchasable","14":"product-type-simple"},"acf":[],"yoast_head":"<!-- This site is optimized with the Yoast SEO Premium plugin v25.6 (Yoast SEO v27.1.1) - https:\/\/yoast.com\/product\/yoast-seo-premium-wordpress\/ -->\n<title>Ultimate Addons for Contact Form 7 Pro - AllWin Theme \u2013 Free WordPress Themes Download<\/title>\n<meta name=\"description\" content=\"Supercharge Contact Form 7 with advanced features like multi-step forms, conditional logic, and enhanced styling for professional, user-friendly forms.\" \/>\n<meta name=\"robots\" content=\"index, follow, max-snippet:-1, max-image-preview:large, max-video-preview:-1\" \/>\n<link rel=\"canonical\" href=\"https:\/\/allwintheme.com\/es\/producto\/ultimate-addons-para-contact-form-7-pro\/\" \/>\n<meta property=\"og:locale\" content=\"es_ES\" \/>\n<meta property=\"og:type\" content=\"article\" \/>\n<meta property=\"og:title\" content=\"Ultimate Addons for Contact Form 7 Pro\" \/>\n<meta property=\"og:description\" content=\"Supercharge Contact Form 7 with advanced features like multi-step forms, conditional logic, and enhanced styling for professional, user-friendly forms.\" \/>\n<meta property=\"og:url\" content=\"https:\/\/allwintheme.com\/es\/producto\/ultimate-addons-para-contact-form-7-pro\/\" \/>\n<meta property=\"og:site_name\" content=\"AllWin Theme \u2013 Free WordPress Themes Download\" \/>\n<meta property=\"article:modified_time\" content=\"2025-09-23T12:53:58+00:00\" \/>\n<meta property=\"og:image\" content=\"https:\/\/allwintheme.com\/wp-content\/uploads\/2025\/09\/h0bne05u.png\" \/>\n\t<meta property=\"og:image:width\" content=\"590\" \/>\n\t<meta property=\"og:image:height\" content=\"300\" \/>\n\t<meta property=\"og:image:type\" content=\"image\/png\" \/>\n<meta name=\"twitter:card\" content=\"summary_large_image\" \/>\n<meta name=\"twitter:label1\" content=\"Tiempo estimado de lectura\" \/>\n\t<meta name=\"twitter:data1\" content=\"3 minutos\" \/>\n<script type=\"application\/ld+json\" class=\"yoast-schema-graph\">{\"@context\":\"https:\/\/schema.org\",\"@graph\":[{\"@type\":\"WebPage\",\"@id\":\"https:\/\/allwintheme.com\/product\/ultimate-addons-for-contact-form-7-pro\/\",\"url\":\"https:\/\/allwintheme.com\/product\/ultimate-addons-for-contact-form-7-pro\/\",\"name\":\"Ultimate Addons for Contact Form 7 Pro - AllWin Theme \u2013 Free WordPress Themes Download\",\"isPartOf\":{\"@id\":\"https:\/\/allwintheme.com\/#website\"},\"primaryImageOfPage\":{\"@id\":\"https:\/\/allwintheme.com\/product\/ultimate-addons-for-contact-form-7-pro\/#primaryimage\"},\"image\":{\"@id\":\"https:\/\/allwintheme.com\/product\/ultimate-addons-for-contact-form-7-pro\/#primaryimage\"},\"thumbnailUrl\":\"https:\/\/allwintheme.com\/wp-content\/uploads\/2025\/09\/h0bne05u.png\",\"datePublished\":\"2025-09-23T12:02:16+00:00\",\"dateModified\":\"2025-09-23T12:53:58+00:00\",\"description\":\"Supercharge Contact Form 7 with advanced features like multi-step forms, conditional logic, and enhanced styling for professional, user-friendly forms.\",\"breadcrumb\":{\"@id\":\"https:\/\/allwintheme.com\/product\/ultimate-addons-for-contact-form-7-pro\/#breadcrumb\"},\"inLanguage\":\"es-CL\",\"potentialAction\":[{\"@type\":\"ReadAction\",\"target\":[\"https:\/\/allwintheme.com\/product\/ultimate-addons-for-contact-form-7-pro\/\"]}]},{\"@type\":\"ImageObject\",\"inLanguage\":\"es-CL\",\"@id\":\"https:\/\/allwintheme.com\/product\/ultimate-addons-for-contact-form-7-pro\/#primaryimage\",\"url\":\"https:\/\/allwintheme.com\/wp-content\/uploads\/2025\/09\/h0bne05u.png\",\"contentUrl\":\"https:\/\/allwintheme.com\/wp-content\/uploads\/2025\/09\/h0bne05u.png\",\"width\":590,\"height\":300,\"caption\":\"Ultimate Addons for Contact Form 7 Pro\"},{\"@type\":\"BreadcrumbList\",\"@id\":\"https:\/\/allwintheme.com\/product\/ultimate-addons-for-contact-form-7-pro\/#breadcrumb\",\"itemListElement\":[{\"@type\":\"ListItem\",\"position\":1,\"name\":\"Home\",\"item\":\"https:\/\/allwintheme.com\/\"},{\"@type\":\"ListItem\",\"position\":2,\"name\":\"Shop\",\"item\":\"https:\/\/allwintheme.com\/shop\/\"},{\"@type\":\"ListItem\",\"position\":3,\"name\":\"Ultimate Addons for Contact Form 7 Pro\"}]},{\"@type\":\"WebSite\",\"@id\":\"https:\/\/allwintheme.com\/#website\",\"url\":\"https:\/\/allwintheme.com\/\",\"name\":\"Allwintheme\",\"description\":\"Download free WordPress themes for every niche. Blogs, business, eCommerce, portfolio, restaurant and more. All themes are GPL licensed and mobile-ready.\",\"potentialAction\":[{\"@type\":\"SearchAction\",\"target\":{\"@type\":\"EntryPoint\",\"urlTemplate\":\"https:\/\/allwintheme.com\/?s={search_term_string}\"},\"query-input\":{\"@type\":\"PropertyValueSpecification\",\"valueRequired\":true,\"valueName\":\"search_term_string\"}}],\"inLanguage\":\"es-CL\"}]}<\/script>\n<!-- \/ Yoast SEO Premium plugin. -->","yoast_head_json":{"title":"Ultimate Addons for Contact Form 7 Pro - AllWin Theme \u2013 Free WordPress Themes Download","description":"Mejore Contact Form 7 con funciones avanzadas como formularios de varios pasos, l\u00f3gica condicional y estilo mejorado para obtener formularios profesionales y f\u00e1ciles de usar.","robots":{"index":"index","follow":"follow","max-snippet":"max-snippet:-1","max-image-preview":"max-image-preview:large","max-video-preview":"max-video-preview:-1"},"canonical":"https:\/\/allwintheme.com\/es\/producto\/ultimate-addons-para-contact-form-7-pro\/","og_locale":"es_ES","og_type":"article","og_title":"Ultimate Addons for Contact Form 7 Pro","og_description":"Supercharge Contact Form 7 with advanced features like multi-step forms, conditional logic, and enhanced styling for professional, user-friendly forms.","og_url":"https:\/\/allwintheme.com\/es\/producto\/ultimate-addons-para-contact-form-7-pro\/","og_site_name":"AllWin Theme \u2013 Free WordPress Themes Download","article_modified_time":"2025-09-23T12:53:58+00:00","og_image":[{"width":590,"height":300,"url":"https:\/\/allwintheme.com\/wp-content\/uploads\/2025\/09\/h0bne05u.png","type":"image\/png"}],"twitter_card":"summary_large_image","twitter_misc":{"Tiempo estimado de lectura":"3 minutos"},"schema":{"@context":"https:\/\/schema.org","@graph":[{"@type":"WebPage","@id":"https:\/\/allwintheme.com\/product\/ultimate-addons-for-contact-form-7-pro\/","url":"https:\/\/allwintheme.com\/product\/ultimate-addons-for-contact-form-7-pro\/","name":"Ultimate Addons for Contact Form 7 Pro - AllWin Theme \u2013 Free WordPress Themes Download","isPartOf":{"@id":"https:\/\/allwintheme.com\/#website"},"primaryImageOfPage":{"@id":"https:\/\/allwintheme.com\/product\/ultimate-addons-for-contact-form-7-pro\/#primaryimage"},"image":{"@id":"https:\/\/allwintheme.com\/product\/ultimate-addons-for-contact-form-7-pro\/#primaryimage"},"thumbnailUrl":"https:\/\/allwintheme.com\/wp-content\/uploads\/2025\/09\/h0bne05u.png","datePublished":"2025-09-23T12:02:16+00:00","dateModified":"2025-09-23T12:53:58+00:00","description":"Mejore Contact Form 7 con funciones avanzadas como formularios de varios pasos, l\u00f3gica condicional y estilo mejorado para obtener formularios profesionales y f\u00e1ciles de usar.","breadcrumb":{"@id":"https:\/\/allwintheme.com\/product\/ultimate-addons-for-contact-form-7-pro\/#breadcrumb"},"inLanguage":"es-CL","potentialAction":[{"@type":"ReadAction","target":["https:\/\/allwintheme.com\/product\/ultimate-addons-for-contact-form-7-pro\/"]}]},{"@type":"ImageObject","inLanguage":"es-CL","@id":"https:\/\/allwintheme.com\/product\/ultimate-addons-for-contact-form-7-pro\/#primaryimage","url":"https:\/\/allwintheme.com\/wp-content\/uploads\/2025\/09\/h0bne05u.png","contentUrl":"https:\/\/allwintheme.com\/wp-content\/uploads\/2025\/09\/h0bne05u.png","width":590,"height":300,"caption":"Ultimate Addons for Contact Form 7 Pro"},{"@type":"BreadcrumbList","@id":"https:\/\/allwintheme.com\/product\/ultimate-addons-for-contact-form-7-pro\/#breadcrumb","itemListElement":[{"@type":"ListItem","position":1,"name":"Home","item":"https:\/\/allwintheme.com\/"},{"@type":"ListItem","position":2,"name":"Shop","item":"https:\/\/allwintheme.com\/shop\/"},{"@type":"ListItem","position":3,"name":"Ultimate Addons for Contact Form 7 Pro"}]},{"@type":"WebSite","@id":"https:\/\/allwintheme.com\/#website","url":"https:\/\/allwintheme.com\/","name":"Allwintheme","description":"Descarga gratis temas de WordPress para todos los nichos. Blogs, negocios, comercio electr\u00f3nico, portafolio, restaurante y m\u00e1s. Todos los temas tienen licencia GPL y est\u00e1n preparados para dispositivos m\u00f3viles.","potentialAction":[{"@type":"SearchAction","target":{"@type":"EntryPoint","urlTemplate":"https:\/\/allwintheme.com\/?s={search_term_string}"},"query-input":{"@type":"PropertyValueSpecification","valueRequired":true,"valueName":"search_term_string"}}],"inLanguage":"es-CL"}]}},"_links":{"self":[{"href":"https:\/\/allwintheme.com\/es\/wp-json\/wp\/v2\/product\/7741","targetHints":{"allow":["GET"]}}],"collection":[{"href":"https:\/\/allwintheme.com\/es\/wp-json\/wp\/v2\/product"}],"about":[{"href":"https:\/\/allwintheme.com\/es\/wp-json\/wp\/v2\/types\/product"}],"replies":[{"embeddable":true,"href":"https:\/\/allwintheme.com\/es\/wp-json\/wp\/v2\/comments?post=7741"}],"version-history":[{"count":0,"href":"https:\/\/allwintheme.com\/es\/wp-json\/wp\/v2\/product\/7741\/revisions"}],"wp:featuredmedia":[{"embeddable":true,"href":"https:\/\/allwintheme.com\/es\/wp-json\/wp\/v2\/media\/7686"}],"wp:attachment":[{"href":"https:\/\/allwintheme.com\/es\/wp-json\/wp\/v2\/media?parent=7741"}],"wp:term":[{"taxonomy":"product_brand","embeddable":true,"href":"https:\/\/allwintheme.com\/es\/wp-json\/wp\/v2\/product_brand?post=7741"},{"taxonomy":"product_cat","embeddable":true,"href":"https:\/\/allwintheme.com\/es\/wp-json\/wp\/v2\/product_cat?post=7741"},{"taxonomy":"product_tag","embeddable":true,"href":"https:\/\/allwintheme.com\/es\/wp-json\/wp\/v2\/product_tag?post=7741"}],"curies":[{"name":"wp","href":"https:\/\/api.w.org\/{rel}","templated":true}]}}