{"id":7809,"date":"2025-09-24T05:16:09","date_gmt":"2025-09-24T05:16:09","guid":{"rendered":"https:\/\/allwintheme.com\/?post_type=product&#038;p=7809"},"modified":"2025-09-24T05:29:00","modified_gmt":"2025-09-24T05:29:00","slug":"formulario-de-contacto-multipaso-7-pro","status":"publish","type":"product","link":"https:\/\/allwintheme.com\/es\/producto\/formulario-de-contacto-multipaso-7-pro\/","title":{"rendered":"Formulario de contacto 7 Multi-paso Pro"},"content":{"rendered":"<div data-elementor-type=\"wp-post\" data-elementor-id=\"7809\" class=\"elementor elementor-7809\" data-elementor-settings=\"{&quot;element_pack_global_tooltip_width&quot;:{&quot;unit&quot;:&quot;px&quot;,&quot;size&quot;:&quot;&quot;,&quot;sizes&quot;:[]},&quot;element_pack_global_tooltip_width_tablet&quot;:{&quot;unit&quot;:&quot;px&quot;,&quot;size&quot;:&quot;&quot;,&quot;sizes&quot;:[]},&quot;element_pack_global_tooltip_width_mobile&quot;:{&quot;unit&quot;:&quot;px&quot;,&quot;size&quot;:&quot;&quot;,&quot;sizes&quot;:[]},&quot;element_pack_global_tooltip_padding&quot;:{&quot;unit&quot;:&quot;px&quot;,&quot;top&quot;:&quot;&quot;,&quot;right&quot;:&quot;&quot;,&quot;bottom&quot;:&quot;&quot;,&quot;left&quot;:&quot;&quot;,&quot;isLinked&quot;:true},&quot;element_pack_global_tooltip_padding_tablet&quot;:{&quot;unit&quot;:&quot;px&quot;,&quot;top&quot;:&quot;&quot;,&quot;right&quot;:&quot;&quot;,&quot;bottom&quot;:&quot;&quot;,&quot;left&quot;:&quot;&quot;,&quot;isLinked&quot;:true},&quot;element_pack_global_tooltip_padding_mobile&quot;:{&quot;unit&quot;:&quot;px&quot;,&quot;top&quot;:&quot;&quot;,&quot;right&quot;:&quot;&quot;,&quot;bottom&quot;:&quot;&quot;,&quot;left&quot;:&quot;&quot;,&quot;isLinked&quot;:true},&quot;element_pack_global_tooltip_border_radius&quot;:{&quot;unit&quot;:&quot;px&quot;,&quot;top&quot;:&quot;&quot;,&quot;right&quot;:&quot;&quot;,&quot;bottom&quot;:&quot;&quot;,&quot;left&quot;:&quot;&quot;,&quot;isLinked&quot;:true},&quot;element_pack_global_tooltip_border_radius_tablet&quot;:{&quot;unit&quot;:&quot;px&quot;,&quot;top&quot;:&quot;&quot;,&quot;right&quot;:&quot;&quot;,&quot;bottom&quot;:&quot;&quot;,&quot;left&quot;:&quot;&quot;,&quot;isLinked&quot;:true},&quot;element_pack_global_tooltip_border_radius_mobile&quot;:{&quot;unit&quot;:&quot;px&quot;,&quot;top&quot;:&quot;&quot;,&quot;right&quot;:&quot;&quot;,&quot;bottom&quot;:&quot;&quot;,&quot;left&quot;:&quot;&quot;,&quot;isLinked&quot;:true}}\" data-elementor-post-type=\"product\">\n\t\t\t\t<div class=\"elementor-element elementor-element-93aa4a8 e-con-full e-flex e-con e-parent\" data-id=\"93aa4a8\" data-element_type=\"container\" data-e-type=\"container\">\n\t\t\t\t<div class=\"elementor-element elementor-element-2c3f760 miaoshu elementor-widget elementor-widget-wd_text_block\" data-id=\"2c3f760\" data-element_type=\"widget\" data-e-type=\"widget\" data-widget_type=\"wd_text_block.default\">\n\t\t\t\t<div class=\"elementor-widget-container\">\n\t\t\t\t\t\t\t<div class=\"wd-text-block reset-last-child text-left\">\n\t\t\t\n\t\t\t<h2>Formulario de Contacto 7 Multi-paso Pro: Optimice sus formularios<\/h2>\n<p>En <strong>Formulario de contacto 7 Multi-paso Pro<\/strong> mejora el popular plugin Contact Form 7 permiti\u00e9ndole crear formularios de varios pasos que mejoran la experiencia y el compromiso del usuario. Perfecto para empresas, blogueros o cualquiera que busque simplificar formularios complejos, este plugin divide los env\u00edos largos en pasos manejables y f\u00e1ciles de usar.<\/p>\n\n<h3>Creaci\u00f3n de formularios en varios pasos sin esfuerzo<\/h3>\n<p>Con Contact Form 7 Multi-step Pro, puede transformar cualquier formulario en un proceso de varios pasos sin sacrificar la funcionalidad. Este plugin te permite organizar los campos en secciones l\u00f3gicas, guiando a los usuarios a trav\u00e9s del formulario paso a paso para reducir el agobio y aumentar las tasas de finalizaci\u00f3n.<\/p>\n\n<h3>\u00bfPor qu\u00e9 elegir Contact Form 7 Multi-step Pro?<\/h3>\n<ul>\n    <li><strong>Dise\u00f1o f\u00e1cil de usar:<\/strong> Descomponga los formularios complejos en pasos intuitivos y f\u00e1ciles de seguir.<\/li>\n    <li><strong>Integraci\u00f3n perfecta:<\/strong> Funciona perfectamente con Contact Form 7 para una configuraci\u00f3n sin problemas.<\/li>\n    <li><strong>Mejora del compromiso:<\/strong> Los formularios de varios pasos reducen la fricci\u00f3n con el usuario y aumentan las tasas de env\u00edo.<\/li>\n    <li><strong>Personalizaci\u00f3n flexible:<\/strong> Configure f\u00e1cilmente los pasos para adaptarlos a las necesidades espec\u00edficas de su formulario.<\/li>\n    <li><strong>Eficiencia que ahorra tiempo:<\/strong> Agilice la recogida de datos con un proceso claro y organizado.<\/li>\n<\/ul>\n\n<h3>Mejore su experiencia con los formularios<\/h3>\n<p>Tanto si est\u00e1 recopilando consultas, registros o comentarios, Contact Form 7 Multi-step Pro garantiza que sus formularios sean profesionales y atractivos. Al simplificar el proceso de env\u00edo, creas una mejor experiencia para tus usuarios, anim\u00e1ndoles a completar tus formularios con facilidad.<\/p>\n\n<h3>Empiece hoy mismo<\/h3>\n<p>Mejore su experiencia con Contact Form 7 con <strong>Formulario de contacto 7 Multi-paso Pro<\/strong> plugin. Cree formularios eficientes de varios pasos que cautiven a su audiencia y agilicen su flujo de trabajo. \u00a1Empieza a crear formularios m\u00e1s inteligentes ahora!<\/p>\n\t\t\t\t\t<\/div>\n\t\t\t\t\t\t<\/div>\n\t\t\t\t<\/div>\n\t\t\t\t<\/div>\n\t\t\t\t<\/div>","protected":false},"excerpt":{"rendered":"<p>Contact Form 7 Multi-step Pro: Streamline Your Forms The Contact Form 7 Multi-step Pro plugin enhances the popular Contact Form<\/p>","protected":false},"featured_media":7689,"comment_status":"open","ping_status":"closed","template":"","meta":{"_acf_changed":false},"product_brand":[],"product_cat":[49],"product_tag":[],"class_list":{"0":"post-7809","1":"product","2":"type-product","3":"status-publish","4":"has-post-thumbnail","6":"product_cat-plugins","8":"first","9":"instock","10":"sale","11":"downloadable","12":"shipping-taxable","13":"purchasable","14":"product-type-simple"},"acf":[],"yoast_head":"<!-- This site is optimized with the Yoast SEO Premium plugin v25.6 (Yoast SEO v27.1.1) - https:\/\/yoast.com\/product\/yoast-seo-premium-wordpress\/ -->\n<title>Contact Form 7 Multi-step Pro - AllWin Theme \u2013 Free WordPress Themes Download<\/title>\n<meta name=\"description\" content=\"Simplify complex forms with Contact Form 7 Multi-step Pro. Create efficient, user-friendly multi-step forms for better engagement.\" \/>\n<meta name=\"robots\" content=\"index, follow, max-snippet:-1, max-image-preview:large, max-video-preview:-1\" \/>\n<link rel=\"canonical\" href=\"https:\/\/allwintheme.com\/es\/producto\/formulario-de-contacto-multipaso-7-pro\/\" \/>\n<meta property=\"og:locale\" content=\"es_ES\" \/>\n<meta property=\"og:type\" content=\"article\" \/>\n<meta property=\"og:title\" content=\"Contact Form 7 Multi-step Pro\" \/>\n<meta property=\"og:description\" content=\"Simplify complex forms with Contact Form 7 Multi-step Pro. Create efficient, user-friendly multi-step forms for better engagement.\" \/>\n<meta property=\"og:url\" content=\"https:\/\/allwintheme.com\/es\/producto\/formulario-de-contacto-multipaso-7-pro\/\" \/>\n<meta property=\"og:site_name\" content=\"AllWin Theme \u2013 Free WordPress Themes Download\" \/>\n<meta property=\"article:modified_time\" content=\"2025-09-24T05:29:00+00:00\" \/>\n<meta property=\"og:image\" content=\"https:\/\/allwintheme.com\/wp-content\/uploads\/2025\/09\/okvydnbn.png\" \/>\n\t<meta property=\"og:image:width\" content=\"590\" \/>\n\t<meta property=\"og:image:height\" content=\"300\" \/>\n\t<meta property=\"og:image:type\" content=\"image\/png\" \/>\n<meta name=\"twitter:card\" content=\"summary_large_image\" \/>\n<meta name=\"twitter:label1\" content=\"Tiempo estimado de lectura\" \/>\n\t<meta name=\"twitter:data1\" content=\"2 minutos\" \/>\n<script type=\"application\/ld+json\" class=\"yoast-schema-graph\">{\"@context\":\"https:\/\/schema.org\",\"@graph\":[{\"@type\":\"WebPage\",\"@id\":\"https:\/\/allwintheme.com\/product\/contact-form-multi-step-7-pro\/\",\"url\":\"https:\/\/allwintheme.com\/product\/contact-form-multi-step-7-pro\/\",\"name\":\"Contact Form 7 Multi-step Pro - AllWin Theme \u2013 Free WordPress Themes Download\",\"isPartOf\":{\"@id\":\"https:\/\/allwintheme.com\/#website\"},\"primaryImageOfPage\":{\"@id\":\"https:\/\/allwintheme.com\/product\/contact-form-multi-step-7-pro\/#primaryimage\"},\"image\":{\"@id\":\"https:\/\/allwintheme.com\/product\/contact-form-multi-step-7-pro\/#primaryimage\"},\"thumbnailUrl\":\"https:\/\/allwintheme.com\/wp-content\/uploads\/2025\/09\/okvydnbn.png\",\"datePublished\":\"2025-09-24T05:16:09+00:00\",\"dateModified\":\"2025-09-24T05:29:00+00:00\",\"description\":\"Simplify complex forms with Contact Form 7 Multi-step Pro. Create efficient, user-friendly multi-step forms for better engagement.\",\"breadcrumb\":{\"@id\":\"https:\/\/allwintheme.com\/product\/contact-form-multi-step-7-pro\/#breadcrumb\"},\"inLanguage\":\"es-CL\",\"potentialAction\":[{\"@type\":\"ReadAction\",\"target\":[\"https:\/\/allwintheme.com\/product\/contact-form-multi-step-7-pro\/\"]}]},{\"@type\":\"ImageObject\",\"inLanguage\":\"es-CL\",\"@id\":\"https:\/\/allwintheme.com\/product\/contact-form-multi-step-7-pro\/#primaryimage\",\"url\":\"https:\/\/allwintheme.com\/wp-content\/uploads\/2025\/09\/okvydnbn.png\",\"contentUrl\":\"https:\/\/allwintheme.com\/wp-content\/uploads\/2025\/09\/okvydnbn.png\",\"width\":590,\"height\":300,\"caption\":\"Contact Form Multi-step 7 Pro\"},{\"@type\":\"BreadcrumbList\",\"@id\":\"https:\/\/allwintheme.com\/product\/contact-form-multi-step-7-pro\/#breadcrumb\",\"itemListElement\":[{\"@type\":\"ListItem\",\"position\":1,\"name\":\"Home\",\"item\":\"https:\/\/allwintheme.com\/\"},{\"@type\":\"ListItem\",\"position\":2,\"name\":\"Shop\",\"item\":\"https:\/\/allwintheme.com\/shop\/\"},{\"@type\":\"ListItem\",\"position\":3,\"name\":\"Contact Form 7 Multi-step Pro\"}]},{\"@type\":\"WebSite\",\"@id\":\"https:\/\/allwintheme.com\/#website\",\"url\":\"https:\/\/allwintheme.com\/\",\"name\":\"Allwintheme\",\"description\":\"Download free WordPress themes for every niche. Blogs, business, eCommerce, portfolio, restaurant and more. All themes are GPL licensed and mobile-ready.\",\"potentialAction\":[{\"@type\":\"SearchAction\",\"target\":{\"@type\":\"EntryPoint\",\"urlTemplate\":\"https:\/\/allwintheme.com\/?s={search_term_string}\"},\"query-input\":{\"@type\":\"PropertyValueSpecification\",\"valueRequired\":true,\"valueName\":\"search_term_string\"}}],\"inLanguage\":\"es-CL\"}]}<\/script>\n<!-- \/ Yoast SEO Premium plugin. -->","yoast_head_json":{"title":"Contact Form 7 Multi-step Pro - AllWin Theme - Free WordPress Themes Download","description":"Simplifique los formularios complejos con Contact Form 7 Multi-step Pro. Cree formularios multipaso eficientes y f\u00e1ciles de usar para mejorar el compromiso.","robots":{"index":"index","follow":"follow","max-snippet":"max-snippet:-1","max-image-preview":"max-image-preview:large","max-video-preview":"max-video-preview:-1"},"canonical":"https:\/\/allwintheme.com\/es\/producto\/formulario-de-contacto-multipaso-7-pro\/","og_locale":"es_ES","og_type":"article","og_title":"Contact Form 7 Multi-step Pro","og_description":"Simplify complex forms with Contact Form 7 Multi-step Pro. Create efficient, user-friendly multi-step forms for better engagement.","og_url":"https:\/\/allwintheme.com\/es\/producto\/formulario-de-contacto-multipaso-7-pro\/","og_site_name":"AllWin Theme \u2013 Free WordPress Themes Download","article_modified_time":"2025-09-24T05:29:00+00:00","og_image":[{"width":590,"height":300,"url":"https:\/\/allwintheme.com\/wp-content\/uploads\/2025\/09\/okvydnbn.png","type":"image\/png"}],"twitter_card":"summary_large_image","twitter_misc":{"Tiempo estimado de lectura":"2 minutos"},"schema":{"@context":"https:\/\/schema.org","@graph":[{"@type":"WebPage","@id":"https:\/\/allwintheme.com\/product\/contact-form-multi-step-7-pro\/","url":"https:\/\/allwintheme.com\/product\/contact-form-multi-step-7-pro\/","name":"Contact Form 7 Multi-step Pro - AllWin Theme - Free WordPress Themes Download","isPartOf":{"@id":"https:\/\/allwintheme.com\/#website"},"primaryImageOfPage":{"@id":"https:\/\/allwintheme.com\/product\/contact-form-multi-step-7-pro\/#primaryimage"},"image":{"@id":"https:\/\/allwintheme.com\/product\/contact-form-multi-step-7-pro\/#primaryimage"},"thumbnailUrl":"https:\/\/allwintheme.com\/wp-content\/uploads\/2025\/09\/okvydnbn.png","datePublished":"2025-09-24T05:16:09+00:00","dateModified":"2025-09-24T05:29:00+00:00","description":"Simplifique los formularios complejos con Contact Form 7 Multi-step Pro. Cree formularios multipaso eficientes y f\u00e1ciles de usar para mejorar el compromiso.","breadcrumb":{"@id":"https:\/\/allwintheme.com\/product\/contact-form-multi-step-7-pro\/#breadcrumb"},"inLanguage":"es-CL","potentialAction":[{"@type":"ReadAction","target":["https:\/\/allwintheme.com\/product\/contact-form-multi-step-7-pro\/"]}]},{"@type":"ImageObject","inLanguage":"es-CL","@id":"https:\/\/allwintheme.com\/product\/contact-form-multi-step-7-pro\/#primaryimage","url":"https:\/\/allwintheme.com\/wp-content\/uploads\/2025\/09\/okvydnbn.png","contentUrl":"https:\/\/allwintheme.com\/wp-content\/uploads\/2025\/09\/okvydnbn.png","width":590,"height":300,"caption":"Contact Form Multi-step 7 Pro"},{"@type":"BreadcrumbList","@id":"https:\/\/allwintheme.com\/product\/contact-form-multi-step-7-pro\/#breadcrumb","itemListElement":[{"@type":"ListItem","position":1,"name":"Home","item":"https:\/\/allwintheme.com\/"},{"@type":"ListItem","position":2,"name":"Shop","item":"https:\/\/allwintheme.com\/shop\/"},{"@type":"ListItem","position":3,"name":"Contact Form 7 Multi-step Pro"}]},{"@type":"WebSite","@id":"https:\/\/allwintheme.com\/#website","url":"https:\/\/allwintheme.com\/","name":"Allwintheme","description":"Descarga gratis temas de WordPress para todos los nichos. Blogs, negocios, comercio electr\u00f3nico, portafolio, restaurante y m\u00e1s. Todos los temas tienen licencia GPL y est\u00e1n preparados para dispositivos m\u00f3viles.","potentialAction":[{"@type":"SearchAction","target":{"@type":"EntryPoint","urlTemplate":"https:\/\/allwintheme.com\/?s={search_term_string}"},"query-input":{"@type":"PropertyValueSpecification","valueRequired":true,"valueName":"search_term_string"}}],"inLanguage":"es-CL"}]}},"_links":{"self":[{"href":"https:\/\/allwintheme.com\/es\/wp-json\/wp\/v2\/product\/7809","targetHints":{"allow":["GET"]}}],"collection":[{"href":"https:\/\/allwintheme.com\/es\/wp-json\/wp\/v2\/product"}],"about":[{"href":"https:\/\/allwintheme.com\/es\/wp-json\/wp\/v2\/types\/product"}],"replies":[{"embeddable":true,"href":"https:\/\/allwintheme.com\/es\/wp-json\/wp\/v2\/comments?post=7809"}],"version-history":[{"count":0,"href":"https:\/\/allwintheme.com\/es\/wp-json\/wp\/v2\/product\/7809\/revisions"}],"wp:featuredmedia":[{"embeddable":true,"href":"https:\/\/allwintheme.com\/es\/wp-json\/wp\/v2\/media\/7689"}],"wp:attachment":[{"href":"https:\/\/allwintheme.com\/es\/wp-json\/wp\/v2\/media?parent=7809"}],"wp:term":[{"taxonomy":"product_brand","embeddable":true,"href":"https:\/\/allwintheme.com\/es\/wp-json\/wp\/v2\/product_brand?post=7809"},{"taxonomy":"product_cat","embeddable":true,"href":"https:\/\/allwintheme.com\/es\/wp-json\/wp\/v2\/product_cat?post=7809"},{"taxonomy":"product_tag","embeddable":true,"href":"https:\/\/allwintheme.com\/es\/wp-json\/wp\/v2\/product_tag?post=7809"}],"curies":[{"name":"wp","href":"https:\/\/api.w.org\/{rel}","templated":true}]}}