{"id":7815,"date":"2025-09-24T05:39:44","date_gmt":"2025-09-24T05:39:44","guid":{"rendered":"https:\/\/allwintheme.com\/?post_type=product&#038;p=7815"},"modified":"2025-09-24T05:44:25","modified_gmt":"2025-09-24T05:44:25","slug":"cool-formkit-para-formularios-elementor","status":"publish","type":"product","link":"https:\/\/allwintheme.com\/es\/producto\/cool-formkit-para-formularios-elementor\/","title":{"rendered":"Cool FormKit para formularios Elementor"},"content":{"rendered":"<div data-elementor-type=\"wp-post\" data-elementor-id=\"7815\" class=\"elementor elementor-7815\" data-elementor-settings=\"{&quot;element_pack_global_tooltip_width&quot;:{&quot;unit&quot;:&quot;px&quot;,&quot;size&quot;:&quot;&quot;,&quot;sizes&quot;:[]},&quot;element_pack_global_tooltip_width_tablet&quot;:{&quot;unit&quot;:&quot;px&quot;,&quot;size&quot;:&quot;&quot;,&quot;sizes&quot;:[]},&quot;element_pack_global_tooltip_width_mobile&quot;:{&quot;unit&quot;:&quot;px&quot;,&quot;size&quot;:&quot;&quot;,&quot;sizes&quot;:[]},&quot;element_pack_global_tooltip_padding&quot;:{&quot;unit&quot;:&quot;px&quot;,&quot;top&quot;:&quot;&quot;,&quot;right&quot;:&quot;&quot;,&quot;bottom&quot;:&quot;&quot;,&quot;left&quot;:&quot;&quot;,&quot;isLinked&quot;:true},&quot;element_pack_global_tooltip_padding_tablet&quot;:{&quot;unit&quot;:&quot;px&quot;,&quot;top&quot;:&quot;&quot;,&quot;right&quot;:&quot;&quot;,&quot;bottom&quot;:&quot;&quot;,&quot;left&quot;:&quot;&quot;,&quot;isLinked&quot;:true},&quot;element_pack_global_tooltip_padding_mobile&quot;:{&quot;unit&quot;:&quot;px&quot;,&quot;top&quot;:&quot;&quot;,&quot;right&quot;:&quot;&quot;,&quot;bottom&quot;:&quot;&quot;,&quot;left&quot;:&quot;&quot;,&quot;isLinked&quot;:true},&quot;element_pack_global_tooltip_border_radius&quot;:{&quot;unit&quot;:&quot;px&quot;,&quot;top&quot;:&quot;&quot;,&quot;right&quot;:&quot;&quot;,&quot;bottom&quot;:&quot;&quot;,&quot;left&quot;:&quot;&quot;,&quot;isLinked&quot;:true},&quot;element_pack_global_tooltip_border_radius_tablet&quot;:{&quot;unit&quot;:&quot;px&quot;,&quot;top&quot;:&quot;&quot;,&quot;right&quot;:&quot;&quot;,&quot;bottom&quot;:&quot;&quot;,&quot;left&quot;:&quot;&quot;,&quot;isLinked&quot;:true},&quot;element_pack_global_tooltip_border_radius_mobile&quot;:{&quot;unit&quot;:&quot;px&quot;,&quot;top&quot;:&quot;&quot;,&quot;right&quot;:&quot;&quot;,&quot;bottom&quot;:&quot;&quot;,&quot;left&quot;:&quot;&quot;,&quot;isLinked&quot;:true}}\" data-elementor-post-type=\"product\">\n\t\t\t\t<div class=\"elementor-element elementor-element-93aa4a8 e-con-full e-flex e-con e-parent\" data-id=\"93aa4a8\" data-element_type=\"container\" data-e-type=\"container\">\n\t\t\t\t<div class=\"elementor-element elementor-element-2c3f760 miaoshu elementor-widget elementor-widget-wd_text_block\" data-id=\"2c3f760\" data-element_type=\"widget\" data-e-type=\"widget\" data-widget_type=\"wd_text_block.default\">\n\t\t\t\t<div class=\"elementor-widget-container\">\n\t\t\t\t\t\t\t<div class=\"wd-text-block reset-last-child text-left\">\n\t\t\t\n\t\t\t<h2>Cool FormKit para formularios Elementor: Mejore la creaci\u00f3n de formularios<\/h2>\n<p>En <strong>Cool FormKit para formularios Elementor<\/strong> es el plugin esencial que lleva los formularios de tu sitio web al siguiente nivel. A\u00f1ade una s\u00f3lida colecci\u00f3n de campos avanzados y funcionalidades \u00fanicas directamente en el widget Elementor Forms, lo que te permite dise\u00f1ar formularios m\u00e1s din\u00e1micos y personalizados sin tocar una sola l\u00ednea de c\u00f3digo.<\/p>\n\n<h3>Campos avanzados y herramientas exclusivas<\/h3>\n<p>Tanto si est\u00e1s recopilando informaci\u00f3n de clientes, gestionando registros o creando p\u00e1ginas de contacto, este plugin te equipa con todo lo necesario para hacer formularios m\u00e1s inteligentes y atractivos. Desde tipos de entrada especializados hasta integraciones sin fisuras, se trata de hacer que tu experiencia con Elementor sea m\u00e1s fluida y vers\u00e1til.<\/p>\n\n<h3>\u00bfPor qu\u00e9 a\u00f1adir Cool FormKit a su kit de herramientas?<\/h3>\n<ul>\n    <li><strong>Personalizaci\u00f3n sin c\u00f3digo:<\/strong> Crea sofisticados formularios sin esfuerzo gracias a la interfaz de arrastrar y soltar de Elementor.<\/li>\n    <li><strong>Opciones de campo ampliadas:<\/strong> Acceda a una amplia gama de campos avanzados para capturar exactamente lo que necesita.<\/li>\n    <li><strong>Caracter\u00edsticas exclusivas:<\/strong> Desbloquee herramientas \u00fanicas que mejoran la funcionalidad y la interacci\u00f3n con el usuario.<\/li>\n    <li><strong>Integraci\u00f3n perfecta:<\/strong> Funciona perfectamente dentro de Elementor, manteniendo su flujo de trabajo simple y eficiente.<\/li>\n<\/ul>\n\n<h3>Haga que los formularios trabajen para usted<\/h3>\n<p>Con Cool FormKit, transformar formularios b\u00e1sicos en potentes herramientas de participaci\u00f3n es muy sencillo. Est\u00e1 dise\u00f1ado para creadores que desean resultados profesionales sin complicaciones, garantizando que su sitio destaque con formularios funcionales y f\u00e1ciles de usar.<\/p>\n\n<p>\u00bfListo para mejorar tus formularios Elementor? Sum\u00e9rgete y empieza a personalizarlos hoy mismo.<\/p>\n\t\t\t\t\t<\/div>\n\t\t\t\t\t\t<\/div>\n\t\t\t\t<\/div>\n\t\t\t\t<\/div>\n\t\t\t\t<\/div>","protected":false},"excerpt":{"rendered":"<p>Cool FormKit para Elementor Forms: Supercharge Your Form Building El Cool FormKit para Elementor Forms es el plugin esencial que<\/p>","protected":false},"featured_media":7690,"comment_status":"open","ping_status":"closed","template":"","meta":{"_acf_changed":false},"product_brand":[],"product_cat":[49],"product_tag":[],"class_list":{"0":"post-7815","1":"product","2":"type-product","3":"status-publish","4":"has-post-thumbnail","6":"product_cat-plugins","8":"first","9":"instock","10":"sale","11":"downloadable","12":"shipping-taxable","13":"purchasable","14":"product-type-simple"},"acf":[],"yoast_head":"<!-- This site is optimized with the Yoast SEO Premium plugin v25.6 (Yoast SEO v27.1.1) - https:\/\/yoast.com\/product\/yoast-seo-premium-wordpress\/ -->\n<title>Cool FormKit for Elementor Forms - AllWin Theme \u2013 Free WordPress Themes Download<\/title>\n<meta name=\"description\" content=\"Boost Elementor forms with advanced fields and exclusive features. Create powerful, custom forms without any coding required.\" \/>\n<meta name=\"robots\" content=\"index, follow, max-snippet:-1, max-image-preview:large, max-video-preview:-1\" \/>\n<link rel=\"canonical\" href=\"https:\/\/allwintheme.com\/es\/producto\/cool-formkit-para-formularios-elementor\/\" \/>\n<meta property=\"og:locale\" content=\"es_ES\" \/>\n<meta property=\"og:type\" content=\"article\" \/>\n<meta property=\"og:title\" content=\"Cool FormKit for Elementor Forms\" \/>\n<meta property=\"og:description\" content=\"Boost Elementor forms with advanced fields and exclusive features. Create powerful, custom forms without any coding required.\" \/>\n<meta property=\"og:url\" content=\"https:\/\/allwintheme.com\/es\/producto\/cool-formkit-para-formularios-elementor\/\" \/>\n<meta property=\"og:site_name\" content=\"AllWin Theme \u2013 Free WordPress Themes Download\" \/>\n<meta property=\"article:modified_time\" content=\"2025-09-24T05:44:25+00:00\" \/>\n<meta property=\"og:image\" content=\"https:\/\/allwintheme.com\/wp-content\/uploads\/2025\/09\/754czd5a.png\" \/>\n\t<meta property=\"og:image:width\" content=\"768\" \/>\n\t<meta property=\"og:image:height\" content=\"432\" \/>\n\t<meta property=\"og:image:type\" content=\"image\/png\" \/>\n<meta name=\"twitter:card\" content=\"summary_large_image\" \/>\n<meta name=\"twitter:label1\" content=\"Tiempo estimado de lectura\" \/>\n\t<meta name=\"twitter:data1\" content=\"2 minutos\" \/>\n<script type=\"application\/ld+json\" class=\"yoast-schema-graph\">{\"@context\":\"https:\/\/schema.org\",\"@graph\":[{\"@type\":\"WebPage\",\"@id\":\"https:\/\/allwintheme.com\/product\/cool-formkit-for-elementor-forms\/\",\"url\":\"https:\/\/allwintheme.com\/product\/cool-formkit-for-elementor-forms\/\",\"name\":\"Cool FormKit for Elementor Forms - AllWin Theme \u2013 Free WordPress Themes Download\",\"isPartOf\":{\"@id\":\"https:\/\/allwintheme.com\/#website\"},\"primaryImageOfPage\":{\"@id\":\"https:\/\/allwintheme.com\/product\/cool-formkit-for-elementor-forms\/#primaryimage\"},\"image\":{\"@id\":\"https:\/\/allwintheme.com\/product\/cool-formkit-for-elementor-forms\/#primaryimage\"},\"thumbnailUrl\":\"https:\/\/allwintheme.com\/wp-content\/uploads\/2025\/09\/754czd5a.png\",\"datePublished\":\"2025-09-24T05:39:44+00:00\",\"dateModified\":\"2025-09-24T05:44:25+00:00\",\"description\":\"Boost Elementor forms with advanced fields and exclusive features. Create powerful, custom forms without any coding required.\",\"breadcrumb\":{\"@id\":\"https:\/\/allwintheme.com\/product\/cool-formkit-for-elementor-forms\/#breadcrumb\"},\"inLanguage\":\"es-CL\",\"potentialAction\":[{\"@type\":\"ReadAction\",\"target\":[\"https:\/\/allwintheme.com\/product\/cool-formkit-for-elementor-forms\/\"]}]},{\"@type\":\"ImageObject\",\"inLanguage\":\"es-CL\",\"@id\":\"https:\/\/allwintheme.com\/product\/cool-formkit-for-elementor-forms\/#primaryimage\",\"url\":\"https:\/\/allwintheme.com\/wp-content\/uploads\/2025\/09\/754czd5a.png\",\"contentUrl\":\"https:\/\/allwintheme.com\/wp-content\/uploads\/2025\/09\/754czd5a.png\",\"width\":768,\"height\":432,\"caption\":\"Cool FormKit For Elementor Forms\"},{\"@type\":\"BreadcrumbList\",\"@id\":\"https:\/\/allwintheme.com\/product\/cool-formkit-for-elementor-forms\/#breadcrumb\",\"itemListElement\":[{\"@type\":\"ListItem\",\"position\":1,\"name\":\"Home\",\"item\":\"https:\/\/allwintheme.com\/\"},{\"@type\":\"ListItem\",\"position\":2,\"name\":\"Shop\",\"item\":\"https:\/\/allwintheme.com\/shop\/\"},{\"@type\":\"ListItem\",\"position\":3,\"name\":\"Cool FormKit for Elementor Forms\"}]},{\"@type\":\"WebSite\",\"@id\":\"https:\/\/allwintheme.com\/#website\",\"url\":\"https:\/\/allwintheme.com\/\",\"name\":\"Allwintheme\",\"description\":\"Download free WordPress themes for every niche. Blogs, business, eCommerce, portfolio, restaurant and more. All themes are GPL licensed and mobile-ready.\",\"potentialAction\":[{\"@type\":\"SearchAction\",\"target\":{\"@type\":\"EntryPoint\",\"urlTemplate\":\"https:\/\/allwintheme.com\/?s={search_term_string}\"},\"query-input\":{\"@type\":\"PropertyValueSpecification\",\"valueRequired\":true,\"valueName\":\"search_term_string\"}}],\"inLanguage\":\"es-CL\"}]}<\/script>\n<!-- \/ Yoast SEO Premium plugin. -->","yoast_head_json":{"title":"Cool FormKit for Elementor Forms - AllWin Theme \u2013 Free WordPress Themes Download","description":"Potencie los formularios de Elementor con campos avanzados y funciones exclusivas. Crea potentes formularios personalizados sin necesidad de c\u00f3digo.","robots":{"index":"index","follow":"follow","max-snippet":"max-snippet:-1","max-image-preview":"max-image-preview:large","max-video-preview":"max-video-preview:-1"},"canonical":"https:\/\/allwintheme.com\/es\/producto\/cool-formkit-para-formularios-elementor\/","og_locale":"es_ES","og_type":"article","og_title":"Cool FormKit for Elementor Forms","og_description":"Boost Elementor forms with advanced fields and exclusive features. Create powerful, custom forms without any coding required.","og_url":"https:\/\/allwintheme.com\/es\/producto\/cool-formkit-para-formularios-elementor\/","og_site_name":"AllWin Theme \u2013 Free WordPress Themes Download","article_modified_time":"2025-09-24T05:44:25+00:00","og_image":[{"width":768,"height":432,"url":"https:\/\/allwintheme.com\/wp-content\/uploads\/2025\/09\/754czd5a.png","type":"image\/png"}],"twitter_card":"summary_large_image","twitter_misc":{"Tiempo estimado de lectura":"2 minutos"},"schema":{"@context":"https:\/\/schema.org","@graph":[{"@type":"WebPage","@id":"https:\/\/allwintheme.com\/product\/cool-formkit-for-elementor-forms\/","url":"https:\/\/allwintheme.com\/product\/cool-formkit-for-elementor-forms\/","name":"Cool FormKit for Elementor Forms - AllWin Theme \u2013 Free WordPress Themes Download","isPartOf":{"@id":"https:\/\/allwintheme.com\/#website"},"primaryImageOfPage":{"@id":"https:\/\/allwintheme.com\/product\/cool-formkit-for-elementor-forms\/#primaryimage"},"image":{"@id":"https:\/\/allwintheme.com\/product\/cool-formkit-for-elementor-forms\/#primaryimage"},"thumbnailUrl":"https:\/\/allwintheme.com\/wp-content\/uploads\/2025\/09\/754czd5a.png","datePublished":"2025-09-24T05:39:44+00:00","dateModified":"2025-09-24T05:44:25+00:00","description":"Potencie los formularios de Elementor con campos avanzados y funciones exclusivas. Crea potentes formularios personalizados sin necesidad de c\u00f3digo.","breadcrumb":{"@id":"https:\/\/allwintheme.com\/product\/cool-formkit-for-elementor-forms\/#breadcrumb"},"inLanguage":"es-CL","potentialAction":[{"@type":"ReadAction","target":["https:\/\/allwintheme.com\/product\/cool-formkit-for-elementor-forms\/"]}]},{"@type":"ImageObject","inLanguage":"es-CL","@id":"https:\/\/allwintheme.com\/product\/cool-formkit-for-elementor-forms\/#primaryimage","url":"https:\/\/allwintheme.com\/wp-content\/uploads\/2025\/09\/754czd5a.png","contentUrl":"https:\/\/allwintheme.com\/wp-content\/uploads\/2025\/09\/754czd5a.png","width":768,"height":432,"caption":"Cool FormKit For Elementor Forms"},{"@type":"BreadcrumbList","@id":"https:\/\/allwintheme.com\/product\/cool-formkit-for-elementor-forms\/#breadcrumb","itemListElement":[{"@type":"ListItem","position":1,"name":"Home","item":"https:\/\/allwintheme.com\/"},{"@type":"ListItem","position":2,"name":"Shop","item":"https:\/\/allwintheme.com\/shop\/"},{"@type":"ListItem","position":3,"name":"Cool FormKit for Elementor Forms"}]},{"@type":"WebSite","@id":"https:\/\/allwintheme.com\/#website","url":"https:\/\/allwintheme.com\/","name":"Allwintheme","description":"Descarga gratis temas de WordPress para todos los nichos. Blogs, negocios, comercio electr\u00f3nico, portafolio, restaurante y m\u00e1s. Todos los temas tienen licencia GPL y est\u00e1n preparados para dispositivos m\u00f3viles.","potentialAction":[{"@type":"SearchAction","target":{"@type":"EntryPoint","urlTemplate":"https:\/\/allwintheme.com\/?s={search_term_string}"},"query-input":{"@type":"PropertyValueSpecification","valueRequired":true,"valueName":"search_term_string"}}],"inLanguage":"es-CL"}]}},"_links":{"self":[{"href":"https:\/\/allwintheme.com\/es\/wp-json\/wp\/v2\/product\/7815","targetHints":{"allow":["GET"]}}],"collection":[{"href":"https:\/\/allwintheme.com\/es\/wp-json\/wp\/v2\/product"}],"about":[{"href":"https:\/\/allwintheme.com\/es\/wp-json\/wp\/v2\/types\/product"}],"replies":[{"embeddable":true,"href":"https:\/\/allwintheme.com\/es\/wp-json\/wp\/v2\/comments?post=7815"}],"version-history":[{"count":0,"href":"https:\/\/allwintheme.com\/es\/wp-json\/wp\/v2\/product\/7815\/revisions"}],"wp:featuredmedia":[{"embeddable":true,"href":"https:\/\/allwintheme.com\/es\/wp-json\/wp\/v2\/media\/7690"}],"wp:attachment":[{"href":"https:\/\/allwintheme.com\/es\/wp-json\/wp\/v2\/media?parent=7815"}],"wp:term":[{"taxonomy":"product_brand","embeddable":true,"href":"https:\/\/allwintheme.com\/es\/wp-json\/wp\/v2\/product_brand?post=7815"},{"taxonomy":"product_cat","embeddable":true,"href":"https:\/\/allwintheme.com\/es\/wp-json\/wp\/v2\/product_cat?post=7815"},{"taxonomy":"product_tag","embeddable":true,"href":"https:\/\/allwintheme.com\/es\/wp-json\/wp\/v2\/product_tag?post=7815"}],"curies":[{"name":"wp","href":"https:\/\/api.w.org\/{rel}","templated":true}]}}