{"id":7914,"date":"2025-09-24T13:18:56","date_gmt":"2025-09-24T13:18:56","guid":{"rendered":"https:\/\/allwintheme.com\/?post_type=product&#038;p=7914"},"modified":"2025-09-24T13:58:56","modified_gmt":"2025-09-24T13:58:56","slug":"formulario-de-contacto-listingpro","status":"publish","type":"product","link":"https:\/\/allwintheme.com\/es\/producto\/formulario-de-contacto-listingpro\/","title":{"rendered":"Formulario ListingPro"},"content":{"rendered":"<div data-elementor-type=\"wp-post\" data-elementor-id=\"7914\" class=\"elementor elementor-7914\" data-elementor-settings=\"{&quot;element_pack_global_tooltip_width&quot;:{&quot;unit&quot;:&quot;px&quot;,&quot;size&quot;:&quot;&quot;,&quot;sizes&quot;:[]},&quot;element_pack_global_tooltip_width_tablet&quot;:{&quot;unit&quot;:&quot;px&quot;,&quot;size&quot;:&quot;&quot;,&quot;sizes&quot;:[]},&quot;element_pack_global_tooltip_width_mobile&quot;:{&quot;unit&quot;:&quot;px&quot;,&quot;size&quot;:&quot;&quot;,&quot;sizes&quot;:[]},&quot;element_pack_global_tooltip_padding&quot;:{&quot;unit&quot;:&quot;px&quot;,&quot;top&quot;:&quot;&quot;,&quot;right&quot;:&quot;&quot;,&quot;bottom&quot;:&quot;&quot;,&quot;left&quot;:&quot;&quot;,&quot;isLinked&quot;:true},&quot;element_pack_global_tooltip_padding_tablet&quot;:{&quot;unit&quot;:&quot;px&quot;,&quot;top&quot;:&quot;&quot;,&quot;right&quot;:&quot;&quot;,&quot;bottom&quot;:&quot;&quot;,&quot;left&quot;:&quot;&quot;,&quot;isLinked&quot;:true},&quot;element_pack_global_tooltip_padding_mobile&quot;:{&quot;unit&quot;:&quot;px&quot;,&quot;top&quot;:&quot;&quot;,&quot;right&quot;:&quot;&quot;,&quot;bottom&quot;:&quot;&quot;,&quot;left&quot;:&quot;&quot;,&quot;isLinked&quot;:true},&quot;element_pack_global_tooltip_border_radius&quot;:{&quot;unit&quot;:&quot;px&quot;,&quot;top&quot;:&quot;&quot;,&quot;right&quot;:&quot;&quot;,&quot;bottom&quot;:&quot;&quot;,&quot;left&quot;:&quot;&quot;,&quot;isLinked&quot;:true},&quot;element_pack_global_tooltip_border_radius_tablet&quot;:{&quot;unit&quot;:&quot;px&quot;,&quot;top&quot;:&quot;&quot;,&quot;right&quot;:&quot;&quot;,&quot;bottom&quot;:&quot;&quot;,&quot;left&quot;:&quot;&quot;,&quot;isLinked&quot;:true},&quot;element_pack_global_tooltip_border_radius_mobile&quot;:{&quot;unit&quot;:&quot;px&quot;,&quot;top&quot;:&quot;&quot;,&quot;right&quot;:&quot;&quot;,&quot;bottom&quot;:&quot;&quot;,&quot;left&quot;:&quot;&quot;,&quot;isLinked&quot;:true}}\" data-elementor-post-type=\"product\">\n\t\t\t\t<div class=\"elementor-element elementor-element-93aa4a8 e-con-full e-flex e-con e-parent\" data-id=\"93aa4a8\" data-element_type=\"container\" data-e-type=\"container\">\n\t\t\t\t<div class=\"elementor-element elementor-element-2c3f760 miaoshu elementor-widget elementor-widget-wd_text_block\" data-id=\"2c3f760\" data-element_type=\"widget\" data-e-type=\"widget\" data-widget_type=\"wd_text_block.default\">\n\t\t\t\t<div class=\"elementor-widget-container\">\n\t\t\t\t\t\t\t<div class=\"wd-text-block reset-last-child text-left\">\n\t\t\t\n\t\t\t<h2>Formulario de ListingPro: Personalice sus anuncios sin esfuerzo<\/h2>\n<p>En <strong>Formulario ListingPro<\/strong> es una pr\u00e1ctica herramienta para los usuarios de los productos de CridioStudio, que permite personalizar f\u00e1cilmente las p\u00e1ginas de archivos y listados y a\u00f1adir formularios de contacto personalizados que se adapten perfectamente a sus necesidades.<\/p>\n\n<h3>Personalizaci\u00f3n simplificada de p\u00e1ginas<\/h3>\n<p>Este complemento brilla cuando se trata de modificar p\u00e1ginas de archivos y listados sin complicaciones. Puede ajustar los dise\u00f1os, a\u00f1adir toques \u00fanicos y hacer que todo tenga el aspecto adecuado para su directorio o sitio de listados. Adem\u00e1s, te permite crear formularios de contacto personalizados para captar clientes potenciales de forma m\u00e1s eficaz, todo ello adaptado al funcionamiento de tu empresa.<\/p>\n\n<h3>Principales ventajas para los usuarios de CridioStudio<\/h3>\n<ul>\n    <li><strong>Archivo y edici\u00f3n de listados sencillos:<\/strong> Modifique r\u00e1pidamente las estructuras de las p\u00e1ginas para adaptarlas al estilo de su marca.<\/li>\n    <li><strong>Formularios de contacto personalizados:<\/strong> Dise\u00f1e formularios que recojan la informaci\u00f3n exacta que necesita de sus clientes potenciales.<\/li>\n    <li><strong>Integraci\u00f3n perfecta:<\/strong> Construido exclusivamente para los productos CridioStudio como ListingPro, garantizando un rendimiento sin problemas.<\/li>\n    <li><strong>F\u00e1cil configuraci\u00f3n:<\/strong> No es necesario programar, s\u00f3lo opciones intuitivas para empezar de inmediato.<\/li>\n    <li><strong>Impulso a la generaci\u00f3n de prospectos:<\/strong> Convierta a los visitantes en clientes con formularios naturales y atractivos.<\/li>\n<\/ul>\n\n<h3>Perfecto para directorios<\/h3>\n<p>Si est\u00e1 ejecutando un sitio con ListingPro, este plugin elimina las conjeturas de personalizaci\u00f3n. Ya sea que est\u00e9 afinando las p\u00e1ginas para una mejor navegaci\u00f3n o la creaci\u00f3n de formularios para recopilar consultas, ListingPro Lead Form mantiene las cosas sencillas y eficaces. Se trata de hacer que su sitio trabaje m\u00e1s duro para usted sin la complejidad.<\/p>\n\n<h3>\u00bfEst\u00e1 listo para mejorar sus anuncios?<\/h3>\n<p>Descubre c\u00f3mo <strong>Formulario ListingPro<\/strong> puede transformar su configuraci\u00f3n de CridioStudio. Empieza a personalizarlo hoy mismo y ver\u00e1s c\u00f3mo mejora tu captaci\u00f3n de clientes potenciales.<\/p>\n\t\t\t\t\t<\/div>\n\t\t\t\t\t\t<\/div>\n\t\t\t\t<\/div>\n\t\t\t\t<\/div>\n\t\t\t\t<\/div>","protected":false},"excerpt":{"rendered":"<p>ListingPro Lead Form: Customize Your Listings Effortlessly The ListingPro Lead Form plugin is a handy tool for users of CridioStudio<\/p>","protected":false},"featured_media":7862,"comment_status":"open","ping_status":"closed","template":"","meta":{"_acf_changed":false},"product_brand":[],"product_cat":[49],"product_tag":[],"class_list":{"0":"post-7914","1":"product","2":"type-product","3":"status-publish","4":"has-post-thumbnail","6":"product_cat-plugins","8":"first","9":"instock","10":"sale","11":"downloadable","12":"shipping-taxable","13":"purchasable","14":"product-type-simple"},"acf":[],"yoast_head":"<!-- This site is optimized with the Yoast SEO Premium plugin v25.6 (Yoast SEO v27.4) - https:\/\/yoast.com\/product\/yoast-seo-premium-wordpress\/ -->\n<title>ListingPro Lead Form - AllWin Theme \u2013 Free WordPress Themes Download<\/title>\n<meta name=\"description\" content=\"Easily customize archive and listing pages with ListingPro Lead Form. Create tailored contact forms for CridioStudio products.\" \/>\n<meta name=\"robots\" content=\"index, follow, max-snippet:-1, max-image-preview:large, max-video-preview:-1\" \/>\n<link rel=\"canonical\" href=\"https:\/\/allwintheme.com\/es\/producto\/formulario-de-contacto-listingpro\/\" \/>\n<meta property=\"og:locale\" content=\"es_ES\" \/>\n<meta property=\"og:type\" content=\"article\" \/>\n<meta property=\"og:title\" content=\"ListingPro Lead Form\" \/>\n<meta property=\"og:description\" content=\"Easily customize archive and listing pages with ListingPro Lead Form. Create tailored contact forms for CridioStudio products.\" \/>\n<meta property=\"og:url\" content=\"https:\/\/allwintheme.com\/es\/producto\/formulario-de-contacto-listingpro\/\" \/>\n<meta property=\"og:site_name\" content=\"AllWin Theme \u2013 Free WordPress Themes Download\" \/>\n<meta property=\"article:modified_time\" content=\"2025-09-24T13:58:56+00:00\" \/>\n<meta property=\"og:image\" content=\"https:\/\/allwintheme.com\/wp-content\/uploads\/2025\/09\/s4s47qjs.png\" \/>\n\t<meta property=\"og:image:width\" content=\"768\" \/>\n\t<meta property=\"og:image:height\" content=\"400\" \/>\n\t<meta property=\"og:image:type\" content=\"image\/png\" \/>\n<meta name=\"twitter:card\" content=\"summary_large_image\" \/>\n<meta name=\"twitter:label1\" content=\"Tiempo estimado de lectura\" \/>\n\t<meta name=\"twitter:data1\" content=\"2 minutos\" \/>\n<script type=\"application\/ld+json\" class=\"yoast-schema-graph\">{\"@context\":\"https:\\\/\\\/schema.org\",\"@graph\":[{\"@type\":\"WebPage\",\"@id\":\"https:\\\/\\\/allwintheme.com\\\/product\\\/listingpro-lead-form\\\/\",\"url\":\"https:\\\/\\\/allwintheme.com\\\/product\\\/listingpro-lead-form\\\/\",\"name\":\"ListingPro Lead Form - AllWin Theme \u2013 Free WordPress Themes Download\",\"isPartOf\":{\"@id\":\"https:\\\/\\\/allwintheme.com\\\/#website\"},\"primaryImageOfPage\":{\"@id\":\"https:\\\/\\\/allwintheme.com\\\/product\\\/listingpro-lead-form\\\/#primaryimage\"},\"image\":{\"@id\":\"https:\\\/\\\/allwintheme.com\\\/product\\\/listingpro-lead-form\\\/#primaryimage\"},\"thumbnailUrl\":\"https:\\\/\\\/allwintheme.com\\\/wp-content\\\/uploads\\\/2025\\\/09\\\/s4s47qjs.png\",\"datePublished\":\"2025-09-24T13:18:56+00:00\",\"dateModified\":\"2025-09-24T13:58:56+00:00\",\"description\":\"Easily customize archive and listing pages with ListingPro Lead Form. Create tailored contact forms for CridioStudio products.\",\"breadcrumb\":{\"@id\":\"https:\\\/\\\/allwintheme.com\\\/product\\\/listingpro-lead-form\\\/#breadcrumb\"},\"inLanguage\":\"es-CL\",\"potentialAction\":[{\"@type\":\"ReadAction\",\"target\":[\"https:\\\/\\\/allwintheme.com\\\/product\\\/listingpro-lead-form\\\/\"]}]},{\"@type\":\"ImageObject\",\"inLanguage\":\"es-CL\",\"@id\":\"https:\\\/\\\/allwintheme.com\\\/product\\\/listingpro-lead-form\\\/#primaryimage\",\"url\":\"https:\\\/\\\/allwintheme.com\\\/wp-content\\\/uploads\\\/2025\\\/09\\\/s4s47qjs.png\",\"contentUrl\":\"https:\\\/\\\/allwintheme.com\\\/wp-content\\\/uploads\\\/2025\\\/09\\\/s4s47qjs.png\",\"width\":768,\"height\":400,\"caption\":\"ListingPro Lead Form\"},{\"@type\":\"BreadcrumbList\",\"@id\":\"https:\\\/\\\/allwintheme.com\\\/product\\\/listingpro-lead-form\\\/#breadcrumb\",\"itemListElement\":[{\"@type\":\"ListItem\",\"position\":1,\"name\":\"Home\",\"item\":\"https:\\\/\\\/allwintheme.com\\\/\"},{\"@type\":\"ListItem\",\"position\":2,\"name\":\"Shop\",\"item\":\"https:\\\/\\\/allwintheme.com\\\/shop\\\/\"},{\"@type\":\"ListItem\",\"position\":3,\"name\":\"ListingPro Lead Form\"}]},{\"@type\":\"WebSite\",\"@id\":\"https:\\\/\\\/allwintheme.com\\\/#website\",\"url\":\"https:\\\/\\\/allwintheme.com\\\/\",\"name\":\"Allwintheme\",\"description\":\"Download free WordPress themes for every niche. Blogs, business, eCommerce, portfolio, restaurant and more. All themes are GPL licensed and mobile-ready.\",\"potentialAction\":[{\"@type\":\"SearchAction\",\"target\":{\"@type\":\"EntryPoint\",\"urlTemplate\":\"https:\\\/\\\/allwintheme.com\\\/?s={search_term_string}\"},\"query-input\":{\"@type\":\"PropertyValueSpecification\",\"valueRequired\":true,\"valueName\":\"search_term_string\"}}],\"inLanguage\":\"es-CL\"}]}<\/script>\n<!-- \/ Yoast SEO Premium plugin. -->","yoast_head_json":{"title":"ListingPro Lead Form - AllWin Theme \u2013 Free WordPress Themes Download","description":"Personalice f\u00e1cilmente las p\u00e1ginas de archivos y listados con ListingPro Lead Form. Cree formularios de contacto a medida para los productos de CridioStudio.","robots":{"index":"index","follow":"follow","max-snippet":"max-snippet:-1","max-image-preview":"max-image-preview:large","max-video-preview":"max-video-preview:-1"},"canonical":"https:\/\/allwintheme.com\/es\/producto\/formulario-de-contacto-listingpro\/","og_locale":"es_ES","og_type":"article","og_title":"ListingPro Lead Form","og_description":"Easily customize archive and listing pages with ListingPro Lead Form. Create tailored contact forms for CridioStudio products.","og_url":"https:\/\/allwintheme.com\/es\/producto\/formulario-de-contacto-listingpro\/","og_site_name":"AllWin Theme \u2013 Free WordPress Themes Download","article_modified_time":"2025-09-24T13:58:56+00:00","og_image":[{"width":768,"height":400,"url":"https:\/\/allwintheme.com\/wp-content\/uploads\/2025\/09\/s4s47qjs.png","type":"image\/png"}],"twitter_card":"summary_large_image","twitter_misc":{"Tiempo estimado de lectura":"2 minutos"},"schema":{"@context":"https:\/\/schema.org","@graph":[{"@type":"WebPage","@id":"https:\/\/allwintheme.com\/product\/listingpro-lead-form\/","url":"https:\/\/allwintheme.com\/product\/listingpro-lead-form\/","name":"ListingPro Lead Form - AllWin Theme \u2013 Free WordPress Themes Download","isPartOf":{"@id":"https:\/\/allwintheme.com\/#website"},"primaryImageOfPage":{"@id":"https:\/\/allwintheme.com\/product\/listingpro-lead-form\/#primaryimage"},"image":{"@id":"https:\/\/allwintheme.com\/product\/listingpro-lead-form\/#primaryimage"},"thumbnailUrl":"https:\/\/allwintheme.com\/wp-content\/uploads\/2025\/09\/s4s47qjs.png","datePublished":"2025-09-24T13:18:56+00:00","dateModified":"2025-09-24T13:58:56+00:00","description":"Personalice f\u00e1cilmente las p\u00e1ginas de archivos y listados con ListingPro Lead Form. Cree formularios de contacto a medida para los productos de CridioStudio.","breadcrumb":{"@id":"https:\/\/allwintheme.com\/product\/listingpro-lead-form\/#breadcrumb"},"inLanguage":"es-CL","potentialAction":[{"@type":"ReadAction","target":["https:\/\/allwintheme.com\/product\/listingpro-lead-form\/"]}]},{"@type":"ImageObject","inLanguage":"es-CL","@id":"https:\/\/allwintheme.com\/product\/listingpro-lead-form\/#primaryimage","url":"https:\/\/allwintheme.com\/wp-content\/uploads\/2025\/09\/s4s47qjs.png","contentUrl":"https:\/\/allwintheme.com\/wp-content\/uploads\/2025\/09\/s4s47qjs.png","width":768,"height":400,"caption":"ListingPro Lead Form"},{"@type":"BreadcrumbList","@id":"https:\/\/allwintheme.com\/product\/listingpro-lead-form\/#breadcrumb","itemListElement":[{"@type":"ListItem","position":1,"name":"Home","item":"https:\/\/allwintheme.com\/"},{"@type":"ListItem","position":2,"name":"Shop","item":"https:\/\/allwintheme.com\/shop\/"},{"@type":"ListItem","position":3,"name":"ListingPro Lead Form"}]},{"@type":"WebSite","@id":"https:\/\/allwintheme.com\/#website","url":"https:\/\/allwintheme.com\/","name":"Allwintheme","description":"Descarga gratis temas de WordPress para todos los nichos. Blogs, negocios, comercio electr\u00f3nico, portafolio, restaurante y m\u00e1s. Todos los temas tienen licencia GPL y est\u00e1n preparados para dispositivos m\u00f3viles.","potentialAction":[{"@type":"SearchAction","target":{"@type":"EntryPoint","urlTemplate":"https:\/\/allwintheme.com\/?s={search_term_string}"},"query-input":{"@type":"PropertyValueSpecification","valueRequired":true,"valueName":"search_term_string"}}],"inLanguage":"es-CL"}]}},"_links":{"self":[{"href":"https:\/\/allwintheme.com\/es\/wp-json\/wp\/v2\/product\/7914","targetHints":{"allow":["GET"]}}],"collection":[{"href":"https:\/\/allwintheme.com\/es\/wp-json\/wp\/v2\/product"}],"about":[{"href":"https:\/\/allwintheme.com\/es\/wp-json\/wp\/v2\/types\/product"}],"replies":[{"embeddable":true,"href":"https:\/\/allwintheme.com\/es\/wp-json\/wp\/v2\/comments?post=7914"}],"version-history":[{"count":0,"href":"https:\/\/allwintheme.com\/es\/wp-json\/wp\/v2\/product\/7914\/revisions"}],"wp:featuredmedia":[{"embeddable":true,"href":"https:\/\/allwintheme.com\/es\/wp-json\/wp\/v2\/media\/7862"}],"wp:attachment":[{"href":"https:\/\/allwintheme.com\/es\/wp-json\/wp\/v2\/media?parent=7914"}],"wp:term":[{"taxonomy":"product_brand","embeddable":true,"href":"https:\/\/allwintheme.com\/es\/wp-json\/wp\/v2\/product_brand?post=7914"},{"taxonomy":"product_cat","embeddable":true,"href":"https:\/\/allwintheme.com\/es\/wp-json\/wp\/v2\/product_cat?post=7914"},{"taxonomy":"product_tag","embeddable":true,"href":"https:\/\/allwintheme.com\/es\/wp-json\/wp\/v2\/product_tag?post=7914"}],"curies":[{"name":"wp","href":"https:\/\/api.w.org\/{rel}","templated":true}]}}