{"id":7920,"date":"2025-09-24T13:23:51","date_gmt":"2025-09-24T13:23:51","guid":{"rendered":"https:\/\/allwintheme.com\/?post_type=product&#038;p=7920"},"modified":"2025-09-24T13:57:47","modified_gmt":"2025-09-24T13:57:47","slug":"pixel-manager-para-woocommerce-premium","status":"publish","type":"product","link":"https:\/\/allwintheme.com\/es\/producto\/pixel-manager-para-woocommerce-premium\/","title":{"rendered":"Gestor de p\u00edxeles para WooCommerce (Premium)"},"content":{"rendered":"<div data-elementor-type=\"wp-post\" data-elementor-id=\"7920\" class=\"elementor elementor-7920\" data-elementor-settings=\"{&quot;element_pack_global_tooltip_width&quot;:{&quot;unit&quot;:&quot;px&quot;,&quot;size&quot;:&quot;&quot;,&quot;sizes&quot;:[]},&quot;element_pack_global_tooltip_width_tablet&quot;:{&quot;unit&quot;:&quot;px&quot;,&quot;size&quot;:&quot;&quot;,&quot;sizes&quot;:[]},&quot;element_pack_global_tooltip_width_mobile&quot;:{&quot;unit&quot;:&quot;px&quot;,&quot;size&quot;:&quot;&quot;,&quot;sizes&quot;:[]},&quot;element_pack_global_tooltip_padding&quot;:{&quot;unit&quot;:&quot;px&quot;,&quot;top&quot;:&quot;&quot;,&quot;right&quot;:&quot;&quot;,&quot;bottom&quot;:&quot;&quot;,&quot;left&quot;:&quot;&quot;,&quot;isLinked&quot;:true},&quot;element_pack_global_tooltip_padding_tablet&quot;:{&quot;unit&quot;:&quot;px&quot;,&quot;top&quot;:&quot;&quot;,&quot;right&quot;:&quot;&quot;,&quot;bottom&quot;:&quot;&quot;,&quot;left&quot;:&quot;&quot;,&quot;isLinked&quot;:true},&quot;element_pack_global_tooltip_padding_mobile&quot;:{&quot;unit&quot;:&quot;px&quot;,&quot;top&quot;:&quot;&quot;,&quot;right&quot;:&quot;&quot;,&quot;bottom&quot;:&quot;&quot;,&quot;left&quot;:&quot;&quot;,&quot;isLinked&quot;:true},&quot;element_pack_global_tooltip_border_radius&quot;:{&quot;unit&quot;:&quot;px&quot;,&quot;top&quot;:&quot;&quot;,&quot;right&quot;:&quot;&quot;,&quot;bottom&quot;:&quot;&quot;,&quot;left&quot;:&quot;&quot;,&quot;isLinked&quot;:true},&quot;element_pack_global_tooltip_border_radius_tablet&quot;:{&quot;unit&quot;:&quot;px&quot;,&quot;top&quot;:&quot;&quot;,&quot;right&quot;:&quot;&quot;,&quot;bottom&quot;:&quot;&quot;,&quot;left&quot;:&quot;&quot;,&quot;isLinked&quot;:true},&quot;element_pack_global_tooltip_border_radius_mobile&quot;:{&quot;unit&quot;:&quot;px&quot;,&quot;top&quot;:&quot;&quot;,&quot;right&quot;:&quot;&quot;,&quot;bottom&quot;:&quot;&quot;,&quot;left&quot;:&quot;&quot;,&quot;isLinked&quot;:true}}\" data-elementor-post-type=\"product\">\n\t\t\t\t<div class=\"elementor-element elementor-element-93aa4a8 e-con-full e-flex e-con e-parent\" data-id=\"93aa4a8\" data-element_type=\"container\" data-e-type=\"container\">\n\t\t\t\t<div class=\"elementor-element elementor-element-2c3f760 miaoshu elementor-widget elementor-widget-wd_text_block\" data-id=\"2c3f760\" data-element_type=\"widget\" data-e-type=\"widget\" data-widget_type=\"wd_text_block.default\">\n\t\t\t\t<div class=\"elementor-widget-container\">\n\t\t\t\t\t\t\t<div class=\"wd-text-block reset-last-child text-left\">\n\t\t\t\n\t\t\t<h2>Gestor de p\u00edxeles para WooCommerce (Premium): Domine su seguimiento<\/h2>\n<p>En <strong>Gestor de p\u00edxeles Pro<\/strong> es la soluci\u00f3n m\u00e1s completa y vers\u00e1til para los usuarios de WooCommerce que buscan implementar p\u00edxeles de m\u00faltiples proveedores. Tanto si est\u00e1s optimizando para conversiones, retargeting o anal\u00edticas, este plugin premium lo gestiona todo, desde Google Analytics (tanto Universal como GA4) hasta Google Ads (antes AdWords) Pixel, Meta Pixel (Facebook Pixel), Microsoft Pixel, TikTok Pixel y muchos otros, todo en un paquete f\u00e1cil de usar.<\/p>\n\n<h3>Integraci\u00f3n completa de p\u00edxeles<\/h3>\n<p>Con Pixel Manager Pro, obtendr\u00e1 una configuraci\u00f3n flexible y sencilla para una amplia gama de p\u00edxeles de seguimiento. Est\u00e1 dise\u00f1ado espec\u00edficamente para WooCommerce, asegurando que sus datos de comercio electr\u00f3nico fluyan sin problemas a sus plataformas elegidas. Desp\u00eddete de la codificaci\u00f3n manual o de los plugins dispersos; esta herramienta centraliza todo para un mejor control y rendimiento.<\/p>\n\n<h3>\u00bfPor qu\u00e9 elegir Pixel Manager Pro?<\/h3>\n<ul>\n    <li><strong>Soporte multiproveedor:<\/strong> Integre p\u00edxeles de Google Analytics (Universal y GA4), Google Ads, Meta (Facebook), Microsoft, TikTok, etc.<\/li>\n    <li><strong>M\u00e1xima flexibilidad:<\/strong> Personalice los eventos de seguimiento, la gesti\u00f3n del consentimiento y las capas de datos para adaptarlos a las necesidades \u00fanicas de su tienda.<\/li>\n    <li><strong>Optimizado para WooCommerce:<\/strong> Perfectamente adaptado para el comercio electr\u00f3nico, captura con precisi\u00f3n los pedidos, los carritos y el comportamiento de los usuarios.<\/li>\n    <li><strong>F\u00e1cil aplicaci\u00f3n:<\/strong> Se instala en cuesti\u00f3n de minutos sin ayuda de desarrolladores, ideal tanto para propietarios de tiendas como para vendedores.<\/li>\n    <li><strong>Privacidad mejorada:<\/strong> Funciones integradas de cumplimiento del GDPR para gestionar el consentimiento del usuario y la protecci\u00f3n de datos sin esfuerzo.<\/li>\n<\/ul>\n\n<h3>M\u00e1s informaci\u00f3n y crecimiento<\/h3>\n<p>Pixel Manager Pro te permite rastrear, analizar y optimizar tu tienda WooCommerce como nunca antes. Desde mejorar el rendimiento de los anuncios hasta perfeccionar la experiencia del cliente, es la herramienta a la que recurren los profesionales del comercio electr\u00f3nico. Gracias a su s\u00f3lida compatibilidad con las principales plataformas, dispondr\u00e1s de los datos necesarios para aumentar las ventas y tomar decisiones m\u00e1s inteligentes.<\/p>\n\n<h3>\u00bfListo para potenciar su tienda?<\/h3>\n<p>No se conforme con un seguimiento fragmentado <strong>Gestor de p\u00edxeles para WooCommerce (Premium)<\/strong> y optimice la gesti\u00f3n de p\u00edxeles para obtener el m\u00e1ximo impacto.<\/p>\n\t\t\t\t\t<\/div>\n\t\t\t\t\t\t<\/div>\n\t\t\t\t<\/div>\n\t\t\t\t<\/div>\n\t\t\t\t<\/div>","protected":false},"excerpt":{"rendered":"<p>Pixel Manager for WooCommerce (Premium): Master Your Tracking The Pixel Manager Pro is the most complete and versatile solution for<\/p>","protected":false},"featured_media":7863,"comment_status":"open","ping_status":"closed","template":"","meta":{"_acf_changed":false},"product_brand":[],"product_cat":[49],"product_tag":[],"class_list":{"0":"post-7920","1":"product","2":"type-product","3":"status-publish","4":"has-post-thumbnail","6":"product_cat-plugins","8":"first","9":"instock","10":"sale","11":"downloadable","12":"shipping-taxable","13":"purchasable","14":"product-type-simple"},"acf":[],"yoast_head":"<!-- This site is optimized with the Yoast SEO Premium plugin v25.6 (Yoast SEO v27.1.1) - https:\/\/yoast.com\/product\/yoast-seo-premium-wordpress\/ -->\n<title>Pixel Manager for WooCommerce (Premium) - AllWin Theme \u2013 Free WordPress Themes Download<\/title>\n<meta name=\"description\" content=\"The ultimate WooCommerce pixel solution. Seamlessly implement Google Analytics, Meta Pixel, Google Ads, TikTok, and more for comprehensive tracking.\" \/>\n<meta name=\"robots\" content=\"index, follow, max-snippet:-1, max-image-preview:large, max-video-preview:-1\" \/>\n<link rel=\"canonical\" href=\"https:\/\/allwintheme.com\/es\/producto\/pixel-manager-para-woocommerce-premium\/\" \/>\n<meta property=\"og:locale\" content=\"es_ES\" \/>\n<meta property=\"og:type\" content=\"article\" \/>\n<meta property=\"og:title\" content=\"Pixel Manager for WooCommerce (Premium)\" \/>\n<meta property=\"og:description\" content=\"The ultimate WooCommerce pixel solution. Seamlessly implement Google Analytics, Meta Pixel, Google Ads, TikTok, and more for comprehensive tracking.\" \/>\n<meta property=\"og:url\" content=\"https:\/\/allwintheme.com\/es\/producto\/pixel-manager-para-woocommerce-premium\/\" \/>\n<meta property=\"og:site_name\" content=\"AllWin Theme \u2013 Free WordPress Themes Download\" \/>\n<meta property=\"article:modified_time\" content=\"2025-09-24T13:57:47+00:00\" \/>\n<meta property=\"og:image\" content=\"https:\/\/allwintheme.com\/wp-content\/uploads\/2025\/09\/obvkb4qp.png\" \/>\n\t<meta property=\"og:image:width\" content=\"504\" \/>\n\t<meta property=\"og:image:height\" content=\"240\" \/>\n\t<meta property=\"og:image:type\" content=\"image\/png\" \/>\n<meta name=\"twitter:card\" content=\"summary_large_image\" \/>\n<meta name=\"twitter:label1\" content=\"Tiempo estimado de lectura\" \/>\n\t<meta name=\"twitter:data1\" content=\"2 minutos\" \/>\n<script type=\"application\/ld+json\" class=\"yoast-schema-graph\">{\"@context\":\"https:\/\/schema.org\",\"@graph\":[{\"@type\":\"WebPage\",\"@id\":\"https:\/\/allwintheme.com\/product\/pixel-manager-for-woocommerce-premium\/\",\"url\":\"https:\/\/allwintheme.com\/product\/pixel-manager-for-woocommerce-premium\/\",\"name\":\"Pixel Manager for WooCommerce (Premium) - AllWin Theme \u2013 Free WordPress Themes Download\",\"isPartOf\":{\"@id\":\"https:\/\/allwintheme.com\/#website\"},\"primaryImageOfPage\":{\"@id\":\"https:\/\/allwintheme.com\/product\/pixel-manager-for-woocommerce-premium\/#primaryimage\"},\"image\":{\"@id\":\"https:\/\/allwintheme.com\/product\/pixel-manager-for-woocommerce-premium\/#primaryimage\"},\"thumbnailUrl\":\"https:\/\/allwintheme.com\/wp-content\/uploads\/2025\/09\/obvkb4qp.png\",\"datePublished\":\"2025-09-24T13:23:51+00:00\",\"dateModified\":\"2025-09-24T13:57:47+00:00\",\"description\":\"The ultimate WooCommerce pixel solution. Seamlessly implement Google Analytics, Meta Pixel, Google Ads, TikTok, and more for comprehensive tracking.\",\"breadcrumb\":{\"@id\":\"https:\/\/allwintheme.com\/product\/pixel-manager-for-woocommerce-premium\/#breadcrumb\"},\"inLanguage\":\"es-CL\",\"potentialAction\":[{\"@type\":\"ReadAction\",\"target\":[\"https:\/\/allwintheme.com\/product\/pixel-manager-for-woocommerce-premium\/\"]}]},{\"@type\":\"ImageObject\",\"inLanguage\":\"es-CL\",\"@id\":\"https:\/\/allwintheme.com\/product\/pixel-manager-for-woocommerce-premium\/#primaryimage\",\"url\":\"https:\/\/allwintheme.com\/wp-content\/uploads\/2025\/09\/obvkb4qp.png\",\"contentUrl\":\"https:\/\/allwintheme.com\/wp-content\/uploads\/2025\/09\/obvkb4qp.png\",\"width\":504,\"height\":240,\"caption\":\"Pixel Manager for WooCommerce\"},{\"@type\":\"BreadcrumbList\",\"@id\":\"https:\/\/allwintheme.com\/product\/pixel-manager-for-woocommerce-premium\/#breadcrumb\",\"itemListElement\":[{\"@type\":\"ListItem\",\"position\":1,\"name\":\"Home\",\"item\":\"https:\/\/allwintheme.com\/\"},{\"@type\":\"ListItem\",\"position\":2,\"name\":\"Shop\",\"item\":\"https:\/\/allwintheme.com\/shop\/\"},{\"@type\":\"ListItem\",\"position\":3,\"name\":\"Pixel Manager for WooCommerce (Premium)\"}]},{\"@type\":\"WebSite\",\"@id\":\"https:\/\/allwintheme.com\/#website\",\"url\":\"https:\/\/allwintheme.com\/\",\"name\":\"Allwintheme\",\"description\":\"Download free WordPress themes for every niche. Blogs, business, eCommerce, portfolio, restaurant and more. All themes are GPL licensed and mobile-ready.\",\"potentialAction\":[{\"@type\":\"SearchAction\",\"target\":{\"@type\":\"EntryPoint\",\"urlTemplate\":\"https:\/\/allwintheme.com\/?s={search_term_string}\"},\"query-input\":{\"@type\":\"PropertyValueSpecification\",\"valueRequired\":true,\"valueName\":\"search_term_string\"}}],\"inLanguage\":\"es-CL\"}]}<\/script>\n<!-- \/ Yoast SEO Premium plugin. -->","yoast_head_json":{"title":"Pixel Manager for WooCommerce (Premium) - AllWin Theme \u2013 Free WordPress Themes Download","description":"La soluci\u00f3n de p\u00edxeles definitiva para WooCommerce. Implementa sin problemas Google Analytics, Meta Pixel, Google Ads, TikTok y m\u00e1s para un seguimiento exhaustivo.","robots":{"index":"index","follow":"follow","max-snippet":"max-snippet:-1","max-image-preview":"max-image-preview:large","max-video-preview":"max-video-preview:-1"},"canonical":"https:\/\/allwintheme.com\/es\/producto\/pixel-manager-para-woocommerce-premium\/","og_locale":"es_ES","og_type":"article","og_title":"Pixel Manager for WooCommerce (Premium)","og_description":"The ultimate WooCommerce pixel solution. Seamlessly implement Google Analytics, Meta Pixel, Google Ads, TikTok, and more for comprehensive tracking.","og_url":"https:\/\/allwintheme.com\/es\/producto\/pixel-manager-para-woocommerce-premium\/","og_site_name":"AllWin Theme \u2013 Free WordPress Themes Download","article_modified_time":"2025-09-24T13:57:47+00:00","og_image":[{"width":504,"height":240,"url":"https:\/\/allwintheme.com\/wp-content\/uploads\/2025\/09\/obvkb4qp.png","type":"image\/png"}],"twitter_card":"summary_large_image","twitter_misc":{"Tiempo estimado de lectura":"2 minutos"},"schema":{"@context":"https:\/\/schema.org","@graph":[{"@type":"WebPage","@id":"https:\/\/allwintheme.com\/product\/pixel-manager-for-woocommerce-premium\/","url":"https:\/\/allwintheme.com\/product\/pixel-manager-for-woocommerce-premium\/","name":"Pixel Manager for WooCommerce (Premium) - AllWin Theme \u2013 Free WordPress Themes Download","isPartOf":{"@id":"https:\/\/allwintheme.com\/#website"},"primaryImageOfPage":{"@id":"https:\/\/allwintheme.com\/product\/pixel-manager-for-woocommerce-premium\/#primaryimage"},"image":{"@id":"https:\/\/allwintheme.com\/product\/pixel-manager-for-woocommerce-premium\/#primaryimage"},"thumbnailUrl":"https:\/\/allwintheme.com\/wp-content\/uploads\/2025\/09\/obvkb4qp.png","datePublished":"2025-09-24T13:23:51+00:00","dateModified":"2025-09-24T13:57:47+00:00","description":"La soluci\u00f3n de p\u00edxeles definitiva para WooCommerce. Implementa sin problemas Google Analytics, Meta Pixel, Google Ads, TikTok y m\u00e1s para un seguimiento exhaustivo.","breadcrumb":{"@id":"https:\/\/allwintheme.com\/product\/pixel-manager-for-woocommerce-premium\/#breadcrumb"},"inLanguage":"es-CL","potentialAction":[{"@type":"ReadAction","target":["https:\/\/allwintheme.com\/product\/pixel-manager-for-woocommerce-premium\/"]}]},{"@type":"ImageObject","inLanguage":"es-CL","@id":"https:\/\/allwintheme.com\/product\/pixel-manager-for-woocommerce-premium\/#primaryimage","url":"https:\/\/allwintheme.com\/wp-content\/uploads\/2025\/09\/obvkb4qp.png","contentUrl":"https:\/\/allwintheme.com\/wp-content\/uploads\/2025\/09\/obvkb4qp.png","width":504,"height":240,"caption":"Pixel Manager for WooCommerce"},{"@type":"BreadcrumbList","@id":"https:\/\/allwintheme.com\/product\/pixel-manager-for-woocommerce-premium\/#breadcrumb","itemListElement":[{"@type":"ListItem","position":1,"name":"Home","item":"https:\/\/allwintheme.com\/"},{"@type":"ListItem","position":2,"name":"Shop","item":"https:\/\/allwintheme.com\/shop\/"},{"@type":"ListItem","position":3,"name":"Pixel Manager for WooCommerce (Premium)"}]},{"@type":"WebSite","@id":"https:\/\/allwintheme.com\/#website","url":"https:\/\/allwintheme.com\/","name":"Allwintheme","description":"Descarga gratis temas de WordPress para todos los nichos. Blogs, negocios, comercio electr\u00f3nico, portafolio, restaurante y m\u00e1s. Todos los temas tienen licencia GPL y est\u00e1n preparados para dispositivos m\u00f3viles.","potentialAction":[{"@type":"SearchAction","target":{"@type":"EntryPoint","urlTemplate":"https:\/\/allwintheme.com\/?s={search_term_string}"},"query-input":{"@type":"PropertyValueSpecification","valueRequired":true,"valueName":"search_term_string"}}],"inLanguage":"es-CL"}]}},"_links":{"self":[{"href":"https:\/\/allwintheme.com\/es\/wp-json\/wp\/v2\/product\/7920","targetHints":{"allow":["GET"]}}],"collection":[{"href":"https:\/\/allwintheme.com\/es\/wp-json\/wp\/v2\/product"}],"about":[{"href":"https:\/\/allwintheme.com\/es\/wp-json\/wp\/v2\/types\/product"}],"replies":[{"embeddable":true,"href":"https:\/\/allwintheme.com\/es\/wp-json\/wp\/v2\/comments?post=7920"}],"version-history":[{"count":0,"href":"https:\/\/allwintheme.com\/es\/wp-json\/wp\/v2\/product\/7920\/revisions"}],"wp:featuredmedia":[{"embeddable":true,"href":"https:\/\/allwintheme.com\/es\/wp-json\/wp\/v2\/media\/7863"}],"wp:attachment":[{"href":"https:\/\/allwintheme.com\/es\/wp-json\/wp\/v2\/media?parent=7920"}],"wp:term":[{"taxonomy":"product_brand","embeddable":true,"href":"https:\/\/allwintheme.com\/es\/wp-json\/wp\/v2\/product_brand?post=7920"},{"taxonomy":"product_cat","embeddable":true,"href":"https:\/\/allwintheme.com\/es\/wp-json\/wp\/v2\/product_cat?post=7920"},{"taxonomy":"product_tag","embeddable":true,"href":"https:\/\/allwintheme.com\/es\/wp-json\/wp\/v2\/product_tag?post=7920"}],"curies":[{"name":"wp","href":"https:\/\/api.w.org\/{rel}","templated":true}]}}