{"id":7957,"date":"2025-09-24T13:47:10","date_gmt":"2025-09-24T13:47:10","guid":{"rendered":"https:\/\/allwintheme.com\/?post_type=product&#038;p=7957"},"modified":"2025-09-24T13:50:58","modified_gmt":"2025-09-24T13:50:58","slug":"tftabs-addon-para-elementor","status":"publish","type":"product","link":"https:\/\/allwintheme.com\/es\/producto\/tftabs-addon-para-elementor\/","title":{"rendered":"TFTabs Addon Para Elementor - Pesta\u00f1as Creativas"},"content":{"rendered":"<div data-elementor-type=\"wp-post\" data-elementor-id=\"7957\" class=\"elementor elementor-7957\" data-elementor-settings=\"{&quot;element_pack_global_tooltip_width&quot;:{&quot;unit&quot;:&quot;px&quot;,&quot;size&quot;:&quot;&quot;,&quot;sizes&quot;:[]},&quot;element_pack_global_tooltip_width_tablet&quot;:{&quot;unit&quot;:&quot;px&quot;,&quot;size&quot;:&quot;&quot;,&quot;sizes&quot;:[]},&quot;element_pack_global_tooltip_width_mobile&quot;:{&quot;unit&quot;:&quot;px&quot;,&quot;size&quot;:&quot;&quot;,&quot;sizes&quot;:[]},&quot;element_pack_global_tooltip_padding&quot;:{&quot;unit&quot;:&quot;px&quot;,&quot;top&quot;:&quot;&quot;,&quot;right&quot;:&quot;&quot;,&quot;bottom&quot;:&quot;&quot;,&quot;left&quot;:&quot;&quot;,&quot;isLinked&quot;:true},&quot;element_pack_global_tooltip_padding_tablet&quot;:{&quot;unit&quot;:&quot;px&quot;,&quot;top&quot;:&quot;&quot;,&quot;right&quot;:&quot;&quot;,&quot;bottom&quot;:&quot;&quot;,&quot;left&quot;:&quot;&quot;,&quot;isLinked&quot;:true},&quot;element_pack_global_tooltip_padding_mobile&quot;:{&quot;unit&quot;:&quot;px&quot;,&quot;top&quot;:&quot;&quot;,&quot;right&quot;:&quot;&quot;,&quot;bottom&quot;:&quot;&quot;,&quot;left&quot;:&quot;&quot;,&quot;isLinked&quot;:true},&quot;element_pack_global_tooltip_border_radius&quot;:{&quot;unit&quot;:&quot;px&quot;,&quot;top&quot;:&quot;&quot;,&quot;right&quot;:&quot;&quot;,&quot;bottom&quot;:&quot;&quot;,&quot;left&quot;:&quot;&quot;,&quot;isLinked&quot;:true},&quot;element_pack_global_tooltip_border_radius_tablet&quot;:{&quot;unit&quot;:&quot;px&quot;,&quot;top&quot;:&quot;&quot;,&quot;right&quot;:&quot;&quot;,&quot;bottom&quot;:&quot;&quot;,&quot;left&quot;:&quot;&quot;,&quot;isLinked&quot;:true},&quot;element_pack_global_tooltip_border_radius_mobile&quot;:{&quot;unit&quot;:&quot;px&quot;,&quot;top&quot;:&quot;&quot;,&quot;right&quot;:&quot;&quot;,&quot;bottom&quot;:&quot;&quot;,&quot;left&quot;:&quot;&quot;,&quot;isLinked&quot;:true}}\" data-elementor-post-type=\"product\">\n\t\t\t\t<div class=\"elementor-element elementor-element-93aa4a8 e-con-full e-flex e-con e-parent\" data-id=\"93aa4a8\" data-element_type=\"container\" data-e-type=\"container\">\n\t\t\t\t<div class=\"elementor-element elementor-element-2c3f760 miaoshu elementor-widget elementor-widget-wd_text_block\" data-id=\"2c3f760\" data-element_type=\"widget\" data-e-type=\"widget\" data-widget_type=\"wd_text_block.default\">\n\t\t\t\t<div class=\"elementor-widget-container\">\n\t\t\t\t\t\t\t<div class=\"wd-text-block reset-last-child text-left\">\n\t\t\t\n\t\t\t<h2>TFTabs Addon Para Elementor: Pesta\u00f1as creativas que cautivan<\/h2>\n<p>En <strong>TFTabs Addon Para Elementor - Pesta\u00f1as Creativas<\/strong> es un ligero plugin de WordPress creado espec\u00edficamente para los usuarios de Elementor que desean a\u00f1adir pesta\u00f1as llamativas a sus sitios web sin tocar una sola l\u00ednea de c\u00f3digo. Se trata de simplicidad y estilo, ayud\u00e1ndote a organizar el contenido de una manera que es a la vez funcional y visualmente atractiva.<\/p>\n\n<h3>Creaci\u00f3n de fichas sin esfuerzo<\/h3>\n<p>Con este plugin, integrar pesta\u00f1as atractivas en tus dise\u00f1os Elementor es muy f\u00e1cil. Solo tienes que arrastrar y soltar para crear secciones din\u00e1micas para preguntas frecuentes, caracter\u00edsticas de productos o cualquier contenido que se beneficie de un dise\u00f1o con pesta\u00f1as. No requiere conocimientos de programaci\u00f3n - est\u00e1 dise\u00f1ado para creadores que quieren resultados r\u00e1pidos y profesionales.<\/p>\n\n<h3>\u00bfPor qu\u00e9 elegir TFTabs Creative Tabs?<\/h3>\n<ul>\n    <li><strong>M\u00e1s de 30 estilos preestablecidos \u00fanicos:<\/strong> Sum\u00e9rgete en una colecci\u00f3n de m\u00e1s de 30 impresionantes dise\u00f1os de pesta\u00f1as listos para usar y que lucen incre\u00edbles en cualquier sitio.<\/li>\n    <li><strong>Rendimiento ligero:<\/strong> Mantiene su sitio r\u00e1pido y con capacidad de respuesta sin a\u00f1adir elementos innecesarios.<\/li>\n    <li><strong>Integraci\u00f3n perfecta con Elementor:<\/strong> Funciona perfectamente dentro del editor Elementor para un flujo de trabajo sin problemas.<\/li>\n    <li><strong>Pr\u00f3xima ampliaci\u00f3n:<\/strong> An\u00edmate: m\u00e1s de 100 estilos adicionales est\u00e1n en camino para alimentar a\u00fan m\u00e1s la creatividad.<\/li>\n    <li><strong>Vers\u00e1til y f\u00e1cil de usar:<\/strong> Perfecto para blogs, portafolios, comercio electr\u00f3nico o cualquier proyecto que necesite un contenido organizado y atractivo.<\/li>\n<\/ul>\n\n<h3>Desbloquee infinitas posibilidades de dise\u00f1o<\/h3>\n<p>TFTabs te permite crear pesta\u00f1as que mejoren la experiencia del usuario y mantengan el inter\u00e9s de los visitantes, tanto si est\u00e1s actualizando una p\u00e1gina existente como si empiezas desde cero. Los estilos preestablecidos ofrecen variedad para cada ambiente - de elegante y moderno a audaz y creativo - y con m\u00e1s estilos pr\u00f3ximamente, sus opciones seguir\u00e1n creciendo.<\/p>\n\n<h3>Empezar a construir hoy<\/h3>\n<p>Mejore su sitio Elementor con <strong>TFTabs Addon - Pesta\u00f1as creativas<\/strong>. Es la forma m\u00e1s f\u00e1cil de a\u00f1adir brillo e interactividad sin complicaciones. Cons\u00edguelo ahora y ver\u00e1s c\u00f3mo tus contenidos cobran vida.<\/p>\n\t\t\t\t\t<\/div>\n\t\t\t\t\t\t<\/div>\n\t\t\t\t<\/div>\n\t\t\t\t<\/div>\n\t\t\t\t<\/div>","protected":false},"excerpt":{"rendered":"<p>TFTabs Addon For Elementor: Creative Tabs That Captivate The TFTabs Addon For Elementor \u2013 Creative Tabs is a lightweight WordPress<\/p>","protected":false},"featured_media":7869,"comment_status":"open","ping_status":"closed","template":"","meta":{"_acf_changed":false},"product_brand":[],"product_cat":[49],"product_tag":[],"class_list":{"0":"post-7957","1":"product","2":"type-product","3":"status-publish","4":"has-post-thumbnail","6":"product_cat-plugins","8":"first","9":"instock","10":"sale","11":"downloadable","12":"shipping-taxable","13":"purchasable","14":"product-type-simple"},"acf":[],"yoast_head":"<!-- This site is optimized with the Yoast SEO Premium plugin v25.6 (Yoast SEO v27.1.1) - https:\/\/yoast.com\/product\/yoast-seo-premium-wordpress\/ -->\n<title>TFTabs Addon For Elementor \u2013 Creative Tabs - AllWin Theme \u2013 Free WordPress Themes Download<\/title>\n<meta name=\"description\" content=\"Lightweight Elementor plugin for stunning tabs. Over 30 unique styles, no coding needed. More than 100 additional styles coming soon!\" \/>\n<meta name=\"robots\" content=\"index, follow, max-snippet:-1, max-image-preview:large, max-video-preview:-1\" \/>\n<link rel=\"canonical\" href=\"https:\/\/allwintheme.com\/es\/producto\/tftabs-addon-para-elementor\/\" \/>\n<meta property=\"og:locale\" content=\"es_ES\" \/>\n<meta property=\"og:type\" content=\"article\" \/>\n<meta property=\"og:title\" content=\"TFTabs Addon For Elementor \u2013 Creative Tabs\" \/>\n<meta property=\"og:description\" content=\"Lightweight Elementor plugin for stunning tabs. Over 30 unique styles, no coding needed. More than 100 additional styles coming soon!\" \/>\n<meta property=\"og:url\" content=\"https:\/\/allwintheme.com\/es\/producto\/tftabs-addon-para-elementor\/\" \/>\n<meta property=\"og:site_name\" content=\"AllWin Theme \u2013 Free WordPress Themes Download\" \/>\n<meta property=\"article:modified_time\" content=\"2025-09-24T13:50:58+00:00\" \/>\n<meta property=\"og:image\" content=\"https:\/\/allwintheme.com\/wp-content\/uploads\/2025\/09\/vep2w2ot.png\" \/>\n\t<meta property=\"og:image:width\" content=\"768\" \/>\n\t<meta property=\"og:image:height\" content=\"432\" \/>\n\t<meta property=\"og:image:type\" content=\"image\/png\" \/>\n<meta name=\"twitter:card\" content=\"summary_large_image\" \/>\n<meta name=\"twitter:label1\" content=\"Tiempo estimado de lectura\" \/>\n\t<meta name=\"twitter:data1\" content=\"2 minutos\" \/>\n<script type=\"application\/ld+json\" class=\"yoast-schema-graph\">{\"@context\":\"https:\/\/schema.org\",\"@graph\":[{\"@type\":\"WebPage\",\"@id\":\"https:\/\/allwintheme.com\/product\/tftabs-addon-for-elementor\/\",\"url\":\"https:\/\/allwintheme.com\/product\/tftabs-addon-for-elementor\/\",\"name\":\"TFTabs Addon For Elementor \u2013 Creative Tabs - AllWin Theme \u2013 Free WordPress Themes Download\",\"isPartOf\":{\"@id\":\"https:\/\/allwintheme.com\/#website\"},\"primaryImageOfPage\":{\"@id\":\"https:\/\/allwintheme.com\/product\/tftabs-addon-for-elementor\/#primaryimage\"},\"image\":{\"@id\":\"https:\/\/allwintheme.com\/product\/tftabs-addon-for-elementor\/#primaryimage\"},\"thumbnailUrl\":\"https:\/\/allwintheme.com\/wp-content\/uploads\/2025\/09\/vep2w2ot.png\",\"datePublished\":\"2025-09-24T13:47:10+00:00\",\"dateModified\":\"2025-09-24T13:50:58+00:00\",\"description\":\"Lightweight Elementor plugin for stunning tabs. Over 30 unique styles, no coding needed. More than 100 additional styles coming soon!\",\"breadcrumb\":{\"@id\":\"https:\/\/allwintheme.com\/product\/tftabs-addon-for-elementor\/#breadcrumb\"},\"inLanguage\":\"es-CL\",\"potentialAction\":[{\"@type\":\"ReadAction\",\"target\":[\"https:\/\/allwintheme.com\/product\/tftabs-addon-for-elementor\/\"]}]},{\"@type\":\"ImageObject\",\"inLanguage\":\"es-CL\",\"@id\":\"https:\/\/allwintheme.com\/product\/tftabs-addon-for-elementor\/#primaryimage\",\"url\":\"https:\/\/allwintheme.com\/wp-content\/uploads\/2025\/09\/vep2w2ot.png\",\"contentUrl\":\"https:\/\/allwintheme.com\/wp-content\/uploads\/2025\/09\/vep2w2ot.png\",\"width\":768,\"height\":432,\"caption\":\"TFTabs Addon For Elementor\"},{\"@type\":\"BreadcrumbList\",\"@id\":\"https:\/\/allwintheme.com\/product\/tftabs-addon-for-elementor\/#breadcrumb\",\"itemListElement\":[{\"@type\":\"ListItem\",\"position\":1,\"name\":\"Home\",\"item\":\"https:\/\/allwintheme.com\/\"},{\"@type\":\"ListItem\",\"position\":2,\"name\":\"Shop\",\"item\":\"https:\/\/allwintheme.com\/shop\/\"},{\"@type\":\"ListItem\",\"position\":3,\"name\":\"TFTabs Addon For Elementor \u2013 Creative Tabs\"}]},{\"@type\":\"WebSite\",\"@id\":\"https:\/\/allwintheme.com\/#website\",\"url\":\"https:\/\/allwintheme.com\/\",\"name\":\"Allwintheme\",\"description\":\"Download free WordPress themes for every niche. Blogs, business, eCommerce, portfolio, restaurant and more. All themes are GPL licensed and mobile-ready.\",\"potentialAction\":[{\"@type\":\"SearchAction\",\"target\":{\"@type\":\"EntryPoint\",\"urlTemplate\":\"https:\/\/allwintheme.com\/?s={search_term_string}\"},\"query-input\":{\"@type\":\"PropertyValueSpecification\",\"valueRequired\":true,\"valueName\":\"search_term_string\"}}],\"inLanguage\":\"es-CL\"}]}<\/script>\n<!-- \/ Yoast SEO Premium plugin. -->","yoast_head_json":{"title":"TFTabs Addon For Elementor \u2013 Creative Tabs - AllWin Theme \u2013 Free WordPress Themes Download","description":"Ligero Elementor plugin para pesta\u00f1as impresionantes. M\u00e1s de 30 estilos \u00fanicos, sin necesidad de codificaci\u00f3n. \u00a1M\u00e1s de 100 estilos adicionales pr\u00f3ximamente!","robots":{"index":"index","follow":"follow","max-snippet":"max-snippet:-1","max-image-preview":"max-image-preview:large","max-video-preview":"max-video-preview:-1"},"canonical":"https:\/\/allwintheme.com\/es\/producto\/tftabs-addon-para-elementor\/","og_locale":"es_ES","og_type":"article","og_title":"TFTabs Addon For Elementor \u2013 Creative Tabs","og_description":"Lightweight Elementor plugin for stunning tabs. Over 30 unique styles, no coding needed. More than 100 additional styles coming soon!","og_url":"https:\/\/allwintheme.com\/es\/producto\/tftabs-addon-para-elementor\/","og_site_name":"AllWin Theme \u2013 Free WordPress Themes Download","article_modified_time":"2025-09-24T13:50:58+00:00","og_image":[{"width":768,"height":432,"url":"https:\/\/allwintheme.com\/wp-content\/uploads\/2025\/09\/vep2w2ot.png","type":"image\/png"}],"twitter_card":"summary_large_image","twitter_misc":{"Tiempo estimado de lectura":"2 minutos"},"schema":{"@context":"https:\/\/schema.org","@graph":[{"@type":"WebPage","@id":"https:\/\/allwintheme.com\/product\/tftabs-addon-for-elementor\/","url":"https:\/\/allwintheme.com\/product\/tftabs-addon-for-elementor\/","name":"TFTabs Addon For Elementor \u2013 Creative Tabs - AllWin Theme \u2013 Free WordPress Themes Download","isPartOf":{"@id":"https:\/\/allwintheme.com\/#website"},"primaryImageOfPage":{"@id":"https:\/\/allwintheme.com\/product\/tftabs-addon-for-elementor\/#primaryimage"},"image":{"@id":"https:\/\/allwintheme.com\/product\/tftabs-addon-for-elementor\/#primaryimage"},"thumbnailUrl":"https:\/\/allwintheme.com\/wp-content\/uploads\/2025\/09\/vep2w2ot.png","datePublished":"2025-09-24T13:47:10+00:00","dateModified":"2025-09-24T13:50:58+00:00","description":"Ligero Elementor plugin para pesta\u00f1as impresionantes. M\u00e1s de 30 estilos \u00fanicos, sin necesidad de codificaci\u00f3n. \u00a1M\u00e1s de 100 estilos adicionales pr\u00f3ximamente!","breadcrumb":{"@id":"https:\/\/allwintheme.com\/product\/tftabs-addon-for-elementor\/#breadcrumb"},"inLanguage":"es-CL","potentialAction":[{"@type":"ReadAction","target":["https:\/\/allwintheme.com\/product\/tftabs-addon-for-elementor\/"]}]},{"@type":"ImageObject","inLanguage":"es-CL","@id":"https:\/\/allwintheme.com\/product\/tftabs-addon-for-elementor\/#primaryimage","url":"https:\/\/allwintheme.com\/wp-content\/uploads\/2025\/09\/vep2w2ot.png","contentUrl":"https:\/\/allwintheme.com\/wp-content\/uploads\/2025\/09\/vep2w2ot.png","width":768,"height":432,"caption":"TFTabs Addon For Elementor"},{"@type":"BreadcrumbList","@id":"https:\/\/allwintheme.com\/product\/tftabs-addon-for-elementor\/#breadcrumb","itemListElement":[{"@type":"ListItem","position":1,"name":"Home","item":"https:\/\/allwintheme.com\/"},{"@type":"ListItem","position":2,"name":"Shop","item":"https:\/\/allwintheme.com\/shop\/"},{"@type":"ListItem","position":3,"name":"TFTabs Addon For Elementor \u2013 Creative Tabs"}]},{"@type":"WebSite","@id":"https:\/\/allwintheme.com\/#website","url":"https:\/\/allwintheme.com\/","name":"Allwintheme","description":"Descarga gratis temas de WordPress para todos los nichos. Blogs, negocios, comercio electr\u00f3nico, portafolio, restaurante y m\u00e1s. Todos los temas tienen licencia GPL y est\u00e1n preparados para dispositivos m\u00f3viles.","potentialAction":[{"@type":"SearchAction","target":{"@type":"EntryPoint","urlTemplate":"https:\/\/allwintheme.com\/?s={search_term_string}"},"query-input":{"@type":"PropertyValueSpecification","valueRequired":true,"valueName":"search_term_string"}}],"inLanguage":"es-CL"}]}},"_links":{"self":[{"href":"https:\/\/allwintheme.com\/es\/wp-json\/wp\/v2\/product\/7957","targetHints":{"allow":["GET"]}}],"collection":[{"href":"https:\/\/allwintheme.com\/es\/wp-json\/wp\/v2\/product"}],"about":[{"href":"https:\/\/allwintheme.com\/es\/wp-json\/wp\/v2\/types\/product"}],"replies":[{"embeddable":true,"href":"https:\/\/allwintheme.com\/es\/wp-json\/wp\/v2\/comments?post=7957"}],"version-history":[{"count":0,"href":"https:\/\/allwintheme.com\/es\/wp-json\/wp\/v2\/product\/7957\/revisions"}],"wp:featuredmedia":[{"embeddable":true,"href":"https:\/\/allwintheme.com\/es\/wp-json\/wp\/v2\/media\/7869"}],"wp:attachment":[{"href":"https:\/\/allwintheme.com\/es\/wp-json\/wp\/v2\/media?parent=7957"}],"wp:term":[{"taxonomy":"product_brand","embeddable":true,"href":"https:\/\/allwintheme.com\/es\/wp-json\/wp\/v2\/product_brand?post=7957"},{"taxonomy":"product_cat","embeddable":true,"href":"https:\/\/allwintheme.com\/es\/wp-json\/wp\/v2\/product_cat?post=7957"},{"taxonomy":"product_tag","embeddable":true,"href":"https:\/\/allwintheme.com\/es\/wp-json\/wp\/v2\/product_tag?post=7957"}],"curies":[{"name":"wp","href":"https:\/\/api.w.org\/{rel}","templated":true}]}}