{"id":8023,"date":"2025-09-25T07:00:01","date_gmt":"2025-09-25T07:00:01","guid":{"rendered":"https:\/\/allwintheme.com\/?post_type=product&#038;p=8023"},"modified":"2025-09-25T07:04:35","modified_gmt":"2025-09-25T07:04:35","slug":"clever-addons-pro-para-elementor","status":"publish","type":"product","link":"https:\/\/allwintheme.com\/es\/producto\/clever-addons-pro-para-elementor\/","title":{"rendered":"Clever Addons Pro para Elementor"},"content":{"rendered":"<div data-elementor-type=\"wp-post\" data-elementor-id=\"8023\" class=\"elementor elementor-8023\" data-elementor-settings=\"{&quot;element_pack_global_tooltip_width&quot;:{&quot;unit&quot;:&quot;px&quot;,&quot;size&quot;:&quot;&quot;,&quot;sizes&quot;:[]},&quot;element_pack_global_tooltip_width_tablet&quot;:{&quot;unit&quot;:&quot;px&quot;,&quot;size&quot;:&quot;&quot;,&quot;sizes&quot;:[]},&quot;element_pack_global_tooltip_width_mobile&quot;:{&quot;unit&quot;:&quot;px&quot;,&quot;size&quot;:&quot;&quot;,&quot;sizes&quot;:[]},&quot;element_pack_global_tooltip_padding&quot;:{&quot;unit&quot;:&quot;px&quot;,&quot;top&quot;:&quot;&quot;,&quot;right&quot;:&quot;&quot;,&quot;bottom&quot;:&quot;&quot;,&quot;left&quot;:&quot;&quot;,&quot;isLinked&quot;:true},&quot;element_pack_global_tooltip_padding_tablet&quot;:{&quot;unit&quot;:&quot;px&quot;,&quot;top&quot;:&quot;&quot;,&quot;right&quot;:&quot;&quot;,&quot;bottom&quot;:&quot;&quot;,&quot;left&quot;:&quot;&quot;,&quot;isLinked&quot;:true},&quot;element_pack_global_tooltip_padding_mobile&quot;:{&quot;unit&quot;:&quot;px&quot;,&quot;top&quot;:&quot;&quot;,&quot;right&quot;:&quot;&quot;,&quot;bottom&quot;:&quot;&quot;,&quot;left&quot;:&quot;&quot;,&quot;isLinked&quot;:true},&quot;element_pack_global_tooltip_border_radius&quot;:{&quot;unit&quot;:&quot;px&quot;,&quot;top&quot;:&quot;&quot;,&quot;right&quot;:&quot;&quot;,&quot;bottom&quot;:&quot;&quot;,&quot;left&quot;:&quot;&quot;,&quot;isLinked&quot;:true},&quot;element_pack_global_tooltip_border_radius_tablet&quot;:{&quot;unit&quot;:&quot;px&quot;,&quot;top&quot;:&quot;&quot;,&quot;right&quot;:&quot;&quot;,&quot;bottom&quot;:&quot;&quot;,&quot;left&quot;:&quot;&quot;,&quot;isLinked&quot;:true},&quot;element_pack_global_tooltip_border_radius_mobile&quot;:{&quot;unit&quot;:&quot;px&quot;,&quot;top&quot;:&quot;&quot;,&quot;right&quot;:&quot;&quot;,&quot;bottom&quot;:&quot;&quot;,&quot;left&quot;:&quot;&quot;,&quot;isLinked&quot;:true}}\" data-elementor-post-type=\"product\">\n\t\t\t\t<div class=\"elementor-element elementor-element-93aa4a8 e-con-full e-flex e-con e-parent\" data-id=\"93aa4a8\" data-element_type=\"container\" data-e-type=\"container\">\n\t\t\t\t<div class=\"elementor-element elementor-element-2c3f760 miaoshu elementor-widget elementor-widget-wd_text_block\" data-id=\"2c3f760\" data-element_type=\"widget\" data-e-type=\"widget\" data-widget_type=\"wd_text_block.default\">\n\t\t\t\t<div class=\"elementor-widget-container\">\n\t\t\t\t\t\t\t<div class=\"wd-text-block reset-last-child text-left\">\n\t\t\t\n\t\t\t<h2>Clever Addons Pro para Elementor: Mejore el dise\u00f1o de su sitio web<\/h2>\n<p><strong>Clever Addons Pro para Elementor<\/strong> es un plugin premium que mejora tu experiencia Elementor con una colecci\u00f3n de widgets potentes, ligeros y creativos. Dise\u00f1ado con pasi\u00f3n y precisi\u00f3n, este plugin te ayuda a crear sitios web impresionantes y de alto rendimiento con facilidad, ya sea que est\u00e9s creando un portafolio, un blog o una tienda en l\u00ednea.<\/p>\n\n<h3>D\u00e9 rienda suelta a la creatividad con una potencia ligera<\/h3>\n<p>Clever Addons Pro est\u00e1 dise\u00f1ado para la velocidad y la simplicidad, la entrega de dise\u00f1os de p\u00edxeles perfectos sin c\u00f3digo hinchado o activos innecesarios. Gracias a sus controles modulares y dise\u00f1os adaptables, es la herramienta perfecta para crear sitios web profesionales que se ven muy bien en cualquier dispositivo.<\/p>\n\n<h3>\u00bfPor qu\u00e9 elegir Clever Addons Pro?<\/h3>\n<ul>\n    <li><strong>Ligero y r\u00e1pido:<\/strong> Optimizado para una carga superr\u00e1pida con un c\u00f3digo limpio y eficiente y sin equipaje adicional.<\/li>\n    <li><strong>Totalmente adaptable:<\/strong> Dise\u00f1os perfectos que se adaptan perfectamente a ordenadores de sobremesa, tabletas y dispositivos m\u00f3viles.<\/li>\n    <li><strong>Compatible con WooCommerce:<\/strong> Cree f\u00e1cilmente tiendas en l\u00ednea atractivas y f\u00e1ciles de usar.<\/li>\n    <li><strong>Traducci\u00f3n lista:<\/strong> Traduzca f\u00e1cilmente el plugin a su idioma preferido para llegar a todo el mundo.<\/li>\n    <li><strong>Control modular:<\/strong> Active o desactive widgets individuales para optimizar el rendimiento del sitio.<\/li>\n    <li><strong>Widgets creativos:<\/strong> A\u00f1ade elementos potentes y \u00fanicos a Elementor para mejorar la funcionalidad y el dise\u00f1o.<\/li>\n<\/ul>\n\n<h3>Mejora tu flujo de trabajo con Elementor<\/h3>\n<p>Clever Addons Pro te permite aprovechar al m\u00e1ximo las capacidades de Elementor. Sus widgets, cuidadosamente elaborados, est\u00e1n dise\u00f1ados para despertar la creatividad al tiempo que mantienen una experiencia f\u00e1cil de usar. Tanto si est\u00e1s creando un elegante sitio de comercio electr\u00f3nico como un portafolio din\u00e1mico, este plugin te proporciona las herramientas para hacer realidad tu visi\u00f3n sin comprometer la velocidad ni el rendimiento.<\/p>\n\n<h3>Construir m\u00e1s inteligente, m\u00e1s r\u00e1pido y mejor<\/h3>\n<p>Con <strong>Clever Addons Pro para Elementor<\/strong>, con WooCommerce, puedes crear sitios web que no s\u00f3lo son visualmente impresionantes, sino que tambi\u00e9n est\u00e1n optimizados para la velocidad y la funcionalidad. Desde tiendas WooCommerce a sitios multiling\u00fces, este plugin ofrece la flexibilidad y el poder para llevar sus ideas a la vida. Empiece hoy mismo y compruebe por qu\u00e9 los dise\u00f1adores y desarrolladores adoran Clever Addons Pro.<\/p>\n\t\t\t\t\t<\/div>\n\t\t\t\t\t\t<\/div>\n\t\t\t\t<\/div>\n\t\t\t\t<\/div>\n\t\t\t\t<\/div>","protected":false},"excerpt":{"rendered":"<p>Clever Addons Pro for Elementor: Elevate Your Website Design Clever Addons Pro for Elementor is a premium plugin that enhances<\/p>","protected":false},"featured_media":7880,"comment_status":"open","ping_status":"closed","template":"","meta":{"_acf_changed":false},"product_brand":[],"product_cat":[49],"product_tag":[],"class_list":{"0":"post-8023","1":"product","2":"type-product","3":"status-publish","4":"has-post-thumbnail","6":"product_cat-plugins","8":"first","9":"instock","10":"sale","11":"downloadable","12":"shipping-taxable","13":"purchasable","14":"product-type-simple"},"acf":[],"yoast_head":"<!-- This site is optimized with the Yoast SEO Premium plugin v25.6 (Yoast SEO v27.1.1) - https:\/\/yoast.com\/product\/yoast-seo-premium-wordpress\/ -->\n<title>Clever Addons Pro for Elementor - AllWin Theme \u2013 Free WordPress Themes Download<\/title>\n<meta name=\"description\" content=\"Supercharge Elementor with Clever Addons Pro. Lightweight, responsive, WooCommerce-compatible widgets for fast, creative website building.\" \/>\n<meta name=\"robots\" content=\"index, follow, max-snippet:-1, max-image-preview:large, max-video-preview:-1\" \/>\n<link rel=\"canonical\" href=\"https:\/\/allwintheme.com\/es\/producto\/clever-addons-pro-para-elementor\/\" \/>\n<meta property=\"og:locale\" content=\"es_ES\" \/>\n<meta property=\"og:type\" content=\"article\" \/>\n<meta property=\"og:title\" content=\"Clever Addons Pro for Elementor\" \/>\n<meta property=\"og:description\" content=\"Supercharge Elementor with Clever Addons Pro. Lightweight, responsive, WooCommerce-compatible widgets for fast, creative website building.\" \/>\n<meta property=\"og:url\" content=\"https:\/\/allwintheme.com\/es\/producto\/clever-addons-pro-para-elementor\/\" \/>\n<meta property=\"og:site_name\" content=\"AllWin Theme \u2013 Free WordPress Themes Download\" \/>\n<meta property=\"article:modified_time\" content=\"2025-09-25T07:04:35+00:00\" \/>\n<meta property=\"og:image\" content=\"https:\/\/allwintheme.com\/wp-content\/uploads\/2025\/09\/bmoqkntd.png\" \/>\n\t<meta property=\"og:image:width\" content=\"500\" \/>\n\t<meta property=\"og:image:height\" content=\"333\" \/>\n\t<meta property=\"og:image:type\" content=\"image\/png\" \/>\n<meta name=\"twitter:card\" content=\"summary_large_image\" \/>\n<meta name=\"twitter:label1\" content=\"Tiempo estimado de lectura\" \/>\n\t<meta name=\"twitter:data1\" content=\"2 minutos\" \/>\n<script type=\"application\/ld+json\" class=\"yoast-schema-graph\">{\"@context\":\"https:\/\/schema.org\",\"@graph\":[{\"@type\":\"WebPage\",\"@id\":\"https:\/\/allwintheme.com\/product\/clever-addons-pro-for-elementor\/\",\"url\":\"https:\/\/allwintheme.com\/product\/clever-addons-pro-for-elementor\/\",\"name\":\"Clever Addons Pro for Elementor - AllWin Theme \u2013 Free WordPress Themes Download\",\"isPartOf\":{\"@id\":\"https:\/\/allwintheme.com\/#website\"},\"primaryImageOfPage\":{\"@id\":\"https:\/\/allwintheme.com\/product\/clever-addons-pro-for-elementor\/#primaryimage\"},\"image\":{\"@id\":\"https:\/\/allwintheme.com\/product\/clever-addons-pro-for-elementor\/#primaryimage\"},\"thumbnailUrl\":\"https:\/\/allwintheme.com\/wp-content\/uploads\/2025\/09\/bmoqkntd.png\",\"datePublished\":\"2025-09-25T07:00:01+00:00\",\"dateModified\":\"2025-09-25T07:04:35+00:00\",\"description\":\"Supercharge Elementor with Clever Addons Pro. Lightweight, responsive, WooCommerce-compatible widgets for fast, creative website building.\",\"breadcrumb\":{\"@id\":\"https:\/\/allwintheme.com\/product\/clever-addons-pro-for-elementor\/#breadcrumb\"},\"inLanguage\":\"es-CL\",\"potentialAction\":[{\"@type\":\"ReadAction\",\"target\":[\"https:\/\/allwintheme.com\/product\/clever-addons-pro-for-elementor\/\"]}]},{\"@type\":\"ImageObject\",\"inLanguage\":\"es-CL\",\"@id\":\"https:\/\/allwintheme.com\/product\/clever-addons-pro-for-elementor\/#primaryimage\",\"url\":\"https:\/\/allwintheme.com\/wp-content\/uploads\/2025\/09\/bmoqkntd.png\",\"contentUrl\":\"https:\/\/allwintheme.com\/wp-content\/uploads\/2025\/09\/bmoqkntd.png\",\"width\":500,\"height\":333,\"caption\":\"Clever Addons Pro for Elementor\"},{\"@type\":\"BreadcrumbList\",\"@id\":\"https:\/\/allwintheme.com\/product\/clever-addons-pro-for-elementor\/#breadcrumb\",\"itemListElement\":[{\"@type\":\"ListItem\",\"position\":1,\"name\":\"Home\",\"item\":\"https:\/\/allwintheme.com\/\"},{\"@type\":\"ListItem\",\"position\":2,\"name\":\"Shop\",\"item\":\"https:\/\/allwintheme.com\/shop\/\"},{\"@type\":\"ListItem\",\"position\":3,\"name\":\"Clever Addons Pro for Elementor\"}]},{\"@type\":\"WebSite\",\"@id\":\"https:\/\/allwintheme.com\/#website\",\"url\":\"https:\/\/allwintheme.com\/\",\"name\":\"Allwintheme\",\"description\":\"Download free WordPress themes for every niche. Blogs, business, eCommerce, portfolio, restaurant and more. All themes are GPL licensed and mobile-ready.\",\"potentialAction\":[{\"@type\":\"SearchAction\",\"target\":{\"@type\":\"EntryPoint\",\"urlTemplate\":\"https:\/\/allwintheme.com\/?s={search_term_string}\"},\"query-input\":{\"@type\":\"PropertyValueSpecification\",\"valueRequired\":true,\"valueName\":\"search_term_string\"}}],\"inLanguage\":\"es-CL\"}]}<\/script>\n<!-- \/ Yoast SEO Premium plugin. -->","yoast_head_json":{"title":"Clever Addons Pro for Elementor - AllWin Theme \u2013 Free WordPress Themes Download","description":"Mejora Elementor con Clever Addons Pro. Widgets ligeros, adaptables y compatibles con WooCommerce para crear sitios web r\u00e1pidos y creativos.","robots":{"index":"index","follow":"follow","max-snippet":"max-snippet:-1","max-image-preview":"max-image-preview:large","max-video-preview":"max-video-preview:-1"},"canonical":"https:\/\/allwintheme.com\/es\/producto\/clever-addons-pro-para-elementor\/","og_locale":"es_ES","og_type":"article","og_title":"Clever Addons Pro for Elementor","og_description":"Supercharge Elementor with Clever Addons Pro. Lightweight, responsive, WooCommerce-compatible widgets for fast, creative website building.","og_url":"https:\/\/allwintheme.com\/es\/producto\/clever-addons-pro-para-elementor\/","og_site_name":"AllWin Theme \u2013 Free WordPress Themes Download","article_modified_time":"2025-09-25T07:04:35+00:00","og_image":[{"width":500,"height":333,"url":"https:\/\/allwintheme.com\/wp-content\/uploads\/2025\/09\/bmoqkntd.png","type":"image\/png"}],"twitter_card":"summary_large_image","twitter_misc":{"Tiempo estimado de lectura":"2 minutos"},"schema":{"@context":"https:\/\/schema.org","@graph":[{"@type":"WebPage","@id":"https:\/\/allwintheme.com\/product\/clever-addons-pro-for-elementor\/","url":"https:\/\/allwintheme.com\/product\/clever-addons-pro-for-elementor\/","name":"Clever Addons Pro for Elementor - AllWin Theme \u2013 Free WordPress Themes Download","isPartOf":{"@id":"https:\/\/allwintheme.com\/#website"},"primaryImageOfPage":{"@id":"https:\/\/allwintheme.com\/product\/clever-addons-pro-for-elementor\/#primaryimage"},"image":{"@id":"https:\/\/allwintheme.com\/product\/clever-addons-pro-for-elementor\/#primaryimage"},"thumbnailUrl":"https:\/\/allwintheme.com\/wp-content\/uploads\/2025\/09\/bmoqkntd.png","datePublished":"2025-09-25T07:00:01+00:00","dateModified":"2025-09-25T07:04:35+00:00","description":"Mejora Elementor con Clever Addons Pro. Widgets ligeros, adaptables y compatibles con WooCommerce para crear sitios web r\u00e1pidos y creativos.","breadcrumb":{"@id":"https:\/\/allwintheme.com\/product\/clever-addons-pro-for-elementor\/#breadcrumb"},"inLanguage":"es-CL","potentialAction":[{"@type":"ReadAction","target":["https:\/\/allwintheme.com\/product\/clever-addons-pro-for-elementor\/"]}]},{"@type":"ImageObject","inLanguage":"es-CL","@id":"https:\/\/allwintheme.com\/product\/clever-addons-pro-for-elementor\/#primaryimage","url":"https:\/\/allwintheme.com\/wp-content\/uploads\/2025\/09\/bmoqkntd.png","contentUrl":"https:\/\/allwintheme.com\/wp-content\/uploads\/2025\/09\/bmoqkntd.png","width":500,"height":333,"caption":"Clever Addons Pro for Elementor"},{"@type":"BreadcrumbList","@id":"https:\/\/allwintheme.com\/product\/clever-addons-pro-for-elementor\/#breadcrumb","itemListElement":[{"@type":"ListItem","position":1,"name":"Home","item":"https:\/\/allwintheme.com\/"},{"@type":"ListItem","position":2,"name":"Shop","item":"https:\/\/allwintheme.com\/shop\/"},{"@type":"ListItem","position":3,"name":"Clever Addons Pro for Elementor"}]},{"@type":"WebSite","@id":"https:\/\/allwintheme.com\/#website","url":"https:\/\/allwintheme.com\/","name":"Allwintheme","description":"Descarga gratis temas de WordPress para todos los nichos. Blogs, negocios, comercio electr\u00f3nico, portafolio, restaurante y m\u00e1s. Todos los temas tienen licencia GPL y est\u00e1n preparados para dispositivos m\u00f3viles.","potentialAction":[{"@type":"SearchAction","target":{"@type":"EntryPoint","urlTemplate":"https:\/\/allwintheme.com\/?s={search_term_string}"},"query-input":{"@type":"PropertyValueSpecification","valueRequired":true,"valueName":"search_term_string"}}],"inLanguage":"es-CL"}]}},"_links":{"self":[{"href":"https:\/\/allwintheme.com\/es\/wp-json\/wp\/v2\/product\/8023","targetHints":{"allow":["GET"]}}],"collection":[{"href":"https:\/\/allwintheme.com\/es\/wp-json\/wp\/v2\/product"}],"about":[{"href":"https:\/\/allwintheme.com\/es\/wp-json\/wp\/v2\/types\/product"}],"replies":[{"embeddable":true,"href":"https:\/\/allwintheme.com\/es\/wp-json\/wp\/v2\/comments?post=8023"}],"version-history":[{"count":0,"href":"https:\/\/allwintheme.com\/es\/wp-json\/wp\/v2\/product\/8023\/revisions"}],"wp:featuredmedia":[{"embeddable":true,"href":"https:\/\/allwintheme.com\/es\/wp-json\/wp\/v2\/media\/7880"}],"wp:attachment":[{"href":"https:\/\/allwintheme.com\/es\/wp-json\/wp\/v2\/media?parent=8023"}],"wp:term":[{"taxonomy":"product_brand","embeddable":true,"href":"https:\/\/allwintheme.com\/es\/wp-json\/wp\/v2\/product_brand?post=8023"},{"taxonomy":"product_cat","embeddable":true,"href":"https:\/\/allwintheme.com\/es\/wp-json\/wp\/v2\/product_cat?post=8023"},{"taxonomy":"product_tag","embeddable":true,"href":"https:\/\/allwintheme.com\/es\/wp-json\/wp\/v2\/product_tag?post=8023"}],"curies":[{"name":"wp","href":"https:\/\/api.w.org\/{rel}","templated":true}]}}