{"id":8047,"date":"2025-09-25T07:11:41","date_gmt":"2025-09-25T07:11:41","guid":{"rendered":"https:\/\/allwintheme.com\/?post_type=product&#038;p=8047"},"modified":"2025-09-25T07:14:45","modified_gmt":"2025-09-25T07:14:45","slug":"variacion-inventario-compartido-para-woocommerce","status":"publish","type":"product","link":"https:\/\/allwintheme.com\/es\/producto\/variacion-inventario-compartido-para-woocommerce\/","title":{"rendered":"Variaci\u00f3n Inventario Compartido para WooCommerce"},"content":{"rendered":"<div data-elementor-type=\"wp-post\" data-elementor-id=\"8047\" class=\"elementor elementor-8047\" data-elementor-settings=\"{&quot;element_pack_global_tooltip_width&quot;:{&quot;unit&quot;:&quot;px&quot;,&quot;size&quot;:&quot;&quot;,&quot;sizes&quot;:[]},&quot;element_pack_global_tooltip_width_tablet&quot;:{&quot;unit&quot;:&quot;px&quot;,&quot;size&quot;:&quot;&quot;,&quot;sizes&quot;:[]},&quot;element_pack_global_tooltip_width_mobile&quot;:{&quot;unit&quot;:&quot;px&quot;,&quot;size&quot;:&quot;&quot;,&quot;sizes&quot;:[]},&quot;element_pack_global_tooltip_padding&quot;:{&quot;unit&quot;:&quot;px&quot;,&quot;top&quot;:&quot;&quot;,&quot;right&quot;:&quot;&quot;,&quot;bottom&quot;:&quot;&quot;,&quot;left&quot;:&quot;&quot;,&quot;isLinked&quot;:true},&quot;element_pack_global_tooltip_padding_tablet&quot;:{&quot;unit&quot;:&quot;px&quot;,&quot;top&quot;:&quot;&quot;,&quot;right&quot;:&quot;&quot;,&quot;bottom&quot;:&quot;&quot;,&quot;left&quot;:&quot;&quot;,&quot;isLinked&quot;:true},&quot;element_pack_global_tooltip_padding_mobile&quot;:{&quot;unit&quot;:&quot;px&quot;,&quot;top&quot;:&quot;&quot;,&quot;right&quot;:&quot;&quot;,&quot;bottom&quot;:&quot;&quot;,&quot;left&quot;:&quot;&quot;,&quot;isLinked&quot;:true},&quot;element_pack_global_tooltip_border_radius&quot;:{&quot;unit&quot;:&quot;px&quot;,&quot;top&quot;:&quot;&quot;,&quot;right&quot;:&quot;&quot;,&quot;bottom&quot;:&quot;&quot;,&quot;left&quot;:&quot;&quot;,&quot;isLinked&quot;:true},&quot;element_pack_global_tooltip_border_radius_tablet&quot;:{&quot;unit&quot;:&quot;px&quot;,&quot;top&quot;:&quot;&quot;,&quot;right&quot;:&quot;&quot;,&quot;bottom&quot;:&quot;&quot;,&quot;left&quot;:&quot;&quot;,&quot;isLinked&quot;:true},&quot;element_pack_global_tooltip_border_radius_mobile&quot;:{&quot;unit&quot;:&quot;px&quot;,&quot;top&quot;:&quot;&quot;,&quot;right&quot;:&quot;&quot;,&quot;bottom&quot;:&quot;&quot;,&quot;left&quot;:&quot;&quot;,&quot;isLinked&quot;:true}}\" data-elementor-post-type=\"product\">\n\t\t\t\t<div class=\"elementor-element elementor-element-93aa4a8 e-con-full e-flex e-con e-parent\" data-id=\"93aa4a8\" data-element_type=\"container\" data-e-type=\"container\">\n\t\t\t\t<div class=\"elementor-element elementor-element-2c3f760 miaoshu elementor-widget elementor-widget-wd_text_block\" data-id=\"2c3f760\" data-element_type=\"widget\" data-e-type=\"widget\" data-widget_type=\"wd_text_block.default\">\n\t\t\t\t<div class=\"elementor-widget-container\">\n\t\t\t\t\t\t\t<div class=\"wd-text-block reset-last-child text-left\">\n\t\t\t\n\t\t\t<h2>Variaci\u00f3n Inventario Compartido para WooCommerce: Simplifique la gesti\u00f3n de existencias a granel<\/h2>\n<p>En <strong>Variaci\u00f3n Inventario Compartido para WooCommerce<\/strong> introduce un sistema inteligente de gesti\u00f3n de inventario que permite que grupos de variaciones de productos compartan una \u00fanica cantidad de existencias. Perfecto para vendedores al por mayor, agiliza el seguimiento de su inventario total al tiempo que ofrece opciones flexibles de compra al por mayor a sus clientes.<\/p>\n\n<h3>Stock compartido eficiente para variaciones<\/h3>\n<p>Este plugin permite a los propietarios de tiendas gestionar colectivamente las existencias de productos vendidos en distintas cantidades. En lugar de realizar un seguimiento de cada variaci\u00f3n por separado, puede agruparlas y controlar el nivel de inventario general. Vende art\u00edculos en paquetes de cualquier tama\u00f1o -ya sean individuales, paquetes o lotes al por mayor m\u00e1s grandes- y mantenlo todo organizado en un recuento de existencias centralizado.<\/p>\n\n<h3>\u00bfPor qu\u00e9 elegir Variation Shared Inventory?<\/h3>\n<ul>\n    <li><strong>Sistema de Cantidad Compartida:<\/strong> Asigne m\u00faltiples variaciones a un \u00fanico inventario para un seguimiento unificado.<\/li>\n    <li><strong>Apoyo a las ventas a granel:<\/strong> Venda f\u00e1cilmente productos en grupos de cualquier tama\u00f1o para dar cabida a clientes mayoristas.<\/li>\n    <li><strong>Supervisi\u00f3n total del inventario:<\/strong> Obtenga una visi\u00f3n clara y en tiempo real de sus existencias combinadas en todas las variantes.<\/li>\n    <li><strong>Integraci\u00f3n perfecta con WooCommerce:<\/strong> Funciona sin problemas con la configuraci\u00f3n existente de su tienda, sin necesidad de configuraciones complejas.<\/li>\n    <li><strong>Aumentar la eficiencia de la venta al por mayor:<\/strong> Simplifique las operaciones para ventas de gran volumen sin ajustes manuales de existencias.<\/li>\n<\/ul>\n\n<h3>Racionalice sus operaciones mayoristas<\/h3>\n<p>Tanto si dirige una tienda boutique como un gran distribuidor, Variation Shared Inventory le ayuda a gestionar con facilidad diversos envases de productos. Desp\u00eddete del seguimiento fragmentado de las existencias y da la bienvenida a una forma m\u00e1s intuitiva de gestionar el inventario a granel. Este plugin asegura niveles de stock precisos, reduce errores y apoya el crecimiento escalable de tu negocio WooCommerce.<\/p>\n\n<h3>\u00bfEst\u00e1 listo para optimizar su inventario?<\/h3>\n<p>Mejora las capacidades de tu tienda WooCommerce con <strong>Variaci\u00f3n Inventario compartido<\/strong>. Empiece hoy mismo a agrupar variaciones, a hacer un seguimiento de los totales sin esfuerzo y a deleitar a los compradores al por mayor.<\/p>\n\t\t\t\t\t<\/div>\n\t\t\t\t\t\t<\/div>\n\t\t\t\t<\/div>\n\t\t\t\t<\/div>\n\t\t\t\t<\/div>","protected":false},"excerpt":{"rendered":"<p>Variaci\u00f3n de Inventario Compartido para WooCommerce: Simplifique la gesti\u00f3n de existencias a granel El plugin Variation Shared Inventory for WooCommerce introduce un inventario inteligente<\/p>","protected":false},"featured_media":7883,"comment_status":"open","ping_status":"closed","template":"","meta":{"_acf_changed":false},"product_brand":[],"product_cat":[49],"product_tag":[],"class_list":{"0":"post-8047","1":"product","2":"type-product","3":"status-publish","4":"has-post-thumbnail","6":"product_cat-plugins","8":"first","9":"instock","10":"sale","11":"downloadable","12":"shipping-taxable","13":"purchasable","14":"product-type-simple"},"acf":[],"yoast_head":"<!-- This site is optimized with the Yoast SEO Premium plugin v25.6 (Yoast SEO v27.1.1) - https:\/\/yoast.com\/product\/yoast-seo-premium-wordpress\/ -->\n<title>Variation Shared Inventory for WooCommerce - AllWin Theme \u2013 Free WordPress Themes Download<\/title>\n<meta name=\"description\" content=\"Manage shared inventory for WooCommerce product variations. Track total stock across bulk sales groups for easy wholesale management.\" \/>\n<meta name=\"robots\" content=\"index, follow, max-snippet:-1, max-image-preview:large, max-video-preview:-1\" \/>\n<link rel=\"canonical\" href=\"https:\/\/allwintheme.com\/es\/producto\/variacion-inventario-compartido-para-woocommerce\/\" \/>\n<meta property=\"og:locale\" content=\"es_ES\" \/>\n<meta property=\"og:type\" content=\"article\" \/>\n<meta property=\"og:title\" content=\"Variation Shared Inventory for WooCommerce\" \/>\n<meta property=\"og:description\" content=\"Manage shared inventory for WooCommerce product variations. Track total stock across bulk sales groups for easy wholesale management.\" \/>\n<meta property=\"og:url\" content=\"https:\/\/allwintheme.com\/es\/producto\/variacion-inventario-compartido-para-woocommerce\/\" \/>\n<meta property=\"og:site_name\" content=\"AllWin Theme \u2013 Free WordPress Themes Download\" \/>\n<meta property=\"article:modified_time\" content=\"2025-09-25T07:14:45+00:00\" \/>\n<meta property=\"og:image\" content=\"https:\/\/allwintheme.com\/wp-content\/uploads\/2025\/09\/pp7vqu1z.png\" \/>\n\t<meta property=\"og:image:width\" content=\"659\" \/>\n\t<meta property=\"og:image:height\" content=\"300\" \/>\n\t<meta property=\"og:image:type\" content=\"image\/png\" \/>\n<meta name=\"twitter:card\" content=\"summary_large_image\" \/>\n<meta name=\"twitter:label1\" content=\"Tiempo estimado de lectura\" \/>\n\t<meta name=\"twitter:data1\" content=\"2 minutos\" \/>\n<script type=\"application\/ld+json\" class=\"yoast-schema-graph\">{\"@context\":\"https:\/\/schema.org\",\"@graph\":[{\"@type\":\"WebPage\",\"@id\":\"https:\/\/allwintheme.com\/product\/variation-shared-inventory-for-woocommerce\/\",\"url\":\"https:\/\/allwintheme.com\/product\/variation-shared-inventory-for-woocommerce\/\",\"name\":\"Variation Shared Inventory for WooCommerce - AllWin Theme \u2013 Free WordPress Themes Download\",\"isPartOf\":{\"@id\":\"https:\/\/allwintheme.com\/#website\"},\"primaryImageOfPage\":{\"@id\":\"https:\/\/allwintheme.com\/product\/variation-shared-inventory-for-woocommerce\/#primaryimage\"},\"image\":{\"@id\":\"https:\/\/allwintheme.com\/product\/variation-shared-inventory-for-woocommerce\/#primaryimage\"},\"thumbnailUrl\":\"https:\/\/allwintheme.com\/wp-content\/uploads\/2025\/09\/pp7vqu1z.png\",\"datePublished\":\"2025-09-25T07:11:41+00:00\",\"dateModified\":\"2025-09-25T07:14:45+00:00\",\"description\":\"Manage shared inventory for WooCommerce product variations. Track total stock across bulk sales groups for easy wholesale management.\",\"breadcrumb\":{\"@id\":\"https:\/\/allwintheme.com\/product\/variation-shared-inventory-for-woocommerce\/#breadcrumb\"},\"inLanguage\":\"es-CL\",\"potentialAction\":[{\"@type\":\"ReadAction\",\"target\":[\"https:\/\/allwintheme.com\/product\/variation-shared-inventory-for-woocommerce\/\"]}]},{\"@type\":\"ImageObject\",\"inLanguage\":\"es-CL\",\"@id\":\"https:\/\/allwintheme.com\/product\/variation-shared-inventory-for-woocommerce\/#primaryimage\",\"url\":\"https:\/\/allwintheme.com\/wp-content\/uploads\/2025\/09\/pp7vqu1z.png\",\"contentUrl\":\"https:\/\/allwintheme.com\/wp-content\/uploads\/2025\/09\/pp7vqu1z.png\",\"width\":659,\"height\":300,\"caption\":\"Variation Shared Inventory for WooCommerce\"},{\"@type\":\"BreadcrumbList\",\"@id\":\"https:\/\/allwintheme.com\/product\/variation-shared-inventory-for-woocommerce\/#breadcrumb\",\"itemListElement\":[{\"@type\":\"ListItem\",\"position\":1,\"name\":\"Home\",\"item\":\"https:\/\/allwintheme.com\/\"},{\"@type\":\"ListItem\",\"position\":2,\"name\":\"Shop\",\"item\":\"https:\/\/allwintheme.com\/shop\/\"},{\"@type\":\"ListItem\",\"position\":3,\"name\":\"Variation Shared Inventory for WooCommerce\"}]},{\"@type\":\"WebSite\",\"@id\":\"https:\/\/allwintheme.com\/#website\",\"url\":\"https:\/\/allwintheme.com\/\",\"name\":\"Allwintheme\",\"description\":\"Download free WordPress themes for every niche. Blogs, business, eCommerce, portfolio, restaurant and more. All themes are GPL licensed and mobile-ready.\",\"potentialAction\":[{\"@type\":\"SearchAction\",\"target\":{\"@type\":\"EntryPoint\",\"urlTemplate\":\"https:\/\/allwintheme.com\/?s={search_term_string}\"},\"query-input\":{\"@type\":\"PropertyValueSpecification\",\"valueRequired\":true,\"valueName\":\"search_term_string\"}}],\"inLanguage\":\"es-CL\"}]}<\/script>\n<!-- \/ Yoast SEO Premium plugin. -->","yoast_head_json":{"title":"Variation Shared Inventory for WooCommerce - AllWin Theme \u2013 Free WordPress Themes Download","description":"Gestione el inventario compartido para las variaciones de productos de WooCommerce. Realiza un seguimiento del stock total de los grupos de ventas al por mayor para facilitar la gesti\u00f3n de la venta al por mayor.","robots":{"index":"index","follow":"follow","max-snippet":"max-snippet:-1","max-image-preview":"max-image-preview:large","max-video-preview":"max-video-preview:-1"},"canonical":"https:\/\/allwintheme.com\/es\/producto\/variacion-inventario-compartido-para-woocommerce\/","og_locale":"es_ES","og_type":"article","og_title":"Variation Shared Inventory for WooCommerce","og_description":"Manage shared inventory for WooCommerce product variations. Track total stock across bulk sales groups for easy wholesale management.","og_url":"https:\/\/allwintheme.com\/es\/producto\/variacion-inventario-compartido-para-woocommerce\/","og_site_name":"AllWin Theme \u2013 Free WordPress Themes Download","article_modified_time":"2025-09-25T07:14:45+00:00","og_image":[{"width":659,"height":300,"url":"https:\/\/allwintheme.com\/wp-content\/uploads\/2025\/09\/pp7vqu1z.png","type":"image\/png"}],"twitter_card":"summary_large_image","twitter_misc":{"Tiempo estimado de lectura":"2 minutos"},"schema":{"@context":"https:\/\/schema.org","@graph":[{"@type":"WebPage","@id":"https:\/\/allwintheme.com\/product\/variation-shared-inventory-for-woocommerce\/","url":"https:\/\/allwintheme.com\/product\/variation-shared-inventory-for-woocommerce\/","name":"Variation Shared Inventory for WooCommerce - AllWin Theme \u2013 Free WordPress Themes Download","isPartOf":{"@id":"https:\/\/allwintheme.com\/#website"},"primaryImageOfPage":{"@id":"https:\/\/allwintheme.com\/product\/variation-shared-inventory-for-woocommerce\/#primaryimage"},"image":{"@id":"https:\/\/allwintheme.com\/product\/variation-shared-inventory-for-woocommerce\/#primaryimage"},"thumbnailUrl":"https:\/\/allwintheme.com\/wp-content\/uploads\/2025\/09\/pp7vqu1z.png","datePublished":"2025-09-25T07:11:41+00:00","dateModified":"2025-09-25T07:14:45+00:00","description":"Gestione el inventario compartido para las variaciones de productos de WooCommerce. Realiza un seguimiento del stock total de los grupos de ventas al por mayor para facilitar la gesti\u00f3n de la venta al por mayor.","breadcrumb":{"@id":"https:\/\/allwintheme.com\/product\/variation-shared-inventory-for-woocommerce\/#breadcrumb"},"inLanguage":"es-CL","potentialAction":[{"@type":"ReadAction","target":["https:\/\/allwintheme.com\/product\/variation-shared-inventory-for-woocommerce\/"]}]},{"@type":"ImageObject","inLanguage":"es-CL","@id":"https:\/\/allwintheme.com\/product\/variation-shared-inventory-for-woocommerce\/#primaryimage","url":"https:\/\/allwintheme.com\/wp-content\/uploads\/2025\/09\/pp7vqu1z.png","contentUrl":"https:\/\/allwintheme.com\/wp-content\/uploads\/2025\/09\/pp7vqu1z.png","width":659,"height":300,"caption":"Variation Shared Inventory for WooCommerce"},{"@type":"BreadcrumbList","@id":"https:\/\/allwintheme.com\/product\/variation-shared-inventory-for-woocommerce\/#breadcrumb","itemListElement":[{"@type":"ListItem","position":1,"name":"Home","item":"https:\/\/allwintheme.com\/"},{"@type":"ListItem","position":2,"name":"Shop","item":"https:\/\/allwintheme.com\/shop\/"},{"@type":"ListItem","position":3,"name":"Variation Shared Inventory for WooCommerce"}]},{"@type":"WebSite","@id":"https:\/\/allwintheme.com\/#website","url":"https:\/\/allwintheme.com\/","name":"Allwintheme","description":"Descarga gratis temas de WordPress para todos los nichos. Blogs, negocios, comercio electr\u00f3nico, portafolio, restaurante y m\u00e1s. Todos los temas tienen licencia GPL y est\u00e1n preparados para dispositivos m\u00f3viles.","potentialAction":[{"@type":"SearchAction","target":{"@type":"EntryPoint","urlTemplate":"https:\/\/allwintheme.com\/?s={search_term_string}"},"query-input":{"@type":"PropertyValueSpecification","valueRequired":true,"valueName":"search_term_string"}}],"inLanguage":"es-CL"}]}},"_links":{"self":[{"href":"https:\/\/allwintheme.com\/es\/wp-json\/wp\/v2\/product\/8047","targetHints":{"allow":["GET"]}}],"collection":[{"href":"https:\/\/allwintheme.com\/es\/wp-json\/wp\/v2\/product"}],"about":[{"href":"https:\/\/allwintheme.com\/es\/wp-json\/wp\/v2\/types\/product"}],"replies":[{"embeddable":true,"href":"https:\/\/allwintheme.com\/es\/wp-json\/wp\/v2\/comments?post=8047"}],"version-history":[{"count":0,"href":"https:\/\/allwintheme.com\/es\/wp-json\/wp\/v2\/product\/8047\/revisions"}],"wp:featuredmedia":[{"embeddable":true,"href":"https:\/\/allwintheme.com\/es\/wp-json\/wp\/v2\/media\/7883"}],"wp:attachment":[{"href":"https:\/\/allwintheme.com\/es\/wp-json\/wp\/v2\/media?parent=8047"}],"wp:term":[{"taxonomy":"product_brand","embeddable":true,"href":"https:\/\/allwintheme.com\/es\/wp-json\/wp\/v2\/product_brand?post=8047"},{"taxonomy":"product_cat","embeddable":true,"href":"https:\/\/allwintheme.com\/es\/wp-json\/wp\/v2\/product_cat?post=8047"},{"taxonomy":"product_tag","embeddable":true,"href":"https:\/\/allwintheme.com\/es\/wp-json\/wp\/v2\/product_tag?post=8047"}],"curies":[{"name":"wp","href":"https:\/\/api.w.org\/{rel}","templated":true}]}}