{"id":8089,"date":"2025-09-25T12:02:24","date_gmt":"2025-09-25T12:02:24","guid":{"rendered":"https:\/\/allwintheme.com\/?post_type=product&#038;p=8089"},"modified":"2025-09-25T12:05:57","modified_gmt":"2025-09-25T12:05:57","slug":"conmutador-de-trazado-crocoblock","status":"publish","type":"product","link":"https:\/\/allwintheme.com\/es\/producto\/conmutador-de-trazado-crocoblock\/","title":{"rendered":"Conmutador de trazado Crocoblock"},"content":{"rendered":"<div data-elementor-type=\"wp-post\" data-elementor-id=\"8089\" class=\"elementor elementor-8089\" data-elementor-settings=\"{&quot;element_pack_global_tooltip_width&quot;:{&quot;unit&quot;:&quot;px&quot;,&quot;size&quot;:&quot;&quot;,&quot;sizes&quot;:[]},&quot;element_pack_global_tooltip_width_tablet&quot;:{&quot;unit&quot;:&quot;px&quot;,&quot;size&quot;:&quot;&quot;,&quot;sizes&quot;:[]},&quot;element_pack_global_tooltip_width_mobile&quot;:{&quot;unit&quot;:&quot;px&quot;,&quot;size&quot;:&quot;&quot;,&quot;sizes&quot;:[]},&quot;element_pack_global_tooltip_padding&quot;:{&quot;unit&quot;:&quot;px&quot;,&quot;top&quot;:&quot;&quot;,&quot;right&quot;:&quot;&quot;,&quot;bottom&quot;:&quot;&quot;,&quot;left&quot;:&quot;&quot;,&quot;isLinked&quot;:true},&quot;element_pack_global_tooltip_padding_tablet&quot;:{&quot;unit&quot;:&quot;px&quot;,&quot;top&quot;:&quot;&quot;,&quot;right&quot;:&quot;&quot;,&quot;bottom&quot;:&quot;&quot;,&quot;left&quot;:&quot;&quot;,&quot;isLinked&quot;:true},&quot;element_pack_global_tooltip_padding_mobile&quot;:{&quot;unit&quot;:&quot;px&quot;,&quot;top&quot;:&quot;&quot;,&quot;right&quot;:&quot;&quot;,&quot;bottom&quot;:&quot;&quot;,&quot;left&quot;:&quot;&quot;,&quot;isLinked&quot;:true},&quot;element_pack_global_tooltip_border_radius&quot;:{&quot;unit&quot;:&quot;px&quot;,&quot;top&quot;:&quot;&quot;,&quot;right&quot;:&quot;&quot;,&quot;bottom&quot;:&quot;&quot;,&quot;left&quot;:&quot;&quot;,&quot;isLinked&quot;:true},&quot;element_pack_global_tooltip_border_radius_tablet&quot;:{&quot;unit&quot;:&quot;px&quot;,&quot;top&quot;:&quot;&quot;,&quot;right&quot;:&quot;&quot;,&quot;bottom&quot;:&quot;&quot;,&quot;left&quot;:&quot;&quot;,&quot;isLinked&quot;:true},&quot;element_pack_global_tooltip_border_radius_mobile&quot;:{&quot;unit&quot;:&quot;px&quot;,&quot;top&quot;:&quot;&quot;,&quot;right&quot;:&quot;&quot;,&quot;bottom&quot;:&quot;&quot;,&quot;left&quot;:&quot;&quot;,&quot;isLinked&quot;:true}}\" data-elementor-post-type=\"product\">\n\t\t\t\t<div class=\"elementor-element elementor-element-93aa4a8 e-con-full e-flex e-con e-parent\" data-id=\"93aa4a8\" data-element_type=\"container\" data-e-type=\"container\">\n\t\t\t\t<div class=\"elementor-element elementor-element-2c3f760 miaoshu elementor-widget elementor-widget-wd_text_block\" data-id=\"2c3f760\" data-element_type=\"widget\" data-e-type=\"widget\" data-widget_type=\"wd_text_block.default\">\n\t\t\t\t<div class=\"elementor-widget-container\">\n\t\t\t\t\t\t\t<div class=\"wd-text-block reset-last-child text-left\">\n\t\t\t\n\t\t\t<h2>Crocoblock Layout Switcher: Destaque los detalles cr\u00edticos con facilidad<\/h2>\n<p>En <strong>Conmutador de trazado Crocoblock<\/strong> es una herramienta inteligente dise\u00f1ada para hacer que el contenido de su web destaque al enfatizar las diferencias entre dos bloques de contenido. Perfecta para guiar la atenci\u00f3n de los visitantes hacia la informaci\u00f3n importante, esta funci\u00f3n le ayuda a crear p\u00e1ginas atractivas que comunican los puntos clave de forma clara y eficaz.<\/p>\n\n<h3>\u00bfPor qu\u00e9 utilizar Layout Switcher?<\/h3>\n<p>En un mundo saturado de informaci\u00f3n, es esencial dirigir la atenci\u00f3n hacia donde m\u00e1s importa. El cambiador de dise\u00f1o te permite yuxtaponer bloques de contenido uno al lado del otro o en un formato de alternancia, resaltando contrastes que capten el inter\u00e9s y garanticen que tu audiencia no se pierda detalles vitales, como comparaciones de precios, desgloses de funciones o escenarios de antes y despu\u00e9s.<\/p>\n\n<h3>Principales ventajas<\/h3>\n<ul>\n    <li><strong>Dise\u00f1o llamativo:<\/strong> Diferencie visualmente los contenidos para que los elementos cr\u00edticos destaquen y mantengan la atenci\u00f3n del visitante.<\/li>\n    <li><strong>Integraci\u00f3n perfecta:<\/strong> Funciona sin problemas con el ecosistema de Crocoblock, mejorando tus sitios basados en Elementor sin problemas.<\/li>\n    <li><strong>Opciones de dise\u00f1o flexibles:<\/strong> Cambie de vista sin esfuerzo para adaptarse al flujo de su p\u00e1gina y a las necesidades del usuario.<\/li>\n    <li><strong>Aumentar el compromiso:<\/strong> Fomente una interacci\u00f3n m\u00e1s profunda destacando las diferencias que impulsan las decisiones.<\/li>\n    <li><strong>F\u00e1cil configuraci\u00f3n:<\/strong> F\u00e1cil de implementar, incluso para los no programadores, lo que ahorra tiempo en personalizaciones complejas.<\/li>\n<\/ul>\n\n<h3>Transforme sus p\u00e1ginas<\/h3>\n<p>Tanto si est\u00e1s creando p\u00e1ginas de aterrizaje, comparaciones de productos o contenido educativo, el Crocoblock Layout Switcher garantiza que tu mensaje se abre paso a trav\u00e9s del ruido. Al hacer distinciones sutiles pero poderosas en sus dise\u00f1os, mantendr\u00e1 a los visitantes comprometidos e informados, lo que lleva a mejores conversiones y una presencia en l\u00ednea m\u00e1s impactante.<\/p>\n\n<h3>\u00bfPreparado para destacar lo importante?<\/h3>\n<p>Eleve su sitio web con el <strong>Conmutador de trazado Crocoblock<\/strong> hoy. Empieza a fijarte en los detalles que cuentan y ver\u00e1s c\u00f3mo tus p\u00e1ginas rinden.<\/p>\n\t\t\t\t\t<\/div>\n\t\t\t\t\t\t<\/div>\n\t\t\t\t<\/div>\n\t\t\t\t<\/div>\n\t\t\t\t<\/div>","protected":false},"excerpt":{"rendered":"<p>Crocoblock Layout Switcher: Spotlight Critical Details with Ease The Crocoblock Layout Switcher is a smart tool designed to make your<\/p>","protected":false},"featured_media":8090,"comment_status":"open","ping_status":"closed","template":"","meta":{"_acf_changed":false},"product_brand":[],"product_cat":[49],"product_tag":[],"class_list":{"0":"post-8089","1":"product","2":"type-product","3":"status-publish","4":"has-post-thumbnail","6":"product_cat-plugins","8":"first","9":"instock","10":"sale","11":"downloadable","12":"shipping-taxable","13":"purchasable","14":"product-type-simple"},"acf":[],"yoast_head":"<!-- This site is optimized with the Yoast SEO Premium plugin v25.6 (Yoast SEO v27.1.1) - https:\/\/yoast.com\/product\/yoast-seo-premium-wordpress\/ -->\n<title>Crocoblock Layout Switcher - AllWin Theme \u2013 Free WordPress Themes Download<\/title>\n<meta name=\"description\" content=\"Highlight key content differences with Crocoblock Layout Switcher. Draw visitor attention to critical details effortlessly on your pages.\" \/>\n<meta name=\"robots\" content=\"index, follow, max-snippet:-1, max-image-preview:large, max-video-preview:-1\" \/>\n<link rel=\"canonical\" href=\"https:\/\/allwintheme.com\/es\/producto\/conmutador-de-trazado-crocoblock\/\" \/>\n<meta property=\"og:locale\" content=\"es_ES\" \/>\n<meta property=\"og:type\" content=\"article\" \/>\n<meta property=\"og:title\" content=\"Crocoblock Layout Switcher\" \/>\n<meta property=\"og:description\" content=\"Highlight key content differences with Crocoblock Layout Switcher. Draw visitor attention to critical details effortlessly on your pages.\" \/>\n<meta property=\"og:url\" content=\"https:\/\/allwintheme.com\/es\/producto\/conmutador-de-trazado-crocoblock\/\" \/>\n<meta property=\"og:site_name\" content=\"AllWin Theme \u2013 Free WordPress Themes Download\" \/>\n<meta property=\"article:modified_time\" content=\"2025-09-25T12:05:57+00:00\" \/>\n<meta property=\"og:image\" content=\"https:\/\/allwintheme.com\/wp-content\/uploads\/2025\/09\/48fjoaop.png\" \/>\n\t<meta property=\"og:image:width\" content=\"768\" \/>\n\t<meta property=\"og:image:height\" content=\"506\" \/>\n\t<meta property=\"og:image:type\" content=\"image\/png\" \/>\n<meta name=\"twitter:card\" content=\"summary_large_image\" \/>\n<meta name=\"twitter:label1\" content=\"Tiempo estimado de lectura\" \/>\n\t<meta name=\"twitter:data1\" content=\"2 minutos\" \/>\n<script type=\"application\/ld+json\" class=\"yoast-schema-graph\">{\"@context\":\"https:\/\/schema.org\",\"@graph\":[{\"@type\":\"WebPage\",\"@id\":\"https:\/\/allwintheme.com\/product\/crocoblock-layout-switcher\/\",\"url\":\"https:\/\/allwintheme.com\/product\/crocoblock-layout-switcher\/\",\"name\":\"Crocoblock Layout Switcher - AllWin Theme \u2013 Free WordPress Themes Download\",\"isPartOf\":{\"@id\":\"https:\/\/allwintheme.com\/#website\"},\"primaryImageOfPage\":{\"@id\":\"https:\/\/allwintheme.com\/product\/crocoblock-layout-switcher\/#primaryimage\"},\"image\":{\"@id\":\"https:\/\/allwintheme.com\/product\/crocoblock-layout-switcher\/#primaryimage\"},\"thumbnailUrl\":\"https:\/\/allwintheme.com\/wp-content\/uploads\/2025\/09\/48fjoaop.png\",\"datePublished\":\"2025-09-25T12:02:24+00:00\",\"dateModified\":\"2025-09-25T12:05:57+00:00\",\"description\":\"Highlight key content differences with Crocoblock Layout Switcher. Draw visitor attention to critical details effortlessly on your pages.\",\"breadcrumb\":{\"@id\":\"https:\/\/allwintheme.com\/product\/crocoblock-layout-switcher\/#breadcrumb\"},\"inLanguage\":\"es-CL\",\"potentialAction\":[{\"@type\":\"ReadAction\",\"target\":[\"https:\/\/allwintheme.com\/product\/crocoblock-layout-switcher\/\"]}]},{\"@type\":\"ImageObject\",\"inLanguage\":\"es-CL\",\"@id\":\"https:\/\/allwintheme.com\/product\/crocoblock-layout-switcher\/#primaryimage\",\"url\":\"https:\/\/allwintheme.com\/wp-content\/uploads\/2025\/09\/48fjoaop.png\",\"contentUrl\":\"https:\/\/allwintheme.com\/wp-content\/uploads\/2025\/09\/48fjoaop.png\",\"width\":768,\"height\":506,\"caption\":\"Crocoblock Layout Switcher\"},{\"@type\":\"BreadcrumbList\",\"@id\":\"https:\/\/allwintheme.com\/product\/crocoblock-layout-switcher\/#breadcrumb\",\"itemListElement\":[{\"@type\":\"ListItem\",\"position\":1,\"name\":\"Home\",\"item\":\"https:\/\/allwintheme.com\/\"},{\"@type\":\"ListItem\",\"position\":2,\"name\":\"Shop\",\"item\":\"https:\/\/allwintheme.com\/shop\/\"},{\"@type\":\"ListItem\",\"position\":3,\"name\":\"Crocoblock Layout Switcher\"}]},{\"@type\":\"WebSite\",\"@id\":\"https:\/\/allwintheme.com\/#website\",\"url\":\"https:\/\/allwintheme.com\/\",\"name\":\"Allwintheme\",\"description\":\"Download free WordPress themes for every niche. Blogs, business, eCommerce, portfolio, restaurant and more. All themes are GPL licensed and mobile-ready.\",\"potentialAction\":[{\"@type\":\"SearchAction\",\"target\":{\"@type\":\"EntryPoint\",\"urlTemplate\":\"https:\/\/allwintheme.com\/?s={search_term_string}\"},\"query-input\":{\"@type\":\"PropertyValueSpecification\",\"valueRequired\":true,\"valueName\":\"search_term_string\"}}],\"inLanguage\":\"es-CL\"}]}<\/script>\n<!-- \/ Yoast SEO Premium plugin. -->","yoast_head_json":{"title":"Crocoblock Layout Switcher - AllWin Theme \u2013 Free WordPress Themes Download","description":"Destaque las diferencias de contenido clave con Crocoblock Layout Switcher. Atrae la atenci\u00f3n de los visitantes a los detalles cr\u00edticos sin esfuerzo en sus p\u00e1ginas.","robots":{"index":"index","follow":"follow","max-snippet":"max-snippet:-1","max-image-preview":"max-image-preview:large","max-video-preview":"max-video-preview:-1"},"canonical":"https:\/\/allwintheme.com\/es\/producto\/conmutador-de-trazado-crocoblock\/","og_locale":"es_ES","og_type":"article","og_title":"Crocoblock Layout Switcher","og_description":"Highlight key content differences with Crocoblock Layout Switcher. Draw visitor attention to critical details effortlessly on your pages.","og_url":"https:\/\/allwintheme.com\/es\/producto\/conmutador-de-trazado-crocoblock\/","og_site_name":"AllWin Theme \u2013 Free WordPress Themes Download","article_modified_time":"2025-09-25T12:05:57+00:00","og_image":[{"width":768,"height":506,"url":"https:\/\/allwintheme.com\/wp-content\/uploads\/2025\/09\/48fjoaop.png","type":"image\/png"}],"twitter_card":"summary_large_image","twitter_misc":{"Tiempo estimado de lectura":"2 minutos"},"schema":{"@context":"https:\/\/schema.org","@graph":[{"@type":"WebPage","@id":"https:\/\/allwintheme.com\/product\/crocoblock-layout-switcher\/","url":"https:\/\/allwintheme.com\/product\/crocoblock-layout-switcher\/","name":"Crocoblock Layout Switcher - AllWin Theme \u2013 Free WordPress Themes Download","isPartOf":{"@id":"https:\/\/allwintheme.com\/#website"},"primaryImageOfPage":{"@id":"https:\/\/allwintheme.com\/product\/crocoblock-layout-switcher\/#primaryimage"},"image":{"@id":"https:\/\/allwintheme.com\/product\/crocoblock-layout-switcher\/#primaryimage"},"thumbnailUrl":"https:\/\/allwintheme.com\/wp-content\/uploads\/2025\/09\/48fjoaop.png","datePublished":"2025-09-25T12:02:24+00:00","dateModified":"2025-09-25T12:05:57+00:00","description":"Destaque las diferencias de contenido clave con Crocoblock Layout Switcher. Atrae la atenci\u00f3n de los visitantes a los detalles cr\u00edticos sin esfuerzo en sus p\u00e1ginas.","breadcrumb":{"@id":"https:\/\/allwintheme.com\/product\/crocoblock-layout-switcher\/#breadcrumb"},"inLanguage":"es-CL","potentialAction":[{"@type":"ReadAction","target":["https:\/\/allwintheme.com\/product\/crocoblock-layout-switcher\/"]}]},{"@type":"ImageObject","inLanguage":"es-CL","@id":"https:\/\/allwintheme.com\/product\/crocoblock-layout-switcher\/#primaryimage","url":"https:\/\/allwintheme.com\/wp-content\/uploads\/2025\/09\/48fjoaop.png","contentUrl":"https:\/\/allwintheme.com\/wp-content\/uploads\/2025\/09\/48fjoaop.png","width":768,"height":506,"caption":"Crocoblock Layout Switcher"},{"@type":"BreadcrumbList","@id":"https:\/\/allwintheme.com\/product\/crocoblock-layout-switcher\/#breadcrumb","itemListElement":[{"@type":"ListItem","position":1,"name":"Home","item":"https:\/\/allwintheme.com\/"},{"@type":"ListItem","position":2,"name":"Shop","item":"https:\/\/allwintheme.com\/shop\/"},{"@type":"ListItem","position":3,"name":"Crocoblock Layout Switcher"}]},{"@type":"WebSite","@id":"https:\/\/allwintheme.com\/#website","url":"https:\/\/allwintheme.com\/","name":"Allwintheme","description":"Descarga gratis temas de WordPress para todos los nichos. Blogs, negocios, comercio electr\u00f3nico, portafolio, restaurante y m\u00e1s. Todos los temas tienen licencia GPL y est\u00e1n preparados para dispositivos m\u00f3viles.","potentialAction":[{"@type":"SearchAction","target":{"@type":"EntryPoint","urlTemplate":"https:\/\/allwintheme.com\/?s={search_term_string}"},"query-input":{"@type":"PropertyValueSpecification","valueRequired":true,"valueName":"search_term_string"}}],"inLanguage":"es-CL"}]}},"_links":{"self":[{"href":"https:\/\/allwintheme.com\/es\/wp-json\/wp\/v2\/product\/8089","targetHints":{"allow":["GET"]}}],"collection":[{"href":"https:\/\/allwintheme.com\/es\/wp-json\/wp\/v2\/product"}],"about":[{"href":"https:\/\/allwintheme.com\/es\/wp-json\/wp\/v2\/types\/product"}],"replies":[{"embeddable":true,"href":"https:\/\/allwintheme.com\/es\/wp-json\/wp\/v2\/comments?post=8089"}],"version-history":[{"count":0,"href":"https:\/\/allwintheme.com\/es\/wp-json\/wp\/v2\/product\/8089\/revisions"}],"wp:featuredmedia":[{"embeddable":true,"href":"https:\/\/allwintheme.com\/es\/wp-json\/wp\/v2\/media\/8090"}],"wp:attachment":[{"href":"https:\/\/allwintheme.com\/es\/wp-json\/wp\/v2\/media?parent=8089"}],"wp:term":[{"taxonomy":"product_brand","embeddable":true,"href":"https:\/\/allwintheme.com\/es\/wp-json\/wp\/v2\/product_brand?post=8089"},{"taxonomy":"product_cat","embeddable":true,"href":"https:\/\/allwintheme.com\/es\/wp-json\/wp\/v2\/product_cat?post=8089"},{"taxonomy":"product_tag","embeddable":true,"href":"https:\/\/allwintheme.com\/es\/wp-json\/wp\/v2\/product_tag?post=8089"}],"curies":[{"name":"wp","href":"https:\/\/api.w.org\/{rel}","templated":true}]}}