{"id":8113,"date":"2025-09-25T13:00:16","date_gmt":"2025-09-25T13:00:16","guid":{"rendered":"https:\/\/allwintheme.com\/?post_type=product&#038;p=8113"},"modified":"2025-09-25T13:45:34","modified_gmt":"2025-09-25T13:45:34","slug":"muro-de-buddyboss","status":"publish","type":"product","link":"https:\/\/allwintheme.com\/es\/producto\/muro-de-buddyboss\/","title":{"rendered":"Muro de BuddyBoss"},"content":{"rendered":"<div data-elementor-type=\"wp-post\" data-elementor-id=\"8113\" class=\"elementor elementor-8113\" data-elementor-settings=\"{&quot;element_pack_global_tooltip_width&quot;:{&quot;unit&quot;:&quot;px&quot;,&quot;size&quot;:&quot;&quot;,&quot;sizes&quot;:[]},&quot;element_pack_global_tooltip_width_tablet&quot;:{&quot;unit&quot;:&quot;px&quot;,&quot;size&quot;:&quot;&quot;,&quot;sizes&quot;:[]},&quot;element_pack_global_tooltip_width_mobile&quot;:{&quot;unit&quot;:&quot;px&quot;,&quot;size&quot;:&quot;&quot;,&quot;sizes&quot;:[]},&quot;element_pack_global_tooltip_padding&quot;:{&quot;unit&quot;:&quot;px&quot;,&quot;top&quot;:&quot;&quot;,&quot;right&quot;:&quot;&quot;,&quot;bottom&quot;:&quot;&quot;,&quot;left&quot;:&quot;&quot;,&quot;isLinked&quot;:true},&quot;element_pack_global_tooltip_padding_tablet&quot;:{&quot;unit&quot;:&quot;px&quot;,&quot;top&quot;:&quot;&quot;,&quot;right&quot;:&quot;&quot;,&quot;bottom&quot;:&quot;&quot;,&quot;left&quot;:&quot;&quot;,&quot;isLinked&quot;:true},&quot;element_pack_global_tooltip_padding_mobile&quot;:{&quot;unit&quot;:&quot;px&quot;,&quot;top&quot;:&quot;&quot;,&quot;right&quot;:&quot;&quot;,&quot;bottom&quot;:&quot;&quot;,&quot;left&quot;:&quot;&quot;,&quot;isLinked&quot;:true},&quot;element_pack_global_tooltip_border_radius&quot;:{&quot;unit&quot;:&quot;px&quot;,&quot;top&quot;:&quot;&quot;,&quot;right&quot;:&quot;&quot;,&quot;bottom&quot;:&quot;&quot;,&quot;left&quot;:&quot;&quot;,&quot;isLinked&quot;:true},&quot;element_pack_global_tooltip_border_radius_tablet&quot;:{&quot;unit&quot;:&quot;px&quot;,&quot;top&quot;:&quot;&quot;,&quot;right&quot;:&quot;&quot;,&quot;bottom&quot;:&quot;&quot;,&quot;left&quot;:&quot;&quot;,&quot;isLinked&quot;:true},&quot;element_pack_global_tooltip_border_radius_mobile&quot;:{&quot;unit&quot;:&quot;px&quot;,&quot;top&quot;:&quot;&quot;,&quot;right&quot;:&quot;&quot;,&quot;bottom&quot;:&quot;&quot;,&quot;left&quot;:&quot;&quot;,&quot;isLinked&quot;:true}}\" data-elementor-post-type=\"product\">\n\t\t\t\t<div class=\"elementor-element elementor-element-93aa4a8 e-con-full e-flex e-con e-parent\" data-id=\"93aa4a8\" data-element_type=\"container\" data-e-type=\"container\">\n\t\t\t\t<div class=\"elementor-element elementor-element-2c3f760 miaoshu elementor-widget elementor-widget-wd_text_block\" data-id=\"2c3f760\" data-element_type=\"widget\" data-e-type=\"widget\" data-widget_type=\"wd_text_block.default\">\n\t\t\t\t<div class=\"elementor-widget-container\">\n\t\t\t\t\t\t\t<div class=\"wd-text-block reset-last-child text-left\">\n\t\t\t\n\t\t\t<h2>Muro BuddyBoss: Convierta la actividad en un centro interactivo<\/h2>\n<p>En <strong>Muro de BuddyBoss<\/strong> toma el flujo de actividad de BuddyPress y lo convierte en un \"muro\" din\u00e1mico y bidireccional, inspirado en plataformas sociales conocidas como Facebook. Este complemento hace que las interacciones de la comunidad sean m\u00e1s atractivas, permitiendo a los miembros publicar actualizaciones, compartir contenido y conectarse sin problemas, manteniendo un control total sobre su privacidad.<\/p>\n\n<h3>Interacci\u00f3n social fluida<\/h3>\n<p>Con BuddyBoss Wall, los usuarios pueden publicar actualizaciones personales directamente en sus perfiles o grupos, con la posibilidad de compartir medios y likes en tiempo real. Es perfecto para la construcci\u00f3n de comunidades en l\u00ednea vibrante, si usted est\u00e1 funcionando una red social, sitio de membres\u00eda, o foro de discusi\u00f3n. El plugin se integra sin esfuerzo con BuddyPress, convirtiendo los feeds pasivos en espacios de conversaci\u00f3n activos.<\/p>\n\n<h3>Caracter\u00edsticas principales<\/h3>\n<ul>\n    <li><strong>Muro estilo Facebook:<\/strong> Un feed bidireccional en el que los miembros publican actualizaciones y los dem\u00e1s pueden dar \"me gusta\", comentar e interactuar directamente.<\/li>\n    <li><strong>Controles de privacidad:<\/strong> Los usuarios determinan qui\u00e9n puede ver sus publicaciones o interactuar con ellas (s\u00f3lo amigos, grupos o p\u00fablico) para disfrutar de una experiencia segura.<\/li>\n    <li><strong>Integraci\u00f3n de noticias:<\/strong> Consulta las actualizaciones de tus amigos y grupos en un feed espec\u00edfico, para que te resulte m\u00e1s f\u00e1cil mantenerte conectado en todo el sitio.<\/li>\n    <li><strong>Apoyo a medios de comunicaci\u00f3n y enlaces:<\/strong> Previsualice autom\u00e1ticamente im\u00e1genes, v\u00eddeos y enlaces de contenido compartido para enriquecer las publicaciones.<\/li>\n    <li><strong>F\u00e1cil instalaci\u00f3n:<\/strong> Se instala como un complemento de BuddyPress (integrado para los usuarios de BuddyBoss Platform) y se configura a trav\u00e9s del panel de control de WordPress.<\/li>\n    <li><strong>Mayor compromiso:<\/strong> Aumente la retenci\u00f3n de usuarios con interacciones en tiempo real, notificaciones y herramientas de creaci\u00f3n de comunidades.<\/li>\n<\/ul>\n\n<h3>Establecer conexiones m\u00e1s s\u00f3lidas<\/h3>\n<p>BuddyBoss Wall no es s\u00f3lo un complemento, es una forma de fomentar una aut\u00e9ntica comunidad. Al simplificar la forma en que la gente comparte y participa, fomenta m\u00e1s tiempo en su sitio y relaciones m\u00e1s profundas entre los miembros. Personal\u00edzalo para que se adapte a tu marca y observa c\u00f3mo prospera tu comunidad sin necesidad de conocimientos de programaci\u00f3n.<\/p>\n\n<p>Para conocer todos los detalles y empezar, consulte el <a href=\"https:\/\/www.buddyboss.com\/product\/buddyboss-wall\/\">p\u00e1gina de ventas<\/a>. \u00a1Transforma tu sitio BuddyPress hoy mismo!<\/p>\n\t\t\t\t\t<\/div>\n\t\t\t\t\t\t<\/div>\n\t\t\t\t<\/div>\n\t\t\t\t<\/div>\n\t\t\t\t<\/div>","protected":false},"excerpt":{"rendered":"<p>BuddyBoss Wall: Turn Activity into an Interactive Hub The BuddyBoss Wall plugin takes your BuddyPress activity stream and elevates it<\/p>","protected":false},"featured_media":8107,"comment_status":"open","ping_status":"closed","template":"","meta":{"_acf_changed":false},"product_brand":[],"product_cat":[49],"product_tag":[],"class_list":{"0":"post-8113","1":"product","2":"type-product","3":"status-publish","4":"has-post-thumbnail","6":"product_cat-plugins","8":"first","9":"instock","10":"sale","11":"downloadable","12":"shipping-taxable","13":"purchasable","14":"product-type-simple"},"acf":[],"yoast_head":"<!-- This site is optimized with the Yoast SEO Premium plugin v25.6 (Yoast SEO v27.1.1) - https:\/\/yoast.com\/product\/yoast-seo-premium-wordpress\/ -->\n<title>BuddyBoss Wall - AllWin Theme \u2013 Free WordPress Themes Download<\/title>\n<meta name=\"description\" content=\"Transform BuddyPress activity into an interactive Facebook-style Wall with BuddyBoss. Boost engagement with posts, likes, and privacy controls.\" \/>\n<meta name=\"robots\" content=\"index, follow, max-snippet:-1, max-image-preview:large, max-video-preview:-1\" \/>\n<link rel=\"canonical\" href=\"https:\/\/allwintheme.com\/es\/producto\/muro-de-buddyboss\/\" \/>\n<meta property=\"og:locale\" content=\"es_ES\" \/>\n<meta property=\"og:type\" content=\"article\" \/>\n<meta property=\"og:title\" content=\"BuddyBoss Wall\" \/>\n<meta property=\"og:description\" content=\"Transform BuddyPress activity into an interactive Facebook-style Wall with BuddyBoss. Boost engagement with posts, likes, and privacy controls.\" \/>\n<meta property=\"og:url\" content=\"https:\/\/allwintheme.com\/es\/producto\/muro-de-buddyboss\/\" \/>\n<meta property=\"og:site_name\" content=\"AllWin Theme \u2013 Free WordPress Themes Download\" \/>\n<meta property=\"article:modified_time\" content=\"2025-09-25T13:45:34+00:00\" \/>\n<meta property=\"og:image\" content=\"https:\/\/allwintheme.com\/wp-content\/uploads\/2025\/09\/hwl9owwv.png\" \/>\n\t<meta property=\"og:image:width\" content=\"590\" \/>\n\t<meta property=\"og:image:height\" content=\"300\" \/>\n\t<meta property=\"og:image:type\" content=\"image\/png\" \/>\n<meta name=\"twitter:card\" content=\"summary_large_image\" \/>\n<meta name=\"twitter:label1\" content=\"Tiempo estimado de lectura\" \/>\n\t<meta name=\"twitter:data1\" content=\"2 minutos\" \/>\n<script type=\"application\/ld+json\" class=\"yoast-schema-graph\">{\"@context\":\"https:\/\/schema.org\",\"@graph\":[{\"@type\":\"WebPage\",\"@id\":\"https:\/\/allwintheme.com\/product\/buddyboss-wall\/\",\"url\":\"https:\/\/allwintheme.com\/product\/buddyboss-wall\/\",\"name\":\"BuddyBoss Wall - AllWin Theme \u2013 Free WordPress Themes Download\",\"isPartOf\":{\"@id\":\"https:\/\/allwintheme.com\/#website\"},\"primaryImageOfPage\":{\"@id\":\"https:\/\/allwintheme.com\/product\/buddyboss-wall\/#primaryimage\"},\"image\":{\"@id\":\"https:\/\/allwintheme.com\/product\/buddyboss-wall\/#primaryimage\"},\"thumbnailUrl\":\"https:\/\/allwintheme.com\/wp-content\/uploads\/2025\/09\/hwl9owwv.png\",\"datePublished\":\"2025-09-25T13:00:16+00:00\",\"dateModified\":\"2025-09-25T13:45:34+00:00\",\"description\":\"Transform BuddyPress activity into an interactive Facebook-style Wall with BuddyBoss. Boost engagement with posts, likes, and privacy controls.\",\"breadcrumb\":{\"@id\":\"https:\/\/allwintheme.com\/product\/buddyboss-wall\/#breadcrumb\"},\"inLanguage\":\"es-CL\",\"potentialAction\":[{\"@type\":\"ReadAction\",\"target\":[\"https:\/\/allwintheme.com\/product\/buddyboss-wall\/\"]}]},{\"@type\":\"ImageObject\",\"inLanguage\":\"es-CL\",\"@id\":\"https:\/\/allwintheme.com\/product\/buddyboss-wall\/#primaryimage\",\"url\":\"https:\/\/allwintheme.com\/wp-content\/uploads\/2025\/09\/hwl9owwv.png\",\"contentUrl\":\"https:\/\/allwintheme.com\/wp-content\/uploads\/2025\/09\/hwl9owwv.png\",\"width\":590,\"height\":300,\"caption\":\"BuddyBoss Wall\"},{\"@type\":\"BreadcrumbList\",\"@id\":\"https:\/\/allwintheme.com\/product\/buddyboss-wall\/#breadcrumb\",\"itemListElement\":[{\"@type\":\"ListItem\",\"position\":1,\"name\":\"Home\",\"item\":\"https:\/\/allwintheme.com\/\"},{\"@type\":\"ListItem\",\"position\":2,\"name\":\"Shop\",\"item\":\"https:\/\/allwintheme.com\/shop\/\"},{\"@type\":\"ListItem\",\"position\":3,\"name\":\"BuddyBoss Wall\"}]},{\"@type\":\"WebSite\",\"@id\":\"https:\/\/allwintheme.com\/#website\",\"url\":\"https:\/\/allwintheme.com\/\",\"name\":\"Allwintheme\",\"description\":\"Download free WordPress themes for every niche. Blogs, business, eCommerce, portfolio, restaurant and more. All themes are GPL licensed and mobile-ready.\",\"potentialAction\":[{\"@type\":\"SearchAction\",\"target\":{\"@type\":\"EntryPoint\",\"urlTemplate\":\"https:\/\/allwintheme.com\/?s={search_term_string}\"},\"query-input\":{\"@type\":\"PropertyValueSpecification\",\"valueRequired\":true,\"valueName\":\"search_term_string\"}}],\"inLanguage\":\"es-CL\"}]}<\/script>\n<!-- \/ Yoast SEO Premium plugin. -->","yoast_head_json":{"title":"BuddyBoss Wall - AllWin Theme \u2013 Free WordPress Themes Download","description":"Transforma la actividad de BuddyPress en un muro interactivo al estilo Facebook con BuddyBoss. Aumenta la participaci\u00f3n con publicaciones, me gusta y controles de privacidad.","robots":{"index":"index","follow":"follow","max-snippet":"max-snippet:-1","max-image-preview":"max-image-preview:large","max-video-preview":"max-video-preview:-1"},"canonical":"https:\/\/allwintheme.com\/es\/producto\/muro-de-buddyboss\/","og_locale":"es_ES","og_type":"article","og_title":"BuddyBoss Wall","og_description":"Transform BuddyPress activity into an interactive Facebook-style Wall with BuddyBoss. Boost engagement with posts, likes, and privacy controls.","og_url":"https:\/\/allwintheme.com\/es\/producto\/muro-de-buddyboss\/","og_site_name":"AllWin Theme \u2013 Free WordPress Themes Download","article_modified_time":"2025-09-25T13:45:34+00:00","og_image":[{"width":590,"height":300,"url":"https:\/\/allwintheme.com\/wp-content\/uploads\/2025\/09\/hwl9owwv.png","type":"image\/png"}],"twitter_card":"summary_large_image","twitter_misc":{"Tiempo estimado de lectura":"2 minutos"},"schema":{"@context":"https:\/\/schema.org","@graph":[{"@type":"WebPage","@id":"https:\/\/allwintheme.com\/product\/buddyboss-wall\/","url":"https:\/\/allwintheme.com\/product\/buddyboss-wall\/","name":"BuddyBoss Wall - AllWin Theme \u2013 Free WordPress Themes Download","isPartOf":{"@id":"https:\/\/allwintheme.com\/#website"},"primaryImageOfPage":{"@id":"https:\/\/allwintheme.com\/product\/buddyboss-wall\/#primaryimage"},"image":{"@id":"https:\/\/allwintheme.com\/product\/buddyboss-wall\/#primaryimage"},"thumbnailUrl":"https:\/\/allwintheme.com\/wp-content\/uploads\/2025\/09\/hwl9owwv.png","datePublished":"2025-09-25T13:00:16+00:00","dateModified":"2025-09-25T13:45:34+00:00","description":"Transforma la actividad de BuddyPress en un muro interactivo al estilo Facebook con BuddyBoss. Aumenta la participaci\u00f3n con publicaciones, me gusta y controles de privacidad.","breadcrumb":{"@id":"https:\/\/allwintheme.com\/product\/buddyboss-wall\/#breadcrumb"},"inLanguage":"es-CL","potentialAction":[{"@type":"ReadAction","target":["https:\/\/allwintheme.com\/product\/buddyboss-wall\/"]}]},{"@type":"ImageObject","inLanguage":"es-CL","@id":"https:\/\/allwintheme.com\/product\/buddyboss-wall\/#primaryimage","url":"https:\/\/allwintheme.com\/wp-content\/uploads\/2025\/09\/hwl9owwv.png","contentUrl":"https:\/\/allwintheme.com\/wp-content\/uploads\/2025\/09\/hwl9owwv.png","width":590,"height":300,"caption":"BuddyBoss Wall"},{"@type":"BreadcrumbList","@id":"https:\/\/allwintheme.com\/product\/buddyboss-wall\/#breadcrumb","itemListElement":[{"@type":"ListItem","position":1,"name":"Home","item":"https:\/\/allwintheme.com\/"},{"@type":"ListItem","position":2,"name":"Shop","item":"https:\/\/allwintheme.com\/shop\/"},{"@type":"ListItem","position":3,"name":"BuddyBoss Wall"}]},{"@type":"WebSite","@id":"https:\/\/allwintheme.com\/#website","url":"https:\/\/allwintheme.com\/","name":"Allwintheme","description":"Descarga gratis temas de WordPress para todos los nichos. Blogs, negocios, comercio electr\u00f3nico, portafolio, restaurante y m\u00e1s. Todos los temas tienen licencia GPL y est\u00e1n preparados para dispositivos m\u00f3viles.","potentialAction":[{"@type":"SearchAction","target":{"@type":"EntryPoint","urlTemplate":"https:\/\/allwintheme.com\/?s={search_term_string}"},"query-input":{"@type":"PropertyValueSpecification","valueRequired":true,"valueName":"search_term_string"}}],"inLanguage":"es-CL"}]}},"_links":{"self":[{"href":"https:\/\/allwintheme.com\/es\/wp-json\/wp\/v2\/product\/8113","targetHints":{"allow":["GET"]}}],"collection":[{"href":"https:\/\/allwintheme.com\/es\/wp-json\/wp\/v2\/product"}],"about":[{"href":"https:\/\/allwintheme.com\/es\/wp-json\/wp\/v2\/types\/product"}],"replies":[{"embeddable":true,"href":"https:\/\/allwintheme.com\/es\/wp-json\/wp\/v2\/comments?post=8113"}],"version-history":[{"count":0,"href":"https:\/\/allwintheme.com\/es\/wp-json\/wp\/v2\/product\/8113\/revisions"}],"wp:featuredmedia":[{"embeddable":true,"href":"https:\/\/allwintheme.com\/es\/wp-json\/wp\/v2\/media\/8107"}],"wp:attachment":[{"href":"https:\/\/allwintheme.com\/es\/wp-json\/wp\/v2\/media?parent=8113"}],"wp:term":[{"taxonomy":"product_brand","embeddable":true,"href":"https:\/\/allwintheme.com\/es\/wp-json\/wp\/v2\/product_brand?post=8113"},{"taxonomy":"product_cat","embeddable":true,"href":"https:\/\/allwintheme.com\/es\/wp-json\/wp\/v2\/product_cat?post=8113"},{"taxonomy":"product_tag","embeddable":true,"href":"https:\/\/allwintheme.com\/es\/wp-json\/wp\/v2\/product_tag?post=8113"}],"curies":[{"name":"wp","href":"https:\/\/api.w.org\/{rel}","templated":true}]}}