{"id":8178,"date":"2025-09-25T14:43:39","date_gmt":"2025-09-25T14:43:39","guid":{"rendered":"https:\/\/allwintheme.com\/?post_type=product&#038;p=8178"},"modified":"2025-09-25T15:38:34","modified_gmt":"2025-09-25T15:38:34","slug":"slider-revolution-2","status":"publish","type":"product","link":"https:\/\/allwintheme.com\/es\/producto\/slider-revolution-2\/","title":{"rendered":"Revoluci\u00f3n deslizante: Deslizadores din\u00e1micos de WordPress"},"content":{"rendered":"<div data-elementor-type=\"wp-post\" data-elementor-id=\"8178\" class=\"elementor elementor-8178\" data-elementor-settings=\"{&quot;element_pack_global_tooltip_width&quot;:{&quot;unit&quot;:&quot;px&quot;,&quot;size&quot;:&quot;&quot;,&quot;sizes&quot;:[]},&quot;element_pack_global_tooltip_width_tablet&quot;:{&quot;unit&quot;:&quot;px&quot;,&quot;size&quot;:&quot;&quot;,&quot;sizes&quot;:[]},&quot;element_pack_global_tooltip_width_mobile&quot;:{&quot;unit&quot;:&quot;px&quot;,&quot;size&quot;:&quot;&quot;,&quot;sizes&quot;:[]},&quot;element_pack_global_tooltip_padding&quot;:{&quot;unit&quot;:&quot;px&quot;,&quot;top&quot;:&quot;&quot;,&quot;right&quot;:&quot;&quot;,&quot;bottom&quot;:&quot;&quot;,&quot;left&quot;:&quot;&quot;,&quot;isLinked&quot;:true},&quot;element_pack_global_tooltip_padding_tablet&quot;:{&quot;unit&quot;:&quot;px&quot;,&quot;top&quot;:&quot;&quot;,&quot;right&quot;:&quot;&quot;,&quot;bottom&quot;:&quot;&quot;,&quot;left&quot;:&quot;&quot;,&quot;isLinked&quot;:true},&quot;element_pack_global_tooltip_padding_mobile&quot;:{&quot;unit&quot;:&quot;px&quot;,&quot;top&quot;:&quot;&quot;,&quot;right&quot;:&quot;&quot;,&quot;bottom&quot;:&quot;&quot;,&quot;left&quot;:&quot;&quot;,&quot;isLinked&quot;:true},&quot;element_pack_global_tooltip_border_radius&quot;:{&quot;unit&quot;:&quot;px&quot;,&quot;top&quot;:&quot;&quot;,&quot;right&quot;:&quot;&quot;,&quot;bottom&quot;:&quot;&quot;,&quot;left&quot;:&quot;&quot;,&quot;isLinked&quot;:true},&quot;element_pack_global_tooltip_border_radius_tablet&quot;:{&quot;unit&quot;:&quot;px&quot;,&quot;top&quot;:&quot;&quot;,&quot;right&quot;:&quot;&quot;,&quot;bottom&quot;:&quot;&quot;,&quot;left&quot;:&quot;&quot;,&quot;isLinked&quot;:true},&quot;element_pack_global_tooltip_border_radius_mobile&quot;:{&quot;unit&quot;:&quot;px&quot;,&quot;top&quot;:&quot;&quot;,&quot;right&quot;:&quot;&quot;,&quot;bottom&quot;:&quot;&quot;,&quot;left&quot;:&quot;&quot;,&quot;isLinked&quot;:true}}\" data-elementor-post-type=\"product\">\n\t\t\t\t<div class=\"elementor-element elementor-element-93aa4a8 e-con-full e-flex e-con e-parent\" data-id=\"93aa4a8\" data-element_type=\"container\" data-e-type=\"container\">\n\t\t\t\t<div class=\"elementor-element elementor-element-2c3f760 miaoshu elementor-widget elementor-widget-wd_text_block\" data-id=\"2c3f760\" data-element_type=\"widget\" data-e-type=\"widget\" data-widget_type=\"wd_text_block.default\">\n\t\t\t\t<div class=\"elementor-widget-container\">\n\t\t\t\t\t\t\t<div class=\"wd-text-block reset-last-child text-left\">\n\t\t\t\n\t\t\t<h2>Revoluci\u00f3n deslizante: Crear impresionantes presentaciones de diapositivas para WordPress<\/h2>\n<p><strong>Revoluci\u00f3n deslizante<\/strong> es un plugin l\u00edder para WordPress que permite a los usuarios crear f\u00e1cilmente deslizadores y presentaciones visualmente cautivadores. Perfecto para mostrar contenido din\u00e1mico en su p\u00e1gina de inicio o secciones clave del sitio web, este plugin ofrece una flexibilidad sin igual para dise\u00f1ar presentaciones atractivas utilizando im\u00e1genes, v\u00eddeos, texto y animaciones.<\/p>\n\n<h3>D\u00e9 rienda suelta a su creatividad<\/h3>\n<p>Con Slider Revolution, puede crear presentaciones de diapositivas profesionales que realcen el atractivo de su sitio web. Su interfaz intuitiva permite a los usuarios de todos los niveles de habilidad para crear deslizadores personalizados con elementos multimedia ricos, asegurando que su contenido se destaca y cautiva a su audiencia.<\/p>\n\n<h3>\u00bfPor qu\u00e9 elegir Slider Revolution?<\/h3>\n<ul>\n    <li><strong>Soporte multimedia vers\u00e1til:<\/strong> Integre a la perfecci\u00f3n im\u00e1genes, v\u00eddeos, texto y animaciones en sus deslizadores.<\/li>\n    <li><strong>Personalizaci\u00f3n flexible:<\/strong> Dise\u00f1e presentaciones de diapositivas \u00fanicas con una amplia gama de opciones de estilo y animaci\u00f3n.<\/li>\n    <li><strong>Interfaz f\u00e1cil de usar:<\/strong> Cree deslizadores asombrosos sin conocimientos de programaci\u00f3n, gracias a un intuitivo editor de arrastrar y soltar.<\/li>\n    <li><strong>Visualizaci\u00f3n din\u00e1mica de contenidos:<\/strong> Perfecto para p\u00e1ginas de inicio, portafolios o secciones promocionales para atraer a los visitantes.<\/li>\n    <li><strong>Dise\u00f1o receptivo:<\/strong> Aseg\u00farese de que sus deslizadores tengan un aspecto impecable en ordenadores de sobremesa, tabletas y dispositivos m\u00f3viles.<\/li>\n<\/ul>\n\n<h3>Aumente el impacto visual de su sitio web<\/h3>\n<p>Slider Revolution simplifica la creaci\u00f3n de presentaciones de diapositivas funcionales y visualmente impactantes. Si usted est\u00e1 destacando productos, mostrando una cartera, o la promoci\u00f3n de eventos, este plugin proporciona las herramientas para ofrecer una experiencia de usuario pulido y din\u00e1mico que hace que los visitantes vuelvan.<\/p>\n\n<h3>Introducci\u00f3n a Slider Revolution<\/h3>\n<p>Transforme su sitio WordPress con <strong>Revoluci\u00f3n deslizante<\/strong>. Empieza a dise\u00f1ar sliders cautivadores hoy mismo y haz que el contenido de tu sitio web brille con luz propia.<\/p>\n\t\t\t\t\t<\/div>\n\t\t\t\t\t\t<\/div>\n\t\t\t\t<\/div>\n\t\t\t\t<\/div>\n\t\t\t\t<\/div>","protected":false},"excerpt":{"rendered":"<p>Slider Revolution: Craft Stunning Slideshows for WordPress Slider Revolution is a leading WordPress plugin that empowers users to create visually<\/p>","protected":false},"featured_media":8179,"comment_status":"open","ping_status":"closed","template":"","meta":{"_acf_changed":false},"product_brand":[],"product_cat":[49],"product_tag":[],"class_list":{"0":"post-8178","1":"product","2":"type-product","3":"status-publish","4":"has-post-thumbnail","6":"product_cat-plugins","8":"first","9":"instock","10":"sale","11":"downloadable","12":"shipping-taxable","13":"purchasable","14":"product-type-simple"},"acf":[],"yoast_head":"<!-- This site is optimized with the Yoast SEO Premium plugin v25.6 (Yoast SEO v27.1.1) - https:\/\/yoast.com\/product\/yoast-seo-premium-wordpress\/ -->\n<title>Slider Revolution: Dynamic WordPress Sliders - AllWin Theme \u2013 Free WordPress Themes Download<\/title>\n<meta name=\"description\" content=\"Create stunning sliders with Slider Revolution for WordPress. Easily design dynamic slideshows with images, videos, text, and animations.\" \/>\n<meta name=\"robots\" content=\"index, follow, max-snippet:-1, max-image-preview:large, max-video-preview:-1\" \/>\n<link rel=\"canonical\" href=\"https:\/\/allwintheme.com\/es\/producto\/slider-revolution-2\/\" \/>\n<meta property=\"og:locale\" content=\"es_ES\" \/>\n<meta property=\"og:type\" content=\"article\" \/>\n<meta property=\"og:title\" content=\"Slider Revolution: Dynamic WordPress Sliders\" \/>\n<meta property=\"og:description\" content=\"Create stunning sliders with Slider Revolution for WordPress. Easily design dynamic slideshows with images, videos, text, and animations.\" \/>\n<meta property=\"og:url\" content=\"https:\/\/allwintheme.com\/es\/producto\/slider-revolution-2\/\" \/>\n<meta property=\"og:site_name\" content=\"AllWin Theme \u2013 Free WordPress Themes Download\" \/>\n<meta property=\"article:modified_time\" content=\"2025-09-25T15:38:34+00:00\" \/>\n<meta property=\"og:image\" content=\"https:\/\/allwintheme.com\/wp-content\/uploads\/2025\/09\/v0xtqgji.png\" \/>\n\t<meta property=\"og:image:width\" content=\"768\" \/>\n\t<meta property=\"og:image:height\" content=\"432\" \/>\n\t<meta property=\"og:image:type\" content=\"image\/png\" \/>\n<meta name=\"twitter:card\" content=\"summary_large_image\" \/>\n<meta name=\"twitter:label1\" content=\"Tiempo estimado de lectura\" \/>\n\t<meta name=\"twitter:data1\" content=\"2 minutos\" \/>\n<script type=\"application\/ld+json\" class=\"yoast-schema-graph\">{\"@context\":\"https:\/\/schema.org\",\"@graph\":[{\"@type\":\"WebPage\",\"@id\":\"https:\/\/allwintheme.com\/product\/slider-revolution-2\/\",\"url\":\"https:\/\/allwintheme.com\/product\/slider-revolution-2\/\",\"name\":\"Slider Revolution: Dynamic WordPress Sliders - AllWin Theme \u2013 Free WordPress Themes Download\",\"isPartOf\":{\"@id\":\"https:\/\/allwintheme.com\/#website\"},\"primaryImageOfPage\":{\"@id\":\"https:\/\/allwintheme.com\/product\/slider-revolution-2\/#primaryimage\"},\"image\":{\"@id\":\"https:\/\/allwintheme.com\/product\/slider-revolution-2\/#primaryimage\"},\"thumbnailUrl\":\"https:\/\/allwintheme.com\/wp-content\/uploads\/2025\/09\/v0xtqgji.png\",\"datePublished\":\"2025-09-25T14:43:39+00:00\",\"dateModified\":\"2025-09-25T15:38:34+00:00\",\"description\":\"Create stunning sliders with Slider Revolution for WordPress. Easily design dynamic slideshows with images, videos, text, and animations.\",\"breadcrumb\":{\"@id\":\"https:\/\/allwintheme.com\/product\/slider-revolution-2\/#breadcrumb\"},\"inLanguage\":\"es-CL\",\"potentialAction\":[{\"@type\":\"ReadAction\",\"target\":[\"https:\/\/allwintheme.com\/product\/slider-revolution-2\/\"]}]},{\"@type\":\"ImageObject\",\"inLanguage\":\"es-CL\",\"@id\":\"https:\/\/allwintheme.com\/product\/slider-revolution-2\/#primaryimage\",\"url\":\"https:\/\/allwintheme.com\/wp-content\/uploads\/2025\/09\/v0xtqgji.png\",\"contentUrl\":\"https:\/\/allwintheme.com\/wp-content\/uploads\/2025\/09\/v0xtqgji.png\",\"width\":768,\"height\":432,\"caption\":\"Slider Revolution\"},{\"@type\":\"BreadcrumbList\",\"@id\":\"https:\/\/allwintheme.com\/product\/slider-revolution-2\/#breadcrumb\",\"itemListElement\":[{\"@type\":\"ListItem\",\"position\":1,\"name\":\"Home\",\"item\":\"https:\/\/allwintheme.com\/\"},{\"@type\":\"ListItem\",\"position\":2,\"name\":\"Shop\",\"item\":\"https:\/\/allwintheme.com\/shop\/\"},{\"@type\":\"ListItem\",\"position\":3,\"name\":\"Slider Revolution: Dynamic WordPress Sliders\"}]},{\"@type\":\"WebSite\",\"@id\":\"https:\/\/allwintheme.com\/#website\",\"url\":\"https:\/\/allwintheme.com\/\",\"name\":\"Allwintheme\",\"description\":\"Download free WordPress themes for every niche. Blogs, business, eCommerce, portfolio, restaurant and more. All themes are GPL licensed and mobile-ready.\",\"potentialAction\":[{\"@type\":\"SearchAction\",\"target\":{\"@type\":\"EntryPoint\",\"urlTemplate\":\"https:\/\/allwintheme.com\/?s={search_term_string}\"},\"query-input\":{\"@type\":\"PropertyValueSpecification\",\"valueRequired\":true,\"valueName\":\"search_term_string\"}}],\"inLanguage\":\"es-CL\"}]}<\/script>\n<!-- \/ Yoast SEO Premium plugin. -->","yoast_head_json":{"title":"Revoluci\u00f3n deslizante: Dynamic WordPress Sliders - AllWin Theme - Free WordPress Themes Descargar","description":"Cree deslizadores impresionantes con Slider Revolution para WordPress. Dise\u00f1a f\u00e1cilmente presentaciones din\u00e1micas con im\u00e1genes, v\u00eddeos, texto y animaciones.","robots":{"index":"index","follow":"follow","max-snippet":"max-snippet:-1","max-image-preview":"max-image-preview:large","max-video-preview":"max-video-preview:-1"},"canonical":"https:\/\/allwintheme.com\/es\/producto\/slider-revolution-2\/","og_locale":"es_ES","og_type":"article","og_title":"Slider Revolution: Dynamic WordPress Sliders","og_description":"Create stunning sliders with Slider Revolution for WordPress. Easily design dynamic slideshows with images, videos, text, and animations.","og_url":"https:\/\/allwintheme.com\/es\/producto\/slider-revolution-2\/","og_site_name":"AllWin Theme \u2013 Free WordPress Themes Download","article_modified_time":"2025-09-25T15:38:34+00:00","og_image":[{"width":768,"height":432,"url":"https:\/\/allwintheme.com\/wp-content\/uploads\/2025\/09\/v0xtqgji.png","type":"image\/png"}],"twitter_card":"summary_large_image","twitter_misc":{"Tiempo estimado de lectura":"2 minutos"},"schema":{"@context":"https:\/\/schema.org","@graph":[{"@type":"WebPage","@id":"https:\/\/allwintheme.com\/product\/slider-revolution-2\/","url":"https:\/\/allwintheme.com\/product\/slider-revolution-2\/","name":"Revoluci\u00f3n deslizante: Dynamic WordPress Sliders - AllWin Theme - Free WordPress Themes Descargar","isPartOf":{"@id":"https:\/\/allwintheme.com\/#website"},"primaryImageOfPage":{"@id":"https:\/\/allwintheme.com\/product\/slider-revolution-2\/#primaryimage"},"image":{"@id":"https:\/\/allwintheme.com\/product\/slider-revolution-2\/#primaryimage"},"thumbnailUrl":"https:\/\/allwintheme.com\/wp-content\/uploads\/2025\/09\/v0xtqgji.png","datePublished":"2025-09-25T14:43:39+00:00","dateModified":"2025-09-25T15:38:34+00:00","description":"Cree deslizadores impresionantes con Slider Revolution para WordPress. Dise\u00f1a f\u00e1cilmente presentaciones din\u00e1micas con im\u00e1genes, v\u00eddeos, texto y animaciones.","breadcrumb":{"@id":"https:\/\/allwintheme.com\/product\/slider-revolution-2\/#breadcrumb"},"inLanguage":"es-CL","potentialAction":[{"@type":"ReadAction","target":["https:\/\/allwintheme.com\/product\/slider-revolution-2\/"]}]},{"@type":"ImageObject","inLanguage":"es-CL","@id":"https:\/\/allwintheme.com\/product\/slider-revolution-2\/#primaryimage","url":"https:\/\/allwintheme.com\/wp-content\/uploads\/2025\/09\/v0xtqgji.png","contentUrl":"https:\/\/allwintheme.com\/wp-content\/uploads\/2025\/09\/v0xtqgji.png","width":768,"height":432,"caption":"Slider Revolution"},{"@type":"BreadcrumbList","@id":"https:\/\/allwintheme.com\/product\/slider-revolution-2\/#breadcrumb","itemListElement":[{"@type":"ListItem","position":1,"name":"Home","item":"https:\/\/allwintheme.com\/"},{"@type":"ListItem","position":2,"name":"Shop","item":"https:\/\/allwintheme.com\/shop\/"},{"@type":"ListItem","position":3,"name":"Slider Revolution: Dynamic WordPress Sliders"}]},{"@type":"WebSite","@id":"https:\/\/allwintheme.com\/#website","url":"https:\/\/allwintheme.com\/","name":"Allwintheme","description":"Descarga gratis temas de WordPress para todos los nichos. Blogs, negocios, comercio electr\u00f3nico, portafolio, restaurante y m\u00e1s. Todos los temas tienen licencia GPL y est\u00e1n preparados para dispositivos m\u00f3viles.","potentialAction":[{"@type":"SearchAction","target":{"@type":"EntryPoint","urlTemplate":"https:\/\/allwintheme.com\/?s={search_term_string}"},"query-input":{"@type":"PropertyValueSpecification","valueRequired":true,"valueName":"search_term_string"}}],"inLanguage":"es-CL"}]}},"_links":{"self":[{"href":"https:\/\/allwintheme.com\/es\/wp-json\/wp\/v2\/product\/8178","targetHints":{"allow":["GET"]}}],"collection":[{"href":"https:\/\/allwintheme.com\/es\/wp-json\/wp\/v2\/product"}],"about":[{"href":"https:\/\/allwintheme.com\/es\/wp-json\/wp\/v2\/types\/product"}],"replies":[{"embeddable":true,"href":"https:\/\/allwintheme.com\/es\/wp-json\/wp\/v2\/comments?post=8178"}],"version-history":[{"count":0,"href":"https:\/\/allwintheme.com\/es\/wp-json\/wp\/v2\/product\/8178\/revisions"}],"wp:featuredmedia":[{"embeddable":true,"href":"https:\/\/allwintheme.com\/es\/wp-json\/wp\/v2\/media\/8179"}],"wp:attachment":[{"href":"https:\/\/allwintheme.com\/es\/wp-json\/wp\/v2\/media?parent=8178"}],"wp:term":[{"taxonomy":"product_brand","embeddable":true,"href":"https:\/\/allwintheme.com\/es\/wp-json\/wp\/v2\/product_brand?post=8178"},{"taxonomy":"product_cat","embeddable":true,"href":"https:\/\/allwintheme.com\/es\/wp-json\/wp\/v2\/product_cat?post=8178"},{"taxonomy":"product_tag","embeddable":true,"href":"https:\/\/allwintheme.com\/es\/wp-json\/wp\/v2\/product_tag?post=8178"}],"curies":[{"name":"wp","href":"https:\/\/api.w.org\/{rel}","templated":true}]}}